{"id":105085,"date":"2020-01-03T10:38:48","date_gmt":"2020-01-03T09:38:48","guid":{"rendered":"https:\/\/tourtravelandmore.com\/tours\/non%20class\u00e9\/visite-privee-de-nizwa-bahla-fort-de-jabrin-au-depart-de-mascate\/"},"modified":"2021-03-23T21:04:13","modified_gmt":"2021-03-23T20:04:13","slug":"visite-privee-de-nizwa-bahla-fort-de-jabrin-au-depart-de-mascate","status":"publish","type":"product","link":"https:\/\/tourtravelandmore.com\/fr\/tours\/oman-fr\/muscat-fr\/visite-privee-de-nizwa-bahla-fort-de-jabrin-au-depart-de-mascate\/","title":{"rendered":"Visite priv\u00e9e de Nizwa, Bahla, fort de Jabrin au d\u00e9part de Mascate"},"content":{"rendered":"<h2>Description<\/h2>\n<p>Profitez de cette excursion priv\u00e9e d&#8217;une journ\u00e9e avec votre propre chauffeur priv\u00e9 et guide officiel. Explorez les villes anim\u00e9es de Nizwa et Bahla. Pr\u00e9parez-vous \u00e0 l&#8217;explorer avec notre visite priv\u00e9e de Nizwa, Bahla, le fort de Jabrin au d\u00e9part de Mascate.<\/p>\n<p>Nous viendrons vous chercher \u00e0 votre h\u00f4tel ou lieu de votre choix (h\u00f4tel, port de croisi\u00e8re, a\u00e9roport ou appartement) \u00e0 Mascate. Nous pouvons vous emmener dans cette visite priv\u00e9e, avec votre propre chauffeur et guide \u00e0 Nizwa et Bahla. Faites-nous savoir o\u00f9 vous souhaitez que nous venons vous chercher et nous organiserons la prise en charge correspondante!<\/p>\n<p>L&#8217;\u00e9quipe de Tour Travel &amp; More vous aidera \u00e0 concevoir votre visite de la meilleure fa\u00e7on qui corresponde \u00e0 vos propres int\u00e9r\u00eats et go\u00fbts.<\/p>\n<h2>Sites d&#8217;int\u00e9r\u00eat et monuments<\/h2>\n<p>Au cours de votre visite priv\u00e9e de 8 heures, vous d\u00e9couvrirez certains des sites les plus embl\u00e9matiques de Nizwa et Bahla avec votre expert local.<\/p>\n<p>Une fois que nous avons commenc\u00e9 la visite \u00e0 Mascate, nous vous proposons de visiter, entre autres sites:<\/p>\n<p><strong>Vieux souk de Nizwa<\/strong><br \/>\nD\u00e9couvrez l&#8217;un des march\u00e9s les plus importants d&#8217;Oman et d\u00e9couvrez la culture du golfe. C\u00e9l\u00e8bre pour son artisanat et ses produits agricoles, ce souk propose une grande vari\u00e9t\u00e9 de produits, de la nourriture et des \u00e9pices aux bijoux en argent et en or. Faites partie de la tradition persane dans ce march\u00e9 unique situ\u00e9 au milieu du d\u00e9sert.<\/p>\n<p><strong>Fort de Nizwa<\/strong><br \/>\nCette construction est le monument le plus visit\u00e9 d&#8217;Oman, construit en 1850 et propri\u00e9taire d&#8217;une structure du 12\u00e8me si\u00e8cle, ce fort repr\u00e9sente la fa\u00e7on dont le peuple omanais vivait dans l&#8217;Antiquit\u00e9. La forme cylindrique de sa tour principale, ses sept murs et sa prison rendent ce fort unique. Apprenez \u00e0 conna\u00eetre en profondeur ce patrimoine vivant de la culture omanaise.<\/p>\n<h4>D\u00e9couvrez ce que la visite vous offrira d&#8217;autre &#8230;<\/h4>\n<p><strong>Fort de Bahla<\/strong><br \/>\nOn pense que cette \u00e9dification a \u00e9t\u00e9 construite entre le 12\u00e8me et le 15\u00e8me si\u00e8cle par la tribu Banu Nebhan. D\u00e9clar\u00e9 site du patrimoine mondial de l&#8217;UNESCO en 1987, c&#8217;est un \u00e9chantillon restant d&#8217;une colonie fortifi\u00e9e de la p\u00e9riode islamique m\u00e9di\u00e9vale, r\u00e9v\u00e9lant les comp\u00e9tences en ing\u00e9nierie de l&#8217;eau des premiers habitants. Voyagez dans le temps avec cette \u00e9tonnante forteresse.<\/p>\n<p><strong>Ch\u00e2teau de Jibreen<\/strong><br \/>\nLe ch\u00e2teau a \u00e9t\u00e9 construit par l&#8217;imam Bel\u2019arab bin Sultan Al Yarubi en 1675, une \u00e9poque de paix \u00e0 Oman, et il est devenu un important centre d&#8217;apprentissage pour l&#8217;astrologie, la m\u00e9decine et la loi islamique. Explorez les diff\u00e9rentes pi\u00e8ces du ch\u00e2teau, ses c\u00e9l\u00e8bres plafonds peints et d\u00e9couvrez la salle des chuchotements, o\u00f9 l&#8217;Imam a tenu ses discussions les plus secr\u00e8tes.<\/p>\n<p>Ne manquez pas cette chance de conna\u00eetre le meilleur de ces circuits! C&#8217;est une exp\u00e9rience formidable avec notre visite priv\u00e9e de Nizwa, Bahla, le fort de Jabrin au d\u00e9part de Mascate.<\/p>\n<p>Vous voulez d&#8217;autres id\u00e9es de visites priv\u00e9es \u00e0 Mascate? D\u00e9couvrez-le en cliquant ici!<\/p>\n","protected":false},"excerpt":{"rendered":"<p>Visite priv\u00e9e de Nizwa, Bahla, le fort de Jabrin au d\u00e9part de Mascate pour explorer les villes anim\u00e9es, ses merveilleux ch\u00e2teaux, ses march\u00e9s persans traditionnels et bien plus encore<\/p>\n","protected":false},"featured_media":96932,"comment_status":"open","ping_status":"closed","template":"","meta":{"_acf_changed":false},"product_brand":[],"product_cat":[3724,3823,3547],"product_tag":[],"class_list":{"0":"post-105085","1":"product","2":"type-product","3":"status-publish","4":"has-post-thumbnail","6":"product_cat-oman-fr","7":"product_cat-muscat-fr","8":"product_cat-etats-unis-fr","10":"first","11":"instock","12":"shipping-taxable","13":"purchasable","14":"product-type-simple"},"acf":[],"yoast_head":"<!-- This site is optimized with the Yoast SEO Premium plugin v25.3.1 (Yoast SEO v25.3.1) - https:\/\/yoast.com\/wordpress\/plugins\/seo\/ -->\n<title>Visite priv\u00e9e de Nizwa au d\u00e9part de Mascate - VISITE PRIV\u00c9E MUSCAT<\/title>\n<meta name=\"description\" content=\"Visite priv\u00e9e de Nizwa, Bahla, le fort de Jabrin au d\u00e9part de Mascate pour explorer les villes anim\u00e9es, ses merveilleux ch\u00e2teaux, ses march\u00e9s persans traditionnels et bien plus encore\" \/>\n<meta name=\"robots\" content=\"index, follow, max-snippet:-1, max-image-preview:large, max-video-preview:-1\" \/>\n<link rel=\"canonical\" href=\"https:\/\/tourtravelandmore.com\/fr\/tours\/oman-fr\/muscat-fr\/visite-privee-de-nizwa-bahla-fort-de-jabrin-au-depart-de-mascate\/\" \/>\n<meta property=\"og:locale\" content=\"fr_FR\" \/>\n<meta property=\"og:type\" content=\"article\" \/>\n<meta property=\"og:title\" content=\"Visite priv\u00e9e de Nizwa, Bahla, fort de Jabrin au d\u00e9part de Mascate\" \/>\n<meta property=\"og:description\" content=\"Visite priv\u00e9e de Nizwa, Bahla, le fort de Jabrin au d\u00e9part de Mascate pour explorer les villes anim\u00e9es, ses merveilleux ch\u00e2teaux, ses march\u00e9s persans traditionnels et bien plus encore\" \/>\n<meta property=\"og:url\" content=\"https:\/\/tourtravelandmore.com\/fr\/tours\/oman-fr\/muscat-fr\/visite-privee-de-nizwa-bahla-fort-de-jabrin-au-depart-de-mascate\/\" \/>\n<meta property=\"og:site_name\" content=\"Tour Travel And More\" \/>\n<meta property=\"article:publisher\" content=\"https:\/\/www.facebook.com\/tourtravelandmore\/\" \/>\n<meta property=\"article:modified_time\" content=\"2021-03-23T20:04:13+00:00\" \/>\n<meta property=\"og:image\" content=\"https:\/\/tourtravelandmore.com\/wp-content\/uploads\/2020\/01\/mu13.jpg\" \/>\n\t<meta property=\"og:image:width\" content=\"1024\" \/>\n\t<meta property=\"og:image:height\" content=\"768\" \/>\n\t<meta property=\"og:image:type\" content=\"image\/jpeg\" \/>\n<meta name=\"twitter:card\" content=\"summary_large_image\" \/>\n<meta name=\"twitter:site\" content=\"@TourTravel_More\" \/>\n<meta name=\"twitter:label1\" content=\"Dur\u00e9e de lecture estim\u00e9e\" \/>\n\t<meta name=\"twitter:data1\" content=\"3 minutes\" \/>\n<script type=\"application\/ld+json\" class=\"yoast-schema-graph\">{\"@context\":\"https:\/\/schema.org\",\"@graph\":[{\"@type\":\"WebPage\",\"@id\":\"https:\/\/tourtravelandmore.com\/fr\/tours\/oman-fr\/muscat-fr\/visite-privee-de-nizwa-bahla-fort-de-jabrin-au-depart-de-mascate\/\",\"url\":\"https:\/\/tourtravelandmore.com\/fr\/tours\/oman-fr\/muscat-fr\/visite-privee-de-nizwa-bahla-fort-de-jabrin-au-depart-de-mascate\/\",\"name\":\"Visite priv\u00e9e de Nizwa au d\u00e9part de Mascate - VISITE PRIV\u00c9E MUSCAT\",\"isPartOf\":{\"@id\":\"https:\/\/tourtravelandmore.com\/fr\/#website\"},\"primaryImageOfPage\":{\"@id\":\"https:\/\/tourtravelandmore.com\/fr\/tours\/oman-fr\/muscat-fr\/visite-privee-de-nizwa-bahla-fort-de-jabrin-au-depart-de-mascate\/#primaryimage\"},\"image\":{\"@id\":\"https:\/\/tourtravelandmore.com\/fr\/tours\/oman-fr\/muscat-fr\/visite-privee-de-nizwa-bahla-fort-de-jabrin-au-depart-de-mascate\/#primaryimage\"},\"thumbnailUrl\":\"https:\/\/tourtravelandmore.com\/wp-content\/uploads\/2020\/01\/mu13.jpg\",\"datePublished\":\"2020-01-03T09:38:48+00:00\",\"dateModified\":\"2021-03-23T20:04:13+00:00\",\"description\":\"Visite priv\u00e9e de Nizwa, Bahla, le fort de Jabrin au d\u00e9part de Mascate pour explorer les villes anim\u00e9es, ses merveilleux ch\u00e2teaux, ses march\u00e9s persans traditionnels et bien plus encore\",\"breadcrumb\":{\"@id\":\"https:\/\/tourtravelandmore.com\/fr\/tours\/oman-fr\/muscat-fr\/visite-privee-de-nizwa-bahla-fort-de-jabrin-au-depart-de-mascate\/#breadcrumb\"},\"inLanguage\":\"fr-FR\",\"potentialAction\":[{\"@type\":\"ReadAction\",\"target\":[\"https:\/\/tourtravelandmore.com\/fr\/tours\/oman-fr\/muscat-fr\/visite-privee-de-nizwa-bahla-fort-de-jabrin-au-depart-de-mascate\/\"]}]},{\"@type\":\"ImageObject\",\"inLanguage\":\"fr-FR\",\"@id\":\"https:\/\/tourtravelandmore.com\/fr\/tours\/oman-fr\/muscat-fr\/visite-privee-de-nizwa-bahla-fort-de-jabrin-au-depart-de-mascate\/#primaryimage\",\"url\":\"https:\/\/tourtravelandmore.com\/wp-content\/uploads\/2020\/01\/mu13.jpg\",\"contentUrl\":\"https:\/\/tourtravelandmore.com\/wp-content\/uploads\/2020\/01\/mu13.jpg\",\"width\":1024,\"height\":768},{\"@type\":\"BreadcrumbList\",\"@id\":\"https:\/\/tourtravelandmore.com\/fr\/tours\/oman-fr\/muscat-fr\/visite-privee-de-nizwa-bahla-fort-de-jabrin-au-depart-de-mascate\/#breadcrumb\",\"itemListElement\":[{\"@type\":\"ListItem\",\"position\":1,\"name\":\"Home\",\"item\":\"https:\/\/tourtravelandmore.com\/fr\/\"},{\"@type\":\"ListItem\",\"position\":2,\"name\":\"Tours\",\"item\":\"https:\/\/tourtravelandmore.com\/fr\/tours\/\"},{\"@type\":\"ListItem\",\"position\":3,\"name\":\"Visite priv\u00e9e de Nizwa, Bahla, fort de Jabrin au d\u00e9part de Mascate\"}]},{\"@type\":\"WebSite\",\"@id\":\"https:\/\/tourtravelandmore.com\/fr\/#website\",\"url\":\"https:\/\/tourtravelandmore.com\/fr\/\",\"name\":\"Tour Travel And More\",\"description\":\"Private sightseeing tours and luxury transfers in Spain\",\"publisher\":{\"@id\":\"https:\/\/tourtravelandmore.com\/fr\/#organization\"},\"potentialAction\":[{\"@type\":\"SearchAction\",\"target\":{\"@type\":\"EntryPoint\",\"urlTemplate\":\"https:\/\/tourtravelandmore.com\/fr\/?s={search_term_string}\"},\"query-input\":{\"@type\":\"PropertyValueSpecification\",\"valueRequired\":true,\"valueName\":\"search_term_string\"}}],\"inLanguage\":\"fr-FR\"},{\"@type\":\"Organization\",\"@id\":\"https:\/\/tourtravelandmore.com\/fr\/#organization\",\"name\":\"Tour Travel And More\",\"url\":\"https:\/\/tourtravelandmore.com\/fr\/\",\"logo\":{\"@type\":\"ImageObject\",\"inLanguage\":\"fr-FR\",\"@id\":\"https:\/\/tourtravelandmore.com\/fr\/#\/schema\/logo\/image\/\",\"url\":\"https:\/\/tourtravelandmore.com\/wp-content\/uploads\/2022\/12\/cropped-logo-cabecera-new.png\",\"contentUrl\":\"https:\/\/tourtravelandmore.com\/wp-content\/uploads\/2022\/12\/cropped-logo-cabecera-new.png\",\"width\":430,\"height\":61,\"caption\":\"Tour Travel And More\"},\"image\":{\"@id\":\"https:\/\/tourtravelandmore.com\/fr\/#\/schema\/logo\/image\/\"},\"sameAs\":[\"https:\/\/www.facebook.com\/tourtravelandmore\/\",\"https:\/\/x.com\/TourTravel_More\"]}]}<\/script>\n<!-- \/ Yoast SEO Premium plugin. -->","yoast_head_json":{"title":"Visite priv\u00e9e de Nizwa au d\u00e9part de Mascate - VISITE PRIV\u00c9E MUSCAT","description":"Visite priv\u00e9e de Nizwa, Bahla, le fort de Jabrin au d\u00e9part de Mascate pour explorer les villes anim\u00e9es, ses merveilleux ch\u00e2teaux, ses march\u00e9s persans traditionnels et bien plus encore","robots":{"index":"index","follow":"follow","max-snippet":"max-snippet:-1","max-image-preview":"max-image-preview:large","max-video-preview":"max-video-preview:-1"},"canonical":"https:\/\/tourtravelandmore.com\/fr\/tours\/oman-fr\/muscat-fr\/visite-privee-de-nizwa-bahla-fort-de-jabrin-au-depart-de-mascate\/","og_locale":"fr_FR","og_type":"article","og_title":"Visite priv\u00e9e de Nizwa, Bahla, fort de Jabrin au d\u00e9part de Mascate","og_description":"Visite priv\u00e9e de Nizwa, Bahla, le fort de Jabrin au d\u00e9part de Mascate pour explorer les villes anim\u00e9es, ses merveilleux ch\u00e2teaux, ses march\u00e9s persans traditionnels et bien plus encore","og_url":"https:\/\/tourtravelandmore.com\/fr\/tours\/oman-fr\/muscat-fr\/visite-privee-de-nizwa-bahla-fort-de-jabrin-au-depart-de-mascate\/","og_site_name":"Tour Travel And More","article_publisher":"https:\/\/www.facebook.com\/tourtravelandmore\/","article_modified_time":"2021-03-23T20:04:13+00:00","og_image":[{"width":1024,"height":768,"url":"https:\/\/tourtravelandmore.com\/wp-content\/uploads\/2020\/01\/mu13.jpg","type":"image\/jpeg"}],"twitter_card":"summary_large_image","twitter_site":"@TourTravel_More","twitter_misc":{"Dur\u00e9e de lecture estim\u00e9e":"3 minutes"},"schema":{"@context":"https:\/\/schema.org","@graph":[{"@type":"WebPage","@id":"https:\/\/tourtravelandmore.com\/fr\/tours\/oman-fr\/muscat-fr\/visite-privee-de-nizwa-bahla-fort-de-jabrin-au-depart-de-mascate\/","url":"https:\/\/tourtravelandmore.com\/fr\/tours\/oman-fr\/muscat-fr\/visite-privee-de-nizwa-bahla-fort-de-jabrin-au-depart-de-mascate\/","name":"Visite priv\u00e9e de Nizwa au d\u00e9part de Mascate - VISITE PRIV\u00c9E MUSCAT","isPartOf":{"@id":"https:\/\/tourtravelandmore.com\/fr\/#website"},"primaryImageOfPage":{"@id":"https:\/\/tourtravelandmore.com\/fr\/tours\/oman-fr\/muscat-fr\/visite-privee-de-nizwa-bahla-fort-de-jabrin-au-depart-de-mascate\/#primaryimage"},"image":{"@id":"https:\/\/tourtravelandmore.com\/fr\/tours\/oman-fr\/muscat-fr\/visite-privee-de-nizwa-bahla-fort-de-jabrin-au-depart-de-mascate\/#primaryimage"},"thumbnailUrl":"https:\/\/tourtravelandmore.com\/wp-content\/uploads\/2020\/01\/mu13.jpg","datePublished":"2020-01-03T09:38:48+00:00","dateModified":"2021-03-23T20:04:13+00:00","description":"Visite priv\u00e9e de Nizwa, Bahla, le fort de Jabrin au d\u00e9part de Mascate pour explorer les villes anim\u00e9es, ses merveilleux ch\u00e2teaux, ses march\u00e9s persans traditionnels et bien plus encore","breadcrumb":{"@id":"https:\/\/tourtravelandmore.com\/fr\/tours\/oman-fr\/muscat-fr\/visite-privee-de-nizwa-bahla-fort-de-jabrin-au-depart-de-mascate\/#breadcrumb"},"inLanguage":"fr-FR","potentialAction":[{"@type":"ReadAction","target":["https:\/\/tourtravelandmore.com\/fr\/tours\/oman-fr\/muscat-fr\/visite-privee-de-nizwa-bahla-fort-de-jabrin-au-depart-de-mascate\/"]}]},{"@type":"ImageObject","inLanguage":"fr-FR","@id":"https:\/\/tourtravelandmore.com\/fr\/tours\/oman-fr\/muscat-fr\/visite-privee-de-nizwa-bahla-fort-de-jabrin-au-depart-de-mascate\/#primaryimage","url":"https:\/\/tourtravelandmore.com\/wp-content\/uploads\/2020\/01\/mu13.jpg","contentUrl":"https:\/\/tourtravelandmore.com\/wp-content\/uploads\/2020\/01\/mu13.jpg","width":1024,"height":768},{"@type":"BreadcrumbList","@id":"https:\/\/tourtravelandmore.com\/fr\/tours\/oman-fr\/muscat-fr\/visite-privee-de-nizwa-bahla-fort-de-jabrin-au-depart-de-mascate\/#breadcrumb","itemListElement":[{"@type":"ListItem","position":1,"name":"Home","item":"https:\/\/tourtravelandmore.com\/fr\/"},{"@type":"ListItem","position":2,"name":"Tours","item":"https:\/\/tourtravelandmore.com\/fr\/tours\/"},{"@type":"ListItem","position":3,"name":"Visite priv\u00e9e de Nizwa, Bahla, fort de Jabrin au d\u00e9part de Mascate"}]},{"@type":"WebSite","@id":"https:\/\/tourtravelandmore.com\/fr\/#website","url":"https:\/\/tourtravelandmore.com\/fr\/","name":"Tour Travel And More","description":"Private sightseeing tours and luxury transfers in Spain","publisher":{"@id":"https:\/\/tourtravelandmore.com\/fr\/#organization"},"potentialAction":[{"@type":"SearchAction","target":{"@type":"EntryPoint","urlTemplate":"https:\/\/tourtravelandmore.com\/fr\/?s={search_term_string}"},"query-input":{"@type":"PropertyValueSpecification","valueRequired":true,"valueName":"search_term_string"}}],"inLanguage":"fr-FR"},{"@type":"Organization","@id":"https:\/\/tourtravelandmore.com\/fr\/#organization","name":"Tour Travel And More","url":"https:\/\/tourtravelandmore.com\/fr\/","logo":{"@type":"ImageObject","inLanguage":"fr-FR","@id":"https:\/\/tourtravelandmore.com\/fr\/#\/schema\/logo\/image\/","url":"https:\/\/tourtravelandmore.com\/wp-content\/uploads\/2022\/12\/cropped-logo-cabecera-new.png","contentUrl":"https:\/\/tourtravelandmore.com\/wp-content\/uploads\/2022\/12\/cropped-logo-cabecera-new.png","width":430,"height":61,"caption":"Tour Travel And More"},"image":{"@id":"https:\/\/tourtravelandmore.com\/fr\/#\/schema\/logo\/image\/"},"sameAs":["https:\/\/www.facebook.com\/tourtravelandmore\/","https:\/\/x.com\/TourTravel_More"]}]}},"_links":{"self":[{"href":"https:\/\/tourtravelandmore.com\/fr\/wp-json\/wp\/v2\/product\/105085","targetHints":{"allow":["GET"]}}],"collection":[{"href":"https:\/\/tourtravelandmore.com\/fr\/wp-json\/wp\/v2\/product"}],"about":[{"href":"https:\/\/tourtravelandmore.com\/fr\/wp-json\/wp\/v2\/types\/product"}],"replies":[{"embeddable":true,"href":"https:\/\/tourtravelandmore.com\/fr\/wp-json\/wp\/v2\/comments?post=105085"}],"wp:featuredmedia":[{"embeddable":true,"href":"https:\/\/tourtravelandmore.com\/fr\/wp-json\/wp\/v2\/media\/96932"}],"wp:attachment":[{"href":"https:\/\/tourtravelandmore.com\/fr\/wp-json\/wp\/v2\/media?parent=105085"}],"wp:term":[{"taxonomy":"product_brand","embeddable":true,"href":"https:\/\/tourtravelandmore.com\/fr\/wp-json\/wp\/v2\/product_brand?post=105085"},{"taxonomy":"product_cat","embeddable":true,"href":"https:\/\/tourtravelandmore.com\/fr\/wp-json\/wp\/v2\/product_cat?post=105085"},{"taxonomy":"product_tag","embeddable":true,"href":"https:\/\/tourtravelandmore.com\/fr\/wp-json\/wp\/v2\/product_tag?post=105085"}],"curies":[{"name":"wp","href":"https:\/\/api.w.org\/{rel}","templated":true}]}}