{"id":105079,"date":"2020-01-02T13:18:56","date_gmt":"2020-01-02T12:18:56","guid":{"rendered":"https:\/\/tourtravelandmore.com\/tours\/non%20class\u00e9\/visite-privee-de-jebel-shams-au-depart-de-mascate\/"},"modified":"2021-03-23T21:02:33","modified_gmt":"2021-03-23T20:02:33","slug":"visite-privee-de-jebel-shams-au-depart-de-mascate","status":"publish","type":"product","link":"https:\/\/tourtravelandmore.com\/fr\/tours\/oman-fr\/muscat-fr\/visite-privee-de-jebel-shams-au-depart-de-mascate\/","title":{"rendered":"Visite priv\u00e9e de Jebel Shams au d\u00e9part de Mascate"},"content":{"rendered":"<h2>Description<\/h2>\n<p>Profitez de cette visite priv\u00e9e priv\u00e9e de Jebel Shams au d\u00e9part de Mascate avec votre propre chauffeur priv\u00e9 et guide officiel.<\/p>\n<p>Prenez le temps d&#8217;explorer les montagnes anim\u00e9es de Jebel Shams. Ayez notre chauffeur priv\u00e9 et notre guide officiel \u00e0 votre disposition pendant les 7 heures d&#8217;exp\u00e9rience.<\/p>\n<p>Cette exp\u00e9rience priv\u00e9e peut commencer depuis le lieu de votre choix \u00e0 Mascate. Cela peut provenir de l&#8217;h\u00f4tel, de l&#8217;a\u00e9roport ou de l&#8217;appartement. Nous pouvons \u00e9galement organiser une prise en charge priv\u00e9e depuis le port de croisi\u00e8re. Nous organiserons une prise en charge confortable et sans tracas pour vous.<\/p>\n<p>Laissez notre \u00e9quipe vous emmener dans cette exp\u00e9rience unique et d\u00e9couvrez le meilleur des Jebel Shams!<\/p>\n<h2>Sites d&#8217;int\u00e9r\u00eat et monuments<\/h2>\n<p>Tout d&#8217;abord, demandez \u00e0 notre chauffeur priv\u00e9 et \u00e0 notre guide de vous rencontrer \u00e0 votre h\u00f4tel ou lieu de votre choix \u00e0 Mascate. Nous partirons ensuite vers Jebel Shams.<\/p>\n<p>Au cours de votre visite priv\u00e9e de 7 heures, vous appr\u00e9cierez la beaut\u00e9 des montagnes d&#8217;Oman en d\u00e9couvrant le Jebel Shams, le plus haut sommet d&#8217;Oman.<\/p>\n<p>Le sommet est situ\u00e9 sur le Grand Canyon, avec une hauteur de 3000 m\u00e8tres au-dessus de la mer, et il est consid\u00e9r\u00e9 par les experts comme le meilleur paysage du pays.<\/p>\n<p>Vous go\u00fbterez \u00e9galement \u00e0 la saveur de la hauteur pendant que vous d\u00e9jeunez pr\u00e8s du bord des montagnes!<\/p>\n<p>Sur le chemin de ce monument \u00e0 couper le souffle, vous trouverez diff\u00e9rents villages, de Ghul avec ses ruines perses abandonn\u00e9es \u00e0 l&#8217;oued color\u00e9, c\u00e9l\u00e8bre pour ses dessins.<\/p>\n<p>Jetez un \u0153il \u00e0 nos visites priv\u00e9es \u00e0 Mascate d&#8217;ici!<\/p>\n","protected":false},"excerpt":{"rendered":"<p>Visite priv\u00e9e pour explorer les montagnes vibrantes de Jebel Shams, ses paysages merveilleux, sa hauteur \u00e9blouissante. Visite priv\u00e9e de Jebel Shams au d\u00e9part de Mascate.<\/p>\n","protected":false},"featured_media":92042,"comment_status":"open","ping_status":"closed","template":"","meta":{"_acf_changed":false},"product_brand":[],"product_cat":[3724,3823,3547],"product_tag":[],"class_list":{"0":"post-105079","1":"product","2":"type-product","3":"status-publish","4":"has-post-thumbnail","6":"product_cat-oman-fr","7":"product_cat-muscat-fr","8":"product_cat-etats-unis-fr","10":"first","11":"instock","12":"shipping-taxable","13":"purchasable","14":"product-type-simple"},"acf":[],"yoast_head":"<!-- This site is optimized with the Yoast SEO Premium plugin v25.3.1 (Yoast SEO v25.3.1) - https:\/\/yoast.com\/wordpress\/plugins\/seo\/ -->\n<title>Visite priv\u00e9e de Jebel Shams au d\u00e9part de Mascate - Visite priv\u00e9e et exclusive<\/title>\n<meta name=\"description\" content=\"Visite priv\u00e9e pour explorer les montagnes vibrantes de Jebel Shams, ses paysages merveilleux, sa hauteur \u00e9blouissante. Visite priv\u00e9e de Jebel Shams au d\u00e9part de Mascate.\" \/>\n<meta name=\"robots\" content=\"index, follow, max-snippet:-1, max-image-preview:large, max-video-preview:-1\" \/>\n<link rel=\"canonical\" href=\"https:\/\/tourtravelandmore.com\/fr\/tours\/oman-fr\/muscat-fr\/visite-privee-de-jebel-shams-au-depart-de-mascate\/\" \/>\n<meta property=\"og:locale\" content=\"fr_FR\" \/>\n<meta property=\"og:type\" content=\"article\" \/>\n<meta property=\"og:title\" content=\"Visite priv\u00e9e de Jebel Shams au d\u00e9part de Mascate\" \/>\n<meta property=\"og:description\" content=\"Visite priv\u00e9e pour explorer les montagnes vibrantes de Jebel Shams, ses paysages merveilleux, sa hauteur \u00e9blouissante. Visite priv\u00e9e de Jebel Shams au d\u00e9part de Mascate.\" \/>\n<meta property=\"og:url\" content=\"https:\/\/tourtravelandmore.com\/fr\/tours\/oman-fr\/muscat-fr\/visite-privee-de-jebel-shams-au-depart-de-mascate\/\" \/>\n<meta property=\"og:site_name\" content=\"Tour Travel And More\" \/>\n<meta property=\"article:publisher\" content=\"https:\/\/www.facebook.com\/tourtravelandmore\/\" \/>\n<meta property=\"article:modified_time\" content=\"2021-03-23T20:02:33+00:00\" \/>\n<meta property=\"og:image\" content=\"https:\/\/tourtravelandmore.com\/wp-content\/uploads\/2020\/01\/jabel-3.jpg\" \/>\n\t<meta property=\"og:image:width\" content=\"510\" \/>\n\t<meta property=\"og:image:height\" content=\"340\" \/>\n\t<meta property=\"og:image:type\" content=\"image\/jpeg\" \/>\n<meta name=\"twitter:card\" content=\"summary_large_image\" \/>\n<meta name=\"twitter:site\" content=\"@TourTravel_More\" \/>\n<meta name=\"twitter:label1\" content=\"Dur\u00e9e de lecture estim\u00e9e\" \/>\n\t<meta name=\"twitter:data1\" content=\"1 minute\" \/>\n<script type=\"application\/ld+json\" class=\"yoast-schema-graph\">{\"@context\":\"https:\/\/schema.org\",\"@graph\":[{\"@type\":\"WebPage\",\"@id\":\"https:\/\/tourtravelandmore.com\/fr\/tours\/oman-fr\/muscat-fr\/visite-privee-de-jebel-shams-au-depart-de-mascate\/\",\"url\":\"https:\/\/tourtravelandmore.com\/fr\/tours\/oman-fr\/muscat-fr\/visite-privee-de-jebel-shams-au-depart-de-mascate\/\",\"name\":\"Visite priv\u00e9e de Jebel Shams au d\u00e9part de Mascate - Visite priv\u00e9e et exclusive\",\"isPartOf\":{\"@id\":\"https:\/\/tourtravelandmore.com\/fr\/#website\"},\"primaryImageOfPage\":{\"@id\":\"https:\/\/tourtravelandmore.com\/fr\/tours\/oman-fr\/muscat-fr\/visite-privee-de-jebel-shams-au-depart-de-mascate\/#primaryimage\"},\"image\":{\"@id\":\"https:\/\/tourtravelandmore.com\/fr\/tours\/oman-fr\/muscat-fr\/visite-privee-de-jebel-shams-au-depart-de-mascate\/#primaryimage\"},\"thumbnailUrl\":\"https:\/\/tourtravelandmore.com\/wp-content\/uploads\/2020\/01\/jabel-3.jpg\",\"datePublished\":\"2020-01-02T12:18:56+00:00\",\"dateModified\":\"2021-03-23T20:02:33+00:00\",\"description\":\"Visite priv\u00e9e pour explorer les montagnes vibrantes de Jebel Shams, ses paysages merveilleux, sa hauteur \u00e9blouissante. Visite priv\u00e9e de Jebel Shams au d\u00e9part de Mascate.\",\"breadcrumb\":{\"@id\":\"https:\/\/tourtravelandmore.com\/fr\/tours\/oman-fr\/muscat-fr\/visite-privee-de-jebel-shams-au-depart-de-mascate\/#breadcrumb\"},\"inLanguage\":\"fr-FR\",\"potentialAction\":[{\"@type\":\"ReadAction\",\"target\":[\"https:\/\/tourtravelandmore.com\/fr\/tours\/oman-fr\/muscat-fr\/visite-privee-de-jebel-shams-au-depart-de-mascate\/\"]}]},{\"@type\":\"ImageObject\",\"inLanguage\":\"fr-FR\",\"@id\":\"https:\/\/tourtravelandmore.com\/fr\/tours\/oman-fr\/muscat-fr\/visite-privee-de-jebel-shams-au-depart-de-mascate\/#primaryimage\",\"url\":\"https:\/\/tourtravelandmore.com\/wp-content\/uploads\/2020\/01\/jabel-3.jpg\",\"contentUrl\":\"https:\/\/tourtravelandmore.com\/wp-content\/uploads\/2020\/01\/jabel-3.jpg\",\"width\":510,\"height\":340},{\"@type\":\"BreadcrumbList\",\"@id\":\"https:\/\/tourtravelandmore.com\/fr\/tours\/oman-fr\/muscat-fr\/visite-privee-de-jebel-shams-au-depart-de-mascate\/#breadcrumb\",\"itemListElement\":[{\"@type\":\"ListItem\",\"position\":1,\"name\":\"Home\",\"item\":\"https:\/\/tourtravelandmore.com\/fr\/\"},{\"@type\":\"ListItem\",\"position\":2,\"name\":\"Tours\",\"item\":\"https:\/\/tourtravelandmore.com\/fr\/tours\/\"},{\"@type\":\"ListItem\",\"position\":3,\"name\":\"Visite priv\u00e9e de Jebel Shams au d\u00e9part de Mascate\"}]},{\"@type\":\"WebSite\",\"@id\":\"https:\/\/tourtravelandmore.com\/fr\/#website\",\"url\":\"https:\/\/tourtravelandmore.com\/fr\/\",\"name\":\"Tour Travel And More\",\"description\":\"Private sightseeing tours and luxury transfers in Spain\",\"publisher\":{\"@id\":\"https:\/\/tourtravelandmore.com\/fr\/#organization\"},\"potentialAction\":[{\"@type\":\"SearchAction\",\"target\":{\"@type\":\"EntryPoint\",\"urlTemplate\":\"https:\/\/tourtravelandmore.com\/fr\/?s={search_term_string}\"},\"query-input\":{\"@type\":\"PropertyValueSpecification\",\"valueRequired\":true,\"valueName\":\"search_term_string\"}}],\"inLanguage\":\"fr-FR\"},{\"@type\":\"Organization\",\"@id\":\"https:\/\/tourtravelandmore.com\/fr\/#organization\",\"name\":\"Tour Travel And More\",\"url\":\"https:\/\/tourtravelandmore.com\/fr\/\",\"logo\":{\"@type\":\"ImageObject\",\"inLanguage\":\"fr-FR\",\"@id\":\"https:\/\/tourtravelandmore.com\/fr\/#\/schema\/logo\/image\/\",\"url\":\"https:\/\/tourtravelandmore.com\/wp-content\/uploads\/2022\/12\/cropped-logo-cabecera-new.png\",\"contentUrl\":\"https:\/\/tourtravelandmore.com\/wp-content\/uploads\/2022\/12\/cropped-logo-cabecera-new.png\",\"width\":430,\"height\":61,\"caption\":\"Tour Travel And More\"},\"image\":{\"@id\":\"https:\/\/tourtravelandmore.com\/fr\/#\/schema\/logo\/image\/\"},\"sameAs\":[\"https:\/\/www.facebook.com\/tourtravelandmore\/\",\"https:\/\/x.com\/TourTravel_More\"]}]}<\/script>\n<!-- \/ Yoast SEO Premium plugin. -->","yoast_head_json":{"title":"Visite priv\u00e9e de Jebel Shams au d\u00e9part de Mascate - Visite priv\u00e9e et exclusive","description":"Visite priv\u00e9e pour explorer les montagnes vibrantes de Jebel Shams, ses paysages merveilleux, sa hauteur \u00e9blouissante. Visite priv\u00e9e de Jebel Shams au d\u00e9part de Mascate.","robots":{"index":"index","follow":"follow","max-snippet":"max-snippet:-1","max-image-preview":"max-image-preview:large","max-video-preview":"max-video-preview:-1"},"canonical":"https:\/\/tourtravelandmore.com\/fr\/tours\/oman-fr\/muscat-fr\/visite-privee-de-jebel-shams-au-depart-de-mascate\/","og_locale":"fr_FR","og_type":"article","og_title":"Visite priv\u00e9e de Jebel Shams au d\u00e9part de Mascate","og_description":"Visite priv\u00e9e pour explorer les montagnes vibrantes de Jebel Shams, ses paysages merveilleux, sa hauteur \u00e9blouissante. Visite priv\u00e9e de Jebel Shams au d\u00e9part de Mascate.","og_url":"https:\/\/tourtravelandmore.com\/fr\/tours\/oman-fr\/muscat-fr\/visite-privee-de-jebel-shams-au-depart-de-mascate\/","og_site_name":"Tour Travel And More","article_publisher":"https:\/\/www.facebook.com\/tourtravelandmore\/","article_modified_time":"2021-03-23T20:02:33+00:00","og_image":[{"width":510,"height":340,"url":"https:\/\/tourtravelandmore.com\/wp-content\/uploads\/2020\/01\/jabel-3.jpg","type":"image\/jpeg"}],"twitter_card":"summary_large_image","twitter_site":"@TourTravel_More","twitter_misc":{"Dur\u00e9e de lecture estim\u00e9e":"1 minute"},"schema":{"@context":"https:\/\/schema.org","@graph":[{"@type":"WebPage","@id":"https:\/\/tourtravelandmore.com\/fr\/tours\/oman-fr\/muscat-fr\/visite-privee-de-jebel-shams-au-depart-de-mascate\/","url":"https:\/\/tourtravelandmore.com\/fr\/tours\/oman-fr\/muscat-fr\/visite-privee-de-jebel-shams-au-depart-de-mascate\/","name":"Visite priv\u00e9e de Jebel Shams au d\u00e9part de Mascate - Visite priv\u00e9e et exclusive","isPartOf":{"@id":"https:\/\/tourtravelandmore.com\/fr\/#website"},"primaryImageOfPage":{"@id":"https:\/\/tourtravelandmore.com\/fr\/tours\/oman-fr\/muscat-fr\/visite-privee-de-jebel-shams-au-depart-de-mascate\/#primaryimage"},"image":{"@id":"https:\/\/tourtravelandmore.com\/fr\/tours\/oman-fr\/muscat-fr\/visite-privee-de-jebel-shams-au-depart-de-mascate\/#primaryimage"},"thumbnailUrl":"https:\/\/tourtravelandmore.com\/wp-content\/uploads\/2020\/01\/jabel-3.jpg","datePublished":"2020-01-02T12:18:56+00:00","dateModified":"2021-03-23T20:02:33+00:00","description":"Visite priv\u00e9e pour explorer les montagnes vibrantes de Jebel Shams, ses paysages merveilleux, sa hauteur \u00e9blouissante. Visite priv\u00e9e de Jebel Shams au d\u00e9part de Mascate.","breadcrumb":{"@id":"https:\/\/tourtravelandmore.com\/fr\/tours\/oman-fr\/muscat-fr\/visite-privee-de-jebel-shams-au-depart-de-mascate\/#breadcrumb"},"inLanguage":"fr-FR","potentialAction":[{"@type":"ReadAction","target":["https:\/\/tourtravelandmore.com\/fr\/tours\/oman-fr\/muscat-fr\/visite-privee-de-jebel-shams-au-depart-de-mascate\/"]}]},{"@type":"ImageObject","inLanguage":"fr-FR","@id":"https:\/\/tourtravelandmore.com\/fr\/tours\/oman-fr\/muscat-fr\/visite-privee-de-jebel-shams-au-depart-de-mascate\/#primaryimage","url":"https:\/\/tourtravelandmore.com\/wp-content\/uploads\/2020\/01\/jabel-3.jpg","contentUrl":"https:\/\/tourtravelandmore.com\/wp-content\/uploads\/2020\/01\/jabel-3.jpg","width":510,"height":340},{"@type":"BreadcrumbList","@id":"https:\/\/tourtravelandmore.com\/fr\/tours\/oman-fr\/muscat-fr\/visite-privee-de-jebel-shams-au-depart-de-mascate\/#breadcrumb","itemListElement":[{"@type":"ListItem","position":1,"name":"Home","item":"https:\/\/tourtravelandmore.com\/fr\/"},{"@type":"ListItem","position":2,"name":"Tours","item":"https:\/\/tourtravelandmore.com\/fr\/tours\/"},{"@type":"ListItem","position":3,"name":"Visite priv\u00e9e de Jebel Shams au d\u00e9part de Mascate"}]},{"@type":"WebSite","@id":"https:\/\/tourtravelandmore.com\/fr\/#website","url":"https:\/\/tourtravelandmore.com\/fr\/","name":"Tour Travel And More","description":"Private sightseeing tours and luxury transfers in Spain","publisher":{"@id":"https:\/\/tourtravelandmore.com\/fr\/#organization"},"potentialAction":[{"@type":"SearchAction","target":{"@type":"EntryPoint","urlTemplate":"https:\/\/tourtravelandmore.com\/fr\/?s={search_term_string}"},"query-input":{"@type":"PropertyValueSpecification","valueRequired":true,"valueName":"search_term_string"}}],"inLanguage":"fr-FR"},{"@type":"Organization","@id":"https:\/\/tourtravelandmore.com\/fr\/#organization","name":"Tour Travel And More","url":"https:\/\/tourtravelandmore.com\/fr\/","logo":{"@type":"ImageObject","inLanguage":"fr-FR","@id":"https:\/\/tourtravelandmore.com\/fr\/#\/schema\/logo\/image\/","url":"https:\/\/tourtravelandmore.com\/wp-content\/uploads\/2022\/12\/cropped-logo-cabecera-new.png","contentUrl":"https:\/\/tourtravelandmore.com\/wp-content\/uploads\/2022\/12\/cropped-logo-cabecera-new.png","width":430,"height":61,"caption":"Tour Travel And More"},"image":{"@id":"https:\/\/tourtravelandmore.com\/fr\/#\/schema\/logo\/image\/"},"sameAs":["https:\/\/www.facebook.com\/tourtravelandmore\/","https:\/\/x.com\/TourTravel_More"]}]}},"_links":{"self":[{"href":"https:\/\/tourtravelandmore.com\/fr\/wp-json\/wp\/v2\/product\/105079","targetHints":{"allow":["GET"]}}],"collection":[{"href":"https:\/\/tourtravelandmore.com\/fr\/wp-json\/wp\/v2\/product"}],"about":[{"href":"https:\/\/tourtravelandmore.com\/fr\/wp-json\/wp\/v2\/types\/product"}],"replies":[{"embeddable":true,"href":"https:\/\/tourtravelandmore.com\/fr\/wp-json\/wp\/v2\/comments?post=105079"}],"wp:featuredmedia":[{"embeddable":true,"href":"https:\/\/tourtravelandmore.com\/fr\/wp-json\/wp\/v2\/media\/92042"}],"wp:attachment":[{"href":"https:\/\/tourtravelandmore.com\/fr\/wp-json\/wp\/v2\/media?parent=105079"}],"wp:term":[{"taxonomy":"product_brand","embeddable":true,"href":"https:\/\/tourtravelandmore.com\/fr\/wp-json\/wp\/v2\/product_brand?post=105079"},{"taxonomy":"product_cat","embeddable":true,"href":"https:\/\/tourtravelandmore.com\/fr\/wp-json\/wp\/v2\/product_cat?post=105079"},{"taxonomy":"product_tag","embeddable":true,"href":"https:\/\/tourtravelandmore.com\/fr\/wp-json\/wp\/v2\/product_tag?post=105079"}],"curies":[{"name":"wp","href":"https:\/\/api.w.org\/{rel}","templated":true}]}}