{"id":105073,"date":"2019-12-31T13:54:24","date_gmt":"2019-12-31T12:54:24","guid":{"rendered":"https:\/\/tourtravelandmore.com\/tours\/non%20class\u00e9\/visite-privee-de-mascate-prise-en-charge-facultative-de-la-croisiere\/"},"modified":"2021-03-23T21:01:27","modified_gmt":"2021-03-23T20:01:27","slug":"visite-privee-de-mascate-prise-en-charge-facultative-de-la-croisiere","status":"publish","type":"product","link":"https:\/\/tourtravelandmore.com\/fr\/tours\/oman-fr\/muscat-fr\/visite-privee-de-mascate-prise-en-charge-facultative-de-la-croisiere\/","title":{"rendered":"Visite priv\u00e9e de Mascate &#8211; prise en charge facultative de la croisi\u00e8re"},"content":{"rendered":"<h2>Description<\/h2>\n<p>Profitez autant que possible de votre s\u00e9jour \u00e0 Mascate avec cette excursion priv\u00e9e \u00e0 terre dans la ville de Mascate. Cette visite priv\u00e9e de Mascate vous m\u00e8nera \u00e0 tous les sites uniques de la ville. Cela peut \u00eatre une excursion \u00e0 terre ou une visite de la ville.<\/p>\n<p>Vous d\u00e9couvrirez les endroits les plus embl\u00e9matiques et les plus beaux de cette ville merveilleuse, dans votre v\u00e9hicule de luxe priv\u00e9, avec un chauffeur priv\u00e9 et un guide touristique.<\/p>\n<p>La prise en charge peut se faire depuis votre h\u00f4tel ou le lieu de votre choix. Cela peut \u00eatre un h\u00f4tel ou le port de croisi\u00e8re. Nous pouvons organiser une excursion priv\u00e9e \u00e0 terre pour vous si vous le souhaitez. Contactez simplement nos experts en voyages!<\/p>\n<h2>Sites d&#8217;int\u00e9r\u00eat et monuments<\/h2>\n<p>Lors de votre visite priv\u00e9e de 4\/6\/8 heures, vous d\u00e9couvrirez certains des sites les plus embl\u00e9matiques de Mascate avec votre expert local. Une fois que nous avons commenc\u00e9 la visite \u00e0 Mascate, nous vous proposons de visiter, entre autres sites:<\/p>\n<p><strong>Grande Mosqu\u00e9e du Sultan Qaboos<\/strong><\/p>\n<p>Qaboos bin Said al Said, sultan d&#8217;Oman, a offert cette majestueuse pi\u00e8ce d&#8217;architecture au pays en 2001, apr\u00e8s six ans de construction. Construite sur du gr\u00e8s indien, cette mosqu\u00e9e peut recevoir plus de 20 000 fid\u00e8les et poss\u00e8de le deuxi\u00e8me plus grand tapis iranien tiss\u00e9 \u00e0 la main. La beaut\u00e9 des motifs de mosa\u00efque color\u00e9s vous coupera le souffle.<\/p>\n<p><strong>Palais et forts d&#8217;Al Alam<\/strong><\/p>\n<p>Situ\u00e9 dans le vieux Mascate, le palais Al Alam est le palais de c\u00e9r\u00e9monie du sultan d&#8217;Oman. Entour\u00e9 de deux forteresses portugaises du XVIe si\u00e8cle et d&#8217;un certain nombre d&#8217;autres b\u00e2timents gouvernementaux, il poss\u00e8de un design \u00e9l\u00e9gant mais humble qui repr\u00e9sente la culture omanaise. Profitez de la balade le long de ces sites embl\u00e9matiques.<\/p>\n<p><strong>Vieux Muscat<\/strong><\/p>\n<p>Cette ville caract\u00e9ristique est une brise fra\u00eeche du vieux charme arabe. S\u00e9par\u00e9 du Muscat moderne par des montagnes escarp\u00e9es et des remparts centenaires de 500 ans, vous ressentirez l&#8217;h\u00e9ritage d&#8217;Oman pendant que vous visiterez un souk ou que vous vous prom\u00e8nerez dans ses rues traditionnelles.<\/p>\n<h3>Continuons la route \u00e0 Mascate!<\/h3>\n<p><strong>Souk de Muttrah<\/strong><\/p>\n<p>Perdez-vous dans les couloirs de ce march\u00e9 arabe historique, achetez des antiquit\u00e9s indiennes et omanaises, des bijoux ou du textile, et vivez une exp\u00e9rience unique en essayant de n\u00e9gocier avec les vendeurs. Utilisez tous vos charmes pour obtenir le meilleur prix!<\/p>\n<p><strong>Mus\u00e9e Bait Al Zubair<\/strong><\/p>\n<p>Ce patrimoine vivant de la culture omanaise pr\u00e9sente une vaste collection d&#8217;armes anciennes, d&#8217;artisanat traditionnel, de pi\u00e8ces de monnaie et de timbres. Apprenez \u00e0 conna\u00eetre en profondeur cette culture antique lors de votre visite au mus\u00e9e.<\/p>\n<p><strong>Op\u00e9ra royal<\/strong><\/p>\n<p>Cette pi\u00e8ce unique de l&#8217;architecture omanaise est la maison de la musique et des arts classiques. Avec des performances de Pl\u00e1cido Domingo ou d&#8217;Andrea Bocelli, l&#8217;Op\u00e9ra est mondialement connu pour la grande qualit\u00e9 de ses spectacles. Dans les environs, vous trouverez des jardins paysagers, des march\u00e9s commerciaux avec des restaurants de luxe et un centre d&#8217;art pour les productions musicales et th\u00e9\u00e2trales.<\/p>\n<p>Jetez un \u0153il \u00e0 toutes nos autres visites priv\u00e9es de Mascate. Nous proposons des visites priv\u00e9es dans toutes les villes du monde!<\/p>\n","protected":false},"excerpt":{"rendered":"<p>Visite priv\u00e9e pour explorer la ville de Mascate. Visite priv\u00e9e de Mascate et ses merveilleuses mosqu\u00e9es, ses palais \u00e9blouissants, ses forts centenaires et bien plus encore.<\/p>\n","protected":false},"featured_media":96927,"comment_status":"open","ping_status":"closed","template":"","meta":{"_acf_changed":false},"product_brand":[],"product_cat":[3724,3823,3547],"product_tag":[],"class_list":{"0":"post-105073","1":"product","2":"type-product","3":"status-publish","4":"has-post-thumbnail","6":"product_cat-oman-fr","7":"product_cat-muscat-fr","8":"product_cat-etats-unis-fr","10":"first","11":"instock","12":"shipping-taxable","13":"purchasable","14":"product-type-simple"},"acf":[],"yoast_head":"<!-- This site is optimized with the Yoast SEO Premium plugin v25.3.1 (Yoast SEO v25.3.1) - https:\/\/yoast.com\/wordpress\/plugins\/seo\/ -->\n<title>Excursion priv\u00e9e \u00e0 terre \u00e0 Mascate - Visite priv\u00e9e de Mascate<\/title>\n<meta name=\"description\" content=\"Visite priv\u00e9e pour explorer la ville de Mascate. Visite priv\u00e9e de Mascate et ses merveilleuses mosqu\u00e9es, ses palais \u00e9blouissants, ses forts centenaires et bien plus encore.\" \/>\n<meta name=\"robots\" content=\"index, follow, max-snippet:-1, max-image-preview:large, max-video-preview:-1\" \/>\n<link rel=\"canonical\" href=\"https:\/\/tourtravelandmore.com\/fr\/tours\/oman-fr\/muscat-fr\/visite-privee-de-mascate-prise-en-charge-facultative-de-la-croisiere\/\" \/>\n<meta property=\"og:locale\" content=\"fr_FR\" \/>\n<meta property=\"og:type\" content=\"article\" \/>\n<meta property=\"og:title\" content=\"Visite priv\u00e9e de Mascate - prise en charge facultative de la croisi\u00e8re\" \/>\n<meta property=\"og:description\" content=\"Visite priv\u00e9e pour explorer la ville de Mascate. Visite priv\u00e9e de Mascate et ses merveilleuses mosqu\u00e9es, ses palais \u00e9blouissants, ses forts centenaires et bien plus encore.\" \/>\n<meta property=\"og:url\" content=\"https:\/\/tourtravelandmore.com\/fr\/tours\/oman-fr\/muscat-fr\/visite-privee-de-mascate-prise-en-charge-facultative-de-la-croisiere\/\" \/>\n<meta property=\"og:site_name\" content=\"Tour Travel And More\" \/>\n<meta property=\"article:publisher\" content=\"https:\/\/www.facebook.com\/tourtravelandmore\/\" \/>\n<meta property=\"article:modified_time\" content=\"2021-03-23T20:01:27+00:00\" \/>\n<meta property=\"og:image\" content=\"https:\/\/tourtravelandmore.com\/wp-content\/uploads\/2019\/12\/mu9.jpg\" \/>\n\t<meta property=\"og:image:width\" content=\"1500\" \/>\n\t<meta property=\"og:image:height\" content=\"1000\" \/>\n\t<meta property=\"og:image:type\" content=\"image\/jpeg\" \/>\n<meta name=\"twitter:card\" content=\"summary_large_image\" \/>\n<meta name=\"twitter:site\" content=\"@TourTravel_More\" \/>\n<meta name=\"twitter:label1\" content=\"Dur\u00e9e de lecture estim\u00e9e\" \/>\n\t<meta name=\"twitter:data1\" content=\"3 minutes\" \/>\n<script type=\"application\/ld+json\" class=\"yoast-schema-graph\">{\"@context\":\"https:\/\/schema.org\",\"@graph\":[{\"@type\":\"WebPage\",\"@id\":\"https:\/\/tourtravelandmore.com\/fr\/tours\/oman-fr\/muscat-fr\/visite-privee-de-mascate-prise-en-charge-facultative-de-la-croisiere\/\",\"url\":\"https:\/\/tourtravelandmore.com\/fr\/tours\/oman-fr\/muscat-fr\/visite-privee-de-mascate-prise-en-charge-facultative-de-la-croisiere\/\",\"name\":\"Excursion priv\u00e9e \u00e0 terre \u00e0 Mascate - Visite priv\u00e9e de Mascate\",\"isPartOf\":{\"@id\":\"https:\/\/tourtravelandmore.com\/fr\/#website\"},\"primaryImageOfPage\":{\"@id\":\"https:\/\/tourtravelandmore.com\/fr\/tours\/oman-fr\/muscat-fr\/visite-privee-de-mascate-prise-en-charge-facultative-de-la-croisiere\/#primaryimage\"},\"image\":{\"@id\":\"https:\/\/tourtravelandmore.com\/fr\/tours\/oman-fr\/muscat-fr\/visite-privee-de-mascate-prise-en-charge-facultative-de-la-croisiere\/#primaryimage\"},\"thumbnailUrl\":\"https:\/\/tourtravelandmore.com\/wp-content\/uploads\/2019\/12\/mu9.jpg\",\"datePublished\":\"2019-12-31T12:54:24+00:00\",\"dateModified\":\"2021-03-23T20:01:27+00:00\",\"description\":\"Visite priv\u00e9e pour explorer la ville de Mascate. Visite priv\u00e9e de Mascate et ses merveilleuses mosqu\u00e9es, ses palais \u00e9blouissants, ses forts centenaires et bien plus encore.\",\"breadcrumb\":{\"@id\":\"https:\/\/tourtravelandmore.com\/fr\/tours\/oman-fr\/muscat-fr\/visite-privee-de-mascate-prise-en-charge-facultative-de-la-croisiere\/#breadcrumb\"},\"inLanguage\":\"fr-FR\",\"potentialAction\":[{\"@type\":\"ReadAction\",\"target\":[\"https:\/\/tourtravelandmore.com\/fr\/tours\/oman-fr\/muscat-fr\/visite-privee-de-mascate-prise-en-charge-facultative-de-la-croisiere\/\"]}]},{\"@type\":\"ImageObject\",\"inLanguage\":\"fr-FR\",\"@id\":\"https:\/\/tourtravelandmore.com\/fr\/tours\/oman-fr\/muscat-fr\/visite-privee-de-mascate-prise-en-charge-facultative-de-la-croisiere\/#primaryimage\",\"url\":\"https:\/\/tourtravelandmore.com\/wp-content\/uploads\/2019\/12\/mu9.jpg\",\"contentUrl\":\"https:\/\/tourtravelandmore.com\/wp-content\/uploads\/2019\/12\/mu9.jpg\",\"width\":1500,\"height\":1000},{\"@type\":\"BreadcrumbList\",\"@id\":\"https:\/\/tourtravelandmore.com\/fr\/tours\/oman-fr\/muscat-fr\/visite-privee-de-mascate-prise-en-charge-facultative-de-la-croisiere\/#breadcrumb\",\"itemListElement\":[{\"@type\":\"ListItem\",\"position\":1,\"name\":\"Home\",\"item\":\"https:\/\/tourtravelandmore.com\/fr\/\"},{\"@type\":\"ListItem\",\"position\":2,\"name\":\"Tours\",\"item\":\"https:\/\/tourtravelandmore.com\/fr\/tours\/\"},{\"@type\":\"ListItem\",\"position\":3,\"name\":\"Visite priv\u00e9e de Mascate &#8211; prise en charge facultative de la croisi\u00e8re\"}]},{\"@type\":\"WebSite\",\"@id\":\"https:\/\/tourtravelandmore.com\/fr\/#website\",\"url\":\"https:\/\/tourtravelandmore.com\/fr\/\",\"name\":\"Tour Travel And More\",\"description\":\"Private sightseeing tours and luxury transfers in Spain\",\"publisher\":{\"@id\":\"https:\/\/tourtravelandmore.com\/fr\/#organization\"},\"potentialAction\":[{\"@type\":\"SearchAction\",\"target\":{\"@type\":\"EntryPoint\",\"urlTemplate\":\"https:\/\/tourtravelandmore.com\/fr\/?s={search_term_string}\"},\"query-input\":{\"@type\":\"PropertyValueSpecification\",\"valueRequired\":true,\"valueName\":\"search_term_string\"}}],\"inLanguage\":\"fr-FR\"},{\"@type\":\"Organization\",\"@id\":\"https:\/\/tourtravelandmore.com\/fr\/#organization\",\"name\":\"Tour Travel And More\",\"url\":\"https:\/\/tourtravelandmore.com\/fr\/\",\"logo\":{\"@type\":\"ImageObject\",\"inLanguage\":\"fr-FR\",\"@id\":\"https:\/\/tourtravelandmore.com\/fr\/#\/schema\/logo\/image\/\",\"url\":\"https:\/\/tourtravelandmore.com\/wp-content\/uploads\/2022\/12\/cropped-logo-cabecera-new.png\",\"contentUrl\":\"https:\/\/tourtravelandmore.com\/wp-content\/uploads\/2022\/12\/cropped-logo-cabecera-new.png\",\"width\":430,\"height\":61,\"caption\":\"Tour Travel And More\"},\"image\":{\"@id\":\"https:\/\/tourtravelandmore.com\/fr\/#\/schema\/logo\/image\/\"},\"sameAs\":[\"https:\/\/www.facebook.com\/tourtravelandmore\/\",\"https:\/\/x.com\/TourTravel_More\"]}]}<\/script>\n<!-- \/ Yoast SEO Premium plugin. -->","yoast_head_json":{"title":"Excursion priv\u00e9e \u00e0 terre \u00e0 Mascate - Visite priv\u00e9e de Mascate","description":"Visite priv\u00e9e pour explorer la ville de Mascate. Visite priv\u00e9e de Mascate et ses merveilleuses mosqu\u00e9es, ses palais \u00e9blouissants, ses forts centenaires et bien plus encore.","robots":{"index":"index","follow":"follow","max-snippet":"max-snippet:-1","max-image-preview":"max-image-preview:large","max-video-preview":"max-video-preview:-1"},"canonical":"https:\/\/tourtravelandmore.com\/fr\/tours\/oman-fr\/muscat-fr\/visite-privee-de-mascate-prise-en-charge-facultative-de-la-croisiere\/","og_locale":"fr_FR","og_type":"article","og_title":"Visite priv\u00e9e de Mascate - prise en charge facultative de la croisi\u00e8re","og_description":"Visite priv\u00e9e pour explorer la ville de Mascate. Visite priv\u00e9e de Mascate et ses merveilleuses mosqu\u00e9es, ses palais \u00e9blouissants, ses forts centenaires et bien plus encore.","og_url":"https:\/\/tourtravelandmore.com\/fr\/tours\/oman-fr\/muscat-fr\/visite-privee-de-mascate-prise-en-charge-facultative-de-la-croisiere\/","og_site_name":"Tour Travel And More","article_publisher":"https:\/\/www.facebook.com\/tourtravelandmore\/","article_modified_time":"2021-03-23T20:01:27+00:00","og_image":[{"width":1500,"height":1000,"url":"https:\/\/tourtravelandmore.com\/wp-content\/uploads\/2019\/12\/mu9.jpg","type":"image\/jpeg"}],"twitter_card":"summary_large_image","twitter_site":"@TourTravel_More","twitter_misc":{"Dur\u00e9e de lecture estim\u00e9e":"3 minutes"},"schema":{"@context":"https:\/\/schema.org","@graph":[{"@type":"WebPage","@id":"https:\/\/tourtravelandmore.com\/fr\/tours\/oman-fr\/muscat-fr\/visite-privee-de-mascate-prise-en-charge-facultative-de-la-croisiere\/","url":"https:\/\/tourtravelandmore.com\/fr\/tours\/oman-fr\/muscat-fr\/visite-privee-de-mascate-prise-en-charge-facultative-de-la-croisiere\/","name":"Excursion priv\u00e9e \u00e0 terre \u00e0 Mascate - Visite priv\u00e9e de Mascate","isPartOf":{"@id":"https:\/\/tourtravelandmore.com\/fr\/#website"},"primaryImageOfPage":{"@id":"https:\/\/tourtravelandmore.com\/fr\/tours\/oman-fr\/muscat-fr\/visite-privee-de-mascate-prise-en-charge-facultative-de-la-croisiere\/#primaryimage"},"image":{"@id":"https:\/\/tourtravelandmore.com\/fr\/tours\/oman-fr\/muscat-fr\/visite-privee-de-mascate-prise-en-charge-facultative-de-la-croisiere\/#primaryimage"},"thumbnailUrl":"https:\/\/tourtravelandmore.com\/wp-content\/uploads\/2019\/12\/mu9.jpg","datePublished":"2019-12-31T12:54:24+00:00","dateModified":"2021-03-23T20:01:27+00:00","description":"Visite priv\u00e9e pour explorer la ville de Mascate. Visite priv\u00e9e de Mascate et ses merveilleuses mosqu\u00e9es, ses palais \u00e9blouissants, ses forts centenaires et bien plus encore.","breadcrumb":{"@id":"https:\/\/tourtravelandmore.com\/fr\/tours\/oman-fr\/muscat-fr\/visite-privee-de-mascate-prise-en-charge-facultative-de-la-croisiere\/#breadcrumb"},"inLanguage":"fr-FR","potentialAction":[{"@type":"ReadAction","target":["https:\/\/tourtravelandmore.com\/fr\/tours\/oman-fr\/muscat-fr\/visite-privee-de-mascate-prise-en-charge-facultative-de-la-croisiere\/"]}]},{"@type":"ImageObject","inLanguage":"fr-FR","@id":"https:\/\/tourtravelandmore.com\/fr\/tours\/oman-fr\/muscat-fr\/visite-privee-de-mascate-prise-en-charge-facultative-de-la-croisiere\/#primaryimage","url":"https:\/\/tourtravelandmore.com\/wp-content\/uploads\/2019\/12\/mu9.jpg","contentUrl":"https:\/\/tourtravelandmore.com\/wp-content\/uploads\/2019\/12\/mu9.jpg","width":1500,"height":1000},{"@type":"BreadcrumbList","@id":"https:\/\/tourtravelandmore.com\/fr\/tours\/oman-fr\/muscat-fr\/visite-privee-de-mascate-prise-en-charge-facultative-de-la-croisiere\/#breadcrumb","itemListElement":[{"@type":"ListItem","position":1,"name":"Home","item":"https:\/\/tourtravelandmore.com\/fr\/"},{"@type":"ListItem","position":2,"name":"Tours","item":"https:\/\/tourtravelandmore.com\/fr\/tours\/"},{"@type":"ListItem","position":3,"name":"Visite priv\u00e9e de Mascate &#8211; prise en charge facultative de la croisi\u00e8re"}]},{"@type":"WebSite","@id":"https:\/\/tourtravelandmore.com\/fr\/#website","url":"https:\/\/tourtravelandmore.com\/fr\/","name":"Tour Travel And More","description":"Private sightseeing tours and luxury transfers in Spain","publisher":{"@id":"https:\/\/tourtravelandmore.com\/fr\/#organization"},"potentialAction":[{"@type":"SearchAction","target":{"@type":"EntryPoint","urlTemplate":"https:\/\/tourtravelandmore.com\/fr\/?s={search_term_string}"},"query-input":{"@type":"PropertyValueSpecification","valueRequired":true,"valueName":"search_term_string"}}],"inLanguage":"fr-FR"},{"@type":"Organization","@id":"https:\/\/tourtravelandmore.com\/fr\/#organization","name":"Tour Travel And More","url":"https:\/\/tourtravelandmore.com\/fr\/","logo":{"@type":"ImageObject","inLanguage":"fr-FR","@id":"https:\/\/tourtravelandmore.com\/fr\/#\/schema\/logo\/image\/","url":"https:\/\/tourtravelandmore.com\/wp-content\/uploads\/2022\/12\/cropped-logo-cabecera-new.png","contentUrl":"https:\/\/tourtravelandmore.com\/wp-content\/uploads\/2022\/12\/cropped-logo-cabecera-new.png","width":430,"height":61,"caption":"Tour Travel And More"},"image":{"@id":"https:\/\/tourtravelandmore.com\/fr\/#\/schema\/logo\/image\/"},"sameAs":["https:\/\/www.facebook.com\/tourtravelandmore\/","https:\/\/x.com\/TourTravel_More"]}]}},"_links":{"self":[{"href":"https:\/\/tourtravelandmore.com\/fr\/wp-json\/wp\/v2\/product\/105073","targetHints":{"allow":["GET"]}}],"collection":[{"href":"https:\/\/tourtravelandmore.com\/fr\/wp-json\/wp\/v2\/product"}],"about":[{"href":"https:\/\/tourtravelandmore.com\/fr\/wp-json\/wp\/v2\/types\/product"}],"replies":[{"embeddable":true,"href":"https:\/\/tourtravelandmore.com\/fr\/wp-json\/wp\/v2\/comments?post=105073"}],"wp:featuredmedia":[{"embeddable":true,"href":"https:\/\/tourtravelandmore.com\/fr\/wp-json\/wp\/v2\/media\/96927"}],"wp:attachment":[{"href":"https:\/\/tourtravelandmore.com\/fr\/wp-json\/wp\/v2\/media?parent=105073"}],"wp:term":[{"taxonomy":"product_brand","embeddable":true,"href":"https:\/\/tourtravelandmore.com\/fr\/wp-json\/wp\/v2\/product_brand?post=105073"},{"taxonomy":"product_cat","embeddable":true,"href":"https:\/\/tourtravelandmore.com\/fr\/wp-json\/wp\/v2\/product_cat?post=105073"},{"taxonomy":"product_tag","embeddable":true,"href":"https:\/\/tourtravelandmore.com\/fr\/wp-json\/wp\/v2\/product_tag?post=105073"}],"curies":[{"name":"wp","href":"https:\/\/api.w.org\/{rel}","templated":true}]}}