{"id":105067,"date":"2019-12-31T13:48:17","date_gmt":"2019-12-31T12:48:17","guid":{"rendered":"https:\/\/tourtravelandmore.com\/tours\/non%20class\u00e9\/transfert-prive-a-mascate\/"},"modified":"2021-03-23T21:00:14","modified_gmt":"2021-03-23T20:00:14","slug":"transfert-prive-a-mascate","status":"publish","type":"product","link":"https:\/\/tourtravelandmore.com\/fr\/tours\/oman-fr\/muscat-fr\/transfert-prive-a-mascate\/","title":{"rendered":"Transfert priv\u00e9 \u00e0 Mascate"},"content":{"rendered":"<h2>Description<\/h2>\n<p>Nous sommes l\u00e0 pour rendre votre exp\u00e9rience confortable. C&#8217;est pourquoi notre transfert priv\u00e9 \u00e0 Mascate est parfait pour vous.<\/p>\n<p>Contactez l&#8217;un de nos experts en voyages pour organiser tout type de transfert priv\u00e9 pour vous. Ce transfert priv\u00e9 peut \u00eatre de l&#8217;a\u00e9roport au centre-ville. Il peut \u00e9galement s&#8217;agir d&#8217;un transfert au restaurant ou d&#8217;un transfert priv\u00e9 vers tout autre endroit.<\/p>\n<p>Nos experts en voyages sont l\u00e0 pour organiser l&#8217;exp\u00e9rience priv\u00e9e parfaite pour vous.<\/p>\n<p>Pour notre transfert priv\u00e9 \u00e0 Mascate, nous ne limitons pas le nombre de bagages. Nous vous demandons de bien vouloir informer nos experts en voyages de la quantit\u00e9 de bagages dont vous disposerez. De cette fa\u00e7on, nous pouvons organiser le v\u00e9hicule priv\u00e9 correspondant et s&#8217;il y a des frais suppl\u00e9mentaires pour le changement de v\u00e9hicule, nous vous en informerons.<\/p>\n<p>Nous avons \u00e9galement des si\u00e8ges enfants \u00e0 votre disposition. Veuillez informer nos experts en voyages de l&#8217;\u00e2ge de votre enfant.<\/p>\n<h2>Sites d&#8217;int\u00e9r\u00eat et monuments<\/h2>\n<p>Muscat est la capitale de l&#8217;\u00c9tat d&#8217;Oman; il a une population d&#8217;environ 1.400.000 personnes. La ville est situ\u00e9e sur la c\u00f4te du golfe d&#8217;Oman \u00e0 c\u00f4t\u00e9 des montagnes occidentales d&#8217;Al Hajar. La ville offre une vari\u00e9t\u00e9 culturelle tr\u00e8s riche, elle est tr\u00e8s avant-gardiste et moderne, tout en gardant en m\u00eame temps son patrimoine et ses traditions uniques.<\/p>\n<p>Nous proposons des visites priv\u00e9es dans tout Mascate. Jetez un \u0153il \u00e0 nos visites priv\u00e9es et aux services que nous proposons. Nous pouvons organiser des visites priv\u00e9es dans n&#8217;importe quel endroit du monde. Contactez simplement l&#8217;un de nos experts en voyages pour plus d&#8217;informations!<\/p>\n","protected":false},"excerpt":{"rendered":"<p>Moyen confortable d&#8217;arriver \u00e0 votre destination finale \u00e0 Mascate. Transfert priv\u00e9 \u00e0 Mascate et v\u00e9hicule de luxe avec chauffeur pour vous emmener rapidement et confortablement \u00e0 votre emplacement.<\/p>\n","protected":false},"featured_media":95809,"comment_status":"open","ping_status":"closed","template":"","meta":{"_acf_changed":false},"product_brand":[],"product_cat":[3724,3823,3547],"product_tag":[],"class_list":{"0":"post-105067","1":"product","2":"type-product","3":"status-publish","4":"has-post-thumbnail","6":"product_cat-oman-fr","7":"product_cat-muscat-fr","8":"product_cat-etats-unis-fr","10":"first","11":"instock","12":"shipping-taxable","13":"purchasable","14":"product-type-simple"},"acf":[],"yoast_head":"<!-- This site is optimized with the Yoast SEO Premium plugin v25.3.1 (Yoast SEO v25.3.1) - https:\/\/yoast.com\/wordpress\/plugins\/seo\/ -->\n<title>Transfert priv\u00e9 \u00e0 Mascate - transfert a\u00e9roport priv\u00e9 avec chauffeur<\/title>\n<meta name=\"description\" content=\"Moyen confortable d&#039;arriver \u00e0 votre destination finale \u00e0 Mascate. Transfert priv\u00e9 \u00e0 Mascate et v\u00e9hicule priv\u00e9 de luxe avec chauffeur.\" \/>\n<meta name=\"robots\" content=\"index, follow, max-snippet:-1, max-image-preview:large, max-video-preview:-1\" \/>\n<link rel=\"canonical\" href=\"https:\/\/tourtravelandmore.com\/fr\/tours\/oman-fr\/muscat-fr\/transfert-prive-a-mascate\/\" \/>\n<meta property=\"og:locale\" content=\"fr_FR\" \/>\n<meta property=\"og:type\" content=\"article\" \/>\n<meta property=\"og:title\" content=\"Transfert priv\u00e9 \u00e0 Mascate\" \/>\n<meta property=\"og:description\" content=\"Moyen confortable d&#039;arriver \u00e0 votre destination finale \u00e0 Mascate. Transfert priv\u00e9 \u00e0 Mascate et v\u00e9hicule priv\u00e9 de luxe avec chauffeur.\" \/>\n<meta property=\"og:url\" content=\"https:\/\/tourtravelandmore.com\/fr\/tours\/oman-fr\/muscat-fr\/transfert-prive-a-mascate\/\" \/>\n<meta property=\"og:site_name\" content=\"Tour Travel And More\" \/>\n<meta property=\"article:publisher\" content=\"https:\/\/www.facebook.com\/tourtravelandmore\/\" \/>\n<meta property=\"article:modified_time\" content=\"2021-03-23T20:00:14+00:00\" \/>\n<meta property=\"og:image\" content=\"https:\/\/tourtravelandmore.com\/wp-content\/uploads\/2016\/11\/TrasladoAlicante-1.png\" \/>\n\t<meta property=\"og:image:width\" content=\"640\" \/>\n\t<meta property=\"og:image:height\" content=\"425\" \/>\n\t<meta property=\"og:image:type\" content=\"image\/png\" \/>\n<meta name=\"twitter:card\" content=\"summary_large_image\" \/>\n<meta name=\"twitter:site\" content=\"@TourTravel_More\" \/>\n<meta name=\"twitter:label1\" content=\"Dur\u00e9e de lecture estim\u00e9e\" \/>\n\t<meta name=\"twitter:data1\" content=\"1 minute\" \/>\n<script type=\"application\/ld+json\" class=\"yoast-schema-graph\">{\"@context\":\"https:\/\/schema.org\",\"@graph\":[{\"@type\":\"WebPage\",\"@id\":\"https:\/\/tourtravelandmore.com\/fr\/tours\/oman-fr\/muscat-fr\/transfert-prive-a-mascate\/\",\"url\":\"https:\/\/tourtravelandmore.com\/fr\/tours\/oman-fr\/muscat-fr\/transfert-prive-a-mascate\/\",\"name\":\"Transfert priv\u00e9 \u00e0 Mascate - transfert a\u00e9roport priv\u00e9 avec chauffeur\",\"isPartOf\":{\"@id\":\"https:\/\/tourtravelandmore.com\/fr\/#website\"},\"primaryImageOfPage\":{\"@id\":\"https:\/\/tourtravelandmore.com\/fr\/tours\/oman-fr\/muscat-fr\/transfert-prive-a-mascate\/#primaryimage\"},\"image\":{\"@id\":\"https:\/\/tourtravelandmore.com\/fr\/tours\/oman-fr\/muscat-fr\/transfert-prive-a-mascate\/#primaryimage\"},\"thumbnailUrl\":\"https:\/\/tourtravelandmore.com\/wp-content\/uploads\/2016\/11\/TrasladoAlicante-1.png\",\"datePublished\":\"2019-12-31T12:48:17+00:00\",\"dateModified\":\"2021-03-23T20:00:14+00:00\",\"description\":\"Moyen confortable d'arriver \u00e0 votre destination finale \u00e0 Mascate. Transfert priv\u00e9 \u00e0 Mascate et v\u00e9hicule priv\u00e9 de luxe avec chauffeur.\",\"breadcrumb\":{\"@id\":\"https:\/\/tourtravelandmore.com\/fr\/tours\/oman-fr\/muscat-fr\/transfert-prive-a-mascate\/#breadcrumb\"},\"inLanguage\":\"fr-FR\",\"potentialAction\":[{\"@type\":\"ReadAction\",\"target\":[\"https:\/\/tourtravelandmore.com\/fr\/tours\/oman-fr\/muscat-fr\/transfert-prive-a-mascate\/\"]}]},{\"@type\":\"ImageObject\",\"inLanguage\":\"fr-FR\",\"@id\":\"https:\/\/tourtravelandmore.com\/fr\/tours\/oman-fr\/muscat-fr\/transfert-prive-a-mascate\/#primaryimage\",\"url\":\"https:\/\/tourtravelandmore.com\/wp-content\/uploads\/2016\/11\/TrasladoAlicante-1.png\",\"contentUrl\":\"https:\/\/tourtravelandmore.com\/wp-content\/uploads\/2016\/11\/TrasladoAlicante-1.png\",\"width\":640,\"height\":425},{\"@type\":\"BreadcrumbList\",\"@id\":\"https:\/\/tourtravelandmore.com\/fr\/tours\/oman-fr\/muscat-fr\/transfert-prive-a-mascate\/#breadcrumb\",\"itemListElement\":[{\"@type\":\"ListItem\",\"position\":1,\"name\":\"Home\",\"item\":\"https:\/\/tourtravelandmore.com\/fr\/\"},{\"@type\":\"ListItem\",\"position\":2,\"name\":\"Tours\",\"item\":\"https:\/\/tourtravelandmore.com\/fr\/tours\/\"},{\"@type\":\"ListItem\",\"position\":3,\"name\":\"Transfert priv\u00e9 \u00e0 Mascate\"}]},{\"@type\":\"WebSite\",\"@id\":\"https:\/\/tourtravelandmore.com\/fr\/#website\",\"url\":\"https:\/\/tourtravelandmore.com\/fr\/\",\"name\":\"Tour Travel And More\",\"description\":\"Private sightseeing tours and luxury transfers in Spain\",\"publisher\":{\"@id\":\"https:\/\/tourtravelandmore.com\/fr\/#organization\"},\"potentialAction\":[{\"@type\":\"SearchAction\",\"target\":{\"@type\":\"EntryPoint\",\"urlTemplate\":\"https:\/\/tourtravelandmore.com\/fr\/?s={search_term_string}\"},\"query-input\":{\"@type\":\"PropertyValueSpecification\",\"valueRequired\":true,\"valueName\":\"search_term_string\"}}],\"inLanguage\":\"fr-FR\"},{\"@type\":\"Organization\",\"@id\":\"https:\/\/tourtravelandmore.com\/fr\/#organization\",\"name\":\"Tour Travel And More\",\"url\":\"https:\/\/tourtravelandmore.com\/fr\/\",\"logo\":{\"@type\":\"ImageObject\",\"inLanguage\":\"fr-FR\",\"@id\":\"https:\/\/tourtravelandmore.com\/fr\/#\/schema\/logo\/image\/\",\"url\":\"https:\/\/tourtravelandmore.com\/wp-content\/uploads\/2022\/12\/cropped-logo-cabecera-new.png\",\"contentUrl\":\"https:\/\/tourtravelandmore.com\/wp-content\/uploads\/2022\/12\/cropped-logo-cabecera-new.png\",\"width\":430,\"height\":61,\"caption\":\"Tour Travel And More\"},\"image\":{\"@id\":\"https:\/\/tourtravelandmore.com\/fr\/#\/schema\/logo\/image\/\"},\"sameAs\":[\"https:\/\/www.facebook.com\/tourtravelandmore\/\",\"https:\/\/x.com\/TourTravel_More\"]}]}<\/script>\n<!-- \/ Yoast SEO Premium plugin. -->","yoast_head_json":{"title":"Transfert priv\u00e9 \u00e0 Mascate - transfert a\u00e9roport priv\u00e9 avec chauffeur","description":"Moyen confortable d'arriver \u00e0 votre destination finale \u00e0 Mascate. Transfert priv\u00e9 \u00e0 Mascate et v\u00e9hicule priv\u00e9 de luxe avec chauffeur.","robots":{"index":"index","follow":"follow","max-snippet":"max-snippet:-1","max-image-preview":"max-image-preview:large","max-video-preview":"max-video-preview:-1"},"canonical":"https:\/\/tourtravelandmore.com\/fr\/tours\/oman-fr\/muscat-fr\/transfert-prive-a-mascate\/","og_locale":"fr_FR","og_type":"article","og_title":"Transfert priv\u00e9 \u00e0 Mascate","og_description":"Moyen confortable d'arriver \u00e0 votre destination finale \u00e0 Mascate. Transfert priv\u00e9 \u00e0 Mascate et v\u00e9hicule priv\u00e9 de luxe avec chauffeur.","og_url":"https:\/\/tourtravelandmore.com\/fr\/tours\/oman-fr\/muscat-fr\/transfert-prive-a-mascate\/","og_site_name":"Tour Travel And More","article_publisher":"https:\/\/www.facebook.com\/tourtravelandmore\/","article_modified_time":"2021-03-23T20:00:14+00:00","og_image":[{"width":640,"height":425,"url":"https:\/\/tourtravelandmore.com\/wp-content\/uploads\/2016\/11\/TrasladoAlicante-1.png","type":"image\/png"}],"twitter_card":"summary_large_image","twitter_site":"@TourTravel_More","twitter_misc":{"Dur\u00e9e de lecture estim\u00e9e":"1 minute"},"schema":{"@context":"https:\/\/schema.org","@graph":[{"@type":"WebPage","@id":"https:\/\/tourtravelandmore.com\/fr\/tours\/oman-fr\/muscat-fr\/transfert-prive-a-mascate\/","url":"https:\/\/tourtravelandmore.com\/fr\/tours\/oman-fr\/muscat-fr\/transfert-prive-a-mascate\/","name":"Transfert priv\u00e9 \u00e0 Mascate - transfert a\u00e9roport priv\u00e9 avec chauffeur","isPartOf":{"@id":"https:\/\/tourtravelandmore.com\/fr\/#website"},"primaryImageOfPage":{"@id":"https:\/\/tourtravelandmore.com\/fr\/tours\/oman-fr\/muscat-fr\/transfert-prive-a-mascate\/#primaryimage"},"image":{"@id":"https:\/\/tourtravelandmore.com\/fr\/tours\/oman-fr\/muscat-fr\/transfert-prive-a-mascate\/#primaryimage"},"thumbnailUrl":"https:\/\/tourtravelandmore.com\/wp-content\/uploads\/2016\/11\/TrasladoAlicante-1.png","datePublished":"2019-12-31T12:48:17+00:00","dateModified":"2021-03-23T20:00:14+00:00","description":"Moyen confortable d'arriver \u00e0 votre destination finale \u00e0 Mascate. Transfert priv\u00e9 \u00e0 Mascate et v\u00e9hicule priv\u00e9 de luxe avec chauffeur.","breadcrumb":{"@id":"https:\/\/tourtravelandmore.com\/fr\/tours\/oman-fr\/muscat-fr\/transfert-prive-a-mascate\/#breadcrumb"},"inLanguage":"fr-FR","potentialAction":[{"@type":"ReadAction","target":["https:\/\/tourtravelandmore.com\/fr\/tours\/oman-fr\/muscat-fr\/transfert-prive-a-mascate\/"]}]},{"@type":"ImageObject","inLanguage":"fr-FR","@id":"https:\/\/tourtravelandmore.com\/fr\/tours\/oman-fr\/muscat-fr\/transfert-prive-a-mascate\/#primaryimage","url":"https:\/\/tourtravelandmore.com\/wp-content\/uploads\/2016\/11\/TrasladoAlicante-1.png","contentUrl":"https:\/\/tourtravelandmore.com\/wp-content\/uploads\/2016\/11\/TrasladoAlicante-1.png","width":640,"height":425},{"@type":"BreadcrumbList","@id":"https:\/\/tourtravelandmore.com\/fr\/tours\/oman-fr\/muscat-fr\/transfert-prive-a-mascate\/#breadcrumb","itemListElement":[{"@type":"ListItem","position":1,"name":"Home","item":"https:\/\/tourtravelandmore.com\/fr\/"},{"@type":"ListItem","position":2,"name":"Tours","item":"https:\/\/tourtravelandmore.com\/fr\/tours\/"},{"@type":"ListItem","position":3,"name":"Transfert priv\u00e9 \u00e0 Mascate"}]},{"@type":"WebSite","@id":"https:\/\/tourtravelandmore.com\/fr\/#website","url":"https:\/\/tourtravelandmore.com\/fr\/","name":"Tour Travel And More","description":"Private sightseeing tours and luxury transfers in Spain","publisher":{"@id":"https:\/\/tourtravelandmore.com\/fr\/#organization"},"potentialAction":[{"@type":"SearchAction","target":{"@type":"EntryPoint","urlTemplate":"https:\/\/tourtravelandmore.com\/fr\/?s={search_term_string}"},"query-input":{"@type":"PropertyValueSpecification","valueRequired":true,"valueName":"search_term_string"}}],"inLanguage":"fr-FR"},{"@type":"Organization","@id":"https:\/\/tourtravelandmore.com\/fr\/#organization","name":"Tour Travel And More","url":"https:\/\/tourtravelandmore.com\/fr\/","logo":{"@type":"ImageObject","inLanguage":"fr-FR","@id":"https:\/\/tourtravelandmore.com\/fr\/#\/schema\/logo\/image\/","url":"https:\/\/tourtravelandmore.com\/wp-content\/uploads\/2022\/12\/cropped-logo-cabecera-new.png","contentUrl":"https:\/\/tourtravelandmore.com\/wp-content\/uploads\/2022\/12\/cropped-logo-cabecera-new.png","width":430,"height":61,"caption":"Tour Travel And More"},"image":{"@id":"https:\/\/tourtravelandmore.com\/fr\/#\/schema\/logo\/image\/"},"sameAs":["https:\/\/www.facebook.com\/tourtravelandmore\/","https:\/\/x.com\/TourTravel_More"]}]}},"_links":{"self":[{"href":"https:\/\/tourtravelandmore.com\/fr\/wp-json\/wp\/v2\/product\/105067","targetHints":{"allow":["GET"]}}],"collection":[{"href":"https:\/\/tourtravelandmore.com\/fr\/wp-json\/wp\/v2\/product"}],"about":[{"href":"https:\/\/tourtravelandmore.com\/fr\/wp-json\/wp\/v2\/types\/product"}],"replies":[{"embeddable":true,"href":"https:\/\/tourtravelandmore.com\/fr\/wp-json\/wp\/v2\/comments?post=105067"}],"wp:featuredmedia":[{"embeddable":true,"href":"https:\/\/tourtravelandmore.com\/fr\/wp-json\/wp\/v2\/media\/95809"}],"wp:attachment":[{"href":"https:\/\/tourtravelandmore.com\/fr\/wp-json\/wp\/v2\/media?parent=105067"}],"wp:term":[{"taxonomy":"product_brand","embeddable":true,"href":"https:\/\/tourtravelandmore.com\/fr\/wp-json\/wp\/v2\/product_brand?post=105067"},{"taxonomy":"product_cat","embeddable":true,"href":"https:\/\/tourtravelandmore.com\/fr\/wp-json\/wp\/v2\/product_cat?post=105067"},{"taxonomy":"product_tag","embeddable":true,"href":"https:\/\/tourtravelandmore.com\/fr\/wp-json\/wp\/v2\/product_tag?post=105067"}],"curies":[{"name":"wp","href":"https:\/\/api.w.org\/{rel}","templated":true}]}}