{"id":105054,"date":"2020-03-19T16:40:20","date_gmt":"2020-03-19T15:40:20","guid":{"rendered":"https:\/\/tourtravelandmore.com\/tours\/non%20class\u00e9\/excursion-privee-dune-journee-a-muir-woods-et-sausalito\/"},"modified":"2025-02-27T16:01:20","modified_gmt":"2025-02-27T15:01:20","slug":"excursion-privee-dune-journee-a-muir-woods-et-sausalito","status":"publish","type":"product","link":"https:\/\/tourtravelandmore.com\/fr\/tours\/etats-unis-fr\/san-francisco-fr\/excursion-privee-dune-journee-a-muir-woods-et-sausalito\/","title":{"rendered":"Excursion priv\u00e9e d&#8217;une journ\u00e9e \u00e0 Muir Woods et Sausalito"},"content":{"rendered":"<h2>Description<\/h2>\n<p>Laissez-nous vous emmener dans cette grande aventure pour visiter le parc national de Muir Woods ainsi que la belle ville de Sausalito. Le parc Muir Woods est situ\u00e9 \u00e0 environ 45 minutes du centre-ville de San Francisco. Explorez la r\u00e9gion avec notre visite priv\u00e9e de Muir Woods aux c\u00f4t\u00e9s d&#8217;un expert local.<\/p>\n<p>Tout d&#8217;abord, votre chauffeur priv\u00e9 viendra vous chercher \u00e0 l&#8217;endroit souhait\u00e9 \u00e0 San Francisco. Apr\u00e8s cela, vous commencerez votre trajet hors de la ville. Muir Woods est situ\u00e9 pr\u00e8s de la c\u00f4te du Pacifique sur le mont Tamalpais.<\/p>\n<p>Profitez de cette belle opportunit\u00e9 de sortir du centre-ville et de vous \u00e9merveiller autour de la nature californienne. Apr\u00e8s votre visite au parc national de Muir Woods, vous vous dirigerez vers la merveilleuse ville de Sausalito.<\/p>\n<h2>Sites d&#8217;int\u00e9r\u00eat et points de rep\u00e8re<\/h2>\n<p>Une fois que nous partirons de votre h\u00f4tel ou du lieu de votre choix, nous vous laisserons admirer le paysage de la ville unique de San Francisco. Nous organiserons une br\u00e8ve promenade en voiture et jetterons un coup d&#8217;\u0153il au Golden Gate Bridge, au Fisherman\u2019s Wharf, \u00e0 Washington Square et bien d&#8217;autres!<\/p>\n<p>Le premier arr\u00eat de votre visite priv\u00e9e de Muir Woods sera ce parc national unique. Apr\u00e8s le stationnement, nous nous dirigerons vers le centre des visiteurs et entrerons dans le magnifique parc. Nous organiserons vos frais d&#8217;entr\u00e9e \u00e0 l&#8217;avance afin que vous n&#8217;ayez pas \u00e0 vous pr\u00e9senter sur place. Une fois \u00e0 l&#8217;int\u00e9rieur, votre guide priv\u00e9 vous expliquera les secrets et l&#8217;histoire de ce site merveilleux. Marchez \u00e0 c\u00f4t\u00e9 de votre guide le long des arbres uniques qui ont plus de 1000 ans.<\/p>\n<p>Apr\u00e8s avoir explor\u00e9 le parc, vous vous dirigerez vers la belle ville de Sausalito. Cette ville c\u00f4ti\u00e8re est situ\u00e9e dans le comt\u00e9 de Marin, \u00e0 seulement 7 km de San Francisco. Sausalito est consid\u00e9r\u00e9e comme l&#8217;une des 3 villes c\u00f4ti\u00e8res les plus heureuses du pays. Cette belle ville, avec vue sur le front de mer, combine des emplacements centraux avec des paysages \u00e0 flanc de colline et de rivage. C&#8217;est une belle destination touristique, o\u00f9 vous pouvez \u00e9galement trouver les c\u00e9l\u00e8bres p\u00e9niches et une merveilleuse offre gastronomique.<\/p>\n<p>Votre chauffeur \/ guide exp\u00e9riment\u00e9 sera \u00e0 votre enti\u00e8re disposition pendant toute la dur\u00e9e de la visite. Nous pouvons organiser un circuit plus ou moins long en fonction de vos besoins exacts et modifier l&#8217;itin\u00e9raire pour une exp\u00e9rience plus personnalis\u00e9e. Contactez-nous pour une proposition sur mesure.<\/p>\n","protected":false},"excerpt":{"rendered":"<p>Pr\u00e9parez-vous \u00e0 explorer les plus belles vues et les plus beaux endroits du parc national de Muir Woods et de Sausalito. Explorez la r\u00e9gion \u00e0 c\u00f4t\u00e9 d&#8217;un expert local, \u00e0 l&#8217;aise dans votre v\u00e9hicule priv\u00e9.<\/p>\n","protected":false},"featured_media":97385,"comment_status":"open","ping_status":"closed","template":"","meta":{"_acf_changed":false},"product_brand":[],"product_cat":[5440,5441,3547,3548],"product_tag":[],"class_list":{"0":"post-105054","1":"product","2":"type-product","3":"status-publish","4":"has-post-thumbnail","6":"product_cat-all-private-tours-activities-fr-34","7":"product_cat-private-sightseeing-tours-fr-42","8":"product_cat-etats-unis-fr","9":"product_cat-san-francisco-fr","11":"first","12":"instock","13":"shipping-taxable","14":"purchasable","15":"product-type-simple"},"acf":[],"yoast_head":"<!-- This site is optimized with the Yoast SEO Premium plugin v25.3.1 (Yoast SEO v25.3.1) - https:\/\/yoast.com\/wordpress\/plugins\/seo\/ -->\n<title>Visite priv\u00e9e de Muir Woods au d\u00e9part de San Francisco - Chauffeur priv\u00e9<\/title>\n<meta name=\"description\" content=\"Profitez de cette visite priv\u00e9e de Muir Woods et d\u00e9couvrez la p\u00e9riph\u00e9rie de San Francisco. Visitez le parc national de Muir Woods et la belle ville de Sausalito.\" \/>\n<meta name=\"robots\" content=\"index, follow, max-snippet:-1, max-image-preview:large, max-video-preview:-1\" \/>\n<link rel=\"canonical\" href=\"https:\/\/tourtravelandmore.com\/fr\/tours\/etats-unis-fr\/san-francisco-fr\/excursion-privee-dune-journee-a-muir-woods-et-sausalito\/\" \/>\n<meta property=\"og:locale\" content=\"fr_FR\" \/>\n<meta property=\"og:type\" content=\"article\" \/>\n<meta property=\"og:title\" content=\"Excursion priv\u00e9e d&#039;une journ\u00e9e \u00e0 Muir Woods et Sausalito\" \/>\n<meta property=\"og:description\" content=\"Profitez de cette visite priv\u00e9e de Muir Woods et d\u00e9couvrez la p\u00e9riph\u00e9rie de San Francisco. Visitez le parc national de Muir Woods et la belle ville de Sausalito.\" \/>\n<meta property=\"og:url\" content=\"https:\/\/tourtravelandmore.com\/fr\/tours\/etats-unis-fr\/san-francisco-fr\/excursion-privee-dune-journee-a-muir-woods-et-sausalito\/\" \/>\n<meta property=\"og:site_name\" content=\"Tour Travel And More\" \/>\n<meta property=\"article:publisher\" content=\"https:\/\/www.facebook.com\/tourtravelandmore\/\" \/>\n<meta property=\"article:modified_time\" content=\"2025-02-27T15:01:20+00:00\" \/>\n<meta property=\"og:image\" content=\"https:\/\/tourtravelandmore.com\/wp-content\/uploads\/2020\/03\/wood-3.jpg\" \/>\n\t<meta property=\"og:image:width\" content=\"1024\" \/>\n\t<meta property=\"og:image:height\" content=\"683\" \/>\n\t<meta property=\"og:image:type\" content=\"image\/jpeg\" \/>\n<meta name=\"twitter:card\" content=\"summary_large_image\" \/>\n<meta name=\"twitter:site\" content=\"@TourTravel_More\" \/>\n<meta name=\"twitter:label1\" content=\"Dur\u00e9e de lecture estim\u00e9e\" \/>\n\t<meta name=\"twitter:data1\" content=\"2 minutes\" \/>\n<script type=\"application\/ld+json\" class=\"yoast-schema-graph\">{\"@context\":\"https:\/\/schema.org\",\"@graph\":[{\"@type\":\"WebPage\",\"@id\":\"https:\/\/tourtravelandmore.com\/fr\/tours\/etats-unis-fr\/san-francisco-fr\/excursion-privee-dune-journee-a-muir-woods-et-sausalito\/\",\"url\":\"https:\/\/tourtravelandmore.com\/fr\/tours\/etats-unis-fr\/san-francisco-fr\/excursion-privee-dune-journee-a-muir-woods-et-sausalito\/\",\"name\":\"Visite priv\u00e9e de Muir Woods au d\u00e9part de San Francisco - Chauffeur priv\u00e9\",\"isPartOf\":{\"@id\":\"https:\/\/tourtravelandmore.com\/fr\/#website\"},\"primaryImageOfPage\":{\"@id\":\"https:\/\/tourtravelandmore.com\/fr\/tours\/etats-unis-fr\/san-francisco-fr\/excursion-privee-dune-journee-a-muir-woods-et-sausalito\/#primaryimage\"},\"image\":{\"@id\":\"https:\/\/tourtravelandmore.com\/fr\/tours\/etats-unis-fr\/san-francisco-fr\/excursion-privee-dune-journee-a-muir-woods-et-sausalito\/#primaryimage\"},\"thumbnailUrl\":\"https:\/\/tourtravelandmore.com\/wp-content\/uploads\/2020\/03\/wood-3.jpg\",\"datePublished\":\"2020-03-19T15:40:20+00:00\",\"dateModified\":\"2025-02-27T15:01:20+00:00\",\"description\":\"Profitez de cette visite priv\u00e9e de Muir Woods et d\u00e9couvrez la p\u00e9riph\u00e9rie de San Francisco. Visitez le parc national de Muir Woods et la belle ville de Sausalito.\",\"breadcrumb\":{\"@id\":\"https:\/\/tourtravelandmore.com\/fr\/tours\/etats-unis-fr\/san-francisco-fr\/excursion-privee-dune-journee-a-muir-woods-et-sausalito\/#breadcrumb\"},\"inLanguage\":\"fr-FR\",\"potentialAction\":[{\"@type\":\"ReadAction\",\"target\":[\"https:\/\/tourtravelandmore.com\/fr\/tours\/etats-unis-fr\/san-francisco-fr\/excursion-privee-dune-journee-a-muir-woods-et-sausalito\/\"]}]},{\"@type\":\"ImageObject\",\"inLanguage\":\"fr-FR\",\"@id\":\"https:\/\/tourtravelandmore.com\/fr\/tours\/etats-unis-fr\/san-francisco-fr\/excursion-privee-dune-journee-a-muir-woods-et-sausalito\/#primaryimage\",\"url\":\"https:\/\/tourtravelandmore.com\/wp-content\/uploads\/2020\/03\/wood-3.jpg\",\"contentUrl\":\"https:\/\/tourtravelandmore.com\/wp-content\/uploads\/2020\/03\/wood-3.jpg\",\"width\":1024,\"height\":683},{\"@type\":\"BreadcrumbList\",\"@id\":\"https:\/\/tourtravelandmore.com\/fr\/tours\/etats-unis-fr\/san-francisco-fr\/excursion-privee-dune-journee-a-muir-woods-et-sausalito\/#breadcrumb\",\"itemListElement\":[{\"@type\":\"ListItem\",\"position\":1,\"name\":\"Home\",\"item\":\"https:\/\/tourtravelandmore.com\/fr\/\"},{\"@type\":\"ListItem\",\"position\":2,\"name\":\"Tours\",\"item\":\"https:\/\/tourtravelandmore.com\/fr\/tours\/\"},{\"@type\":\"ListItem\",\"position\":3,\"name\":\"Excursion priv\u00e9e d&#8217;une journ\u00e9e \u00e0 Muir Woods et Sausalito\"}]},{\"@type\":\"WebSite\",\"@id\":\"https:\/\/tourtravelandmore.com\/fr\/#website\",\"url\":\"https:\/\/tourtravelandmore.com\/fr\/\",\"name\":\"Tour Travel And More\",\"description\":\"Private sightseeing tours and luxury transfers in Spain\",\"publisher\":{\"@id\":\"https:\/\/tourtravelandmore.com\/fr\/#organization\"},\"potentialAction\":[{\"@type\":\"SearchAction\",\"target\":{\"@type\":\"EntryPoint\",\"urlTemplate\":\"https:\/\/tourtravelandmore.com\/fr\/?s={search_term_string}\"},\"query-input\":{\"@type\":\"PropertyValueSpecification\",\"valueRequired\":true,\"valueName\":\"search_term_string\"}}],\"inLanguage\":\"fr-FR\"},{\"@type\":\"Organization\",\"@id\":\"https:\/\/tourtravelandmore.com\/fr\/#organization\",\"name\":\"Tour Travel And More\",\"url\":\"https:\/\/tourtravelandmore.com\/fr\/\",\"logo\":{\"@type\":\"ImageObject\",\"inLanguage\":\"fr-FR\",\"@id\":\"https:\/\/tourtravelandmore.com\/fr\/#\/schema\/logo\/image\/\",\"url\":\"https:\/\/tourtravelandmore.com\/wp-content\/uploads\/2022\/12\/cropped-logo-cabecera-new.png\",\"contentUrl\":\"https:\/\/tourtravelandmore.com\/wp-content\/uploads\/2022\/12\/cropped-logo-cabecera-new.png\",\"width\":430,\"height\":61,\"caption\":\"Tour Travel And More\"},\"image\":{\"@id\":\"https:\/\/tourtravelandmore.com\/fr\/#\/schema\/logo\/image\/\"},\"sameAs\":[\"https:\/\/www.facebook.com\/tourtravelandmore\/\",\"https:\/\/x.com\/TourTravel_More\"]}]}<\/script>\n<!-- \/ Yoast SEO Premium plugin. -->","yoast_head_json":{"title":"Visite priv\u00e9e de Muir Woods au d\u00e9part de San Francisco - Chauffeur priv\u00e9","description":"Profitez de cette visite priv\u00e9e de Muir Woods et d\u00e9couvrez la p\u00e9riph\u00e9rie de San Francisco. Visitez le parc national de Muir Woods et la belle ville de Sausalito.","robots":{"index":"index","follow":"follow","max-snippet":"max-snippet:-1","max-image-preview":"max-image-preview:large","max-video-preview":"max-video-preview:-1"},"canonical":"https:\/\/tourtravelandmore.com\/fr\/tours\/etats-unis-fr\/san-francisco-fr\/excursion-privee-dune-journee-a-muir-woods-et-sausalito\/","og_locale":"fr_FR","og_type":"article","og_title":"Excursion priv\u00e9e d'une journ\u00e9e \u00e0 Muir Woods et Sausalito","og_description":"Profitez de cette visite priv\u00e9e de Muir Woods et d\u00e9couvrez la p\u00e9riph\u00e9rie de San Francisco. Visitez le parc national de Muir Woods et la belle ville de Sausalito.","og_url":"https:\/\/tourtravelandmore.com\/fr\/tours\/etats-unis-fr\/san-francisco-fr\/excursion-privee-dune-journee-a-muir-woods-et-sausalito\/","og_site_name":"Tour Travel And More","article_publisher":"https:\/\/www.facebook.com\/tourtravelandmore\/","article_modified_time":"2025-02-27T15:01:20+00:00","og_image":[{"width":1024,"height":683,"url":"https:\/\/tourtravelandmore.com\/wp-content\/uploads\/2020\/03\/wood-3.jpg","type":"image\/jpeg"}],"twitter_card":"summary_large_image","twitter_site":"@TourTravel_More","twitter_misc":{"Dur\u00e9e de lecture estim\u00e9e":"2 minutes"},"schema":{"@context":"https:\/\/schema.org","@graph":[{"@type":"WebPage","@id":"https:\/\/tourtravelandmore.com\/fr\/tours\/etats-unis-fr\/san-francisco-fr\/excursion-privee-dune-journee-a-muir-woods-et-sausalito\/","url":"https:\/\/tourtravelandmore.com\/fr\/tours\/etats-unis-fr\/san-francisco-fr\/excursion-privee-dune-journee-a-muir-woods-et-sausalito\/","name":"Visite priv\u00e9e de Muir Woods au d\u00e9part de San Francisco - Chauffeur priv\u00e9","isPartOf":{"@id":"https:\/\/tourtravelandmore.com\/fr\/#website"},"primaryImageOfPage":{"@id":"https:\/\/tourtravelandmore.com\/fr\/tours\/etats-unis-fr\/san-francisco-fr\/excursion-privee-dune-journee-a-muir-woods-et-sausalito\/#primaryimage"},"image":{"@id":"https:\/\/tourtravelandmore.com\/fr\/tours\/etats-unis-fr\/san-francisco-fr\/excursion-privee-dune-journee-a-muir-woods-et-sausalito\/#primaryimage"},"thumbnailUrl":"https:\/\/tourtravelandmore.com\/wp-content\/uploads\/2020\/03\/wood-3.jpg","datePublished":"2020-03-19T15:40:20+00:00","dateModified":"2025-02-27T15:01:20+00:00","description":"Profitez de cette visite priv\u00e9e de Muir Woods et d\u00e9couvrez la p\u00e9riph\u00e9rie de San Francisco. Visitez le parc national de Muir Woods et la belle ville de Sausalito.","breadcrumb":{"@id":"https:\/\/tourtravelandmore.com\/fr\/tours\/etats-unis-fr\/san-francisco-fr\/excursion-privee-dune-journee-a-muir-woods-et-sausalito\/#breadcrumb"},"inLanguage":"fr-FR","potentialAction":[{"@type":"ReadAction","target":["https:\/\/tourtravelandmore.com\/fr\/tours\/etats-unis-fr\/san-francisco-fr\/excursion-privee-dune-journee-a-muir-woods-et-sausalito\/"]}]},{"@type":"ImageObject","inLanguage":"fr-FR","@id":"https:\/\/tourtravelandmore.com\/fr\/tours\/etats-unis-fr\/san-francisco-fr\/excursion-privee-dune-journee-a-muir-woods-et-sausalito\/#primaryimage","url":"https:\/\/tourtravelandmore.com\/wp-content\/uploads\/2020\/03\/wood-3.jpg","contentUrl":"https:\/\/tourtravelandmore.com\/wp-content\/uploads\/2020\/03\/wood-3.jpg","width":1024,"height":683},{"@type":"BreadcrumbList","@id":"https:\/\/tourtravelandmore.com\/fr\/tours\/etats-unis-fr\/san-francisco-fr\/excursion-privee-dune-journee-a-muir-woods-et-sausalito\/#breadcrumb","itemListElement":[{"@type":"ListItem","position":1,"name":"Home","item":"https:\/\/tourtravelandmore.com\/fr\/"},{"@type":"ListItem","position":2,"name":"Tours","item":"https:\/\/tourtravelandmore.com\/fr\/tours\/"},{"@type":"ListItem","position":3,"name":"Excursion priv\u00e9e d&#8217;une journ\u00e9e \u00e0 Muir Woods et Sausalito"}]},{"@type":"WebSite","@id":"https:\/\/tourtravelandmore.com\/fr\/#website","url":"https:\/\/tourtravelandmore.com\/fr\/","name":"Tour Travel And More","description":"Private sightseeing tours and luxury transfers in Spain","publisher":{"@id":"https:\/\/tourtravelandmore.com\/fr\/#organization"},"potentialAction":[{"@type":"SearchAction","target":{"@type":"EntryPoint","urlTemplate":"https:\/\/tourtravelandmore.com\/fr\/?s={search_term_string}"},"query-input":{"@type":"PropertyValueSpecification","valueRequired":true,"valueName":"search_term_string"}}],"inLanguage":"fr-FR"},{"@type":"Organization","@id":"https:\/\/tourtravelandmore.com\/fr\/#organization","name":"Tour Travel And More","url":"https:\/\/tourtravelandmore.com\/fr\/","logo":{"@type":"ImageObject","inLanguage":"fr-FR","@id":"https:\/\/tourtravelandmore.com\/fr\/#\/schema\/logo\/image\/","url":"https:\/\/tourtravelandmore.com\/wp-content\/uploads\/2022\/12\/cropped-logo-cabecera-new.png","contentUrl":"https:\/\/tourtravelandmore.com\/wp-content\/uploads\/2022\/12\/cropped-logo-cabecera-new.png","width":430,"height":61,"caption":"Tour Travel And More"},"image":{"@id":"https:\/\/tourtravelandmore.com\/fr\/#\/schema\/logo\/image\/"},"sameAs":["https:\/\/www.facebook.com\/tourtravelandmore\/","https:\/\/x.com\/TourTravel_More"]}]}},"_links":{"self":[{"href":"https:\/\/tourtravelandmore.com\/fr\/wp-json\/wp\/v2\/product\/105054","targetHints":{"allow":["GET"]}}],"collection":[{"href":"https:\/\/tourtravelandmore.com\/fr\/wp-json\/wp\/v2\/product"}],"about":[{"href":"https:\/\/tourtravelandmore.com\/fr\/wp-json\/wp\/v2\/types\/product"}],"replies":[{"embeddable":true,"href":"https:\/\/tourtravelandmore.com\/fr\/wp-json\/wp\/v2\/comments?post=105054"}],"wp:featuredmedia":[{"embeddable":true,"href":"https:\/\/tourtravelandmore.com\/fr\/wp-json\/wp\/v2\/media\/97385"}],"wp:attachment":[{"href":"https:\/\/tourtravelandmore.com\/fr\/wp-json\/wp\/v2\/media?parent=105054"}],"wp:term":[{"taxonomy":"product_brand","embeddable":true,"href":"https:\/\/tourtravelandmore.com\/fr\/wp-json\/wp\/v2\/product_brand?post=105054"},{"taxonomy":"product_cat","embeddable":true,"href":"https:\/\/tourtravelandmore.com\/fr\/wp-json\/wp\/v2\/product_cat?post=105054"},{"taxonomy":"product_tag","embeddable":true,"href":"https:\/\/tourtravelandmore.com\/fr\/wp-json\/wp\/v2\/product_tag?post=105054"}],"curies":[{"name":"wp","href":"https:\/\/api.w.org\/{rel}","templated":true}]}}