{"id":105048,"date":"2020-04-09T13:39:42","date_gmt":"2020-04-09T11:39:42","guid":{"rendered":"https:\/\/tourtravelandmore.com\/tours\/non%20class\u00e9\/excursion-privee-dune-journee-au-parc-national-de-yosemite\/"},"modified":"2021-03-23T20:47:38","modified_gmt":"2021-03-23T19:47:38","slug":"excursion-privee-dune-journee-au-parc-national-de-yosemite","status":"publish","type":"product","link":"https:\/\/tourtravelandmore.com\/fr\/tours\/etats-unis-fr\/san-francisco-fr\/excursion-privee-dune-journee-au-parc-national-de-yosemite\/","title":{"rendered":"Excursion priv\u00e9e d&#8217;une journ\u00e9e au parc national de Yosemite"},"content":{"rendered":"<h2>Description<\/h2>\n<p>Prenez une journ\u00e9e de votre horaire et visitez le parc national de Yosemite. Si vous \u00eates amoureux de la nature, vous ne pouvez pas manquer cette visite priv\u00e9e \u00e0 Yosemite au d\u00e9part de San Francisco.<\/p>\n<p>Le parc national de Yosemite est situ\u00e9 \u00e0 environ 350 km de San Francisco. Il se trouve dans la partie ouest de la Sierra Nevada et a \u00e9t\u00e9 d\u00e9clar\u00e9 site du patrimoine mondial en 1964. Le parc est tr\u00e8s c\u00e9l\u00e8bre pour ses superbes paysages ainsi que pour ses falaises de granit, ses cascades, ses bosquets de s\u00e9quoias g\u00e9ants, ses montagnes , ses lacs et ses grandes r\u00e9gions sauvages.<\/p>\n<p>Laissez votre chauffeur-guide priv\u00e9 vous emmener dans cette exp\u00e9rience d&#8217;une journ\u00e9e compl\u00e8te. Cette visite priv\u00e9e prend environ 14 heures, vous devez \u00eatre pris en charge t\u00f4t le matin pour profiter de cette visite priv\u00e9e.<\/p>\n<p>Nous organisons un prix en charge priv\u00e9e confortable depuis votre h\u00f4tel ou lieu de votre choix \u00e0 San Francisco, apr\u00e8s quoi nous nous dirigeons vers Yosemite. Profitez d&#8217;une excursion d&#8217;une journ\u00e9e dans ce magnifique parc naturel qui \u00e0 pr\u00e8s de 95% du parc d\u00e9sign\u00e9 pour la nature.<\/p>\n<h2>Sites d&#8217;int\u00e9r\u00eat et points de rep\u00e8re<\/h2>\n<p>Une fois arriv\u00e9 \u00e0 Yosemite, vous profiterez de la tranquillit\u00e9 de la High Sierra. Cet endroit unique est prot\u00e9g\u00e9 depuis 1864. Il est tr\u00e8s connu pour ses chutes d&#8217;eau \u00e9tonnantes et ses belles vall\u00e9es, ses prairies, ses s\u00e9quoias g\u00e9ants et bien plus encore. Profitez de superbes paysages photo et d&#8217;une excellente journ\u00e9e.<\/p>\n<p>Yosemite est un excellent circuit \u00e0 appr\u00e9cier en hiver, au printemps, en \u00e9t\u00e9, en automne et en toute saison de l&#8217;ann\u00e9e. Selon la saison, nous personnalisons le circuit en fonction de vos propres besoins. Bien que la visite du parc national doive id\u00e9alement se faire en plus de jours, il est possible de voir les principaux sites avec notre visite priv\u00e9e \u00e0 Yosemite depuis San Francisco.<\/p>\n<p>Contactez-nous et nous organisons une visite priv\u00e9e unique. Notre \u00e9quipe d&#8217;experts vous aide \u00e0 organiser une exp\u00e9rience enti\u00e8rement personnalis\u00e9e.<\/p>\n","protected":false},"excerpt":{"rendered":"<p>Apprenez \u00e0 conna\u00eetre le magnifique parc national de Yosemite lors d&#8217;une exp\u00e9rience priv\u00e9e personnalis\u00e9e au d\u00e9part de San Francisco. Notre \u00e9quipe organisera une exp\u00e9rience parfaite pour vous permettre de d\u00e9couvrir le meilleur de ce magnifique parc national. Saisissez cette chance de d\u00e9couvrir l&#8217;un des plus beaux endroits naturels des \u00c9tats-Unis avec votre propre chauffeur \/ guide priv\u00e9.<\/p>\n","protected":false},"featured_media":97492,"comment_status":"open","ping_status":"closed","template":"","meta":{"_acf_changed":false},"product_brand":[],"product_cat":[3547,3548],"product_tag":[],"class_list":{"0":"post-105048","1":"product","2":"type-product","3":"status-publish","4":"has-post-thumbnail","6":"product_cat-etats-unis-fr","7":"product_cat-san-francisco-fr","9":"first","10":"instock","11":"shipping-taxable","12":"purchasable","13":"product-type-simple"},"acf":[],"yoast_head":"<!-- This site is optimized with the Yoast SEO Premium plugin v25.3.1 (Yoast SEO v25.3.1) - https:\/\/yoast.com\/wordpress\/plugins\/seo\/ -->\n<title>Visite priv\u00e9e \u00e0 Yosemite de San Francisco avec chauffeur et guide<\/title>\n<meta name=\"description\" content=\"Yosemite est une excellente tourn\u00e9e \u00e0 appr\u00e9cier en toute saison de l&#039;ann\u00e9e. Tirez le meilleur parti de votre temps et profitez de notre visite priv\u00e9e \u00e0 Yosemite au d\u00e9part de San Francisco.\" \/>\n<meta name=\"robots\" content=\"index, follow, max-snippet:-1, max-image-preview:large, max-video-preview:-1\" \/>\n<link rel=\"canonical\" href=\"https:\/\/tourtravelandmore.com\/fr\/tours\/etats-unis-fr\/san-francisco-fr\/excursion-privee-dune-journee-au-parc-national-de-yosemite\/\" \/>\n<meta property=\"og:locale\" content=\"fr_FR\" \/>\n<meta property=\"og:type\" content=\"article\" \/>\n<meta property=\"og:title\" content=\"Excursion priv\u00e9e d&#039;une journ\u00e9e au parc national de Yosemite\" \/>\n<meta property=\"og:description\" content=\"Yosemite est une excellente tourn\u00e9e \u00e0 appr\u00e9cier en toute saison de l&#039;ann\u00e9e. Tirez le meilleur parti de votre temps et profitez de notre visite priv\u00e9e \u00e0 Yosemite au d\u00e9part de San Francisco.\" \/>\n<meta property=\"og:url\" content=\"https:\/\/tourtravelandmore.com\/fr\/tours\/etats-unis-fr\/san-francisco-fr\/excursion-privee-dune-journee-au-parc-national-de-yosemite\/\" \/>\n<meta property=\"og:site_name\" content=\"Tour Travel And More\" \/>\n<meta property=\"article:publisher\" content=\"https:\/\/www.facebook.com\/tourtravelandmore\/\" \/>\n<meta property=\"article:modified_time\" content=\"2021-03-23T19:47:38+00:00\" \/>\n<meta property=\"og:image\" content=\"https:\/\/tourtravelandmore.com\/wp-content\/uploads\/2020\/04\/yosemite-national-park-2405333_960_720.jpg\" \/>\n\t<meta property=\"og:image:width\" content=\"960\" \/>\n\t<meta property=\"og:image:height\" content=\"539\" \/>\n\t<meta property=\"og:image:type\" content=\"image\/jpeg\" \/>\n<meta name=\"twitter:card\" content=\"summary_large_image\" \/>\n<meta name=\"twitter:site\" content=\"@TourTravel_More\" \/>\n<meta name=\"twitter:label1\" content=\"Dur\u00e9e de lecture estim\u00e9e\" \/>\n\t<meta name=\"twitter:data1\" content=\"2 minutes\" \/>\n<script type=\"application\/ld+json\" class=\"yoast-schema-graph\">{\"@context\":\"https:\/\/schema.org\",\"@graph\":[{\"@type\":\"WebPage\",\"@id\":\"https:\/\/tourtravelandmore.com\/fr\/tours\/etats-unis-fr\/san-francisco-fr\/excursion-privee-dune-journee-au-parc-national-de-yosemite\/\",\"url\":\"https:\/\/tourtravelandmore.com\/fr\/tours\/etats-unis-fr\/san-francisco-fr\/excursion-privee-dune-journee-au-parc-national-de-yosemite\/\",\"name\":\"Visite priv\u00e9e \u00e0 Yosemite de San Francisco avec chauffeur et guide\",\"isPartOf\":{\"@id\":\"https:\/\/tourtravelandmore.com\/fr\/#website\"},\"primaryImageOfPage\":{\"@id\":\"https:\/\/tourtravelandmore.com\/fr\/tours\/etats-unis-fr\/san-francisco-fr\/excursion-privee-dune-journee-au-parc-national-de-yosemite\/#primaryimage\"},\"image\":{\"@id\":\"https:\/\/tourtravelandmore.com\/fr\/tours\/etats-unis-fr\/san-francisco-fr\/excursion-privee-dune-journee-au-parc-national-de-yosemite\/#primaryimage\"},\"thumbnailUrl\":\"https:\/\/tourtravelandmore.com\/wp-content\/uploads\/2020\/04\/yosemite-national-park-2405333_960_720.jpg\",\"datePublished\":\"2020-04-09T11:39:42+00:00\",\"dateModified\":\"2021-03-23T19:47:38+00:00\",\"description\":\"Yosemite est une excellente tourn\u00e9e \u00e0 appr\u00e9cier en toute saison de l'ann\u00e9e. Tirez le meilleur parti de votre temps et profitez de notre visite priv\u00e9e \u00e0 Yosemite au d\u00e9part de San Francisco.\",\"breadcrumb\":{\"@id\":\"https:\/\/tourtravelandmore.com\/fr\/tours\/etats-unis-fr\/san-francisco-fr\/excursion-privee-dune-journee-au-parc-national-de-yosemite\/#breadcrumb\"},\"inLanguage\":\"fr-FR\",\"potentialAction\":[{\"@type\":\"ReadAction\",\"target\":[\"https:\/\/tourtravelandmore.com\/fr\/tours\/etats-unis-fr\/san-francisco-fr\/excursion-privee-dune-journee-au-parc-national-de-yosemite\/\"]}]},{\"@type\":\"ImageObject\",\"inLanguage\":\"fr-FR\",\"@id\":\"https:\/\/tourtravelandmore.com\/fr\/tours\/etats-unis-fr\/san-francisco-fr\/excursion-privee-dune-journee-au-parc-national-de-yosemite\/#primaryimage\",\"url\":\"https:\/\/tourtravelandmore.com\/wp-content\/uploads\/2020\/04\/yosemite-national-park-2405333_960_720.jpg\",\"contentUrl\":\"https:\/\/tourtravelandmore.com\/wp-content\/uploads\/2020\/04\/yosemite-national-park-2405333_960_720.jpg\",\"width\":960,\"height\":539},{\"@type\":\"BreadcrumbList\",\"@id\":\"https:\/\/tourtravelandmore.com\/fr\/tours\/etats-unis-fr\/san-francisco-fr\/excursion-privee-dune-journee-au-parc-national-de-yosemite\/#breadcrumb\",\"itemListElement\":[{\"@type\":\"ListItem\",\"position\":1,\"name\":\"Home\",\"item\":\"https:\/\/tourtravelandmore.com\/fr\/\"},{\"@type\":\"ListItem\",\"position\":2,\"name\":\"Tours\",\"item\":\"https:\/\/tourtravelandmore.com\/fr\/tours\/\"},{\"@type\":\"ListItem\",\"position\":3,\"name\":\"Excursion priv\u00e9e d&rsquo;une journ\u00e9e au parc national de Yosemite\"}]},{\"@type\":\"WebSite\",\"@id\":\"https:\/\/tourtravelandmore.com\/fr\/#website\",\"url\":\"https:\/\/tourtravelandmore.com\/fr\/\",\"name\":\"Tour Travel And More\",\"description\":\"Private sightseeing tours and luxury transfers in Spain\",\"publisher\":{\"@id\":\"https:\/\/tourtravelandmore.com\/fr\/#organization\"},\"potentialAction\":[{\"@type\":\"SearchAction\",\"target\":{\"@type\":\"EntryPoint\",\"urlTemplate\":\"https:\/\/tourtravelandmore.com\/fr\/?s={search_term_string}\"},\"query-input\":{\"@type\":\"PropertyValueSpecification\",\"valueRequired\":true,\"valueName\":\"search_term_string\"}}],\"inLanguage\":\"fr-FR\"},{\"@type\":\"Organization\",\"@id\":\"https:\/\/tourtravelandmore.com\/fr\/#organization\",\"name\":\"Tour Travel And More\",\"url\":\"https:\/\/tourtravelandmore.com\/fr\/\",\"logo\":{\"@type\":\"ImageObject\",\"inLanguage\":\"fr-FR\",\"@id\":\"https:\/\/tourtravelandmore.com\/fr\/#\/schema\/logo\/image\/\",\"url\":\"https:\/\/tourtravelandmore.com\/wp-content\/uploads\/2022\/12\/cropped-logo-cabecera-new.png\",\"contentUrl\":\"https:\/\/tourtravelandmore.com\/wp-content\/uploads\/2022\/12\/cropped-logo-cabecera-new.png\",\"width\":430,\"height\":61,\"caption\":\"Tour Travel And More\"},\"image\":{\"@id\":\"https:\/\/tourtravelandmore.com\/fr\/#\/schema\/logo\/image\/\"},\"sameAs\":[\"https:\/\/www.facebook.com\/tourtravelandmore\/\",\"https:\/\/x.com\/TourTravel_More\"]}]}<\/script>\n<!-- \/ Yoast SEO Premium plugin. -->","yoast_head_json":{"title":"Visite priv\u00e9e \u00e0 Yosemite de San Francisco avec chauffeur et guide","description":"Yosemite est une excellente tourn\u00e9e \u00e0 appr\u00e9cier en toute saison de l'ann\u00e9e. Tirez le meilleur parti de votre temps et profitez de notre visite priv\u00e9e \u00e0 Yosemite au d\u00e9part de San Francisco.","robots":{"index":"index","follow":"follow","max-snippet":"max-snippet:-1","max-image-preview":"max-image-preview:large","max-video-preview":"max-video-preview:-1"},"canonical":"https:\/\/tourtravelandmore.com\/fr\/tours\/etats-unis-fr\/san-francisco-fr\/excursion-privee-dune-journee-au-parc-national-de-yosemite\/","og_locale":"fr_FR","og_type":"article","og_title":"Excursion priv\u00e9e d'une journ\u00e9e au parc national de Yosemite","og_description":"Yosemite est une excellente tourn\u00e9e \u00e0 appr\u00e9cier en toute saison de l'ann\u00e9e. Tirez le meilleur parti de votre temps et profitez de notre visite priv\u00e9e \u00e0 Yosemite au d\u00e9part de San Francisco.","og_url":"https:\/\/tourtravelandmore.com\/fr\/tours\/etats-unis-fr\/san-francisco-fr\/excursion-privee-dune-journee-au-parc-national-de-yosemite\/","og_site_name":"Tour Travel And More","article_publisher":"https:\/\/www.facebook.com\/tourtravelandmore\/","article_modified_time":"2021-03-23T19:47:38+00:00","og_image":[{"width":960,"height":539,"url":"https:\/\/tourtravelandmore.com\/wp-content\/uploads\/2020\/04\/yosemite-national-park-2405333_960_720.jpg","type":"image\/jpeg"}],"twitter_card":"summary_large_image","twitter_site":"@TourTravel_More","twitter_misc":{"Dur\u00e9e de lecture estim\u00e9e":"2 minutes"},"schema":{"@context":"https:\/\/schema.org","@graph":[{"@type":"WebPage","@id":"https:\/\/tourtravelandmore.com\/fr\/tours\/etats-unis-fr\/san-francisco-fr\/excursion-privee-dune-journee-au-parc-national-de-yosemite\/","url":"https:\/\/tourtravelandmore.com\/fr\/tours\/etats-unis-fr\/san-francisco-fr\/excursion-privee-dune-journee-au-parc-national-de-yosemite\/","name":"Visite priv\u00e9e \u00e0 Yosemite de San Francisco avec chauffeur et guide","isPartOf":{"@id":"https:\/\/tourtravelandmore.com\/fr\/#website"},"primaryImageOfPage":{"@id":"https:\/\/tourtravelandmore.com\/fr\/tours\/etats-unis-fr\/san-francisco-fr\/excursion-privee-dune-journee-au-parc-national-de-yosemite\/#primaryimage"},"image":{"@id":"https:\/\/tourtravelandmore.com\/fr\/tours\/etats-unis-fr\/san-francisco-fr\/excursion-privee-dune-journee-au-parc-national-de-yosemite\/#primaryimage"},"thumbnailUrl":"https:\/\/tourtravelandmore.com\/wp-content\/uploads\/2020\/04\/yosemite-national-park-2405333_960_720.jpg","datePublished":"2020-04-09T11:39:42+00:00","dateModified":"2021-03-23T19:47:38+00:00","description":"Yosemite est une excellente tourn\u00e9e \u00e0 appr\u00e9cier en toute saison de l'ann\u00e9e. Tirez le meilleur parti de votre temps et profitez de notre visite priv\u00e9e \u00e0 Yosemite au d\u00e9part de San Francisco.","breadcrumb":{"@id":"https:\/\/tourtravelandmore.com\/fr\/tours\/etats-unis-fr\/san-francisco-fr\/excursion-privee-dune-journee-au-parc-national-de-yosemite\/#breadcrumb"},"inLanguage":"fr-FR","potentialAction":[{"@type":"ReadAction","target":["https:\/\/tourtravelandmore.com\/fr\/tours\/etats-unis-fr\/san-francisco-fr\/excursion-privee-dune-journee-au-parc-national-de-yosemite\/"]}]},{"@type":"ImageObject","inLanguage":"fr-FR","@id":"https:\/\/tourtravelandmore.com\/fr\/tours\/etats-unis-fr\/san-francisco-fr\/excursion-privee-dune-journee-au-parc-national-de-yosemite\/#primaryimage","url":"https:\/\/tourtravelandmore.com\/wp-content\/uploads\/2020\/04\/yosemite-national-park-2405333_960_720.jpg","contentUrl":"https:\/\/tourtravelandmore.com\/wp-content\/uploads\/2020\/04\/yosemite-national-park-2405333_960_720.jpg","width":960,"height":539},{"@type":"BreadcrumbList","@id":"https:\/\/tourtravelandmore.com\/fr\/tours\/etats-unis-fr\/san-francisco-fr\/excursion-privee-dune-journee-au-parc-national-de-yosemite\/#breadcrumb","itemListElement":[{"@type":"ListItem","position":1,"name":"Home","item":"https:\/\/tourtravelandmore.com\/fr\/"},{"@type":"ListItem","position":2,"name":"Tours","item":"https:\/\/tourtravelandmore.com\/fr\/tours\/"},{"@type":"ListItem","position":3,"name":"Excursion priv\u00e9e d&rsquo;une journ\u00e9e au parc national de Yosemite"}]},{"@type":"WebSite","@id":"https:\/\/tourtravelandmore.com\/fr\/#website","url":"https:\/\/tourtravelandmore.com\/fr\/","name":"Tour Travel And More","description":"Private sightseeing tours and luxury transfers in Spain","publisher":{"@id":"https:\/\/tourtravelandmore.com\/fr\/#organization"},"potentialAction":[{"@type":"SearchAction","target":{"@type":"EntryPoint","urlTemplate":"https:\/\/tourtravelandmore.com\/fr\/?s={search_term_string}"},"query-input":{"@type":"PropertyValueSpecification","valueRequired":true,"valueName":"search_term_string"}}],"inLanguage":"fr-FR"},{"@type":"Organization","@id":"https:\/\/tourtravelandmore.com\/fr\/#organization","name":"Tour Travel And More","url":"https:\/\/tourtravelandmore.com\/fr\/","logo":{"@type":"ImageObject","inLanguage":"fr-FR","@id":"https:\/\/tourtravelandmore.com\/fr\/#\/schema\/logo\/image\/","url":"https:\/\/tourtravelandmore.com\/wp-content\/uploads\/2022\/12\/cropped-logo-cabecera-new.png","contentUrl":"https:\/\/tourtravelandmore.com\/wp-content\/uploads\/2022\/12\/cropped-logo-cabecera-new.png","width":430,"height":61,"caption":"Tour Travel And More"},"image":{"@id":"https:\/\/tourtravelandmore.com\/fr\/#\/schema\/logo\/image\/"},"sameAs":["https:\/\/www.facebook.com\/tourtravelandmore\/","https:\/\/x.com\/TourTravel_More"]}]}},"_links":{"self":[{"href":"https:\/\/tourtravelandmore.com\/fr\/wp-json\/wp\/v2\/product\/105048","targetHints":{"allow":["GET"]}}],"collection":[{"href":"https:\/\/tourtravelandmore.com\/fr\/wp-json\/wp\/v2\/product"}],"about":[{"href":"https:\/\/tourtravelandmore.com\/fr\/wp-json\/wp\/v2\/types\/product"}],"replies":[{"embeddable":true,"href":"https:\/\/tourtravelandmore.com\/fr\/wp-json\/wp\/v2\/comments?post=105048"}],"wp:featuredmedia":[{"embeddable":true,"href":"https:\/\/tourtravelandmore.com\/fr\/wp-json\/wp\/v2\/media\/97492"}],"wp:attachment":[{"href":"https:\/\/tourtravelandmore.com\/fr\/wp-json\/wp\/v2\/media?parent=105048"}],"wp:term":[{"taxonomy":"product_brand","embeddable":true,"href":"https:\/\/tourtravelandmore.com\/fr\/wp-json\/wp\/v2\/product_brand?post=105048"},{"taxonomy":"product_cat","embeddable":true,"href":"https:\/\/tourtravelandmore.com\/fr\/wp-json\/wp\/v2\/product_cat?post=105048"},{"taxonomy":"product_tag","embeddable":true,"href":"https:\/\/tourtravelandmore.com\/fr\/wp-json\/wp\/v2\/product_tag?post=105048"}],"curies":[{"name":"wp","href":"https:\/\/api.w.org\/{rel}","templated":true}]}}