{"id":105038,"date":"2020-04-03T13:32:26","date_gmt":"2020-04-03T11:32:26","guid":{"rendered":"https:\/\/tourtravelandmore.com\/tours\/non%20class\u00e9\/visite-privee-a-pied-de-san-francisco\/"},"modified":"2021-03-23T20:44:29","modified_gmt":"2021-03-23T19:44:29","slug":"visite-privee-a-pied-de-san-francisco","status":"publish","type":"product","link":"https:\/\/tourtravelandmore.com\/fr\/tours\/etats-unis-fr\/san-francisco-fr\/visite-privee-a-pied-de-san-francisco\/","title":{"rendered":"Visite priv\u00e9e \u00e0 pied de San Francisco"},"content":{"rendered":"<h2>Description<\/h2>\n<p>D\u00e9couvrez l&#8217;une des villes les plus diversifi\u00e9es des \u00c9tats-Unis avec un expert local. Offrez-vous la chance d&#8217;explorer la ville avec notre visite priv\u00e9e \u00e0 pied de San Francisco et visitez les principaux points forts avec un guide agr\u00e9\u00e9.<\/p>\n<p>Pour lancer votre exp\u00e9rience priv\u00e9e, votre guide priv\u00e9 vous attendra \u00e0 un point central d\u00e9sign\u00e9. Il est \u00e9galement possible d&#8217;organiser la prise en charge \u00e0 votre h\u00f4tel si celui-ci est situ\u00e9 au centre.<\/p>\n<p>Profitez de superbes quartiers comme la cath\u00e9drale Sainte-Marie, Painted Ladies, Union Street et bien plus encore. Visitez la ville \u00e0 c\u00f4t\u00e9 d&#8217;un local et d\u00e9couvrez les secrets de la ville. Vous obtiendrez \u00e9galement des conseils sur les meilleurs caf\u00e9s, restaurants, mus\u00e9es et bien plus encore!<\/p>\n<p>L&#8217;itin\u00e9raire de votre visite est enti\u00e8rement modulable selon vos d\u00e9sirs personnels. N&#8217;h\u00e9sitez pas \u00e0 nous contacter si vous avez d\u00e9j\u00e0 une liste de lieux que vous aimeriez visiter.<\/p>\n<h2>Points d&#8217;int\u00e9r\u00eat et points de rep\u00e8re<\/h2>\n<p>San Francisco est bien connue comme l&#8217;une des villes les plus diversifi\u00e9es des \u00c9tats-Unis. Vous trouverez une offre tr\u00e8s large de nourriture, d&#8217;art, de culture et de communaut\u00e9s dans cette ville merveilleuse. Osez d\u00e9couvrir les secrets et l&#8217;histoire de la ville avec notre visite priv\u00e9e \u00e0 pied de San Francisco. Vous aurez un expert local \u00e0 votre enti\u00e8re disposition pendant votre visite.<\/p>\n<p>Il y a beaucoup de choses \u00e0 voir \u00e0 San Francisco! Par exemple:<\/p>\n<ul>\n<li>Fisherman&#8217;s Wharf: le quartier riverain le plus connu de San Francisco<\/li>\n<li>H\u00f4tel Queen Anne<\/li>\n<li>Cath\u00e9drale Sainte-Marie<\/li>\n<li>Quartier de Jackson Square: Ce quartier abrite des galeries d&#8217;art luxueuses, des boutiques d&#8217;antiquit\u00e9s raffin\u00e9es et des boutiques de design d&#8217;int\u00e9rieur, ainsi que certaines des meilleures options de restauration de la ville.<\/li>\n<li>Parc Lafayette<\/li>\n<li>Dames peintes<\/li>\n<li>Pacific Heights<\/li>\n<li>Creux de vache<\/li>\n<li>North Beach: Little Italy: Cette magnifique r\u00e9gion remonte \u00e0 la fin des ann\u00e9es 1800<\/li>\n<li>Rue Union<\/li>\n<li>Chinatown: explorez la partie la plus dens\u00e9ment peupl\u00e9e de la ville<\/li>\n<\/ul>\n<p>Les lieux \u00e0 visiter lors de votre visite priv\u00e9e sont modulables en fonction de vos int\u00e9r\u00eats personnels. Si vous souhaitez visiter des sites particuliers de la ville, faites-le nous savoir. Notre \u00e9quipe d&#8217;experts vous aidera \u00e0 organiser une exp\u00e9rience sur mesure.<\/p>\n","protected":false},"excerpt":{"rendered":"<p>Explorez l&#8217;une des villes les plus diversifi\u00e9es du pays aux c\u00f4t\u00e9s d&#8217;un expert local. Apprenez l&#8217;histoire et les secrets de la ville \u00e0 c\u00f4t\u00e9 de votre guide priv\u00e9 agr\u00e9\u00e9.<\/p>\n","protected":false},"featured_media":97466,"comment_status":"open","ping_status":"closed","template":"","meta":{"_acf_changed":false},"product_brand":[],"product_cat":[3547,3548],"product_tag":[],"class_list":{"0":"post-105038","1":"product","2":"type-product","3":"status-publish","4":"has-post-thumbnail","6":"product_cat-etats-unis-fr","7":"product_cat-san-francisco-fr","9":"first","10":"instock","11":"shipping-taxable","12":"purchasable","13":"product-type-simple"},"acf":[],"yoast_head":"<!-- This site is optimized with the Yoast SEO Premium plugin v25.3.1 (Yoast SEO v25.3.1) - https:\/\/yoast.com\/wordpress\/plugins\/seo\/ -->\n<title>Visite priv\u00e9e \u00e0 pied de San Francisco<\/title>\n<meta name=\"description\" content=\"D\u00e9couvrez de superbes quartiers de San Francisco comme la cath\u00e9drale Sainte-Marie, Painted Ladies, Union Street et bien plus encore. Profitez de notre visite priv\u00e9e \u00e0 pied de San Francisco\" \/>\n<meta name=\"robots\" content=\"index, follow, max-snippet:-1, max-image-preview:large, max-video-preview:-1\" \/>\n<link rel=\"canonical\" href=\"https:\/\/tourtravelandmore.com\/fr\/tours\/etats-unis-fr\/san-francisco-fr\/visite-privee-a-pied-de-san-francisco\/\" \/>\n<meta property=\"og:locale\" content=\"fr_FR\" \/>\n<meta property=\"og:type\" content=\"article\" \/>\n<meta property=\"og:title\" content=\"Visite priv\u00e9e \u00e0 pied de San Francisco\" \/>\n<meta property=\"og:description\" content=\"D\u00e9couvrez de superbes quartiers de San Francisco comme la cath\u00e9drale Sainte-Marie, Painted Ladies, Union Street et bien plus encore. Profitez de notre visite priv\u00e9e \u00e0 pied de San Francisco\" \/>\n<meta property=\"og:url\" content=\"https:\/\/tourtravelandmore.com\/fr\/tours\/etats-unis-fr\/san-francisco-fr\/visite-privee-a-pied-de-san-francisco\/\" \/>\n<meta property=\"og:site_name\" content=\"Tour Travel And More\" \/>\n<meta property=\"article:publisher\" content=\"https:\/\/www.facebook.com\/tourtravelandmore\/\" \/>\n<meta property=\"article:modified_time\" content=\"2021-03-23T19:44:29+00:00\" \/>\n<meta property=\"og:image\" content=\"https:\/\/tourtravelandmore.com\/wp-content\/uploads\/2020\/04\/Union-square.jpg\" \/>\n\t<meta property=\"og:image:width\" content=\"1023\" \/>\n\t<meta property=\"og:image:height\" content=\"734\" \/>\n\t<meta property=\"og:image:type\" content=\"image\/jpeg\" \/>\n<meta name=\"twitter:card\" content=\"summary_large_image\" \/>\n<meta name=\"twitter:site\" content=\"@TourTravel_More\" \/>\n<meta name=\"twitter:label1\" content=\"Dur\u00e9e de lecture estim\u00e9e\" \/>\n\t<meta name=\"twitter:data1\" content=\"2 minutes\" \/>\n<script type=\"application\/ld+json\" class=\"yoast-schema-graph\">{\"@context\":\"https:\/\/schema.org\",\"@graph\":[{\"@type\":\"WebPage\",\"@id\":\"https:\/\/tourtravelandmore.com\/fr\/tours\/etats-unis-fr\/san-francisco-fr\/visite-privee-a-pied-de-san-francisco\/\",\"url\":\"https:\/\/tourtravelandmore.com\/fr\/tours\/etats-unis-fr\/san-francisco-fr\/visite-privee-a-pied-de-san-francisco\/\",\"name\":\"Visite priv\u00e9e \u00e0 pied de San Francisco\",\"isPartOf\":{\"@id\":\"https:\/\/tourtravelandmore.com\/fr\/#website\"},\"primaryImageOfPage\":{\"@id\":\"https:\/\/tourtravelandmore.com\/fr\/tours\/etats-unis-fr\/san-francisco-fr\/visite-privee-a-pied-de-san-francisco\/#primaryimage\"},\"image\":{\"@id\":\"https:\/\/tourtravelandmore.com\/fr\/tours\/etats-unis-fr\/san-francisco-fr\/visite-privee-a-pied-de-san-francisco\/#primaryimage\"},\"thumbnailUrl\":\"https:\/\/tourtravelandmore.com\/wp-content\/uploads\/2020\/04\/Union-square.jpg\",\"datePublished\":\"2020-04-03T11:32:26+00:00\",\"dateModified\":\"2021-03-23T19:44:29+00:00\",\"description\":\"D\u00e9couvrez de superbes quartiers de San Francisco comme la cath\u00e9drale Sainte-Marie, Painted Ladies, Union Street et bien plus encore. Profitez de notre visite priv\u00e9e \u00e0 pied de San Francisco\",\"breadcrumb\":{\"@id\":\"https:\/\/tourtravelandmore.com\/fr\/tours\/etats-unis-fr\/san-francisco-fr\/visite-privee-a-pied-de-san-francisco\/#breadcrumb\"},\"inLanguage\":\"fr-FR\",\"potentialAction\":[{\"@type\":\"ReadAction\",\"target\":[\"https:\/\/tourtravelandmore.com\/fr\/tours\/etats-unis-fr\/san-francisco-fr\/visite-privee-a-pied-de-san-francisco\/\"]}]},{\"@type\":\"ImageObject\",\"inLanguage\":\"fr-FR\",\"@id\":\"https:\/\/tourtravelandmore.com\/fr\/tours\/etats-unis-fr\/san-francisco-fr\/visite-privee-a-pied-de-san-francisco\/#primaryimage\",\"url\":\"https:\/\/tourtravelandmore.com\/wp-content\/uploads\/2020\/04\/Union-square.jpg\",\"contentUrl\":\"https:\/\/tourtravelandmore.com\/wp-content\/uploads\/2020\/04\/Union-square.jpg\",\"width\":1023,\"height\":734},{\"@type\":\"BreadcrumbList\",\"@id\":\"https:\/\/tourtravelandmore.com\/fr\/tours\/etats-unis-fr\/san-francisco-fr\/visite-privee-a-pied-de-san-francisco\/#breadcrumb\",\"itemListElement\":[{\"@type\":\"ListItem\",\"position\":1,\"name\":\"Home\",\"item\":\"https:\/\/tourtravelandmore.com\/fr\/\"},{\"@type\":\"ListItem\",\"position\":2,\"name\":\"Tours\",\"item\":\"https:\/\/tourtravelandmore.com\/fr\/tours\/\"},{\"@type\":\"ListItem\",\"position\":3,\"name\":\"Visite priv\u00e9e \u00e0 pied de San Francisco\"}]},{\"@type\":\"WebSite\",\"@id\":\"https:\/\/tourtravelandmore.com\/fr\/#website\",\"url\":\"https:\/\/tourtravelandmore.com\/fr\/\",\"name\":\"Tour Travel And More\",\"description\":\"Private sightseeing tours and luxury transfers in Spain\",\"publisher\":{\"@id\":\"https:\/\/tourtravelandmore.com\/fr\/#organization\"},\"potentialAction\":[{\"@type\":\"SearchAction\",\"target\":{\"@type\":\"EntryPoint\",\"urlTemplate\":\"https:\/\/tourtravelandmore.com\/fr\/?s={search_term_string}\"},\"query-input\":{\"@type\":\"PropertyValueSpecification\",\"valueRequired\":true,\"valueName\":\"search_term_string\"}}],\"inLanguage\":\"fr-FR\"},{\"@type\":\"Organization\",\"@id\":\"https:\/\/tourtravelandmore.com\/fr\/#organization\",\"name\":\"Tour Travel And More\",\"url\":\"https:\/\/tourtravelandmore.com\/fr\/\",\"logo\":{\"@type\":\"ImageObject\",\"inLanguage\":\"fr-FR\",\"@id\":\"https:\/\/tourtravelandmore.com\/fr\/#\/schema\/logo\/image\/\",\"url\":\"https:\/\/tourtravelandmore.com\/wp-content\/uploads\/2022\/12\/cropped-logo-cabecera-new.png\",\"contentUrl\":\"https:\/\/tourtravelandmore.com\/wp-content\/uploads\/2022\/12\/cropped-logo-cabecera-new.png\",\"width\":430,\"height\":61,\"caption\":\"Tour Travel And More\"},\"image\":{\"@id\":\"https:\/\/tourtravelandmore.com\/fr\/#\/schema\/logo\/image\/\"},\"sameAs\":[\"https:\/\/www.facebook.com\/tourtravelandmore\/\",\"https:\/\/x.com\/TourTravel_More\"]}]}<\/script>\n<!-- \/ Yoast SEO Premium plugin. -->","yoast_head_json":{"title":"Visite priv\u00e9e \u00e0 pied de San Francisco","description":"D\u00e9couvrez de superbes quartiers de San Francisco comme la cath\u00e9drale Sainte-Marie, Painted Ladies, Union Street et bien plus encore. Profitez de notre visite priv\u00e9e \u00e0 pied de San Francisco","robots":{"index":"index","follow":"follow","max-snippet":"max-snippet:-1","max-image-preview":"max-image-preview:large","max-video-preview":"max-video-preview:-1"},"canonical":"https:\/\/tourtravelandmore.com\/fr\/tours\/etats-unis-fr\/san-francisco-fr\/visite-privee-a-pied-de-san-francisco\/","og_locale":"fr_FR","og_type":"article","og_title":"Visite priv\u00e9e \u00e0 pied de San Francisco","og_description":"D\u00e9couvrez de superbes quartiers de San Francisco comme la cath\u00e9drale Sainte-Marie, Painted Ladies, Union Street et bien plus encore. Profitez de notre visite priv\u00e9e \u00e0 pied de San Francisco","og_url":"https:\/\/tourtravelandmore.com\/fr\/tours\/etats-unis-fr\/san-francisco-fr\/visite-privee-a-pied-de-san-francisco\/","og_site_name":"Tour Travel And More","article_publisher":"https:\/\/www.facebook.com\/tourtravelandmore\/","article_modified_time":"2021-03-23T19:44:29+00:00","og_image":[{"width":1023,"height":734,"url":"https:\/\/tourtravelandmore.com\/wp-content\/uploads\/2020\/04\/Union-square.jpg","type":"image\/jpeg"}],"twitter_card":"summary_large_image","twitter_site":"@TourTravel_More","twitter_misc":{"Dur\u00e9e de lecture estim\u00e9e":"2 minutes"},"schema":{"@context":"https:\/\/schema.org","@graph":[{"@type":"WebPage","@id":"https:\/\/tourtravelandmore.com\/fr\/tours\/etats-unis-fr\/san-francisco-fr\/visite-privee-a-pied-de-san-francisco\/","url":"https:\/\/tourtravelandmore.com\/fr\/tours\/etats-unis-fr\/san-francisco-fr\/visite-privee-a-pied-de-san-francisco\/","name":"Visite priv\u00e9e \u00e0 pied de San Francisco","isPartOf":{"@id":"https:\/\/tourtravelandmore.com\/fr\/#website"},"primaryImageOfPage":{"@id":"https:\/\/tourtravelandmore.com\/fr\/tours\/etats-unis-fr\/san-francisco-fr\/visite-privee-a-pied-de-san-francisco\/#primaryimage"},"image":{"@id":"https:\/\/tourtravelandmore.com\/fr\/tours\/etats-unis-fr\/san-francisco-fr\/visite-privee-a-pied-de-san-francisco\/#primaryimage"},"thumbnailUrl":"https:\/\/tourtravelandmore.com\/wp-content\/uploads\/2020\/04\/Union-square.jpg","datePublished":"2020-04-03T11:32:26+00:00","dateModified":"2021-03-23T19:44:29+00:00","description":"D\u00e9couvrez de superbes quartiers de San Francisco comme la cath\u00e9drale Sainte-Marie, Painted Ladies, Union Street et bien plus encore. Profitez de notre visite priv\u00e9e \u00e0 pied de San Francisco","breadcrumb":{"@id":"https:\/\/tourtravelandmore.com\/fr\/tours\/etats-unis-fr\/san-francisco-fr\/visite-privee-a-pied-de-san-francisco\/#breadcrumb"},"inLanguage":"fr-FR","potentialAction":[{"@type":"ReadAction","target":["https:\/\/tourtravelandmore.com\/fr\/tours\/etats-unis-fr\/san-francisco-fr\/visite-privee-a-pied-de-san-francisco\/"]}]},{"@type":"ImageObject","inLanguage":"fr-FR","@id":"https:\/\/tourtravelandmore.com\/fr\/tours\/etats-unis-fr\/san-francisco-fr\/visite-privee-a-pied-de-san-francisco\/#primaryimage","url":"https:\/\/tourtravelandmore.com\/wp-content\/uploads\/2020\/04\/Union-square.jpg","contentUrl":"https:\/\/tourtravelandmore.com\/wp-content\/uploads\/2020\/04\/Union-square.jpg","width":1023,"height":734},{"@type":"BreadcrumbList","@id":"https:\/\/tourtravelandmore.com\/fr\/tours\/etats-unis-fr\/san-francisco-fr\/visite-privee-a-pied-de-san-francisco\/#breadcrumb","itemListElement":[{"@type":"ListItem","position":1,"name":"Home","item":"https:\/\/tourtravelandmore.com\/fr\/"},{"@type":"ListItem","position":2,"name":"Tours","item":"https:\/\/tourtravelandmore.com\/fr\/tours\/"},{"@type":"ListItem","position":3,"name":"Visite priv\u00e9e \u00e0 pied de San Francisco"}]},{"@type":"WebSite","@id":"https:\/\/tourtravelandmore.com\/fr\/#website","url":"https:\/\/tourtravelandmore.com\/fr\/","name":"Tour Travel And More","description":"Private sightseeing tours and luxury transfers in Spain","publisher":{"@id":"https:\/\/tourtravelandmore.com\/fr\/#organization"},"potentialAction":[{"@type":"SearchAction","target":{"@type":"EntryPoint","urlTemplate":"https:\/\/tourtravelandmore.com\/fr\/?s={search_term_string}"},"query-input":{"@type":"PropertyValueSpecification","valueRequired":true,"valueName":"search_term_string"}}],"inLanguage":"fr-FR"},{"@type":"Organization","@id":"https:\/\/tourtravelandmore.com\/fr\/#organization","name":"Tour Travel And More","url":"https:\/\/tourtravelandmore.com\/fr\/","logo":{"@type":"ImageObject","inLanguage":"fr-FR","@id":"https:\/\/tourtravelandmore.com\/fr\/#\/schema\/logo\/image\/","url":"https:\/\/tourtravelandmore.com\/wp-content\/uploads\/2022\/12\/cropped-logo-cabecera-new.png","contentUrl":"https:\/\/tourtravelandmore.com\/wp-content\/uploads\/2022\/12\/cropped-logo-cabecera-new.png","width":430,"height":61,"caption":"Tour Travel And More"},"image":{"@id":"https:\/\/tourtravelandmore.com\/fr\/#\/schema\/logo\/image\/"},"sameAs":["https:\/\/www.facebook.com\/tourtravelandmore\/","https:\/\/x.com\/TourTravel_More"]}]}},"_links":{"self":[{"href":"https:\/\/tourtravelandmore.com\/fr\/wp-json\/wp\/v2\/product\/105038","targetHints":{"allow":["GET"]}}],"collection":[{"href":"https:\/\/tourtravelandmore.com\/fr\/wp-json\/wp\/v2\/product"}],"about":[{"href":"https:\/\/tourtravelandmore.com\/fr\/wp-json\/wp\/v2\/types\/product"}],"replies":[{"embeddable":true,"href":"https:\/\/tourtravelandmore.com\/fr\/wp-json\/wp\/v2\/comments?post=105038"}],"wp:featuredmedia":[{"embeddable":true,"href":"https:\/\/tourtravelandmore.com\/fr\/wp-json\/wp\/v2\/media\/97466"}],"wp:attachment":[{"href":"https:\/\/tourtravelandmore.com\/fr\/wp-json\/wp\/v2\/media?parent=105038"}],"wp:term":[{"taxonomy":"product_brand","embeddable":true,"href":"https:\/\/tourtravelandmore.com\/fr\/wp-json\/wp\/v2\/product_brand?post=105038"},{"taxonomy":"product_cat","embeddable":true,"href":"https:\/\/tourtravelandmore.com\/fr\/wp-json\/wp\/v2\/product_cat?post=105038"},{"taxonomy":"product_tag","embeddable":true,"href":"https:\/\/tourtravelandmore.com\/fr\/wp-json\/wp\/v2\/product_tag?post=105038"}],"curies":[{"name":"wp","href":"https:\/\/api.w.org\/{rel}","templated":true}]}}