{"id":105033,"date":"2020-04-03T13:10:28","date_gmt":"2020-04-03T11:10:28","guid":{"rendered":"https:\/\/tourtravelandmore.com\/tours\/non%20class\u00e9\/visite-privee-de-san-francisco-avec-visite-dalcatraz\/"},"modified":"2021-03-23T20:43:08","modified_gmt":"2021-03-23T19:43:08","slug":"visite-privee-de-san-francisco-avec-visite-dalcatraz","status":"publish","type":"product","link":"https:\/\/tourtravelandmore.com\/fr\/tours\/etats-unis-fr\/san-francisco-fr\/visite-privee-de-san-francisco-avec-visite-dalcatraz\/","title":{"rendered":"Visite priv\u00e9e de San Francisco avec visite d&#8217;Alcatraz"},"content":{"rendered":"<h2>Description<\/h2>\n<p>D\u00e9couvrez la ville de San Francisco et \u00e9vadez-vous sur l&#8217;\u00eele d&#8217;Alcatraz. Profitez d&#8217;une visite priv\u00e9e d&#8217;une journ\u00e9e compl\u00e8te de San Francisco \u00e0 c\u00f4t\u00e9 d&#8217;un expert local.<\/p>\n<p>Tout d&#8217;abord, votre chauffeur priv\u00e9 et votre guide viendront vous chercher \u00e0 l&#8217;endroit souhait\u00e9 \u00e0 San Francisco. Apr\u00e8s cela, vous lancerez votre visite priv\u00e9e personnalis\u00e9e.<\/p>\n<p>Profitez de sites uniques comme Alcatraz et Golden Gate. Vous visiterez des sites repr\u00e9sentatifs de la ville tels que Painted Ladies et Pier 39, ainsi que le Fisherman\u2019s Wharf.<\/p>\n<p>Nous pouvons organiser la prise en charge depuis n&#8217;importe quel endroit de votre choix. La prise en charge peut \u00eatre r\u00e9gl\u00e9e depuis un h\u00f4tel ou un h\u00e9bergement, un port de croisi\u00e8re pour votre excursion \u00e0 terre ou m\u00eame depuis l&#8217;a\u00e9roport pendant votre escale.<\/p>\n<h2>Sites d&#8217;int\u00e9r\u00eat et points de rep\u00e8re<\/h2>\n<p>Nous vous proposerons une excursion priv\u00e9e d&#8217;une journ\u00e9e compl\u00e8te \u00e0 San Francisco pour avoir une br\u00e8ve vue sur la ville et profiter d&#8217;environ 4 heures \u00e0 Alcatraz (y compris l&#8217;heure du ferry).<\/p>\n<p>Votre chauffeur &#8211; guide priv\u00e9 sera \u00e0 votre disposition pour en profiter au maximum. Vous explorerez les principaux sites de San Francisco, par exemple:<\/p>\n<ul>\n<li>Washington Square<\/li>\n<li>Jet\u00e9e 39<\/li>\n<li>Quartier Fisherman\u2019s Wharf: marchez au bord de l&#8217;oc\u00e9an tout en visitant les magnifiques caf\u00e9s et restaurants<\/li>\n<li>L&#8217;Embarcadero<\/li>\n<li>le pont du Golden Gate<\/li>\n<li>Union Square<\/li>\n<li>Alamo Square: les maisons victoriennes, \u00e9galement connues sous le nom de Painted Ladies.<\/li>\n<li>Lombard Street<\/li>\n<li>Th\u00e9\u00e2tre du Palais des Beaux-Arts<\/li>\n<li>Chinatown: une des plus grandes communaut\u00e9s chinoises au monde.<\/li>\n<li>Mairie<\/li>\n<\/ul>\n<p>Apr\u00e8s avoir explor\u00e9 la ville, vous visiterez Alcatraz. Nous nous dirigerons vers le Pier 33, et de l\u00e0, nous prendrons le ferry en direction d&#8217;Alcatraz. Le trajet durera environ 15 minutes. Vous appr\u00e9cierez une visite d&#8217;Alcatraz et de tout ce qu&#8217;il a \u00e0 offrir. Votre guide sera \u00e0 vos c\u00f4t\u00e9s pour cette exp\u00e9rience.<\/p>\n<p>Nous prendrons le ferry pour San Francisco o\u00f9 votre chauffeur vous ram\u00e8nera \u00e0 votre h\u00f4tel ou lieu de votre choix dans la ville.<\/p>\n","protected":false},"excerpt":{"rendered":"<p>Profitez de cette occasion pour conna\u00eetre San Francisco et Alcatraz lors de cette exp\u00e9rience avec votre propre chauffeur-guide priv\u00e9. Personnalisez votre propre exp\u00e9rience. Ne manquez pas les monuments et sites tels que Washington Square, le Pier 39, le Golden Gate Bridge et Alcatraz et bien plus encore!<\/p>\n","protected":false},"featured_media":93257,"comment_status":"open","ping_status":"closed","template":"","meta":{"_acf_changed":false},"product_brand":[],"product_cat":[3547,3548],"product_tag":[],"class_list":{"0":"post-105033","1":"product","2":"type-product","3":"status-publish","4":"has-post-thumbnail","6":"product_cat-etats-unis-fr","7":"product_cat-san-francisco-fr","9":"first","10":"instock","11":"shipping-taxable","12":"purchasable","13":"product-type-simple"},"acf":[],"yoast_head":"<!-- This site is optimized with the Yoast SEO Premium plugin v25.3.1 (Yoast SEO v25.3.1) - https:\/\/yoast.com\/wordpress\/plugins\/seo\/ -->\n<title>Visite priv\u00e9e de San Francisco avec visite d&#039;Alcatraz<\/title>\n<meta name=\"description\" content=\"Profitez d&#039;une visite priv\u00e9e d&#039;une journ\u00e9e compl\u00e8te de San Francisco et obtenez une br\u00e8ve vue de la ville et visitez Alcatraz \u00e0 c\u00f4t\u00e9 de votre guide priv\u00e9 agr\u00e9\u00e9\" \/>\n<meta name=\"robots\" content=\"index, follow, max-snippet:-1, max-image-preview:large, max-video-preview:-1\" \/>\n<link rel=\"canonical\" href=\"https:\/\/tourtravelandmore.com\/fr\/tours\/etats-unis-fr\/san-francisco-fr\/visite-privee-de-san-francisco-avec-visite-dalcatraz\/\" \/>\n<meta property=\"og:locale\" content=\"fr_FR\" \/>\n<meta property=\"og:type\" content=\"article\" \/>\n<meta property=\"og:title\" content=\"Visite priv\u00e9e de San Francisco avec visite d&#039;Alcatraz\" \/>\n<meta property=\"og:description\" content=\"Profitez d&#039;une visite priv\u00e9e d&#039;une journ\u00e9e compl\u00e8te de San Francisco et obtenez une br\u00e8ve vue de la ville et visitez Alcatraz \u00e0 c\u00f4t\u00e9 de votre guide priv\u00e9 agr\u00e9\u00e9\" \/>\n<meta property=\"og:url\" content=\"https:\/\/tourtravelandmore.com\/fr\/tours\/etats-unis-fr\/san-francisco-fr\/visite-privee-de-san-francisco-avec-visite-dalcatraz\/\" \/>\n<meta property=\"og:site_name\" content=\"Tour Travel And More\" \/>\n<meta property=\"article:publisher\" content=\"https:\/\/www.facebook.com\/tourtravelandmore\/\" \/>\n<meta property=\"article:modified_time\" content=\"2021-03-23T19:43:08+00:00\" \/>\n<meta property=\"og:image\" content=\"https:\/\/tourtravelandmore.com\/wp-content\/uploads\/2020\/03\/san-francisco-6.jpg\" \/>\n\t<meta property=\"og:image:width\" content=\"1600\" \/>\n\t<meta property=\"og:image:height\" content=\"900\" \/>\n\t<meta property=\"og:image:type\" content=\"image\/jpeg\" \/>\n<meta name=\"twitter:card\" content=\"summary_large_image\" \/>\n<meta name=\"twitter:site\" content=\"@TourTravel_More\" \/>\n<meta name=\"twitter:label1\" content=\"Dur\u00e9e de lecture estim\u00e9e\" \/>\n\t<meta name=\"twitter:data1\" content=\"2 minutes\" \/>\n<script type=\"application\/ld+json\" class=\"yoast-schema-graph\">{\"@context\":\"https:\/\/schema.org\",\"@graph\":[{\"@type\":\"WebPage\",\"@id\":\"https:\/\/tourtravelandmore.com\/fr\/tours\/etats-unis-fr\/san-francisco-fr\/visite-privee-de-san-francisco-avec-visite-dalcatraz\/\",\"url\":\"https:\/\/tourtravelandmore.com\/fr\/tours\/etats-unis-fr\/san-francisco-fr\/visite-privee-de-san-francisco-avec-visite-dalcatraz\/\",\"name\":\"Visite priv\u00e9e de San Francisco avec visite d'Alcatraz\",\"isPartOf\":{\"@id\":\"https:\/\/tourtravelandmore.com\/fr\/#website\"},\"primaryImageOfPage\":{\"@id\":\"https:\/\/tourtravelandmore.com\/fr\/tours\/etats-unis-fr\/san-francisco-fr\/visite-privee-de-san-francisco-avec-visite-dalcatraz\/#primaryimage\"},\"image\":{\"@id\":\"https:\/\/tourtravelandmore.com\/fr\/tours\/etats-unis-fr\/san-francisco-fr\/visite-privee-de-san-francisco-avec-visite-dalcatraz\/#primaryimage\"},\"thumbnailUrl\":\"https:\/\/tourtravelandmore.com\/wp-content\/uploads\/2020\/03\/san-francisco-6.jpg\",\"datePublished\":\"2020-04-03T11:10:28+00:00\",\"dateModified\":\"2021-03-23T19:43:08+00:00\",\"description\":\"Profitez d'une visite priv\u00e9e d'une journ\u00e9e compl\u00e8te de San Francisco et obtenez une br\u00e8ve vue de la ville et visitez Alcatraz \u00e0 c\u00f4t\u00e9 de votre guide priv\u00e9 agr\u00e9\u00e9\",\"breadcrumb\":{\"@id\":\"https:\/\/tourtravelandmore.com\/fr\/tours\/etats-unis-fr\/san-francisco-fr\/visite-privee-de-san-francisco-avec-visite-dalcatraz\/#breadcrumb\"},\"inLanguage\":\"fr-FR\",\"potentialAction\":[{\"@type\":\"ReadAction\",\"target\":[\"https:\/\/tourtravelandmore.com\/fr\/tours\/etats-unis-fr\/san-francisco-fr\/visite-privee-de-san-francisco-avec-visite-dalcatraz\/\"]}]},{\"@type\":\"ImageObject\",\"inLanguage\":\"fr-FR\",\"@id\":\"https:\/\/tourtravelandmore.com\/fr\/tours\/etats-unis-fr\/san-francisco-fr\/visite-privee-de-san-francisco-avec-visite-dalcatraz\/#primaryimage\",\"url\":\"https:\/\/tourtravelandmore.com\/wp-content\/uploads\/2020\/03\/san-francisco-6.jpg\",\"contentUrl\":\"https:\/\/tourtravelandmore.com\/wp-content\/uploads\/2020\/03\/san-francisco-6.jpg\",\"width\":1600,\"height\":900},{\"@type\":\"BreadcrumbList\",\"@id\":\"https:\/\/tourtravelandmore.com\/fr\/tours\/etats-unis-fr\/san-francisco-fr\/visite-privee-de-san-francisco-avec-visite-dalcatraz\/#breadcrumb\",\"itemListElement\":[{\"@type\":\"ListItem\",\"position\":1,\"name\":\"Home\",\"item\":\"https:\/\/tourtravelandmore.com\/fr\/\"},{\"@type\":\"ListItem\",\"position\":2,\"name\":\"Tours\",\"item\":\"https:\/\/tourtravelandmore.com\/fr\/tours\/\"},{\"@type\":\"ListItem\",\"position\":3,\"name\":\"Visite priv\u00e9e de San Francisco avec visite d&rsquo;Alcatraz\"}]},{\"@type\":\"WebSite\",\"@id\":\"https:\/\/tourtravelandmore.com\/fr\/#website\",\"url\":\"https:\/\/tourtravelandmore.com\/fr\/\",\"name\":\"Tour Travel And More\",\"description\":\"Private sightseeing tours and luxury transfers in Spain\",\"publisher\":{\"@id\":\"https:\/\/tourtravelandmore.com\/fr\/#organization\"},\"potentialAction\":[{\"@type\":\"SearchAction\",\"target\":{\"@type\":\"EntryPoint\",\"urlTemplate\":\"https:\/\/tourtravelandmore.com\/fr\/?s={search_term_string}\"},\"query-input\":{\"@type\":\"PropertyValueSpecification\",\"valueRequired\":true,\"valueName\":\"search_term_string\"}}],\"inLanguage\":\"fr-FR\"},{\"@type\":\"Organization\",\"@id\":\"https:\/\/tourtravelandmore.com\/fr\/#organization\",\"name\":\"Tour Travel And More\",\"url\":\"https:\/\/tourtravelandmore.com\/fr\/\",\"logo\":{\"@type\":\"ImageObject\",\"inLanguage\":\"fr-FR\",\"@id\":\"https:\/\/tourtravelandmore.com\/fr\/#\/schema\/logo\/image\/\",\"url\":\"https:\/\/tourtravelandmore.com\/wp-content\/uploads\/2022\/12\/cropped-logo-cabecera-new.png\",\"contentUrl\":\"https:\/\/tourtravelandmore.com\/wp-content\/uploads\/2022\/12\/cropped-logo-cabecera-new.png\",\"width\":430,\"height\":61,\"caption\":\"Tour Travel And More\"},\"image\":{\"@id\":\"https:\/\/tourtravelandmore.com\/fr\/#\/schema\/logo\/image\/\"},\"sameAs\":[\"https:\/\/www.facebook.com\/tourtravelandmore\/\",\"https:\/\/x.com\/TourTravel_More\"]}]}<\/script>\n<!-- \/ Yoast SEO Premium plugin. -->","yoast_head_json":{"title":"Visite priv\u00e9e de San Francisco avec visite d'Alcatraz","description":"Profitez d'une visite priv\u00e9e d'une journ\u00e9e compl\u00e8te de San Francisco et obtenez une br\u00e8ve vue de la ville et visitez Alcatraz \u00e0 c\u00f4t\u00e9 de votre guide priv\u00e9 agr\u00e9\u00e9","robots":{"index":"index","follow":"follow","max-snippet":"max-snippet:-1","max-image-preview":"max-image-preview:large","max-video-preview":"max-video-preview:-1"},"canonical":"https:\/\/tourtravelandmore.com\/fr\/tours\/etats-unis-fr\/san-francisco-fr\/visite-privee-de-san-francisco-avec-visite-dalcatraz\/","og_locale":"fr_FR","og_type":"article","og_title":"Visite priv\u00e9e de San Francisco avec visite d'Alcatraz","og_description":"Profitez d'une visite priv\u00e9e d'une journ\u00e9e compl\u00e8te de San Francisco et obtenez une br\u00e8ve vue de la ville et visitez Alcatraz \u00e0 c\u00f4t\u00e9 de votre guide priv\u00e9 agr\u00e9\u00e9","og_url":"https:\/\/tourtravelandmore.com\/fr\/tours\/etats-unis-fr\/san-francisco-fr\/visite-privee-de-san-francisco-avec-visite-dalcatraz\/","og_site_name":"Tour Travel And More","article_publisher":"https:\/\/www.facebook.com\/tourtravelandmore\/","article_modified_time":"2021-03-23T19:43:08+00:00","og_image":[{"width":1600,"height":900,"url":"https:\/\/tourtravelandmore.com\/wp-content\/uploads\/2020\/03\/san-francisco-6.jpg","type":"image\/jpeg"}],"twitter_card":"summary_large_image","twitter_site":"@TourTravel_More","twitter_misc":{"Dur\u00e9e de lecture estim\u00e9e":"2 minutes"},"schema":{"@context":"https:\/\/schema.org","@graph":[{"@type":"WebPage","@id":"https:\/\/tourtravelandmore.com\/fr\/tours\/etats-unis-fr\/san-francisco-fr\/visite-privee-de-san-francisco-avec-visite-dalcatraz\/","url":"https:\/\/tourtravelandmore.com\/fr\/tours\/etats-unis-fr\/san-francisco-fr\/visite-privee-de-san-francisco-avec-visite-dalcatraz\/","name":"Visite priv\u00e9e de San Francisco avec visite d'Alcatraz","isPartOf":{"@id":"https:\/\/tourtravelandmore.com\/fr\/#website"},"primaryImageOfPage":{"@id":"https:\/\/tourtravelandmore.com\/fr\/tours\/etats-unis-fr\/san-francisco-fr\/visite-privee-de-san-francisco-avec-visite-dalcatraz\/#primaryimage"},"image":{"@id":"https:\/\/tourtravelandmore.com\/fr\/tours\/etats-unis-fr\/san-francisco-fr\/visite-privee-de-san-francisco-avec-visite-dalcatraz\/#primaryimage"},"thumbnailUrl":"https:\/\/tourtravelandmore.com\/wp-content\/uploads\/2020\/03\/san-francisco-6.jpg","datePublished":"2020-04-03T11:10:28+00:00","dateModified":"2021-03-23T19:43:08+00:00","description":"Profitez d'une visite priv\u00e9e d'une journ\u00e9e compl\u00e8te de San Francisco et obtenez une br\u00e8ve vue de la ville et visitez Alcatraz \u00e0 c\u00f4t\u00e9 de votre guide priv\u00e9 agr\u00e9\u00e9","breadcrumb":{"@id":"https:\/\/tourtravelandmore.com\/fr\/tours\/etats-unis-fr\/san-francisco-fr\/visite-privee-de-san-francisco-avec-visite-dalcatraz\/#breadcrumb"},"inLanguage":"fr-FR","potentialAction":[{"@type":"ReadAction","target":["https:\/\/tourtravelandmore.com\/fr\/tours\/etats-unis-fr\/san-francisco-fr\/visite-privee-de-san-francisco-avec-visite-dalcatraz\/"]}]},{"@type":"ImageObject","inLanguage":"fr-FR","@id":"https:\/\/tourtravelandmore.com\/fr\/tours\/etats-unis-fr\/san-francisco-fr\/visite-privee-de-san-francisco-avec-visite-dalcatraz\/#primaryimage","url":"https:\/\/tourtravelandmore.com\/wp-content\/uploads\/2020\/03\/san-francisco-6.jpg","contentUrl":"https:\/\/tourtravelandmore.com\/wp-content\/uploads\/2020\/03\/san-francisco-6.jpg","width":1600,"height":900},{"@type":"BreadcrumbList","@id":"https:\/\/tourtravelandmore.com\/fr\/tours\/etats-unis-fr\/san-francisco-fr\/visite-privee-de-san-francisco-avec-visite-dalcatraz\/#breadcrumb","itemListElement":[{"@type":"ListItem","position":1,"name":"Home","item":"https:\/\/tourtravelandmore.com\/fr\/"},{"@type":"ListItem","position":2,"name":"Tours","item":"https:\/\/tourtravelandmore.com\/fr\/tours\/"},{"@type":"ListItem","position":3,"name":"Visite priv\u00e9e de San Francisco avec visite d&rsquo;Alcatraz"}]},{"@type":"WebSite","@id":"https:\/\/tourtravelandmore.com\/fr\/#website","url":"https:\/\/tourtravelandmore.com\/fr\/","name":"Tour Travel And More","description":"Private sightseeing tours and luxury transfers in Spain","publisher":{"@id":"https:\/\/tourtravelandmore.com\/fr\/#organization"},"potentialAction":[{"@type":"SearchAction","target":{"@type":"EntryPoint","urlTemplate":"https:\/\/tourtravelandmore.com\/fr\/?s={search_term_string}"},"query-input":{"@type":"PropertyValueSpecification","valueRequired":true,"valueName":"search_term_string"}}],"inLanguage":"fr-FR"},{"@type":"Organization","@id":"https:\/\/tourtravelandmore.com\/fr\/#organization","name":"Tour Travel And More","url":"https:\/\/tourtravelandmore.com\/fr\/","logo":{"@type":"ImageObject","inLanguage":"fr-FR","@id":"https:\/\/tourtravelandmore.com\/fr\/#\/schema\/logo\/image\/","url":"https:\/\/tourtravelandmore.com\/wp-content\/uploads\/2022\/12\/cropped-logo-cabecera-new.png","contentUrl":"https:\/\/tourtravelandmore.com\/wp-content\/uploads\/2022\/12\/cropped-logo-cabecera-new.png","width":430,"height":61,"caption":"Tour Travel And More"},"image":{"@id":"https:\/\/tourtravelandmore.com\/fr\/#\/schema\/logo\/image\/"},"sameAs":["https:\/\/www.facebook.com\/tourtravelandmore\/","https:\/\/x.com\/TourTravel_More"]}]}},"_links":{"self":[{"href":"https:\/\/tourtravelandmore.com\/fr\/wp-json\/wp\/v2\/product\/105033","targetHints":{"allow":["GET"]}}],"collection":[{"href":"https:\/\/tourtravelandmore.com\/fr\/wp-json\/wp\/v2\/product"}],"about":[{"href":"https:\/\/tourtravelandmore.com\/fr\/wp-json\/wp\/v2\/types\/product"}],"replies":[{"embeddable":true,"href":"https:\/\/tourtravelandmore.com\/fr\/wp-json\/wp\/v2\/comments?post=105033"}],"wp:featuredmedia":[{"embeddable":true,"href":"https:\/\/tourtravelandmore.com\/fr\/wp-json\/wp\/v2\/media\/93257"}],"wp:attachment":[{"href":"https:\/\/tourtravelandmore.com\/fr\/wp-json\/wp\/v2\/media?parent=105033"}],"wp:term":[{"taxonomy":"product_brand","embeddable":true,"href":"https:\/\/tourtravelandmore.com\/fr\/wp-json\/wp\/v2\/product_brand?post=105033"},{"taxonomy":"product_cat","embeddable":true,"href":"https:\/\/tourtravelandmore.com\/fr\/wp-json\/wp\/v2\/product_cat?post=105033"},{"taxonomy":"product_tag","embeddable":true,"href":"https:\/\/tourtravelandmore.com\/fr\/wp-json\/wp\/v2\/product_tag?post=105033"}],"curies":[{"name":"wp","href":"https:\/\/api.w.org\/{rel}","templated":true}]}}