{"id":105019,"date":"2020-04-03T12:21:50","date_gmt":"2020-04-03T10:21:50","guid":{"rendered":"https:\/\/tourtravelandmore.com\/tours\/non%20class\u00e9\/visite-culinaire-privee-de-san-francisco\/"},"modified":"2024-11-11T20:56:17","modified_gmt":"2024-11-11T19:56:17","slug":"visite-culinaire-privee-de-san-francisco","status":"publish","type":"product","link":"https:\/\/tourtravelandmore.com\/fr\/tours\/etats-unis-fr\/san-francisco-fr\/visite-culinaire-privee-de-san-francisco\/","title":{"rendered":"Visite culinaire priv\u00e9e de San Francisco"},"content":{"rendered":"<h2><b><strong>Description de la visite culinaire priv\u00e9e de San Francisco<\/strong><\/b><\/h2>\n<p>D\u00e9couvrez la diversit\u00e9 du patrimoine culinaire de San Francisco lors de cette visite \u00e0 pied unique de 4 heures qui commence sur la place anim\u00e9e d&#8217;Union Square et vous emm\u00e8ne \u00e0 travers les riches saveurs et traditions de Chinatown et de North Beach. Men\u00e9 par un guide expert, ce voyage immersif vous rapproche des go\u00fbts et des histoires embl\u00e9matiques de la ville, avec de d\u00e9licieuses d\u00e9gustations en cours de route.<\/p>\n<p>Notre visite commence par une promenade tranquille dans le quartier chinois, le plus ancien d&#8217;Am\u00e9rique du Nord et un haut lieu de la culture et des saveurs cantonaises. Nous visiterons ensuite trois arr\u00eats c\u00e9l\u00e8bres, en commen\u00e7ant par la fameuse Golden Gate Fortune Cookie Factory, o\u00f9 vous pourrez observer l&#8217;art de la fabrication des fortune cookies et d\u00e9guster ces friandises embl\u00e9matiques et croustillantes. Ensuite, nous plongerons plus profond\u00e9ment dans les saveurs authentiques au Delicious DimSum, o\u00f9 vous d\u00e9gusterez une s\u00e9lection de dim sum classiques &#8211; de d\u00e9licates boulettes de riz cuites \u00e0 la vapeur et garnies d&#8217;options savoureuses telles que du porc, des crevettes et des herbes fra\u00eeches. Enfin, nous nous arr\u00eaterons \u00e0 Yummy Bakery and Cafe pour d\u00e9guster des d\u00e9lices sucr\u00e9s, notamment leurs c\u00e9l\u00e8bres tartelettes aux \u0153ufs, une cr\u00e8me p\u00e2tissi\u00e8re soyeuse qui incarne une version locale d&#8217;un dessert chinois traditionnel.<\/p>\n<p>Une fois nos friandises en main, nous ferons une petite promenade dans un parc voisin pour savourer ces saveurs dans un cadre d\u00e9contract\u00e9 avant de nous diriger vers North Beach, le quartier italien historique de San Francisco. Connu pour sa vibrante influence italo-am\u00e9ricaine, North Beach propose deux d\u00e9licieuses options pour terminer notre visite. Vous aurez le choix entre la pizza napolitaine classique chez Il Casaro et la pinsa \u00e0 la romaine chez Piccolo Forno, o\u00f9 vous pourrez d\u00e9guster l&#8217;un des plats italiens les plus appr\u00e9ci\u00e9s avec une touche unique.<\/p>\n<p>Cette visite promet un m\u00e9lange enrichissant d&#8217;histoire, de culture et de cuisine d\u00e9licieuse &#8211; parfait pour ceux qui souhaitent explorer San Francisco une bouch\u00e9e \u00e0 la fois.<\/p>\n<h2><b><strong>Points d&#8217;int\u00e9r\u00eat culinaires et monuments de San Francisco<\/strong><\/b><\/h2>\n<p>San Francisco est une ville unique qui se distingue par sa diversit\u00e9 et son ouverture. Laissez-nous vous aider \u00e0 explorer sa <b>sc\u00e8ne culinaire<\/b> aux c\u00f4t\u00e9s de notre <b>expert local priv\u00e9.<\/b><\/p>\n<ul>\n<li><b><strong>D\u00e9part de Union Square<\/strong><\/b>: Commencez votre aventure \u00e0 l&#8217;embl\u00e9matique Union Square et partez \u00e0 pied \u00e0 la d\u00e9couverte de deux des quartiers les plus c\u00e9l\u00e8bres de San Francisco.<\/li>\n<li><b><strong>Arr\u00eats culinaires \u00e0 Chinatown<\/strong><\/b>:\n<ul>\n<li><b><strong>Golden Gate Fortune Cookie Factory<\/strong><\/b>: Regardez ces g\u00e2teries embl\u00e9matiques prendre vie et go\u00fbtez des biscuits de fortune fra\u00eechement pr\u00e9par\u00e9s.<\/li>\n<li><b><strong>Delicious DimSum<\/strong><\/b>: D\u00e9gustez une vari\u00e9t\u00e9 de dim sum traditionnels, y compris des dumplings sal\u00e9s avec des garnitures telles que du porc, des crevettes et de la coriandre.<\/li>\n<li><b><strong>Yummy Bakery and Cafe<\/strong><\/b>(<b><strong>boulangerie et caf\u00e9<\/strong><\/b>) : Laissez-vous tenter par des d\u00e9lices sucr\u00e9s, en particulier leurs fameuses tartelettes aux \u0153ufs, un plat local favori fourr\u00e9 de cr\u00e8me p\u00e2tissi\u00e8re.<\/li>\n<\/ul>\n<\/li>\n<li><b><strong>Pause d\u00e9tente dans le parc<\/strong><\/b>: Profitez de vos d\u00e9gustations \u00e0 Chinatown dans un parc voisin, pour admirer les vues et les sons du quartier.<\/li>\n<li><b><strong>Finale des d\u00e9gustations \u00e0 North Beach<\/strong><\/b>:\n<ul>\n<li><b><strong>Il Casaro<\/strong><\/b>: Savourez une authentique pizza napolitaine, cuite \u00e0 la perfection.<\/li>\n<li><b><strong>Piccolo Forno<\/strong><\/b>: Essayez une pinsa romana unique, avec sa cro\u00fbte l\u00e9g\u00e8re et a\u00e9r\u00e9e et ses d\u00e9licieuses garnitures.<\/li>\n<\/ul>\n<\/li>\n<\/ul>\n<p>Explorez et savourez les saveurs vibrantes de San Francisco avec Tour Travel &amp; More, tout en \u00e9tant guid\u00e9 par un expert qui fait revivre l&#8217;histoire et la culture de la ville \u00e0 travers la nourriture.<\/p>\n<p>Nous explorerons \u00e9galement le vibrant<b> <\/b><a href=\"https:\/\/www.visitcalifornia.com\/experience\/chinatown\/\"><b>Chinatown<\/b><\/a> et sa <b>cuisine<\/b>. Ce quartier de la ville ressemble \u00e0 un morceau de Chine \u00e0 l&#8217;int\u00e9rieur de San Francisco. Vous y trouverez de nombreuses boutiques chinoises, des restaurants et bien d&#8217;autres sites. Vous d\u00e9couvrirez non seulement la bonne cuisine chinoise, mais aussi leurs c\u00e9l\u00e8bres lampes lumineuses.<\/p>\n","protected":false},"excerpt":{"rendered":"<p>Profitez de cette occasion pour d\u00e9couvrir les principaux sites gourmands de la ville avec un expert local. Admirez la Petite Italie, Chinatown et bien d&#8217;autres endroits et go\u00fbtez \u00e0 sa merveilleuse cuisine.<\/p>\n","protected":false},"featured_media":97453,"comment_status":"open","ping_status":"closed","template":"","meta":{"_acf_changed":false},"product_brand":[],"product_cat":[5440,5449,3547,3548],"product_tag":[],"class_list":{"0":"post-105019","1":"product","2":"type-product","3":"status-publish","4":"has-post-thumbnail","6":"product_cat-all-private-tours-activities-fr-34","7":"product_cat-private-walking-tours-fr-21","8":"product_cat-etats-unis-fr","9":"product_cat-san-francisco-fr","11":"first","12":"instock","13":"shipping-taxable","14":"purchasable","15":"product-type-simple"},"acf":[],"yoast_head":"<!-- This site is optimized with the Yoast SEO Premium plugin v25.3.1 (Yoast SEO v25.3.1) - https:\/\/yoast.com\/wordpress\/plugins\/seo\/ -->\n<title>Visite culinaire priv\u00e9e de San Francisco<\/title>\n<meta name=\"description\" content=\"Nous vous laisserons explorer la pizza, les cannoli, le dessert chinois, le th\u00e9 au lait boba, les biscuits de fortune faits \u00e0 la main, les dim sum et plus encore avec notre visite culinaire de San Francisco\" \/>\n<meta name=\"robots\" content=\"index, follow, max-snippet:-1, max-image-preview:large, max-video-preview:-1\" \/>\n<link rel=\"canonical\" href=\"https:\/\/tourtravelandmore.com\/fr\/tours\/etats-unis-fr\/san-francisco-fr\/visite-culinaire-privee-de-san-francisco\/\" \/>\n<meta property=\"og:locale\" content=\"fr_FR\" \/>\n<meta property=\"og:type\" content=\"article\" \/>\n<meta property=\"og:title\" content=\"Visite culinaire priv\u00e9e de San Francisco\" \/>\n<meta property=\"og:description\" content=\"Nous vous laisserons explorer la pizza, les cannoli, le dessert chinois, le th\u00e9 au lait boba, les biscuits de fortune faits \u00e0 la main, les dim sum et plus encore avec notre visite culinaire de San Francisco\" \/>\n<meta property=\"og:url\" content=\"https:\/\/tourtravelandmore.com\/fr\/tours\/etats-unis-fr\/san-francisco-fr\/visite-culinaire-privee-de-san-francisco\/\" \/>\n<meta property=\"og:site_name\" content=\"Tour Travel And More\" \/>\n<meta property=\"article:publisher\" content=\"https:\/\/www.facebook.com\/tourtravelandmore\/\" \/>\n<meta property=\"article:modified_time\" content=\"2024-11-11T19:56:17+00:00\" \/>\n<meta property=\"og:image\" content=\"https:\/\/tourtravelandmore.com\/wp-content\/uploads\/2020\/04\/chinatown.jpg\" \/>\n\t<meta property=\"og:image:width\" content=\"1024\" \/>\n\t<meta property=\"og:image:height\" content=\"768\" \/>\n\t<meta property=\"og:image:type\" content=\"image\/jpeg\" \/>\n<meta name=\"twitter:card\" content=\"summary_large_image\" \/>\n<meta name=\"twitter:site\" content=\"@TourTravel_More\" \/>\n<meta name=\"twitter:label1\" content=\"Dur\u00e9e de lecture estim\u00e9e\" \/>\n\t<meta name=\"twitter:data1\" content=\"3 minutes\" \/>\n<script type=\"application\/ld+json\" class=\"yoast-schema-graph\">{\"@context\":\"https:\/\/schema.org\",\"@graph\":[{\"@type\":\"WebPage\",\"@id\":\"https:\/\/tourtravelandmore.com\/fr\/tours\/etats-unis-fr\/san-francisco-fr\/visite-culinaire-privee-de-san-francisco\/\",\"url\":\"https:\/\/tourtravelandmore.com\/fr\/tours\/etats-unis-fr\/san-francisco-fr\/visite-culinaire-privee-de-san-francisco\/\",\"name\":\"Visite culinaire priv\u00e9e de San Francisco\",\"isPartOf\":{\"@id\":\"https:\/\/tourtravelandmore.com\/fr\/#website\"},\"primaryImageOfPage\":{\"@id\":\"https:\/\/tourtravelandmore.com\/fr\/tours\/etats-unis-fr\/san-francisco-fr\/visite-culinaire-privee-de-san-francisco\/#primaryimage\"},\"image\":{\"@id\":\"https:\/\/tourtravelandmore.com\/fr\/tours\/etats-unis-fr\/san-francisco-fr\/visite-culinaire-privee-de-san-francisco\/#primaryimage\"},\"thumbnailUrl\":\"https:\/\/tourtravelandmore.com\/wp-content\/uploads\/2020\/04\/chinatown.jpg\",\"datePublished\":\"2020-04-03T10:21:50+00:00\",\"dateModified\":\"2024-11-11T19:56:17+00:00\",\"description\":\"Nous vous laisserons explorer la pizza, les cannoli, le dessert chinois, le th\u00e9 au lait boba, les biscuits de fortune faits \u00e0 la main, les dim sum et plus encore avec notre visite culinaire de San Francisco\",\"breadcrumb\":{\"@id\":\"https:\/\/tourtravelandmore.com\/fr\/tours\/etats-unis-fr\/san-francisco-fr\/visite-culinaire-privee-de-san-francisco\/#breadcrumb\"},\"inLanguage\":\"fr-FR\",\"potentialAction\":[{\"@type\":\"ReadAction\",\"target\":[\"https:\/\/tourtravelandmore.com\/fr\/tours\/etats-unis-fr\/san-francisco-fr\/visite-culinaire-privee-de-san-francisco\/\"]}]},{\"@type\":\"ImageObject\",\"inLanguage\":\"fr-FR\",\"@id\":\"https:\/\/tourtravelandmore.com\/fr\/tours\/etats-unis-fr\/san-francisco-fr\/visite-culinaire-privee-de-san-francisco\/#primaryimage\",\"url\":\"https:\/\/tourtravelandmore.com\/wp-content\/uploads\/2020\/04\/chinatown.jpg\",\"contentUrl\":\"https:\/\/tourtravelandmore.com\/wp-content\/uploads\/2020\/04\/chinatown.jpg\",\"width\":1024,\"height\":768},{\"@type\":\"BreadcrumbList\",\"@id\":\"https:\/\/tourtravelandmore.com\/fr\/tours\/etats-unis-fr\/san-francisco-fr\/visite-culinaire-privee-de-san-francisco\/#breadcrumb\",\"itemListElement\":[{\"@type\":\"ListItem\",\"position\":1,\"name\":\"Home\",\"item\":\"https:\/\/tourtravelandmore.com\/fr\/\"},{\"@type\":\"ListItem\",\"position\":2,\"name\":\"Tours\",\"item\":\"https:\/\/tourtravelandmore.com\/fr\/tours\/\"},{\"@type\":\"ListItem\",\"position\":3,\"name\":\"Visite culinaire priv\u00e9e de San Francisco\"}]},{\"@type\":\"WebSite\",\"@id\":\"https:\/\/tourtravelandmore.com\/fr\/#website\",\"url\":\"https:\/\/tourtravelandmore.com\/fr\/\",\"name\":\"Tour Travel And More\",\"description\":\"Private sightseeing tours and luxury transfers in Spain\",\"publisher\":{\"@id\":\"https:\/\/tourtravelandmore.com\/fr\/#organization\"},\"potentialAction\":[{\"@type\":\"SearchAction\",\"target\":{\"@type\":\"EntryPoint\",\"urlTemplate\":\"https:\/\/tourtravelandmore.com\/fr\/?s={search_term_string}\"},\"query-input\":{\"@type\":\"PropertyValueSpecification\",\"valueRequired\":true,\"valueName\":\"search_term_string\"}}],\"inLanguage\":\"fr-FR\"},{\"@type\":\"Organization\",\"@id\":\"https:\/\/tourtravelandmore.com\/fr\/#organization\",\"name\":\"Tour Travel And More\",\"url\":\"https:\/\/tourtravelandmore.com\/fr\/\",\"logo\":{\"@type\":\"ImageObject\",\"inLanguage\":\"fr-FR\",\"@id\":\"https:\/\/tourtravelandmore.com\/fr\/#\/schema\/logo\/image\/\",\"url\":\"https:\/\/tourtravelandmore.com\/wp-content\/uploads\/2022\/12\/cropped-logo-cabecera-new.png\",\"contentUrl\":\"https:\/\/tourtravelandmore.com\/wp-content\/uploads\/2022\/12\/cropped-logo-cabecera-new.png\",\"width\":430,\"height\":61,\"caption\":\"Tour Travel And More\"},\"image\":{\"@id\":\"https:\/\/tourtravelandmore.com\/fr\/#\/schema\/logo\/image\/\"},\"sameAs\":[\"https:\/\/www.facebook.com\/tourtravelandmore\/\",\"https:\/\/x.com\/TourTravel_More\"]}]}<\/script>\n<!-- \/ Yoast SEO Premium plugin. -->","yoast_head_json":{"title":"Visite culinaire priv\u00e9e de San Francisco","description":"Nous vous laisserons explorer la pizza, les cannoli, le dessert chinois, le th\u00e9 au lait boba, les biscuits de fortune faits \u00e0 la main, les dim sum et plus encore avec notre visite culinaire de San Francisco","robots":{"index":"index","follow":"follow","max-snippet":"max-snippet:-1","max-image-preview":"max-image-preview:large","max-video-preview":"max-video-preview:-1"},"canonical":"https:\/\/tourtravelandmore.com\/fr\/tours\/etats-unis-fr\/san-francisco-fr\/visite-culinaire-privee-de-san-francisco\/","og_locale":"fr_FR","og_type":"article","og_title":"Visite culinaire priv\u00e9e de San Francisco","og_description":"Nous vous laisserons explorer la pizza, les cannoli, le dessert chinois, le th\u00e9 au lait boba, les biscuits de fortune faits \u00e0 la main, les dim sum et plus encore avec notre visite culinaire de San Francisco","og_url":"https:\/\/tourtravelandmore.com\/fr\/tours\/etats-unis-fr\/san-francisco-fr\/visite-culinaire-privee-de-san-francisco\/","og_site_name":"Tour Travel And More","article_publisher":"https:\/\/www.facebook.com\/tourtravelandmore\/","article_modified_time":"2024-11-11T19:56:17+00:00","og_image":[{"width":1024,"height":768,"url":"https:\/\/tourtravelandmore.com\/wp-content\/uploads\/2020\/04\/chinatown.jpg","type":"image\/jpeg"}],"twitter_card":"summary_large_image","twitter_site":"@TourTravel_More","twitter_misc":{"Dur\u00e9e de lecture estim\u00e9e":"3 minutes"},"schema":{"@context":"https:\/\/schema.org","@graph":[{"@type":"WebPage","@id":"https:\/\/tourtravelandmore.com\/fr\/tours\/etats-unis-fr\/san-francisco-fr\/visite-culinaire-privee-de-san-francisco\/","url":"https:\/\/tourtravelandmore.com\/fr\/tours\/etats-unis-fr\/san-francisco-fr\/visite-culinaire-privee-de-san-francisco\/","name":"Visite culinaire priv\u00e9e de San Francisco","isPartOf":{"@id":"https:\/\/tourtravelandmore.com\/fr\/#website"},"primaryImageOfPage":{"@id":"https:\/\/tourtravelandmore.com\/fr\/tours\/etats-unis-fr\/san-francisco-fr\/visite-culinaire-privee-de-san-francisco\/#primaryimage"},"image":{"@id":"https:\/\/tourtravelandmore.com\/fr\/tours\/etats-unis-fr\/san-francisco-fr\/visite-culinaire-privee-de-san-francisco\/#primaryimage"},"thumbnailUrl":"https:\/\/tourtravelandmore.com\/wp-content\/uploads\/2020\/04\/chinatown.jpg","datePublished":"2020-04-03T10:21:50+00:00","dateModified":"2024-11-11T19:56:17+00:00","description":"Nous vous laisserons explorer la pizza, les cannoli, le dessert chinois, le th\u00e9 au lait boba, les biscuits de fortune faits \u00e0 la main, les dim sum et plus encore avec notre visite culinaire de San Francisco","breadcrumb":{"@id":"https:\/\/tourtravelandmore.com\/fr\/tours\/etats-unis-fr\/san-francisco-fr\/visite-culinaire-privee-de-san-francisco\/#breadcrumb"},"inLanguage":"fr-FR","potentialAction":[{"@type":"ReadAction","target":["https:\/\/tourtravelandmore.com\/fr\/tours\/etats-unis-fr\/san-francisco-fr\/visite-culinaire-privee-de-san-francisco\/"]}]},{"@type":"ImageObject","inLanguage":"fr-FR","@id":"https:\/\/tourtravelandmore.com\/fr\/tours\/etats-unis-fr\/san-francisco-fr\/visite-culinaire-privee-de-san-francisco\/#primaryimage","url":"https:\/\/tourtravelandmore.com\/wp-content\/uploads\/2020\/04\/chinatown.jpg","contentUrl":"https:\/\/tourtravelandmore.com\/wp-content\/uploads\/2020\/04\/chinatown.jpg","width":1024,"height":768},{"@type":"BreadcrumbList","@id":"https:\/\/tourtravelandmore.com\/fr\/tours\/etats-unis-fr\/san-francisco-fr\/visite-culinaire-privee-de-san-francisco\/#breadcrumb","itemListElement":[{"@type":"ListItem","position":1,"name":"Home","item":"https:\/\/tourtravelandmore.com\/fr\/"},{"@type":"ListItem","position":2,"name":"Tours","item":"https:\/\/tourtravelandmore.com\/fr\/tours\/"},{"@type":"ListItem","position":3,"name":"Visite culinaire priv\u00e9e de San Francisco"}]},{"@type":"WebSite","@id":"https:\/\/tourtravelandmore.com\/fr\/#website","url":"https:\/\/tourtravelandmore.com\/fr\/","name":"Tour Travel And More","description":"Private sightseeing tours and luxury transfers in Spain","publisher":{"@id":"https:\/\/tourtravelandmore.com\/fr\/#organization"},"potentialAction":[{"@type":"SearchAction","target":{"@type":"EntryPoint","urlTemplate":"https:\/\/tourtravelandmore.com\/fr\/?s={search_term_string}"},"query-input":{"@type":"PropertyValueSpecification","valueRequired":true,"valueName":"search_term_string"}}],"inLanguage":"fr-FR"},{"@type":"Organization","@id":"https:\/\/tourtravelandmore.com\/fr\/#organization","name":"Tour Travel And More","url":"https:\/\/tourtravelandmore.com\/fr\/","logo":{"@type":"ImageObject","inLanguage":"fr-FR","@id":"https:\/\/tourtravelandmore.com\/fr\/#\/schema\/logo\/image\/","url":"https:\/\/tourtravelandmore.com\/wp-content\/uploads\/2022\/12\/cropped-logo-cabecera-new.png","contentUrl":"https:\/\/tourtravelandmore.com\/wp-content\/uploads\/2022\/12\/cropped-logo-cabecera-new.png","width":430,"height":61,"caption":"Tour Travel And More"},"image":{"@id":"https:\/\/tourtravelandmore.com\/fr\/#\/schema\/logo\/image\/"},"sameAs":["https:\/\/www.facebook.com\/tourtravelandmore\/","https:\/\/x.com\/TourTravel_More"]}]}},"_links":{"self":[{"href":"https:\/\/tourtravelandmore.com\/fr\/wp-json\/wp\/v2\/product\/105019","targetHints":{"allow":["GET"]}}],"collection":[{"href":"https:\/\/tourtravelandmore.com\/fr\/wp-json\/wp\/v2\/product"}],"about":[{"href":"https:\/\/tourtravelandmore.com\/fr\/wp-json\/wp\/v2\/types\/product"}],"replies":[{"embeddable":true,"href":"https:\/\/tourtravelandmore.com\/fr\/wp-json\/wp\/v2\/comments?post=105019"}],"wp:featuredmedia":[{"embeddable":true,"href":"https:\/\/tourtravelandmore.com\/fr\/wp-json\/wp\/v2\/media\/97453"}],"wp:attachment":[{"href":"https:\/\/tourtravelandmore.com\/fr\/wp-json\/wp\/v2\/media?parent=105019"}],"wp:term":[{"taxonomy":"product_brand","embeddable":true,"href":"https:\/\/tourtravelandmore.com\/fr\/wp-json\/wp\/v2\/product_brand?post=105019"},{"taxonomy":"product_cat","embeddable":true,"href":"https:\/\/tourtravelandmore.com\/fr\/wp-json\/wp\/v2\/product_cat?post=105019"},{"taxonomy":"product_tag","embeddable":true,"href":"https:\/\/tourtravelandmore.com\/fr\/wp-json\/wp\/v2\/product_tag?post=105019"}],"curies":[{"name":"wp","href":"https:\/\/api.w.org\/{rel}","templated":true}]}}