{"id":105009,"date":"2020-04-03T10:45:00","date_gmt":"2020-04-03T08:45:00","guid":{"rendered":"https:\/\/tourtravelandmore.com\/tours\/non%20class\u00e9\/visite-privee-de-la-silicon-valley\/"},"modified":"2024-10-30T16:14:33","modified_gmt":"2024-10-30T15:14:33","slug":"visite-privee-de-la-silicon-valley","status":"publish","type":"product","link":"https:\/\/tourtravelandmore.com\/fr\/tours\/etats-unis-fr\/san-francisco-fr\/visite-privee-de-la-silicon-valley\/","title":{"rendered":"Visite priv\u00e9e de la Silicon Valley"},"content":{"rendered":"<h2><b><strong>Visite priv\u00e9e de la Silicon Valley Description<\/strong><\/b><\/h2>\n<p>Explorez la <b>Silicon Valley <\/b>lors d&#8217;une <b><strong>excursion priv\u00e9e d&#8217;une journ\u00e9e au<\/strong><\/b> d\u00e9part de <b>San Francisco<\/b>. D\u00e9couvrez les principaux sites de cette vall\u00e9e qui abrite des entreprises technologiques embl\u00e9matiques comme Apple, Google, Facebook et Uber. Profitez au maximum de votre s\u00e9jour en Californie pour appr\u00e9cier notre visite priv\u00e9e de la Silicon Valley au d\u00e9part de San Francisco.<\/p>\n<p>Tout d&#8217;abord, votre <b>chauffeur-guide<\/b> viendra vous chercher \u00e0 votre <b>h\u00f4tel<\/b> ou \u00e0 l&#8217;endroit de votre choix \u00e0 <b>San Francisco.<\/b> Il vous conduira ensuite \u00e0 l&#8217;endroit o\u00f9 les principales <b>entreprises technologiques<\/b> ont leur si\u00e8ge. La Sillicon Valley abrite certaines des plus grandes entreprises technologiques du monde.<\/p>\n<p>Vous d\u00e9couvrirez les sites les plus importants de la <b>Silicon Valley<\/b> en compagnie de votre guide exp\u00e9riment\u00e9. L&#8217;itin\u00e9raire de la visite est enti\u00e8rement adaptable \u00e0 vos d\u00e9sirs personnels. Contactez-nous pour une exp\u00e9rience personnalis\u00e9e.<\/p>\n<h2><b><strong>Points d&#8217;int\u00e9r\u00eat et monuments de la Silicon Valley<\/strong><\/b><\/h2>\n<p>En quittant San Francisco, vous profiterez d&#8217;une br\u00e8ve vue panoramique de la ville. Vous aurez notamment une vue du <b>Golden Gate Bridge<\/b> et de <b>Fisherman&#8217;s Wharf<\/b>.<\/p>\n<p>Ensuite, vous vous dirigerez vers la <b>vall\u00e9e de Santa Clara<\/b> pour atteindre la <b>Silicon Valley<\/b>. Vous y trouverez des start-ups et des entreprises technologiques. Le trajet dure environ 90 minutes. Notre chauffeur\/guide est \u00e0 votre disposition pendant l&#8217;excursion priv\u00e9e dans la Sillicon Valley depuis San Francisco. Votre guide vous expliquera de nombreuses anecdotes et histoires sur la Silicon Valley et ses g\u00e9nies !<\/p>\n<p>Nous organiserons un arr\u00eat au si\u00e8ge de <b>Facebook<\/b>, au <b>Peers Park de Palo Alto, \u00e0 l&#8217;Universit\u00e9 de Stanford, \u00e0 Google, \u00e0 l&#8217;Apple Park Visitor Center <\/b>et bien plus encore ! Nous passerons par un garage o\u00f9 Bill Hewlett et David Packard ont cr\u00e9\u00e9 HP et bien d&#8217;autres encore. Vous verrez o\u00f9 la magie op\u00e8re en explorant les centres technologiques de la Silicon Valley. Au <a href=\"https:\/\/www.google.com\/intl\/en_us\/contact\/\">Googleplex<\/a> de Mountain View, vous verrez les \u00ab Googlers \u00bb parler, envoyer des SMS et rouler sur les v\u00e9los jaunes qui font la r\u00e9putation de l&#8217;entreprise.<\/p>\n<p>C&#8217;est tout cela, et bien d&#8217;autres choses encore, que vous pourrez appr\u00e9cier au cours de cette visite priv\u00e9e personnalis\u00e9e.<\/p>\n","protected":false},"excerpt":{"rendered":"<p>Profitez de cette exp\u00e9rience compl\u00e8tement priv\u00e9e et visitez la Silicon Valley, o\u00f9 vous pourrez trouver les startups et les entreprises technologiques du monde telles que Google, Apple, Facebook et plus encore!<\/p>\n","protected":false},"featured_media":97441,"comment_status":"open","ping_status":"closed","template":"","meta":{"_acf_changed":false},"product_brand":[],"product_cat":[5440,5441,3547,3548],"product_tag":[],"class_list":{"0":"post-105009","1":"product","2":"type-product","3":"status-publish","4":"has-post-thumbnail","6":"product_cat-all-private-tours-activities-fr-34","7":"product_cat-private-sightseeing-tours-fr-42","8":"product_cat-etats-unis-fr","9":"product_cat-san-francisco-fr","11":"first","12":"instock","13":"shipping-taxable","14":"purchasable","15":"product-type-simple"},"acf":[],"yoast_head":"<!-- This site is optimized with the Yoast SEO Premium plugin v25.3.1 (Yoast SEO v25.3.1) - https:\/\/yoast.com\/wordpress\/plugins\/seo\/ -->\n<title>Visite priv\u00e9e de la Silicon Valley au d\u00e9part de San Francisco avec chauffeur \/ guide<\/title>\n<meta name=\"description\" content=\"Tirez le meilleur parti de votre s\u00e9jour \u00e0 San Francisco et profitez de notre visite priv\u00e9e de la Silicon Valley. Visitez les startups et entreprises technologiques du monde!\" \/>\n<meta name=\"robots\" content=\"index, follow, max-snippet:-1, max-image-preview:large, max-video-preview:-1\" \/>\n<link rel=\"canonical\" href=\"https:\/\/tourtravelandmore.com\/fr\/tours\/etats-unis-fr\/san-francisco-fr\/visite-privee-de-la-silicon-valley\/\" \/>\n<meta property=\"og:locale\" content=\"fr_FR\" \/>\n<meta property=\"og:type\" content=\"article\" \/>\n<meta property=\"og:title\" content=\"Visite priv\u00e9e de la Silicon Valley\" \/>\n<meta property=\"og:description\" content=\"Tirez le meilleur parti de votre s\u00e9jour \u00e0 San Francisco et profitez de notre visite priv\u00e9e de la Silicon Valley. Visitez les startups et entreprises technologiques du monde!\" \/>\n<meta property=\"og:url\" content=\"https:\/\/tourtravelandmore.com\/fr\/tours\/etats-unis-fr\/san-francisco-fr\/visite-privee-de-la-silicon-valley\/\" \/>\n<meta property=\"og:site_name\" content=\"Tour Travel And More\" \/>\n<meta property=\"article:publisher\" content=\"https:\/\/www.facebook.com\/tourtravelandmore\/\" \/>\n<meta property=\"article:modified_time\" content=\"2024-10-30T15:14:33+00:00\" \/>\n<meta property=\"og:image\" content=\"https:\/\/tourtravelandmore.com\/wp-content\/uploads\/2020\/04\/aerial-photography-of-round-building.jpg\" \/>\n\t<meta property=\"og:image:width\" content=\"910\" \/>\n\t<meta property=\"og:image:height\" content=\"512\" \/>\n\t<meta property=\"og:image:type\" content=\"image\/jpeg\" \/>\n<meta name=\"twitter:card\" content=\"summary_large_image\" \/>\n<meta name=\"twitter:site\" content=\"@TourTravel_More\" \/>\n<meta name=\"twitter:label1\" content=\"Dur\u00e9e de lecture estim\u00e9e\" \/>\n\t<meta name=\"twitter:data1\" content=\"2 minutes\" \/>\n<script type=\"application\/ld+json\" class=\"yoast-schema-graph\">{\"@context\":\"https:\/\/schema.org\",\"@graph\":[{\"@type\":\"WebPage\",\"@id\":\"https:\/\/tourtravelandmore.com\/fr\/tours\/etats-unis-fr\/san-francisco-fr\/visite-privee-de-la-silicon-valley\/\",\"url\":\"https:\/\/tourtravelandmore.com\/fr\/tours\/etats-unis-fr\/san-francisco-fr\/visite-privee-de-la-silicon-valley\/\",\"name\":\"Visite priv\u00e9e de la Silicon Valley au d\u00e9part de San Francisco avec chauffeur \/ guide\",\"isPartOf\":{\"@id\":\"https:\/\/tourtravelandmore.com\/fr\/#website\"},\"primaryImageOfPage\":{\"@id\":\"https:\/\/tourtravelandmore.com\/fr\/tours\/etats-unis-fr\/san-francisco-fr\/visite-privee-de-la-silicon-valley\/#primaryimage\"},\"image\":{\"@id\":\"https:\/\/tourtravelandmore.com\/fr\/tours\/etats-unis-fr\/san-francisco-fr\/visite-privee-de-la-silicon-valley\/#primaryimage\"},\"thumbnailUrl\":\"https:\/\/tourtravelandmore.com\/wp-content\/uploads\/2020\/04\/aerial-photography-of-round-building.jpg\",\"datePublished\":\"2020-04-03T08:45:00+00:00\",\"dateModified\":\"2024-10-30T15:14:33+00:00\",\"description\":\"Tirez le meilleur parti de votre s\u00e9jour \u00e0 San Francisco et profitez de notre visite priv\u00e9e de la Silicon Valley. Visitez les startups et entreprises technologiques du monde!\",\"breadcrumb\":{\"@id\":\"https:\/\/tourtravelandmore.com\/fr\/tours\/etats-unis-fr\/san-francisco-fr\/visite-privee-de-la-silicon-valley\/#breadcrumb\"},\"inLanguage\":\"fr-FR\",\"potentialAction\":[{\"@type\":\"ReadAction\",\"target\":[\"https:\/\/tourtravelandmore.com\/fr\/tours\/etats-unis-fr\/san-francisco-fr\/visite-privee-de-la-silicon-valley\/\"]}]},{\"@type\":\"ImageObject\",\"inLanguage\":\"fr-FR\",\"@id\":\"https:\/\/tourtravelandmore.com\/fr\/tours\/etats-unis-fr\/san-francisco-fr\/visite-privee-de-la-silicon-valley\/#primaryimage\",\"url\":\"https:\/\/tourtravelandmore.com\/wp-content\/uploads\/2020\/04\/aerial-photography-of-round-building.jpg\",\"contentUrl\":\"https:\/\/tourtravelandmore.com\/wp-content\/uploads\/2020\/04\/aerial-photography-of-round-building.jpg\",\"width\":910,\"height\":512},{\"@type\":\"BreadcrumbList\",\"@id\":\"https:\/\/tourtravelandmore.com\/fr\/tours\/etats-unis-fr\/san-francisco-fr\/visite-privee-de-la-silicon-valley\/#breadcrumb\",\"itemListElement\":[{\"@type\":\"ListItem\",\"position\":1,\"name\":\"Home\",\"item\":\"https:\/\/tourtravelandmore.com\/fr\/\"},{\"@type\":\"ListItem\",\"position\":2,\"name\":\"Tours\",\"item\":\"https:\/\/tourtravelandmore.com\/fr\/tours\/\"},{\"@type\":\"ListItem\",\"position\":3,\"name\":\"Visite priv\u00e9e de la Silicon Valley\"}]},{\"@type\":\"WebSite\",\"@id\":\"https:\/\/tourtravelandmore.com\/fr\/#website\",\"url\":\"https:\/\/tourtravelandmore.com\/fr\/\",\"name\":\"Tour Travel And More\",\"description\":\"Private sightseeing tours and luxury transfers in Spain\",\"publisher\":{\"@id\":\"https:\/\/tourtravelandmore.com\/fr\/#organization\"},\"potentialAction\":[{\"@type\":\"SearchAction\",\"target\":{\"@type\":\"EntryPoint\",\"urlTemplate\":\"https:\/\/tourtravelandmore.com\/fr\/?s={search_term_string}\"},\"query-input\":{\"@type\":\"PropertyValueSpecification\",\"valueRequired\":true,\"valueName\":\"search_term_string\"}}],\"inLanguage\":\"fr-FR\"},{\"@type\":\"Organization\",\"@id\":\"https:\/\/tourtravelandmore.com\/fr\/#organization\",\"name\":\"Tour Travel And More\",\"url\":\"https:\/\/tourtravelandmore.com\/fr\/\",\"logo\":{\"@type\":\"ImageObject\",\"inLanguage\":\"fr-FR\",\"@id\":\"https:\/\/tourtravelandmore.com\/fr\/#\/schema\/logo\/image\/\",\"url\":\"https:\/\/tourtravelandmore.com\/wp-content\/uploads\/2022\/12\/cropped-logo-cabecera-new.png\",\"contentUrl\":\"https:\/\/tourtravelandmore.com\/wp-content\/uploads\/2022\/12\/cropped-logo-cabecera-new.png\",\"width\":430,\"height\":61,\"caption\":\"Tour Travel And More\"},\"image\":{\"@id\":\"https:\/\/tourtravelandmore.com\/fr\/#\/schema\/logo\/image\/\"},\"sameAs\":[\"https:\/\/www.facebook.com\/tourtravelandmore\/\",\"https:\/\/x.com\/TourTravel_More\"]}]}<\/script>\n<!-- \/ Yoast SEO Premium plugin. -->","yoast_head_json":{"title":"Visite priv\u00e9e de la Silicon Valley au d\u00e9part de San Francisco avec chauffeur \/ guide","description":"Tirez le meilleur parti de votre s\u00e9jour \u00e0 San Francisco et profitez de notre visite priv\u00e9e de la Silicon Valley. Visitez les startups et entreprises technologiques du monde!","robots":{"index":"index","follow":"follow","max-snippet":"max-snippet:-1","max-image-preview":"max-image-preview:large","max-video-preview":"max-video-preview:-1"},"canonical":"https:\/\/tourtravelandmore.com\/fr\/tours\/etats-unis-fr\/san-francisco-fr\/visite-privee-de-la-silicon-valley\/","og_locale":"fr_FR","og_type":"article","og_title":"Visite priv\u00e9e de la Silicon Valley","og_description":"Tirez le meilleur parti de votre s\u00e9jour \u00e0 San Francisco et profitez de notre visite priv\u00e9e de la Silicon Valley. Visitez les startups et entreprises technologiques du monde!","og_url":"https:\/\/tourtravelandmore.com\/fr\/tours\/etats-unis-fr\/san-francisco-fr\/visite-privee-de-la-silicon-valley\/","og_site_name":"Tour Travel And More","article_publisher":"https:\/\/www.facebook.com\/tourtravelandmore\/","article_modified_time":"2024-10-30T15:14:33+00:00","og_image":[{"width":910,"height":512,"url":"https:\/\/tourtravelandmore.com\/wp-content\/uploads\/2020\/04\/aerial-photography-of-round-building.jpg","type":"image\/jpeg"}],"twitter_card":"summary_large_image","twitter_site":"@TourTravel_More","twitter_misc":{"Dur\u00e9e de lecture estim\u00e9e":"2 minutes"},"schema":{"@context":"https:\/\/schema.org","@graph":[{"@type":"WebPage","@id":"https:\/\/tourtravelandmore.com\/fr\/tours\/etats-unis-fr\/san-francisco-fr\/visite-privee-de-la-silicon-valley\/","url":"https:\/\/tourtravelandmore.com\/fr\/tours\/etats-unis-fr\/san-francisco-fr\/visite-privee-de-la-silicon-valley\/","name":"Visite priv\u00e9e de la Silicon Valley au d\u00e9part de San Francisco avec chauffeur \/ guide","isPartOf":{"@id":"https:\/\/tourtravelandmore.com\/fr\/#website"},"primaryImageOfPage":{"@id":"https:\/\/tourtravelandmore.com\/fr\/tours\/etats-unis-fr\/san-francisco-fr\/visite-privee-de-la-silicon-valley\/#primaryimage"},"image":{"@id":"https:\/\/tourtravelandmore.com\/fr\/tours\/etats-unis-fr\/san-francisco-fr\/visite-privee-de-la-silicon-valley\/#primaryimage"},"thumbnailUrl":"https:\/\/tourtravelandmore.com\/wp-content\/uploads\/2020\/04\/aerial-photography-of-round-building.jpg","datePublished":"2020-04-03T08:45:00+00:00","dateModified":"2024-10-30T15:14:33+00:00","description":"Tirez le meilleur parti de votre s\u00e9jour \u00e0 San Francisco et profitez de notre visite priv\u00e9e de la Silicon Valley. Visitez les startups et entreprises technologiques du monde!","breadcrumb":{"@id":"https:\/\/tourtravelandmore.com\/fr\/tours\/etats-unis-fr\/san-francisco-fr\/visite-privee-de-la-silicon-valley\/#breadcrumb"},"inLanguage":"fr-FR","potentialAction":[{"@type":"ReadAction","target":["https:\/\/tourtravelandmore.com\/fr\/tours\/etats-unis-fr\/san-francisco-fr\/visite-privee-de-la-silicon-valley\/"]}]},{"@type":"ImageObject","inLanguage":"fr-FR","@id":"https:\/\/tourtravelandmore.com\/fr\/tours\/etats-unis-fr\/san-francisco-fr\/visite-privee-de-la-silicon-valley\/#primaryimage","url":"https:\/\/tourtravelandmore.com\/wp-content\/uploads\/2020\/04\/aerial-photography-of-round-building.jpg","contentUrl":"https:\/\/tourtravelandmore.com\/wp-content\/uploads\/2020\/04\/aerial-photography-of-round-building.jpg","width":910,"height":512},{"@type":"BreadcrumbList","@id":"https:\/\/tourtravelandmore.com\/fr\/tours\/etats-unis-fr\/san-francisco-fr\/visite-privee-de-la-silicon-valley\/#breadcrumb","itemListElement":[{"@type":"ListItem","position":1,"name":"Home","item":"https:\/\/tourtravelandmore.com\/fr\/"},{"@type":"ListItem","position":2,"name":"Tours","item":"https:\/\/tourtravelandmore.com\/fr\/tours\/"},{"@type":"ListItem","position":3,"name":"Visite priv\u00e9e de la Silicon Valley"}]},{"@type":"WebSite","@id":"https:\/\/tourtravelandmore.com\/fr\/#website","url":"https:\/\/tourtravelandmore.com\/fr\/","name":"Tour Travel And More","description":"Private sightseeing tours and luxury transfers in Spain","publisher":{"@id":"https:\/\/tourtravelandmore.com\/fr\/#organization"},"potentialAction":[{"@type":"SearchAction","target":{"@type":"EntryPoint","urlTemplate":"https:\/\/tourtravelandmore.com\/fr\/?s={search_term_string}"},"query-input":{"@type":"PropertyValueSpecification","valueRequired":true,"valueName":"search_term_string"}}],"inLanguage":"fr-FR"},{"@type":"Organization","@id":"https:\/\/tourtravelandmore.com\/fr\/#organization","name":"Tour Travel And More","url":"https:\/\/tourtravelandmore.com\/fr\/","logo":{"@type":"ImageObject","inLanguage":"fr-FR","@id":"https:\/\/tourtravelandmore.com\/fr\/#\/schema\/logo\/image\/","url":"https:\/\/tourtravelandmore.com\/wp-content\/uploads\/2022\/12\/cropped-logo-cabecera-new.png","contentUrl":"https:\/\/tourtravelandmore.com\/wp-content\/uploads\/2022\/12\/cropped-logo-cabecera-new.png","width":430,"height":61,"caption":"Tour Travel And More"},"image":{"@id":"https:\/\/tourtravelandmore.com\/fr\/#\/schema\/logo\/image\/"},"sameAs":["https:\/\/www.facebook.com\/tourtravelandmore\/","https:\/\/x.com\/TourTravel_More"]}]}},"_links":{"self":[{"href":"https:\/\/tourtravelandmore.com\/fr\/wp-json\/wp\/v2\/product\/105009","targetHints":{"allow":["GET"]}}],"collection":[{"href":"https:\/\/tourtravelandmore.com\/fr\/wp-json\/wp\/v2\/product"}],"about":[{"href":"https:\/\/tourtravelandmore.com\/fr\/wp-json\/wp\/v2\/types\/product"}],"replies":[{"embeddable":true,"href":"https:\/\/tourtravelandmore.com\/fr\/wp-json\/wp\/v2\/comments?post=105009"}],"wp:featuredmedia":[{"embeddable":true,"href":"https:\/\/tourtravelandmore.com\/fr\/wp-json\/wp\/v2\/media\/97441"}],"wp:attachment":[{"href":"https:\/\/tourtravelandmore.com\/fr\/wp-json\/wp\/v2\/media?parent=105009"}],"wp:term":[{"taxonomy":"product_brand","embeddable":true,"href":"https:\/\/tourtravelandmore.com\/fr\/wp-json\/wp\/v2\/product_brand?post=105009"},{"taxonomy":"product_cat","embeddable":true,"href":"https:\/\/tourtravelandmore.com\/fr\/wp-json\/wp\/v2\/product_cat?post=105009"},{"taxonomy":"product_tag","embeddable":true,"href":"https:\/\/tourtravelandmore.com\/fr\/wp-json\/wp\/v2\/product_tag?post=105009"}],"curies":[{"name":"wp","href":"https:\/\/api.w.org\/{rel}","templated":true}]}}