{"id":104999,"date":"2020-03-26T12:10:25","date_gmt":"2020-03-26T11:10:25","guid":{"rendered":"https:\/\/tourtravelandmore.com\/tours\/non%20class\u00e9\/visite-privee-des-vins-de-napa-et-de-la-vallee-de-sonoma\/"},"modified":"2025-01-28T20:17:20","modified_gmt":"2025-01-28T19:17:20","slug":"visite-privee-des-vins-de-napa-et-de-la-vallee-de-sonoma","status":"publish","type":"product","link":"https:\/\/tourtravelandmore.com\/fr\/tours\/etats-unis-fr\/san-francisco-fr\/visite-privee-des-vins-de-napa-et-de-la-vallee-de-sonoma\/","title":{"rendered":"Visite priv\u00e9e des vins de Napa et de la vall\u00e9e de Sonoma"},"content":{"rendered":"<h2><b><strong>Description de l&#8217;excursion viticole dans les vall\u00e9es de Napa et de Sonoma<\/strong><\/b><\/h2>\n<p>Explorez deux des plus belles <b><strong>r\u00e9gions viticoles de Californie :<\/strong><\/b> <b><strong>Napa et Sonoma<\/strong><\/b>. Pr\u00e9parez-vous \u00e0 explorer cette magnifique r\u00e9gion et \u00e0 visiter quelques-uns de ses meilleurs vignobles avec un chauffeur local depuis San Francisco. Profitez au maximum de votre s\u00e9jour en Californie pour visiter les vignobles de la vall\u00e9e de Napa au d\u00e9part de San Francisco.<\/p>\n<p>Tout d&#8217;abord, nous viendrons vous chercher \u00e0 votre h\u00f4tel ou au lieu de votre choix (port de croisi\u00e8re, a\u00e9roport ou appartement) \u00e0 <b>San Francisco<\/b>. Ensuite, vous commencerez votre exp\u00e9rience sur mesure. Vous pourrez d\u00e9guster les meilleurs vins de Californie !<\/p>\n<p>Prenez contact avec nous et notre \u00e9quipe d&#8217;experts vous aidera \u00e0 organiser une exp\u00e9rience enti\u00e8rement personnalis\u00e9e.<\/p>\n<h2><b><strong>Points d&#8217;int\u00e9r\u00eat et monuments de Napa et Sonoma<\/strong><\/b><\/h2>\n<p>Pendant votre visite des vignobles de la vall\u00e9e de Napa au d\u00e9part de San Francisco, vous d\u00e9couvrirez les merveilleuses r\u00e9gions viticoles de <b><strong>Napa et de Sonoma <\/strong><\/b>en compagnie d&#8217;un chauffeur expert. Sentez l&#8217;odeur fra\u00eeche de la nature et roulez \u00e0 une heure de San Francisco jusqu&#8217;\u00e0 cette merveilleuse r\u00e9gion viticole. En 1976, le jugement de Paris a d\u00e9clar\u00e9 que les vins de Napa Valley et de Sonoma \u00e9taient aussi bons et, dans certains cas, meilleurs que les vins fran\u00e7ais les plus prestigieux. Par la suite, la communaut\u00e9 internationale a commenc\u00e9 \u00e0 remarquer la qualit\u00e9 des vins am\u00e9ricains et leur popularit\u00e9 s&#8217;est accrue.<\/p>\n<p>Napa et <a href=\"https:\/\/www.sonomavalley.com\/\">Sonoma<\/a> sont des chefs de file en mati\u00e8re de tourisme durable. Laissez-nous vous aider \u00e0 explorer cette magnifique r\u00e9gion de Californie \u00e0 votre rythme.<\/p>\n<p>Vous visiterez trois domaines viticoles de la r\u00e9gion, et vous pourrez \u00e9galement vous rendre au march\u00e9 public d&#8217;Oxbow pour le d\u00e9jeuner. Le prix de notre visite priv\u00e9e comprend les d\u00e9gustations de vin dans trois caves diff\u00e9rentes de la r\u00e9gion. Votre chauffeur\/guide priv\u00e9 sera un fin connaisseur de la r\u00e9gion et de ses vignobles.<\/p>\n<p>Si vous le souhaitez, nous pouvons organiser \u00e0 l&#8217;avance le d\u00e9jeuner dans un restaurant particulier. Contactez-nous pour une proposition personnalis\u00e9e.<\/p>\n","protected":false},"excerpt":{"rendered":"<p>Saisissez cette chance pour d\u00e9couvrir cette merveilleuse r\u00e9gion et visiter ses meilleurs vignobles. Explorez les vall\u00e9es \u00e0 c\u00f4t\u00e9 d&#8217;un expert local, votre chauffeur \/ guide priv\u00e9.<\/p>\n","protected":false},"featured_media":97415,"comment_status":"open","ping_status":"closed","template":"","meta":{"_acf_changed":false},"product_brand":[],"product_cat":[5440,5441,3547,3548],"product_tag":[],"class_list":{"0":"post-104999","1":"product","2":"type-product","3":"status-publish","4":"has-post-thumbnail","6":"product_cat-all-private-tours-activities-fr-34","7":"product_cat-private-sightseeing-tours-fr-42","8":"product_cat-etats-unis-fr","9":"product_cat-san-francisco-fr","11":"first","12":"instock","13":"shipping-taxable","14":"purchasable","15":"product-type-simple"},"acf":[],"yoast_head":"<!-- This site is optimized with the Yoast SEO Premium plugin v25.3.1 (Yoast SEO v25.3.1) - https:\/\/yoast.com\/wordpress\/plugins\/seo\/ -->\n<title>Visite des vignobles de la vall\u00e9e de Napa au d\u00e9part de San Francisco avec chauffeur \/ guide priv\u00e9<\/title>\n<meta name=\"description\" content=\"D\u00e9couvrez Napa et Sonoma avec un expert local. Profitez d&#039;une d\u00e9gustation de vins dans les meilleurs vignobles avec notre visite des vignobles de la vall\u00e9e de Napa au d\u00e9part de San Francisco.\" \/>\n<meta name=\"robots\" content=\"index, follow, max-snippet:-1, max-image-preview:large, max-video-preview:-1\" \/>\n<link rel=\"canonical\" href=\"https:\/\/tourtravelandmore.com\/fr\/tours\/etats-unis-fr\/san-francisco-fr\/visite-privee-des-vins-de-napa-et-de-la-vallee-de-sonoma\/\" \/>\n<meta property=\"og:locale\" content=\"fr_FR\" \/>\n<meta property=\"og:type\" content=\"article\" \/>\n<meta property=\"og:title\" content=\"Visite priv\u00e9e des vins de Napa et de la vall\u00e9e de Sonoma\" \/>\n<meta property=\"og:description\" content=\"D\u00e9couvrez Napa et Sonoma avec un expert local. Profitez d&#039;une d\u00e9gustation de vins dans les meilleurs vignobles avec notre visite des vignobles de la vall\u00e9e de Napa au d\u00e9part de San Francisco.\" \/>\n<meta property=\"og:url\" content=\"https:\/\/tourtravelandmore.com\/fr\/tours\/etats-unis-fr\/san-francisco-fr\/visite-privee-des-vins-de-napa-et-de-la-vallee-de-sonoma\/\" \/>\n<meta property=\"og:site_name\" content=\"Tour Travel And More\" \/>\n<meta property=\"article:publisher\" content=\"https:\/\/www.facebook.com\/tourtravelandmore\/\" \/>\n<meta property=\"article:modified_time\" content=\"2025-01-28T19:17:20+00:00\" \/>\n<meta property=\"og:image\" content=\"https:\/\/tourtravelandmore.com\/wp-content\/uploads\/2020\/03\/Napa3.jpg\" \/>\n\t<meta property=\"og:image:width\" content=\"1280\" \/>\n\t<meta property=\"og:image:height\" content=\"847\" \/>\n\t<meta property=\"og:image:type\" content=\"image\/jpeg\" \/>\n<meta name=\"twitter:card\" content=\"summary_large_image\" \/>\n<meta name=\"twitter:site\" content=\"@TourTravel_More\" \/>\n<meta name=\"twitter:label1\" content=\"Dur\u00e9e de lecture estim\u00e9e\" \/>\n\t<meta name=\"twitter:data1\" content=\"2 minutes\" \/>\n<script type=\"application\/ld+json\" class=\"yoast-schema-graph\">{\"@context\":\"https:\/\/schema.org\",\"@graph\":[{\"@type\":\"WebPage\",\"@id\":\"https:\/\/tourtravelandmore.com\/fr\/tours\/etats-unis-fr\/san-francisco-fr\/visite-privee-des-vins-de-napa-et-de-la-vallee-de-sonoma\/\",\"url\":\"https:\/\/tourtravelandmore.com\/fr\/tours\/etats-unis-fr\/san-francisco-fr\/visite-privee-des-vins-de-napa-et-de-la-vallee-de-sonoma\/\",\"name\":\"Visite des vignobles de la vall\u00e9e de Napa au d\u00e9part de San Francisco avec chauffeur \/ guide priv\u00e9\",\"isPartOf\":{\"@id\":\"https:\/\/tourtravelandmore.com\/fr\/#website\"},\"primaryImageOfPage\":{\"@id\":\"https:\/\/tourtravelandmore.com\/fr\/tours\/etats-unis-fr\/san-francisco-fr\/visite-privee-des-vins-de-napa-et-de-la-vallee-de-sonoma\/#primaryimage\"},\"image\":{\"@id\":\"https:\/\/tourtravelandmore.com\/fr\/tours\/etats-unis-fr\/san-francisco-fr\/visite-privee-des-vins-de-napa-et-de-la-vallee-de-sonoma\/#primaryimage\"},\"thumbnailUrl\":\"https:\/\/tourtravelandmore.com\/wp-content\/uploads\/2020\/03\/Napa3.jpg\",\"datePublished\":\"2020-03-26T11:10:25+00:00\",\"dateModified\":\"2025-01-28T19:17:20+00:00\",\"description\":\"D\u00e9couvrez Napa et Sonoma avec un expert local. Profitez d'une d\u00e9gustation de vins dans les meilleurs vignobles avec notre visite des vignobles de la vall\u00e9e de Napa au d\u00e9part de San Francisco.\",\"breadcrumb\":{\"@id\":\"https:\/\/tourtravelandmore.com\/fr\/tours\/etats-unis-fr\/san-francisco-fr\/visite-privee-des-vins-de-napa-et-de-la-vallee-de-sonoma\/#breadcrumb\"},\"inLanguage\":\"fr-FR\",\"potentialAction\":[{\"@type\":\"ReadAction\",\"target\":[\"https:\/\/tourtravelandmore.com\/fr\/tours\/etats-unis-fr\/san-francisco-fr\/visite-privee-des-vins-de-napa-et-de-la-vallee-de-sonoma\/\"]}]},{\"@type\":\"ImageObject\",\"inLanguage\":\"fr-FR\",\"@id\":\"https:\/\/tourtravelandmore.com\/fr\/tours\/etats-unis-fr\/san-francisco-fr\/visite-privee-des-vins-de-napa-et-de-la-vallee-de-sonoma\/#primaryimage\",\"url\":\"https:\/\/tourtravelandmore.com\/wp-content\/uploads\/2020\/03\/Napa3.jpg\",\"contentUrl\":\"https:\/\/tourtravelandmore.com\/wp-content\/uploads\/2020\/03\/Napa3.jpg\",\"width\":1280,\"height\":847},{\"@type\":\"BreadcrumbList\",\"@id\":\"https:\/\/tourtravelandmore.com\/fr\/tours\/etats-unis-fr\/san-francisco-fr\/visite-privee-des-vins-de-napa-et-de-la-vallee-de-sonoma\/#breadcrumb\",\"itemListElement\":[{\"@type\":\"ListItem\",\"position\":1,\"name\":\"Home\",\"item\":\"https:\/\/tourtravelandmore.com\/fr\/\"},{\"@type\":\"ListItem\",\"position\":2,\"name\":\"Tours\",\"item\":\"https:\/\/tourtravelandmore.com\/fr\/tours\/\"},{\"@type\":\"ListItem\",\"position\":3,\"name\":\"Visite priv\u00e9e des vins de Napa et de la vall\u00e9e de Sonoma\"}]},{\"@type\":\"WebSite\",\"@id\":\"https:\/\/tourtravelandmore.com\/fr\/#website\",\"url\":\"https:\/\/tourtravelandmore.com\/fr\/\",\"name\":\"Tour Travel And More\",\"description\":\"Private sightseeing tours and luxury transfers in Spain\",\"publisher\":{\"@id\":\"https:\/\/tourtravelandmore.com\/fr\/#organization\"},\"potentialAction\":[{\"@type\":\"SearchAction\",\"target\":{\"@type\":\"EntryPoint\",\"urlTemplate\":\"https:\/\/tourtravelandmore.com\/fr\/?s={search_term_string}\"},\"query-input\":{\"@type\":\"PropertyValueSpecification\",\"valueRequired\":true,\"valueName\":\"search_term_string\"}}],\"inLanguage\":\"fr-FR\"},{\"@type\":\"Organization\",\"@id\":\"https:\/\/tourtravelandmore.com\/fr\/#organization\",\"name\":\"Tour Travel And More\",\"url\":\"https:\/\/tourtravelandmore.com\/fr\/\",\"logo\":{\"@type\":\"ImageObject\",\"inLanguage\":\"fr-FR\",\"@id\":\"https:\/\/tourtravelandmore.com\/fr\/#\/schema\/logo\/image\/\",\"url\":\"https:\/\/tourtravelandmore.com\/wp-content\/uploads\/2022\/12\/cropped-logo-cabecera-new.png\",\"contentUrl\":\"https:\/\/tourtravelandmore.com\/wp-content\/uploads\/2022\/12\/cropped-logo-cabecera-new.png\",\"width\":430,\"height\":61,\"caption\":\"Tour Travel And More\"},\"image\":{\"@id\":\"https:\/\/tourtravelandmore.com\/fr\/#\/schema\/logo\/image\/\"},\"sameAs\":[\"https:\/\/www.facebook.com\/tourtravelandmore\/\",\"https:\/\/x.com\/TourTravel_More\"]}]}<\/script>\n<!-- \/ Yoast SEO Premium plugin. -->","yoast_head_json":{"title":"Visite des vignobles de la vall\u00e9e de Napa au d\u00e9part de San Francisco avec chauffeur \/ guide priv\u00e9","description":"D\u00e9couvrez Napa et Sonoma avec un expert local. Profitez d'une d\u00e9gustation de vins dans les meilleurs vignobles avec notre visite des vignobles de la vall\u00e9e de Napa au d\u00e9part de San Francisco.","robots":{"index":"index","follow":"follow","max-snippet":"max-snippet:-1","max-image-preview":"max-image-preview:large","max-video-preview":"max-video-preview:-1"},"canonical":"https:\/\/tourtravelandmore.com\/fr\/tours\/etats-unis-fr\/san-francisco-fr\/visite-privee-des-vins-de-napa-et-de-la-vallee-de-sonoma\/","og_locale":"fr_FR","og_type":"article","og_title":"Visite priv\u00e9e des vins de Napa et de la vall\u00e9e de Sonoma","og_description":"D\u00e9couvrez Napa et Sonoma avec un expert local. Profitez d'une d\u00e9gustation de vins dans les meilleurs vignobles avec notre visite des vignobles de la vall\u00e9e de Napa au d\u00e9part de San Francisco.","og_url":"https:\/\/tourtravelandmore.com\/fr\/tours\/etats-unis-fr\/san-francisco-fr\/visite-privee-des-vins-de-napa-et-de-la-vallee-de-sonoma\/","og_site_name":"Tour Travel And More","article_publisher":"https:\/\/www.facebook.com\/tourtravelandmore\/","article_modified_time":"2025-01-28T19:17:20+00:00","og_image":[{"width":1280,"height":847,"url":"https:\/\/tourtravelandmore.com\/wp-content\/uploads\/2020\/03\/Napa3.jpg","type":"image\/jpeg"}],"twitter_card":"summary_large_image","twitter_site":"@TourTravel_More","twitter_misc":{"Dur\u00e9e de lecture estim\u00e9e":"2 minutes"},"schema":{"@context":"https:\/\/schema.org","@graph":[{"@type":"WebPage","@id":"https:\/\/tourtravelandmore.com\/fr\/tours\/etats-unis-fr\/san-francisco-fr\/visite-privee-des-vins-de-napa-et-de-la-vallee-de-sonoma\/","url":"https:\/\/tourtravelandmore.com\/fr\/tours\/etats-unis-fr\/san-francisco-fr\/visite-privee-des-vins-de-napa-et-de-la-vallee-de-sonoma\/","name":"Visite des vignobles de la vall\u00e9e de Napa au d\u00e9part de San Francisco avec chauffeur \/ guide priv\u00e9","isPartOf":{"@id":"https:\/\/tourtravelandmore.com\/fr\/#website"},"primaryImageOfPage":{"@id":"https:\/\/tourtravelandmore.com\/fr\/tours\/etats-unis-fr\/san-francisco-fr\/visite-privee-des-vins-de-napa-et-de-la-vallee-de-sonoma\/#primaryimage"},"image":{"@id":"https:\/\/tourtravelandmore.com\/fr\/tours\/etats-unis-fr\/san-francisco-fr\/visite-privee-des-vins-de-napa-et-de-la-vallee-de-sonoma\/#primaryimage"},"thumbnailUrl":"https:\/\/tourtravelandmore.com\/wp-content\/uploads\/2020\/03\/Napa3.jpg","datePublished":"2020-03-26T11:10:25+00:00","dateModified":"2025-01-28T19:17:20+00:00","description":"D\u00e9couvrez Napa et Sonoma avec un expert local. Profitez d'une d\u00e9gustation de vins dans les meilleurs vignobles avec notre visite des vignobles de la vall\u00e9e de Napa au d\u00e9part de San Francisco.","breadcrumb":{"@id":"https:\/\/tourtravelandmore.com\/fr\/tours\/etats-unis-fr\/san-francisco-fr\/visite-privee-des-vins-de-napa-et-de-la-vallee-de-sonoma\/#breadcrumb"},"inLanguage":"fr-FR","potentialAction":[{"@type":"ReadAction","target":["https:\/\/tourtravelandmore.com\/fr\/tours\/etats-unis-fr\/san-francisco-fr\/visite-privee-des-vins-de-napa-et-de-la-vallee-de-sonoma\/"]}]},{"@type":"ImageObject","inLanguage":"fr-FR","@id":"https:\/\/tourtravelandmore.com\/fr\/tours\/etats-unis-fr\/san-francisco-fr\/visite-privee-des-vins-de-napa-et-de-la-vallee-de-sonoma\/#primaryimage","url":"https:\/\/tourtravelandmore.com\/wp-content\/uploads\/2020\/03\/Napa3.jpg","contentUrl":"https:\/\/tourtravelandmore.com\/wp-content\/uploads\/2020\/03\/Napa3.jpg","width":1280,"height":847},{"@type":"BreadcrumbList","@id":"https:\/\/tourtravelandmore.com\/fr\/tours\/etats-unis-fr\/san-francisco-fr\/visite-privee-des-vins-de-napa-et-de-la-vallee-de-sonoma\/#breadcrumb","itemListElement":[{"@type":"ListItem","position":1,"name":"Home","item":"https:\/\/tourtravelandmore.com\/fr\/"},{"@type":"ListItem","position":2,"name":"Tours","item":"https:\/\/tourtravelandmore.com\/fr\/tours\/"},{"@type":"ListItem","position":3,"name":"Visite priv\u00e9e des vins de Napa et de la vall\u00e9e de Sonoma"}]},{"@type":"WebSite","@id":"https:\/\/tourtravelandmore.com\/fr\/#website","url":"https:\/\/tourtravelandmore.com\/fr\/","name":"Tour Travel And More","description":"Private sightseeing tours and luxury transfers in Spain","publisher":{"@id":"https:\/\/tourtravelandmore.com\/fr\/#organization"},"potentialAction":[{"@type":"SearchAction","target":{"@type":"EntryPoint","urlTemplate":"https:\/\/tourtravelandmore.com\/fr\/?s={search_term_string}"},"query-input":{"@type":"PropertyValueSpecification","valueRequired":true,"valueName":"search_term_string"}}],"inLanguage":"fr-FR"},{"@type":"Organization","@id":"https:\/\/tourtravelandmore.com\/fr\/#organization","name":"Tour Travel And More","url":"https:\/\/tourtravelandmore.com\/fr\/","logo":{"@type":"ImageObject","inLanguage":"fr-FR","@id":"https:\/\/tourtravelandmore.com\/fr\/#\/schema\/logo\/image\/","url":"https:\/\/tourtravelandmore.com\/wp-content\/uploads\/2022\/12\/cropped-logo-cabecera-new.png","contentUrl":"https:\/\/tourtravelandmore.com\/wp-content\/uploads\/2022\/12\/cropped-logo-cabecera-new.png","width":430,"height":61,"caption":"Tour Travel And More"},"image":{"@id":"https:\/\/tourtravelandmore.com\/fr\/#\/schema\/logo\/image\/"},"sameAs":["https:\/\/www.facebook.com\/tourtravelandmore\/","https:\/\/x.com\/TourTravel_More"]}]}},"_links":{"self":[{"href":"https:\/\/tourtravelandmore.com\/fr\/wp-json\/wp\/v2\/product\/104999","targetHints":{"allow":["GET"]}}],"collection":[{"href":"https:\/\/tourtravelandmore.com\/fr\/wp-json\/wp\/v2\/product"}],"about":[{"href":"https:\/\/tourtravelandmore.com\/fr\/wp-json\/wp\/v2\/types\/product"}],"replies":[{"embeddable":true,"href":"https:\/\/tourtravelandmore.com\/fr\/wp-json\/wp\/v2\/comments?post=104999"}],"wp:featuredmedia":[{"embeddable":true,"href":"https:\/\/tourtravelandmore.com\/fr\/wp-json\/wp\/v2\/media\/97415"}],"wp:attachment":[{"href":"https:\/\/tourtravelandmore.com\/fr\/wp-json\/wp\/v2\/media?parent=104999"}],"wp:term":[{"taxonomy":"product_brand","embeddable":true,"href":"https:\/\/tourtravelandmore.com\/fr\/wp-json\/wp\/v2\/product_brand?post=104999"},{"taxonomy":"product_cat","embeddable":true,"href":"https:\/\/tourtravelandmore.com\/fr\/wp-json\/wp\/v2\/product_cat?post=104999"},{"taxonomy":"product_tag","embeddable":true,"href":"https:\/\/tourtravelandmore.com\/fr\/wp-json\/wp\/v2\/product_tag?post=104999"}],"curies":[{"name":"wp","href":"https:\/\/api.w.org\/{rel}","templated":true}]}}