{"id":104994,"date":"2020-03-20T11:03:23","date_gmt":"2020-03-20T10:03:23","guid":{"rendered":"https:\/\/tourtravelandmore.com\/tours\/non%20class\u00e9\/guide-prive-pour-visiter-alcatraz\/"},"modified":"2024-10-28T19:49:03","modified_gmt":"2024-10-28T18:49:03","slug":"guide-prive-pour-visiter-alcatraz","status":"publish","type":"product","link":"https:\/\/tourtravelandmore.com\/fr\/tours\/etats-unis-fr\/san-francisco-fr\/guide-prive-pour-visiter-alcatraz\/","title":{"rendered":"Visite priv\u00e9e \u00e0 pied d&#8217;Alcatraz"},"content":{"rendered":"<h2>Description<\/h2>\n<p>D\u00e9couvrez le site unique d&#8217;Alcatraz aux c\u00f4t\u00e9s d&#8217;un expert local. D\u00e9couvrez l&#8217;histoire et tous les faits int\u00e9ressants d&#8217;Alcatraz avec votre guide priv\u00e9. Que ce soit la premi\u00e8re fois que vous venez \u00e0 San Francisco ou un voyageur assidu, profitez de notre visite d&#8217;Alcatraz au d\u00e9part de San Francisco.<\/p>\n<p>Alcatraz \u00e9tait autrefois une prison militaire et f\u00e9d\u00e9rale au large de San Francisco. Vous ne pouvez acc\u00e9der \u00e0 l&#8217;\u00eele qu&#8217;avec un ferry. Le trajet en ferry dure environ 15 minutes depuis le Pier 33. Nous pouvons organiser la visite, y compris le transport vers le Pier 33 en v\u00e9hicule priv\u00e9 ou vous pouvez rencontrer votre guide au Pier 33 pour prendre le ferry pour Alcatraz.<\/p>\n<p>Veuillez noter qu&#8217;il peut faire frais et pluvieux \u00e0 Alcatraz. Nous recommandons toujours d&#8217;apporter une veste l\u00e9g\u00e8re.<\/p>\n<p>Si vous d\u00e9cidez de commencer la visite depuis votre h\u00f4tel \u00e0 San Francisco, vous profiterez \u00e9galement d&#8217;une vue panoramique sur la ville, y compris le quai des p\u00eacheurs, avant de prendre le ferry pour Alcatraz.<\/p>\n<h2>Sites d&#8217;int\u00e9r\u00eat et points de rep\u00e8re<\/h2>\n<p>Nos visites sont disponibles tous les jours sauf pour No\u00ebl, Thanksgiving et pour le jour de l&#8217;an. Nous recommandons toujours de r\u00e9server \u00e0 l&#8217;avance car la disponibilit\u00e9 n&#8217;est pas toujours grande.<\/p>\n<p>Si nous commen\u00e7ons par une prise en charge priv\u00e9e, nous organiserons un petit paysage panoramique depuis votre h\u00f4tel jusqu&#8217;\u00e0 ce que nous arrivions au Pier 33. En fonction de l&#8217;endroit o\u00f9 se trouve votre h\u00f4tel ou lieu de prise en charge, le paysage exact que vous verrez peut varier. Nous ferons de notre mieux pour jeter un coup d&#8217;\u0153il au Golden Gate Bridge et bien s\u00fbr au quartier Fisherman\u2019s Wharf.<\/p>\n<p>Apr\u00e8s le trajet en ferry de 15 minutes, nous arriverons \u00e0 l&#8217;\u00eele d&#8217;Alcatraz. Imaginez que lorsque vous descendez du ferry, c&#8217;est l\u00e0 que de nombreux prisonniers ont \u00e9t\u00e9 emmen\u00e9s pour y rester en permanence.<\/p>\n<p>Vous apprendrez \u00e0 conna\u00eetre tous les secrets d&#8217;Alcatraz et tous les tr\u00e9sors cach\u00e9s de cet endroit unique. Vous aurez une vue sur toute l&#8217;\u00eele d&#8217;Alcatraz, y compris les sites c\u00e9l\u00e8bres qui apparaissent dans de nombreux films.<\/p>\n<p>Contactez-nous et notre \u00e9quipe d&#8217;experts vous aidera \u00e0 organiser une visite d&#8217;Alcatraz sur mesure au d\u00e9part de San Francisco<\/p>\n","protected":false},"excerpt":{"rendered":"<p>Profitez de cette exp\u00e9rience compl\u00e8tement priv\u00e9e pour visiter Alcatraz \u00e0 c\u00f4t\u00e9 d&#8217;un guide agr\u00e9\u00e9. D\u00e9couvrez l&#8217;histoire et tous les faits int\u00e9ressants d&#8217;Alcatraz lors de cette visite priv\u00e9e et unique. Nous pouvons inclure des transferts aller-retour vers le Pier 33 si n\u00e9cessaire.<\/p>\n","protected":false},"featured_media":97395,"comment_status":"open","ping_status":"closed","template":"","meta":{"_acf_changed":false},"product_brand":[],"product_cat":[3547,3548],"product_tag":[],"class_list":{"0":"post-104994","1":"product","2":"type-product","3":"status-publish","4":"has-post-thumbnail","6":"product_cat-etats-unis-fr","7":"product_cat-san-francisco-fr","9":"first","10":"instock","11":"shipping-taxable","12":"purchasable","13":"product-type-simple"},"acf":[],"yoast_head":"<!-- This site is optimized with the Yoast SEO Premium plugin v25.3.1 (Yoast SEO v25.3.1) - https:\/\/yoast.com\/wordpress\/plugins\/seo\/ -->\n<title>Visite d&#039;Alcatraz au d\u00e9part de San Francisco avec un guide agr\u00e9\u00e9<\/title>\n<meta name=\"description\" content=\"D\u00e9couvrez l&#039;ancienne prison f\u00e9d\u00e9rale et militaire d&#039;Alcatraz \u00e0 c\u00f4t\u00e9 de votre guide officiel priv\u00e9. Profitez d&#039;une visite priv\u00e9e d&#039;Alcatraz au d\u00e9part de San Francisco\" \/>\n<meta name=\"robots\" content=\"index, follow, max-snippet:-1, max-image-preview:large, max-video-preview:-1\" \/>\n<link rel=\"canonical\" href=\"https:\/\/tourtravelandmore.com\/fr\/tours\/etats-unis-fr\/san-francisco-fr\/guide-prive-pour-visiter-alcatraz\/\" \/>\n<meta property=\"og:locale\" content=\"fr_FR\" \/>\n<meta property=\"og:type\" content=\"article\" \/>\n<meta property=\"og:title\" content=\"Visite priv\u00e9e \u00e0 pied d&#039;Alcatraz\" \/>\n<meta property=\"og:description\" content=\"D\u00e9couvrez l&#039;ancienne prison f\u00e9d\u00e9rale et militaire d&#039;Alcatraz \u00e0 c\u00f4t\u00e9 de votre guide officiel priv\u00e9. Profitez d&#039;une visite priv\u00e9e d&#039;Alcatraz au d\u00e9part de San Francisco\" \/>\n<meta property=\"og:url\" content=\"https:\/\/tourtravelandmore.com\/fr\/tours\/etats-unis-fr\/san-francisco-fr\/guide-prive-pour-visiter-alcatraz\/\" \/>\n<meta property=\"og:site_name\" content=\"Tour Travel And More\" \/>\n<meta property=\"article:publisher\" content=\"https:\/\/www.facebook.com\/tourtravelandmore\/\" \/>\n<meta property=\"article:modified_time\" content=\"2024-10-28T18:49:03+00:00\" \/>\n<meta property=\"og:image\" content=\"https:\/\/tourtravelandmore.com\/wp-content\/uploads\/2020\/03\/alcatraz-2.jpg\" \/>\n\t<meta property=\"og:image:width\" content=\"600\" \/>\n\t<meta property=\"og:image:height\" content=\"400\" \/>\n\t<meta property=\"og:image:type\" content=\"image\/jpeg\" \/>\n<meta name=\"twitter:card\" content=\"summary_large_image\" \/>\n<meta name=\"twitter:site\" content=\"@TourTravel_More\" \/>\n<meta name=\"twitter:label1\" content=\"Dur\u00e9e de lecture estim\u00e9e\" \/>\n\t<meta name=\"twitter:data1\" content=\"2 minutes\" \/>\n<script type=\"application\/ld+json\" class=\"yoast-schema-graph\">{\"@context\":\"https:\/\/schema.org\",\"@graph\":[{\"@type\":\"WebPage\",\"@id\":\"https:\/\/tourtravelandmore.com\/fr\/tours\/etats-unis-fr\/san-francisco-fr\/guide-prive-pour-visiter-alcatraz\/\",\"url\":\"https:\/\/tourtravelandmore.com\/fr\/tours\/etats-unis-fr\/san-francisco-fr\/guide-prive-pour-visiter-alcatraz\/\",\"name\":\"Visite d'Alcatraz au d\u00e9part de San Francisco avec un guide agr\u00e9\u00e9\",\"isPartOf\":{\"@id\":\"https:\/\/tourtravelandmore.com\/fr\/#website\"},\"primaryImageOfPage\":{\"@id\":\"https:\/\/tourtravelandmore.com\/fr\/tours\/etats-unis-fr\/san-francisco-fr\/guide-prive-pour-visiter-alcatraz\/#primaryimage\"},\"image\":{\"@id\":\"https:\/\/tourtravelandmore.com\/fr\/tours\/etats-unis-fr\/san-francisco-fr\/guide-prive-pour-visiter-alcatraz\/#primaryimage\"},\"thumbnailUrl\":\"https:\/\/tourtravelandmore.com\/wp-content\/uploads\/2020\/03\/alcatraz-2.jpg\",\"datePublished\":\"2020-03-20T10:03:23+00:00\",\"dateModified\":\"2024-10-28T18:49:03+00:00\",\"description\":\"D\u00e9couvrez l'ancienne prison f\u00e9d\u00e9rale et militaire d'Alcatraz \u00e0 c\u00f4t\u00e9 de votre guide officiel priv\u00e9. Profitez d'une visite priv\u00e9e d'Alcatraz au d\u00e9part de San Francisco\",\"breadcrumb\":{\"@id\":\"https:\/\/tourtravelandmore.com\/fr\/tours\/etats-unis-fr\/san-francisco-fr\/guide-prive-pour-visiter-alcatraz\/#breadcrumb\"},\"inLanguage\":\"fr-FR\",\"potentialAction\":[{\"@type\":\"ReadAction\",\"target\":[\"https:\/\/tourtravelandmore.com\/fr\/tours\/etats-unis-fr\/san-francisco-fr\/guide-prive-pour-visiter-alcatraz\/\"]}]},{\"@type\":\"ImageObject\",\"inLanguage\":\"fr-FR\",\"@id\":\"https:\/\/tourtravelandmore.com\/fr\/tours\/etats-unis-fr\/san-francisco-fr\/guide-prive-pour-visiter-alcatraz\/#primaryimage\",\"url\":\"https:\/\/tourtravelandmore.com\/wp-content\/uploads\/2020\/03\/alcatraz-2.jpg\",\"contentUrl\":\"https:\/\/tourtravelandmore.com\/wp-content\/uploads\/2020\/03\/alcatraz-2.jpg\",\"width\":600,\"height\":400},{\"@type\":\"BreadcrumbList\",\"@id\":\"https:\/\/tourtravelandmore.com\/fr\/tours\/etats-unis-fr\/san-francisco-fr\/guide-prive-pour-visiter-alcatraz\/#breadcrumb\",\"itemListElement\":[{\"@type\":\"ListItem\",\"position\":1,\"name\":\"Home\",\"item\":\"https:\/\/tourtravelandmore.com\/fr\/\"},{\"@type\":\"ListItem\",\"position\":2,\"name\":\"Tours\",\"item\":\"https:\/\/tourtravelandmore.com\/fr\/tours\/\"},{\"@type\":\"ListItem\",\"position\":3,\"name\":\"Visite priv\u00e9e \u00e0 pied d&#8217;Alcatraz\"}]},{\"@type\":\"WebSite\",\"@id\":\"https:\/\/tourtravelandmore.com\/fr\/#website\",\"url\":\"https:\/\/tourtravelandmore.com\/fr\/\",\"name\":\"Tour Travel And More\",\"description\":\"Private sightseeing tours and luxury transfers in Spain\",\"publisher\":{\"@id\":\"https:\/\/tourtravelandmore.com\/fr\/#organization\"},\"potentialAction\":[{\"@type\":\"SearchAction\",\"target\":{\"@type\":\"EntryPoint\",\"urlTemplate\":\"https:\/\/tourtravelandmore.com\/fr\/?s={search_term_string}\"},\"query-input\":{\"@type\":\"PropertyValueSpecification\",\"valueRequired\":true,\"valueName\":\"search_term_string\"}}],\"inLanguage\":\"fr-FR\"},{\"@type\":\"Organization\",\"@id\":\"https:\/\/tourtravelandmore.com\/fr\/#organization\",\"name\":\"Tour Travel And More\",\"url\":\"https:\/\/tourtravelandmore.com\/fr\/\",\"logo\":{\"@type\":\"ImageObject\",\"inLanguage\":\"fr-FR\",\"@id\":\"https:\/\/tourtravelandmore.com\/fr\/#\/schema\/logo\/image\/\",\"url\":\"https:\/\/tourtravelandmore.com\/wp-content\/uploads\/2022\/12\/cropped-logo-cabecera-new.png\",\"contentUrl\":\"https:\/\/tourtravelandmore.com\/wp-content\/uploads\/2022\/12\/cropped-logo-cabecera-new.png\",\"width\":430,\"height\":61,\"caption\":\"Tour Travel And More\"},\"image\":{\"@id\":\"https:\/\/tourtravelandmore.com\/fr\/#\/schema\/logo\/image\/\"},\"sameAs\":[\"https:\/\/www.facebook.com\/tourtravelandmore\/\",\"https:\/\/x.com\/TourTravel_More\"]}]}<\/script>\n<!-- \/ Yoast SEO Premium plugin. -->","yoast_head_json":{"title":"Visite d'Alcatraz au d\u00e9part de San Francisco avec un guide agr\u00e9\u00e9","description":"D\u00e9couvrez l'ancienne prison f\u00e9d\u00e9rale et militaire d'Alcatraz \u00e0 c\u00f4t\u00e9 de votre guide officiel priv\u00e9. Profitez d'une visite priv\u00e9e d'Alcatraz au d\u00e9part de San Francisco","robots":{"index":"index","follow":"follow","max-snippet":"max-snippet:-1","max-image-preview":"max-image-preview:large","max-video-preview":"max-video-preview:-1"},"canonical":"https:\/\/tourtravelandmore.com\/fr\/tours\/etats-unis-fr\/san-francisco-fr\/guide-prive-pour-visiter-alcatraz\/","og_locale":"fr_FR","og_type":"article","og_title":"Visite priv\u00e9e \u00e0 pied d'Alcatraz","og_description":"D\u00e9couvrez l'ancienne prison f\u00e9d\u00e9rale et militaire d'Alcatraz \u00e0 c\u00f4t\u00e9 de votre guide officiel priv\u00e9. Profitez d'une visite priv\u00e9e d'Alcatraz au d\u00e9part de San Francisco","og_url":"https:\/\/tourtravelandmore.com\/fr\/tours\/etats-unis-fr\/san-francisco-fr\/guide-prive-pour-visiter-alcatraz\/","og_site_name":"Tour Travel And More","article_publisher":"https:\/\/www.facebook.com\/tourtravelandmore\/","article_modified_time":"2024-10-28T18:49:03+00:00","og_image":[{"width":600,"height":400,"url":"https:\/\/tourtravelandmore.com\/wp-content\/uploads\/2020\/03\/alcatraz-2.jpg","type":"image\/jpeg"}],"twitter_card":"summary_large_image","twitter_site":"@TourTravel_More","twitter_misc":{"Dur\u00e9e de lecture estim\u00e9e":"2 minutes"},"schema":{"@context":"https:\/\/schema.org","@graph":[{"@type":"WebPage","@id":"https:\/\/tourtravelandmore.com\/fr\/tours\/etats-unis-fr\/san-francisco-fr\/guide-prive-pour-visiter-alcatraz\/","url":"https:\/\/tourtravelandmore.com\/fr\/tours\/etats-unis-fr\/san-francisco-fr\/guide-prive-pour-visiter-alcatraz\/","name":"Visite d'Alcatraz au d\u00e9part de San Francisco avec un guide agr\u00e9\u00e9","isPartOf":{"@id":"https:\/\/tourtravelandmore.com\/fr\/#website"},"primaryImageOfPage":{"@id":"https:\/\/tourtravelandmore.com\/fr\/tours\/etats-unis-fr\/san-francisco-fr\/guide-prive-pour-visiter-alcatraz\/#primaryimage"},"image":{"@id":"https:\/\/tourtravelandmore.com\/fr\/tours\/etats-unis-fr\/san-francisco-fr\/guide-prive-pour-visiter-alcatraz\/#primaryimage"},"thumbnailUrl":"https:\/\/tourtravelandmore.com\/wp-content\/uploads\/2020\/03\/alcatraz-2.jpg","datePublished":"2020-03-20T10:03:23+00:00","dateModified":"2024-10-28T18:49:03+00:00","description":"D\u00e9couvrez l'ancienne prison f\u00e9d\u00e9rale et militaire d'Alcatraz \u00e0 c\u00f4t\u00e9 de votre guide officiel priv\u00e9. Profitez d'une visite priv\u00e9e d'Alcatraz au d\u00e9part de San Francisco","breadcrumb":{"@id":"https:\/\/tourtravelandmore.com\/fr\/tours\/etats-unis-fr\/san-francisco-fr\/guide-prive-pour-visiter-alcatraz\/#breadcrumb"},"inLanguage":"fr-FR","potentialAction":[{"@type":"ReadAction","target":["https:\/\/tourtravelandmore.com\/fr\/tours\/etats-unis-fr\/san-francisco-fr\/guide-prive-pour-visiter-alcatraz\/"]}]},{"@type":"ImageObject","inLanguage":"fr-FR","@id":"https:\/\/tourtravelandmore.com\/fr\/tours\/etats-unis-fr\/san-francisco-fr\/guide-prive-pour-visiter-alcatraz\/#primaryimage","url":"https:\/\/tourtravelandmore.com\/wp-content\/uploads\/2020\/03\/alcatraz-2.jpg","contentUrl":"https:\/\/tourtravelandmore.com\/wp-content\/uploads\/2020\/03\/alcatraz-2.jpg","width":600,"height":400},{"@type":"BreadcrumbList","@id":"https:\/\/tourtravelandmore.com\/fr\/tours\/etats-unis-fr\/san-francisco-fr\/guide-prive-pour-visiter-alcatraz\/#breadcrumb","itemListElement":[{"@type":"ListItem","position":1,"name":"Home","item":"https:\/\/tourtravelandmore.com\/fr\/"},{"@type":"ListItem","position":2,"name":"Tours","item":"https:\/\/tourtravelandmore.com\/fr\/tours\/"},{"@type":"ListItem","position":3,"name":"Visite priv\u00e9e \u00e0 pied d&#8217;Alcatraz"}]},{"@type":"WebSite","@id":"https:\/\/tourtravelandmore.com\/fr\/#website","url":"https:\/\/tourtravelandmore.com\/fr\/","name":"Tour Travel And More","description":"Private sightseeing tours and luxury transfers in Spain","publisher":{"@id":"https:\/\/tourtravelandmore.com\/fr\/#organization"},"potentialAction":[{"@type":"SearchAction","target":{"@type":"EntryPoint","urlTemplate":"https:\/\/tourtravelandmore.com\/fr\/?s={search_term_string}"},"query-input":{"@type":"PropertyValueSpecification","valueRequired":true,"valueName":"search_term_string"}}],"inLanguage":"fr-FR"},{"@type":"Organization","@id":"https:\/\/tourtravelandmore.com\/fr\/#organization","name":"Tour Travel And More","url":"https:\/\/tourtravelandmore.com\/fr\/","logo":{"@type":"ImageObject","inLanguage":"fr-FR","@id":"https:\/\/tourtravelandmore.com\/fr\/#\/schema\/logo\/image\/","url":"https:\/\/tourtravelandmore.com\/wp-content\/uploads\/2022\/12\/cropped-logo-cabecera-new.png","contentUrl":"https:\/\/tourtravelandmore.com\/wp-content\/uploads\/2022\/12\/cropped-logo-cabecera-new.png","width":430,"height":61,"caption":"Tour Travel And More"},"image":{"@id":"https:\/\/tourtravelandmore.com\/fr\/#\/schema\/logo\/image\/"},"sameAs":["https:\/\/www.facebook.com\/tourtravelandmore\/","https:\/\/x.com\/TourTravel_More"]}]}},"_links":{"self":[{"href":"https:\/\/tourtravelandmore.com\/fr\/wp-json\/wp\/v2\/product\/104994","targetHints":{"allow":["GET"]}}],"collection":[{"href":"https:\/\/tourtravelandmore.com\/fr\/wp-json\/wp\/v2\/product"}],"about":[{"href":"https:\/\/tourtravelandmore.com\/fr\/wp-json\/wp\/v2\/types\/product"}],"replies":[{"embeddable":true,"href":"https:\/\/tourtravelandmore.com\/fr\/wp-json\/wp\/v2\/comments?post=104994"}],"wp:featuredmedia":[{"embeddable":true,"href":"https:\/\/tourtravelandmore.com\/fr\/wp-json\/wp\/v2\/media\/97395"}],"wp:attachment":[{"href":"https:\/\/tourtravelandmore.com\/fr\/wp-json\/wp\/v2\/media?parent=104994"}],"wp:term":[{"taxonomy":"product_brand","embeddable":true,"href":"https:\/\/tourtravelandmore.com\/fr\/wp-json\/wp\/v2\/product_brand?post=104994"},{"taxonomy":"product_cat","embeddable":true,"href":"https:\/\/tourtravelandmore.com\/fr\/wp-json\/wp\/v2\/product_cat?post=104994"},{"taxonomy":"product_tag","embeddable":true,"href":"https:\/\/tourtravelandmore.com\/fr\/wp-json\/wp\/v2\/product_tag?post=104994"}],"curies":[{"name":"wp","href":"https:\/\/api.w.org\/{rel}","templated":true}]}}