{"id":104956,"date":"2020-02-06T12:42:39","date_gmt":"2020-02-06T11:42:39","guid":{"rendered":"https:\/\/tourtravelandmore.com\/tours\/non%20class\u00e9\/visite-privee-des-hamptons-au-depart-de-new-york\/"},"modified":"2024-07-29T19:04:45","modified_gmt":"2024-07-29T17:04:45","slug":"visite-privee-des-hamptons-au-depart-de-new-york","status":"publish","type":"product","link":"https:\/\/tourtravelandmore.com\/fr\/tours\/etats-unis-fr\/new-york-fr\/visite-privee-des-hamptons-au-depart-de-new-york\/","title":{"rendered":"Visite priv\u00e9e des Hamptons au d\u00e9part de New York"},"content":{"rendered":"<h2><b><strong>Description de la visite priv\u00e9e<\/strong><\/b><\/h2>\n<p>Profitez de vos journ\u00e9es \u00e0 <b><strong>New York<\/strong><\/b> et rejoignez-nous pour cette <b><strong>visite priv\u00e9e des Hamptons<\/strong><\/b>. Explorez le vibrant East End de Long Island en compagnie d&#8217;un <b><strong>chauffeur priv\u00e9<\/strong><\/b> et d&#8217;un <b><strong>guide officiel<\/strong><\/b>. Le service se d\u00e9roulera dans un <b><strong>v\u00e9hicule priv\u00e9 de luxe<\/strong><\/b> avec air conditionn\u00e9.<\/p>\n<p>Les<b><strong>Hamptons<\/strong><\/b> sont une station baln\u00e9aire populaire et l&#8217;une des colonies d&#8217;\u00e9t\u00e9 historiques du nord-est des \u00c9tats-Unis. C&#8217;est \u00e9galement une zone importante pour l&#8217;agriculture et la p\u00eache. La r\u00e9gion compte de nombreuses exploitations agricoles familiales.<\/p>\n<p>Il s&#8217;agit d&#8217;une visite priv\u00e9e et personnalis\u00e9e. Vous pourrez adapter l&#8217;itin\u00e9raire \u00e0 votre convenance. L&#8217;\u00e9quipe de <b><strong>Tour Travel &amp; More<\/strong><\/b> comprend les besoins de chaque client en vacances et fait tout son possible pour rendre votre s\u00e9jour et votre exp\u00e9rience inoubliables. Il vous suffit de nous contacter et de nous indiquer ce que vous attendez de votre visite priv\u00e9e.<\/p>\n<p>Nous pouvons \u00e9galement vous proposer de visiter <a href=\"\u00ab\">Washington depuis New York dans le cadre d&#8217;une excursion d&#8217;une journ\u00e9e compl\u00e8te<\/a>, jetez-y un coup d&#8217;\u0153il !<\/p>\n<h2><b><strong>Visite des points d&#8217;int\u00e9r\u00eat et des monuments des Hamptons<\/strong><\/b><\/h2>\n<p>Tout d&#8217;abord, votre chauffeur priv\u00e9 et votre guide viendront vous chercher \u00e0 votre h\u00f4tel \u00e0 New York. Si vous le souhaitez, nous pouvons \u00e9galement organiser la prise en charge depuis n&#8217;importe quel autre endroit de New York.<\/p>\n<p>Au cours de cette visite priv\u00e9e des <b><strong>Hamptons<\/strong><\/b>, laissez-vous \u00e9blouir par la blancheur du sable de quartz de <b><strong>Cooper&#8217;s Beach<\/strong><\/b>. Elle est consid\u00e9r\u00e9e comme l&#8217;une des meilleures plages publiques des \u00c9tats-Unis. Visitez le b\u00e2timent embl\u00e9matique du <a href=\"\u00ab\">Southampton Arts Center<\/a>, profitez de ses expositions d&#8217;art, de ses concerts et de ses festivals de cin\u00e9ma.<\/p>\n<p>D\u00e9tendez-vous sur les plages du quartier le plus branch\u00e9 des Hamptons, <b><strong>Montauk<\/strong><\/b>, o\u00f9 certaines des plus c\u00e9l\u00e8bres stars d&#8217;Hollywood passent leurs journ\u00e9es. Laissez-vous hypnotiser par les couleurs du coucher de soleil sur la <b><strong>Foster Memorial Beach<\/strong><\/b> et promenez-vous pr\u00e8s de <b><strong>Sag <\/strong>Harbor<\/b> tout en choisissant parmi les dizaines de lieux de d\u00eener de la r\u00e9gion.<\/p>\n<p>Vous pouvez \u00e9galement visiter les lieux suivants :<\/p>\n<ul>\n<li><b><strong>le phare de Montauk<\/strong><\/b><\/li>\n<li><b><strong>Parc d&#8217;\u00c9tat de Montauk Point<\/strong><\/b><\/li>\n<li><b><strong>Walking Dunes<\/strong><\/b><\/li>\n<li><b><strong>Meadow Lane<\/strong><\/b><\/li>\n<li><b><strong>Southampton<\/strong><\/b><\/li>\n<li><b><strong>Tanger Outlets<\/strong><\/b><\/li>\n<li>et d&#8217;autres lieux importants<\/li>\n<\/ul>\n<p>Nous pouvons inclure un <b><strong>billet d&#8217;entr\u00e9e pour tout monument ou mus\u00e9e<\/strong><\/b> que vous souhaitez visiter. Si vous avez quelque chose en t\u00eate, faites-le nous savoir et nous nous en chargerons.<\/p>\n<p>Enfin, \u00e0 la fin de l&#8217;excursion, votre chauffeur priv\u00e9 et votre guide vous ram\u00e8neront \u00e0 votre point de d\u00e9part \u00e0 New York.<\/p>\n","protected":false},"excerpt":{"rendered":"<p>Profitez d&#8217;une exp\u00e9rience compl\u00e8tement priv\u00e9e pour visiter le quartier anim\u00e9 de East End de Long Island, les Hamptons, \u00e0 c\u00f4t\u00e9 de votre chauffeur priv\u00e9 et de votre guide agr\u00e9\u00e9. Saisissez cette occasion pour visiter Sag Harbor, Cooper\u2019s Beach, Southampton et de nombreux autres sites fantastiques dans cette r\u00e9gion incroyable.<\/p>\n","protected":false},"featured_media":98458,"comment_status":"open","ping_status":"closed","template":"","meta":{"_acf_changed":false},"product_brand":[],"product_cat":[5417,5419,3547,3552],"product_tag":[],"class_list":{"0":"post-104956","1":"product","2":"type-product","3":"status-publish","4":"has-post-thumbnail","6":"product_cat-new-york-private-tours","7":"product_cat-private-sightseeing-tours-fr-40","8":"product_cat-etats-unis-fr","9":"product_cat-new-york-fr","11":"first","12":"instock","13":"shipping-taxable","14":"purchasable","15":"product-type-simple"},"acf":[],"yoast_head":"<!-- This site is optimized with the Yoast SEO Premium plugin v25.3.1 (Yoast SEO v25.3.1) - https:\/\/yoast.com\/wordpress\/plugins\/seo\/ -->\n<title>Visite priv\u00e9e des Hamptons au d\u00e9part de New York avec chauffeur et guide<\/title>\n<meta name=\"description\" content=\"Visite priv\u00e9e pour explorer l&#039;incroyable East End de Long Island, les Hamptons, ses plages \u00e9blouissantes, son centre d&#039;art embl\u00e9matique et bien plus encore.\" \/>\n<meta name=\"robots\" content=\"index, follow, max-snippet:-1, max-image-preview:large, max-video-preview:-1\" \/>\n<link rel=\"canonical\" href=\"https:\/\/tourtravelandmore.com\/fr\/tours\/etats-unis-fr\/new-york-fr\/visite-privee-des-hamptons-au-depart-de-new-york\/\" \/>\n<meta property=\"og:locale\" content=\"fr_FR\" \/>\n<meta property=\"og:type\" content=\"article\" \/>\n<meta property=\"og:title\" content=\"Visite priv\u00e9e des Hamptons au d\u00e9part de New York\" \/>\n<meta property=\"og:description\" content=\"Visite priv\u00e9e pour explorer l&#039;incroyable East End de Long Island, les Hamptons, ses plages \u00e9blouissantes, son centre d&#039;art embl\u00e9matique et bien plus encore.\" \/>\n<meta property=\"og:url\" content=\"https:\/\/tourtravelandmore.com\/fr\/tours\/etats-unis-fr\/new-york-fr\/visite-privee-des-hamptons-au-depart-de-new-york\/\" \/>\n<meta property=\"og:site_name\" content=\"Tour Travel And More\" \/>\n<meta property=\"article:publisher\" content=\"https:\/\/www.facebook.com\/tourtravelandmore\/\" \/>\n<meta property=\"article:modified_time\" content=\"2024-07-29T17:04:45+00:00\" \/>\n<meta property=\"og:image\" content=\"https:\/\/tourtravelandmore.com\/wp-content\/uploads\/2020\/02\/the-ham-scaled.jpg\" \/>\n\t<meta property=\"og:image:width\" content=\"2560\" \/>\n\t<meta property=\"og:image:height\" content=\"1707\" \/>\n\t<meta property=\"og:image:type\" content=\"image\/jpeg\" \/>\n<meta name=\"twitter:card\" content=\"summary_large_image\" \/>\n<meta name=\"twitter:site\" content=\"@TourTravel_More\" \/>\n<meta name=\"twitter:label1\" content=\"Dur\u00e9e de lecture estim\u00e9e\" \/>\n\t<meta name=\"twitter:data1\" content=\"2 minutes\" \/>\n<script type=\"application\/ld+json\" class=\"yoast-schema-graph\">{\"@context\":\"https:\/\/schema.org\",\"@graph\":[{\"@type\":\"WebPage\",\"@id\":\"https:\/\/tourtravelandmore.com\/fr\/tours\/etats-unis-fr\/new-york-fr\/visite-privee-des-hamptons-au-depart-de-new-york\/\",\"url\":\"https:\/\/tourtravelandmore.com\/fr\/tours\/etats-unis-fr\/new-york-fr\/visite-privee-des-hamptons-au-depart-de-new-york\/\",\"name\":\"Visite priv\u00e9e des Hamptons au d\u00e9part de New York avec chauffeur et guide\",\"isPartOf\":{\"@id\":\"https:\/\/tourtravelandmore.com\/fr\/#website\"},\"primaryImageOfPage\":{\"@id\":\"https:\/\/tourtravelandmore.com\/fr\/tours\/etats-unis-fr\/new-york-fr\/visite-privee-des-hamptons-au-depart-de-new-york\/#primaryimage\"},\"image\":{\"@id\":\"https:\/\/tourtravelandmore.com\/fr\/tours\/etats-unis-fr\/new-york-fr\/visite-privee-des-hamptons-au-depart-de-new-york\/#primaryimage\"},\"thumbnailUrl\":\"https:\/\/tourtravelandmore.com\/wp-content\/uploads\/2020\/02\/the-ham-scaled.jpg\",\"datePublished\":\"2020-02-06T11:42:39+00:00\",\"dateModified\":\"2024-07-29T17:04:45+00:00\",\"description\":\"Visite priv\u00e9e pour explorer l'incroyable East End de Long Island, les Hamptons, ses plages \u00e9blouissantes, son centre d'art embl\u00e9matique et bien plus encore.\",\"breadcrumb\":{\"@id\":\"https:\/\/tourtravelandmore.com\/fr\/tours\/etats-unis-fr\/new-york-fr\/visite-privee-des-hamptons-au-depart-de-new-york\/#breadcrumb\"},\"inLanguage\":\"fr-FR\",\"potentialAction\":[{\"@type\":\"ReadAction\",\"target\":[\"https:\/\/tourtravelandmore.com\/fr\/tours\/etats-unis-fr\/new-york-fr\/visite-privee-des-hamptons-au-depart-de-new-york\/\"]}]},{\"@type\":\"ImageObject\",\"inLanguage\":\"fr-FR\",\"@id\":\"https:\/\/tourtravelandmore.com\/fr\/tours\/etats-unis-fr\/new-york-fr\/visite-privee-des-hamptons-au-depart-de-new-york\/#primaryimage\",\"url\":\"https:\/\/tourtravelandmore.com\/wp-content\/uploads\/2020\/02\/the-ham-scaled.jpg\",\"contentUrl\":\"https:\/\/tourtravelandmore.com\/wp-content\/uploads\/2020\/02\/the-ham-scaled.jpg\",\"width\":2560,\"height\":1707},{\"@type\":\"BreadcrumbList\",\"@id\":\"https:\/\/tourtravelandmore.com\/fr\/tours\/etats-unis-fr\/new-york-fr\/visite-privee-des-hamptons-au-depart-de-new-york\/#breadcrumb\",\"itemListElement\":[{\"@type\":\"ListItem\",\"position\":1,\"name\":\"Home\",\"item\":\"https:\/\/tourtravelandmore.com\/fr\/\"},{\"@type\":\"ListItem\",\"position\":2,\"name\":\"Tours\",\"item\":\"https:\/\/tourtravelandmore.com\/fr\/tours\/\"},{\"@type\":\"ListItem\",\"position\":3,\"name\":\"Visite priv\u00e9e des Hamptons au d\u00e9part de New York\"}]},{\"@type\":\"WebSite\",\"@id\":\"https:\/\/tourtravelandmore.com\/fr\/#website\",\"url\":\"https:\/\/tourtravelandmore.com\/fr\/\",\"name\":\"Tour Travel And More\",\"description\":\"Private sightseeing tours and luxury transfers in Spain\",\"publisher\":{\"@id\":\"https:\/\/tourtravelandmore.com\/fr\/#organization\"},\"potentialAction\":[{\"@type\":\"SearchAction\",\"target\":{\"@type\":\"EntryPoint\",\"urlTemplate\":\"https:\/\/tourtravelandmore.com\/fr\/?s={search_term_string}\"},\"query-input\":{\"@type\":\"PropertyValueSpecification\",\"valueRequired\":true,\"valueName\":\"search_term_string\"}}],\"inLanguage\":\"fr-FR\"},{\"@type\":\"Organization\",\"@id\":\"https:\/\/tourtravelandmore.com\/fr\/#organization\",\"name\":\"Tour Travel And More\",\"url\":\"https:\/\/tourtravelandmore.com\/fr\/\",\"logo\":{\"@type\":\"ImageObject\",\"inLanguage\":\"fr-FR\",\"@id\":\"https:\/\/tourtravelandmore.com\/fr\/#\/schema\/logo\/image\/\",\"url\":\"https:\/\/tourtravelandmore.com\/wp-content\/uploads\/2022\/12\/cropped-logo-cabecera-new.png\",\"contentUrl\":\"https:\/\/tourtravelandmore.com\/wp-content\/uploads\/2022\/12\/cropped-logo-cabecera-new.png\",\"width\":430,\"height\":61,\"caption\":\"Tour Travel And More\"},\"image\":{\"@id\":\"https:\/\/tourtravelandmore.com\/fr\/#\/schema\/logo\/image\/\"},\"sameAs\":[\"https:\/\/www.facebook.com\/tourtravelandmore\/\",\"https:\/\/x.com\/TourTravel_More\"]}]}<\/script>\n<!-- \/ Yoast SEO Premium plugin. -->","yoast_head_json":{"title":"Visite priv\u00e9e des Hamptons au d\u00e9part de New York avec chauffeur et guide","description":"Visite priv\u00e9e pour explorer l'incroyable East End de Long Island, les Hamptons, ses plages \u00e9blouissantes, son centre d'art embl\u00e9matique et bien plus encore.","robots":{"index":"index","follow":"follow","max-snippet":"max-snippet:-1","max-image-preview":"max-image-preview:large","max-video-preview":"max-video-preview:-1"},"canonical":"https:\/\/tourtravelandmore.com\/fr\/tours\/etats-unis-fr\/new-york-fr\/visite-privee-des-hamptons-au-depart-de-new-york\/","og_locale":"fr_FR","og_type":"article","og_title":"Visite priv\u00e9e des Hamptons au d\u00e9part de New York","og_description":"Visite priv\u00e9e pour explorer l'incroyable East End de Long Island, les Hamptons, ses plages \u00e9blouissantes, son centre d'art embl\u00e9matique et bien plus encore.","og_url":"https:\/\/tourtravelandmore.com\/fr\/tours\/etats-unis-fr\/new-york-fr\/visite-privee-des-hamptons-au-depart-de-new-york\/","og_site_name":"Tour Travel And More","article_publisher":"https:\/\/www.facebook.com\/tourtravelandmore\/","article_modified_time":"2024-07-29T17:04:45+00:00","og_image":[{"width":2560,"height":1707,"url":"https:\/\/tourtravelandmore.com\/wp-content\/uploads\/2020\/02\/the-ham-scaled.jpg","type":"image\/jpeg"}],"twitter_card":"summary_large_image","twitter_site":"@TourTravel_More","twitter_misc":{"Dur\u00e9e de lecture estim\u00e9e":"2 minutes"},"schema":{"@context":"https:\/\/schema.org","@graph":[{"@type":"WebPage","@id":"https:\/\/tourtravelandmore.com\/fr\/tours\/etats-unis-fr\/new-york-fr\/visite-privee-des-hamptons-au-depart-de-new-york\/","url":"https:\/\/tourtravelandmore.com\/fr\/tours\/etats-unis-fr\/new-york-fr\/visite-privee-des-hamptons-au-depart-de-new-york\/","name":"Visite priv\u00e9e des Hamptons au d\u00e9part de New York avec chauffeur et guide","isPartOf":{"@id":"https:\/\/tourtravelandmore.com\/fr\/#website"},"primaryImageOfPage":{"@id":"https:\/\/tourtravelandmore.com\/fr\/tours\/etats-unis-fr\/new-york-fr\/visite-privee-des-hamptons-au-depart-de-new-york\/#primaryimage"},"image":{"@id":"https:\/\/tourtravelandmore.com\/fr\/tours\/etats-unis-fr\/new-york-fr\/visite-privee-des-hamptons-au-depart-de-new-york\/#primaryimage"},"thumbnailUrl":"https:\/\/tourtravelandmore.com\/wp-content\/uploads\/2020\/02\/the-ham-scaled.jpg","datePublished":"2020-02-06T11:42:39+00:00","dateModified":"2024-07-29T17:04:45+00:00","description":"Visite priv\u00e9e pour explorer l'incroyable East End de Long Island, les Hamptons, ses plages \u00e9blouissantes, son centre d'art embl\u00e9matique et bien plus encore.","breadcrumb":{"@id":"https:\/\/tourtravelandmore.com\/fr\/tours\/etats-unis-fr\/new-york-fr\/visite-privee-des-hamptons-au-depart-de-new-york\/#breadcrumb"},"inLanguage":"fr-FR","potentialAction":[{"@type":"ReadAction","target":["https:\/\/tourtravelandmore.com\/fr\/tours\/etats-unis-fr\/new-york-fr\/visite-privee-des-hamptons-au-depart-de-new-york\/"]}]},{"@type":"ImageObject","inLanguage":"fr-FR","@id":"https:\/\/tourtravelandmore.com\/fr\/tours\/etats-unis-fr\/new-york-fr\/visite-privee-des-hamptons-au-depart-de-new-york\/#primaryimage","url":"https:\/\/tourtravelandmore.com\/wp-content\/uploads\/2020\/02\/the-ham-scaled.jpg","contentUrl":"https:\/\/tourtravelandmore.com\/wp-content\/uploads\/2020\/02\/the-ham-scaled.jpg","width":2560,"height":1707},{"@type":"BreadcrumbList","@id":"https:\/\/tourtravelandmore.com\/fr\/tours\/etats-unis-fr\/new-york-fr\/visite-privee-des-hamptons-au-depart-de-new-york\/#breadcrumb","itemListElement":[{"@type":"ListItem","position":1,"name":"Home","item":"https:\/\/tourtravelandmore.com\/fr\/"},{"@type":"ListItem","position":2,"name":"Tours","item":"https:\/\/tourtravelandmore.com\/fr\/tours\/"},{"@type":"ListItem","position":3,"name":"Visite priv\u00e9e des Hamptons au d\u00e9part de New York"}]},{"@type":"WebSite","@id":"https:\/\/tourtravelandmore.com\/fr\/#website","url":"https:\/\/tourtravelandmore.com\/fr\/","name":"Tour Travel And More","description":"Private sightseeing tours and luxury transfers in Spain","publisher":{"@id":"https:\/\/tourtravelandmore.com\/fr\/#organization"},"potentialAction":[{"@type":"SearchAction","target":{"@type":"EntryPoint","urlTemplate":"https:\/\/tourtravelandmore.com\/fr\/?s={search_term_string}"},"query-input":{"@type":"PropertyValueSpecification","valueRequired":true,"valueName":"search_term_string"}}],"inLanguage":"fr-FR"},{"@type":"Organization","@id":"https:\/\/tourtravelandmore.com\/fr\/#organization","name":"Tour Travel And More","url":"https:\/\/tourtravelandmore.com\/fr\/","logo":{"@type":"ImageObject","inLanguage":"fr-FR","@id":"https:\/\/tourtravelandmore.com\/fr\/#\/schema\/logo\/image\/","url":"https:\/\/tourtravelandmore.com\/wp-content\/uploads\/2022\/12\/cropped-logo-cabecera-new.png","contentUrl":"https:\/\/tourtravelandmore.com\/wp-content\/uploads\/2022\/12\/cropped-logo-cabecera-new.png","width":430,"height":61,"caption":"Tour Travel And More"},"image":{"@id":"https:\/\/tourtravelandmore.com\/fr\/#\/schema\/logo\/image\/"},"sameAs":["https:\/\/www.facebook.com\/tourtravelandmore\/","https:\/\/x.com\/TourTravel_More"]}]}},"_links":{"self":[{"href":"https:\/\/tourtravelandmore.com\/fr\/wp-json\/wp\/v2\/product\/104956","targetHints":{"allow":["GET"]}}],"collection":[{"href":"https:\/\/tourtravelandmore.com\/fr\/wp-json\/wp\/v2\/product"}],"about":[{"href":"https:\/\/tourtravelandmore.com\/fr\/wp-json\/wp\/v2\/types\/product"}],"replies":[{"embeddable":true,"href":"https:\/\/tourtravelandmore.com\/fr\/wp-json\/wp\/v2\/comments?post=104956"}],"wp:featuredmedia":[{"embeddable":true,"href":"https:\/\/tourtravelandmore.com\/fr\/wp-json\/wp\/v2\/media\/98458"}],"wp:attachment":[{"href":"https:\/\/tourtravelandmore.com\/fr\/wp-json\/wp\/v2\/media?parent=104956"}],"wp:term":[{"taxonomy":"product_brand","embeddable":true,"href":"https:\/\/tourtravelandmore.com\/fr\/wp-json\/wp\/v2\/product_brand?post=104956"},{"taxonomy":"product_cat","embeddable":true,"href":"https:\/\/tourtravelandmore.com\/fr\/wp-json\/wp\/v2\/product_cat?post=104956"},{"taxonomy":"product_tag","embeddable":true,"href":"https:\/\/tourtravelandmore.com\/fr\/wp-json\/wp\/v2\/product_tag?post=104956"}],"curies":[{"name":"wp","href":"https:\/\/api.w.org\/{rel}","templated":true}]}}