{"id":104946,"date":"2020-02-03T11:41:38","date_gmt":"2020-02-03T10:41:38","guid":{"rendered":"https:\/\/tourtravelandmore.com\/tours\/non%20class\u00e9\/visite-privee-a-boston-depuis-new-york\/"},"modified":"2024-07-29T21:22:52","modified_gmt":"2024-07-29T19:22:52","slug":"visite-privee-a-boston-depuis-new-york","status":"publish","type":"product","link":"https:\/\/tourtravelandmore.com\/fr\/tours\/etats-unis-fr\/new-york-fr\/visite-privee-a-boston-depuis-new-york\/","title":{"rendered":"Visite priv\u00e9e \u00e0 Boston depuis New York"},"content":{"rendered":"<h2><b><strong>Description de la visite priv\u00e9e<\/strong><\/b><\/h2>\n<p>Boston est une ville bien connue pour son art, son histoire et sa culture. Profitez pleinement de votre s\u00e9jour dans la Grosse Pomme et rejoignez-nous pour cette <b><strong>visite priv\u00e9e de Boston au d\u00e9part de New York<\/strong><\/b>. Pr\u00e9parez-vous \u00e0 explorer les lieux les plus embl\u00e9matiques de Boston en compagnie d&#8217;un <b><strong>guide local officiel<\/strong><\/b> priv\u00e9. Vous serez \u00e9galement accompagn\u00e9 par un <b><strong>chauffeur priv\u00e9 dans un v\u00e9hicule de luxe<\/strong><\/b>.<\/p>\n<p>Nous viendrons vous chercher \u00e0 votre h\u00f4tel ou au lieu de votre choix \u00e0 <b>New York<\/b>. Vous pourrez visiter le Freedom Trail, Faneuil Hall et bien d&#8217;autres sites fantastiques de la ville qui a accueilli le premier syst\u00e8me de m\u00e9tro des \u00c9tats-Unis.<\/p>\n<p><b><strong>Boston<\/strong><\/b> est la capitale du Massachusetts et sa plus grande ville. Elle est consid\u00e9r\u00e9e comme le centre \u00e9conomique et culturel de la r\u00e9gion.<\/p>\n<p>Votre guide officiel priv\u00e9 est un professionnel qui conna\u00eet parfaitement la ville, son histoire et sa culture. Profitez au maximum de cette visite priv\u00e9e de Boston depuis New York avec un expert local.<\/p>\n<p>Nous avons de nombreuses options d&#8217;excursions priv\u00e9es d&#8217;une journ\u00e9e enti\u00e8re au d\u00e9part de New York, jetez un coup d&#8217;\u0153il \u00e0 notre <a href=\"\u00ab\">excursion priv\u00e9e \u00e0 Fire Island<\/a>.<\/p>\n<h2><b><strong>Points d&#8217;int\u00e9r\u00eat et monuments de Boston<\/strong><\/b><\/h2>\n<p>Cette excursion priv\u00e9e commencera \u00e0 votre h\u00f4tel ou au lieu de votre choix \u00e0 New York, apr\u00e8s que votre chauffeur priv\u00e9 soit venu vous chercher. Une fois \u00e0 <b><strong>Boston<\/strong><\/b>, vous rencontrerez un guide local pour une visite guid\u00e9e de 3 heures.<\/p>\n<p>Suivez les 2,5 miles du Freedom Trail en briques, traversez la ville et d\u00e9couvrez les sites les plus importants de Boston. Proclam\u00e9 \u00ab berceau de la libert\u00e9 \u00bb, <b><strong>le Faneuil Hall Marketplace<\/strong><\/b> est une \u00e9tape incontournable de cette excursion. Vous y trouverez des boutiques locales et des magasins de renomm\u00e9e nationale. Fond\u00e9 en 1634, le <b><strong>Boston Common<\/strong><\/b> est le plus ancien parc des \u00c9tats-Unis. Sentez la brise de la libert\u00e9 en vous promenant dans ses 20 hectares remplis d&#8217;histoire et de nature. Promenez-vous sur les quais bord\u00e9s d&#8217;all\u00e9es du <b><strong>Waterfront<\/strong><\/b> qui m\u00e8ne au <b>port de<strong>Boston <\/strong><\/b>, laissez-vous \u00e9blouir par les vues magnifiques qu&#8217;offre ce port historique.<\/p>\n<p>Nous vous proposons \u00e9galement de visiter les sites suivants :<\/p>\n<ul>\n<li><b><strong>Quincy Market<\/strong><\/b><\/li>\n<li><b><strong>Boston Common<\/strong><\/b><\/li>\n<li><b><strong>M\u00e9morial George Washington<\/strong><\/b><\/li>\n<li><b><strong>Statehouse et Beacon Hill<\/strong><\/b><\/li>\n<li><b><strong>Ancienne Maison de l&#8217;\u00c9tat<\/strong><\/b><\/li>\n<li><a href=\"\u00ab\">M\u00e9morial de l&#8217;Holocauste<\/a><\/li>\n<li><b><strong>Maison de Paul Revere<\/strong><\/b><\/li>\n<li><b><strong>Le quartier nord<\/strong><\/b><\/li>\n<li><b><strong>L&#8217;\u00e9glise Old North<\/strong><\/b><\/li>\n<li><b><strong>Le cimeti\u00e8re de Copp&#8217;s Hill<\/strong><\/b><\/li>\n<li><b><strong>Hanover Street<\/strong><\/b><\/li>\n<\/ul>\n<p>Vous ferez \u00e9galement une halte pour d\u00e9jeuner et d\u00e9guster un plat local typique. Votre guide officiel peut vous recommander un endroit tr\u00e8s agr\u00e9able o\u00f9 vous pourrez refaire le plein d&#8217;\u00e9nergie avant de poursuivre l&#8217;exp\u00e9rience.<\/p>\n<p>Enfin, \u00e0 la fin de l&#8217;excursion, votre chauffeur priv\u00e9 vous ram\u00e8nera \u00e0 New York. Si vous le souhaitez, nous pouvons inclure des billets d&#8217;entr\u00e9e pour tout monument du mus\u00e9e que vous souhaitez visiter.<\/p>\n","protected":false},"excerpt":{"rendered":"<p>Profitez d&#8217;une excursion d&#8217;une journ\u00e9e dans l&#8217;une des plus belles villes des \u00c9tats-Unis: Boston. Saisissez cette occasion pour visiter le Boston Common, le Freedom Trail, le Faneuil Hall Marketplace et bien d&#8217;autres sites fantastiques de l&#8217;une des plus anciennes municipalit\u00e9s des \u00c9tats-Unis.<\/p>\n","protected":false},"featured_media":97187,"comment_status":"open","ping_status":"closed","template":"","meta":{"_acf_changed":false},"product_brand":[],"product_cat":[5417,5419,3547,3552],"product_tag":[],"class_list":{"0":"post-104946","1":"product","2":"type-product","3":"status-publish","4":"has-post-thumbnail","6":"product_cat-new-york-private-tours","7":"product_cat-private-sightseeing-tours-fr-40","8":"product_cat-etats-unis-fr","9":"product_cat-new-york-fr","11":"first","12":"instock","13":"shipping-taxable","14":"purchasable","15":"product-type-simple"},"acf":[],"yoast_head":"<!-- This site is optimized with the Yoast SEO Premium plugin v25.3.1 (Yoast SEO v25.3.1) - https:\/\/yoast.com\/wordpress\/plugins\/seo\/ -->\n<title>Visite priv\u00e9e \u00e0 Boston de New York en v\u00e9hicule de luxe priv\u00e9<\/title>\n<meta name=\"description\" content=\"Visite priv\u00e9e pour explorer l&#039;\u00e9tonnante ville de Boston, ses places historiques, ses march\u00e9s anim\u00e9s, son sentier embl\u00e9matique et bien plus encore avec un guide local.\" \/>\n<meta name=\"robots\" content=\"index, follow, max-snippet:-1, max-image-preview:large, max-video-preview:-1\" \/>\n<link rel=\"canonical\" href=\"https:\/\/tourtravelandmore.com\/fr\/tours\/etats-unis-fr\/new-york-fr\/visite-privee-a-boston-depuis-new-york\/\" \/>\n<meta property=\"og:locale\" content=\"fr_FR\" \/>\n<meta property=\"og:type\" content=\"article\" \/>\n<meta property=\"og:title\" content=\"Visite priv\u00e9e \u00e0 Boston depuis New York\" \/>\n<meta property=\"og:description\" content=\"Visite priv\u00e9e pour explorer l&#039;\u00e9tonnante ville de Boston, ses places historiques, ses march\u00e9s anim\u00e9s, son sentier embl\u00e9matique et bien plus encore avec un guide local.\" \/>\n<meta property=\"og:url\" content=\"https:\/\/tourtravelandmore.com\/fr\/tours\/etats-unis-fr\/new-york-fr\/visite-privee-a-boston-depuis-new-york\/\" \/>\n<meta property=\"og:site_name\" content=\"Tour Travel And More\" \/>\n<meta property=\"article:publisher\" content=\"https:\/\/www.facebook.com\/tourtravelandmore\/\" \/>\n<meta property=\"article:modified_time\" content=\"2024-07-29T19:22:52+00:00\" \/>\n<meta property=\"og:image\" content=\"https:\/\/tourtravelandmore.com\/wp-content\/uploads\/2020\/02\/n60-scaled.jpg\" \/>\n\t<meta property=\"og:image:width\" content=\"2560\" \/>\n\t<meta property=\"og:image:height\" content=\"1629\" \/>\n\t<meta property=\"og:image:type\" content=\"image\/jpeg\" \/>\n<meta name=\"twitter:card\" content=\"summary_large_image\" \/>\n<meta name=\"twitter:site\" content=\"@TourTravel_More\" \/>\n<meta name=\"twitter:label1\" content=\"Dur\u00e9e de lecture estim\u00e9e\" \/>\n\t<meta name=\"twitter:data1\" content=\"2 minutes\" \/>\n<script type=\"application\/ld+json\" class=\"yoast-schema-graph\">{\"@context\":\"https:\/\/schema.org\",\"@graph\":[{\"@type\":\"WebPage\",\"@id\":\"https:\/\/tourtravelandmore.com\/fr\/tours\/etats-unis-fr\/new-york-fr\/visite-privee-a-boston-depuis-new-york\/\",\"url\":\"https:\/\/tourtravelandmore.com\/fr\/tours\/etats-unis-fr\/new-york-fr\/visite-privee-a-boston-depuis-new-york\/\",\"name\":\"Visite priv\u00e9e \u00e0 Boston de New York en v\u00e9hicule de luxe priv\u00e9\",\"isPartOf\":{\"@id\":\"https:\/\/tourtravelandmore.com\/fr\/#website\"},\"primaryImageOfPage\":{\"@id\":\"https:\/\/tourtravelandmore.com\/fr\/tours\/etats-unis-fr\/new-york-fr\/visite-privee-a-boston-depuis-new-york\/#primaryimage\"},\"image\":{\"@id\":\"https:\/\/tourtravelandmore.com\/fr\/tours\/etats-unis-fr\/new-york-fr\/visite-privee-a-boston-depuis-new-york\/#primaryimage\"},\"thumbnailUrl\":\"https:\/\/tourtravelandmore.com\/wp-content\/uploads\/2020\/02\/n60-scaled.jpg\",\"datePublished\":\"2020-02-03T10:41:38+00:00\",\"dateModified\":\"2024-07-29T19:22:52+00:00\",\"description\":\"Visite priv\u00e9e pour explorer l'\u00e9tonnante ville de Boston, ses places historiques, ses march\u00e9s anim\u00e9s, son sentier embl\u00e9matique et bien plus encore avec un guide local.\",\"breadcrumb\":{\"@id\":\"https:\/\/tourtravelandmore.com\/fr\/tours\/etats-unis-fr\/new-york-fr\/visite-privee-a-boston-depuis-new-york\/#breadcrumb\"},\"inLanguage\":\"fr-FR\",\"potentialAction\":[{\"@type\":\"ReadAction\",\"target\":[\"https:\/\/tourtravelandmore.com\/fr\/tours\/etats-unis-fr\/new-york-fr\/visite-privee-a-boston-depuis-new-york\/\"]}]},{\"@type\":\"ImageObject\",\"inLanguage\":\"fr-FR\",\"@id\":\"https:\/\/tourtravelandmore.com\/fr\/tours\/etats-unis-fr\/new-york-fr\/visite-privee-a-boston-depuis-new-york\/#primaryimage\",\"url\":\"https:\/\/tourtravelandmore.com\/wp-content\/uploads\/2020\/02\/n60-scaled.jpg\",\"contentUrl\":\"https:\/\/tourtravelandmore.com\/wp-content\/uploads\/2020\/02\/n60-scaled.jpg\",\"width\":2560,\"height\":1629},{\"@type\":\"BreadcrumbList\",\"@id\":\"https:\/\/tourtravelandmore.com\/fr\/tours\/etats-unis-fr\/new-york-fr\/visite-privee-a-boston-depuis-new-york\/#breadcrumb\",\"itemListElement\":[{\"@type\":\"ListItem\",\"position\":1,\"name\":\"Home\",\"item\":\"https:\/\/tourtravelandmore.com\/fr\/\"},{\"@type\":\"ListItem\",\"position\":2,\"name\":\"Tours\",\"item\":\"https:\/\/tourtravelandmore.com\/fr\/tours\/\"},{\"@type\":\"ListItem\",\"position\":3,\"name\":\"Visite priv\u00e9e \u00e0 Boston depuis New York\"}]},{\"@type\":\"WebSite\",\"@id\":\"https:\/\/tourtravelandmore.com\/fr\/#website\",\"url\":\"https:\/\/tourtravelandmore.com\/fr\/\",\"name\":\"Tour Travel And More\",\"description\":\"Private sightseeing tours and luxury transfers in Spain\",\"publisher\":{\"@id\":\"https:\/\/tourtravelandmore.com\/fr\/#organization\"},\"potentialAction\":[{\"@type\":\"SearchAction\",\"target\":{\"@type\":\"EntryPoint\",\"urlTemplate\":\"https:\/\/tourtravelandmore.com\/fr\/?s={search_term_string}\"},\"query-input\":{\"@type\":\"PropertyValueSpecification\",\"valueRequired\":true,\"valueName\":\"search_term_string\"}}],\"inLanguage\":\"fr-FR\"},{\"@type\":\"Organization\",\"@id\":\"https:\/\/tourtravelandmore.com\/fr\/#organization\",\"name\":\"Tour Travel And More\",\"url\":\"https:\/\/tourtravelandmore.com\/fr\/\",\"logo\":{\"@type\":\"ImageObject\",\"inLanguage\":\"fr-FR\",\"@id\":\"https:\/\/tourtravelandmore.com\/fr\/#\/schema\/logo\/image\/\",\"url\":\"https:\/\/tourtravelandmore.com\/wp-content\/uploads\/2022\/12\/cropped-logo-cabecera-new.png\",\"contentUrl\":\"https:\/\/tourtravelandmore.com\/wp-content\/uploads\/2022\/12\/cropped-logo-cabecera-new.png\",\"width\":430,\"height\":61,\"caption\":\"Tour Travel And More\"},\"image\":{\"@id\":\"https:\/\/tourtravelandmore.com\/fr\/#\/schema\/logo\/image\/\"},\"sameAs\":[\"https:\/\/www.facebook.com\/tourtravelandmore\/\",\"https:\/\/x.com\/TourTravel_More\"]}]}<\/script>\n<!-- \/ Yoast SEO Premium plugin. -->","yoast_head_json":{"title":"Visite priv\u00e9e \u00e0 Boston de New York en v\u00e9hicule de luxe priv\u00e9","description":"Visite priv\u00e9e pour explorer l'\u00e9tonnante ville de Boston, ses places historiques, ses march\u00e9s anim\u00e9s, son sentier embl\u00e9matique et bien plus encore avec un guide local.","robots":{"index":"index","follow":"follow","max-snippet":"max-snippet:-1","max-image-preview":"max-image-preview:large","max-video-preview":"max-video-preview:-1"},"canonical":"https:\/\/tourtravelandmore.com\/fr\/tours\/etats-unis-fr\/new-york-fr\/visite-privee-a-boston-depuis-new-york\/","og_locale":"fr_FR","og_type":"article","og_title":"Visite priv\u00e9e \u00e0 Boston depuis New York","og_description":"Visite priv\u00e9e pour explorer l'\u00e9tonnante ville de Boston, ses places historiques, ses march\u00e9s anim\u00e9s, son sentier embl\u00e9matique et bien plus encore avec un guide local.","og_url":"https:\/\/tourtravelandmore.com\/fr\/tours\/etats-unis-fr\/new-york-fr\/visite-privee-a-boston-depuis-new-york\/","og_site_name":"Tour Travel And More","article_publisher":"https:\/\/www.facebook.com\/tourtravelandmore\/","article_modified_time":"2024-07-29T19:22:52+00:00","og_image":[{"width":2560,"height":1629,"url":"https:\/\/tourtravelandmore.com\/wp-content\/uploads\/2020\/02\/n60-scaled.jpg","type":"image\/jpeg"}],"twitter_card":"summary_large_image","twitter_site":"@TourTravel_More","twitter_misc":{"Dur\u00e9e de lecture estim\u00e9e":"2 minutes"},"schema":{"@context":"https:\/\/schema.org","@graph":[{"@type":"WebPage","@id":"https:\/\/tourtravelandmore.com\/fr\/tours\/etats-unis-fr\/new-york-fr\/visite-privee-a-boston-depuis-new-york\/","url":"https:\/\/tourtravelandmore.com\/fr\/tours\/etats-unis-fr\/new-york-fr\/visite-privee-a-boston-depuis-new-york\/","name":"Visite priv\u00e9e \u00e0 Boston de New York en v\u00e9hicule de luxe priv\u00e9","isPartOf":{"@id":"https:\/\/tourtravelandmore.com\/fr\/#website"},"primaryImageOfPage":{"@id":"https:\/\/tourtravelandmore.com\/fr\/tours\/etats-unis-fr\/new-york-fr\/visite-privee-a-boston-depuis-new-york\/#primaryimage"},"image":{"@id":"https:\/\/tourtravelandmore.com\/fr\/tours\/etats-unis-fr\/new-york-fr\/visite-privee-a-boston-depuis-new-york\/#primaryimage"},"thumbnailUrl":"https:\/\/tourtravelandmore.com\/wp-content\/uploads\/2020\/02\/n60-scaled.jpg","datePublished":"2020-02-03T10:41:38+00:00","dateModified":"2024-07-29T19:22:52+00:00","description":"Visite priv\u00e9e pour explorer l'\u00e9tonnante ville de Boston, ses places historiques, ses march\u00e9s anim\u00e9s, son sentier embl\u00e9matique et bien plus encore avec un guide local.","breadcrumb":{"@id":"https:\/\/tourtravelandmore.com\/fr\/tours\/etats-unis-fr\/new-york-fr\/visite-privee-a-boston-depuis-new-york\/#breadcrumb"},"inLanguage":"fr-FR","potentialAction":[{"@type":"ReadAction","target":["https:\/\/tourtravelandmore.com\/fr\/tours\/etats-unis-fr\/new-york-fr\/visite-privee-a-boston-depuis-new-york\/"]}]},{"@type":"ImageObject","inLanguage":"fr-FR","@id":"https:\/\/tourtravelandmore.com\/fr\/tours\/etats-unis-fr\/new-york-fr\/visite-privee-a-boston-depuis-new-york\/#primaryimage","url":"https:\/\/tourtravelandmore.com\/wp-content\/uploads\/2020\/02\/n60-scaled.jpg","contentUrl":"https:\/\/tourtravelandmore.com\/wp-content\/uploads\/2020\/02\/n60-scaled.jpg","width":2560,"height":1629},{"@type":"BreadcrumbList","@id":"https:\/\/tourtravelandmore.com\/fr\/tours\/etats-unis-fr\/new-york-fr\/visite-privee-a-boston-depuis-new-york\/#breadcrumb","itemListElement":[{"@type":"ListItem","position":1,"name":"Home","item":"https:\/\/tourtravelandmore.com\/fr\/"},{"@type":"ListItem","position":2,"name":"Tours","item":"https:\/\/tourtravelandmore.com\/fr\/tours\/"},{"@type":"ListItem","position":3,"name":"Visite priv\u00e9e \u00e0 Boston depuis New York"}]},{"@type":"WebSite","@id":"https:\/\/tourtravelandmore.com\/fr\/#website","url":"https:\/\/tourtravelandmore.com\/fr\/","name":"Tour Travel And More","description":"Private sightseeing tours and luxury transfers in Spain","publisher":{"@id":"https:\/\/tourtravelandmore.com\/fr\/#organization"},"potentialAction":[{"@type":"SearchAction","target":{"@type":"EntryPoint","urlTemplate":"https:\/\/tourtravelandmore.com\/fr\/?s={search_term_string}"},"query-input":{"@type":"PropertyValueSpecification","valueRequired":true,"valueName":"search_term_string"}}],"inLanguage":"fr-FR"},{"@type":"Organization","@id":"https:\/\/tourtravelandmore.com\/fr\/#organization","name":"Tour Travel And More","url":"https:\/\/tourtravelandmore.com\/fr\/","logo":{"@type":"ImageObject","inLanguage":"fr-FR","@id":"https:\/\/tourtravelandmore.com\/fr\/#\/schema\/logo\/image\/","url":"https:\/\/tourtravelandmore.com\/wp-content\/uploads\/2022\/12\/cropped-logo-cabecera-new.png","contentUrl":"https:\/\/tourtravelandmore.com\/wp-content\/uploads\/2022\/12\/cropped-logo-cabecera-new.png","width":430,"height":61,"caption":"Tour Travel And More"},"image":{"@id":"https:\/\/tourtravelandmore.com\/fr\/#\/schema\/logo\/image\/"},"sameAs":["https:\/\/www.facebook.com\/tourtravelandmore\/","https:\/\/x.com\/TourTravel_More"]}]}},"_links":{"self":[{"href":"https:\/\/tourtravelandmore.com\/fr\/wp-json\/wp\/v2\/product\/104946","targetHints":{"allow":["GET"]}}],"collection":[{"href":"https:\/\/tourtravelandmore.com\/fr\/wp-json\/wp\/v2\/product"}],"about":[{"href":"https:\/\/tourtravelandmore.com\/fr\/wp-json\/wp\/v2\/types\/product"}],"replies":[{"embeddable":true,"href":"https:\/\/tourtravelandmore.com\/fr\/wp-json\/wp\/v2\/comments?post=104946"}],"wp:featuredmedia":[{"embeddable":true,"href":"https:\/\/tourtravelandmore.com\/fr\/wp-json\/wp\/v2\/media\/97187"}],"wp:attachment":[{"href":"https:\/\/tourtravelandmore.com\/fr\/wp-json\/wp\/v2\/media?parent=104946"}],"wp:term":[{"taxonomy":"product_brand","embeddable":true,"href":"https:\/\/tourtravelandmore.com\/fr\/wp-json\/wp\/v2\/product_brand?post=104946"},{"taxonomy":"product_cat","embeddable":true,"href":"https:\/\/tourtravelandmore.com\/fr\/wp-json\/wp\/v2\/product_cat?post=104946"},{"taxonomy":"product_tag","embeddable":true,"href":"https:\/\/tourtravelandmore.com\/fr\/wp-json\/wp\/v2\/product_tag?post=104946"}],"curies":[{"name":"wp","href":"https:\/\/api.w.org\/{rel}","templated":true}]}}