{"id":104935,"date":"2020-01-29T11:38:43","date_gmt":"2020-01-29T10:38:43","guid":{"rendered":"https:\/\/tourtravelandmore.com\/tours\/non%20class\u00e9\/visite-privee-a-philadelphie-depuis-new-york\/"},"modified":"2025-02-17T16:17:24","modified_gmt":"2025-02-17T15:17:24","slug":"visite-privee-a-philadelphie-depuis-new-york","status":"publish","type":"product","link":"https:\/\/tourtravelandmore.com\/fr\/tours\/etats-unis-fr\/new-york-fr\/visite-privee-a-philadelphie-depuis-new-york\/","title":{"rendered":"Visite priv\u00e9e \u00e0 Philadelphie depuis New York"},"content":{"rendered":"<h2><b><strong>Description de l&#8217;excursion priv\u00e9e<\/strong><\/b><\/h2>\n<p>Rejoignez-nous pour cette <b><strong>visite priv\u00e9e de Philadelphie au d\u00e9part de New York<\/strong><\/b>, confortablement install\u00e9 dans un <b><strong>v\u00e9hicule priv\u00e9 de luxe<\/strong><\/b>. Pr\u00e9parez-vous \u00e0 explorer les sites et monuments les plus \u00e9tonnants en compagnie d&#8217;un <b><strong>guide local<\/strong><\/b>.<\/p>\n<p>L&#8217;excursion commencera \u00e0 l&#8217;endroit de votre choix \u00e0 New York. Un <b><strong>chauffeur priv\u00e9<\/strong><\/b> sera \u00e0 votre disposition pour une visite de 12 heures \u00e0 Philadelphie, o\u00f9 vous visiterez le <b><strong>Washington Square<\/strong><\/b>, le <b><strong>Liberty Bell Center<\/strong><\/b> et bien d&#8217;autres choses encore.<\/p>\n<p><b><strong>Philadelphie<\/strong><\/b> est situ\u00e9e dans l&#8217;\u00c9tat de Pennsylvanie et est la plus grande ville de la zone. C&#8217;est une ville tr\u00e8s c\u00e9l\u00e8bre en raison de sa riche histoire et de son r\u00f4le important dans la R\u00e9volution am\u00e9ricaine. Autre fait int\u00e9ressant, c&#8217;est la ville o\u00f9 s&#8217;est d\u00e9roul\u00e9 le film \u00ab Rocky \u00bb. Vous vous souvenez certainement des escaliers o\u00f9 Sylvester Stallone s&#8217;entra\u00eenait : les <b><strong>escaliers du mus\u00e9e d&#8217;art de Philadelphie<\/strong><\/b>.<\/p>\n<p>Saisissez l&#8217;occasion de visiter cette ville incroyable gr\u00e2ce \u00e0 notre visite priv\u00e9e de Philadelphie au d\u00e9part de New York. Votre guide officiel vous attendra pour vous donner toutes les informations sur l&#8217;histoire de cette ville.<\/p>\n<h2><b><strong>Points d&#8217;int\u00e9r\u00eat et monuments de Philadelphie<\/strong><\/b><\/h2>\n<p>Tout d&#8217;abord, comme nous l&#8217;avons d\u00e9j\u00e0 mentionn\u00e9, votre chauffeur priv\u00e9 viendra vous chercher \u00e0 l&#8217;endroit de votre choix \u00e0 New York. Soyez pr\u00eat \u00e0 commencer cette incroyable visite \u00e0 travers la ville de <b><strong>Philadelphie<\/strong><\/b>.<\/p>\n<p>Une fois sur place, votre guide priv\u00e9 vous attendra pour commencer une visite guid\u00e9e. Sentez l&#8217;odeur fra\u00eeche de la nature et d\u00e9tendez-vous au <b><strong>Washington Square<\/strong><\/b> pendant que vous vous promenez dans ses all\u00e9es ou que vous vous amusez. Remontez le temps en visitant l&#8217;un des b\u00e2timents les plus importants des \u00c9tats-Unis, l&#8217;<b><strong>Independence Hall<\/strong><\/b>, o\u00f9 la D\u00e9claration d&#8217;ind\u00e9pendance et la Constitution ont \u00e9t\u00e9 officialis\u00e9es.<\/p>\n<p>Go\u00fbtez aux saveurs du monde au <b><strong>Reading Terminal Market<\/strong><\/b>, un lieu plein de vie et d&#8217;activit\u00e9, o\u00f9 vous trouverez des aliments de toute la plan\u00e8te. Apprenez \u00e0 conna\u00eetre en profondeur la culture du monde gr\u00e2ce aux impressionnantes \u0153uvres d&#8217;art de Picasso, Van Gogh, Matisse et de nombreux autres artistes au <a href=\"\u00ab\">Philadelphia Museum of Art (mus\u00e9e d&#8217;art de Philadelphie<\/a>). En face du mus\u00e9e, vous trouverez les c\u00e9l\u00e8bres marches de Rocky qui m\u00e8nent \u00e0 la statue de M. Balboa.<\/p>\n<p>Nous vous proposons \u00e9galement de visiter, entre autres, les sites suivants<\/p>\n<ul>\n<li><b><strong>la tombe du soldat inconnu de la guerre d&#8217;Ind\u00e9pendance<\/strong><\/b><\/li>\n<li><b><strong>Centre de la Cloche de la Libert\u00e9<\/strong><\/b><\/li>\n<li><b><strong>Mus\u00e9e de la r\u00e9volution am\u00e9ricaine<\/strong><\/b><\/li>\n<li><b><strong>Basilique cath\u00e9drale des Saints Pierre et Paul<\/strong><\/b><\/li>\n<li><b><strong>Head House Square<\/strong><\/b><\/li>\n<li><b><strong>Elfreth&#8217;s Alley<\/strong><\/b><\/li>\n<li><b><strong>Les escaliers de Rocky Steps<\/strong><\/b><\/li>\n<li>et bien d&#8217;autres choses encore<\/li>\n<\/ul>\n<p>Enfin, votre chauffeur priv\u00e9 vous ram\u00e8nera \u00e0 votre point de d\u00e9part \u00e0 New York. Si vous ne savez pas quel circuit choisir, consultez <a href=\"\u00ab\">notre liste de circuits priv\u00e9s au d\u00e9part de New York<\/a>.<\/p>\n","protected":false},"excerpt":{"rendered":"<p>Apprenez \u00e0 conna\u00eetre les monuments les plus importants de la ville de Philadelphie, berceau de la D\u00e9claration d&#8217;ind\u00e9pendance et de la Constitution am\u00e9ricaine. D\u00e9couvrez la merveilleuse sc\u00e8ne artistique et culturelle de la ville aux c\u00f4t\u00e9s d&#8217;un expert local.<\/p>\n","protected":false},"featured_media":98455,"comment_status":"open","ping_status":"closed","template":"","meta":{"_acf_changed":false},"product_brand":[],"product_cat":[5417,5419,3547,3552],"product_tag":[],"class_list":{"0":"post-104935","1":"product","2":"type-product","3":"status-publish","4":"has-post-thumbnail","6":"product_cat-new-york-private-tours","7":"product_cat-private-sightseeing-tours-fr-40","8":"product_cat-etats-unis-fr","9":"product_cat-new-york-fr","11":"first","12":"instock","13":"shipping-taxable","14":"purchasable","15":"product-type-simple"},"acf":[],"yoast_head":"<!-- This site is optimized with the Yoast SEO Premium plugin v25.3.1 (Yoast SEO v25.3.1) - https:\/\/yoast.com\/wordpress\/plugins\/seo\/ -->\n<title>Visite priv\u00e9e \u00e0 Philadelphie au d\u00e9part de New York avec un guide local<\/title>\n<meta name=\"description\" content=\"Profitez de cette visite priv\u00e9e \u00e0 Philadelphie au d\u00e9part de New York et admirez son incroyable histoire, sa culture, son art et ses mus\u00e9es avec un guide priv\u00e9 local.\" \/>\n<meta name=\"robots\" content=\"index, follow, max-snippet:-1, max-image-preview:large, max-video-preview:-1\" \/>\n<link rel=\"canonical\" href=\"https:\/\/tourtravelandmore.com\/fr\/tours\/etats-unis-fr\/new-york-fr\/visite-privee-a-philadelphie-depuis-new-york\/\" \/>\n<meta property=\"og:locale\" content=\"fr_FR\" \/>\n<meta property=\"og:type\" content=\"article\" \/>\n<meta property=\"og:title\" content=\"Visite priv\u00e9e \u00e0 Philadelphie depuis New York\" \/>\n<meta property=\"og:description\" content=\"Profitez de cette visite priv\u00e9e \u00e0 Philadelphie au d\u00e9part de New York et admirez son incroyable histoire, sa culture, son art et ses mus\u00e9es avec un guide priv\u00e9 local.\" \/>\n<meta property=\"og:url\" content=\"https:\/\/tourtravelandmore.com\/fr\/tours\/etats-unis-fr\/new-york-fr\/visite-privee-a-philadelphie-depuis-new-york\/\" \/>\n<meta property=\"og:site_name\" content=\"Tour Travel And More\" \/>\n<meta property=\"article:publisher\" content=\"https:\/\/www.facebook.com\/tourtravelandmore\/\" \/>\n<meta property=\"article:modified_time\" content=\"2025-02-17T15:17:24+00:00\" \/>\n<meta property=\"og:image\" content=\"https:\/\/tourtravelandmore.com\/wp-content\/uploads\/2020\/01\/philadelphia.jpg\" \/>\n\t<meta property=\"og:image:width\" content=\"511\" \/>\n\t<meta property=\"og:image:height\" content=\"340\" \/>\n\t<meta property=\"og:image:type\" content=\"image\/jpeg\" \/>\n<meta name=\"twitter:card\" content=\"summary_large_image\" \/>\n<meta name=\"twitter:site\" content=\"@TourTravel_More\" \/>\n<meta name=\"twitter:label1\" content=\"Dur\u00e9e de lecture estim\u00e9e\" \/>\n\t<meta name=\"twitter:data1\" content=\"2 minutes\" \/>\n<script type=\"application\/ld+json\" class=\"yoast-schema-graph\">{\"@context\":\"https:\/\/schema.org\",\"@graph\":[{\"@type\":\"WebPage\",\"@id\":\"https:\/\/tourtravelandmore.com\/fr\/tours\/etats-unis-fr\/new-york-fr\/visite-privee-a-philadelphie-depuis-new-york\/\",\"url\":\"https:\/\/tourtravelandmore.com\/fr\/tours\/etats-unis-fr\/new-york-fr\/visite-privee-a-philadelphie-depuis-new-york\/\",\"name\":\"Visite priv\u00e9e \u00e0 Philadelphie au d\u00e9part de New York avec un guide local\",\"isPartOf\":{\"@id\":\"https:\/\/tourtravelandmore.com\/fr\/#website\"},\"primaryImageOfPage\":{\"@id\":\"https:\/\/tourtravelandmore.com\/fr\/tours\/etats-unis-fr\/new-york-fr\/visite-privee-a-philadelphie-depuis-new-york\/#primaryimage\"},\"image\":{\"@id\":\"https:\/\/tourtravelandmore.com\/fr\/tours\/etats-unis-fr\/new-york-fr\/visite-privee-a-philadelphie-depuis-new-york\/#primaryimage\"},\"thumbnailUrl\":\"https:\/\/tourtravelandmore.com\/wp-content\/uploads\/2020\/01\/philadelphia.jpg\",\"datePublished\":\"2020-01-29T10:38:43+00:00\",\"dateModified\":\"2025-02-17T15:17:24+00:00\",\"description\":\"Profitez de cette visite priv\u00e9e \u00e0 Philadelphie au d\u00e9part de New York et admirez son incroyable histoire, sa culture, son art et ses mus\u00e9es avec un guide priv\u00e9 local.\",\"breadcrumb\":{\"@id\":\"https:\/\/tourtravelandmore.com\/fr\/tours\/etats-unis-fr\/new-york-fr\/visite-privee-a-philadelphie-depuis-new-york\/#breadcrumb\"},\"inLanguage\":\"fr-FR\",\"potentialAction\":[{\"@type\":\"ReadAction\",\"target\":[\"https:\/\/tourtravelandmore.com\/fr\/tours\/etats-unis-fr\/new-york-fr\/visite-privee-a-philadelphie-depuis-new-york\/\"]}]},{\"@type\":\"ImageObject\",\"inLanguage\":\"fr-FR\",\"@id\":\"https:\/\/tourtravelandmore.com\/fr\/tours\/etats-unis-fr\/new-york-fr\/visite-privee-a-philadelphie-depuis-new-york\/#primaryimage\",\"url\":\"https:\/\/tourtravelandmore.com\/wp-content\/uploads\/2020\/01\/philadelphia.jpg\",\"contentUrl\":\"https:\/\/tourtravelandmore.com\/wp-content\/uploads\/2020\/01\/philadelphia.jpg\",\"width\":511,\"height\":340},{\"@type\":\"BreadcrumbList\",\"@id\":\"https:\/\/tourtravelandmore.com\/fr\/tours\/etats-unis-fr\/new-york-fr\/visite-privee-a-philadelphie-depuis-new-york\/#breadcrumb\",\"itemListElement\":[{\"@type\":\"ListItem\",\"position\":1,\"name\":\"Home\",\"item\":\"https:\/\/tourtravelandmore.com\/fr\/\"},{\"@type\":\"ListItem\",\"position\":2,\"name\":\"Tours\",\"item\":\"https:\/\/tourtravelandmore.com\/fr\/tours\/\"},{\"@type\":\"ListItem\",\"position\":3,\"name\":\"Visite priv\u00e9e \u00e0 Philadelphie depuis New York\"}]},{\"@type\":\"WebSite\",\"@id\":\"https:\/\/tourtravelandmore.com\/fr\/#website\",\"url\":\"https:\/\/tourtravelandmore.com\/fr\/\",\"name\":\"Tour Travel And More\",\"description\":\"Private sightseeing tours and luxury transfers in Spain\",\"publisher\":{\"@id\":\"https:\/\/tourtravelandmore.com\/fr\/#organization\"},\"potentialAction\":[{\"@type\":\"SearchAction\",\"target\":{\"@type\":\"EntryPoint\",\"urlTemplate\":\"https:\/\/tourtravelandmore.com\/fr\/?s={search_term_string}\"},\"query-input\":{\"@type\":\"PropertyValueSpecification\",\"valueRequired\":true,\"valueName\":\"search_term_string\"}}],\"inLanguage\":\"fr-FR\"},{\"@type\":\"Organization\",\"@id\":\"https:\/\/tourtravelandmore.com\/fr\/#organization\",\"name\":\"Tour Travel And More\",\"url\":\"https:\/\/tourtravelandmore.com\/fr\/\",\"logo\":{\"@type\":\"ImageObject\",\"inLanguage\":\"fr-FR\",\"@id\":\"https:\/\/tourtravelandmore.com\/fr\/#\/schema\/logo\/image\/\",\"url\":\"https:\/\/tourtravelandmore.com\/wp-content\/uploads\/2022\/12\/cropped-logo-cabecera-new.png\",\"contentUrl\":\"https:\/\/tourtravelandmore.com\/wp-content\/uploads\/2022\/12\/cropped-logo-cabecera-new.png\",\"width\":430,\"height\":61,\"caption\":\"Tour Travel And More\"},\"image\":{\"@id\":\"https:\/\/tourtravelandmore.com\/fr\/#\/schema\/logo\/image\/\"},\"sameAs\":[\"https:\/\/www.facebook.com\/tourtravelandmore\/\",\"https:\/\/x.com\/TourTravel_More\"]}]}<\/script>\n<!-- \/ Yoast SEO Premium plugin. -->","yoast_head_json":{"title":"Visite priv\u00e9e \u00e0 Philadelphie au d\u00e9part de New York avec un guide local","description":"Profitez de cette visite priv\u00e9e \u00e0 Philadelphie au d\u00e9part de New York et admirez son incroyable histoire, sa culture, son art et ses mus\u00e9es avec un guide priv\u00e9 local.","robots":{"index":"index","follow":"follow","max-snippet":"max-snippet:-1","max-image-preview":"max-image-preview:large","max-video-preview":"max-video-preview:-1"},"canonical":"https:\/\/tourtravelandmore.com\/fr\/tours\/etats-unis-fr\/new-york-fr\/visite-privee-a-philadelphie-depuis-new-york\/","og_locale":"fr_FR","og_type":"article","og_title":"Visite priv\u00e9e \u00e0 Philadelphie depuis New York","og_description":"Profitez de cette visite priv\u00e9e \u00e0 Philadelphie au d\u00e9part de New York et admirez son incroyable histoire, sa culture, son art et ses mus\u00e9es avec un guide priv\u00e9 local.","og_url":"https:\/\/tourtravelandmore.com\/fr\/tours\/etats-unis-fr\/new-york-fr\/visite-privee-a-philadelphie-depuis-new-york\/","og_site_name":"Tour Travel And More","article_publisher":"https:\/\/www.facebook.com\/tourtravelandmore\/","article_modified_time":"2025-02-17T15:17:24+00:00","og_image":[{"width":511,"height":340,"url":"https:\/\/tourtravelandmore.com\/wp-content\/uploads\/2020\/01\/philadelphia.jpg","type":"image\/jpeg"}],"twitter_card":"summary_large_image","twitter_site":"@TourTravel_More","twitter_misc":{"Dur\u00e9e de lecture estim\u00e9e":"2 minutes"},"schema":{"@context":"https:\/\/schema.org","@graph":[{"@type":"WebPage","@id":"https:\/\/tourtravelandmore.com\/fr\/tours\/etats-unis-fr\/new-york-fr\/visite-privee-a-philadelphie-depuis-new-york\/","url":"https:\/\/tourtravelandmore.com\/fr\/tours\/etats-unis-fr\/new-york-fr\/visite-privee-a-philadelphie-depuis-new-york\/","name":"Visite priv\u00e9e \u00e0 Philadelphie au d\u00e9part de New York avec un guide local","isPartOf":{"@id":"https:\/\/tourtravelandmore.com\/fr\/#website"},"primaryImageOfPage":{"@id":"https:\/\/tourtravelandmore.com\/fr\/tours\/etats-unis-fr\/new-york-fr\/visite-privee-a-philadelphie-depuis-new-york\/#primaryimage"},"image":{"@id":"https:\/\/tourtravelandmore.com\/fr\/tours\/etats-unis-fr\/new-york-fr\/visite-privee-a-philadelphie-depuis-new-york\/#primaryimage"},"thumbnailUrl":"https:\/\/tourtravelandmore.com\/wp-content\/uploads\/2020\/01\/philadelphia.jpg","datePublished":"2020-01-29T10:38:43+00:00","dateModified":"2025-02-17T15:17:24+00:00","description":"Profitez de cette visite priv\u00e9e \u00e0 Philadelphie au d\u00e9part de New York et admirez son incroyable histoire, sa culture, son art et ses mus\u00e9es avec un guide priv\u00e9 local.","breadcrumb":{"@id":"https:\/\/tourtravelandmore.com\/fr\/tours\/etats-unis-fr\/new-york-fr\/visite-privee-a-philadelphie-depuis-new-york\/#breadcrumb"},"inLanguage":"fr-FR","potentialAction":[{"@type":"ReadAction","target":["https:\/\/tourtravelandmore.com\/fr\/tours\/etats-unis-fr\/new-york-fr\/visite-privee-a-philadelphie-depuis-new-york\/"]}]},{"@type":"ImageObject","inLanguage":"fr-FR","@id":"https:\/\/tourtravelandmore.com\/fr\/tours\/etats-unis-fr\/new-york-fr\/visite-privee-a-philadelphie-depuis-new-york\/#primaryimage","url":"https:\/\/tourtravelandmore.com\/wp-content\/uploads\/2020\/01\/philadelphia.jpg","contentUrl":"https:\/\/tourtravelandmore.com\/wp-content\/uploads\/2020\/01\/philadelphia.jpg","width":511,"height":340},{"@type":"BreadcrumbList","@id":"https:\/\/tourtravelandmore.com\/fr\/tours\/etats-unis-fr\/new-york-fr\/visite-privee-a-philadelphie-depuis-new-york\/#breadcrumb","itemListElement":[{"@type":"ListItem","position":1,"name":"Home","item":"https:\/\/tourtravelandmore.com\/fr\/"},{"@type":"ListItem","position":2,"name":"Tours","item":"https:\/\/tourtravelandmore.com\/fr\/tours\/"},{"@type":"ListItem","position":3,"name":"Visite priv\u00e9e \u00e0 Philadelphie depuis New York"}]},{"@type":"WebSite","@id":"https:\/\/tourtravelandmore.com\/fr\/#website","url":"https:\/\/tourtravelandmore.com\/fr\/","name":"Tour Travel And More","description":"Private sightseeing tours and luxury transfers in Spain","publisher":{"@id":"https:\/\/tourtravelandmore.com\/fr\/#organization"},"potentialAction":[{"@type":"SearchAction","target":{"@type":"EntryPoint","urlTemplate":"https:\/\/tourtravelandmore.com\/fr\/?s={search_term_string}"},"query-input":{"@type":"PropertyValueSpecification","valueRequired":true,"valueName":"search_term_string"}}],"inLanguage":"fr-FR"},{"@type":"Organization","@id":"https:\/\/tourtravelandmore.com\/fr\/#organization","name":"Tour Travel And More","url":"https:\/\/tourtravelandmore.com\/fr\/","logo":{"@type":"ImageObject","inLanguage":"fr-FR","@id":"https:\/\/tourtravelandmore.com\/fr\/#\/schema\/logo\/image\/","url":"https:\/\/tourtravelandmore.com\/wp-content\/uploads\/2022\/12\/cropped-logo-cabecera-new.png","contentUrl":"https:\/\/tourtravelandmore.com\/wp-content\/uploads\/2022\/12\/cropped-logo-cabecera-new.png","width":430,"height":61,"caption":"Tour Travel And More"},"image":{"@id":"https:\/\/tourtravelandmore.com\/fr\/#\/schema\/logo\/image\/"},"sameAs":["https:\/\/www.facebook.com\/tourtravelandmore\/","https:\/\/x.com\/TourTravel_More"]}]}},"_links":{"self":[{"href":"https:\/\/tourtravelandmore.com\/fr\/wp-json\/wp\/v2\/product\/104935","targetHints":{"allow":["GET"]}}],"collection":[{"href":"https:\/\/tourtravelandmore.com\/fr\/wp-json\/wp\/v2\/product"}],"about":[{"href":"https:\/\/tourtravelandmore.com\/fr\/wp-json\/wp\/v2\/types\/product"}],"replies":[{"embeddable":true,"href":"https:\/\/tourtravelandmore.com\/fr\/wp-json\/wp\/v2\/comments?post=104935"}],"wp:featuredmedia":[{"embeddable":true,"href":"https:\/\/tourtravelandmore.com\/fr\/wp-json\/wp\/v2\/media\/98455"}],"wp:attachment":[{"href":"https:\/\/tourtravelandmore.com\/fr\/wp-json\/wp\/v2\/media?parent=104935"}],"wp:term":[{"taxonomy":"product_brand","embeddable":true,"href":"https:\/\/tourtravelandmore.com\/fr\/wp-json\/wp\/v2\/product_brand?post=104935"},{"taxonomy":"product_cat","embeddable":true,"href":"https:\/\/tourtravelandmore.com\/fr\/wp-json\/wp\/v2\/product_cat?post=104935"},{"taxonomy":"product_tag","embeddable":true,"href":"https:\/\/tourtravelandmore.com\/fr\/wp-json\/wp\/v2\/product_tag?post=104935"}],"curies":[{"name":"wp","href":"https:\/\/api.w.org\/{rel}","templated":true}]}}