{"id":104930,"date":"2020-01-27T14:35:58","date_gmt":"2020-01-27T13:35:58","guid":{"rendered":"https:\/\/tourtravelandmore.com\/tours\/non%20class\u00e9\/visite-privee-a-washington-de-new-york\/"},"modified":"2024-08-01T21:48:44","modified_gmt":"2024-08-01T19:48:44","slug":"visite-privee-a-washington-de-new-york","status":"publish","type":"product","link":"https:\/\/tourtravelandmore.com\/fr\/tours\/etats-unis-fr\/new-york-fr\/visite-privee-a-washington-de-new-york\/","title":{"rendered":"Visite priv\u00e9e \u00e0 Washington de New York"},"content":{"rendered":"<h2><b><strong>Description<\/strong><\/b><\/h2>\n<p>Le fait d&#8217;\u00eatre \u00e0 New York vous donne la possibilit\u00e9 de visiter de nombreuses autres villes \u00e0 partir de l\u00e0. Profitez de cette <b><strong>visite priv\u00e9e \u00e0 Washington depuis New York<\/strong><\/b> avec un <b><strong>chauffeur priv\u00e9 dans un v\u00e9hicule de luxe<\/strong><\/b>. Une fois \u00e0 Washington D.C., vous rencontrerez votre <b><strong>guide officiel priv\u00e9<\/strong><\/b> pour une visite guid\u00e9e de 4 heures. Pr\u00e9parez-vous \u00e0 explorer les endroits les plus embl\u00e9matiques et les plus agr\u00e9ables de cette merveilleuse ville.<\/p>\n<p>Comme il s&#8217;agit d&#8217;une visite priv\u00e9e, vous pourrez choisir votre point de d\u00e9part \u00e0 New York. Il s&#8217;agit d&#8217;un circuit de 14 heures, la prise en charge se fera donc t\u00f4t le matin.<\/p>\n<p><b><strong>Washington D.C.<\/strong><\/b> est la capitale des Etats-Unis. La ville est situ\u00e9e le long de la rivi\u00e8re Potomac, qui borde les \u00c9tats du Maryland et de la Virginie. Comme nous le savons d\u00e9j\u00e0, Washington se caract\u00e9rise par ses monuments imposants et ses b\u00e2timents n\u00e9oclassiques. Vous y trouverez les b\u00e2timents qui abritent les trois branches du gouvernement f\u00e9d\u00e9ral : le <b><strong>Capitole<\/strong><\/b>, la <b><strong>Maison Blanche<\/strong><\/b> et la <b><strong>Cour Supr\u00eame<\/strong><\/b>.<\/p>\n<p>Profitez pleinement de cette visite priv\u00e9e de Washington au d\u00e9part de New York. Saisissez l&#8217;occasion de d\u00e9couvrir l&#8217;histoire de ce lieu incroyable.<\/p>\n<h2><b><strong>Points d&#8217;int\u00e9r\u00eat et monuments<\/strong><\/b><\/h2>\n<p>Tout d&#8217;abord, votre chauffeur priv\u00e9 viendra vous chercher \u00e0 l&#8217;endroit de votre choix \u00e0 New York. Le trajet jusqu&#8217;\u00e0 <b><strong>Washington<\/strong><\/b> dure environ 4 heures. Une fois sur place, vous rencontrerez votre guide officiel priv\u00e9.<\/p>\n<p>Prenez une photo et admirez la <b><strong>Maison Blanche<\/strong><\/b>, puis traversez la rue et marchez dans le parc o\u00f9 ont lieu la plupart des manifestations politiques \u00e0 Washington. D\u00e9couvrez l&#8217;histoire du gouvernement des \u00c9tats-Unis lors de votre visite au <b><strong>Capitol Visitor Center<\/strong><\/b>.<\/p>\n<p>Apprenez \u00e0 conna\u00eetre les sites les plus importants de Washington DC en visitant tous les monuments et m\u00e9moriaux r\u00e9partis dans la ville. Impr\u00e9gnez-vous de la nature du monde en visitant le <b><strong>Mus\u00e9e d&#8217;histoire naturelle<\/strong><\/b> et son r\u00e9servoir de 6 800 litres exposant un r\u00e9cif corallien. Voyagez dans le temps et apprenez \u00e0 conna\u00eetre en profondeur la culture des <b><strong>\u00c9tats-Unis dans les<\/strong><\/b> expositions <b><strong>du mus\u00e9e d&#8217;histoire am\u00e9ricaine<\/strong><\/b>, avec ses objets uniques qui vont d&#8217;une canne utilis\u00e9e par Benjamin Franklin ou de la montre de poche en or d&#8217;Abraham Lincoln aux gants de boxe de Muhammad Ali.<\/p>\n<p>Nous vous proposons \u00e9galement de visiter<\/p>\n<ul>\n<li><b><strong>le cimeti\u00e8re national d&#8217;Arlington<\/strong><\/b><\/li>\n<li><b><strong>la Cour supr\u00eame<\/strong><\/b><\/li>\n<li><b><strong>M\u00e9morial Jefferson<\/strong><\/b><\/li>\n<li><b><strong>M\u00e9morial Lincoln<\/strong><\/b><\/li>\n<li><b><strong>Biblioth\u00e8que du Congr\u00e8s<\/strong><\/b><\/li>\n<li><b><strong>M\u00e9morial des v\u00e9t\u00e9rans du Vi\u00eat Nam<\/strong><\/b><\/li>\n<li><b><strong>Monument de Washington<\/strong><\/b><\/li>\n<li><b><strong>National Mall<\/strong><\/b><\/li>\n<li><b><strong>Mus\u00e9e national de l&#8217;air et de l&#8217;espace<\/strong><\/b><\/li>\n<li><b><strong>M\u00e9morial des v\u00e9t\u00e9rans de la guerre de Cor\u00e9e<\/strong><\/b><\/li>\n<li><a href=\"\u00ab\">Capitole des \u00c9tats-Unis<\/a><\/li>\n<li><b><strong>M\u00e9morial national de la Seconde Guerre mondiale<\/strong><\/b><\/li>\n<li><b><strong>M\u00e9morial Martin Luther King, Jr.<\/strong><\/b> <b><strong>M\u00e9morial<\/strong><\/b><\/li>\n<li><b><strong>Pentagone<\/strong><\/b><\/li>\n<li><b><strong>D\u00e9partement d&#8217;\u00c9tat<\/strong><\/b><\/li>\n<li><b><strong>Tr\u00e9sor<\/strong><\/b><\/li>\n<\/ul>\n<p>Enfin, votre chauffeur priv\u00e9 vous ram\u00e8nera \u00e0 votre point de d\u00e9part \u00e0 New York.<\/p>\n<p>Une autre visite incroyable qui vaut la peine d&#8217;\u00eatre faite est notre <a href=\"\u00ab\">visite priv\u00e9e du centre-ville historique et du m\u00e9morial du 11 septembre<\/a>, jetez-y un coup d&#8217;\u0153il !<\/p>\n","protected":false},"excerpt":{"rendered":"<p>Tirez le meilleur parti de votre s\u00e9jour \u00e0 New York et profitez d&#8217;une excursion d&#8217;une journ\u00e9e \u00e0 Washington. Nous pouvons organiser une disposition du v\u00e9hicule ou des billets de train aller-retour. Saisissez cette occasion pour visiter la merveilleuse Maison Blanche, le Capitole des \u00c9tats-Unis, la Biblioth\u00e8que du Congr\u00e8s et de nombreux autres sites fantastiques de la capitale des \u00c9tats-Unis.<\/p>\n","protected":false},"featured_media":97155,"comment_status":"open","ping_status":"closed","template":"","meta":{"_acf_changed":false},"product_brand":[],"product_cat":[5417,5419,3547,3552],"product_tag":[],"class_list":{"0":"post-104930","1":"product","2":"type-product","3":"status-publish","4":"has-post-thumbnail","6":"product_cat-new-york-private-tours","7":"product_cat-private-sightseeing-tours-fr-40","8":"product_cat-etats-unis-fr","9":"product_cat-new-york-fr","11":"first","12":"instock","13":"shipping-taxable","14":"purchasable","15":"product-type-simple"},"acf":[],"yoast_head":"<!-- This site is optimized with the Yoast SEO Premium plugin v25.3.1 (Yoast SEO v25.3.1) - https:\/\/yoast.com\/wordpress\/plugins\/seo\/ -->\n<title>Visite priv\u00e9e \u00e0 Washington de New York avec chauffeur priv\u00e9<\/title>\n<meta name=\"description\" content=\"Visite priv\u00e9e pour explorer la ville anim\u00e9e de Washington, ses monuments historiques et m\u00e9moriaux, ses mus\u00e9es embl\u00e9matiques et bien plus encore.\" \/>\n<meta name=\"robots\" content=\"index, follow, max-snippet:-1, max-image-preview:large, max-video-preview:-1\" \/>\n<link rel=\"canonical\" href=\"https:\/\/tourtravelandmore.com\/fr\/tours\/etats-unis-fr\/new-york-fr\/visite-privee-a-washington-de-new-york\/\" \/>\n<meta property=\"og:locale\" content=\"fr_FR\" \/>\n<meta property=\"og:type\" content=\"article\" \/>\n<meta property=\"og:title\" content=\"Visite priv\u00e9e \u00e0 Washington de New York\" \/>\n<meta property=\"og:description\" content=\"Visite priv\u00e9e pour explorer la ville anim\u00e9e de Washington, ses monuments historiques et m\u00e9moriaux, ses mus\u00e9es embl\u00e9matiques et bien plus encore.\" \/>\n<meta property=\"og:url\" content=\"https:\/\/tourtravelandmore.com\/fr\/tours\/etats-unis-fr\/new-york-fr\/visite-privee-a-washington-de-new-york\/\" \/>\n<meta property=\"og:site_name\" content=\"Tour Travel And More\" \/>\n<meta property=\"article:publisher\" content=\"https:\/\/www.facebook.com\/tourtravelandmore\/\" \/>\n<meta property=\"article:modified_time\" content=\"2024-08-01T19:48:44+00:00\" \/>\n<meta property=\"og:image\" content=\"https:\/\/tourtravelandmore.com\/wp-content\/uploads\/2020\/01\/n51.jpg\" \/>\n\t<meta property=\"og:image:width\" content=\"1024\" \/>\n\t<meta property=\"og:image:height\" content=\"527\" \/>\n\t<meta property=\"og:image:type\" content=\"image\/jpeg\" \/>\n<meta name=\"twitter:card\" content=\"summary_large_image\" \/>\n<meta name=\"twitter:site\" content=\"@TourTravel_More\" \/>\n<meta name=\"twitter:label1\" content=\"Dur\u00e9e de lecture estim\u00e9e\" \/>\n\t<meta name=\"twitter:data1\" content=\"3 minutes\" \/>\n<script type=\"application\/ld+json\" class=\"yoast-schema-graph\">{\"@context\":\"https:\/\/schema.org\",\"@graph\":[{\"@type\":\"WebPage\",\"@id\":\"https:\/\/tourtravelandmore.com\/fr\/tours\/etats-unis-fr\/new-york-fr\/visite-privee-a-washington-de-new-york\/\",\"url\":\"https:\/\/tourtravelandmore.com\/fr\/tours\/etats-unis-fr\/new-york-fr\/visite-privee-a-washington-de-new-york\/\",\"name\":\"Visite priv\u00e9e \u00e0 Washington de New York avec chauffeur priv\u00e9\",\"isPartOf\":{\"@id\":\"https:\/\/tourtravelandmore.com\/fr\/#website\"},\"primaryImageOfPage\":{\"@id\":\"https:\/\/tourtravelandmore.com\/fr\/tours\/etats-unis-fr\/new-york-fr\/visite-privee-a-washington-de-new-york\/#primaryimage\"},\"image\":{\"@id\":\"https:\/\/tourtravelandmore.com\/fr\/tours\/etats-unis-fr\/new-york-fr\/visite-privee-a-washington-de-new-york\/#primaryimage\"},\"thumbnailUrl\":\"https:\/\/tourtravelandmore.com\/wp-content\/uploads\/2020\/01\/n51.jpg\",\"datePublished\":\"2020-01-27T13:35:58+00:00\",\"dateModified\":\"2024-08-01T19:48:44+00:00\",\"description\":\"Visite priv\u00e9e pour explorer la ville anim\u00e9e de Washington, ses monuments historiques et m\u00e9moriaux, ses mus\u00e9es embl\u00e9matiques et bien plus encore.\",\"breadcrumb\":{\"@id\":\"https:\/\/tourtravelandmore.com\/fr\/tours\/etats-unis-fr\/new-york-fr\/visite-privee-a-washington-de-new-york\/#breadcrumb\"},\"inLanguage\":\"fr-FR\",\"potentialAction\":[{\"@type\":\"ReadAction\",\"target\":[\"https:\/\/tourtravelandmore.com\/fr\/tours\/etats-unis-fr\/new-york-fr\/visite-privee-a-washington-de-new-york\/\"]}]},{\"@type\":\"ImageObject\",\"inLanguage\":\"fr-FR\",\"@id\":\"https:\/\/tourtravelandmore.com\/fr\/tours\/etats-unis-fr\/new-york-fr\/visite-privee-a-washington-de-new-york\/#primaryimage\",\"url\":\"https:\/\/tourtravelandmore.com\/wp-content\/uploads\/2020\/01\/n51.jpg\",\"contentUrl\":\"https:\/\/tourtravelandmore.com\/wp-content\/uploads\/2020\/01\/n51.jpg\",\"width\":1024,\"height\":527},{\"@type\":\"BreadcrumbList\",\"@id\":\"https:\/\/tourtravelandmore.com\/fr\/tours\/etats-unis-fr\/new-york-fr\/visite-privee-a-washington-de-new-york\/#breadcrumb\",\"itemListElement\":[{\"@type\":\"ListItem\",\"position\":1,\"name\":\"Home\",\"item\":\"https:\/\/tourtravelandmore.com\/fr\/\"},{\"@type\":\"ListItem\",\"position\":2,\"name\":\"Tours\",\"item\":\"https:\/\/tourtravelandmore.com\/fr\/tours\/\"},{\"@type\":\"ListItem\",\"position\":3,\"name\":\"Visite priv\u00e9e \u00e0 Washington de New York\"}]},{\"@type\":\"WebSite\",\"@id\":\"https:\/\/tourtravelandmore.com\/fr\/#website\",\"url\":\"https:\/\/tourtravelandmore.com\/fr\/\",\"name\":\"Tour Travel And More\",\"description\":\"Private sightseeing tours and luxury transfers in Spain\",\"publisher\":{\"@id\":\"https:\/\/tourtravelandmore.com\/fr\/#organization\"},\"potentialAction\":[{\"@type\":\"SearchAction\",\"target\":{\"@type\":\"EntryPoint\",\"urlTemplate\":\"https:\/\/tourtravelandmore.com\/fr\/?s={search_term_string}\"},\"query-input\":{\"@type\":\"PropertyValueSpecification\",\"valueRequired\":true,\"valueName\":\"search_term_string\"}}],\"inLanguage\":\"fr-FR\"},{\"@type\":\"Organization\",\"@id\":\"https:\/\/tourtravelandmore.com\/fr\/#organization\",\"name\":\"Tour Travel And More\",\"url\":\"https:\/\/tourtravelandmore.com\/fr\/\",\"logo\":{\"@type\":\"ImageObject\",\"inLanguage\":\"fr-FR\",\"@id\":\"https:\/\/tourtravelandmore.com\/fr\/#\/schema\/logo\/image\/\",\"url\":\"https:\/\/tourtravelandmore.com\/wp-content\/uploads\/2022\/12\/cropped-logo-cabecera-new.png\",\"contentUrl\":\"https:\/\/tourtravelandmore.com\/wp-content\/uploads\/2022\/12\/cropped-logo-cabecera-new.png\",\"width\":430,\"height\":61,\"caption\":\"Tour Travel And More\"},\"image\":{\"@id\":\"https:\/\/tourtravelandmore.com\/fr\/#\/schema\/logo\/image\/\"},\"sameAs\":[\"https:\/\/www.facebook.com\/tourtravelandmore\/\",\"https:\/\/x.com\/TourTravel_More\"]}]}<\/script>\n<!-- \/ Yoast SEO Premium plugin. -->","yoast_head_json":{"title":"Visite priv\u00e9e \u00e0 Washington de New York avec chauffeur priv\u00e9","description":"Visite priv\u00e9e pour explorer la ville anim\u00e9e de Washington, ses monuments historiques et m\u00e9moriaux, ses mus\u00e9es embl\u00e9matiques et bien plus encore.","robots":{"index":"index","follow":"follow","max-snippet":"max-snippet:-1","max-image-preview":"max-image-preview:large","max-video-preview":"max-video-preview:-1"},"canonical":"https:\/\/tourtravelandmore.com\/fr\/tours\/etats-unis-fr\/new-york-fr\/visite-privee-a-washington-de-new-york\/","og_locale":"fr_FR","og_type":"article","og_title":"Visite priv\u00e9e \u00e0 Washington de New York","og_description":"Visite priv\u00e9e pour explorer la ville anim\u00e9e de Washington, ses monuments historiques et m\u00e9moriaux, ses mus\u00e9es embl\u00e9matiques et bien plus encore.","og_url":"https:\/\/tourtravelandmore.com\/fr\/tours\/etats-unis-fr\/new-york-fr\/visite-privee-a-washington-de-new-york\/","og_site_name":"Tour Travel And More","article_publisher":"https:\/\/www.facebook.com\/tourtravelandmore\/","article_modified_time":"2024-08-01T19:48:44+00:00","og_image":[{"width":1024,"height":527,"url":"https:\/\/tourtravelandmore.com\/wp-content\/uploads\/2020\/01\/n51.jpg","type":"image\/jpeg"}],"twitter_card":"summary_large_image","twitter_site":"@TourTravel_More","twitter_misc":{"Dur\u00e9e de lecture estim\u00e9e":"3 minutes"},"schema":{"@context":"https:\/\/schema.org","@graph":[{"@type":"WebPage","@id":"https:\/\/tourtravelandmore.com\/fr\/tours\/etats-unis-fr\/new-york-fr\/visite-privee-a-washington-de-new-york\/","url":"https:\/\/tourtravelandmore.com\/fr\/tours\/etats-unis-fr\/new-york-fr\/visite-privee-a-washington-de-new-york\/","name":"Visite priv\u00e9e \u00e0 Washington de New York avec chauffeur priv\u00e9","isPartOf":{"@id":"https:\/\/tourtravelandmore.com\/fr\/#website"},"primaryImageOfPage":{"@id":"https:\/\/tourtravelandmore.com\/fr\/tours\/etats-unis-fr\/new-york-fr\/visite-privee-a-washington-de-new-york\/#primaryimage"},"image":{"@id":"https:\/\/tourtravelandmore.com\/fr\/tours\/etats-unis-fr\/new-york-fr\/visite-privee-a-washington-de-new-york\/#primaryimage"},"thumbnailUrl":"https:\/\/tourtravelandmore.com\/wp-content\/uploads\/2020\/01\/n51.jpg","datePublished":"2020-01-27T13:35:58+00:00","dateModified":"2024-08-01T19:48:44+00:00","description":"Visite priv\u00e9e pour explorer la ville anim\u00e9e de Washington, ses monuments historiques et m\u00e9moriaux, ses mus\u00e9es embl\u00e9matiques et bien plus encore.","breadcrumb":{"@id":"https:\/\/tourtravelandmore.com\/fr\/tours\/etats-unis-fr\/new-york-fr\/visite-privee-a-washington-de-new-york\/#breadcrumb"},"inLanguage":"fr-FR","potentialAction":[{"@type":"ReadAction","target":["https:\/\/tourtravelandmore.com\/fr\/tours\/etats-unis-fr\/new-york-fr\/visite-privee-a-washington-de-new-york\/"]}]},{"@type":"ImageObject","inLanguage":"fr-FR","@id":"https:\/\/tourtravelandmore.com\/fr\/tours\/etats-unis-fr\/new-york-fr\/visite-privee-a-washington-de-new-york\/#primaryimage","url":"https:\/\/tourtravelandmore.com\/wp-content\/uploads\/2020\/01\/n51.jpg","contentUrl":"https:\/\/tourtravelandmore.com\/wp-content\/uploads\/2020\/01\/n51.jpg","width":1024,"height":527},{"@type":"BreadcrumbList","@id":"https:\/\/tourtravelandmore.com\/fr\/tours\/etats-unis-fr\/new-york-fr\/visite-privee-a-washington-de-new-york\/#breadcrumb","itemListElement":[{"@type":"ListItem","position":1,"name":"Home","item":"https:\/\/tourtravelandmore.com\/fr\/"},{"@type":"ListItem","position":2,"name":"Tours","item":"https:\/\/tourtravelandmore.com\/fr\/tours\/"},{"@type":"ListItem","position":3,"name":"Visite priv\u00e9e \u00e0 Washington de New York"}]},{"@type":"WebSite","@id":"https:\/\/tourtravelandmore.com\/fr\/#website","url":"https:\/\/tourtravelandmore.com\/fr\/","name":"Tour Travel And More","description":"Private sightseeing tours and luxury transfers in Spain","publisher":{"@id":"https:\/\/tourtravelandmore.com\/fr\/#organization"},"potentialAction":[{"@type":"SearchAction","target":{"@type":"EntryPoint","urlTemplate":"https:\/\/tourtravelandmore.com\/fr\/?s={search_term_string}"},"query-input":{"@type":"PropertyValueSpecification","valueRequired":true,"valueName":"search_term_string"}}],"inLanguage":"fr-FR"},{"@type":"Organization","@id":"https:\/\/tourtravelandmore.com\/fr\/#organization","name":"Tour Travel And More","url":"https:\/\/tourtravelandmore.com\/fr\/","logo":{"@type":"ImageObject","inLanguage":"fr-FR","@id":"https:\/\/tourtravelandmore.com\/fr\/#\/schema\/logo\/image\/","url":"https:\/\/tourtravelandmore.com\/wp-content\/uploads\/2022\/12\/cropped-logo-cabecera-new.png","contentUrl":"https:\/\/tourtravelandmore.com\/wp-content\/uploads\/2022\/12\/cropped-logo-cabecera-new.png","width":430,"height":61,"caption":"Tour Travel And More"},"image":{"@id":"https:\/\/tourtravelandmore.com\/fr\/#\/schema\/logo\/image\/"},"sameAs":["https:\/\/www.facebook.com\/tourtravelandmore\/","https:\/\/x.com\/TourTravel_More"]}]}},"_links":{"self":[{"href":"https:\/\/tourtravelandmore.com\/fr\/wp-json\/wp\/v2\/product\/104930","targetHints":{"allow":["GET"]}}],"collection":[{"href":"https:\/\/tourtravelandmore.com\/fr\/wp-json\/wp\/v2\/product"}],"about":[{"href":"https:\/\/tourtravelandmore.com\/fr\/wp-json\/wp\/v2\/types\/product"}],"replies":[{"embeddable":true,"href":"https:\/\/tourtravelandmore.com\/fr\/wp-json\/wp\/v2\/comments?post=104930"}],"wp:featuredmedia":[{"embeddable":true,"href":"https:\/\/tourtravelandmore.com\/fr\/wp-json\/wp\/v2\/media\/97155"}],"wp:attachment":[{"href":"https:\/\/tourtravelandmore.com\/fr\/wp-json\/wp\/v2\/media?parent=104930"}],"wp:term":[{"taxonomy":"product_brand","embeddable":true,"href":"https:\/\/tourtravelandmore.com\/fr\/wp-json\/wp\/v2\/product_brand?post=104930"},{"taxonomy":"product_cat","embeddable":true,"href":"https:\/\/tourtravelandmore.com\/fr\/wp-json\/wp\/v2\/product_cat?post=104930"},{"taxonomy":"product_tag","embeddable":true,"href":"https:\/\/tourtravelandmore.com\/fr\/wp-json\/wp\/v2\/product_tag?post=104930"}],"curies":[{"name":"wp","href":"https:\/\/api.w.org\/{rel}","templated":true}]}}