{"id":104888,"date":"2020-01-21T12:02:59","date_gmt":"2020-01-21T11:02:59","guid":{"rendered":"https:\/\/tourtravelandmore.com\/tours\/non%20class\u00e9\/visite-privee-du-meilleur-de-new-york\/"},"modified":"2021-03-30T11:32:29","modified_gmt":"2021-03-30T09:32:29","slug":"visite-privee-du-meilleur-de-new-york","status":"publish","type":"product","link":"https:\/\/tourtravelandmore.com\/fr\/tours\/etats-unis-fr\/new-york-fr\/visite-privee-du-meilleur-de-new-york\/","title":{"rendered":"Visite priv\u00e9e du meilleur de New York"},"content":{"rendered":"<h2>Description<\/h2>\n<p>New York est une ville immense avec beaucoup de choses \u00e0 faire, pour cette raison, vous ne devez pas manquer notre visite priv\u00e9e du meilleur de New York. Vous serez accompagn\u00e9 d&#8217;un guide officiel local et d&#8217;un chauffeur priv\u00e9 dans un v\u00e9hicule de luxe.<\/p>\n<p>La ville de New York est \u00e9galement connue sous le nom de &#8220;ville des possibilit\u00e9s&#8221; ou de &#8220;Big Apple&#8221;, mais la r\u00e9alit\u00e9 est que peu importe comment on l&#8217;appelle, elle reste l&#8217;une des villes les plus visit\u00e9es au monde.<\/p>\n<p>NY comprend 5 arrondissements situ\u00e9s l\u00e0 o\u00f9 la rivi\u00e8re Hudson se jette dans l&#8217;oc\u00e9an Atlantique. Au centre, on trouve Manhattan, un quartier dens\u00e9ment peupl\u00e9 c\u00e9l\u00e8bre pour ses centres commerciaux, financiers et culturels.<\/p>\n<p>Au cours de cette visite priv\u00e9e du meilleur de New York, vous pourrez visiter tous les monuments et lieux importants de la ville. Si vous pr\u00e9f\u00e9rez, nous pouvons inclure un billet d&#8217;entr\u00e9e \u00e0 n&#8217;importe quel mus\u00e9e ou lieu que vous souhaitez visiter.<\/p>\n<p>Si vous \u00eates pr\u00eat \u00e0 vivre une vraie aventure, jetez un \u0153il \u00e0 notre excursion priv\u00e9e d&#8217;une journ\u00e9e \u00e0 Boston au d\u00e9part de New York.<\/p>\n<h2>Points d&#8217;int\u00e9r\u00eat et points de rep\u00e8re<\/h2>\n<p>Votre premier contact avec Tour Travel &amp; More se fera \u00e0 l&#8217;endroit de votre choix \u00e0 New York \u00e0 l&#8217;heure souhait\u00e9e. Au cours de votre visite de 4 ou 8 heures, vous d\u00e9couvrirez certains des sites les plus embl\u00e9matiques de New York.<\/p>\n<p>Explorez l&#8217;une des rues les plus c\u00e9l\u00e8bres du monde, longtemps associ\u00e9e \u00e0 la finance, et d\u00e9couvrez son \u00e9volution au cours des derniers si\u00e8cles. Promenez-vous dans le centre-ville de Manhatann et explorez plus de 400 ans d&#8217;histoire de New York. Traversez le pont de Brooklyn depuis Manhattan et ressentez le charme de Brooklyn Heights. Admirez ses maisons restaur\u00e9es et sa vue panoramique sur le Lower Manhattan. Rendez hommage \u00e0 toutes les victimes du 11 septembre en visitant Ground Zero et son \u00e9mouvant Memorial Museum.<\/p>\n<p>Enfin, la Statue de la Libert\u00e9, pr\u00e9parez-vous \u00e0 explorer ce cadeau historique de la France, devenu un symbole international d&#8217;espoir et de libert\u00e9.<\/p>\n<p>Nous vous proposons \u00e9galement de visiter, entre autres sites:<\/p>\n<ul>\n<li>Grand Central Terminal<\/li>\n<li>Le Chrysler Building<\/li>\n<li>L&#8217;Empire State Building: Vous ressentirez le vertige de la plus haute vue de Manhattan!<\/li>\n<li>Le Flatiron<\/li>\n<li>La ligne haute<\/li>\n<li>March\u00e9 de Chelsea<\/li>\n<li>Mus\u00e9e comm\u00e9moratif 911<\/li>\n<li>Wall Street<\/li>\n<li>Parc central<\/li>\n<li>Le taureau<\/li>\n<\/ul>\n<p>Au cours de cette visite priv\u00e9e du meilleur de New York, vous ferez \u00e9galement une halte pour le d\u00e9jeuner et d\u00e9gusterez un plat typiquement am\u00e9ricain. Si vous pr\u00e9f\u00e9rez, nous pouvons faire une r\u00e9servation pour vous dans un restaurant incroyable.<\/p>\n<p>\u00c0 la fin de la visite, votre chauffeur priv\u00e9 et votre guide officiel vous d\u00e9poseront \u00e0 votre h\u00f4tel ou lieu de votre choix \u00e0 New York.<\/p>\n","protected":false},"excerpt":{"rendered":"<p>D\u00e9couvrez la ville de New York \u00e0 votre rythme! Profitez d&#8217;une excursion priv\u00e9e d&#8217;une journ\u00e9e avec un guide agr\u00e9\u00e9 et \u00e0 l&#8217;aise dans votre v\u00e9hicule priv\u00e9. Saisissez cette occasion pour visiter le magnifique Grand Central Terminal, l&#8217;Empire State Building, la Statue de la Libert\u00e9 et bien d&#8217;autres sites fantastiques!<\/p>\n","protected":false},"featured_media":97066,"comment_status":"open","ping_status":"closed","template":"","meta":{"_acf_changed":false},"product_brand":[],"product_cat":[5417,5419,3547,3552],"product_tag":[],"class_list":{"0":"post-104888","1":"product","2":"type-product","3":"status-publish","4":"has-post-thumbnail","6":"product_cat-new-york-private-tours","7":"product_cat-private-sightseeing-tours-fr-40","8":"product_cat-etats-unis-fr","9":"product_cat-new-york-fr","11":"first","12":"instock","13":"shipping-taxable","14":"purchasable","15":"product-type-simple"},"acf":[],"yoast_head":"<!-- This site is optimized with the Yoast SEO Premium plugin v25.3.1 (Yoast SEO v25.3.1) - https:\/\/yoast.com\/wordpress\/plugins\/seo\/ -->\n<title>Visite priv\u00e9e du meilleur de New York avec chauffeur priv\u00e9 et guide local<\/title>\n<meta name=\"description\" content=\"Visite priv\u00e9e pour explorer la ville anim\u00e9e de New York, \u00e0 l&#039;aise dans un v\u00e9hicule de luxe priv\u00e9. Pr\u00e9parez-vous \u00e0 visiter tous les endroits incroyables de cette ville.\" \/>\n<meta name=\"robots\" content=\"index, follow, max-snippet:-1, max-image-preview:large, max-video-preview:-1\" \/>\n<link rel=\"canonical\" href=\"https:\/\/tourtravelandmore.com\/fr\/tours\/etats-unis-fr\/new-york-fr\/visite-privee-du-meilleur-de-new-york\/\" \/>\n<meta property=\"og:locale\" content=\"fr_FR\" \/>\n<meta property=\"og:type\" content=\"article\" \/>\n<meta property=\"og:title\" content=\"Visite priv\u00e9e du meilleur de New York\" \/>\n<meta property=\"og:description\" content=\"Visite priv\u00e9e pour explorer la ville anim\u00e9e de New York, \u00e0 l&#039;aise dans un v\u00e9hicule de luxe priv\u00e9. Pr\u00e9parez-vous \u00e0 visiter tous les endroits incroyables de cette ville.\" \/>\n<meta property=\"og:url\" content=\"https:\/\/tourtravelandmore.com\/fr\/tours\/etats-unis-fr\/new-york-fr\/visite-privee-du-meilleur-de-new-york\/\" \/>\n<meta property=\"og:site_name\" content=\"Tour Travel And More\" \/>\n<meta property=\"article:publisher\" content=\"https:\/\/www.facebook.com\/tourtravelandmore\/\" \/>\n<meta property=\"article:modified_time\" content=\"2021-03-30T09:32:29+00:00\" \/>\n<meta property=\"og:image\" content=\"https:\/\/tourtravelandmore.com\/wp-content\/uploads\/2020\/01\/n25.jpg\" \/>\n\t<meta property=\"og:image:width\" content=\"1024\" \/>\n\t<meta property=\"og:image:height\" content=\"691\" \/>\n\t<meta property=\"og:image:type\" content=\"image\/jpeg\" \/>\n<meta name=\"twitter:card\" content=\"summary_large_image\" \/>\n<meta name=\"twitter:site\" content=\"@TourTravel_More\" \/>\n<meta name=\"twitter:label1\" content=\"Dur\u00e9e de lecture estim\u00e9e\" \/>\n\t<meta name=\"twitter:data1\" content=\"2 minutes\" \/>\n<script type=\"application\/ld+json\" class=\"yoast-schema-graph\">{\"@context\":\"https:\/\/schema.org\",\"@graph\":[{\"@type\":\"WebPage\",\"@id\":\"https:\/\/tourtravelandmore.com\/fr\/tours\/etats-unis-fr\/new-york-fr\/visite-privee-du-meilleur-de-new-york\/\",\"url\":\"https:\/\/tourtravelandmore.com\/fr\/tours\/etats-unis-fr\/new-york-fr\/visite-privee-du-meilleur-de-new-york\/\",\"name\":\"Visite priv\u00e9e du meilleur de New York avec chauffeur priv\u00e9 et guide local\",\"isPartOf\":{\"@id\":\"https:\/\/tourtravelandmore.com\/fr\/#website\"},\"primaryImageOfPage\":{\"@id\":\"https:\/\/tourtravelandmore.com\/fr\/tours\/etats-unis-fr\/new-york-fr\/visite-privee-du-meilleur-de-new-york\/#primaryimage\"},\"image\":{\"@id\":\"https:\/\/tourtravelandmore.com\/fr\/tours\/etats-unis-fr\/new-york-fr\/visite-privee-du-meilleur-de-new-york\/#primaryimage\"},\"thumbnailUrl\":\"https:\/\/tourtravelandmore.com\/wp-content\/uploads\/2020\/01\/n25.jpg\",\"datePublished\":\"2020-01-21T11:02:59+00:00\",\"dateModified\":\"2021-03-30T09:32:29+00:00\",\"description\":\"Visite priv\u00e9e pour explorer la ville anim\u00e9e de New York, \u00e0 l'aise dans un v\u00e9hicule de luxe priv\u00e9. Pr\u00e9parez-vous \u00e0 visiter tous les endroits incroyables de cette ville.\",\"breadcrumb\":{\"@id\":\"https:\/\/tourtravelandmore.com\/fr\/tours\/etats-unis-fr\/new-york-fr\/visite-privee-du-meilleur-de-new-york\/#breadcrumb\"},\"inLanguage\":\"fr-FR\",\"potentialAction\":[{\"@type\":\"ReadAction\",\"target\":[\"https:\/\/tourtravelandmore.com\/fr\/tours\/etats-unis-fr\/new-york-fr\/visite-privee-du-meilleur-de-new-york\/\"]}]},{\"@type\":\"ImageObject\",\"inLanguage\":\"fr-FR\",\"@id\":\"https:\/\/tourtravelandmore.com\/fr\/tours\/etats-unis-fr\/new-york-fr\/visite-privee-du-meilleur-de-new-york\/#primaryimage\",\"url\":\"https:\/\/tourtravelandmore.com\/wp-content\/uploads\/2020\/01\/n25.jpg\",\"contentUrl\":\"https:\/\/tourtravelandmore.com\/wp-content\/uploads\/2020\/01\/n25.jpg\",\"width\":1024,\"height\":691,\"caption\":\"New York Brooklyn Bridge, circa 1995. Towards downtown, twin towers of World Trade Center could be seen amid the fog -- a tribute to Kodachrome colors.\"},{\"@type\":\"BreadcrumbList\",\"@id\":\"https:\/\/tourtravelandmore.com\/fr\/tours\/etats-unis-fr\/new-york-fr\/visite-privee-du-meilleur-de-new-york\/#breadcrumb\",\"itemListElement\":[{\"@type\":\"ListItem\",\"position\":1,\"name\":\"Home\",\"item\":\"https:\/\/tourtravelandmore.com\/fr\/\"},{\"@type\":\"ListItem\",\"position\":2,\"name\":\"Tours\",\"item\":\"https:\/\/tourtravelandmore.com\/fr\/tours\/\"},{\"@type\":\"ListItem\",\"position\":3,\"name\":\"Visite priv\u00e9e du meilleur de New York\"}]},{\"@type\":\"WebSite\",\"@id\":\"https:\/\/tourtravelandmore.com\/fr\/#website\",\"url\":\"https:\/\/tourtravelandmore.com\/fr\/\",\"name\":\"Tour Travel And More\",\"description\":\"Private sightseeing tours and luxury transfers in Spain\",\"publisher\":{\"@id\":\"https:\/\/tourtravelandmore.com\/fr\/#organization\"},\"potentialAction\":[{\"@type\":\"SearchAction\",\"target\":{\"@type\":\"EntryPoint\",\"urlTemplate\":\"https:\/\/tourtravelandmore.com\/fr\/?s={search_term_string}\"},\"query-input\":{\"@type\":\"PropertyValueSpecification\",\"valueRequired\":true,\"valueName\":\"search_term_string\"}}],\"inLanguage\":\"fr-FR\"},{\"@type\":\"Organization\",\"@id\":\"https:\/\/tourtravelandmore.com\/fr\/#organization\",\"name\":\"Tour Travel And More\",\"url\":\"https:\/\/tourtravelandmore.com\/fr\/\",\"logo\":{\"@type\":\"ImageObject\",\"inLanguage\":\"fr-FR\",\"@id\":\"https:\/\/tourtravelandmore.com\/fr\/#\/schema\/logo\/image\/\",\"url\":\"https:\/\/tourtravelandmore.com\/wp-content\/uploads\/2022\/12\/cropped-logo-cabecera-new.png\",\"contentUrl\":\"https:\/\/tourtravelandmore.com\/wp-content\/uploads\/2022\/12\/cropped-logo-cabecera-new.png\",\"width\":430,\"height\":61,\"caption\":\"Tour Travel And More\"},\"image\":{\"@id\":\"https:\/\/tourtravelandmore.com\/fr\/#\/schema\/logo\/image\/\"},\"sameAs\":[\"https:\/\/www.facebook.com\/tourtravelandmore\/\",\"https:\/\/x.com\/TourTravel_More\"]}]}<\/script>\n<!-- \/ Yoast SEO Premium plugin. -->","yoast_head_json":{"title":"Visite priv\u00e9e du meilleur de New York avec chauffeur priv\u00e9 et guide local","description":"Visite priv\u00e9e pour explorer la ville anim\u00e9e de New York, \u00e0 l'aise dans un v\u00e9hicule de luxe priv\u00e9. Pr\u00e9parez-vous \u00e0 visiter tous les endroits incroyables de cette ville.","robots":{"index":"index","follow":"follow","max-snippet":"max-snippet:-1","max-image-preview":"max-image-preview:large","max-video-preview":"max-video-preview:-1"},"canonical":"https:\/\/tourtravelandmore.com\/fr\/tours\/etats-unis-fr\/new-york-fr\/visite-privee-du-meilleur-de-new-york\/","og_locale":"fr_FR","og_type":"article","og_title":"Visite priv\u00e9e du meilleur de New York","og_description":"Visite priv\u00e9e pour explorer la ville anim\u00e9e de New York, \u00e0 l'aise dans un v\u00e9hicule de luxe priv\u00e9. Pr\u00e9parez-vous \u00e0 visiter tous les endroits incroyables de cette ville.","og_url":"https:\/\/tourtravelandmore.com\/fr\/tours\/etats-unis-fr\/new-york-fr\/visite-privee-du-meilleur-de-new-york\/","og_site_name":"Tour Travel And More","article_publisher":"https:\/\/www.facebook.com\/tourtravelandmore\/","article_modified_time":"2021-03-30T09:32:29+00:00","og_image":[{"width":1024,"height":691,"url":"https:\/\/tourtravelandmore.com\/wp-content\/uploads\/2020\/01\/n25.jpg","type":"image\/jpeg"}],"twitter_card":"summary_large_image","twitter_site":"@TourTravel_More","twitter_misc":{"Dur\u00e9e de lecture estim\u00e9e":"2 minutes"},"schema":{"@context":"https:\/\/schema.org","@graph":[{"@type":"WebPage","@id":"https:\/\/tourtravelandmore.com\/fr\/tours\/etats-unis-fr\/new-york-fr\/visite-privee-du-meilleur-de-new-york\/","url":"https:\/\/tourtravelandmore.com\/fr\/tours\/etats-unis-fr\/new-york-fr\/visite-privee-du-meilleur-de-new-york\/","name":"Visite priv\u00e9e du meilleur de New York avec chauffeur priv\u00e9 et guide local","isPartOf":{"@id":"https:\/\/tourtravelandmore.com\/fr\/#website"},"primaryImageOfPage":{"@id":"https:\/\/tourtravelandmore.com\/fr\/tours\/etats-unis-fr\/new-york-fr\/visite-privee-du-meilleur-de-new-york\/#primaryimage"},"image":{"@id":"https:\/\/tourtravelandmore.com\/fr\/tours\/etats-unis-fr\/new-york-fr\/visite-privee-du-meilleur-de-new-york\/#primaryimage"},"thumbnailUrl":"https:\/\/tourtravelandmore.com\/wp-content\/uploads\/2020\/01\/n25.jpg","datePublished":"2020-01-21T11:02:59+00:00","dateModified":"2021-03-30T09:32:29+00:00","description":"Visite priv\u00e9e pour explorer la ville anim\u00e9e de New York, \u00e0 l'aise dans un v\u00e9hicule de luxe priv\u00e9. Pr\u00e9parez-vous \u00e0 visiter tous les endroits incroyables de cette ville.","breadcrumb":{"@id":"https:\/\/tourtravelandmore.com\/fr\/tours\/etats-unis-fr\/new-york-fr\/visite-privee-du-meilleur-de-new-york\/#breadcrumb"},"inLanguage":"fr-FR","potentialAction":[{"@type":"ReadAction","target":["https:\/\/tourtravelandmore.com\/fr\/tours\/etats-unis-fr\/new-york-fr\/visite-privee-du-meilleur-de-new-york\/"]}]},{"@type":"ImageObject","inLanguage":"fr-FR","@id":"https:\/\/tourtravelandmore.com\/fr\/tours\/etats-unis-fr\/new-york-fr\/visite-privee-du-meilleur-de-new-york\/#primaryimage","url":"https:\/\/tourtravelandmore.com\/wp-content\/uploads\/2020\/01\/n25.jpg","contentUrl":"https:\/\/tourtravelandmore.com\/wp-content\/uploads\/2020\/01\/n25.jpg","width":1024,"height":691,"caption":"New York Brooklyn Bridge, circa 1995. Towards downtown, twin towers of World Trade Center could be seen amid the fog -- a tribute to Kodachrome colors."},{"@type":"BreadcrumbList","@id":"https:\/\/tourtravelandmore.com\/fr\/tours\/etats-unis-fr\/new-york-fr\/visite-privee-du-meilleur-de-new-york\/#breadcrumb","itemListElement":[{"@type":"ListItem","position":1,"name":"Home","item":"https:\/\/tourtravelandmore.com\/fr\/"},{"@type":"ListItem","position":2,"name":"Tours","item":"https:\/\/tourtravelandmore.com\/fr\/tours\/"},{"@type":"ListItem","position":3,"name":"Visite priv\u00e9e du meilleur de New York"}]},{"@type":"WebSite","@id":"https:\/\/tourtravelandmore.com\/fr\/#website","url":"https:\/\/tourtravelandmore.com\/fr\/","name":"Tour Travel And More","description":"Private sightseeing tours and luxury transfers in Spain","publisher":{"@id":"https:\/\/tourtravelandmore.com\/fr\/#organization"},"potentialAction":[{"@type":"SearchAction","target":{"@type":"EntryPoint","urlTemplate":"https:\/\/tourtravelandmore.com\/fr\/?s={search_term_string}"},"query-input":{"@type":"PropertyValueSpecification","valueRequired":true,"valueName":"search_term_string"}}],"inLanguage":"fr-FR"},{"@type":"Organization","@id":"https:\/\/tourtravelandmore.com\/fr\/#organization","name":"Tour Travel And More","url":"https:\/\/tourtravelandmore.com\/fr\/","logo":{"@type":"ImageObject","inLanguage":"fr-FR","@id":"https:\/\/tourtravelandmore.com\/fr\/#\/schema\/logo\/image\/","url":"https:\/\/tourtravelandmore.com\/wp-content\/uploads\/2022\/12\/cropped-logo-cabecera-new.png","contentUrl":"https:\/\/tourtravelandmore.com\/wp-content\/uploads\/2022\/12\/cropped-logo-cabecera-new.png","width":430,"height":61,"caption":"Tour Travel And More"},"image":{"@id":"https:\/\/tourtravelandmore.com\/fr\/#\/schema\/logo\/image\/"},"sameAs":["https:\/\/www.facebook.com\/tourtravelandmore\/","https:\/\/x.com\/TourTravel_More"]}]}},"_links":{"self":[{"href":"https:\/\/tourtravelandmore.com\/fr\/wp-json\/wp\/v2\/product\/104888","targetHints":{"allow":["GET"]}}],"collection":[{"href":"https:\/\/tourtravelandmore.com\/fr\/wp-json\/wp\/v2\/product"}],"about":[{"href":"https:\/\/tourtravelandmore.com\/fr\/wp-json\/wp\/v2\/types\/product"}],"replies":[{"embeddable":true,"href":"https:\/\/tourtravelandmore.com\/fr\/wp-json\/wp\/v2\/comments?post=104888"}],"wp:featuredmedia":[{"embeddable":true,"href":"https:\/\/tourtravelandmore.com\/fr\/wp-json\/wp\/v2\/media\/97066"}],"wp:attachment":[{"href":"https:\/\/tourtravelandmore.com\/fr\/wp-json\/wp\/v2\/media?parent=104888"}],"wp:term":[{"taxonomy":"product_brand","embeddable":true,"href":"https:\/\/tourtravelandmore.com\/fr\/wp-json\/wp\/v2\/product_brand?post=104888"},{"taxonomy":"product_cat","embeddable":true,"href":"https:\/\/tourtravelandmore.com\/fr\/wp-json\/wp\/v2\/product_cat?post=104888"},{"taxonomy":"product_tag","embeddable":true,"href":"https:\/\/tourtravelandmore.com\/fr\/wp-json\/wp\/v2\/product_tag?post=104888"}],"curies":[{"name":"wp","href":"https:\/\/api.w.org\/{rel}","templated":true}]}}