{"id":104883,"date":"2020-01-15T13:09:30","date_gmt":"2020-01-15T12:09:30","guid":{"rendered":"https:\/\/tourtravelandmore.com\/tours\/non%20class\u00e9\/visite-privee-de-central-park\/"},"modified":"2024-07-29T18:41:14","modified_gmt":"2024-07-29T16:41:14","slug":"visite-privee-de-central-park","status":"publish","type":"product","link":"https:\/\/tourtravelandmore.com\/fr\/tours\/etats-unis-fr\/new-york-fr\/visite-privee-de-central-park\/","title":{"rendered":"Visite priv\u00e9e de Midtown Manhattan et Central Park"},"content":{"rendered":"<h2><strong>Description de la visite priv\u00e9e<\/strong><\/h2>\n<p><strong>Central Park<\/strong> est un parc urbain situ\u00e9 dans le district de <strong>Manhattan<\/strong> et le parc le plus c\u00e9l\u00e8bre de New York. Venez avec nous pour cette <strong>visite priv\u00e9e de Central Park<\/strong> en compagnie d&#8217;un <strong>guide officiel priv\u00e9<\/strong>. Saisissez l&#8217;occasion de vous promener dans cet espace vert unique et fantastique situ\u00e9 au milieu de la Grosse Pomme.<\/p>\n<p>La visite commencera \u00e0 l&#8217;entr\u00e9e du parc, mais en cas de besoin, nous pouvons venir vous chercher \u00e0 votre h\u00f4tel ou \u00e0 l&#8217;endroit de votre choix \u00e0 <b>New York.<\/b> Nous pouvons inclure un simple transfert ou m\u00eame la mise \u00e0 disposition d&#8217;un v\u00e9hicule priv\u00e9 pendant vos visites. L&#8217;\u00e9quipe de<strong>Tour Travel and More<\/strong> vous aidera \u00e0 concevoir votre circuit de la meilleure fa\u00e7on possible, en fonction de vos int\u00e9r\u00eats et de vos go\u00fbts.<\/p>\n<p>Le <strong>quartier<\/strong> anim\u00e9 de <strong>Midtown Manhattan<\/strong> abrite des attractions embl\u00e9matiques, telles que Times Square et le Museum of Modern Art, et des monuments architecturaux, tels que le Chrysler Building, le Grand Central Terminal, le Flatiron Building et l&#8217;Empire State Building. Des concerts sont organis\u00e9s au Radio City Music Hall, situ\u00e9 au Rockefeller Center, ou au Madison Square Garden, si\u00e8ge des New York Knicks et des New York Rangers.<\/p>\n<p><strong>Central Park<\/strong> est un endroit o\u00f9 les gens vont se reposer, lire, faire du sport ou simplement se promener et respirer de l&#8217;air frais. C&#8217;est un endroit que vous ne devez absolument pas manquer lors de vos journ\u00e9es \u00e0 New York. Gr\u00e2ce \u00e0 notre visite priv\u00e9e de Central Park, vous pourrez visiter chaque recoin de cet immense parc unique en son genre en compagnie d&#8217;un guide professionnel.<\/p>\n<p>Nous avons de nombreuses options de visites priv\u00e9es et de transferts depuis et vers New York, jetez un coup d&#8217;\u0153il \u00e0 notre <a href=\"\u00ab\">liste de produits priv\u00e9s<\/a>.<\/p>\n<h2><strong>Points d&#8217;int\u00e9r\u00eat et monuments<\/strong><\/h2>\n<p>Tout d&#8217;abord, vous rencontrerez votre guide officiel priv\u00e9 \u00e0 l&#8217;une des entr\u00e9es de Central Park \u00e0 l&#8217;heure souhait\u00e9e. Au cours de votre visite priv\u00e9e, vous d\u00e9couvrirez certains des sites les plus embl\u00e9matiques de <a href=\"\u00ab\">Central Park<\/a> avec votre expert local.<\/p>\n<p>Ce parc est le cinqui\u00e8me plus grand parc de New York, avec une superficie de 3,41 km2, et c&#8217;est le parc urbain le plus visit\u00e9 des \u00c9tats-Unis. Ouvert au public en 1858, ce parc historique est l&#8217;un des lieux les plus film\u00e9s au monde.<\/p>\n<p>Prenez une bouff\u00e9e d&#8217;air de la ville et pr\u00e9parez-vous \u00e0 explorer le fantastique Central Park. Une fois la visite commenc\u00e9e, nous vous proposons de visiter, entre autres, les sites suivants<\/p>\n<ul>\n<li><strong>le ch\u00e2teau du Belv\u00e9d\u00e8re<\/strong><\/li>\n<li><strong>Patinoire Wollman<\/strong><\/li>\n<li><strong>Pont de Gapstow<\/strong><\/li>\n<li><strong>Jardin conservatoire<\/strong><\/li>\n<li><strong>Hangar \u00e0 bateaux Loeb<\/strong><\/li>\n<li><strong>Aiguilles de Cl\u00e9op\u00e2tre<\/strong><\/li>\n<li><strong>M\u00e9morial des champs de fraises<\/strong><\/li>\n<li><strong>Grande pelouse et \u00e9tang des tortues<\/strong><\/li>\n<\/ul>\n<p>Si vous pr\u00e9f\u00e9rez, nous pouvons \u00e9galement ajouter plus d&#8217;heures \u00e0 votre exp\u00e9rience et effectuer une visite de Highlights of NYC. Il s&#8217;agit d&#8217;une visite priv\u00e9e et personnalis\u00e9e juste pour vous et votre groupe.<\/p>\n<p>Enfin, votre guide officiel priv\u00e9 vous d\u00e9posera \u00e0 l&#8217;une des entr\u00e9es de Central Park.<\/p>\n","protected":false},"excerpt":{"rendered":"<p>Explorez l&#8217;embl\u00e9matique Central Park \u00e0 c\u00f4t\u00e9 d&#8217;un guide local agr\u00e9\u00e9. Visitez l&#8217;espace vert de 843 acres et d\u00e9couvrez ses prairies, ses for\u00eats, ses lacs, ses monuments et son architecture spectaculaire.<\/p>\n","protected":false},"featured_media":97023,"comment_status":"open","ping_status":"closed","template":"","meta":{"_acf_changed":false},"product_brand":[],"product_cat":[5417,5419,3547,3552],"product_tag":[],"class_list":{"0":"post-104883","1":"product","2":"type-product","3":"status-publish","4":"has-post-thumbnail","6":"product_cat-new-york-private-tours","7":"product_cat-private-sightseeing-tours-fr-40","8":"product_cat-etats-unis-fr","9":"product_cat-new-york-fr","11":"first","12":"instock","13":"shipping-taxable","14":"purchasable","15":"product-type-simple"},"acf":[],"yoast_head":"<!-- This site is optimized with the Yoast SEO Premium plugin v25.3.1 (Yoast SEO v25.3.1) - https:\/\/yoast.com\/wordpress\/plugins\/seo\/ -->\n<title>Visite priv\u00e9e de Central Park de New York avec un guide local<\/title>\n<meta name=\"description\" content=\"Visite priv\u00e9e pour explorer l&#039;un des plus grands parcs de New York, sa v\u00e9g\u00e9tation abondante, ses lacs incroyables, ses monuments historiques et bien plus encore.\" \/>\n<meta name=\"robots\" content=\"index, follow, max-snippet:-1, max-image-preview:large, max-video-preview:-1\" \/>\n<link rel=\"canonical\" href=\"https:\/\/tourtravelandmore.com\/fr\/tours\/etats-unis-fr\/new-york-fr\/visite-privee-de-central-park\/\" \/>\n<meta property=\"og:locale\" content=\"fr_FR\" \/>\n<meta property=\"og:type\" content=\"article\" \/>\n<meta property=\"og:title\" content=\"Visite priv\u00e9e de Midtown Manhattan et Central Park\" \/>\n<meta property=\"og:description\" content=\"Visite priv\u00e9e pour explorer l&#039;un des plus grands parcs de New York, sa v\u00e9g\u00e9tation abondante, ses lacs incroyables, ses monuments historiques et bien plus encore.\" \/>\n<meta property=\"og:url\" content=\"https:\/\/tourtravelandmore.com\/fr\/tours\/etats-unis-fr\/new-york-fr\/visite-privee-de-central-park\/\" \/>\n<meta property=\"og:site_name\" content=\"Tour Travel And More\" \/>\n<meta property=\"article:publisher\" content=\"https:\/\/www.facebook.com\/tourtravelandmore\/\" \/>\n<meta property=\"article:modified_time\" content=\"2024-07-29T16:41:14+00:00\" \/>\n<meta property=\"og:image\" content=\"https:\/\/tourtravelandmore.com\/wp-content\/uploads\/2020\/01\/n21.jpg\" \/>\n\t<meta property=\"og:image:width\" content=\"1280\" \/>\n\t<meta property=\"og:image:height\" content=\"850\" \/>\n\t<meta property=\"og:image:type\" content=\"image\/jpeg\" \/>\n<meta name=\"twitter:card\" content=\"summary_large_image\" \/>\n<meta name=\"twitter:site\" content=\"@TourTravel_More\" \/>\n<meta name=\"twitter:label1\" content=\"Dur\u00e9e de lecture estim\u00e9e\" \/>\n\t<meta name=\"twitter:data1\" content=\"3 minutes\" \/>\n<script type=\"application\/ld+json\" class=\"yoast-schema-graph\">{\"@context\":\"https:\/\/schema.org\",\"@graph\":[{\"@type\":\"WebPage\",\"@id\":\"https:\/\/tourtravelandmore.com\/fr\/tours\/etats-unis-fr\/new-york-fr\/visite-privee-de-central-park\/\",\"url\":\"https:\/\/tourtravelandmore.com\/fr\/tours\/etats-unis-fr\/new-york-fr\/visite-privee-de-central-park\/\",\"name\":\"Visite priv\u00e9e de Central Park de New York avec un guide local\",\"isPartOf\":{\"@id\":\"https:\/\/tourtravelandmore.com\/fr\/#website\"},\"primaryImageOfPage\":{\"@id\":\"https:\/\/tourtravelandmore.com\/fr\/tours\/etats-unis-fr\/new-york-fr\/visite-privee-de-central-park\/#primaryimage\"},\"image\":{\"@id\":\"https:\/\/tourtravelandmore.com\/fr\/tours\/etats-unis-fr\/new-york-fr\/visite-privee-de-central-park\/#primaryimage\"},\"thumbnailUrl\":\"https:\/\/tourtravelandmore.com\/wp-content\/uploads\/2020\/01\/n21.jpg\",\"datePublished\":\"2020-01-15T12:09:30+00:00\",\"dateModified\":\"2024-07-29T16:41:14+00:00\",\"description\":\"Visite priv\u00e9e pour explorer l'un des plus grands parcs de New York, sa v\u00e9g\u00e9tation abondante, ses lacs incroyables, ses monuments historiques et bien plus encore.\",\"breadcrumb\":{\"@id\":\"https:\/\/tourtravelandmore.com\/fr\/tours\/etats-unis-fr\/new-york-fr\/visite-privee-de-central-park\/#breadcrumb\"},\"inLanguage\":\"fr-FR\",\"potentialAction\":[{\"@type\":\"ReadAction\",\"target\":[\"https:\/\/tourtravelandmore.com\/fr\/tours\/etats-unis-fr\/new-york-fr\/visite-privee-de-central-park\/\"]}]},{\"@type\":\"ImageObject\",\"inLanguage\":\"fr-FR\",\"@id\":\"https:\/\/tourtravelandmore.com\/fr\/tours\/etats-unis-fr\/new-york-fr\/visite-privee-de-central-park\/#primaryimage\",\"url\":\"https:\/\/tourtravelandmore.com\/wp-content\/uploads\/2020\/01\/n21.jpg\",\"contentUrl\":\"https:\/\/tourtravelandmore.com\/wp-content\/uploads\/2020\/01\/n21.jpg\",\"width\":1280,\"height\":850},{\"@type\":\"BreadcrumbList\",\"@id\":\"https:\/\/tourtravelandmore.com\/fr\/tours\/etats-unis-fr\/new-york-fr\/visite-privee-de-central-park\/#breadcrumb\",\"itemListElement\":[{\"@type\":\"ListItem\",\"position\":1,\"name\":\"Home\",\"item\":\"https:\/\/tourtravelandmore.com\/fr\/\"},{\"@type\":\"ListItem\",\"position\":2,\"name\":\"Tours\",\"item\":\"https:\/\/tourtravelandmore.com\/fr\/tours\/\"},{\"@type\":\"ListItem\",\"position\":3,\"name\":\"Visite priv\u00e9e de Midtown Manhattan et Central Park\"}]},{\"@type\":\"WebSite\",\"@id\":\"https:\/\/tourtravelandmore.com\/fr\/#website\",\"url\":\"https:\/\/tourtravelandmore.com\/fr\/\",\"name\":\"Tour Travel And More\",\"description\":\"Private sightseeing tours and luxury transfers in Spain\",\"publisher\":{\"@id\":\"https:\/\/tourtravelandmore.com\/fr\/#organization\"},\"potentialAction\":[{\"@type\":\"SearchAction\",\"target\":{\"@type\":\"EntryPoint\",\"urlTemplate\":\"https:\/\/tourtravelandmore.com\/fr\/?s={search_term_string}\"},\"query-input\":{\"@type\":\"PropertyValueSpecification\",\"valueRequired\":true,\"valueName\":\"search_term_string\"}}],\"inLanguage\":\"fr-FR\"},{\"@type\":\"Organization\",\"@id\":\"https:\/\/tourtravelandmore.com\/fr\/#organization\",\"name\":\"Tour Travel And More\",\"url\":\"https:\/\/tourtravelandmore.com\/fr\/\",\"logo\":{\"@type\":\"ImageObject\",\"inLanguage\":\"fr-FR\",\"@id\":\"https:\/\/tourtravelandmore.com\/fr\/#\/schema\/logo\/image\/\",\"url\":\"https:\/\/tourtravelandmore.com\/wp-content\/uploads\/2022\/12\/cropped-logo-cabecera-new.png\",\"contentUrl\":\"https:\/\/tourtravelandmore.com\/wp-content\/uploads\/2022\/12\/cropped-logo-cabecera-new.png\",\"width\":430,\"height\":61,\"caption\":\"Tour Travel And More\"},\"image\":{\"@id\":\"https:\/\/tourtravelandmore.com\/fr\/#\/schema\/logo\/image\/\"},\"sameAs\":[\"https:\/\/www.facebook.com\/tourtravelandmore\/\",\"https:\/\/x.com\/TourTravel_More\"]}]}<\/script>\n<!-- \/ Yoast SEO Premium plugin. -->","yoast_head_json":{"title":"Visite priv\u00e9e de Central Park de New York avec un guide local","description":"Visite priv\u00e9e pour explorer l'un des plus grands parcs de New York, sa v\u00e9g\u00e9tation abondante, ses lacs incroyables, ses monuments historiques et bien plus encore.","robots":{"index":"index","follow":"follow","max-snippet":"max-snippet:-1","max-image-preview":"max-image-preview:large","max-video-preview":"max-video-preview:-1"},"canonical":"https:\/\/tourtravelandmore.com\/fr\/tours\/etats-unis-fr\/new-york-fr\/visite-privee-de-central-park\/","og_locale":"fr_FR","og_type":"article","og_title":"Visite priv\u00e9e de Midtown Manhattan et Central Park","og_description":"Visite priv\u00e9e pour explorer l'un des plus grands parcs de New York, sa v\u00e9g\u00e9tation abondante, ses lacs incroyables, ses monuments historiques et bien plus encore.","og_url":"https:\/\/tourtravelandmore.com\/fr\/tours\/etats-unis-fr\/new-york-fr\/visite-privee-de-central-park\/","og_site_name":"Tour Travel And More","article_publisher":"https:\/\/www.facebook.com\/tourtravelandmore\/","article_modified_time":"2024-07-29T16:41:14+00:00","og_image":[{"width":1280,"height":850,"url":"https:\/\/tourtravelandmore.com\/wp-content\/uploads\/2020\/01\/n21.jpg","type":"image\/jpeg"}],"twitter_card":"summary_large_image","twitter_site":"@TourTravel_More","twitter_misc":{"Dur\u00e9e de lecture estim\u00e9e":"3 minutes"},"schema":{"@context":"https:\/\/schema.org","@graph":[{"@type":"WebPage","@id":"https:\/\/tourtravelandmore.com\/fr\/tours\/etats-unis-fr\/new-york-fr\/visite-privee-de-central-park\/","url":"https:\/\/tourtravelandmore.com\/fr\/tours\/etats-unis-fr\/new-york-fr\/visite-privee-de-central-park\/","name":"Visite priv\u00e9e de Central Park de New York avec un guide local","isPartOf":{"@id":"https:\/\/tourtravelandmore.com\/fr\/#website"},"primaryImageOfPage":{"@id":"https:\/\/tourtravelandmore.com\/fr\/tours\/etats-unis-fr\/new-york-fr\/visite-privee-de-central-park\/#primaryimage"},"image":{"@id":"https:\/\/tourtravelandmore.com\/fr\/tours\/etats-unis-fr\/new-york-fr\/visite-privee-de-central-park\/#primaryimage"},"thumbnailUrl":"https:\/\/tourtravelandmore.com\/wp-content\/uploads\/2020\/01\/n21.jpg","datePublished":"2020-01-15T12:09:30+00:00","dateModified":"2024-07-29T16:41:14+00:00","description":"Visite priv\u00e9e pour explorer l'un des plus grands parcs de New York, sa v\u00e9g\u00e9tation abondante, ses lacs incroyables, ses monuments historiques et bien plus encore.","breadcrumb":{"@id":"https:\/\/tourtravelandmore.com\/fr\/tours\/etats-unis-fr\/new-york-fr\/visite-privee-de-central-park\/#breadcrumb"},"inLanguage":"fr-FR","potentialAction":[{"@type":"ReadAction","target":["https:\/\/tourtravelandmore.com\/fr\/tours\/etats-unis-fr\/new-york-fr\/visite-privee-de-central-park\/"]}]},{"@type":"ImageObject","inLanguage":"fr-FR","@id":"https:\/\/tourtravelandmore.com\/fr\/tours\/etats-unis-fr\/new-york-fr\/visite-privee-de-central-park\/#primaryimage","url":"https:\/\/tourtravelandmore.com\/wp-content\/uploads\/2020\/01\/n21.jpg","contentUrl":"https:\/\/tourtravelandmore.com\/wp-content\/uploads\/2020\/01\/n21.jpg","width":1280,"height":850},{"@type":"BreadcrumbList","@id":"https:\/\/tourtravelandmore.com\/fr\/tours\/etats-unis-fr\/new-york-fr\/visite-privee-de-central-park\/#breadcrumb","itemListElement":[{"@type":"ListItem","position":1,"name":"Home","item":"https:\/\/tourtravelandmore.com\/fr\/"},{"@type":"ListItem","position":2,"name":"Tours","item":"https:\/\/tourtravelandmore.com\/fr\/tours\/"},{"@type":"ListItem","position":3,"name":"Visite priv\u00e9e de Midtown Manhattan et Central Park"}]},{"@type":"WebSite","@id":"https:\/\/tourtravelandmore.com\/fr\/#website","url":"https:\/\/tourtravelandmore.com\/fr\/","name":"Tour Travel And More","description":"Private sightseeing tours and luxury transfers in Spain","publisher":{"@id":"https:\/\/tourtravelandmore.com\/fr\/#organization"},"potentialAction":[{"@type":"SearchAction","target":{"@type":"EntryPoint","urlTemplate":"https:\/\/tourtravelandmore.com\/fr\/?s={search_term_string}"},"query-input":{"@type":"PropertyValueSpecification","valueRequired":true,"valueName":"search_term_string"}}],"inLanguage":"fr-FR"},{"@type":"Organization","@id":"https:\/\/tourtravelandmore.com\/fr\/#organization","name":"Tour Travel And More","url":"https:\/\/tourtravelandmore.com\/fr\/","logo":{"@type":"ImageObject","inLanguage":"fr-FR","@id":"https:\/\/tourtravelandmore.com\/fr\/#\/schema\/logo\/image\/","url":"https:\/\/tourtravelandmore.com\/wp-content\/uploads\/2022\/12\/cropped-logo-cabecera-new.png","contentUrl":"https:\/\/tourtravelandmore.com\/wp-content\/uploads\/2022\/12\/cropped-logo-cabecera-new.png","width":430,"height":61,"caption":"Tour Travel And More"},"image":{"@id":"https:\/\/tourtravelandmore.com\/fr\/#\/schema\/logo\/image\/"},"sameAs":["https:\/\/www.facebook.com\/tourtravelandmore\/","https:\/\/x.com\/TourTravel_More"]}]}},"_links":{"self":[{"href":"https:\/\/tourtravelandmore.com\/fr\/wp-json\/wp\/v2\/product\/104883","targetHints":{"allow":["GET"]}}],"collection":[{"href":"https:\/\/tourtravelandmore.com\/fr\/wp-json\/wp\/v2\/product"}],"about":[{"href":"https:\/\/tourtravelandmore.com\/fr\/wp-json\/wp\/v2\/types\/product"}],"replies":[{"embeddable":true,"href":"https:\/\/tourtravelandmore.com\/fr\/wp-json\/wp\/v2\/comments?post=104883"}],"wp:featuredmedia":[{"embeddable":true,"href":"https:\/\/tourtravelandmore.com\/fr\/wp-json\/wp\/v2\/media\/97023"}],"wp:attachment":[{"href":"https:\/\/tourtravelandmore.com\/fr\/wp-json\/wp\/v2\/media?parent=104883"}],"wp:term":[{"taxonomy":"product_brand","embeddable":true,"href":"https:\/\/tourtravelandmore.com\/fr\/wp-json\/wp\/v2\/product_brand?post=104883"},{"taxonomy":"product_cat","embeddable":true,"href":"https:\/\/tourtravelandmore.com\/fr\/wp-json\/wp\/v2\/product_cat?post=104883"},{"taxonomy":"product_tag","embeddable":true,"href":"https:\/\/tourtravelandmore.com\/fr\/wp-json\/wp\/v2\/product_tag?post=104883"}],"curies":[{"name":"wp","href":"https:\/\/api.w.org\/{rel}","templated":true}]}}