{"id":104874,"date":"2020-01-15T11:11:55","date_gmt":"2020-01-15T10:11:55","guid":{"rendered":"https:\/\/tourtravelandmore.com\/tours\/non%20class\u00e9\/visite-privee-du-centre-ville-historique-et-du-memorial-du-11-septembre\/"},"modified":"2024-08-07T17:54:58","modified_gmt":"2024-08-07T15:54:58","slug":"visite-privee-du-centre-ville-historique-et-du-memorial-du-11-septembre","status":"publish","type":"product","link":"https:\/\/tourtravelandmore.com\/fr\/tours\/etats-unis-fr\/new-york-fr\/visite-privee-du-centre-ville-historique-et-du-memorial-du-11-septembre\/","title":{"rendered":"Visite priv\u00e9e \u00e0 pied : 911 Ground Zero et le centre de Manhattan"},"content":{"rendered":"<h2><b><strong>Description de la visite<\/strong><\/b><\/h2>\n<p>Embarquez pour un voyage inoubliable \u00e0 travers l&#8217;une des zones les plus importantes de l&#8217;histoire moderne avec notre visite priv\u00e9e \u00e0 pied de <b><strong>911 Ground Zero<\/strong><\/b> et du <b><strong>centre de Manhattan<\/strong><\/b>. Cette visite de <b><strong>4 heures<\/strong><\/b> offre une exp\u00e9rience immersive qui allie la r\u00e9flexion solennelle \u00e0 l&#8217;\u00e9nergie vibrante de l&#8217;un des quartiers les plus dynamiques de New York.<\/p>\n<p>La visite commencera au Meeting point: In front of St. Paul\u00b4s Chapel, \u00e0 distance de marche. En cas de besoin, nous pouvons venir vous chercher \u00e0 votre h\u00f4tel ou \u00e0 l&#8217;endroit de votre choix \u00e0 <b>New York<\/b>. Nous pouvons vous fournir un transfert priv\u00e9 ou m\u00eame une mise \u00e0 disposition de v\u00e9hicule.<\/p>\n<p>Le <a href=\"\u00ab\">9\/11 <\/a>Ground Zero est situ\u00e9 dans le sud de Manhattan<b><strong>.<\/strong><\/b> Il comm\u00e9more les victimes des attaques du 11 septembre et de l&#8217;attentat \u00e0 la bombe de 1993 contre le World Trade Center. C&#8217;est une exp\u00e9rience m\u00e9morable.<\/p>\n<p>Au cours de cette visite priv\u00e9e, vous visiterez \u00e9galement les lieux les plus importants du centre de Manhattan. Votre guide officiel priv\u00e9 est un professionnel qui conna\u00eet tr\u00e8s bien la ville et son histoire.<\/p>\n<h2><b><strong>Points d&#8217;int\u00e9r\u00eat et monuments<\/strong><\/b><\/h2>\n<p>En commen\u00e7ant par le site 911 Ground Zero, notre guide expert vous pr\u00e9sentera un r\u00e9cit \u00e9mouvant et instructif sur les \u00e9v\u00e9nements du 11 septembre 2001 et leur impact profond sur la ville et le monde. Vous visiterez la Memorial Plaza, o\u00f9 les empreintes des tours jumelles sont aujourd&#8217;hui de sereins bassins de r\u00e9flexion, et entendrez des r\u00e9cits sur l&#8217;h\u00e9ro\u00efsme, la r\u00e9silience et l&#8217;esprit remarquable des New-Yorkais.<\/p>\n<p>Ensuite, vous entrerez dans le mus\u00e9e du 911, o\u00f9 vous pourrez explorer les nombreuses expositions \u00e0 votre rythme. Le mus\u00e9e abrite une riche collection d&#8217;objets, d&#8217;histoires personnelles et de pr\u00e9sentations multim\u00e9dias qui permettent de comprendre la trag\u00e9die et ses cons\u00e9quences.<\/p>\n<p>Apr\u00e8s le mus\u00e9e, la visite se poursuit dans le centre de Manhattan. D\u00e9couvrez les merveilles historiques et architecturales qui font de ce quartier un microcosme de l&#8217;h\u00e9ritage diversifi\u00e9 de la ville de New York. Du quartier financier anim\u00e9 de Wall Street au charme colonial de Fraunces Tavern, notre guide vous fera partager des id\u00e9es et des anecdotes fascinantes qui donnent vie au pass\u00e9 et au pr\u00e9sent.<\/p>\n<p>Enfin, vous rendrez hommage \u00e0 toutes les victimes du 11 septembre en visitant <b><strong>Ground Zero<\/strong><\/b>. Une fois l&#8217;excursion commenc\u00e9e \u00e0 New York, nous vous proposons de visiter, entre autres, les sites suivants<\/p>\n<ul>\n<li><b><strong>Bowling Green<\/strong><\/b><\/li>\n<li><b><strong>Alexander Hamilton Customs House (maison de la douane)<\/strong><\/b><\/li>\n<li><b><strong>Taureau de charge (Taureau de Wall Street)<\/strong><\/b><\/li>\n<li><b><strong>Le carrousel SeaGlass \u00e0 The Battery<\/strong><\/b><\/li>\n<li><b><strong>\u00c9glise de la Trinit\u00e9<\/strong><\/b><\/li>\n<li><b><strong>Statue de la fille sans peur<\/strong><\/b><\/li>\n<li><b><strong>Quartier historique de Stone Street<\/strong><\/b><\/li>\n<li><b><strong>Federal Hall<\/strong><\/b><\/li>\n<li><b><strong>Bourse de New York<\/strong><\/b><\/li>\n<li><b><strong>Wall Street<\/strong><\/b><\/li>\n<li><b><strong>Chapelle Saint-Paul<\/strong><\/b><\/li>\n<li><b><strong>L&#8217;Oculus<\/strong><\/b><\/li>\n<li>et bien plus encore !<\/li>\n<\/ul>\n<p>Nous pouvons inclure des billets d&#8217;entr\u00e9e pour tout monument ou mus\u00e9e que vous souhaitez visiter. Il vous suffit de nous contacter et de nous indiquer ce que vous attendez de cette visite priv\u00e9e.<\/p>\n<p>Enfin, votre guide priv\u00e9 officiel vous d\u00e9posera dans un lieu central de Manhattan.<\/p>\n<p>Un autre incontournable de votre s\u00e9jour \u00e0 NY est la visite de la Statue de la Libert\u00e9, venez avec nous sur ce <a href=\"\u00ab\">tour priv\u00e9<\/a> et visitez l&#8217;incroyable Ellis Island et la Statue de la Libert\u00e9.<\/p>\n","protected":false},"excerpt":{"rendered":"<p>Embarquez pour un voyage inoubliable \u00e0 travers l&#8217;une des zones les plus importantes de l&#8217;histoire moderne avec notre visite priv\u00e9e \u00e0 pied de <b><strong>911 Ground Zero<\/strong><\/b> et du <b><strong>centre de Manhattan<\/strong><\/b>. Cette visite de <b><strong>4 heures<\/strong><\/b> offre une exp\u00e9rience immersive qui allie la r\u00e9flexion solennelle \u00e0 l&#8217;\u00e9nergie vibrante de l&#8217;un des quartiers les plus dynamiques de New York.<\/p>\n","protected":false},"featured_media":97014,"comment_status":"open","ping_status":"closed","template":"","meta":{"_acf_changed":false},"product_brand":[],"product_cat":[5417,5418,3547,3552],"product_tag":[],"class_list":{"0":"post-104874","1":"product","2":"type-product","3":"status-publish","4":"has-post-thumbnail","6":"product_cat-new-york-private-tours","7":"product_cat-private-walking-tours-fr-17","8":"product_cat-etats-unis-fr","9":"product_cat-new-york-fr","11":"first","12":"instock","13":"shipping-taxable","14":"purchasable","15":"product-type-simple"},"acf":[],"yoast_head":"<!-- This site is optimized with the Yoast SEO Premium plugin v25.3.1 (Yoast SEO v25.3.1) - https:\/\/yoast.com\/wordpress\/plugins\/seo\/ -->\n<title>Visite priv\u00e9e du centre-ville historique et du m\u00e9morial du 11 septembre \u00e0 New York<\/title>\n<meta name=\"description\" content=\"Profitez de cette visite priv\u00e9e du centre-ville historique et du m\u00e9morial du 11 septembre. Visitez son mus\u00e9e comm\u00e9moratif et bien d&#039;autres endroits du centre-ville de Manhattan.\" \/>\n<meta name=\"robots\" content=\"index, follow, max-snippet:-1, max-image-preview:large, max-video-preview:-1\" \/>\n<link rel=\"canonical\" href=\"https:\/\/tourtravelandmore.com\/fr\/tours\/etats-unis-fr\/new-york-fr\/visite-privee-du-centre-ville-historique-et-du-memorial-du-11-septembre\/\" \/>\n<meta property=\"og:locale\" content=\"fr_FR\" \/>\n<meta property=\"og:type\" content=\"article\" \/>\n<meta property=\"og:title\" content=\"Visite priv\u00e9e \u00e0 pied : 911 Ground Zero et le centre de Manhattan\" \/>\n<meta property=\"og:description\" content=\"Profitez de cette visite priv\u00e9e du centre-ville historique et du m\u00e9morial du 11 septembre. Visitez son mus\u00e9e comm\u00e9moratif et bien d&#039;autres endroits du centre-ville de Manhattan.\" \/>\n<meta property=\"og:url\" content=\"https:\/\/tourtravelandmore.com\/fr\/tours\/etats-unis-fr\/new-york-fr\/visite-privee-du-centre-ville-historique-et-du-memorial-du-11-septembre\/\" \/>\n<meta property=\"og:site_name\" content=\"Tour Travel And More\" \/>\n<meta property=\"article:publisher\" content=\"https:\/\/www.facebook.com\/tourtravelandmore\/\" \/>\n<meta property=\"article:modified_time\" content=\"2024-08-07T15:54:58+00:00\" \/>\n<meta property=\"og:image\" content=\"https:\/\/tourtravelandmore.com\/wp-content\/uploads\/2020\/01\/n17.jpg\" \/>\n\t<meta property=\"og:image:width\" content=\"602\" \/>\n\t<meta property=\"og:image:height\" content=\"600\" \/>\n\t<meta property=\"og:image:type\" content=\"image\/jpeg\" \/>\n<meta name=\"twitter:card\" content=\"summary_large_image\" \/>\n<meta name=\"twitter:site\" content=\"@TourTravel_More\" \/>\n<meta name=\"twitter:label1\" content=\"Dur\u00e9e de lecture estim\u00e9e\" \/>\n\t<meta name=\"twitter:data1\" content=\"3 minutes\" \/>\n<script type=\"application\/ld+json\" class=\"yoast-schema-graph\">{\"@context\":\"https:\/\/schema.org\",\"@graph\":[{\"@type\":\"WebPage\",\"@id\":\"https:\/\/tourtravelandmore.com\/fr\/tours\/etats-unis-fr\/new-york-fr\/visite-privee-du-centre-ville-historique-et-du-memorial-du-11-septembre\/\",\"url\":\"https:\/\/tourtravelandmore.com\/fr\/tours\/etats-unis-fr\/new-york-fr\/visite-privee-du-centre-ville-historique-et-du-memorial-du-11-septembre\/\",\"name\":\"Visite priv\u00e9e du centre-ville historique et du m\u00e9morial du 11 septembre \u00e0 New York\",\"isPartOf\":{\"@id\":\"https:\/\/tourtravelandmore.com\/fr\/#website\"},\"primaryImageOfPage\":{\"@id\":\"https:\/\/tourtravelandmore.com\/fr\/tours\/etats-unis-fr\/new-york-fr\/visite-privee-du-centre-ville-historique-et-du-memorial-du-11-septembre\/#primaryimage\"},\"image\":{\"@id\":\"https:\/\/tourtravelandmore.com\/fr\/tours\/etats-unis-fr\/new-york-fr\/visite-privee-du-centre-ville-historique-et-du-memorial-du-11-septembre\/#primaryimage\"},\"thumbnailUrl\":\"https:\/\/tourtravelandmore.com\/wp-content\/uploads\/2020\/01\/n17.jpg\",\"datePublished\":\"2020-01-15T10:11:55+00:00\",\"dateModified\":\"2024-08-07T15:54:58+00:00\",\"description\":\"Profitez de cette visite priv\u00e9e du centre-ville historique et du m\u00e9morial du 11 septembre. Visitez son mus\u00e9e comm\u00e9moratif et bien d'autres endroits du centre-ville de Manhattan.\",\"breadcrumb\":{\"@id\":\"https:\/\/tourtravelandmore.com\/fr\/tours\/etats-unis-fr\/new-york-fr\/visite-privee-du-centre-ville-historique-et-du-memorial-du-11-septembre\/#breadcrumb\"},\"inLanguage\":\"fr-FR\",\"potentialAction\":[{\"@type\":\"ReadAction\",\"target\":[\"https:\/\/tourtravelandmore.com\/fr\/tours\/etats-unis-fr\/new-york-fr\/visite-privee-du-centre-ville-historique-et-du-memorial-du-11-septembre\/\"]}]},{\"@type\":\"ImageObject\",\"inLanguage\":\"fr-FR\",\"@id\":\"https:\/\/tourtravelandmore.com\/fr\/tours\/etats-unis-fr\/new-york-fr\/visite-privee-du-centre-ville-historique-et-du-memorial-du-11-septembre\/#primaryimage\",\"url\":\"https:\/\/tourtravelandmore.com\/wp-content\/uploads\/2020\/01\/n17.jpg\",\"contentUrl\":\"https:\/\/tourtravelandmore.com\/wp-content\/uploads\/2020\/01\/n17.jpg\",\"width\":602,\"height\":600},{\"@type\":\"BreadcrumbList\",\"@id\":\"https:\/\/tourtravelandmore.com\/fr\/tours\/etats-unis-fr\/new-york-fr\/visite-privee-du-centre-ville-historique-et-du-memorial-du-11-septembre\/#breadcrumb\",\"itemListElement\":[{\"@type\":\"ListItem\",\"position\":1,\"name\":\"Home\",\"item\":\"https:\/\/tourtravelandmore.com\/fr\/\"},{\"@type\":\"ListItem\",\"position\":2,\"name\":\"Tours\",\"item\":\"https:\/\/tourtravelandmore.com\/fr\/tours\/\"},{\"@type\":\"ListItem\",\"position\":3,\"name\":\"Visite priv\u00e9e \u00e0 pied : 911 Ground Zero et le centre de Manhattan\"}]},{\"@type\":\"WebSite\",\"@id\":\"https:\/\/tourtravelandmore.com\/fr\/#website\",\"url\":\"https:\/\/tourtravelandmore.com\/fr\/\",\"name\":\"Tour Travel And More\",\"description\":\"Private sightseeing tours and luxury transfers in Spain\",\"publisher\":{\"@id\":\"https:\/\/tourtravelandmore.com\/fr\/#organization\"},\"potentialAction\":[{\"@type\":\"SearchAction\",\"target\":{\"@type\":\"EntryPoint\",\"urlTemplate\":\"https:\/\/tourtravelandmore.com\/fr\/?s={search_term_string}\"},\"query-input\":{\"@type\":\"PropertyValueSpecification\",\"valueRequired\":true,\"valueName\":\"search_term_string\"}}],\"inLanguage\":\"fr-FR\"},{\"@type\":\"Organization\",\"@id\":\"https:\/\/tourtravelandmore.com\/fr\/#organization\",\"name\":\"Tour Travel And More\",\"url\":\"https:\/\/tourtravelandmore.com\/fr\/\",\"logo\":{\"@type\":\"ImageObject\",\"inLanguage\":\"fr-FR\",\"@id\":\"https:\/\/tourtravelandmore.com\/fr\/#\/schema\/logo\/image\/\",\"url\":\"https:\/\/tourtravelandmore.com\/wp-content\/uploads\/2022\/12\/cropped-logo-cabecera-new.png\",\"contentUrl\":\"https:\/\/tourtravelandmore.com\/wp-content\/uploads\/2022\/12\/cropped-logo-cabecera-new.png\",\"width\":430,\"height\":61,\"caption\":\"Tour Travel And More\"},\"image\":{\"@id\":\"https:\/\/tourtravelandmore.com\/fr\/#\/schema\/logo\/image\/\"},\"sameAs\":[\"https:\/\/www.facebook.com\/tourtravelandmore\/\",\"https:\/\/x.com\/TourTravel_More\"]}]}<\/script>\n<!-- \/ Yoast SEO Premium plugin. -->","yoast_head_json":{"title":"Visite priv\u00e9e du centre-ville historique et du m\u00e9morial du 11 septembre \u00e0 New York","description":"Profitez de cette visite priv\u00e9e du centre-ville historique et du m\u00e9morial du 11 septembre. Visitez son mus\u00e9e comm\u00e9moratif et bien d'autres endroits du centre-ville de Manhattan.","robots":{"index":"index","follow":"follow","max-snippet":"max-snippet:-1","max-image-preview":"max-image-preview:large","max-video-preview":"max-video-preview:-1"},"canonical":"https:\/\/tourtravelandmore.com\/fr\/tours\/etats-unis-fr\/new-york-fr\/visite-privee-du-centre-ville-historique-et-du-memorial-du-11-septembre\/","og_locale":"fr_FR","og_type":"article","og_title":"Visite priv\u00e9e \u00e0 pied : 911 Ground Zero et le centre de Manhattan","og_description":"Profitez de cette visite priv\u00e9e du centre-ville historique et du m\u00e9morial du 11 septembre. Visitez son mus\u00e9e comm\u00e9moratif et bien d'autres endroits du centre-ville de Manhattan.","og_url":"https:\/\/tourtravelandmore.com\/fr\/tours\/etats-unis-fr\/new-york-fr\/visite-privee-du-centre-ville-historique-et-du-memorial-du-11-septembre\/","og_site_name":"Tour Travel And More","article_publisher":"https:\/\/www.facebook.com\/tourtravelandmore\/","article_modified_time":"2024-08-07T15:54:58+00:00","og_image":[{"width":602,"height":600,"url":"https:\/\/tourtravelandmore.com\/wp-content\/uploads\/2020\/01\/n17.jpg","type":"image\/jpeg"}],"twitter_card":"summary_large_image","twitter_site":"@TourTravel_More","twitter_misc":{"Dur\u00e9e de lecture estim\u00e9e":"3 minutes"},"schema":{"@context":"https:\/\/schema.org","@graph":[{"@type":"WebPage","@id":"https:\/\/tourtravelandmore.com\/fr\/tours\/etats-unis-fr\/new-york-fr\/visite-privee-du-centre-ville-historique-et-du-memorial-du-11-septembre\/","url":"https:\/\/tourtravelandmore.com\/fr\/tours\/etats-unis-fr\/new-york-fr\/visite-privee-du-centre-ville-historique-et-du-memorial-du-11-septembre\/","name":"Visite priv\u00e9e du centre-ville historique et du m\u00e9morial du 11 septembre \u00e0 New York","isPartOf":{"@id":"https:\/\/tourtravelandmore.com\/fr\/#website"},"primaryImageOfPage":{"@id":"https:\/\/tourtravelandmore.com\/fr\/tours\/etats-unis-fr\/new-york-fr\/visite-privee-du-centre-ville-historique-et-du-memorial-du-11-septembre\/#primaryimage"},"image":{"@id":"https:\/\/tourtravelandmore.com\/fr\/tours\/etats-unis-fr\/new-york-fr\/visite-privee-du-centre-ville-historique-et-du-memorial-du-11-septembre\/#primaryimage"},"thumbnailUrl":"https:\/\/tourtravelandmore.com\/wp-content\/uploads\/2020\/01\/n17.jpg","datePublished":"2020-01-15T10:11:55+00:00","dateModified":"2024-08-07T15:54:58+00:00","description":"Profitez de cette visite priv\u00e9e du centre-ville historique et du m\u00e9morial du 11 septembre. Visitez son mus\u00e9e comm\u00e9moratif et bien d'autres endroits du centre-ville de Manhattan.","breadcrumb":{"@id":"https:\/\/tourtravelandmore.com\/fr\/tours\/etats-unis-fr\/new-york-fr\/visite-privee-du-centre-ville-historique-et-du-memorial-du-11-septembre\/#breadcrumb"},"inLanguage":"fr-FR","potentialAction":[{"@type":"ReadAction","target":["https:\/\/tourtravelandmore.com\/fr\/tours\/etats-unis-fr\/new-york-fr\/visite-privee-du-centre-ville-historique-et-du-memorial-du-11-septembre\/"]}]},{"@type":"ImageObject","inLanguage":"fr-FR","@id":"https:\/\/tourtravelandmore.com\/fr\/tours\/etats-unis-fr\/new-york-fr\/visite-privee-du-centre-ville-historique-et-du-memorial-du-11-septembre\/#primaryimage","url":"https:\/\/tourtravelandmore.com\/wp-content\/uploads\/2020\/01\/n17.jpg","contentUrl":"https:\/\/tourtravelandmore.com\/wp-content\/uploads\/2020\/01\/n17.jpg","width":602,"height":600},{"@type":"BreadcrumbList","@id":"https:\/\/tourtravelandmore.com\/fr\/tours\/etats-unis-fr\/new-york-fr\/visite-privee-du-centre-ville-historique-et-du-memorial-du-11-septembre\/#breadcrumb","itemListElement":[{"@type":"ListItem","position":1,"name":"Home","item":"https:\/\/tourtravelandmore.com\/fr\/"},{"@type":"ListItem","position":2,"name":"Tours","item":"https:\/\/tourtravelandmore.com\/fr\/tours\/"},{"@type":"ListItem","position":3,"name":"Visite priv\u00e9e \u00e0 pied : 911 Ground Zero et le centre de Manhattan"}]},{"@type":"WebSite","@id":"https:\/\/tourtravelandmore.com\/fr\/#website","url":"https:\/\/tourtravelandmore.com\/fr\/","name":"Tour Travel And More","description":"Private sightseeing tours and luxury transfers in Spain","publisher":{"@id":"https:\/\/tourtravelandmore.com\/fr\/#organization"},"potentialAction":[{"@type":"SearchAction","target":{"@type":"EntryPoint","urlTemplate":"https:\/\/tourtravelandmore.com\/fr\/?s={search_term_string}"},"query-input":{"@type":"PropertyValueSpecification","valueRequired":true,"valueName":"search_term_string"}}],"inLanguage":"fr-FR"},{"@type":"Organization","@id":"https:\/\/tourtravelandmore.com\/fr\/#organization","name":"Tour Travel And More","url":"https:\/\/tourtravelandmore.com\/fr\/","logo":{"@type":"ImageObject","inLanguage":"fr-FR","@id":"https:\/\/tourtravelandmore.com\/fr\/#\/schema\/logo\/image\/","url":"https:\/\/tourtravelandmore.com\/wp-content\/uploads\/2022\/12\/cropped-logo-cabecera-new.png","contentUrl":"https:\/\/tourtravelandmore.com\/wp-content\/uploads\/2022\/12\/cropped-logo-cabecera-new.png","width":430,"height":61,"caption":"Tour Travel And More"},"image":{"@id":"https:\/\/tourtravelandmore.com\/fr\/#\/schema\/logo\/image\/"},"sameAs":["https:\/\/www.facebook.com\/tourtravelandmore\/","https:\/\/x.com\/TourTravel_More"]}]}},"_links":{"self":[{"href":"https:\/\/tourtravelandmore.com\/fr\/wp-json\/wp\/v2\/product\/104874","targetHints":{"allow":["GET"]}}],"collection":[{"href":"https:\/\/tourtravelandmore.com\/fr\/wp-json\/wp\/v2\/product"}],"about":[{"href":"https:\/\/tourtravelandmore.com\/fr\/wp-json\/wp\/v2\/types\/product"}],"replies":[{"embeddable":true,"href":"https:\/\/tourtravelandmore.com\/fr\/wp-json\/wp\/v2\/comments?post=104874"}],"wp:featuredmedia":[{"embeddable":true,"href":"https:\/\/tourtravelandmore.com\/fr\/wp-json\/wp\/v2\/media\/97014"}],"wp:attachment":[{"href":"https:\/\/tourtravelandmore.com\/fr\/wp-json\/wp\/v2\/media?parent=104874"}],"wp:term":[{"taxonomy":"product_brand","embeddable":true,"href":"https:\/\/tourtravelandmore.com\/fr\/wp-json\/wp\/v2\/product_brand?post=104874"},{"taxonomy":"product_cat","embeddable":true,"href":"https:\/\/tourtravelandmore.com\/fr\/wp-json\/wp\/v2\/product_cat?post=104874"},{"taxonomy":"product_tag","embeddable":true,"href":"https:\/\/tourtravelandmore.com\/fr\/wp-json\/wp\/v2\/product_tag?post=104874"}],"curies":[{"name":"wp","href":"https:\/\/api.w.org\/{rel}","templated":true}]}}