{"id":104869,"date":"2020-01-14T13:01:11","date_gmt":"2020-01-14T12:01:11","guid":{"rendered":"https:\/\/tourtravelandmore.com\/tours\/non%20class\u00e9\/visite-privee-de-la-statue-de-la-liberte-et-dellis-island\/"},"modified":"2021-03-23T09:57:10","modified_gmt":"2021-03-23T08:57:10","slug":"visite-privee-de-la-statue-de-la-liberte-et-dellis-island","status":"publish","type":"product","link":"https:\/\/tourtravelandmore.com\/fr\/tours\/etats-unis-fr\/new-york-fr\/visite-privee-de-la-statue-de-la-liberte-et-dellis-island\/","title":{"rendered":"Visite priv\u00e9e de la Statue de la Libert\u00e9 et d&#8217;Ellis Island"},"content":{"rendered":"<h2>Description<\/h2>\n<p>New York regorge de lieux embl\u00e9matiques que vous devriez visiter pendant vos vacances. Saisissez cette opportunit\u00e9 et rejoignez-nous pour cette visite priv\u00e9e de la Statue de la Libert\u00e9 et d&#8217;Ellis Island avec votre propre guide officiel. Pr\u00e9parez-vous \u00e0 explorer ce don historique de la France, devenu un symbole international d&#8217;espoir et de libert\u00e9.<\/p>\n<p>Vous visiterez \u00e9galement Ellis Island, la porte principale de l&#8217;immigration entre 1892-1924, o\u00f9 plus de 12 millions de personnes sont pass\u00e9es, pleines d&#8217;espoir pour une nouvelle terre.<\/p>\n<p>La visite commencera \u00e0 Castle Clinton \u00e0 Battery Park \u00e0 l&#8217;heure souhait\u00e9e. En cas de besoin, nous pouvons \u00e9galement vous proposer un transfert priv\u00e9 depuis votre h\u00f4tel ou lieu de votre choix \u00e0 New York.<\/p>\n<p>Vous aurez une visite guid\u00e9e de 4 heures, o\u00f9 vous visiterez l&#8217;un des monuments les plus importants de New York: la Statue de la Libert\u00e9.<\/p>\n<h2>Sites d&#8217;int\u00e9r\u00eat et points de rep\u00e8re<\/h2>\n<p>Tout d&#8217;abord, votre guide officiel priv\u00e9 viendra vous chercher \u00e0 Castle Clinton \u00e0 Battery Park. Comme il s&#8217;agit d&#8217;une visite priv\u00e9e, le d\u00e9but de l&#8217;excursion sera d\u00e9termin\u00e9 par vous.<\/p>\n<p>Au cours de cette visite priv\u00e9e, vous pourrez visiter:<\/p>\n<ul>\n<li>Castle Clinton: un fort circulaire en gr\u00e8s situ\u00e9 dans Battery Park \u00e0 la pointe sud de Manhattan.<\/li>\n<li>Port de New York: ou dans les mots d&#8217;ordre, le port de New York. Fait r\u00e9f\u00e9rence aux rivi\u00e8res, baies, estuaires et zones de mar\u00e9e situ\u00e9es pr\u00e8s de l&#8217;embouchure de la rivi\u00e8re Hudson.<\/li>\n<li>Battery Park: situ\u00e9 \u00e0 la pointe sud de New York, dans le Lower Manhattan, en face du port. C&#8217;est l&#8217;un des plus beaux parcs de New York.<\/li>\n<li>Statue de la Libert\u00e9: ce sont les monuments les plus connus de tous les \u00c9tats-Unis. Il est situ\u00e9 sur Liberty Island au sud de l&#8217;\u00eele de Manhattan.<\/li>\n<li>Ellis Island: est un petit \u00eelot situ\u00e9 dans le port de New York.<\/li>\n<\/ul>\n<p>Profitez au maximum de cette visite priv\u00e9e de la Statue de la Libert\u00e9 et d&#8217;Ellis Island avec un expert local. Vous aurez l&#8217;occasion de visiter l&#8217;un des monuments les plus importants du monde.<\/p>\n<p>Il s&#8217;agit d&#8217;une visite priv\u00e9e de 4 heures, mais au cas o\u00f9 vous pr\u00e9f\u00e9rez, nous pouvons inclure plus d&#8217;heures \u00e0 votre exp\u00e9rience. Contactez-nous pour personnaliser votre exp\u00e9rience.<\/p>\n<p>Enfin, votre guide officiel priv\u00e9 vous d\u00e9posera sur le lieu de d\u00e9part de la visite.<\/p>\n<p>Nous avons plusieurs options de visites priv\u00e9es dans et depuis New York, jetez un \u0153il \u00e0 notre liste de produits priv\u00e9s.<\/p>\n","protected":false},"excerpt":{"rendered":"<p>Saisissez cette occasion pour visiter certains des lieux historiques qui repr\u00e9sentent New York en tant que n\u0153ud mondial de tol\u00e9rance sociale, de libert\u00e9 et de diversit\u00e9 culturelle. Profitez de cette visite \u00e0 c\u00f4t\u00e9 de votre propre guide officiel priv\u00e9.<\/p>\n","protected":false},"featured_media":97001,"comment_status":"open","ping_status":"closed","template":"","meta":{"_acf_changed":false},"product_brand":[],"product_cat":[3547,3552],"product_tag":[],"class_list":{"0":"post-104869","1":"product","2":"type-product","3":"status-publish","4":"has-post-thumbnail","6":"product_cat-etats-unis-fr","7":"product_cat-new-york-fr","9":"first","10":"instock","11":"shipping-taxable","12":"purchasable","13":"product-type-simple"},"acf":[],"yoast_head":"<!-- This site is optimized with the Yoast SEO Premium plugin v25.3.1 (Yoast SEO v25.3.1) - https:\/\/yoast.com\/wordpress\/plugins\/seo\/ -->\n<title>Visite priv\u00e9e de la Statue de la Libert\u00e9 et d&#039;Ellis Island au d\u00e9part de New York<\/title>\n<meta name=\"description\" content=\"Visite priv\u00e9e pour explorer deux monuments historiques de la ville de New York, la Statue de la Libert\u00e9 et Ellis Island, dans un voyage d&#039;espoir et de libert\u00e9.\" \/>\n<meta name=\"robots\" content=\"index, follow, max-snippet:-1, max-image-preview:large, max-video-preview:-1\" \/>\n<link rel=\"canonical\" href=\"https:\/\/tourtravelandmore.com\/fr\/tours\/etats-unis-fr\/new-york-fr\/visite-privee-de-la-statue-de-la-liberte-et-dellis-island\/\" \/>\n<meta property=\"og:locale\" content=\"fr_FR\" \/>\n<meta property=\"og:type\" content=\"article\" \/>\n<meta property=\"og:title\" content=\"Visite priv\u00e9e de la Statue de la Libert\u00e9 et d&#039;Ellis Island\" \/>\n<meta property=\"og:description\" content=\"Visite priv\u00e9e pour explorer deux monuments historiques de la ville de New York, la Statue de la Libert\u00e9 et Ellis Island, dans un voyage d&#039;espoir et de libert\u00e9.\" \/>\n<meta property=\"og:url\" content=\"https:\/\/tourtravelandmore.com\/fr\/tours\/etats-unis-fr\/new-york-fr\/visite-privee-de-la-statue-de-la-liberte-et-dellis-island\/\" \/>\n<meta property=\"og:site_name\" content=\"Tour Travel And More\" \/>\n<meta property=\"article:publisher\" content=\"https:\/\/www.facebook.com\/tourtravelandmore\/\" \/>\n<meta property=\"article:modified_time\" content=\"2021-03-23T08:57:10+00:00\" \/>\n<meta property=\"og:image\" content=\"https:\/\/tourtravelandmore.com\/wp-content\/uploads\/2020\/01\/n14.jpg\" \/>\n\t<meta property=\"og:image:width\" content=\"3558\" \/>\n\t<meta property=\"og:image:height\" content=\"2668\" \/>\n\t<meta property=\"og:image:type\" content=\"image\/jpeg\" \/>\n<meta name=\"twitter:card\" content=\"summary_large_image\" \/>\n<meta name=\"twitter:site\" content=\"@TourTravel_More\" \/>\n<meta name=\"twitter:label1\" content=\"Dur\u00e9e de lecture estim\u00e9e\" \/>\n\t<meta name=\"twitter:data1\" content=\"2 minutes\" \/>\n<script type=\"application\/ld+json\" class=\"yoast-schema-graph\">{\"@context\":\"https:\/\/schema.org\",\"@graph\":[{\"@type\":\"WebPage\",\"@id\":\"https:\/\/tourtravelandmore.com\/fr\/tours\/etats-unis-fr\/new-york-fr\/visite-privee-de-la-statue-de-la-liberte-et-dellis-island\/\",\"url\":\"https:\/\/tourtravelandmore.com\/fr\/tours\/etats-unis-fr\/new-york-fr\/visite-privee-de-la-statue-de-la-liberte-et-dellis-island\/\",\"name\":\"Visite priv\u00e9e de la Statue de la Libert\u00e9 et d'Ellis Island au d\u00e9part de New York\",\"isPartOf\":{\"@id\":\"https:\/\/tourtravelandmore.com\/fr\/#website\"},\"primaryImageOfPage\":{\"@id\":\"https:\/\/tourtravelandmore.com\/fr\/tours\/etats-unis-fr\/new-york-fr\/visite-privee-de-la-statue-de-la-liberte-et-dellis-island\/#primaryimage\"},\"image\":{\"@id\":\"https:\/\/tourtravelandmore.com\/fr\/tours\/etats-unis-fr\/new-york-fr\/visite-privee-de-la-statue-de-la-liberte-et-dellis-island\/#primaryimage\"},\"thumbnailUrl\":\"https:\/\/tourtravelandmore.com\/wp-content\/uploads\/2020\/01\/n14.jpg\",\"datePublished\":\"2020-01-14T12:01:11+00:00\",\"dateModified\":\"2021-03-23T08:57:10+00:00\",\"description\":\"Visite priv\u00e9e pour explorer deux monuments historiques de la ville de New York, la Statue de la Libert\u00e9 et Ellis Island, dans un voyage d'espoir et de libert\u00e9.\",\"breadcrumb\":{\"@id\":\"https:\/\/tourtravelandmore.com\/fr\/tours\/etats-unis-fr\/new-york-fr\/visite-privee-de-la-statue-de-la-liberte-et-dellis-island\/#breadcrumb\"},\"inLanguage\":\"fr-FR\",\"potentialAction\":[{\"@type\":\"ReadAction\",\"target\":[\"https:\/\/tourtravelandmore.com\/fr\/tours\/etats-unis-fr\/new-york-fr\/visite-privee-de-la-statue-de-la-liberte-et-dellis-island\/\"]}]},{\"@type\":\"ImageObject\",\"inLanguage\":\"fr-FR\",\"@id\":\"https:\/\/tourtravelandmore.com\/fr\/tours\/etats-unis-fr\/new-york-fr\/visite-privee-de-la-statue-de-la-liberte-et-dellis-island\/#primaryimage\",\"url\":\"https:\/\/tourtravelandmore.com\/wp-content\/uploads\/2020\/01\/n14.jpg\",\"contentUrl\":\"https:\/\/tourtravelandmore.com\/wp-content\/uploads\/2020\/01\/n14.jpg\",\"width\":3558,\"height\":2668,\"caption\":\"Visite priv\u00e9e de Martha's Vineyard Island au d\u00e9part de Boston\"},{\"@type\":\"BreadcrumbList\",\"@id\":\"https:\/\/tourtravelandmore.com\/fr\/tours\/etats-unis-fr\/new-york-fr\/visite-privee-de-la-statue-de-la-liberte-et-dellis-island\/#breadcrumb\",\"itemListElement\":[{\"@type\":\"ListItem\",\"position\":1,\"name\":\"Home\",\"item\":\"https:\/\/tourtravelandmore.com\/fr\/\"},{\"@type\":\"ListItem\",\"position\":2,\"name\":\"Tours\",\"item\":\"https:\/\/tourtravelandmore.com\/fr\/tours\/\"},{\"@type\":\"ListItem\",\"position\":3,\"name\":\"Visite priv\u00e9e de la Statue de la Libert\u00e9 et d&rsquo;Ellis Island\"}]},{\"@type\":\"WebSite\",\"@id\":\"https:\/\/tourtravelandmore.com\/fr\/#website\",\"url\":\"https:\/\/tourtravelandmore.com\/fr\/\",\"name\":\"Tour Travel And More\",\"description\":\"Private sightseeing tours and luxury transfers in Spain\",\"publisher\":{\"@id\":\"https:\/\/tourtravelandmore.com\/fr\/#organization\"},\"potentialAction\":[{\"@type\":\"SearchAction\",\"target\":{\"@type\":\"EntryPoint\",\"urlTemplate\":\"https:\/\/tourtravelandmore.com\/fr\/?s={search_term_string}\"},\"query-input\":{\"@type\":\"PropertyValueSpecification\",\"valueRequired\":true,\"valueName\":\"search_term_string\"}}],\"inLanguage\":\"fr-FR\"},{\"@type\":\"Organization\",\"@id\":\"https:\/\/tourtravelandmore.com\/fr\/#organization\",\"name\":\"Tour Travel And More\",\"url\":\"https:\/\/tourtravelandmore.com\/fr\/\",\"logo\":{\"@type\":\"ImageObject\",\"inLanguage\":\"fr-FR\",\"@id\":\"https:\/\/tourtravelandmore.com\/fr\/#\/schema\/logo\/image\/\",\"url\":\"https:\/\/tourtravelandmore.com\/wp-content\/uploads\/2022\/12\/cropped-logo-cabecera-new.png\",\"contentUrl\":\"https:\/\/tourtravelandmore.com\/wp-content\/uploads\/2022\/12\/cropped-logo-cabecera-new.png\",\"width\":430,\"height\":61,\"caption\":\"Tour Travel And More\"},\"image\":{\"@id\":\"https:\/\/tourtravelandmore.com\/fr\/#\/schema\/logo\/image\/\"},\"sameAs\":[\"https:\/\/www.facebook.com\/tourtravelandmore\/\",\"https:\/\/x.com\/TourTravel_More\"]}]}<\/script>\n<!-- \/ Yoast SEO Premium plugin. -->","yoast_head_json":{"title":"Visite priv\u00e9e de la Statue de la Libert\u00e9 et d'Ellis Island au d\u00e9part de New York","description":"Visite priv\u00e9e pour explorer deux monuments historiques de la ville de New York, la Statue de la Libert\u00e9 et Ellis Island, dans un voyage d'espoir et de libert\u00e9.","robots":{"index":"index","follow":"follow","max-snippet":"max-snippet:-1","max-image-preview":"max-image-preview:large","max-video-preview":"max-video-preview:-1"},"canonical":"https:\/\/tourtravelandmore.com\/fr\/tours\/etats-unis-fr\/new-york-fr\/visite-privee-de-la-statue-de-la-liberte-et-dellis-island\/","og_locale":"fr_FR","og_type":"article","og_title":"Visite priv\u00e9e de la Statue de la Libert\u00e9 et d'Ellis Island","og_description":"Visite priv\u00e9e pour explorer deux monuments historiques de la ville de New York, la Statue de la Libert\u00e9 et Ellis Island, dans un voyage d'espoir et de libert\u00e9.","og_url":"https:\/\/tourtravelandmore.com\/fr\/tours\/etats-unis-fr\/new-york-fr\/visite-privee-de-la-statue-de-la-liberte-et-dellis-island\/","og_site_name":"Tour Travel And More","article_publisher":"https:\/\/www.facebook.com\/tourtravelandmore\/","article_modified_time":"2021-03-23T08:57:10+00:00","og_image":[{"width":3558,"height":2668,"url":"https:\/\/tourtravelandmore.com\/wp-content\/uploads\/2020\/01\/n14.jpg","type":"image\/jpeg"}],"twitter_card":"summary_large_image","twitter_site":"@TourTravel_More","twitter_misc":{"Dur\u00e9e de lecture estim\u00e9e":"2 minutes"},"schema":{"@context":"https:\/\/schema.org","@graph":[{"@type":"WebPage","@id":"https:\/\/tourtravelandmore.com\/fr\/tours\/etats-unis-fr\/new-york-fr\/visite-privee-de-la-statue-de-la-liberte-et-dellis-island\/","url":"https:\/\/tourtravelandmore.com\/fr\/tours\/etats-unis-fr\/new-york-fr\/visite-privee-de-la-statue-de-la-liberte-et-dellis-island\/","name":"Visite priv\u00e9e de la Statue de la Libert\u00e9 et d'Ellis Island au d\u00e9part de New York","isPartOf":{"@id":"https:\/\/tourtravelandmore.com\/fr\/#website"},"primaryImageOfPage":{"@id":"https:\/\/tourtravelandmore.com\/fr\/tours\/etats-unis-fr\/new-york-fr\/visite-privee-de-la-statue-de-la-liberte-et-dellis-island\/#primaryimage"},"image":{"@id":"https:\/\/tourtravelandmore.com\/fr\/tours\/etats-unis-fr\/new-york-fr\/visite-privee-de-la-statue-de-la-liberte-et-dellis-island\/#primaryimage"},"thumbnailUrl":"https:\/\/tourtravelandmore.com\/wp-content\/uploads\/2020\/01\/n14.jpg","datePublished":"2020-01-14T12:01:11+00:00","dateModified":"2021-03-23T08:57:10+00:00","description":"Visite priv\u00e9e pour explorer deux monuments historiques de la ville de New York, la Statue de la Libert\u00e9 et Ellis Island, dans un voyage d'espoir et de libert\u00e9.","breadcrumb":{"@id":"https:\/\/tourtravelandmore.com\/fr\/tours\/etats-unis-fr\/new-york-fr\/visite-privee-de-la-statue-de-la-liberte-et-dellis-island\/#breadcrumb"},"inLanguage":"fr-FR","potentialAction":[{"@type":"ReadAction","target":["https:\/\/tourtravelandmore.com\/fr\/tours\/etats-unis-fr\/new-york-fr\/visite-privee-de-la-statue-de-la-liberte-et-dellis-island\/"]}]},{"@type":"ImageObject","inLanguage":"fr-FR","@id":"https:\/\/tourtravelandmore.com\/fr\/tours\/etats-unis-fr\/new-york-fr\/visite-privee-de-la-statue-de-la-liberte-et-dellis-island\/#primaryimage","url":"https:\/\/tourtravelandmore.com\/wp-content\/uploads\/2020\/01\/n14.jpg","contentUrl":"https:\/\/tourtravelandmore.com\/wp-content\/uploads\/2020\/01\/n14.jpg","width":3558,"height":2668,"caption":"Visite priv\u00e9e de Martha's Vineyard Island au d\u00e9part de Boston"},{"@type":"BreadcrumbList","@id":"https:\/\/tourtravelandmore.com\/fr\/tours\/etats-unis-fr\/new-york-fr\/visite-privee-de-la-statue-de-la-liberte-et-dellis-island\/#breadcrumb","itemListElement":[{"@type":"ListItem","position":1,"name":"Home","item":"https:\/\/tourtravelandmore.com\/fr\/"},{"@type":"ListItem","position":2,"name":"Tours","item":"https:\/\/tourtravelandmore.com\/fr\/tours\/"},{"@type":"ListItem","position":3,"name":"Visite priv\u00e9e de la Statue de la Libert\u00e9 et d&rsquo;Ellis Island"}]},{"@type":"WebSite","@id":"https:\/\/tourtravelandmore.com\/fr\/#website","url":"https:\/\/tourtravelandmore.com\/fr\/","name":"Tour Travel And More","description":"Private sightseeing tours and luxury transfers in Spain","publisher":{"@id":"https:\/\/tourtravelandmore.com\/fr\/#organization"},"potentialAction":[{"@type":"SearchAction","target":{"@type":"EntryPoint","urlTemplate":"https:\/\/tourtravelandmore.com\/fr\/?s={search_term_string}"},"query-input":{"@type":"PropertyValueSpecification","valueRequired":true,"valueName":"search_term_string"}}],"inLanguage":"fr-FR"},{"@type":"Organization","@id":"https:\/\/tourtravelandmore.com\/fr\/#organization","name":"Tour Travel And More","url":"https:\/\/tourtravelandmore.com\/fr\/","logo":{"@type":"ImageObject","inLanguage":"fr-FR","@id":"https:\/\/tourtravelandmore.com\/fr\/#\/schema\/logo\/image\/","url":"https:\/\/tourtravelandmore.com\/wp-content\/uploads\/2022\/12\/cropped-logo-cabecera-new.png","contentUrl":"https:\/\/tourtravelandmore.com\/wp-content\/uploads\/2022\/12\/cropped-logo-cabecera-new.png","width":430,"height":61,"caption":"Tour Travel And More"},"image":{"@id":"https:\/\/tourtravelandmore.com\/fr\/#\/schema\/logo\/image\/"},"sameAs":["https:\/\/www.facebook.com\/tourtravelandmore\/","https:\/\/x.com\/TourTravel_More"]}]}},"_links":{"self":[{"href":"https:\/\/tourtravelandmore.com\/fr\/wp-json\/wp\/v2\/product\/104869","targetHints":{"allow":["GET"]}}],"collection":[{"href":"https:\/\/tourtravelandmore.com\/fr\/wp-json\/wp\/v2\/product"}],"about":[{"href":"https:\/\/tourtravelandmore.com\/fr\/wp-json\/wp\/v2\/types\/product"}],"replies":[{"embeddable":true,"href":"https:\/\/tourtravelandmore.com\/fr\/wp-json\/wp\/v2\/comments?post=104869"}],"wp:featuredmedia":[{"embeddable":true,"href":"https:\/\/tourtravelandmore.com\/fr\/wp-json\/wp\/v2\/media\/97001"}],"wp:attachment":[{"href":"https:\/\/tourtravelandmore.com\/fr\/wp-json\/wp\/v2\/media?parent=104869"}],"wp:term":[{"taxonomy":"product_brand","embeddable":true,"href":"https:\/\/tourtravelandmore.com\/fr\/wp-json\/wp\/v2\/product_brand?post=104869"},{"taxonomy":"product_cat","embeddable":true,"href":"https:\/\/tourtravelandmore.com\/fr\/wp-json\/wp\/v2\/product_cat?post=104869"},{"taxonomy":"product_tag","embeddable":true,"href":"https:\/\/tourtravelandmore.com\/fr\/wp-json\/wp\/v2\/product_tag?post=104869"}],"curies":[{"name":"wp","href":"https:\/\/api.w.org\/{rel}","templated":true}]}}