{"id":104859,"date":"2020-01-13T13:18:38","date_gmt":"2020-01-13T12:18:38","guid":{"rendered":"https:\/\/tourtravelandmore.com\/tours\/non%20class\u00e9\/visite-privee-de-new-york-avec-top-of-the-rock\/"},"modified":"2024-07-29T21:53:03","modified_gmt":"2024-07-29T19:53:03","slug":"visite-privee-de-new-york-avec-top-of-the-rock","status":"publish","type":"product","link":"https:\/\/tourtravelandmore.com\/fr\/tours\/etats-unis-fr\/new-york-fr\/visite-privee-de-new-york-avec-top-of-the-rock\/","title":{"rendered":"Visite priv\u00e9e de New York avec Top of the Rock"},"content":{"rendered":"<h2><b><strong>Description de la visite<\/strong><\/b><\/h2>\n<p>Pr\u00e9parez-vous \u00e0 explorer les endroits les plus embl\u00e9matiques et les plus agr\u00e9ables de cette merveilleuse ville gr\u00e2ce \u00e0 cette <b><strong>visite priv\u00e9e de New York avec Top of the Rock<\/strong><\/b>. Vous disposerez d&#8217;un chauffeur priv\u00e9 et d&#8217;un guide officiel \u00e0 votre enti\u00e8re disposition pendant toute la dur\u00e9e de l&#8217;excursion.<\/p>\n<p>Nous viendrons vous chercher \u00e0 votre h\u00f4tel ou au lieu de votre choix \u00e0 <b>New York <\/b>dans un<b> v\u00e9hicule priv\u00e9 de luxe<\/b>. Au cours de cette excursion priv\u00e9e, vous d\u00e9couvrirez les lieux embl\u00e9matiques de cette ville incroyable.<\/p>\n<p><b><strong>NYC<\/strong><\/b> est situ\u00e9e \u00e0 l&#8217;extr\u00e9mit\u00e9 sud de l&#8217;\u00c9tat de New York. Elle est consid\u00e9r\u00e9e comme la capitale culturelle, financi\u00e8re et m\u00e9diatique du monde. La ville offre une tr\u00e8s grande vari\u00e9t\u00e9 d&#8217;attractions, elle est tr\u00e8s avant-gardiste et moderne. Elle s&#8217;est impos\u00e9e comme un n\u0153ud mondial de tol\u00e9rance sociale, de libert\u00e9 et de diversit\u00e9 culturelle.<\/p>\n<p>Cette visite priv\u00e9e de New York avec le Top of the Rock est enti\u00e8rement personnalis\u00e9e. L&#8217;\u00e9quipe de<b><strong>Tour Travel and More<\/strong><\/b> vous aidera \u00e0 concevoir votre circuit de la meilleure fa\u00e7on possible, en fonction de vos int\u00e9r\u00eats et de vos go\u00fbts.<\/p>\n<p>Une autre option possible de visite priv\u00e9e \u00e0 New York est notre <a href=\"\u00ab\">visite priv\u00e9e d&#8217;une demi-journ\u00e9e \u00e0 pied de NYC<\/a> avec un guide touristique, jetez-y un coup d&#8217;\u0153il !<\/p>\n<h2><b><strong>Points d&#8217;int\u00e9r\u00eat et monuments<\/strong><\/b><\/h2>\n<p>Tout d&#8217;abord, votre chauffeur priv\u00e9 et guide officiel viendra vous chercher \u00e0 votre h\u00f4tel ou \u00e0 l&#8217;endroit de votre choix \u00e0 NY. Pendant votre <b><strong>visite priv\u00e9e de<\/strong><\/b> 4 heures, vous d\u00e9couvrirez certains des sites les plus embl\u00e9matiques de <b><strong>New<\/strong><\/b> York.<\/p>\n<p>Une fois l&#8217;excursion commenc\u00e9e \u00e0 New York, nous vous proposons de visiter, entre autres, les sites suivants<\/p>\n<ul>\n<li><b><em><strong>Rockefeller Center : <\/strong><\/em><\/b>il a \u00e9t\u00e9 d\u00e9clar\u00e9 National Historic Landmark en 1987. Ce centre offre une grande vari\u00e9t\u00e9 d&#8217;activit\u00e9s, de magasins, de restaurants et de lieux de divertissement pour les adultes et les enfants.<\/li>\n<li><a href=\"\u00ab\"><em>Top of The Rock<\/em><\/a><b><em><strong>: <\/strong><\/em><\/b>situ\u00e9 au Rockefeller Center, ce gratte-ciel offre une vue privil\u00e9gi\u00e9e sur Central Park et sur les gratte-ciel du centre et de la p\u00e9riph\u00e9rie de Manhattan. Le billet d&#8217;entr\u00e9e au Top of the Rock est inclus.<\/li>\n<li><b><em><strong>Radio City Music Hall<\/strong><\/em><\/b><\/li>\n<li><b><em><strong>Times Square :<\/strong><\/em><\/b> c&#8217;est un centre commercial et de divertissement situ\u00e9 dans le centre de Manhattan. Vous serez \u00e9bloui par ses innombrables \u00e9crans brillants, ses panneaux d&#8217;affichage et ses publicit\u00e9s.<\/li>\n<li><b><em><strong>Broadway : <\/strong><\/em><\/b>situ\u00e9 \u00e0 Times Square, Broadway est consid\u00e9r\u00e9 comme \u00ab le c\u0153ur de la sc\u00e8ne artistique de New York \u00bb.<\/li>\n<li><b><em><strong>Cinqui\u00e8me Avenue :<\/strong><\/em><\/b> c&#8217;est une grande art\u00e8re du quartier de Manhattan \u00e0 New York. Elle s&#8217;\u00e9tend sur 9,97 km et est consid\u00e9r\u00e9e comme l&#8217;une des rues les plus ch\u00e8res et les plus \u00e9l\u00e9gantes du monde.<\/li>\n<li><b><em><strong>L&#8217;Empire State Building : <\/strong><\/em><\/b>ce b\u00e2timent centenaire est une ic\u00f4ne dans le paysage de la ville de New York. Avec ses 443,2 m\u00e8tres de haut, il offre l&#8217;une des meilleures terrasses d&#8217;observation d&#8217;Am\u00e9rique.<\/li>\n<li><b><em><strong>La New York Public Library : <\/strong><\/em><\/b>cette biblioth\u00e8que est la troisi\u00e8me plus grande au monde, et elle est connue pour ses collections de recherche et ses collections pour enfants.<\/li>\n<\/ul>\n<p>Si vous souhaitez visiter un monument ou un mus\u00e9e en particulier, faites-le nous savoir et nous nous occuperons de tout pour vous.<\/p>\n<p>Enfin, \u00e0 la fin de la visite, votre chauffeur priv\u00e9 et votre guide officiel vous ram\u00e8neront \u00e0 votre point de d\u00e9part \u00e0 New York.<\/p>\n","protected":false},"excerpt":{"rendered":"<p>Prenez une journ\u00e9e compl\u00e8te \u00e0 New York pour d\u00e9couvrir la ville avec un expert local. Laissez votre chauffeur et votre guide vous montrer leur ville aux yeux d&#8217;un local. D\u00e9couvrez les attractions les plus importantes de la ville de New York, notamment le Top of The Rock et son observatoire au 70e \u00e9tage!<\/p>\n","protected":false},"featured_media":96987,"comment_status":"open","ping_status":"closed","template":"","meta":{"_acf_changed":false},"product_brand":[],"product_cat":[5417,5419,3547,3552],"product_tag":[],"class_list":{"0":"post-104859","1":"product","2":"type-product","3":"status-publish","4":"has-post-thumbnail","6":"product_cat-new-york-private-tours","7":"product_cat-private-sightseeing-tours-fr-40","8":"product_cat-etats-unis-fr","9":"product_cat-new-york-fr","11":"first","12":"instock","13":"shipping-taxable","14":"purchasable","15":"product-type-simple"},"acf":[],"yoast_head":"<!-- This site is optimized with the Yoast SEO Premium plugin v25.3.1 (Yoast SEO v25.3.1) - https:\/\/yoast.com\/wordpress\/plugins\/seo\/ -->\n<title>Visite priv\u00e9e de New York avec Top of the Rock et guide officiel<\/title>\n<meta name=\"description\" content=\"Visite priv\u00e9e pour explorer la ville anim\u00e9e de New York, ses merveilleux gratte-ciel, ses mus\u00e9es \u00e9blouissants, ses avenues embl\u00e9matiques et bien plus encore.\" \/>\n<meta name=\"robots\" content=\"index, follow, max-snippet:-1, max-image-preview:large, max-video-preview:-1\" \/>\n<link rel=\"canonical\" href=\"https:\/\/tourtravelandmore.com\/fr\/tours\/etats-unis-fr\/new-york-fr\/visite-privee-de-new-york-avec-top-of-the-rock\/\" \/>\n<meta property=\"og:locale\" content=\"fr_FR\" \/>\n<meta property=\"og:type\" content=\"article\" \/>\n<meta property=\"og:title\" content=\"Visite priv\u00e9e de New York avec Top of the Rock\" \/>\n<meta property=\"og:description\" content=\"Visite priv\u00e9e pour explorer la ville anim\u00e9e de New York, ses merveilleux gratte-ciel, ses mus\u00e9es \u00e9blouissants, ses avenues embl\u00e9matiques et bien plus encore.\" \/>\n<meta property=\"og:url\" content=\"https:\/\/tourtravelandmore.com\/fr\/tours\/etats-unis-fr\/new-york-fr\/visite-privee-de-new-york-avec-top-of-the-rock\/\" \/>\n<meta property=\"og:site_name\" content=\"Tour Travel And More\" \/>\n<meta property=\"article:publisher\" content=\"https:\/\/www.facebook.com\/tourtravelandmore\/\" \/>\n<meta property=\"article:modified_time\" content=\"2024-07-29T19:53:03+00:00\" \/>\n<meta property=\"og:image\" content=\"https:\/\/tourtravelandmore.com\/wp-content\/uploads\/2020\/01\/n8-1024x681.jpg\" \/>\n\t<meta property=\"og:image:width\" content=\"1024\" \/>\n\t<meta property=\"og:image:height\" content=\"681\" \/>\n\t<meta property=\"og:image:type\" content=\"image\/jpeg\" \/>\n<meta name=\"twitter:card\" content=\"summary_large_image\" \/>\n<meta name=\"twitter:site\" content=\"@TourTravel_More\" \/>\n<meta name=\"twitter:label1\" content=\"Dur\u00e9e de lecture estim\u00e9e\" \/>\n\t<meta name=\"twitter:data1\" content=\"3 minutes\" \/>\n<script type=\"application\/ld+json\" class=\"yoast-schema-graph\">{\"@context\":\"https:\/\/schema.org\",\"@graph\":[{\"@type\":\"WebPage\",\"@id\":\"https:\/\/tourtravelandmore.com\/fr\/tours\/etats-unis-fr\/new-york-fr\/visite-privee-de-new-york-avec-top-of-the-rock\/\",\"url\":\"https:\/\/tourtravelandmore.com\/fr\/tours\/etats-unis-fr\/new-york-fr\/visite-privee-de-new-york-avec-top-of-the-rock\/\",\"name\":\"Visite priv\u00e9e de New York avec Top of the Rock et guide officiel\",\"isPartOf\":{\"@id\":\"https:\/\/tourtravelandmore.com\/fr\/#website\"},\"primaryImageOfPage\":{\"@id\":\"https:\/\/tourtravelandmore.com\/fr\/tours\/etats-unis-fr\/new-york-fr\/visite-privee-de-new-york-avec-top-of-the-rock\/#primaryimage\"},\"image\":{\"@id\":\"https:\/\/tourtravelandmore.com\/fr\/tours\/etats-unis-fr\/new-york-fr\/visite-privee-de-new-york-avec-top-of-the-rock\/#primaryimage\"},\"thumbnailUrl\":\"https:\/\/tourtravelandmore.com\/wp-content\/uploads\/2020\/01\/n8.jpg\",\"datePublished\":\"2020-01-13T12:18:38+00:00\",\"dateModified\":\"2024-07-29T19:53:03+00:00\",\"description\":\"Visite priv\u00e9e pour explorer la ville anim\u00e9e de New York, ses merveilleux gratte-ciel, ses mus\u00e9es \u00e9blouissants, ses avenues embl\u00e9matiques et bien plus encore.\",\"breadcrumb\":{\"@id\":\"https:\/\/tourtravelandmore.com\/fr\/tours\/etats-unis-fr\/new-york-fr\/visite-privee-de-new-york-avec-top-of-the-rock\/#breadcrumb\"},\"inLanguage\":\"fr-FR\",\"potentialAction\":[{\"@type\":\"ReadAction\",\"target\":[\"https:\/\/tourtravelandmore.com\/fr\/tours\/etats-unis-fr\/new-york-fr\/visite-privee-de-new-york-avec-top-of-the-rock\/\"]}]},{\"@type\":\"ImageObject\",\"inLanguage\":\"fr-FR\",\"@id\":\"https:\/\/tourtravelandmore.com\/fr\/tours\/etats-unis-fr\/new-york-fr\/visite-privee-de-new-york-avec-top-of-the-rock\/#primaryimage\",\"url\":\"https:\/\/tourtravelandmore.com\/wp-content\/uploads\/2020\/01\/n8.jpg\",\"contentUrl\":\"https:\/\/tourtravelandmore.com\/wp-content\/uploads\/2020\/01\/n8.jpg\",\"width\":4272,\"height\":2841},{\"@type\":\"BreadcrumbList\",\"@id\":\"https:\/\/tourtravelandmore.com\/fr\/tours\/etats-unis-fr\/new-york-fr\/visite-privee-de-new-york-avec-top-of-the-rock\/#breadcrumb\",\"itemListElement\":[{\"@type\":\"ListItem\",\"position\":1,\"name\":\"Home\",\"item\":\"https:\/\/tourtravelandmore.com\/fr\/\"},{\"@type\":\"ListItem\",\"position\":2,\"name\":\"Tours\",\"item\":\"https:\/\/tourtravelandmore.com\/fr\/tours\/\"},{\"@type\":\"ListItem\",\"position\":3,\"name\":\"Visite priv\u00e9e de New York avec Top of the Rock\"}]},{\"@type\":\"WebSite\",\"@id\":\"https:\/\/tourtravelandmore.com\/fr\/#website\",\"url\":\"https:\/\/tourtravelandmore.com\/fr\/\",\"name\":\"Tour Travel And More\",\"description\":\"Private sightseeing tours and luxury transfers in Spain\",\"publisher\":{\"@id\":\"https:\/\/tourtravelandmore.com\/fr\/#organization\"},\"potentialAction\":[{\"@type\":\"SearchAction\",\"target\":{\"@type\":\"EntryPoint\",\"urlTemplate\":\"https:\/\/tourtravelandmore.com\/fr\/?s={search_term_string}\"},\"query-input\":{\"@type\":\"PropertyValueSpecification\",\"valueRequired\":true,\"valueName\":\"search_term_string\"}}],\"inLanguage\":\"fr-FR\"},{\"@type\":\"Organization\",\"@id\":\"https:\/\/tourtravelandmore.com\/fr\/#organization\",\"name\":\"Tour Travel And More\",\"url\":\"https:\/\/tourtravelandmore.com\/fr\/\",\"logo\":{\"@type\":\"ImageObject\",\"inLanguage\":\"fr-FR\",\"@id\":\"https:\/\/tourtravelandmore.com\/fr\/#\/schema\/logo\/image\/\",\"url\":\"https:\/\/tourtravelandmore.com\/wp-content\/uploads\/2022\/12\/cropped-logo-cabecera-new.png\",\"contentUrl\":\"https:\/\/tourtravelandmore.com\/wp-content\/uploads\/2022\/12\/cropped-logo-cabecera-new.png\",\"width\":430,\"height\":61,\"caption\":\"Tour Travel And More\"},\"image\":{\"@id\":\"https:\/\/tourtravelandmore.com\/fr\/#\/schema\/logo\/image\/\"},\"sameAs\":[\"https:\/\/www.facebook.com\/tourtravelandmore\/\",\"https:\/\/x.com\/TourTravel_More\"]}]}<\/script>\n<!-- \/ Yoast SEO Premium plugin. -->","yoast_head_json":{"title":"Visite priv\u00e9e de New York avec Top of the Rock et guide officiel","description":"Visite priv\u00e9e pour explorer la ville anim\u00e9e de New York, ses merveilleux gratte-ciel, ses mus\u00e9es \u00e9blouissants, ses avenues embl\u00e9matiques et bien plus encore.","robots":{"index":"index","follow":"follow","max-snippet":"max-snippet:-1","max-image-preview":"max-image-preview:large","max-video-preview":"max-video-preview:-1"},"canonical":"https:\/\/tourtravelandmore.com\/fr\/tours\/etats-unis-fr\/new-york-fr\/visite-privee-de-new-york-avec-top-of-the-rock\/","og_locale":"fr_FR","og_type":"article","og_title":"Visite priv\u00e9e de New York avec Top of the Rock","og_description":"Visite priv\u00e9e pour explorer la ville anim\u00e9e de New York, ses merveilleux gratte-ciel, ses mus\u00e9es \u00e9blouissants, ses avenues embl\u00e9matiques et bien plus encore.","og_url":"https:\/\/tourtravelandmore.com\/fr\/tours\/etats-unis-fr\/new-york-fr\/visite-privee-de-new-york-avec-top-of-the-rock\/","og_site_name":"Tour Travel And More","article_publisher":"https:\/\/www.facebook.com\/tourtravelandmore\/","article_modified_time":"2024-07-29T19:53:03+00:00","og_image":[{"width":1024,"height":681,"url":"https:\/\/tourtravelandmore.com\/wp-content\/uploads\/2020\/01\/n8-1024x681.jpg","type":"image\/jpeg"}],"twitter_card":"summary_large_image","twitter_site":"@TourTravel_More","twitter_misc":{"Dur\u00e9e de lecture estim\u00e9e":"3 minutes"},"schema":{"@context":"https:\/\/schema.org","@graph":[{"@type":"WebPage","@id":"https:\/\/tourtravelandmore.com\/fr\/tours\/etats-unis-fr\/new-york-fr\/visite-privee-de-new-york-avec-top-of-the-rock\/","url":"https:\/\/tourtravelandmore.com\/fr\/tours\/etats-unis-fr\/new-york-fr\/visite-privee-de-new-york-avec-top-of-the-rock\/","name":"Visite priv\u00e9e de New York avec Top of the Rock et guide officiel","isPartOf":{"@id":"https:\/\/tourtravelandmore.com\/fr\/#website"},"primaryImageOfPage":{"@id":"https:\/\/tourtravelandmore.com\/fr\/tours\/etats-unis-fr\/new-york-fr\/visite-privee-de-new-york-avec-top-of-the-rock\/#primaryimage"},"image":{"@id":"https:\/\/tourtravelandmore.com\/fr\/tours\/etats-unis-fr\/new-york-fr\/visite-privee-de-new-york-avec-top-of-the-rock\/#primaryimage"},"thumbnailUrl":"https:\/\/tourtravelandmore.com\/wp-content\/uploads\/2020\/01\/n8.jpg","datePublished":"2020-01-13T12:18:38+00:00","dateModified":"2024-07-29T19:53:03+00:00","description":"Visite priv\u00e9e pour explorer la ville anim\u00e9e de New York, ses merveilleux gratte-ciel, ses mus\u00e9es \u00e9blouissants, ses avenues embl\u00e9matiques et bien plus encore.","breadcrumb":{"@id":"https:\/\/tourtravelandmore.com\/fr\/tours\/etats-unis-fr\/new-york-fr\/visite-privee-de-new-york-avec-top-of-the-rock\/#breadcrumb"},"inLanguage":"fr-FR","potentialAction":[{"@type":"ReadAction","target":["https:\/\/tourtravelandmore.com\/fr\/tours\/etats-unis-fr\/new-york-fr\/visite-privee-de-new-york-avec-top-of-the-rock\/"]}]},{"@type":"ImageObject","inLanguage":"fr-FR","@id":"https:\/\/tourtravelandmore.com\/fr\/tours\/etats-unis-fr\/new-york-fr\/visite-privee-de-new-york-avec-top-of-the-rock\/#primaryimage","url":"https:\/\/tourtravelandmore.com\/wp-content\/uploads\/2020\/01\/n8.jpg","contentUrl":"https:\/\/tourtravelandmore.com\/wp-content\/uploads\/2020\/01\/n8.jpg","width":4272,"height":2841},{"@type":"BreadcrumbList","@id":"https:\/\/tourtravelandmore.com\/fr\/tours\/etats-unis-fr\/new-york-fr\/visite-privee-de-new-york-avec-top-of-the-rock\/#breadcrumb","itemListElement":[{"@type":"ListItem","position":1,"name":"Home","item":"https:\/\/tourtravelandmore.com\/fr\/"},{"@type":"ListItem","position":2,"name":"Tours","item":"https:\/\/tourtravelandmore.com\/fr\/tours\/"},{"@type":"ListItem","position":3,"name":"Visite priv\u00e9e de New York avec Top of the Rock"}]},{"@type":"WebSite","@id":"https:\/\/tourtravelandmore.com\/fr\/#website","url":"https:\/\/tourtravelandmore.com\/fr\/","name":"Tour Travel And More","description":"Private sightseeing tours and luxury transfers in Spain","publisher":{"@id":"https:\/\/tourtravelandmore.com\/fr\/#organization"},"potentialAction":[{"@type":"SearchAction","target":{"@type":"EntryPoint","urlTemplate":"https:\/\/tourtravelandmore.com\/fr\/?s={search_term_string}"},"query-input":{"@type":"PropertyValueSpecification","valueRequired":true,"valueName":"search_term_string"}}],"inLanguage":"fr-FR"},{"@type":"Organization","@id":"https:\/\/tourtravelandmore.com\/fr\/#organization","name":"Tour Travel And More","url":"https:\/\/tourtravelandmore.com\/fr\/","logo":{"@type":"ImageObject","inLanguage":"fr-FR","@id":"https:\/\/tourtravelandmore.com\/fr\/#\/schema\/logo\/image\/","url":"https:\/\/tourtravelandmore.com\/wp-content\/uploads\/2022\/12\/cropped-logo-cabecera-new.png","contentUrl":"https:\/\/tourtravelandmore.com\/wp-content\/uploads\/2022\/12\/cropped-logo-cabecera-new.png","width":430,"height":61,"caption":"Tour Travel And More"},"image":{"@id":"https:\/\/tourtravelandmore.com\/fr\/#\/schema\/logo\/image\/"},"sameAs":["https:\/\/www.facebook.com\/tourtravelandmore\/","https:\/\/x.com\/TourTravel_More"]}]}},"_links":{"self":[{"href":"https:\/\/tourtravelandmore.com\/fr\/wp-json\/wp\/v2\/product\/104859","targetHints":{"allow":["GET"]}}],"collection":[{"href":"https:\/\/tourtravelandmore.com\/fr\/wp-json\/wp\/v2\/product"}],"about":[{"href":"https:\/\/tourtravelandmore.com\/fr\/wp-json\/wp\/v2\/types\/product"}],"replies":[{"embeddable":true,"href":"https:\/\/tourtravelandmore.com\/fr\/wp-json\/wp\/v2\/comments?post=104859"}],"wp:featuredmedia":[{"embeddable":true,"href":"https:\/\/tourtravelandmore.com\/fr\/wp-json\/wp\/v2\/media\/96987"}],"wp:attachment":[{"href":"https:\/\/tourtravelandmore.com\/fr\/wp-json\/wp\/v2\/media?parent=104859"}],"wp:term":[{"taxonomy":"product_brand","embeddable":true,"href":"https:\/\/tourtravelandmore.com\/fr\/wp-json\/wp\/v2\/product_brand?post=104859"},{"taxonomy":"product_cat","embeddable":true,"href":"https:\/\/tourtravelandmore.com\/fr\/wp-json\/wp\/v2\/product_cat?post=104859"},{"taxonomy":"product_tag","embeddable":true,"href":"https:\/\/tourtravelandmore.com\/fr\/wp-json\/wp\/v2\/product_tag?post=104859"}],"curies":[{"name":"wp","href":"https:\/\/api.w.org\/{rel}","templated":true}]}}