{"id":104854,"date":"2020-01-09T12:11:21","date_gmt":"2020-01-09T11:11:21","guid":{"rendered":"https:\/\/tourtravelandmore.com\/tours\/non%20class\u00e9\/visite-privee-a-pied-de-new-york\/"},"modified":"2024-07-22T18:43:28","modified_gmt":"2024-07-22T16:43:28","slug":"visite-privee-a-pied-de-new-york","status":"publish","type":"product","link":"https:\/\/tourtravelandmore.com\/fr\/tours\/etats-unis-fr\/new-york-fr\/visite-privee-a-pied-de-new-york\/","title":{"rendered":"Visite priv\u00e9e \u00e0 pied de New York"},"content":{"rendered":"<h2>Description<\/h2>\n<p>Profitez autant que possible de votre s\u00e9jour \u00e0 New York avec cette visite priv\u00e9e \u00e0 pied de New York. Vous d\u00e9couvrirez les endroits les plus embl\u00e9matiques et les plus beaux de cette ville merveilleuse.<\/p>\n<p>La visite d\u00e9butera dans le centre-ville \u00e0 l&#8217;heure souhait\u00e9e par vous. Il est possible d&#8217;organiser une prise en charge depuis votre h\u00f4tel ou lieu de votre choix, si celui-ci est en dehors du centre-ville.<\/p>\n<p>New York est la ville la plus peupl\u00e9e des \u00c9tats-Unis. La ville est situ\u00e9e \u00e0 la pointe sud de l&#8217;\u00c9tat de New York et est consid\u00e9r\u00e9e comme la capitale culturelle, financi\u00e8re et m\u00e9diatique du monde. La ville offre une tr\u00e8s riche vari\u00e9t\u00e9 d&#8217;attractions, elle est tr\u00e8s avant-gardiste et moderne.<\/p>\n<p>Votre guide officiel priv\u00e9 vous emm\u00e8nera visiter tous les monuments et coins de la &#8220;Big Apple&#8221;. Vous apprendrez l&#8217;histoire et l&#8217;architecture de cette ville incroyable tout en passant un bon moment en vacances.<\/p>\n<p>Si vous recherchez une visite \u00e0 pied plus sp\u00e9cifique, jetez un \u0153il \u00e0 notre visite priv\u00e9e \u00e0 pied de Coney Island.<\/p>\n<h2>Sites d&#8217;int\u00e9r\u00eat et points de rep\u00e8re<\/h2>\n<p>Tout d&#8217;abord, vous rencontrerez votre guide officiel priv\u00e9 dans un point de rencontre central \u00e0 New York. Comme il s&#8217;agit d&#8217;une visite priv\u00e9e et personnalis\u00e9e, l&#8217;heure de d\u00e9part sera d\u00e9termin\u00e9e par vous.<\/p>\n<p>Au cours de votre visite priv\u00e9e \u00e0 pied de 4 heures de New York, vous d\u00e9couvrirez certains des sites les plus c\u00e9l\u00e8bres avec votre expert local.<\/p>\n<p>Une fois la visite commenc\u00e9e, nous vous proposons de visiter, entre autres sites:<\/p>\n<ul>\n<li>Cath\u00e9drale Saint-Patrick<\/li>\n<li>centre Rockefeller<\/li>\n<li>Palais de New York<\/li>\n<li>Le mus\u00e9e M\u00e9tropolitain d&#8217;art<\/li>\n<li>Radio City Music Hall<\/li>\n<li>Times Square<\/li>\n<li>Broadway<\/li>\n<li>Fifth Avenue<\/li>\n<li>L&#8217;Empire State Building<\/li>\n<li>Parc central<\/li>\n<li>et bien plus!<\/li>\n<\/ul>\n<p>Nous pouvons inclure un billet d&#8217;entr\u00e9e \u00e0 tout monument ou mus\u00e9e que vous souhaitez visiter. Si vous pr\u00e9f\u00e9rez, nous pouvons \u00e9galement inclure plus d&#8217;heures \u00e0 votre exp\u00e9rience ou m\u00eame en faire une excursion d&#8217;une journ\u00e9e compl\u00e8te.<\/p>\n<p>Votre guide priv\u00e9 est un professionnel avec une grande connaissance de la ville, de son histoire et de son architecture. S&#8217;il y a un endroit sp\u00e9cifique que vous souhaitez visiter, faites-le nous savoir et nous organiserons tout pour vous.<\/p>\n<p>Enfin, votre guide officiel priv\u00e9 vous d\u00e9posera dans un lieu central de New York.<\/p>\n","protected":false},"excerpt":{"rendered":"<p>Profitez d&#8217;une visite sur mesure de New York avec votre guide priv\u00e9. Explorez la ville avec un local et visitez les sites qui vous int\u00e9ressent le plus. D\u00e9couvrez le meilleur de la ville \u00e0 votre rythme.<\/p>\n","protected":false},"featured_media":98419,"comment_status":"open","ping_status":"closed","template":"","meta":{"_acf_changed":false},"product_brand":[],"product_cat":[5417,5418,3547,3552],"product_tag":[],"class_list":{"0":"post-104854","1":"product","2":"type-product","3":"status-publish","4":"has-post-thumbnail","6":"product_cat-new-york-private-tours","7":"product_cat-private-walking-tours-fr-17","8":"product_cat-etats-unis-fr","9":"product_cat-new-york-fr","11":"first","12":"instock","13":"shipping-taxable","14":"purchasable","15":"product-type-simple"},"acf":[],"yoast_head":"<!-- This site is optimized with the Yoast SEO Premium plugin v25.3.1 (Yoast SEO v25.3.1) - https:\/\/yoast.com\/wordpress\/plugins\/seo\/ -->\n<title>Visite priv\u00e9e \u00e0 pied de New York avec un guide priv\u00e9 local<\/title>\n<meta name=\"description\" content=\"Pr\u00e9parez-vous \u00e0 explorer les rues \u00e9tonnantes de New York, ses gratte-ciel historiques et ses merveilleux mus\u00e9es avec un guide officiel priv\u00e9.\" \/>\n<meta name=\"robots\" content=\"index, follow, max-snippet:-1, max-image-preview:large, max-video-preview:-1\" \/>\n<link rel=\"canonical\" href=\"https:\/\/tourtravelandmore.com\/fr\/tours\/etats-unis-fr\/new-york-fr\/visite-privee-a-pied-de-new-york\/\" \/>\n<meta property=\"og:locale\" content=\"fr_FR\" \/>\n<meta property=\"og:type\" content=\"article\" \/>\n<meta property=\"og:title\" content=\"Visite priv\u00e9e \u00e0 pied de New York\" \/>\n<meta property=\"og:description\" content=\"Pr\u00e9parez-vous \u00e0 explorer les rues \u00e9tonnantes de New York, ses gratte-ciel historiques et ses merveilleux mus\u00e9es avec un guide officiel priv\u00e9.\" \/>\n<meta property=\"og:url\" content=\"https:\/\/tourtravelandmore.com\/fr\/tours\/etats-unis-fr\/new-york-fr\/visite-privee-a-pied-de-new-york\/\" \/>\n<meta property=\"og:site_name\" content=\"Tour Travel And More\" \/>\n<meta property=\"article:publisher\" content=\"https:\/\/www.facebook.com\/tourtravelandmore\/\" \/>\n<meta property=\"article:modified_time\" content=\"2024-07-22T16:43:28+00:00\" \/>\n<meta property=\"og:image\" content=\"https:\/\/tourtravelandmore.com\/wp-content\/uploads\/2020\/01\/NYC-3.jpg\" \/>\n\t<meta property=\"og:image:width\" content=\"1280\" \/>\n\t<meta property=\"og:image:height\" content=\"853\" \/>\n\t<meta property=\"og:image:type\" content=\"image\/jpeg\" \/>\n<meta name=\"twitter:card\" content=\"summary_large_image\" \/>\n<meta name=\"twitter:site\" content=\"@TourTravel_More\" \/>\n<meta name=\"twitter:label1\" content=\"Dur\u00e9e de lecture estim\u00e9e\" \/>\n\t<meta name=\"twitter:data1\" content=\"2 minutes\" \/>\n<script type=\"application\/ld+json\" class=\"yoast-schema-graph\">{\"@context\":\"https:\/\/schema.org\",\"@graph\":[{\"@type\":\"WebPage\",\"@id\":\"https:\/\/tourtravelandmore.com\/fr\/tours\/etats-unis-fr\/new-york-fr\/visite-privee-a-pied-de-new-york\/\",\"url\":\"https:\/\/tourtravelandmore.com\/fr\/tours\/etats-unis-fr\/new-york-fr\/visite-privee-a-pied-de-new-york\/\",\"name\":\"Visite priv\u00e9e \u00e0 pied de New York avec un guide priv\u00e9 local\",\"isPartOf\":{\"@id\":\"https:\/\/tourtravelandmore.com\/fr\/#website\"},\"primaryImageOfPage\":{\"@id\":\"https:\/\/tourtravelandmore.com\/fr\/tours\/etats-unis-fr\/new-york-fr\/visite-privee-a-pied-de-new-york\/#primaryimage\"},\"image\":{\"@id\":\"https:\/\/tourtravelandmore.com\/fr\/tours\/etats-unis-fr\/new-york-fr\/visite-privee-a-pied-de-new-york\/#primaryimage\"},\"thumbnailUrl\":\"https:\/\/tourtravelandmore.com\/wp-content\/uploads\/2020\/01\/NYC-3.jpg\",\"datePublished\":\"2020-01-09T11:11:21+00:00\",\"dateModified\":\"2024-07-22T16:43:28+00:00\",\"description\":\"Pr\u00e9parez-vous \u00e0 explorer les rues \u00e9tonnantes de New York, ses gratte-ciel historiques et ses merveilleux mus\u00e9es avec un guide officiel priv\u00e9.\",\"breadcrumb\":{\"@id\":\"https:\/\/tourtravelandmore.com\/fr\/tours\/etats-unis-fr\/new-york-fr\/visite-privee-a-pied-de-new-york\/#breadcrumb\"},\"inLanguage\":\"fr-FR\",\"potentialAction\":[{\"@type\":\"ReadAction\",\"target\":[\"https:\/\/tourtravelandmore.com\/fr\/tours\/etats-unis-fr\/new-york-fr\/visite-privee-a-pied-de-new-york\/\"]}]},{\"@type\":\"ImageObject\",\"inLanguage\":\"fr-FR\",\"@id\":\"https:\/\/tourtravelandmore.com\/fr\/tours\/etats-unis-fr\/new-york-fr\/visite-privee-a-pied-de-new-york\/#primaryimage\",\"url\":\"https:\/\/tourtravelandmore.com\/wp-content\/uploads\/2020\/01\/NYC-3.jpg\",\"contentUrl\":\"https:\/\/tourtravelandmore.com\/wp-content\/uploads\/2020\/01\/NYC-3.jpg\",\"width\":1280,\"height\":853},{\"@type\":\"BreadcrumbList\",\"@id\":\"https:\/\/tourtravelandmore.com\/fr\/tours\/etats-unis-fr\/new-york-fr\/visite-privee-a-pied-de-new-york\/#breadcrumb\",\"itemListElement\":[{\"@type\":\"ListItem\",\"position\":1,\"name\":\"Home\",\"item\":\"https:\/\/tourtravelandmore.com\/fr\/\"},{\"@type\":\"ListItem\",\"position\":2,\"name\":\"Tours\",\"item\":\"https:\/\/tourtravelandmore.com\/fr\/tours\/\"},{\"@type\":\"ListItem\",\"position\":3,\"name\":\"Visite priv\u00e9e \u00e0 pied de New York\"}]},{\"@type\":\"WebSite\",\"@id\":\"https:\/\/tourtravelandmore.com\/fr\/#website\",\"url\":\"https:\/\/tourtravelandmore.com\/fr\/\",\"name\":\"Tour Travel And More\",\"description\":\"Private sightseeing tours and luxury transfers in Spain\",\"publisher\":{\"@id\":\"https:\/\/tourtravelandmore.com\/fr\/#organization\"},\"potentialAction\":[{\"@type\":\"SearchAction\",\"target\":{\"@type\":\"EntryPoint\",\"urlTemplate\":\"https:\/\/tourtravelandmore.com\/fr\/?s={search_term_string}\"},\"query-input\":{\"@type\":\"PropertyValueSpecification\",\"valueRequired\":true,\"valueName\":\"search_term_string\"}}],\"inLanguage\":\"fr-FR\"},{\"@type\":\"Organization\",\"@id\":\"https:\/\/tourtravelandmore.com\/fr\/#organization\",\"name\":\"Tour Travel And More\",\"url\":\"https:\/\/tourtravelandmore.com\/fr\/\",\"logo\":{\"@type\":\"ImageObject\",\"inLanguage\":\"fr-FR\",\"@id\":\"https:\/\/tourtravelandmore.com\/fr\/#\/schema\/logo\/image\/\",\"url\":\"https:\/\/tourtravelandmore.com\/wp-content\/uploads\/2022\/12\/cropped-logo-cabecera-new.png\",\"contentUrl\":\"https:\/\/tourtravelandmore.com\/wp-content\/uploads\/2022\/12\/cropped-logo-cabecera-new.png\",\"width\":430,\"height\":61,\"caption\":\"Tour Travel And More\"},\"image\":{\"@id\":\"https:\/\/tourtravelandmore.com\/fr\/#\/schema\/logo\/image\/\"},\"sameAs\":[\"https:\/\/www.facebook.com\/tourtravelandmore\/\",\"https:\/\/x.com\/TourTravel_More\"]}]}<\/script>\n<!-- \/ Yoast SEO Premium plugin. -->","yoast_head_json":{"title":"Visite priv\u00e9e \u00e0 pied de New York avec un guide priv\u00e9 local","description":"Pr\u00e9parez-vous \u00e0 explorer les rues \u00e9tonnantes de New York, ses gratte-ciel historiques et ses merveilleux mus\u00e9es avec un guide officiel priv\u00e9.","robots":{"index":"index","follow":"follow","max-snippet":"max-snippet:-1","max-image-preview":"max-image-preview:large","max-video-preview":"max-video-preview:-1"},"canonical":"https:\/\/tourtravelandmore.com\/fr\/tours\/etats-unis-fr\/new-york-fr\/visite-privee-a-pied-de-new-york\/","og_locale":"fr_FR","og_type":"article","og_title":"Visite priv\u00e9e \u00e0 pied de New York","og_description":"Pr\u00e9parez-vous \u00e0 explorer les rues \u00e9tonnantes de New York, ses gratte-ciel historiques et ses merveilleux mus\u00e9es avec un guide officiel priv\u00e9.","og_url":"https:\/\/tourtravelandmore.com\/fr\/tours\/etats-unis-fr\/new-york-fr\/visite-privee-a-pied-de-new-york\/","og_site_name":"Tour Travel And More","article_publisher":"https:\/\/www.facebook.com\/tourtravelandmore\/","article_modified_time":"2024-07-22T16:43:28+00:00","og_image":[{"width":1280,"height":853,"url":"https:\/\/tourtravelandmore.com\/wp-content\/uploads\/2020\/01\/NYC-3.jpg","type":"image\/jpeg"}],"twitter_card":"summary_large_image","twitter_site":"@TourTravel_More","twitter_misc":{"Dur\u00e9e de lecture estim\u00e9e":"2 minutes"},"schema":{"@context":"https:\/\/schema.org","@graph":[{"@type":"WebPage","@id":"https:\/\/tourtravelandmore.com\/fr\/tours\/etats-unis-fr\/new-york-fr\/visite-privee-a-pied-de-new-york\/","url":"https:\/\/tourtravelandmore.com\/fr\/tours\/etats-unis-fr\/new-york-fr\/visite-privee-a-pied-de-new-york\/","name":"Visite priv\u00e9e \u00e0 pied de New York avec un guide priv\u00e9 local","isPartOf":{"@id":"https:\/\/tourtravelandmore.com\/fr\/#website"},"primaryImageOfPage":{"@id":"https:\/\/tourtravelandmore.com\/fr\/tours\/etats-unis-fr\/new-york-fr\/visite-privee-a-pied-de-new-york\/#primaryimage"},"image":{"@id":"https:\/\/tourtravelandmore.com\/fr\/tours\/etats-unis-fr\/new-york-fr\/visite-privee-a-pied-de-new-york\/#primaryimage"},"thumbnailUrl":"https:\/\/tourtravelandmore.com\/wp-content\/uploads\/2020\/01\/NYC-3.jpg","datePublished":"2020-01-09T11:11:21+00:00","dateModified":"2024-07-22T16:43:28+00:00","description":"Pr\u00e9parez-vous \u00e0 explorer les rues \u00e9tonnantes de New York, ses gratte-ciel historiques et ses merveilleux mus\u00e9es avec un guide officiel priv\u00e9.","breadcrumb":{"@id":"https:\/\/tourtravelandmore.com\/fr\/tours\/etats-unis-fr\/new-york-fr\/visite-privee-a-pied-de-new-york\/#breadcrumb"},"inLanguage":"fr-FR","potentialAction":[{"@type":"ReadAction","target":["https:\/\/tourtravelandmore.com\/fr\/tours\/etats-unis-fr\/new-york-fr\/visite-privee-a-pied-de-new-york\/"]}]},{"@type":"ImageObject","inLanguage":"fr-FR","@id":"https:\/\/tourtravelandmore.com\/fr\/tours\/etats-unis-fr\/new-york-fr\/visite-privee-a-pied-de-new-york\/#primaryimage","url":"https:\/\/tourtravelandmore.com\/wp-content\/uploads\/2020\/01\/NYC-3.jpg","contentUrl":"https:\/\/tourtravelandmore.com\/wp-content\/uploads\/2020\/01\/NYC-3.jpg","width":1280,"height":853},{"@type":"BreadcrumbList","@id":"https:\/\/tourtravelandmore.com\/fr\/tours\/etats-unis-fr\/new-york-fr\/visite-privee-a-pied-de-new-york\/#breadcrumb","itemListElement":[{"@type":"ListItem","position":1,"name":"Home","item":"https:\/\/tourtravelandmore.com\/fr\/"},{"@type":"ListItem","position":2,"name":"Tours","item":"https:\/\/tourtravelandmore.com\/fr\/tours\/"},{"@type":"ListItem","position":3,"name":"Visite priv\u00e9e \u00e0 pied de New York"}]},{"@type":"WebSite","@id":"https:\/\/tourtravelandmore.com\/fr\/#website","url":"https:\/\/tourtravelandmore.com\/fr\/","name":"Tour Travel And More","description":"Private sightseeing tours and luxury transfers in Spain","publisher":{"@id":"https:\/\/tourtravelandmore.com\/fr\/#organization"},"potentialAction":[{"@type":"SearchAction","target":{"@type":"EntryPoint","urlTemplate":"https:\/\/tourtravelandmore.com\/fr\/?s={search_term_string}"},"query-input":{"@type":"PropertyValueSpecification","valueRequired":true,"valueName":"search_term_string"}}],"inLanguage":"fr-FR"},{"@type":"Organization","@id":"https:\/\/tourtravelandmore.com\/fr\/#organization","name":"Tour Travel And More","url":"https:\/\/tourtravelandmore.com\/fr\/","logo":{"@type":"ImageObject","inLanguage":"fr-FR","@id":"https:\/\/tourtravelandmore.com\/fr\/#\/schema\/logo\/image\/","url":"https:\/\/tourtravelandmore.com\/wp-content\/uploads\/2022\/12\/cropped-logo-cabecera-new.png","contentUrl":"https:\/\/tourtravelandmore.com\/wp-content\/uploads\/2022\/12\/cropped-logo-cabecera-new.png","width":430,"height":61,"caption":"Tour Travel And More"},"image":{"@id":"https:\/\/tourtravelandmore.com\/fr\/#\/schema\/logo\/image\/"},"sameAs":["https:\/\/www.facebook.com\/tourtravelandmore\/","https:\/\/x.com\/TourTravel_More"]}]}},"_links":{"self":[{"href":"https:\/\/tourtravelandmore.com\/fr\/wp-json\/wp\/v2\/product\/104854","targetHints":{"allow":["GET"]}}],"collection":[{"href":"https:\/\/tourtravelandmore.com\/fr\/wp-json\/wp\/v2\/product"}],"about":[{"href":"https:\/\/tourtravelandmore.com\/fr\/wp-json\/wp\/v2\/types\/product"}],"replies":[{"embeddable":true,"href":"https:\/\/tourtravelandmore.com\/fr\/wp-json\/wp\/v2\/comments?post=104854"}],"wp:featuredmedia":[{"embeddable":true,"href":"https:\/\/tourtravelandmore.com\/fr\/wp-json\/wp\/v2\/media\/98419"}],"wp:attachment":[{"href":"https:\/\/tourtravelandmore.com\/fr\/wp-json\/wp\/v2\/media?parent=104854"}],"wp:term":[{"taxonomy":"product_brand","embeddable":true,"href":"https:\/\/tourtravelandmore.com\/fr\/wp-json\/wp\/v2\/product_brand?post=104854"},{"taxonomy":"product_cat","embeddable":true,"href":"https:\/\/tourtravelandmore.com\/fr\/wp-json\/wp\/v2\/product_cat?post=104854"},{"taxonomy":"product_tag","embeddable":true,"href":"https:\/\/tourtravelandmore.com\/fr\/wp-json\/wp\/v2\/product_tag?post=104854"}],"curies":[{"name":"wp","href":"https:\/\/api.w.org\/{rel}","templated":true}]}}