{"id":104840,"date":"2020-03-24T11:09:48","date_gmt":"2020-03-24T10:09:48","guid":{"rendered":"https:\/\/tourtravelandmore.com\/tours\/non%20class\u00e9\/visite-privee-des-vins-de-washington\/"},"modified":"2025-01-27T17:48:23","modified_gmt":"2025-01-27T16:48:23","slug":"visite-privee-des-vins-de-washington","status":"publish","type":"product","link":"https:\/\/tourtravelandmore.com\/fr\/tours\/etats-unis-fr\/washington-fr\/visite-privee-des-vins-de-washington\/","title":{"rendered":"Visite priv\u00e9e des vins de Washington"},"content":{"rendered":"<h2><b><strong>Description de l&#8217;excursion viticole dans l&#8217;\u00c9tat de Washington<\/strong><\/b><\/h2>\n<p>Passez une journ\u00e9e relaxante hors de Washington et rejoignez-nous pour cette <b><strong>excursion viticole priv\u00e9e au d\u00e9part de Washington<\/strong><\/b>. Profitez de cette <b><strong>excursion priv\u00e9e d&#8217;une journ\u00e9e compl\u00e8te<\/strong><\/b> avec votre propre <b><strong>chauffeur priv\u00e9 <\/strong><\/b>et explorez le merveilleux <b><strong>comt\u00e9 de Loudoun et ses vignobles<\/strong><\/b>. Pr\u00e9parez-vous \u00e0 explorer cette magnifique r\u00e9gion et \u00e0 visiter quelques-uns de ses meilleurs vignobles.<\/p>\n<p>Nous viendrons vous chercher \u00e0 votre h\u00f4tel ou au lieu de votre choix \u00e0 <b>Washington.<\/b> Votre chauffeur\/guide priv\u00e9 vous emm\u00e8nera pour cette excursion priv\u00e9e o\u00f9 vous pourrez d\u00e9guster du vin dans un maximum de <b><strong>deux \u00e9tablissements vinicoles de la r\u00e9gion<\/strong><\/b>.<\/p>\n<p>Le<b><strong>comt\u00e9 de Loudoun <\/strong><\/b>est situ\u00e9 dans l&#8217;\u00c9tat de Virginie et fait partie de la r\u00e9gion m\u00e9tropolitaine de Washington. Loudoun est une destination incontournable pour les amateurs d&#8217;exp\u00e9riences artisanales, \u00e9picuriennes et culturelles.<\/p>\n<p>Votre chauffeur\/guide priv\u00e9 sera \u00e0 votre enti\u00e8re disposition pendant les 8 heures de la visite. Si vous le souhaitez, nous pouvons ajouter des heures suppl\u00e9mentaires \u00e0 votre exp\u00e9rience.<\/p>\n<h2><b><strong>Points d&#8217;int\u00e9r\u00eat et monuments de la visite priv\u00e9e du vin<\/strong><\/b><\/h2>\n<p>Tout d&#8217;abord, votre chauffeur priv\u00e9 viendra vous chercher \u00e0 l&#8217;endroit de votre choix \u00e0 Washington. Au cours de votre excursion priv\u00e9e \u00e0 Washington, vous d\u00e9couvrirez la merveilleuse r\u00e9gion viticole du <b><strong>comt\u00e9 de Loudoun <\/strong><\/b>en compagnie de votre chauffeur\/guide expert local.<\/p>\n<p>Sentez l&#8217;odeur fra\u00eeche de la nature et roulez pendant une heure jusqu&#8217;\u00e0 cette merveilleuse r\u00e9gion viticole. Situ\u00e9 dans le nord de la Virginie, \u00e0 25 miles de Washington D.C., le comt\u00e9 de Loudoun offre des attractions pour les amateurs de plein air, les gourmets, les amateurs de bi\u00e8re et de vin et les passionn\u00e9s d&#8217;histoire.<\/p>\n<p>Vous pouvez choisir de visiter deux vignobles \u00e0 Purcelville ou \u00e0 Leesburg, qui sont inclus dans le prix de notre visite. Vous aurez \u00e9galement du temps libre pour d\u00e9jeuner dans la r\u00e9gion (nous pouvons r\u00e9server une table dans un restaurant \u00e0 l&#8217;avance).<\/p>\n<p>Voici quelques caves que vous pourrez visiter :<\/p>\n<ul>\n<li><b><strong>Doukenie Winery<\/strong><\/b><\/li>\n<li><a href=\"https:\/\/www.sunsethillvineyard.com\/\">Sunset Hill Vineyards<\/a><\/li>\n<li><b><strong>Bluemont Vineyards<\/strong><\/b><\/li>\n<li><b><strong>Stone Tower Winery<\/strong><\/b><\/li>\n<li><b><strong>Tarara Winery<\/strong><\/b><\/li>\n<li>Et bien d&#8217;autres encore !<\/li>\n<\/ul>\n<p>Vous passerez une belle journ\u00e9e en plein air, sous le soleil, tout en d\u00e9gustant les meilleurs vins de la r\u00e9gion. C&#8217;est la visite id\u00e9ale pour se d\u00e9tendre et \u00e9chapper au bruit de la ville.<\/p>\n<p>Enfin, \u00e0 la fin de la visite, votre chauffeur\/guide priv\u00e9 vous ram\u00e8nera \u00e0 Washington.<\/p>\n<p>Si vous aimez aussi visiter les mus\u00e9es, jetez un coup d&#8217;\u0153il \u00e0 notre <a href=\"\/?p=77438\">visite priv\u00e9e des mus\u00e9es Smithsonian<\/a>.<\/p>\n","protected":false},"excerpt":{"rendered":"<p>Profitez de cette exp\u00e9rience compl\u00e8tement priv\u00e9e pour visiter la belle r\u00e9gion du comt\u00e9 de Loudoun et ses vignobles, dans votre v\u00e9hicule de luxe priv\u00e9, avec votre propre chauffeur \/ guide priv\u00e9. Saisissez cette occasion pour d\u00e9couvrir cette merveilleuse r\u00e9gion, visiter ses meilleurs vignobles et d\u00e9guster le vin local.<\/p>\n","protected":false},"featured_media":97400,"comment_status":"open","ping_status":"closed","template":"","meta":{"_acf_changed":false},"product_brand":[],"product_cat":[5458,5460,3547,3805],"product_tag":[],"class_list":{"0":"post-104840","1":"product","2":"type-product","3":"status-publish","4":"has-post-thumbnail","6":"product_cat-all-private-tours-activities-fr-36","7":"product_cat-private-sightseeing-tours-fr-44","8":"product_cat-etats-unis-fr","9":"product_cat-washington-fr","11":"first","12":"instock","13":"shipping-taxable","14":"purchasable","15":"product-type-simple"},"acf":[],"yoast_head":"<!-- This site is optimized with the Yoast SEO Premium plugin v25.3.1 (Yoast SEO v25.3.1) - https:\/\/yoast.com\/wordpress\/plugins\/seo\/ -->\n<title>Visite priv\u00e9e des vins de Washington au comt\u00e9 de Loudoun avec chauffeur \/ guide<\/title>\n<meta name=\"description\" content=\"Profitez au maximum de votre s\u00e9jour \u00e0 Washington et visitez le magnifique comt\u00e9 de Loudoun. Profitez d&#039;une d\u00e9gustation de vins dans 3 des meilleurs vignobles de la r\u00e9gion.\" \/>\n<meta name=\"robots\" content=\"index, follow, max-snippet:-1, max-image-preview:large, max-video-preview:-1\" \/>\n<link rel=\"canonical\" href=\"https:\/\/tourtravelandmore.com\/fr\/tours\/etats-unis-fr\/washington-fr\/visite-privee-des-vins-de-washington\/\" \/>\n<meta property=\"og:locale\" content=\"fr_FR\" \/>\n<meta property=\"og:type\" content=\"article\" \/>\n<meta property=\"og:title\" content=\"Visite priv\u00e9e des vins de Washington\" \/>\n<meta property=\"og:description\" content=\"Profitez au maximum de votre s\u00e9jour \u00e0 Washington et visitez le magnifique comt\u00e9 de Loudoun. Profitez d&#039;une d\u00e9gustation de vins dans 3 des meilleurs vignobles de la r\u00e9gion.\" \/>\n<meta property=\"og:url\" content=\"https:\/\/tourtravelandmore.com\/fr\/tours\/etats-unis-fr\/washington-fr\/visite-privee-des-vins-de-washington\/\" \/>\n<meta property=\"og:site_name\" content=\"Tour Travel And More\" \/>\n<meta property=\"article:publisher\" content=\"https:\/\/www.facebook.com\/tourtravelandmore\/\" \/>\n<meta property=\"article:modified_time\" content=\"2025-01-27T16:48:23+00:00\" \/>\n<meta property=\"og:image\" content=\"https:\/\/tourtravelandmore.com\/wp-content\/uploads\/2020\/03\/loudon.jpg\" \/>\n\t<meta property=\"og:image:width\" content=\"1024\" \/>\n\t<meta property=\"og:image:height\" content=\"678\" \/>\n\t<meta property=\"og:image:type\" content=\"image\/jpeg\" \/>\n<meta name=\"twitter:card\" content=\"summary_large_image\" \/>\n<meta name=\"twitter:site\" content=\"@TourTravel_More\" \/>\n<meta name=\"twitter:label1\" content=\"Dur\u00e9e de lecture estim\u00e9e\" \/>\n\t<meta name=\"twitter:data1\" content=\"2 minutes\" \/>\n<script type=\"application\/ld+json\" class=\"yoast-schema-graph\">{\"@context\":\"https:\/\/schema.org\",\"@graph\":[{\"@type\":\"WebPage\",\"@id\":\"https:\/\/tourtravelandmore.com\/fr\/tours\/etats-unis-fr\/washington-fr\/visite-privee-des-vins-de-washington\/\",\"url\":\"https:\/\/tourtravelandmore.com\/fr\/tours\/etats-unis-fr\/washington-fr\/visite-privee-des-vins-de-washington\/\",\"name\":\"Visite priv\u00e9e des vins de Washington au comt\u00e9 de Loudoun avec chauffeur \/ guide\",\"isPartOf\":{\"@id\":\"https:\/\/tourtravelandmore.com\/fr\/#website\"},\"primaryImageOfPage\":{\"@id\":\"https:\/\/tourtravelandmore.com\/fr\/tours\/etats-unis-fr\/washington-fr\/visite-privee-des-vins-de-washington\/#primaryimage\"},\"image\":{\"@id\":\"https:\/\/tourtravelandmore.com\/fr\/tours\/etats-unis-fr\/washington-fr\/visite-privee-des-vins-de-washington\/#primaryimage\"},\"thumbnailUrl\":\"https:\/\/tourtravelandmore.com\/wp-content\/uploads\/2020\/03\/loudon.jpg\",\"datePublished\":\"2020-03-24T10:09:48+00:00\",\"dateModified\":\"2025-01-27T16:48:23+00:00\",\"description\":\"Profitez au maximum de votre s\u00e9jour \u00e0 Washington et visitez le magnifique comt\u00e9 de Loudoun. Profitez d'une d\u00e9gustation de vins dans 3 des meilleurs vignobles de la r\u00e9gion.\",\"breadcrumb\":{\"@id\":\"https:\/\/tourtravelandmore.com\/fr\/tours\/etats-unis-fr\/washington-fr\/visite-privee-des-vins-de-washington\/#breadcrumb\"},\"inLanguage\":\"fr-FR\",\"potentialAction\":[{\"@type\":\"ReadAction\",\"target\":[\"https:\/\/tourtravelandmore.com\/fr\/tours\/etats-unis-fr\/washington-fr\/visite-privee-des-vins-de-washington\/\"]}]},{\"@type\":\"ImageObject\",\"inLanguage\":\"fr-FR\",\"@id\":\"https:\/\/tourtravelandmore.com\/fr\/tours\/etats-unis-fr\/washington-fr\/visite-privee-des-vins-de-washington\/#primaryimage\",\"url\":\"https:\/\/tourtravelandmore.com\/wp-content\/uploads\/2020\/03\/loudon.jpg\",\"contentUrl\":\"https:\/\/tourtravelandmore.com\/wp-content\/uploads\/2020\/03\/loudon.jpg\",\"width\":1024,\"height\":678},{\"@type\":\"BreadcrumbList\",\"@id\":\"https:\/\/tourtravelandmore.com\/fr\/tours\/etats-unis-fr\/washington-fr\/visite-privee-des-vins-de-washington\/#breadcrumb\",\"itemListElement\":[{\"@type\":\"ListItem\",\"position\":1,\"name\":\"Home\",\"item\":\"https:\/\/tourtravelandmore.com\/fr\/\"},{\"@type\":\"ListItem\",\"position\":2,\"name\":\"Tours\",\"item\":\"https:\/\/tourtravelandmore.com\/fr\/tours\/\"},{\"@type\":\"ListItem\",\"position\":3,\"name\":\"Visite priv\u00e9e des vins de Washington\"}]},{\"@type\":\"WebSite\",\"@id\":\"https:\/\/tourtravelandmore.com\/fr\/#website\",\"url\":\"https:\/\/tourtravelandmore.com\/fr\/\",\"name\":\"Tour Travel And More\",\"description\":\"Private sightseeing tours and luxury transfers in Spain\",\"publisher\":{\"@id\":\"https:\/\/tourtravelandmore.com\/fr\/#organization\"},\"potentialAction\":[{\"@type\":\"SearchAction\",\"target\":{\"@type\":\"EntryPoint\",\"urlTemplate\":\"https:\/\/tourtravelandmore.com\/fr\/?s={search_term_string}\"},\"query-input\":{\"@type\":\"PropertyValueSpecification\",\"valueRequired\":true,\"valueName\":\"search_term_string\"}}],\"inLanguage\":\"fr-FR\"},{\"@type\":\"Organization\",\"@id\":\"https:\/\/tourtravelandmore.com\/fr\/#organization\",\"name\":\"Tour Travel And More\",\"url\":\"https:\/\/tourtravelandmore.com\/fr\/\",\"logo\":{\"@type\":\"ImageObject\",\"inLanguage\":\"fr-FR\",\"@id\":\"https:\/\/tourtravelandmore.com\/fr\/#\/schema\/logo\/image\/\",\"url\":\"https:\/\/tourtravelandmore.com\/wp-content\/uploads\/2022\/12\/cropped-logo-cabecera-new.png\",\"contentUrl\":\"https:\/\/tourtravelandmore.com\/wp-content\/uploads\/2022\/12\/cropped-logo-cabecera-new.png\",\"width\":430,\"height\":61,\"caption\":\"Tour Travel And More\"},\"image\":{\"@id\":\"https:\/\/tourtravelandmore.com\/fr\/#\/schema\/logo\/image\/\"},\"sameAs\":[\"https:\/\/www.facebook.com\/tourtravelandmore\/\",\"https:\/\/x.com\/TourTravel_More\"]}]}<\/script>\n<!-- \/ Yoast SEO Premium plugin. -->","yoast_head_json":{"title":"Visite priv\u00e9e des vins de Washington au comt\u00e9 de Loudoun avec chauffeur \/ guide","description":"Profitez au maximum de votre s\u00e9jour \u00e0 Washington et visitez le magnifique comt\u00e9 de Loudoun. Profitez d'une d\u00e9gustation de vins dans 3 des meilleurs vignobles de la r\u00e9gion.","robots":{"index":"index","follow":"follow","max-snippet":"max-snippet:-1","max-image-preview":"max-image-preview:large","max-video-preview":"max-video-preview:-1"},"canonical":"https:\/\/tourtravelandmore.com\/fr\/tours\/etats-unis-fr\/washington-fr\/visite-privee-des-vins-de-washington\/","og_locale":"fr_FR","og_type":"article","og_title":"Visite priv\u00e9e des vins de Washington","og_description":"Profitez au maximum de votre s\u00e9jour \u00e0 Washington et visitez le magnifique comt\u00e9 de Loudoun. Profitez d'une d\u00e9gustation de vins dans 3 des meilleurs vignobles de la r\u00e9gion.","og_url":"https:\/\/tourtravelandmore.com\/fr\/tours\/etats-unis-fr\/washington-fr\/visite-privee-des-vins-de-washington\/","og_site_name":"Tour Travel And More","article_publisher":"https:\/\/www.facebook.com\/tourtravelandmore\/","article_modified_time":"2025-01-27T16:48:23+00:00","og_image":[{"width":1024,"height":678,"url":"https:\/\/tourtravelandmore.com\/wp-content\/uploads\/2020\/03\/loudon.jpg","type":"image\/jpeg"}],"twitter_card":"summary_large_image","twitter_site":"@TourTravel_More","twitter_misc":{"Dur\u00e9e de lecture estim\u00e9e":"2 minutes"},"schema":{"@context":"https:\/\/schema.org","@graph":[{"@type":"WebPage","@id":"https:\/\/tourtravelandmore.com\/fr\/tours\/etats-unis-fr\/washington-fr\/visite-privee-des-vins-de-washington\/","url":"https:\/\/tourtravelandmore.com\/fr\/tours\/etats-unis-fr\/washington-fr\/visite-privee-des-vins-de-washington\/","name":"Visite priv\u00e9e des vins de Washington au comt\u00e9 de Loudoun avec chauffeur \/ guide","isPartOf":{"@id":"https:\/\/tourtravelandmore.com\/fr\/#website"},"primaryImageOfPage":{"@id":"https:\/\/tourtravelandmore.com\/fr\/tours\/etats-unis-fr\/washington-fr\/visite-privee-des-vins-de-washington\/#primaryimage"},"image":{"@id":"https:\/\/tourtravelandmore.com\/fr\/tours\/etats-unis-fr\/washington-fr\/visite-privee-des-vins-de-washington\/#primaryimage"},"thumbnailUrl":"https:\/\/tourtravelandmore.com\/wp-content\/uploads\/2020\/03\/loudon.jpg","datePublished":"2020-03-24T10:09:48+00:00","dateModified":"2025-01-27T16:48:23+00:00","description":"Profitez au maximum de votre s\u00e9jour \u00e0 Washington et visitez le magnifique comt\u00e9 de Loudoun. Profitez d'une d\u00e9gustation de vins dans 3 des meilleurs vignobles de la r\u00e9gion.","breadcrumb":{"@id":"https:\/\/tourtravelandmore.com\/fr\/tours\/etats-unis-fr\/washington-fr\/visite-privee-des-vins-de-washington\/#breadcrumb"},"inLanguage":"fr-FR","potentialAction":[{"@type":"ReadAction","target":["https:\/\/tourtravelandmore.com\/fr\/tours\/etats-unis-fr\/washington-fr\/visite-privee-des-vins-de-washington\/"]}]},{"@type":"ImageObject","inLanguage":"fr-FR","@id":"https:\/\/tourtravelandmore.com\/fr\/tours\/etats-unis-fr\/washington-fr\/visite-privee-des-vins-de-washington\/#primaryimage","url":"https:\/\/tourtravelandmore.com\/wp-content\/uploads\/2020\/03\/loudon.jpg","contentUrl":"https:\/\/tourtravelandmore.com\/wp-content\/uploads\/2020\/03\/loudon.jpg","width":1024,"height":678},{"@type":"BreadcrumbList","@id":"https:\/\/tourtravelandmore.com\/fr\/tours\/etats-unis-fr\/washington-fr\/visite-privee-des-vins-de-washington\/#breadcrumb","itemListElement":[{"@type":"ListItem","position":1,"name":"Home","item":"https:\/\/tourtravelandmore.com\/fr\/"},{"@type":"ListItem","position":2,"name":"Tours","item":"https:\/\/tourtravelandmore.com\/fr\/tours\/"},{"@type":"ListItem","position":3,"name":"Visite priv\u00e9e des vins de Washington"}]},{"@type":"WebSite","@id":"https:\/\/tourtravelandmore.com\/fr\/#website","url":"https:\/\/tourtravelandmore.com\/fr\/","name":"Tour Travel And More","description":"Private sightseeing tours and luxury transfers in Spain","publisher":{"@id":"https:\/\/tourtravelandmore.com\/fr\/#organization"},"potentialAction":[{"@type":"SearchAction","target":{"@type":"EntryPoint","urlTemplate":"https:\/\/tourtravelandmore.com\/fr\/?s={search_term_string}"},"query-input":{"@type":"PropertyValueSpecification","valueRequired":true,"valueName":"search_term_string"}}],"inLanguage":"fr-FR"},{"@type":"Organization","@id":"https:\/\/tourtravelandmore.com\/fr\/#organization","name":"Tour Travel And More","url":"https:\/\/tourtravelandmore.com\/fr\/","logo":{"@type":"ImageObject","inLanguage":"fr-FR","@id":"https:\/\/tourtravelandmore.com\/fr\/#\/schema\/logo\/image\/","url":"https:\/\/tourtravelandmore.com\/wp-content\/uploads\/2022\/12\/cropped-logo-cabecera-new.png","contentUrl":"https:\/\/tourtravelandmore.com\/wp-content\/uploads\/2022\/12\/cropped-logo-cabecera-new.png","width":430,"height":61,"caption":"Tour Travel And More"},"image":{"@id":"https:\/\/tourtravelandmore.com\/fr\/#\/schema\/logo\/image\/"},"sameAs":["https:\/\/www.facebook.com\/tourtravelandmore\/","https:\/\/x.com\/TourTravel_More"]}]}},"_links":{"self":[{"href":"https:\/\/tourtravelandmore.com\/fr\/wp-json\/wp\/v2\/product\/104840","targetHints":{"allow":["GET"]}}],"collection":[{"href":"https:\/\/tourtravelandmore.com\/fr\/wp-json\/wp\/v2\/product"}],"about":[{"href":"https:\/\/tourtravelandmore.com\/fr\/wp-json\/wp\/v2\/types\/product"}],"replies":[{"embeddable":true,"href":"https:\/\/tourtravelandmore.com\/fr\/wp-json\/wp\/v2\/comments?post=104840"}],"wp:featuredmedia":[{"embeddable":true,"href":"https:\/\/tourtravelandmore.com\/fr\/wp-json\/wp\/v2\/media\/97400"}],"wp:attachment":[{"href":"https:\/\/tourtravelandmore.com\/fr\/wp-json\/wp\/v2\/media?parent=104840"}],"wp:term":[{"taxonomy":"product_brand","embeddable":true,"href":"https:\/\/tourtravelandmore.com\/fr\/wp-json\/wp\/v2\/product_brand?post=104840"},{"taxonomy":"product_cat","embeddable":true,"href":"https:\/\/tourtravelandmore.com\/fr\/wp-json\/wp\/v2\/product_cat?post=104840"},{"taxonomy":"product_tag","embeddable":true,"href":"https:\/\/tourtravelandmore.com\/fr\/wp-json\/wp\/v2\/product_tag?post=104840"}],"curies":[{"name":"wp","href":"https:\/\/api.w.org\/{rel}","templated":true}]}}