{"id":104835,"date":"2020-02-21T09:29:05","date_gmt":"2020-02-21T08:29:05","guid":{"rendered":"https:\/\/tourtravelandmore.com\/tours\/non%20class\u00e9\/visite-privee-de-washington-de-nuit\/"},"modified":"2025-01-27T17:22:35","modified_gmt":"2025-01-27T16:22:35","slug":"visite-privee-de-washington-de-nuit","status":"publish","type":"product","link":"https:\/\/tourtravelandmore.com\/fr\/tours\/etats-unis-fr\/washington-fr\/visite-privee-de-washington-de-nuit\/","title":{"rendered":"Visite priv\u00e9e de Washington de nuit"},"content":{"rendered":"<h2><strong>Visite priv\u00e9e de nuit Description<\/strong><\/h2>\n<p>Vous devez absolument saisir l&#8217;occasion de visiter <strong>Washington<\/strong> de nuit et d&#8217;admirer ses b\u00e2timents uniques illumin\u00e9s. Accompagnez-nous dans cette <strong>visite priv\u00e9e de Washington de nuit<\/strong> avec votre <strong>chauffeur\/guide<\/strong> <strong>priv\u00e9<\/strong>. Pr\u00e9parez-vous \u00e0 explorer les endroits les plus embl\u00e9matiques et les plus agr\u00e9ables de cette merveilleuse ville au clair de lune.<\/p>\n<p>Comme il s&#8217;agit d&#8217;une visite priv\u00e9e, nous pouvons organiser la prise en charge depuis le lieu de votre choix \u00e0 Washington. Vous pouvez \u00e9galement d\u00e9cider de l&#8217;heure de d\u00e9but de l&#8217;excursion, qui peut s&#8217;adapter \u00e0 l&#8217;horaire de vos vacances.<\/p>\n<p><strong>Washington<\/strong> est la capitale des Etats-Unis et l&#8217;une des villes les plus visit\u00e9es au monde. La ville est situ\u00e9e dans la r\u00e9gion du centre de l&#8217;Atlantique, sur la c\u00f4te est des \u00c9tats-Unis, et sa population avoisine les 700 000 habitants. La ville accueille 177 ambassades \u00e9trang\u00e8res et est consid\u00e9r\u00e9e comme l&#8217;une des plus importantes capitales politiques mondiales.<\/p>\n<p>Gr\u00e2ce \u00e0 cette visite priv\u00e9e, vous pourrez non seulement conna\u00eetre les lieux les plus importants, mais aussi les admirer sous d&#8217;autres angles. Votre guide officiel priv\u00e9 sera \u00e0 votre enti\u00e8re disposition pendant toute la dur\u00e9e de la visite.<\/p>\n<p>Un autre tour possible que nous pouvons vous offrir est notre <a href=\"https:\/\/tourtravelandmore.com\/tours\/u-s-a\/washington-en\/washington-activities-en\/private-6-hour-tour-of-washington-dc-war-memorials\/\">tour priv\u00e9 du Washington DC War Memorial<\/a>, jetez-y un coup d&#8217;oeil !<\/p>\n<h2><strong>Washington de nuit, les points d&#8217;int\u00e9r\u00eat et les sites touristiques<\/strong><\/h2>\n<p>Tout d&#8217;abord, votre chauffeur priv\u00e9 et guide officiel viendra vous chercher \u00e0 votre h\u00f4tel ou \u00e0 l&#8217;endroit de votre choix \u00e0 Washington.<\/p>\n<p>Pendant cette visite priv\u00e9e de Washington de nuit, vous pourrez prendre une photo et profiter d&#8217;une vue de la <strong>Maison Blanche<\/strong>. Traversez la rue et marchez dans le parc o\u00f9 ont lieu la plupart des manifestations politiques \u00e0 Washington. D\u00e9couvrez l&#8217;histoire du gouvernement des \u00c9tats-Unis en visitant le <strong>Capitol Visitor Center<\/strong>. Apprenez \u00e0 conna\u00eetre de nuit les sites les plus importants de Washington DC en visitant tous les monuments et m\u00e9moriaux r\u00e9partis dans la ville.<\/p>\n<p>Au cours de cette exp\u00e9rience unique, nous vous proposons de visiter, entre autres, les sites suivants<\/p>\n<ul>\n<li><strong>National Mall<\/strong><\/li>\n<li><a href=\"https:\/\/www.nps.gov\/linc\/index.htm\/index.htm\">le Lincoln Memorial<\/a><\/li>\n<li><strong>M\u00e9morial des v\u00e9t\u00e9rans du Vietnam<\/strong><\/li>\n<li><strong>Piscine r\u00e9fl\u00e9chissante<\/strong><\/li>\n<li><strong>Maison Blanche<\/strong><\/li>\n<li><strong>Capitole des \u00c9tats-Unis<\/strong><\/li>\n<li><strong>Biblioth\u00e8que du Congr\u00e8s<\/strong><\/li>\n<li><strong>Le quartier chinois<\/strong><\/li>\n<li>Et bien d&#8217;autres choses encore !<\/li>\n<\/ul>\n<p>Enfin, \u00e0 la fin de la visite, votre chauffeur priv\u00e9 et votre guide officiel vous d\u00e9poseront \u00e0 votre h\u00f4tel. Si vous pr\u00e9f\u00e9rez, nous pouvons inclure une r\u00e9servation de restaurant pour votre exp\u00e9rience.<\/p>\n","protected":false},"excerpt":{"rendered":"<p>Explorez la capitale des \u00c9tats-Unis la nuit \u00e0 l&#8217;aise dans votre v\u00e9hicule priv\u00e9 et apprenez l&#8217;histoire de la ville avec votre guide officiel. V\u00e9rifiez les belles veilleuses des principaux b\u00e2timents de Washington.<\/p>\n","protected":false},"featured_media":98403,"comment_status":"open","ping_status":"closed","template":"","meta":{"_acf_changed":false},"product_brand":[],"product_cat":[5458,5460,3547,3805],"product_tag":[],"class_list":{"0":"post-104835","1":"product","2":"type-product","3":"status-publish","4":"has-post-thumbnail","6":"product_cat-all-private-tours-activities-fr-36","7":"product_cat-private-sightseeing-tours-fr-44","8":"product_cat-etats-unis-fr","9":"product_cat-washington-fr","11":"first","12":"instock","13":"shipping-taxable","14":"purchasable","15":"product-type-simple"},"acf":[],"yoast_head":"<!-- This site is optimized with the Yoast SEO Premium plugin v25.3.1 (Yoast SEO v25.3.1) - https:\/\/yoast.com\/wordpress\/plugins\/seo\/ -->\n<title>Visite priv\u00e9e de Washington de nuit avec un guide local et un chauffeur priv\u00e9<\/title>\n<meta name=\"description\" content=\"Profitez de cette visite priv\u00e9e de Washington de nuit. Pr\u00e9parez-vous \u00e0 explorer ses monuments historiques, ses m\u00e9moriaux, ses mus\u00e9es et bien plus encore au clair de lune.\" \/>\n<meta name=\"robots\" content=\"index, follow, max-snippet:-1, max-image-preview:large, max-video-preview:-1\" \/>\n<link rel=\"canonical\" href=\"https:\/\/tourtravelandmore.com\/fr\/tours\/etats-unis-fr\/washington-fr\/visite-privee-de-washington-de-nuit\/\" \/>\n<meta property=\"og:locale\" content=\"fr_FR\" \/>\n<meta property=\"og:type\" content=\"article\" \/>\n<meta property=\"og:title\" content=\"Visite priv\u00e9e de Washington de nuit\" \/>\n<meta property=\"og:description\" content=\"Profitez de cette visite priv\u00e9e de Washington de nuit. Pr\u00e9parez-vous \u00e0 explorer ses monuments historiques, ses m\u00e9moriaux, ses mus\u00e9es et bien plus encore au clair de lune.\" \/>\n<meta property=\"og:url\" content=\"https:\/\/tourtravelandmore.com\/fr\/tours\/etats-unis-fr\/washington-fr\/visite-privee-de-washington-de-nuit\/\" \/>\n<meta property=\"og:site_name\" content=\"Tour Travel And More\" \/>\n<meta property=\"article:publisher\" content=\"https:\/\/www.facebook.com\/tourtravelandmore\/\" \/>\n<meta property=\"article:modified_time\" content=\"2025-01-27T16:22:35+00:00\" \/>\n<meta property=\"og:image\" content=\"https:\/\/tourtravelandmore.com\/wp-content\/uploads\/2020\/02\/Night-on-the-Hill0-1-min-scaled.jpg\" \/>\n\t<meta property=\"og:image:width\" content=\"2560\" \/>\n\t<meta property=\"og:image:height\" content=\"1685\" \/>\n\t<meta property=\"og:image:type\" content=\"image\/jpeg\" \/>\n<meta name=\"twitter:card\" content=\"summary_large_image\" \/>\n<meta name=\"twitter:site\" content=\"@TourTravel_More\" \/>\n<meta name=\"twitter:label1\" content=\"Dur\u00e9e de lecture estim\u00e9e\" \/>\n\t<meta name=\"twitter:data1\" content=\"2 minutes\" \/>\n<script type=\"application\/ld+json\" class=\"yoast-schema-graph\">{\"@context\":\"https:\/\/schema.org\",\"@graph\":[{\"@type\":\"WebPage\",\"@id\":\"https:\/\/tourtravelandmore.com\/fr\/tours\/etats-unis-fr\/washington-fr\/visite-privee-de-washington-de-nuit\/\",\"url\":\"https:\/\/tourtravelandmore.com\/fr\/tours\/etats-unis-fr\/washington-fr\/visite-privee-de-washington-de-nuit\/\",\"name\":\"Visite priv\u00e9e de Washington de nuit avec un guide local et un chauffeur priv\u00e9\",\"isPartOf\":{\"@id\":\"https:\/\/tourtravelandmore.com\/fr\/#website\"},\"primaryImageOfPage\":{\"@id\":\"https:\/\/tourtravelandmore.com\/fr\/tours\/etats-unis-fr\/washington-fr\/visite-privee-de-washington-de-nuit\/#primaryimage\"},\"image\":{\"@id\":\"https:\/\/tourtravelandmore.com\/fr\/tours\/etats-unis-fr\/washington-fr\/visite-privee-de-washington-de-nuit\/#primaryimage\"},\"thumbnailUrl\":\"https:\/\/tourtravelandmore.com\/wp-content\/uploads\/2020\/02\/Night-on-the-Hill0-1-min-scaled.jpg\",\"datePublished\":\"2020-02-21T08:29:05+00:00\",\"dateModified\":\"2025-01-27T16:22:35+00:00\",\"description\":\"Profitez de cette visite priv\u00e9e de Washington de nuit. Pr\u00e9parez-vous \u00e0 explorer ses monuments historiques, ses m\u00e9moriaux, ses mus\u00e9es et bien plus encore au clair de lune.\",\"breadcrumb\":{\"@id\":\"https:\/\/tourtravelandmore.com\/fr\/tours\/etats-unis-fr\/washington-fr\/visite-privee-de-washington-de-nuit\/#breadcrumb\"},\"inLanguage\":\"fr-FR\",\"potentialAction\":[{\"@type\":\"ReadAction\",\"target\":[\"https:\/\/tourtravelandmore.com\/fr\/tours\/etats-unis-fr\/washington-fr\/visite-privee-de-washington-de-nuit\/\"]}]},{\"@type\":\"ImageObject\",\"inLanguage\":\"fr-FR\",\"@id\":\"https:\/\/tourtravelandmore.com\/fr\/tours\/etats-unis-fr\/washington-fr\/visite-privee-de-washington-de-nuit\/#primaryimage\",\"url\":\"https:\/\/tourtravelandmore.com\/wp-content\/uploads\/2020\/02\/Night-on-the-Hill0-1-min-scaled.jpg\",\"contentUrl\":\"https:\/\/tourtravelandmore.com\/wp-content\/uploads\/2020\/02\/Night-on-the-Hill0-1-min-scaled.jpg\",\"width\":2560,\"height\":1685},{\"@type\":\"BreadcrumbList\",\"@id\":\"https:\/\/tourtravelandmore.com\/fr\/tours\/etats-unis-fr\/washington-fr\/visite-privee-de-washington-de-nuit\/#breadcrumb\",\"itemListElement\":[{\"@type\":\"ListItem\",\"position\":1,\"name\":\"Home\",\"item\":\"https:\/\/tourtravelandmore.com\/fr\/\"},{\"@type\":\"ListItem\",\"position\":2,\"name\":\"Tours\",\"item\":\"https:\/\/tourtravelandmore.com\/fr\/tours\/\"},{\"@type\":\"ListItem\",\"position\":3,\"name\":\"Visite priv\u00e9e de Washington de nuit\"}]},{\"@type\":\"WebSite\",\"@id\":\"https:\/\/tourtravelandmore.com\/fr\/#website\",\"url\":\"https:\/\/tourtravelandmore.com\/fr\/\",\"name\":\"Tour Travel And More\",\"description\":\"Private sightseeing tours and luxury transfers in Spain\",\"publisher\":{\"@id\":\"https:\/\/tourtravelandmore.com\/fr\/#organization\"},\"potentialAction\":[{\"@type\":\"SearchAction\",\"target\":{\"@type\":\"EntryPoint\",\"urlTemplate\":\"https:\/\/tourtravelandmore.com\/fr\/?s={search_term_string}\"},\"query-input\":{\"@type\":\"PropertyValueSpecification\",\"valueRequired\":true,\"valueName\":\"search_term_string\"}}],\"inLanguage\":\"fr-FR\"},{\"@type\":\"Organization\",\"@id\":\"https:\/\/tourtravelandmore.com\/fr\/#organization\",\"name\":\"Tour Travel And More\",\"url\":\"https:\/\/tourtravelandmore.com\/fr\/\",\"logo\":{\"@type\":\"ImageObject\",\"inLanguage\":\"fr-FR\",\"@id\":\"https:\/\/tourtravelandmore.com\/fr\/#\/schema\/logo\/image\/\",\"url\":\"https:\/\/tourtravelandmore.com\/wp-content\/uploads\/2022\/12\/cropped-logo-cabecera-new.png\",\"contentUrl\":\"https:\/\/tourtravelandmore.com\/wp-content\/uploads\/2022\/12\/cropped-logo-cabecera-new.png\",\"width\":430,\"height\":61,\"caption\":\"Tour Travel And More\"},\"image\":{\"@id\":\"https:\/\/tourtravelandmore.com\/fr\/#\/schema\/logo\/image\/\"},\"sameAs\":[\"https:\/\/www.facebook.com\/tourtravelandmore\/\",\"https:\/\/x.com\/TourTravel_More\"]}]}<\/script>\n<!-- \/ Yoast SEO Premium plugin. -->","yoast_head_json":{"title":"Visite priv\u00e9e de Washington de nuit avec un guide local et un chauffeur priv\u00e9","description":"Profitez de cette visite priv\u00e9e de Washington de nuit. Pr\u00e9parez-vous \u00e0 explorer ses monuments historiques, ses m\u00e9moriaux, ses mus\u00e9es et bien plus encore au clair de lune.","robots":{"index":"index","follow":"follow","max-snippet":"max-snippet:-1","max-image-preview":"max-image-preview:large","max-video-preview":"max-video-preview:-1"},"canonical":"https:\/\/tourtravelandmore.com\/fr\/tours\/etats-unis-fr\/washington-fr\/visite-privee-de-washington-de-nuit\/","og_locale":"fr_FR","og_type":"article","og_title":"Visite priv\u00e9e de Washington de nuit","og_description":"Profitez de cette visite priv\u00e9e de Washington de nuit. Pr\u00e9parez-vous \u00e0 explorer ses monuments historiques, ses m\u00e9moriaux, ses mus\u00e9es et bien plus encore au clair de lune.","og_url":"https:\/\/tourtravelandmore.com\/fr\/tours\/etats-unis-fr\/washington-fr\/visite-privee-de-washington-de-nuit\/","og_site_name":"Tour Travel And More","article_publisher":"https:\/\/www.facebook.com\/tourtravelandmore\/","article_modified_time":"2025-01-27T16:22:35+00:00","og_image":[{"width":2560,"height":1685,"url":"https:\/\/tourtravelandmore.com\/wp-content\/uploads\/2020\/02\/Night-on-the-Hill0-1-min-scaled.jpg","type":"image\/jpeg"}],"twitter_card":"summary_large_image","twitter_site":"@TourTravel_More","twitter_misc":{"Dur\u00e9e de lecture estim\u00e9e":"2 minutes"},"schema":{"@context":"https:\/\/schema.org","@graph":[{"@type":"WebPage","@id":"https:\/\/tourtravelandmore.com\/fr\/tours\/etats-unis-fr\/washington-fr\/visite-privee-de-washington-de-nuit\/","url":"https:\/\/tourtravelandmore.com\/fr\/tours\/etats-unis-fr\/washington-fr\/visite-privee-de-washington-de-nuit\/","name":"Visite priv\u00e9e de Washington de nuit avec un guide local et un chauffeur priv\u00e9","isPartOf":{"@id":"https:\/\/tourtravelandmore.com\/fr\/#website"},"primaryImageOfPage":{"@id":"https:\/\/tourtravelandmore.com\/fr\/tours\/etats-unis-fr\/washington-fr\/visite-privee-de-washington-de-nuit\/#primaryimage"},"image":{"@id":"https:\/\/tourtravelandmore.com\/fr\/tours\/etats-unis-fr\/washington-fr\/visite-privee-de-washington-de-nuit\/#primaryimage"},"thumbnailUrl":"https:\/\/tourtravelandmore.com\/wp-content\/uploads\/2020\/02\/Night-on-the-Hill0-1-min-scaled.jpg","datePublished":"2020-02-21T08:29:05+00:00","dateModified":"2025-01-27T16:22:35+00:00","description":"Profitez de cette visite priv\u00e9e de Washington de nuit. Pr\u00e9parez-vous \u00e0 explorer ses monuments historiques, ses m\u00e9moriaux, ses mus\u00e9es et bien plus encore au clair de lune.","breadcrumb":{"@id":"https:\/\/tourtravelandmore.com\/fr\/tours\/etats-unis-fr\/washington-fr\/visite-privee-de-washington-de-nuit\/#breadcrumb"},"inLanguage":"fr-FR","potentialAction":[{"@type":"ReadAction","target":["https:\/\/tourtravelandmore.com\/fr\/tours\/etats-unis-fr\/washington-fr\/visite-privee-de-washington-de-nuit\/"]}]},{"@type":"ImageObject","inLanguage":"fr-FR","@id":"https:\/\/tourtravelandmore.com\/fr\/tours\/etats-unis-fr\/washington-fr\/visite-privee-de-washington-de-nuit\/#primaryimage","url":"https:\/\/tourtravelandmore.com\/wp-content\/uploads\/2020\/02\/Night-on-the-Hill0-1-min-scaled.jpg","contentUrl":"https:\/\/tourtravelandmore.com\/wp-content\/uploads\/2020\/02\/Night-on-the-Hill0-1-min-scaled.jpg","width":2560,"height":1685},{"@type":"BreadcrumbList","@id":"https:\/\/tourtravelandmore.com\/fr\/tours\/etats-unis-fr\/washington-fr\/visite-privee-de-washington-de-nuit\/#breadcrumb","itemListElement":[{"@type":"ListItem","position":1,"name":"Home","item":"https:\/\/tourtravelandmore.com\/fr\/"},{"@type":"ListItem","position":2,"name":"Tours","item":"https:\/\/tourtravelandmore.com\/fr\/tours\/"},{"@type":"ListItem","position":3,"name":"Visite priv\u00e9e de Washington de nuit"}]},{"@type":"WebSite","@id":"https:\/\/tourtravelandmore.com\/fr\/#website","url":"https:\/\/tourtravelandmore.com\/fr\/","name":"Tour Travel And More","description":"Private sightseeing tours and luxury transfers in Spain","publisher":{"@id":"https:\/\/tourtravelandmore.com\/fr\/#organization"},"potentialAction":[{"@type":"SearchAction","target":{"@type":"EntryPoint","urlTemplate":"https:\/\/tourtravelandmore.com\/fr\/?s={search_term_string}"},"query-input":{"@type":"PropertyValueSpecification","valueRequired":true,"valueName":"search_term_string"}}],"inLanguage":"fr-FR"},{"@type":"Organization","@id":"https:\/\/tourtravelandmore.com\/fr\/#organization","name":"Tour Travel And More","url":"https:\/\/tourtravelandmore.com\/fr\/","logo":{"@type":"ImageObject","inLanguage":"fr-FR","@id":"https:\/\/tourtravelandmore.com\/fr\/#\/schema\/logo\/image\/","url":"https:\/\/tourtravelandmore.com\/wp-content\/uploads\/2022\/12\/cropped-logo-cabecera-new.png","contentUrl":"https:\/\/tourtravelandmore.com\/wp-content\/uploads\/2022\/12\/cropped-logo-cabecera-new.png","width":430,"height":61,"caption":"Tour Travel And More"},"image":{"@id":"https:\/\/tourtravelandmore.com\/fr\/#\/schema\/logo\/image\/"},"sameAs":["https:\/\/www.facebook.com\/tourtravelandmore\/","https:\/\/x.com\/TourTravel_More"]}]}},"_links":{"self":[{"href":"https:\/\/tourtravelandmore.com\/fr\/wp-json\/wp\/v2\/product\/104835","targetHints":{"allow":["GET"]}}],"collection":[{"href":"https:\/\/tourtravelandmore.com\/fr\/wp-json\/wp\/v2\/product"}],"about":[{"href":"https:\/\/tourtravelandmore.com\/fr\/wp-json\/wp\/v2\/types\/product"}],"replies":[{"embeddable":true,"href":"https:\/\/tourtravelandmore.com\/fr\/wp-json\/wp\/v2\/comments?post=104835"}],"wp:featuredmedia":[{"embeddable":true,"href":"https:\/\/tourtravelandmore.com\/fr\/wp-json\/wp\/v2\/media\/98403"}],"wp:attachment":[{"href":"https:\/\/tourtravelandmore.com\/fr\/wp-json\/wp\/v2\/media?parent=104835"}],"wp:term":[{"taxonomy":"product_brand","embeddable":true,"href":"https:\/\/tourtravelandmore.com\/fr\/wp-json\/wp\/v2\/product_brand?post=104835"},{"taxonomy":"product_cat","embeddable":true,"href":"https:\/\/tourtravelandmore.com\/fr\/wp-json\/wp\/v2\/product_cat?post=104835"},{"taxonomy":"product_tag","embeddable":true,"href":"https:\/\/tourtravelandmore.com\/fr\/wp-json\/wp\/v2\/product_tag?post=104835"}],"curies":[{"name":"wp","href":"https:\/\/api.w.org\/{rel}","templated":true}]}}