{"id":104830,"date":"2020-02-21T09:02:13","date_gmt":"2020-02-21T08:02:13","guid":{"rendered":"https:\/\/tourtravelandmore.com\/tours\/non%20class\u00e9\/visite-privee-a-pied-de-washington\/"},"modified":"2025-01-27T15:52:55","modified_gmt":"2025-01-27T14:52:55","slug":"visite-privee-a-pied-de-washington","status":"publish","type":"product","link":"https:\/\/tourtravelandmore.com\/fr\/tours\/etats-unis-fr\/washington-fr\/visite-privee-a-pied-de-washington\/","title":{"rendered":"Visite priv\u00e9e \u00e0 pied de Washington"},"content":{"rendered":"<h2><b><strong>Description de la visite priv\u00e9e \u00e0 pied<\/strong><\/b><\/h2>\n<p>Profitez au maximum de votre s\u00e9jour \u00e0 <b><strong>Washington<\/strong><\/b> gr\u00e2ce \u00e0 cette<b><strong> visite priv\u00e9e \u00e0 pied de la ville<\/strong><\/b>. Vous d\u00e9couvrirez les endroits les plus embl\u00e9matiques et les plus agr\u00e9ables de cette merveilleuse ville. Vous aurez \u00e0 votre disposition un <b><strong>guide officiel priv\u00e9<\/strong><\/b> qui conna\u00eet tr\u00e8s bien la ville et son histoire.<\/p>\n<p>La visite commencera dans le centre de la ville \u00e0 l&#8217;heure que vous souhaitez. Il est possible d&#8217;organiser une prise en charge depuis votre h\u00f4tel ou le lieu de votre choix, s&#8217;il se trouve en dehors du centre-ville. L&#8217;\u00e9quipe de <b><strong>Tour Travel and More<\/strong><\/b> vous aidera \u00e0 organiser la visite de la meilleure fa\u00e7on possible, en fonction de vos int\u00e9r\u00eats et de vos go\u00fbts.<\/p>\n<p>Cette visite priv\u00e9e \u00e0 pied a une dur\u00e9e totale de 4 heures. N&#8217;oubliez pas que cette visite est enti\u00e8rement adaptable \u00e0 vos int\u00e9r\u00eats. Il vous suffit de nous le faire savoir et nous organiserons tout pour vous.<\/p>\n<p>Nous vous offrons \u00e9galement la possibilit\u00e9 d&#8217;une <a href=\"https:\/\/tourtravelandmore.com\/tours\/u-s-a\/washington-en\/washington-activities-en\/private-4-hour-best-of-washington-by-night-tour\/\">visite priv\u00e9e de Washington de nuit<\/a>. Apprenez \u00e0 conna\u00eetre ces monuments uniques illumin\u00e9s tout en passant un bon moment avec votre chauffeur priv\u00e9 et votre guide officiel.<\/p>\n<h2><b><strong>Points d&#8217;int\u00e9r\u00eat et monuments<\/strong><\/b><\/h2>\n<p>Au cours de votre <b><strong>visite priv\u00e9e de<\/strong><\/b> 4 heures, vous d\u00e9couvrirez certains des sites les plus embl\u00e9matiques de <b><strong>Washington.<\/strong><\/b> Apprenez l&#8217;histoire du gouvernement des \u00c9tats-Unis en visitant le <b><strong>Capitol Visitor Center<\/strong><\/b> et laissez-vous \u00e9blouir par le chef-d&#8217;\u0153uvre architectural de la Biblioth\u00e8que du Congr\u00e8s. Vous aurez l&#8217;occasion de visiter la <a href=\"https:\/\/www.supremecourt.gov\/\">Cour supr\u00eame<\/a>, qui est la plus haute juridiction des \u00c9tats-Unis d&#8217;Am\u00e9rique.<\/p>\n<p>Au cours d&#8217;une visite de 4 heures, vous pourrez d\u00e9couvrir l&#8217;histoire et le syst\u00e8me judiciaire des \u00c9tats-Unis. Vous admirerez ses b\u00e2timents et monuments en compagnie de votre expert local.<\/p>\n<p>Nous pouvons \u00e9galement inclure le billet d&#8217;entr\u00e9e pour tout monument ou mus\u00e9e que vous souhaitez visiter. Cette visite priv\u00e9e de Washington est personnalis\u00e9e pour vous et votre groupe.<\/p>\n<p>Enfin, \u00e0 la fin de la visite, votre guide officiel vous d\u00e9posera dans un lieu central de Washington.<\/p>\n","protected":false},"excerpt":{"rendered":"<p>Visitez Capitol Hill, la Cour supr\u00eame et la Biblioth\u00e8que du Congr\u00e8s \u00e0 c\u00f4t\u00e9 de votre guide officiel. Apprenez l&#8217;histoire de Washington avec votre expert local priv\u00e9 tout en visitant ses sites les plus embl\u00e9matiques.<\/p>\n","protected":false},"featured_media":97246,"comment_status":"open","ping_status":"closed","template":"","meta":{"_acf_changed":false},"product_brand":[],"product_cat":[5458,5459,3547,3805],"product_tag":[],"class_list":{"0":"post-104830","1":"product","2":"type-product","3":"status-publish","4":"has-post-thumbnail","6":"product_cat-all-private-tours-activities-fr-36","7":"product_cat-private-walking-tours-fr-23","8":"product_cat-etats-unis-fr","9":"product_cat-washington-fr","11":"first","12":"instock","13":"shipping-taxable","14":"purchasable","15":"product-type-simple"},"acf":[],"yoast_head":"<!-- This site is optimized with the Yoast SEO Premium plugin v25.3.1 (Yoast SEO v25.3.1) - https:\/\/yoast.com\/wordpress\/plugins\/seo\/ -->\n<title>Visite priv\u00e9e \u00e0 pied de Washington avec un guide local<\/title>\n<meta name=\"description\" content=\"Saisissez l&#039;occasion de visiter une ville incroyable avec beaucoup d&#039;histoire et de culture. Profitez de cette visite priv\u00e9e \u00e0 pied de Washington aux c\u00f4t\u00e9s d&#039;un guide priv\u00e9.\" \/>\n<meta name=\"robots\" content=\"index, follow, max-snippet:-1, max-image-preview:large, max-video-preview:-1\" \/>\n<link rel=\"canonical\" href=\"https:\/\/tourtravelandmore.com\/fr\/tours\/etats-unis-fr\/washington-fr\/visite-privee-a-pied-de-washington\/\" \/>\n<meta property=\"og:locale\" content=\"fr_FR\" \/>\n<meta property=\"og:type\" content=\"article\" \/>\n<meta property=\"og:title\" content=\"Visite priv\u00e9e \u00e0 pied de Washington\" \/>\n<meta property=\"og:description\" content=\"Saisissez l&#039;occasion de visiter une ville incroyable avec beaucoup d&#039;histoire et de culture. Profitez de cette visite priv\u00e9e \u00e0 pied de Washington aux c\u00f4t\u00e9s d&#039;un guide priv\u00e9.\" \/>\n<meta property=\"og:url\" content=\"https:\/\/tourtravelandmore.com\/fr\/tours\/etats-unis-fr\/washington-fr\/visite-privee-a-pied-de-washington\/\" \/>\n<meta property=\"og:site_name\" content=\"Tour Travel And More\" \/>\n<meta property=\"article:publisher\" content=\"https:\/\/www.facebook.com\/tourtravelandmore\/\" \/>\n<meta property=\"article:modified_time\" content=\"2025-01-27T14:52:55+00:00\" \/>\n<meta property=\"og:image\" content=\"https:\/\/tourtravelandmore.com\/wp-content\/uploads\/2020\/02\/w19.jpg\" \/>\n\t<meta property=\"og:image:width\" content=\"1024\" \/>\n\t<meta property=\"og:image:height\" content=\"768\" \/>\n\t<meta property=\"og:image:type\" content=\"image\/jpeg\" \/>\n<meta name=\"twitter:card\" content=\"summary_large_image\" \/>\n<meta name=\"twitter:site\" content=\"@TourTravel_More\" \/>\n<meta name=\"twitter:label1\" content=\"Dur\u00e9e de lecture estim\u00e9e\" \/>\n\t<meta name=\"twitter:data1\" content=\"2 minutes\" \/>\n<script type=\"application\/ld+json\" class=\"yoast-schema-graph\">{\"@context\":\"https:\/\/schema.org\",\"@graph\":[{\"@type\":\"WebPage\",\"@id\":\"https:\/\/tourtravelandmore.com\/fr\/tours\/etats-unis-fr\/washington-fr\/visite-privee-a-pied-de-washington\/\",\"url\":\"https:\/\/tourtravelandmore.com\/fr\/tours\/etats-unis-fr\/washington-fr\/visite-privee-a-pied-de-washington\/\",\"name\":\"Visite priv\u00e9e \u00e0 pied de Washington avec un guide local\",\"isPartOf\":{\"@id\":\"https:\/\/tourtravelandmore.com\/fr\/#website\"},\"primaryImageOfPage\":{\"@id\":\"https:\/\/tourtravelandmore.com\/fr\/tours\/etats-unis-fr\/washington-fr\/visite-privee-a-pied-de-washington\/#primaryimage\"},\"image\":{\"@id\":\"https:\/\/tourtravelandmore.com\/fr\/tours\/etats-unis-fr\/washington-fr\/visite-privee-a-pied-de-washington\/#primaryimage\"},\"thumbnailUrl\":\"https:\/\/tourtravelandmore.com\/wp-content\/uploads\/2020\/02\/w19.jpg\",\"datePublished\":\"2020-02-21T08:02:13+00:00\",\"dateModified\":\"2025-01-27T14:52:55+00:00\",\"description\":\"Saisissez l'occasion de visiter une ville incroyable avec beaucoup d'histoire et de culture. Profitez de cette visite priv\u00e9e \u00e0 pied de Washington aux c\u00f4t\u00e9s d'un guide priv\u00e9.\",\"breadcrumb\":{\"@id\":\"https:\/\/tourtravelandmore.com\/fr\/tours\/etats-unis-fr\/washington-fr\/visite-privee-a-pied-de-washington\/#breadcrumb\"},\"inLanguage\":\"fr-FR\",\"potentialAction\":[{\"@type\":\"ReadAction\",\"target\":[\"https:\/\/tourtravelandmore.com\/fr\/tours\/etats-unis-fr\/washington-fr\/visite-privee-a-pied-de-washington\/\"]}]},{\"@type\":\"ImageObject\",\"inLanguage\":\"fr-FR\",\"@id\":\"https:\/\/tourtravelandmore.com\/fr\/tours\/etats-unis-fr\/washington-fr\/visite-privee-a-pied-de-washington\/#primaryimage\",\"url\":\"https:\/\/tourtravelandmore.com\/wp-content\/uploads\/2020\/02\/w19.jpg\",\"contentUrl\":\"https:\/\/tourtravelandmore.com\/wp-content\/uploads\/2020\/02\/w19.jpg\",\"width\":1024,\"height\":768},{\"@type\":\"BreadcrumbList\",\"@id\":\"https:\/\/tourtravelandmore.com\/fr\/tours\/etats-unis-fr\/washington-fr\/visite-privee-a-pied-de-washington\/#breadcrumb\",\"itemListElement\":[{\"@type\":\"ListItem\",\"position\":1,\"name\":\"Home\",\"item\":\"https:\/\/tourtravelandmore.com\/fr\/\"},{\"@type\":\"ListItem\",\"position\":2,\"name\":\"Tours\",\"item\":\"https:\/\/tourtravelandmore.com\/fr\/tours\/\"},{\"@type\":\"ListItem\",\"position\":3,\"name\":\"Visite priv\u00e9e \u00e0 pied de Washington\"}]},{\"@type\":\"WebSite\",\"@id\":\"https:\/\/tourtravelandmore.com\/fr\/#website\",\"url\":\"https:\/\/tourtravelandmore.com\/fr\/\",\"name\":\"Tour Travel And More\",\"description\":\"Private sightseeing tours and luxury transfers in Spain\",\"publisher\":{\"@id\":\"https:\/\/tourtravelandmore.com\/fr\/#organization\"},\"potentialAction\":[{\"@type\":\"SearchAction\",\"target\":{\"@type\":\"EntryPoint\",\"urlTemplate\":\"https:\/\/tourtravelandmore.com\/fr\/?s={search_term_string}\"},\"query-input\":{\"@type\":\"PropertyValueSpecification\",\"valueRequired\":true,\"valueName\":\"search_term_string\"}}],\"inLanguage\":\"fr-FR\"},{\"@type\":\"Organization\",\"@id\":\"https:\/\/tourtravelandmore.com\/fr\/#organization\",\"name\":\"Tour Travel And More\",\"url\":\"https:\/\/tourtravelandmore.com\/fr\/\",\"logo\":{\"@type\":\"ImageObject\",\"inLanguage\":\"fr-FR\",\"@id\":\"https:\/\/tourtravelandmore.com\/fr\/#\/schema\/logo\/image\/\",\"url\":\"https:\/\/tourtravelandmore.com\/wp-content\/uploads\/2022\/12\/cropped-logo-cabecera-new.png\",\"contentUrl\":\"https:\/\/tourtravelandmore.com\/wp-content\/uploads\/2022\/12\/cropped-logo-cabecera-new.png\",\"width\":430,\"height\":61,\"caption\":\"Tour Travel And More\"},\"image\":{\"@id\":\"https:\/\/tourtravelandmore.com\/fr\/#\/schema\/logo\/image\/\"},\"sameAs\":[\"https:\/\/www.facebook.com\/tourtravelandmore\/\",\"https:\/\/x.com\/TourTravel_More\"]}]}<\/script>\n<!-- \/ Yoast SEO Premium plugin. -->","yoast_head_json":{"title":"Visite priv\u00e9e \u00e0 pied de Washington avec un guide local","description":"Saisissez l'occasion de visiter une ville incroyable avec beaucoup d'histoire et de culture. Profitez de cette visite priv\u00e9e \u00e0 pied de Washington aux c\u00f4t\u00e9s d'un guide priv\u00e9.","robots":{"index":"index","follow":"follow","max-snippet":"max-snippet:-1","max-image-preview":"max-image-preview:large","max-video-preview":"max-video-preview:-1"},"canonical":"https:\/\/tourtravelandmore.com\/fr\/tours\/etats-unis-fr\/washington-fr\/visite-privee-a-pied-de-washington\/","og_locale":"fr_FR","og_type":"article","og_title":"Visite priv\u00e9e \u00e0 pied de Washington","og_description":"Saisissez l'occasion de visiter une ville incroyable avec beaucoup d'histoire et de culture. Profitez de cette visite priv\u00e9e \u00e0 pied de Washington aux c\u00f4t\u00e9s d'un guide priv\u00e9.","og_url":"https:\/\/tourtravelandmore.com\/fr\/tours\/etats-unis-fr\/washington-fr\/visite-privee-a-pied-de-washington\/","og_site_name":"Tour Travel And More","article_publisher":"https:\/\/www.facebook.com\/tourtravelandmore\/","article_modified_time":"2025-01-27T14:52:55+00:00","og_image":[{"width":1024,"height":768,"url":"https:\/\/tourtravelandmore.com\/wp-content\/uploads\/2020\/02\/w19.jpg","type":"image\/jpeg"}],"twitter_card":"summary_large_image","twitter_site":"@TourTravel_More","twitter_misc":{"Dur\u00e9e de lecture estim\u00e9e":"2 minutes"},"schema":{"@context":"https:\/\/schema.org","@graph":[{"@type":"WebPage","@id":"https:\/\/tourtravelandmore.com\/fr\/tours\/etats-unis-fr\/washington-fr\/visite-privee-a-pied-de-washington\/","url":"https:\/\/tourtravelandmore.com\/fr\/tours\/etats-unis-fr\/washington-fr\/visite-privee-a-pied-de-washington\/","name":"Visite priv\u00e9e \u00e0 pied de Washington avec un guide local","isPartOf":{"@id":"https:\/\/tourtravelandmore.com\/fr\/#website"},"primaryImageOfPage":{"@id":"https:\/\/tourtravelandmore.com\/fr\/tours\/etats-unis-fr\/washington-fr\/visite-privee-a-pied-de-washington\/#primaryimage"},"image":{"@id":"https:\/\/tourtravelandmore.com\/fr\/tours\/etats-unis-fr\/washington-fr\/visite-privee-a-pied-de-washington\/#primaryimage"},"thumbnailUrl":"https:\/\/tourtravelandmore.com\/wp-content\/uploads\/2020\/02\/w19.jpg","datePublished":"2020-02-21T08:02:13+00:00","dateModified":"2025-01-27T14:52:55+00:00","description":"Saisissez l'occasion de visiter une ville incroyable avec beaucoup d'histoire et de culture. Profitez de cette visite priv\u00e9e \u00e0 pied de Washington aux c\u00f4t\u00e9s d'un guide priv\u00e9.","breadcrumb":{"@id":"https:\/\/tourtravelandmore.com\/fr\/tours\/etats-unis-fr\/washington-fr\/visite-privee-a-pied-de-washington\/#breadcrumb"},"inLanguage":"fr-FR","potentialAction":[{"@type":"ReadAction","target":["https:\/\/tourtravelandmore.com\/fr\/tours\/etats-unis-fr\/washington-fr\/visite-privee-a-pied-de-washington\/"]}]},{"@type":"ImageObject","inLanguage":"fr-FR","@id":"https:\/\/tourtravelandmore.com\/fr\/tours\/etats-unis-fr\/washington-fr\/visite-privee-a-pied-de-washington\/#primaryimage","url":"https:\/\/tourtravelandmore.com\/wp-content\/uploads\/2020\/02\/w19.jpg","contentUrl":"https:\/\/tourtravelandmore.com\/wp-content\/uploads\/2020\/02\/w19.jpg","width":1024,"height":768},{"@type":"BreadcrumbList","@id":"https:\/\/tourtravelandmore.com\/fr\/tours\/etats-unis-fr\/washington-fr\/visite-privee-a-pied-de-washington\/#breadcrumb","itemListElement":[{"@type":"ListItem","position":1,"name":"Home","item":"https:\/\/tourtravelandmore.com\/fr\/"},{"@type":"ListItem","position":2,"name":"Tours","item":"https:\/\/tourtravelandmore.com\/fr\/tours\/"},{"@type":"ListItem","position":3,"name":"Visite priv\u00e9e \u00e0 pied de Washington"}]},{"@type":"WebSite","@id":"https:\/\/tourtravelandmore.com\/fr\/#website","url":"https:\/\/tourtravelandmore.com\/fr\/","name":"Tour Travel And More","description":"Private sightseeing tours and luxury transfers in Spain","publisher":{"@id":"https:\/\/tourtravelandmore.com\/fr\/#organization"},"potentialAction":[{"@type":"SearchAction","target":{"@type":"EntryPoint","urlTemplate":"https:\/\/tourtravelandmore.com\/fr\/?s={search_term_string}"},"query-input":{"@type":"PropertyValueSpecification","valueRequired":true,"valueName":"search_term_string"}}],"inLanguage":"fr-FR"},{"@type":"Organization","@id":"https:\/\/tourtravelandmore.com\/fr\/#organization","name":"Tour Travel And More","url":"https:\/\/tourtravelandmore.com\/fr\/","logo":{"@type":"ImageObject","inLanguage":"fr-FR","@id":"https:\/\/tourtravelandmore.com\/fr\/#\/schema\/logo\/image\/","url":"https:\/\/tourtravelandmore.com\/wp-content\/uploads\/2022\/12\/cropped-logo-cabecera-new.png","contentUrl":"https:\/\/tourtravelandmore.com\/wp-content\/uploads\/2022\/12\/cropped-logo-cabecera-new.png","width":430,"height":61,"caption":"Tour Travel And More"},"image":{"@id":"https:\/\/tourtravelandmore.com\/fr\/#\/schema\/logo\/image\/"},"sameAs":["https:\/\/www.facebook.com\/tourtravelandmore\/","https:\/\/x.com\/TourTravel_More"]}]}},"_links":{"self":[{"href":"https:\/\/tourtravelandmore.com\/fr\/wp-json\/wp\/v2\/product\/104830","targetHints":{"allow":["GET"]}}],"collection":[{"href":"https:\/\/tourtravelandmore.com\/fr\/wp-json\/wp\/v2\/product"}],"about":[{"href":"https:\/\/tourtravelandmore.com\/fr\/wp-json\/wp\/v2\/types\/product"}],"replies":[{"embeddable":true,"href":"https:\/\/tourtravelandmore.com\/fr\/wp-json\/wp\/v2\/comments?post=104830"}],"wp:featuredmedia":[{"embeddable":true,"href":"https:\/\/tourtravelandmore.com\/fr\/wp-json\/wp\/v2\/media\/97246"}],"wp:attachment":[{"href":"https:\/\/tourtravelandmore.com\/fr\/wp-json\/wp\/v2\/media?parent=104830"}],"wp:term":[{"taxonomy":"product_brand","embeddable":true,"href":"https:\/\/tourtravelandmore.com\/fr\/wp-json\/wp\/v2\/product_brand?post=104830"},{"taxonomy":"product_cat","embeddable":true,"href":"https:\/\/tourtravelandmore.com\/fr\/wp-json\/wp\/v2\/product_cat?post=104830"},{"taxonomy":"product_tag","embeddable":true,"href":"https:\/\/tourtravelandmore.com\/fr\/wp-json\/wp\/v2\/product_tag?post=104830"}],"curies":[{"name":"wp","href":"https:\/\/api.w.org\/{rel}","templated":true}]}}