{"id":104824,"date":"2020-02-21T08:34:02","date_gmt":"2020-02-21T07:34:02","guid":{"rendered":"https:\/\/tourtravelandmore.com\/tours\/non%20class\u00e9\/visite-privee-des-memoriaux-de-guerre-de-washington\/"},"modified":"2025-01-27T16:59:33","modified_gmt":"2025-01-27T15:59:33","slug":"visite-privee-des-memoriaux-de-guerre-de-washington","status":"publish","type":"product","link":"https:\/\/tourtravelandmore.com\/fr\/tours\/etats-unis-fr\/washington-fr\/visite-privee-des-memoriaux-de-guerre-de-washington\/","title":{"rendered":"Visite priv\u00e9e des m\u00e9moriaux de guerre de Washington"},"content":{"rendered":"<h2><b><strong>Description de la visite priv\u00e9e<\/strong><\/b><\/h2>\n<p>Si vous aimez d\u00e9couvrir l&#8217;histoire de chaque lieu que vous visitez, cette <b><strong>visite priv\u00e9e des monuments aux morts de Washington<\/strong><\/b> est faite pour vous. Vous explorerez les m\u00e9moriaux et monuments historiques avec votre <b><strong>guide officiel priv\u00e9<\/strong><\/b>. Vous serez \u00e9galement accompagn\u00e9 par un <b><strong>chauffeur priv\u00e9 dans un v\u00e9hicule de luxe<\/strong><\/b>.<\/p>\n<p><b><strong>Washington<\/strong><\/b> est la capitale des \u00c9tats-Unis et l&#8217;une des villes les plus visit\u00e9es au monde. Elle abrite de nombreux b\u00e2timents historiques qui racontent des histoires incroyables sur la r\u00e9volution am\u00e9ricaine. Vous pourrez \u00e9galement d\u00e9couvrir les monuments aux morts qui ont marqu\u00e9 cette ville \u00e0 jamais.<\/p>\n<p>Explorez le c\u0153ur de l&#8217;histoire am\u00e9ricaine et rendez hommage aux h\u00e9ros de la nation avec cette <b><strong>visite priv\u00e9e de 4 heures<\/strong><\/b>. Voyagez confortablement avec un guide et un chauffeur professionnels ou un chauffeur-guide, qui vous fournira des informations fascinantes sur l&#8217;importance historique de chaque site.<\/p>\n<p>Si vous souhaitez visiter l&#8217;un de ces incroyables monuments de l&#8217;int\u00e9rieur, jetez un coup d&#8217;\u0153il \u00e0 notre <a href=\"\/?p=77458\">visite priv\u00e9e avec acc\u00e8s au Capitole et aux archives nationales<\/a>.<\/p>\n<h2><b><strong>M\u00e9moriaux de guerre, points d&#8217;int\u00e9r\u00eat et monuments de Washington<\/strong><\/b><\/h2>\n<p>Tout d&#8217;abord, votre chauffeur priv\u00e9 et votre guide officiel viendront vous chercher \u00e0 l&#8217;endroit de votre choix \u00e0 Washington. La visite commencera \u00e0 l&#8217;heure que vous souhaitez, car elle est personnalis\u00e9e.<\/p>\n<p>Votre voyage commence au <b><strong>cimeti\u00e8re national d&#8217;Arlington<\/strong><\/b>, un lieu de repos solennel et magnifique pour les soldats am\u00e9ricains. Visitez des lieux embl\u00e9matiques comme la <b><strong>Tombe du Soldat inconnu<\/strong><\/b>, o\u00f9 vous pourrez assister \u00e0 l&#8217;\u00e9mouvante c\u00e9r\u00e9monie de <b><strong>la rel\u00e8ve de la garde<\/strong><\/b>, et rendez hommage \u00e0 la flamme \u00e9ternelle sur la <b><strong>tombe de John F. Kennedy<\/strong><\/b>.<\/p>\n<p>Ensuite, vous explorerez les monuments les plus c\u00e9l\u00e8bres de Washington, tels que le <b><strong>Lincoln Memorial<\/strong><\/b>, le <b><strong>Jefferson Memorial<\/strong><\/b>, le <b><strong>Martin Luther King Jr. Memorial<\/strong><\/b>, et bien d&#8217;autres encore. Votre guide vous racontera l&#8217;histoire de ces merveilles architecturales et leur r\u00f4le essentiel dans l&#8217;histoire des \u00c9tats-Unis.<\/p>\n<p>Cette exp\u00e9rience priv\u00e9e vous garantit un itin\u00e9raire personnalis\u00e9, con\u00e7u pour r\u00e9pondre \u00e0 vos pr\u00e9f\u00e9rences et \u00e0 vos int\u00e9r\u00eats.<\/p>\n<p>Enfin, \u00e0 la fin de la visite guid\u00e9e, nous vous d\u00e9poserons \u00e0 votre point de d\u00e9part \u00e0 Washington.<\/p>\n","protected":false},"excerpt":{"rendered":"<p>Visitez le Jefferson Memorial, le Lincoln Memorial, le Vietnam Veterans Memorial et de nombreux autres sites historiques de Washington \u00e0 c\u00f4t\u00e9 de votre guide priv\u00e9 et \u00e0 l&#8217;aise dans votre v\u00e9hicule priv\u00e9.<\/p>\n","protected":false},"featured_media":97243,"comment_status":"open","ping_status":"closed","template":"","meta":{"_acf_changed":false},"product_brand":[],"product_cat":[5458,5460,3547,3805],"product_tag":[],"class_list":{"0":"post-104824","1":"product","2":"type-product","3":"status-publish","4":"has-post-thumbnail","6":"product_cat-all-private-tours-activities-fr-36","7":"product_cat-private-sightseeing-tours-fr-44","8":"product_cat-etats-unis-fr","9":"product_cat-washington-fr","11":"first","12":"instock","13":"shipping-taxable","14":"purchasable","15":"product-type-simple"},"acf":[],"yoast_head":"<!-- This site is optimized with the Yoast SEO Premium plugin v25.3.1 (Yoast SEO v25.3.1) - https:\/\/yoast.com\/wordpress\/plugins\/seo\/ -->\n<title>Visite priv\u00e9e des m\u00e9moriaux de guerre de Washington dans un v\u00e9hicule de luxe priv\u00e9<\/title>\n<meta name=\"description\" content=\"Rejoignez-nous pour cette visite priv\u00e9e des m\u00e9moriaux de guerre de Washington aux c\u00f4t\u00e9s d&#039;un guide professionnel qui vous montrera tous les b\u00e2timents comm\u00e9moratifs de cette ville.\" \/>\n<meta name=\"robots\" content=\"index, follow, max-snippet:-1, max-image-preview:large, max-video-preview:-1\" \/>\n<link rel=\"canonical\" href=\"https:\/\/tourtravelandmore.com\/fr\/tours\/etats-unis-fr\/washington-fr\/visite-privee-des-memoriaux-de-guerre-de-washington\/\" \/>\n<meta property=\"og:locale\" content=\"fr_FR\" \/>\n<meta property=\"og:type\" content=\"article\" \/>\n<meta property=\"og:title\" content=\"Visite priv\u00e9e des m\u00e9moriaux de guerre de Washington\" \/>\n<meta property=\"og:description\" content=\"Rejoignez-nous pour cette visite priv\u00e9e des m\u00e9moriaux de guerre de Washington aux c\u00f4t\u00e9s d&#039;un guide professionnel qui vous montrera tous les b\u00e2timents comm\u00e9moratifs de cette ville.\" \/>\n<meta property=\"og:url\" content=\"https:\/\/tourtravelandmore.com\/fr\/tours\/etats-unis-fr\/washington-fr\/visite-privee-des-memoriaux-de-guerre-de-washington\/\" \/>\n<meta property=\"og:site_name\" content=\"Tour Travel And More\" \/>\n<meta property=\"article:publisher\" content=\"https:\/\/www.facebook.com\/tourtravelandmore\/\" \/>\n<meta property=\"article:modified_time\" content=\"2025-01-27T15:59:33+00:00\" \/>\n<meta property=\"og:image\" content=\"https:\/\/tourtravelandmore.com\/wp-content\/uploads\/2020\/02\/w16.jpg\" \/>\n\t<meta property=\"og:image:width\" content=\"800\" \/>\n\t<meta property=\"og:image:height\" content=\"531\" \/>\n\t<meta property=\"og:image:type\" content=\"image\/jpeg\" \/>\n<meta name=\"twitter:card\" content=\"summary_large_image\" \/>\n<meta name=\"twitter:site\" content=\"@TourTravel_More\" \/>\n<meta name=\"twitter:label1\" content=\"Dur\u00e9e de lecture estim\u00e9e\" \/>\n\t<meta name=\"twitter:data1\" content=\"2 minutes\" \/>\n<script type=\"application\/ld+json\" class=\"yoast-schema-graph\">{\"@context\":\"https:\/\/schema.org\",\"@graph\":[{\"@type\":\"WebPage\",\"@id\":\"https:\/\/tourtravelandmore.com\/fr\/tours\/etats-unis-fr\/washington-fr\/visite-privee-des-memoriaux-de-guerre-de-washington\/\",\"url\":\"https:\/\/tourtravelandmore.com\/fr\/tours\/etats-unis-fr\/washington-fr\/visite-privee-des-memoriaux-de-guerre-de-washington\/\",\"name\":\"Visite priv\u00e9e des m\u00e9moriaux de guerre de Washington dans un v\u00e9hicule de luxe priv\u00e9\",\"isPartOf\":{\"@id\":\"https:\/\/tourtravelandmore.com\/fr\/#website\"},\"primaryImageOfPage\":{\"@id\":\"https:\/\/tourtravelandmore.com\/fr\/tours\/etats-unis-fr\/washington-fr\/visite-privee-des-memoriaux-de-guerre-de-washington\/#primaryimage\"},\"image\":{\"@id\":\"https:\/\/tourtravelandmore.com\/fr\/tours\/etats-unis-fr\/washington-fr\/visite-privee-des-memoriaux-de-guerre-de-washington\/#primaryimage\"},\"thumbnailUrl\":\"https:\/\/tourtravelandmore.com\/wp-content\/uploads\/2020\/02\/w16.jpg\",\"datePublished\":\"2020-02-21T07:34:02+00:00\",\"dateModified\":\"2025-01-27T15:59:33+00:00\",\"description\":\"Rejoignez-nous pour cette visite priv\u00e9e des m\u00e9moriaux de guerre de Washington aux c\u00f4t\u00e9s d'un guide professionnel qui vous montrera tous les b\u00e2timents comm\u00e9moratifs de cette ville.\",\"breadcrumb\":{\"@id\":\"https:\/\/tourtravelandmore.com\/fr\/tours\/etats-unis-fr\/washington-fr\/visite-privee-des-memoriaux-de-guerre-de-washington\/#breadcrumb\"},\"inLanguage\":\"fr-FR\",\"potentialAction\":[{\"@type\":\"ReadAction\",\"target\":[\"https:\/\/tourtravelandmore.com\/fr\/tours\/etats-unis-fr\/washington-fr\/visite-privee-des-memoriaux-de-guerre-de-washington\/\"]}]},{\"@type\":\"ImageObject\",\"inLanguage\":\"fr-FR\",\"@id\":\"https:\/\/tourtravelandmore.com\/fr\/tours\/etats-unis-fr\/washington-fr\/visite-privee-des-memoriaux-de-guerre-de-washington\/#primaryimage\",\"url\":\"https:\/\/tourtravelandmore.com\/wp-content\/uploads\/2020\/02\/w16.jpg\",\"contentUrl\":\"https:\/\/tourtravelandmore.com\/wp-content\/uploads\/2020\/02\/w16.jpg\",\"width\":800,\"height\":531},{\"@type\":\"BreadcrumbList\",\"@id\":\"https:\/\/tourtravelandmore.com\/fr\/tours\/etats-unis-fr\/washington-fr\/visite-privee-des-memoriaux-de-guerre-de-washington\/#breadcrumb\",\"itemListElement\":[{\"@type\":\"ListItem\",\"position\":1,\"name\":\"Home\",\"item\":\"https:\/\/tourtravelandmore.com\/fr\/\"},{\"@type\":\"ListItem\",\"position\":2,\"name\":\"Tours\",\"item\":\"https:\/\/tourtravelandmore.com\/fr\/tours\/\"},{\"@type\":\"ListItem\",\"position\":3,\"name\":\"Visite priv\u00e9e des m\u00e9moriaux de guerre de Washington\"}]},{\"@type\":\"WebSite\",\"@id\":\"https:\/\/tourtravelandmore.com\/fr\/#website\",\"url\":\"https:\/\/tourtravelandmore.com\/fr\/\",\"name\":\"Tour Travel And More\",\"description\":\"Private sightseeing tours and luxury transfers in Spain\",\"publisher\":{\"@id\":\"https:\/\/tourtravelandmore.com\/fr\/#organization\"},\"potentialAction\":[{\"@type\":\"SearchAction\",\"target\":{\"@type\":\"EntryPoint\",\"urlTemplate\":\"https:\/\/tourtravelandmore.com\/fr\/?s={search_term_string}\"},\"query-input\":{\"@type\":\"PropertyValueSpecification\",\"valueRequired\":true,\"valueName\":\"search_term_string\"}}],\"inLanguage\":\"fr-FR\"},{\"@type\":\"Organization\",\"@id\":\"https:\/\/tourtravelandmore.com\/fr\/#organization\",\"name\":\"Tour Travel And More\",\"url\":\"https:\/\/tourtravelandmore.com\/fr\/\",\"logo\":{\"@type\":\"ImageObject\",\"inLanguage\":\"fr-FR\",\"@id\":\"https:\/\/tourtravelandmore.com\/fr\/#\/schema\/logo\/image\/\",\"url\":\"https:\/\/tourtravelandmore.com\/wp-content\/uploads\/2022\/12\/cropped-logo-cabecera-new.png\",\"contentUrl\":\"https:\/\/tourtravelandmore.com\/wp-content\/uploads\/2022\/12\/cropped-logo-cabecera-new.png\",\"width\":430,\"height\":61,\"caption\":\"Tour Travel And More\"},\"image\":{\"@id\":\"https:\/\/tourtravelandmore.com\/fr\/#\/schema\/logo\/image\/\"},\"sameAs\":[\"https:\/\/www.facebook.com\/tourtravelandmore\/\",\"https:\/\/x.com\/TourTravel_More\"]}]}<\/script>\n<!-- \/ Yoast SEO Premium plugin. -->","yoast_head_json":{"title":"Visite priv\u00e9e des m\u00e9moriaux de guerre de Washington dans un v\u00e9hicule de luxe priv\u00e9","description":"Rejoignez-nous pour cette visite priv\u00e9e des m\u00e9moriaux de guerre de Washington aux c\u00f4t\u00e9s d'un guide professionnel qui vous montrera tous les b\u00e2timents comm\u00e9moratifs de cette ville.","robots":{"index":"index","follow":"follow","max-snippet":"max-snippet:-1","max-image-preview":"max-image-preview:large","max-video-preview":"max-video-preview:-1"},"canonical":"https:\/\/tourtravelandmore.com\/fr\/tours\/etats-unis-fr\/washington-fr\/visite-privee-des-memoriaux-de-guerre-de-washington\/","og_locale":"fr_FR","og_type":"article","og_title":"Visite priv\u00e9e des m\u00e9moriaux de guerre de Washington","og_description":"Rejoignez-nous pour cette visite priv\u00e9e des m\u00e9moriaux de guerre de Washington aux c\u00f4t\u00e9s d'un guide professionnel qui vous montrera tous les b\u00e2timents comm\u00e9moratifs de cette ville.","og_url":"https:\/\/tourtravelandmore.com\/fr\/tours\/etats-unis-fr\/washington-fr\/visite-privee-des-memoriaux-de-guerre-de-washington\/","og_site_name":"Tour Travel And More","article_publisher":"https:\/\/www.facebook.com\/tourtravelandmore\/","article_modified_time":"2025-01-27T15:59:33+00:00","og_image":[{"width":800,"height":531,"url":"https:\/\/tourtravelandmore.com\/wp-content\/uploads\/2020\/02\/w16.jpg","type":"image\/jpeg"}],"twitter_card":"summary_large_image","twitter_site":"@TourTravel_More","twitter_misc":{"Dur\u00e9e de lecture estim\u00e9e":"2 minutes"},"schema":{"@context":"https:\/\/schema.org","@graph":[{"@type":"WebPage","@id":"https:\/\/tourtravelandmore.com\/fr\/tours\/etats-unis-fr\/washington-fr\/visite-privee-des-memoriaux-de-guerre-de-washington\/","url":"https:\/\/tourtravelandmore.com\/fr\/tours\/etats-unis-fr\/washington-fr\/visite-privee-des-memoriaux-de-guerre-de-washington\/","name":"Visite priv\u00e9e des m\u00e9moriaux de guerre de Washington dans un v\u00e9hicule de luxe priv\u00e9","isPartOf":{"@id":"https:\/\/tourtravelandmore.com\/fr\/#website"},"primaryImageOfPage":{"@id":"https:\/\/tourtravelandmore.com\/fr\/tours\/etats-unis-fr\/washington-fr\/visite-privee-des-memoriaux-de-guerre-de-washington\/#primaryimage"},"image":{"@id":"https:\/\/tourtravelandmore.com\/fr\/tours\/etats-unis-fr\/washington-fr\/visite-privee-des-memoriaux-de-guerre-de-washington\/#primaryimage"},"thumbnailUrl":"https:\/\/tourtravelandmore.com\/wp-content\/uploads\/2020\/02\/w16.jpg","datePublished":"2020-02-21T07:34:02+00:00","dateModified":"2025-01-27T15:59:33+00:00","description":"Rejoignez-nous pour cette visite priv\u00e9e des m\u00e9moriaux de guerre de Washington aux c\u00f4t\u00e9s d'un guide professionnel qui vous montrera tous les b\u00e2timents comm\u00e9moratifs de cette ville.","breadcrumb":{"@id":"https:\/\/tourtravelandmore.com\/fr\/tours\/etats-unis-fr\/washington-fr\/visite-privee-des-memoriaux-de-guerre-de-washington\/#breadcrumb"},"inLanguage":"fr-FR","potentialAction":[{"@type":"ReadAction","target":["https:\/\/tourtravelandmore.com\/fr\/tours\/etats-unis-fr\/washington-fr\/visite-privee-des-memoriaux-de-guerre-de-washington\/"]}]},{"@type":"ImageObject","inLanguage":"fr-FR","@id":"https:\/\/tourtravelandmore.com\/fr\/tours\/etats-unis-fr\/washington-fr\/visite-privee-des-memoriaux-de-guerre-de-washington\/#primaryimage","url":"https:\/\/tourtravelandmore.com\/wp-content\/uploads\/2020\/02\/w16.jpg","contentUrl":"https:\/\/tourtravelandmore.com\/wp-content\/uploads\/2020\/02\/w16.jpg","width":800,"height":531},{"@type":"BreadcrumbList","@id":"https:\/\/tourtravelandmore.com\/fr\/tours\/etats-unis-fr\/washington-fr\/visite-privee-des-memoriaux-de-guerre-de-washington\/#breadcrumb","itemListElement":[{"@type":"ListItem","position":1,"name":"Home","item":"https:\/\/tourtravelandmore.com\/fr\/"},{"@type":"ListItem","position":2,"name":"Tours","item":"https:\/\/tourtravelandmore.com\/fr\/tours\/"},{"@type":"ListItem","position":3,"name":"Visite priv\u00e9e des m\u00e9moriaux de guerre de Washington"}]},{"@type":"WebSite","@id":"https:\/\/tourtravelandmore.com\/fr\/#website","url":"https:\/\/tourtravelandmore.com\/fr\/","name":"Tour Travel And More","description":"Private sightseeing tours and luxury transfers in Spain","publisher":{"@id":"https:\/\/tourtravelandmore.com\/fr\/#organization"},"potentialAction":[{"@type":"SearchAction","target":{"@type":"EntryPoint","urlTemplate":"https:\/\/tourtravelandmore.com\/fr\/?s={search_term_string}"},"query-input":{"@type":"PropertyValueSpecification","valueRequired":true,"valueName":"search_term_string"}}],"inLanguage":"fr-FR"},{"@type":"Organization","@id":"https:\/\/tourtravelandmore.com\/fr\/#organization","name":"Tour Travel And More","url":"https:\/\/tourtravelandmore.com\/fr\/","logo":{"@type":"ImageObject","inLanguage":"fr-FR","@id":"https:\/\/tourtravelandmore.com\/fr\/#\/schema\/logo\/image\/","url":"https:\/\/tourtravelandmore.com\/wp-content\/uploads\/2022\/12\/cropped-logo-cabecera-new.png","contentUrl":"https:\/\/tourtravelandmore.com\/wp-content\/uploads\/2022\/12\/cropped-logo-cabecera-new.png","width":430,"height":61,"caption":"Tour Travel And More"},"image":{"@id":"https:\/\/tourtravelandmore.com\/fr\/#\/schema\/logo\/image\/"},"sameAs":["https:\/\/www.facebook.com\/tourtravelandmore\/","https:\/\/x.com\/TourTravel_More"]}]}},"_links":{"self":[{"href":"https:\/\/tourtravelandmore.com\/fr\/wp-json\/wp\/v2\/product\/104824","targetHints":{"allow":["GET"]}}],"collection":[{"href":"https:\/\/tourtravelandmore.com\/fr\/wp-json\/wp\/v2\/product"}],"about":[{"href":"https:\/\/tourtravelandmore.com\/fr\/wp-json\/wp\/v2\/types\/product"}],"replies":[{"embeddable":true,"href":"https:\/\/tourtravelandmore.com\/fr\/wp-json\/wp\/v2\/comments?post=104824"}],"wp:featuredmedia":[{"embeddable":true,"href":"https:\/\/tourtravelandmore.com\/fr\/wp-json\/wp\/v2\/media\/97243"}],"wp:attachment":[{"href":"https:\/\/tourtravelandmore.com\/fr\/wp-json\/wp\/v2\/media?parent=104824"}],"wp:term":[{"taxonomy":"product_brand","embeddable":true,"href":"https:\/\/tourtravelandmore.com\/fr\/wp-json\/wp\/v2\/product_brand?post=104824"},{"taxonomy":"product_cat","embeddable":true,"href":"https:\/\/tourtravelandmore.com\/fr\/wp-json\/wp\/v2\/product_cat?post=104824"},{"taxonomy":"product_tag","embeddable":true,"href":"https:\/\/tourtravelandmore.com\/fr\/wp-json\/wp\/v2\/product_tag?post=104824"}],"curies":[{"name":"wp","href":"https:\/\/api.w.org\/{rel}","templated":true}]}}