{"id":104796,"date":"2020-02-18T12:26:24","date_gmt":"2020-02-18T11:26:24","guid":{"rendered":"https:\/\/tourtravelandmore.com\/tours\/non%20class\u00e9\/visite-privee-de-washington\/"},"modified":"2025-01-27T16:08:07","modified_gmt":"2025-01-27T15:08:07","slug":"visite-privee-de-washington","status":"publish","type":"product","link":"https:\/\/tourtravelandmore.com\/fr\/tours\/etats-unis-fr\/washington-fr\/visite-privee-de-washington\/","title":{"rendered":"Visite priv\u00e9e de Washington"},"content":{"rendered":"<h2><b><strong>Visite priv\u00e9e de Washington Description<\/strong><\/b><\/h2>\n<p>Laissez-nous vous emmener dans cette <b><strong>visite priv\u00e9e de Washington<\/strong><\/b> et d\u00e9couvrez tous les monuments et lieux de cette ville fantastique. Pr\u00e9parez-vous \u00e0 explorer les endroits les plus embl\u00e9matiques et les plus agr\u00e9ables avec votre <b><strong>chauffeur priv\u00e9<\/strong><\/b> et votre <b><strong>guide officiel<\/strong><\/b>.<\/p>\n<p>La prise en charge peut \u00eatre organis\u00e9e depuis votre h\u00f4tel ou le lieu de votre choix \u00e0 Washington. Vous profiterez de cette visite priv\u00e9e \u00e0 bord d&#8217;un <b><strong>v\u00e9hicule priv\u00e9 de luxe<\/strong><\/b>.<\/p>\n<p><b><strong>Washington<\/strong><\/b> est la capitale des \u00c9tats-Unis et l&#8217;une des villes les plus visit\u00e9es au monde. La ville est situ\u00e9e dans la r\u00e9gion du centre de l&#8217;Atlantique, sur la c\u00f4te est des \u00c9tats-Unis, et sa population avoisine les 700 000 habitants. La ville accueille 177 ambassades \u00e9trang\u00e8res et est consid\u00e9r\u00e9e comme l&#8217;une des plus importantes capitales politiques mondiales.<\/p>\n<p>Nous pouvons \u00e9galement vous proposer une <a href=\"https:\/\/tourtravelandmore.com\/tours\/u-s-a\/washington-en\/washington-activities-en\/private-walking-tour-of-washingston-dc\/\">visite priv\u00e9e \u00e0 pied de Washington<\/a> avec un guide local, jetez-y un coup d&#8217;\u0153il !<\/p>\n<h2><b><strong>Points d&#8217;int\u00e9r\u00eat et monuments de Washington<\/strong><\/b><\/h2>\n<p>Tout d&#8217;abord, nous organiserons une prise en charge priv\u00e9e depuis votre h\u00f4tel \u00e0 Washington. L&#8217;heure de d\u00e9but de la visite sera d\u00e9termin\u00e9e par vous car il s&#8217;agit d&#8217;une exp\u00e9rience priv\u00e9e.<\/p>\n<p>Vous aurez l&#8217;occasion de prendre une photo et de profiter d&#8217;une vue de la <b><strong>Maison Blanche<\/strong><\/b>. Traversez la rue et marchez dans le parc o\u00f9 ont lieu la plupart des manifestations politiques \u00e0 Washington. D\u00e9couvrez l&#8217;histoire du gouvernement des \u00c9tats-Unis en visitant le <b><strong>Capitol Visitor Center<\/strong><\/b>.<\/p>\n<p>Apprenez \u00e0 conna\u00eetre les sites les plus importants de Washington DC en visitant tous les monuments et m\u00e9moriaux r\u00e9partis dans la ville.<\/p>\n<p>Au cours de cette visite priv\u00e9e de Washington, vous pourrez visiter :<\/p>\n<ul>\n<li><b><strong>le Lincoln Memorial<\/strong><\/b><\/li>\n<li><b><strong>M\u00e9morial de la marine am\u00e9ricaine<\/strong><\/b><\/li>\n<li><b><strong>M\u00e9morial Martin Luther King<\/strong><\/b><\/li>\n<li><b><strong>Le quartier chinois<\/strong><\/b><\/li>\n<li><b><strong>La Maison Blanche<\/strong><\/b><\/li>\n<li><a href=\"https:\/\/www.visitthecapitol.gov\/\">Le Capitole des \u00c9tats-Unis<\/a><\/li>\n<li><b><strong>La Biblioth\u00e8que du Congr\u00e8s<\/strong><\/b><\/li>\n<li><b><strong>Dupont Circle<\/strong><\/b><\/li>\n<li><b><strong>Georgetown<\/strong><\/b><\/li>\n<li>et bien d&#8217;autres choses encore !<\/li>\n<\/ul>\n<p>L&#8217;itin\u00e9raire de la visite d\u00e9pendra de vos int\u00e9r\u00eats et de la dur\u00e9e totale choisie pour la visite.<\/p>\n<p>Enfin, \u00e0 la fin de la visite guid\u00e9e, vous serez ramen\u00e9 \u00e0 votre h\u00f4tel ou au lieu de votre choix \u00e0 Washington.<\/p>\n","protected":false},"excerpt":{"rendered":"<p>Saisissez cette occasion pour visiter la merveilleuse Maison Blanche, le Capitole des \u00c9tats-Unis, la Biblioth\u00e8que du Congr\u00e8s et bien d&#8217;autres sites fantastiques de la capitale des \u00c9tats-Unis avec un expert local. Vous appr\u00e9cierez cette visite avec votre chauffeur priv\u00e9 et votre guide officiel. Personnalisez votre propre exp\u00e9rience<\/p>\n","protected":false},"featured_media":98493,"comment_status":"open","ping_status":"closed","template":"","meta":{"_acf_changed":false},"product_brand":[],"product_cat":[5458,3547,3805],"product_tag":[],"class_list":{"0":"post-104796","1":"product","2":"type-product","3":"status-publish","4":"has-post-thumbnail","6":"product_cat-all-private-tours-activities-fr-36","7":"product_cat-etats-unis-fr","8":"product_cat-washington-fr","10":"first","11":"instock","12":"shipping-taxable","13":"purchasable","14":"product-type-simple"},"acf":[],"yoast_head":"<!-- This site is optimized with the Yoast SEO Premium plugin v25.3.1 (Yoast SEO v25.3.1) - https:\/\/yoast.com\/wordpress\/plugins\/seo\/ -->\n<title>Visite priv\u00e9e du meilleur de Washington avec chauffeur priv\u00e9 et guide local<\/title>\n<meta name=\"description\" content=\"Visite priv\u00e9e pour explorer l&#039;\u00e9tonnante ville de Washington, ses monuments historiques et m\u00e9moriaux, ses mus\u00e9es embl\u00e9matiques et bien plus encore.\" \/>\n<meta name=\"robots\" content=\"index, follow, max-snippet:-1, max-image-preview:large, max-video-preview:-1\" \/>\n<link rel=\"canonical\" href=\"https:\/\/tourtravelandmore.com\/fr\/tours\/etats-unis-fr\/washington-fr\/visite-privee-de-washington\/\" \/>\n<meta property=\"og:locale\" content=\"fr_FR\" \/>\n<meta property=\"og:type\" content=\"article\" \/>\n<meta property=\"og:title\" content=\"Visite priv\u00e9e de Washington\" \/>\n<meta property=\"og:description\" content=\"Visite priv\u00e9e pour explorer l&#039;\u00e9tonnante ville de Washington, ses monuments historiques et m\u00e9moriaux, ses mus\u00e9es embl\u00e9matiques et bien plus encore.\" \/>\n<meta property=\"og:url\" content=\"https:\/\/tourtravelandmore.com\/fr\/tours\/etats-unis-fr\/washington-fr\/visite-privee-de-washington\/\" \/>\n<meta property=\"og:site_name\" content=\"Tour Travel And More\" \/>\n<meta property=\"article:publisher\" content=\"https:\/\/www.facebook.com\/tourtravelandmore\/\" \/>\n<meta property=\"article:modified_time\" content=\"2025-01-27T15:08:07+00:00\" \/>\n<meta property=\"og:image\" content=\"https:\/\/tourtravelandmore.com\/wp-content\/uploads\/2020\/02\/washington-3.jpg\" \/>\n\t<meta property=\"og:image:width\" content=\"2048\" \/>\n\t<meta property=\"og:image:height\" content=\"1366\" \/>\n\t<meta property=\"og:image:type\" content=\"image\/jpeg\" \/>\n<meta name=\"twitter:card\" content=\"summary_large_image\" \/>\n<meta name=\"twitter:site\" content=\"@TourTravel_More\" \/>\n<meta name=\"twitter:label1\" content=\"Dur\u00e9e de lecture estim\u00e9e\" \/>\n\t<meta name=\"twitter:data1\" content=\"2 minutes\" \/>\n<script type=\"application\/ld+json\" class=\"yoast-schema-graph\">{\"@context\":\"https:\/\/schema.org\",\"@graph\":[{\"@type\":\"WebPage\",\"@id\":\"https:\/\/tourtravelandmore.com\/fr\/tours\/etats-unis-fr\/washington-fr\/visite-privee-de-washington\/\",\"url\":\"https:\/\/tourtravelandmore.com\/fr\/tours\/etats-unis-fr\/washington-fr\/visite-privee-de-washington\/\",\"name\":\"Visite priv\u00e9e du meilleur de Washington avec chauffeur priv\u00e9 et guide local\",\"isPartOf\":{\"@id\":\"https:\/\/tourtravelandmore.com\/fr\/#website\"},\"primaryImageOfPage\":{\"@id\":\"https:\/\/tourtravelandmore.com\/fr\/tours\/etats-unis-fr\/washington-fr\/visite-privee-de-washington\/#primaryimage\"},\"image\":{\"@id\":\"https:\/\/tourtravelandmore.com\/fr\/tours\/etats-unis-fr\/washington-fr\/visite-privee-de-washington\/#primaryimage\"},\"thumbnailUrl\":\"https:\/\/tourtravelandmore.com\/wp-content\/uploads\/2020\/02\/washington-3.jpg\",\"datePublished\":\"2020-02-18T11:26:24+00:00\",\"dateModified\":\"2025-01-27T15:08:07+00:00\",\"description\":\"Visite priv\u00e9e pour explorer l'\u00e9tonnante ville de Washington, ses monuments historiques et m\u00e9moriaux, ses mus\u00e9es embl\u00e9matiques et bien plus encore.\",\"breadcrumb\":{\"@id\":\"https:\/\/tourtravelandmore.com\/fr\/tours\/etats-unis-fr\/washington-fr\/visite-privee-de-washington\/#breadcrumb\"},\"inLanguage\":\"fr-FR\",\"potentialAction\":[{\"@type\":\"ReadAction\",\"target\":[\"https:\/\/tourtravelandmore.com\/fr\/tours\/etats-unis-fr\/washington-fr\/visite-privee-de-washington\/\"]}]},{\"@type\":\"ImageObject\",\"inLanguage\":\"fr-FR\",\"@id\":\"https:\/\/tourtravelandmore.com\/fr\/tours\/etats-unis-fr\/washington-fr\/visite-privee-de-washington\/#primaryimage\",\"url\":\"https:\/\/tourtravelandmore.com\/wp-content\/uploads\/2020\/02\/washington-3.jpg\",\"contentUrl\":\"https:\/\/tourtravelandmore.com\/wp-content\/uploads\/2020\/02\/washington-3.jpg\",\"width\":2048,\"height\":1366},{\"@type\":\"BreadcrumbList\",\"@id\":\"https:\/\/tourtravelandmore.com\/fr\/tours\/etats-unis-fr\/washington-fr\/visite-privee-de-washington\/#breadcrumb\",\"itemListElement\":[{\"@type\":\"ListItem\",\"position\":1,\"name\":\"Home\",\"item\":\"https:\/\/tourtravelandmore.com\/fr\/\"},{\"@type\":\"ListItem\",\"position\":2,\"name\":\"Tours\",\"item\":\"https:\/\/tourtravelandmore.com\/fr\/tours\/\"},{\"@type\":\"ListItem\",\"position\":3,\"name\":\"Visite priv\u00e9e de Washington\"}]},{\"@type\":\"WebSite\",\"@id\":\"https:\/\/tourtravelandmore.com\/fr\/#website\",\"url\":\"https:\/\/tourtravelandmore.com\/fr\/\",\"name\":\"Tour Travel And More\",\"description\":\"Private sightseeing tours and luxury transfers in Spain\",\"publisher\":{\"@id\":\"https:\/\/tourtravelandmore.com\/fr\/#organization\"},\"potentialAction\":[{\"@type\":\"SearchAction\",\"target\":{\"@type\":\"EntryPoint\",\"urlTemplate\":\"https:\/\/tourtravelandmore.com\/fr\/?s={search_term_string}\"},\"query-input\":{\"@type\":\"PropertyValueSpecification\",\"valueRequired\":true,\"valueName\":\"search_term_string\"}}],\"inLanguage\":\"fr-FR\"},{\"@type\":\"Organization\",\"@id\":\"https:\/\/tourtravelandmore.com\/fr\/#organization\",\"name\":\"Tour Travel And More\",\"url\":\"https:\/\/tourtravelandmore.com\/fr\/\",\"logo\":{\"@type\":\"ImageObject\",\"inLanguage\":\"fr-FR\",\"@id\":\"https:\/\/tourtravelandmore.com\/fr\/#\/schema\/logo\/image\/\",\"url\":\"https:\/\/tourtravelandmore.com\/wp-content\/uploads\/2022\/12\/cropped-logo-cabecera-new.png\",\"contentUrl\":\"https:\/\/tourtravelandmore.com\/wp-content\/uploads\/2022\/12\/cropped-logo-cabecera-new.png\",\"width\":430,\"height\":61,\"caption\":\"Tour Travel And More\"},\"image\":{\"@id\":\"https:\/\/tourtravelandmore.com\/fr\/#\/schema\/logo\/image\/\"},\"sameAs\":[\"https:\/\/www.facebook.com\/tourtravelandmore\/\",\"https:\/\/x.com\/TourTravel_More\"]}]}<\/script>\n<!-- \/ Yoast SEO Premium plugin. -->","yoast_head_json":{"title":"Visite priv\u00e9e du meilleur de Washington avec chauffeur priv\u00e9 et guide local","description":"Visite priv\u00e9e pour explorer l'\u00e9tonnante ville de Washington, ses monuments historiques et m\u00e9moriaux, ses mus\u00e9es embl\u00e9matiques et bien plus encore.","robots":{"index":"index","follow":"follow","max-snippet":"max-snippet:-1","max-image-preview":"max-image-preview:large","max-video-preview":"max-video-preview:-1"},"canonical":"https:\/\/tourtravelandmore.com\/fr\/tours\/etats-unis-fr\/washington-fr\/visite-privee-de-washington\/","og_locale":"fr_FR","og_type":"article","og_title":"Visite priv\u00e9e de Washington","og_description":"Visite priv\u00e9e pour explorer l'\u00e9tonnante ville de Washington, ses monuments historiques et m\u00e9moriaux, ses mus\u00e9es embl\u00e9matiques et bien plus encore.","og_url":"https:\/\/tourtravelandmore.com\/fr\/tours\/etats-unis-fr\/washington-fr\/visite-privee-de-washington\/","og_site_name":"Tour Travel And More","article_publisher":"https:\/\/www.facebook.com\/tourtravelandmore\/","article_modified_time":"2025-01-27T15:08:07+00:00","og_image":[{"width":2048,"height":1366,"url":"https:\/\/tourtravelandmore.com\/wp-content\/uploads\/2020\/02\/washington-3.jpg","type":"image\/jpeg"}],"twitter_card":"summary_large_image","twitter_site":"@TourTravel_More","twitter_misc":{"Dur\u00e9e de lecture estim\u00e9e":"2 minutes"},"schema":{"@context":"https:\/\/schema.org","@graph":[{"@type":"WebPage","@id":"https:\/\/tourtravelandmore.com\/fr\/tours\/etats-unis-fr\/washington-fr\/visite-privee-de-washington\/","url":"https:\/\/tourtravelandmore.com\/fr\/tours\/etats-unis-fr\/washington-fr\/visite-privee-de-washington\/","name":"Visite priv\u00e9e du meilleur de Washington avec chauffeur priv\u00e9 et guide local","isPartOf":{"@id":"https:\/\/tourtravelandmore.com\/fr\/#website"},"primaryImageOfPage":{"@id":"https:\/\/tourtravelandmore.com\/fr\/tours\/etats-unis-fr\/washington-fr\/visite-privee-de-washington\/#primaryimage"},"image":{"@id":"https:\/\/tourtravelandmore.com\/fr\/tours\/etats-unis-fr\/washington-fr\/visite-privee-de-washington\/#primaryimage"},"thumbnailUrl":"https:\/\/tourtravelandmore.com\/wp-content\/uploads\/2020\/02\/washington-3.jpg","datePublished":"2020-02-18T11:26:24+00:00","dateModified":"2025-01-27T15:08:07+00:00","description":"Visite priv\u00e9e pour explorer l'\u00e9tonnante ville de Washington, ses monuments historiques et m\u00e9moriaux, ses mus\u00e9es embl\u00e9matiques et bien plus encore.","breadcrumb":{"@id":"https:\/\/tourtravelandmore.com\/fr\/tours\/etats-unis-fr\/washington-fr\/visite-privee-de-washington\/#breadcrumb"},"inLanguage":"fr-FR","potentialAction":[{"@type":"ReadAction","target":["https:\/\/tourtravelandmore.com\/fr\/tours\/etats-unis-fr\/washington-fr\/visite-privee-de-washington\/"]}]},{"@type":"ImageObject","inLanguage":"fr-FR","@id":"https:\/\/tourtravelandmore.com\/fr\/tours\/etats-unis-fr\/washington-fr\/visite-privee-de-washington\/#primaryimage","url":"https:\/\/tourtravelandmore.com\/wp-content\/uploads\/2020\/02\/washington-3.jpg","contentUrl":"https:\/\/tourtravelandmore.com\/wp-content\/uploads\/2020\/02\/washington-3.jpg","width":2048,"height":1366},{"@type":"BreadcrumbList","@id":"https:\/\/tourtravelandmore.com\/fr\/tours\/etats-unis-fr\/washington-fr\/visite-privee-de-washington\/#breadcrumb","itemListElement":[{"@type":"ListItem","position":1,"name":"Home","item":"https:\/\/tourtravelandmore.com\/fr\/"},{"@type":"ListItem","position":2,"name":"Tours","item":"https:\/\/tourtravelandmore.com\/fr\/tours\/"},{"@type":"ListItem","position":3,"name":"Visite priv\u00e9e de Washington"}]},{"@type":"WebSite","@id":"https:\/\/tourtravelandmore.com\/fr\/#website","url":"https:\/\/tourtravelandmore.com\/fr\/","name":"Tour Travel And More","description":"Private sightseeing tours and luxury transfers in Spain","publisher":{"@id":"https:\/\/tourtravelandmore.com\/fr\/#organization"},"potentialAction":[{"@type":"SearchAction","target":{"@type":"EntryPoint","urlTemplate":"https:\/\/tourtravelandmore.com\/fr\/?s={search_term_string}"},"query-input":{"@type":"PropertyValueSpecification","valueRequired":true,"valueName":"search_term_string"}}],"inLanguage":"fr-FR"},{"@type":"Organization","@id":"https:\/\/tourtravelandmore.com\/fr\/#organization","name":"Tour Travel And More","url":"https:\/\/tourtravelandmore.com\/fr\/","logo":{"@type":"ImageObject","inLanguage":"fr-FR","@id":"https:\/\/tourtravelandmore.com\/fr\/#\/schema\/logo\/image\/","url":"https:\/\/tourtravelandmore.com\/wp-content\/uploads\/2022\/12\/cropped-logo-cabecera-new.png","contentUrl":"https:\/\/tourtravelandmore.com\/wp-content\/uploads\/2022\/12\/cropped-logo-cabecera-new.png","width":430,"height":61,"caption":"Tour Travel And More"},"image":{"@id":"https:\/\/tourtravelandmore.com\/fr\/#\/schema\/logo\/image\/"},"sameAs":["https:\/\/www.facebook.com\/tourtravelandmore\/","https:\/\/x.com\/TourTravel_More"]}]}},"_links":{"self":[{"href":"https:\/\/tourtravelandmore.com\/fr\/wp-json\/wp\/v2\/product\/104796","targetHints":{"allow":["GET"]}}],"collection":[{"href":"https:\/\/tourtravelandmore.com\/fr\/wp-json\/wp\/v2\/product"}],"about":[{"href":"https:\/\/tourtravelandmore.com\/fr\/wp-json\/wp\/v2\/types\/product"}],"replies":[{"embeddable":true,"href":"https:\/\/tourtravelandmore.com\/fr\/wp-json\/wp\/v2\/comments?post=104796"}],"wp:featuredmedia":[{"embeddable":true,"href":"https:\/\/tourtravelandmore.com\/fr\/wp-json\/wp\/v2\/media\/98493"}],"wp:attachment":[{"href":"https:\/\/tourtravelandmore.com\/fr\/wp-json\/wp\/v2\/media?parent=104796"}],"wp:term":[{"taxonomy":"product_brand","embeddable":true,"href":"https:\/\/tourtravelandmore.com\/fr\/wp-json\/wp\/v2\/product_brand?post=104796"},{"taxonomy":"product_cat","embeddable":true,"href":"https:\/\/tourtravelandmore.com\/fr\/wp-json\/wp\/v2\/product_cat?post=104796"},{"taxonomy":"product_tag","embeddable":true,"href":"https:\/\/tourtravelandmore.com\/fr\/wp-json\/wp\/v2\/product_tag?post=104796"}],"curies":[{"name":"wp","href":"https:\/\/api.w.org\/{rel}","templated":true}]}}