{"id":104788,"date":"2020-12-29T09:12:49","date_gmt":"2020-12-29T08:12:49","guid":{"rendered":"https:\/\/tourtravelandmore.com\/tours\/non%20class\u00e9\/visite-privee-a-xochimilco-coyoacan-et-musee-frida-kahlo\/"},"modified":"2022-12-06T18:54:16","modified_gmt":"2022-12-06T17:54:16","slug":"visite-privee-a-xochimilco-coyoacan-et-musee-frida-kahlo","status":"publish","type":"product","link":"https:\/\/tourtravelandmore.com\/fr\/tours\/mexique-fr\/mexico-city-fr\/all-private-tours-and-activities-fr-3\/visite-privee-a-xochimilco-coyoacan-et-musee-frida-kahlo\/","title":{"rendered":"Visite priv\u00e9e \u00e0 Xochimilco, Coyoac\u00e1n et mus\u00e9e Frida Kahlo"},"content":{"rendered":"<h2>Description:<\/h2>\n<p>Saisissez l&#8217;occasion de d\u00e9couvrir les coins les plus pittoresques de Mexico avec notre <strong>visite priv\u00e9e \u00e0 Xochimilco, Coyoac\u00e1n et au mus\u00e9e Frida Kahlo.<\/strong> Profitez d&#8217;une excursion d&#8217;une journ\u00e9e compl\u00e8te o\u00f9 vous explorerez deux des mus\u00e9es les plus importants du <strong>Mexique<\/strong>: les <strong>mus\u00e9es Frida Kahlo et Diego Rivera<\/strong>. Pendant toute la dur\u00e9e de la visite, vous serez accompagn\u00e9 d&#8217;un chauffeur priv\u00e9 et d&#8217;un guide officiel.<\/p>\n<p>Nous organiserons une prise en charge priv\u00e9e depuis votre h\u00f4tel ou lieu de votre choix \u00e0 <strong>Mexico<\/strong>. Cette visite a une dur\u00e9e totale de <strong>8 heures,<\/strong> mais si vous pr\u00e9f\u00e9rez, nous pouvons inclure plus d&#8217;heures \u00e0 votre exp\u00e9rience. Il vous suffit de nous contacter et nous nous chargerons de tout pour vous.<\/p>\n<p><strong>Xochimilco<\/strong> est un quartier ouvrier du sud de Mexico qui c\u00e8de la place aux c\u00e9l\u00e8bres canaux de <strong>Xochimilco<\/strong>. Le week-end, vous trouverez toujours des festivals et des f\u00eates locales. Est le quartier le plus pittoresque et dr\u00f4le de Mexico.<\/p>\n<p>D&#8217;autre part, <strong>Coyoac\u00e1n<\/strong> est un quartier boh\u00e8me. Est tr\u00e8s connu pour ses rues pav\u00e9es et son architecture coloniale. Vous y trouverez des monuments, des galeries d&#8217;art et des mus\u00e9es comme le mus\u00e9e Frida Kahlo.<\/p>\n<p>Venez avec nous lors de cette <strong>visite priv\u00e9e \u00e0 Xochimilco, Coyoac\u00e1n et Frida Kahlo Museum.<\/strong> Courez la chance de visiter deux quartiers tr\u00e8s diff\u00e9rents mais tous deux tr\u00e8s int\u00e9ressants.<\/p>\n<h2>Sites d&#8217;int\u00e9r\u00eat et monuments<\/h2>\n<p>Apr\u00e8s une prise en charge confortable \u00e0 votre h\u00f4tel \u00e0 Mexico, vous commencerez cette excursion d&#8217;une journ\u00e9e \u00e0 travers la ville de Mexico.<\/p>\n<p>Votre premier arr\u00eat sera <strong>Xochimilco<\/strong>. Ici, vous prendrez les derniers vestiges d&#8217;un vaste syst\u00e8me de transport par eau construit par les <strong>Azt\u00e8ques<\/strong>. Ce sont des sortes de bateaux tr\u00e8s color\u00e9s et d\u00e9cor\u00e9s comme des gondoles qu&#8217;ils utilisent \u00e0 travers les canaux. Les canaux <strong>Xochimilco<\/strong> ont \u00e9t\u00e9 d\u00e9clar\u00e9s patrimoine mondial par <strong>l&#8217;UNESCO<\/strong>.<\/p>\n<p>Deuxi\u00e8mement, vous continuerez vers le mus\u00e9e<strong> Diego Rivera<\/strong> <strong>Anahuacalli<\/strong>. \u00c0 l&#8217;int\u00e9rieur, vous trouverez environ 50 000 pi\u00e8ces pr\u00e9hispaniques qu&#8217;il a collectionn\u00e9es au cours de sa vie. Ensuite, il les projette pour pouvoir les exposer dans le mus\u00e9e.<\/p>\n<p>Apr\u00e8s cela, vous visiterez le <strong>mus\u00e9e Frida<\/strong> <strong>Kahlo<\/strong> dans le quartier de Coyoac\u00e1n. Ce mus\u00e9e est \u00e9galement connu sous le nom de &#8220;Maison bleue&#8221; pour les murs bleu cobalt de la structure. Cette maison-mus\u00e9e d&#8217;art est d\u00e9di\u00e9e \u00e0 la vie de Frida Kahlo.<\/p>\n<p>Enfin, vous explorerez le village de <strong>Coyoac\u00e1n<\/strong>. C&#8217;est un quartier tr\u00e8s sp\u00e9cial qui re\u00e7oit la visite de diff\u00e9rents artistes, hippies et intellectuels du monde entier. Au centre du village, vous trouverez le jardin du centenaire. C&#8217;est l&#8217;endroit id\u00e9al pour ceux qui s&#8217;int\u00e9ressent \u00e0 diff\u00e9rents types d&#8217;art.<\/p>\n<p><strong>\u00c0 la fin de la visite, votre chauffeur priv\u00e9 et votre guide officiel vous ram\u00e8neront \u00e0 votre h\u00f4tel \u00e0 Mexico.<\/strong><\/p>\n<p>Jetez un \u0153il \u00e0 notre liste de produits priv\u00e9s \u00e0 Mexico et en provenance de Mexico ici!<\/p>\n<p><button style=\"width: auto; height: auto; background-image: url('data:image\/png;base64,iVBORw0KGgoAAAANSUhEUgAAADAAAAAwCAYAAABXAvmHAAABS2lUWHRYTUw6Y29tLmFkb2JlLnhtcAAAAAAAPD94cGFja2V0IGJlZ2luPSLvu78iIGlkPSJXNU0wTXBDZWhpSHpyZVN6TlRjemtjOWQiPz4KPHg6eG1wbWV0YSB4bWxuczp4PSJhZG9iZTpuczptZXRhLyIgeDp4bXB0az0iQWRvYmUgWE1QIENvcmUgNS42LWMxMzggNzkuMTU5ODI0LCAyMDE2LzA5LzE0LTAxOjA5OjAxICAgICAgICAiPgogPHJkZjpSREYgeG1sbnM6cmRmPSJodHRwOi8vd3d3LnczLm9yZy8xOTk5LzAyLzIyLXJkZi1zeW50YXgtbnMjIj4KICA8cmRmOkRlc2NyaXB0aW9uIHJkZjphYm91dD0iIi8+CiA8L3JkZjpSREY+CjwveDp4bXBtZXRhPgo8P3hwYWNrZXQgZW5kPSJyIj8+IEmuOgAAAx5JREFUaIHtmj1L81wYx39JI75AbYtgBTFTRdQGXV2cxMlPICjiakHE0cVJB5FO4uLgN1AnZ\/0EgoLQtd6tL6hJIwia9DzDg6Wxpcb7hMTe+INCz+t1\/TnJuU7OOYoQ4g8Qpz2xFSGEiNoLGVTAjtoJCWw1ag9k0eoTQgg2NzcplUp0dHRE5VNTHMdB0zTy+TydnZ21fI8Ay7K4vr4ml8uRSqVCd7IVQgjW19cpFAoYhlHLbxiBTCbD9PR06A76YXx8HNd1PXmed0BRFBzHwTTNUB3zy\/v7O7FYzJPX9i\/xr4Co0b6u0prj42Pu7u5a1unp6UHXdSYmJkgmk7ImPUgLWFlZoVQq+aqbSCSYn59ne3ubRCIhaxoI4BHSdd13Xcuy2N\/fxzCML0fNL9IjoChK7f\/p6Smjo6MNdWzb5vz8nI2NDUzTpFgsMjMzw+Xlpax5eQH1TE5OMjAw0LQsm80yNzdHNpvFtm2urq44PDxkaWlJymags9D9\/X3Lcl3X2dnZqaX39vakbYY+jS4uLtLV1QXAxcUFlUpFqr\/QBXR3d9Pf3w\/8v8J8fn6W6i90Aa7r8vT0BEAsFpOeTkMXcHJywsvLCwAjIyPSgS1QAb29vS3LHx4eyOVytfTy8rK0zUAFPD4+8vb25vm9vr5SLBY5ODjAMAzK5TIAQ0NDrK6uStsMNA7Mzs42rNfrn\/kP0uk0Z2dnaJq8+UAFfHb0M6qqsrCwwO7uLn19fYHYDFTA2tpa00isaRqDg4NMTU19a+3kh0AFbG1t1YJUWAT6EhcKhSC780Xbf5H9CoiaXwFRIy2gPng5jiPb3beRjgPDw8NYlgUQegyAAAQcHR3xccgTxNrmu0hbjMJpj32ZxkIITNOkWq16tlf8tlVVlWQy+e229UgLKJfLuK77VwI+PikjE6CqKmNjYzJdSPPvxQFVVT2HaD8JVVX5fKzdcEZWLpe5vb39cYd8ADc3Nw1nZB4B8XicdDpNPp+PJCi1wnEcUqkUmUzGk68IISp8uitRqVSoVqth+ueLJntIdtNZ6Kv9nZ9E21\/20IASbXzd5j\/MIQu2KoJrJwAAAABJRU5ErkJggg=='); background-size: 14px 14px; background-color: #000000; position: absolute; opacity: 1; z-index: 86753099; display: none; cursor: pointer; border: none; border-top-left-radius: 3px; border-top-right-radius: 3px; border-bottom-right-radius: 3px; border-bottom-left-radius: 3px; text-indent: 20px; padding: 0px 4px 0px 0px; text-align: center; font-style: normal; font-variant-caps: normal; font-weight: bold; font-stretch: normal; font-size: 11px; line-height: 20px; font-family: 'Helvetica Neue', Helvetica, sans-serif; color: #ffffff; text-transform: capitalize; -webkit-font-smoothing: antialiased; top: 1397px; left: 563px; background-position: 3px 50%; background-repeat: no-repeat no-repeat;\">plan it<\/button><\/p>\n<div id=\"gtx-trans\" style=\"position: absolute; left: 193px; top: 751.625px;\">\n<div class=\"gtx-trans-icon\"><\/div>\n<\/div>\n","protected":false},"excerpt":{"rendered":"<p>Vous ne voulez certainement pas manquer cette visite priv\u00e9e unique \u00e0 Xochimilco, Coyoac\u00e1n et le mus\u00e9e Frida Kahlo. Courez la chance de visiter deux quartiers incroyables avec un guide local.<\/p>\n","protected":false},"featured_media":90549,"comment_status":"open","ping_status":"closed","template":"","meta":{"_acf_changed":false},"product_brand":[],"product_cat":[3727,3808,4227,4228],"product_tag":[],"class_list":{"0":"post-104788","1":"product","2":"type-product","3":"status-publish","4":"has-post-thumbnail","6":"product_cat-mexique-fr","7":"product_cat-mexico-city-fr","8":"product_cat-all-private-tours-and-activities-fr-3","9":"product_cat-private-sightseeing-tours-fr-13","11":"first","12":"instock","13":"shipping-taxable","14":"purchasable","15":"product-type-simple"},"acf":[],"yoast_head":"<!-- This site is optimized with the Yoast SEO Premium plugin v25.3.1 (Yoast SEO v25.3.1) - https:\/\/yoast.com\/wordpress\/plugins\/seo\/ -->\n<title>Visite priv\u00e9e \u00e0 Xochimilco, Coyoac\u00e1n et mus\u00e9e Frida Kahlo | TTM<\/title>\n<meta name=\"description\" content=\"Profitez de cette exp\u00e9rience unique avec notre visite priv\u00e9e \u00e0 Xochimilco, Coyoac\u00e1n et Frida Kahlo Museum avec une \u00e9quipe locale professionnelle.\" \/>\n<meta name=\"robots\" content=\"index, follow, max-snippet:-1, max-image-preview:large, max-video-preview:-1\" \/>\n<link rel=\"canonical\" href=\"https:\/\/tourtravelandmore.com\/fr\/tours\/mexique-fr\/mexico-city-fr\/all-private-tours-and-activities-fr-3\/visite-privee-a-xochimilco-coyoacan-et-musee-frida-kahlo\/\" \/>\n<meta property=\"og:locale\" content=\"fr_FR\" \/>\n<meta property=\"og:type\" content=\"article\" \/>\n<meta property=\"og:title\" content=\"Visite priv\u00e9e \u00e0 Xochimilco, Coyoac\u00e1n et mus\u00e9e Frida Kahlo\" \/>\n<meta property=\"og:description\" content=\"Profitez de cette exp\u00e9rience unique avec notre visite priv\u00e9e \u00e0 Xochimilco, Coyoac\u00e1n et Frida Kahlo Museum avec une \u00e9quipe locale professionnelle.\" \/>\n<meta property=\"og:url\" content=\"https:\/\/tourtravelandmore.com\/fr\/tours\/mexique-fr\/mexico-city-fr\/all-private-tours-and-activities-fr-3\/visite-privee-a-xochimilco-coyoacan-et-musee-frida-kahlo\/\" \/>\n<meta property=\"og:site_name\" content=\"Tour Travel And More\" \/>\n<meta property=\"article:publisher\" content=\"https:\/\/www.facebook.com\/tourtravelandmore\/\" \/>\n<meta property=\"article:modified_time\" content=\"2022-12-06T17:54:16+00:00\" \/>\n<meta property=\"og:image\" content=\"https:\/\/tourtravelandmore.com\/wp-content\/uploads\/2020\/12\/xochi.jpg\" \/>\n\t<meta property=\"og:image:width\" content=\"798\" \/>\n\t<meta property=\"og:image:height\" content=\"449\" \/>\n\t<meta property=\"og:image:type\" content=\"image\/jpeg\" \/>\n<meta name=\"twitter:card\" content=\"summary_large_image\" \/>\n<meta name=\"twitter:site\" content=\"@TourTravel_More\" \/>\n<meta name=\"twitter:label1\" content=\"Dur\u00e9e de lecture estim\u00e9e\" \/>\n\t<meta name=\"twitter:data1\" content=\"3 minutes\" \/>\n<script type=\"application\/ld+json\" class=\"yoast-schema-graph\">{\"@context\":\"https:\/\/schema.org\",\"@graph\":[{\"@type\":\"WebPage\",\"@id\":\"https:\/\/tourtravelandmore.com\/fr\/tours\/mexique-fr\/mexico-city-fr\/all-private-tours-and-activities-fr-3\/visite-privee-a-xochimilco-coyoacan-et-musee-frida-kahlo\/\",\"url\":\"https:\/\/tourtravelandmore.com\/fr\/tours\/mexique-fr\/mexico-city-fr\/all-private-tours-and-activities-fr-3\/visite-privee-a-xochimilco-coyoacan-et-musee-frida-kahlo\/\",\"name\":\"Visite priv\u00e9e \u00e0 Xochimilco, Coyoac\u00e1n et mus\u00e9e Frida Kahlo | TTM\",\"isPartOf\":{\"@id\":\"https:\/\/tourtravelandmore.com\/fr\/#website\"},\"primaryImageOfPage\":{\"@id\":\"https:\/\/tourtravelandmore.com\/fr\/tours\/mexique-fr\/mexico-city-fr\/all-private-tours-and-activities-fr-3\/visite-privee-a-xochimilco-coyoacan-et-musee-frida-kahlo\/#primaryimage\"},\"image\":{\"@id\":\"https:\/\/tourtravelandmore.com\/fr\/tours\/mexique-fr\/mexico-city-fr\/all-private-tours-and-activities-fr-3\/visite-privee-a-xochimilco-coyoacan-et-musee-frida-kahlo\/#primaryimage\"},\"thumbnailUrl\":\"https:\/\/tourtravelandmore.com\/wp-content\/uploads\/2020\/12\/xochi.jpg\",\"datePublished\":\"2020-12-29T08:12:49+00:00\",\"dateModified\":\"2022-12-06T17:54:16+00:00\",\"description\":\"Profitez de cette exp\u00e9rience unique avec notre visite priv\u00e9e \u00e0 Xochimilco, Coyoac\u00e1n et Frida Kahlo Museum avec une \u00e9quipe locale professionnelle.\",\"breadcrumb\":{\"@id\":\"https:\/\/tourtravelandmore.com\/fr\/tours\/mexique-fr\/mexico-city-fr\/all-private-tours-and-activities-fr-3\/visite-privee-a-xochimilco-coyoacan-et-musee-frida-kahlo\/#breadcrumb\"},\"inLanguage\":\"fr-FR\",\"potentialAction\":[{\"@type\":\"ReadAction\",\"target\":[\"https:\/\/tourtravelandmore.com\/fr\/tours\/mexique-fr\/mexico-city-fr\/all-private-tours-and-activities-fr-3\/visite-privee-a-xochimilco-coyoacan-et-musee-frida-kahlo\/\"]}]},{\"@type\":\"ImageObject\",\"inLanguage\":\"fr-FR\",\"@id\":\"https:\/\/tourtravelandmore.com\/fr\/tours\/mexique-fr\/mexico-city-fr\/all-private-tours-and-activities-fr-3\/visite-privee-a-xochimilco-coyoacan-et-musee-frida-kahlo\/#primaryimage\",\"url\":\"https:\/\/tourtravelandmore.com\/wp-content\/uploads\/2020\/12\/xochi.jpg\",\"contentUrl\":\"https:\/\/tourtravelandmore.com\/wp-content\/uploads\/2020\/12\/xochi.jpg\",\"width\":798,\"height\":449},{\"@type\":\"BreadcrumbList\",\"@id\":\"https:\/\/tourtravelandmore.com\/fr\/tours\/mexique-fr\/mexico-city-fr\/all-private-tours-and-activities-fr-3\/visite-privee-a-xochimilco-coyoacan-et-musee-frida-kahlo\/#breadcrumb\",\"itemListElement\":[{\"@type\":\"ListItem\",\"position\":1,\"name\":\"Home\",\"item\":\"https:\/\/tourtravelandmore.com\/fr\/\"},{\"@type\":\"ListItem\",\"position\":2,\"name\":\"Tours\",\"item\":\"https:\/\/tourtravelandmore.com\/fr\/tours\/\"},{\"@type\":\"ListItem\",\"position\":3,\"name\":\"Visite priv\u00e9e \u00e0 Xochimilco, Coyoac\u00e1n et mus\u00e9e Frida Kahlo\"}]},{\"@type\":\"WebSite\",\"@id\":\"https:\/\/tourtravelandmore.com\/fr\/#website\",\"url\":\"https:\/\/tourtravelandmore.com\/fr\/\",\"name\":\"Tour Travel And More\",\"description\":\"Private sightseeing tours and luxury transfers in Spain\",\"publisher\":{\"@id\":\"https:\/\/tourtravelandmore.com\/fr\/#organization\"},\"potentialAction\":[{\"@type\":\"SearchAction\",\"target\":{\"@type\":\"EntryPoint\",\"urlTemplate\":\"https:\/\/tourtravelandmore.com\/fr\/?s={search_term_string}\"},\"query-input\":{\"@type\":\"PropertyValueSpecification\",\"valueRequired\":true,\"valueName\":\"search_term_string\"}}],\"inLanguage\":\"fr-FR\"},{\"@type\":\"Organization\",\"@id\":\"https:\/\/tourtravelandmore.com\/fr\/#organization\",\"name\":\"Tour Travel And More\",\"url\":\"https:\/\/tourtravelandmore.com\/fr\/\",\"logo\":{\"@type\":\"ImageObject\",\"inLanguage\":\"fr-FR\",\"@id\":\"https:\/\/tourtravelandmore.com\/fr\/#\/schema\/logo\/image\/\",\"url\":\"https:\/\/tourtravelandmore.com\/wp-content\/uploads\/2022\/12\/cropped-logo-cabecera-new.png\",\"contentUrl\":\"https:\/\/tourtravelandmore.com\/wp-content\/uploads\/2022\/12\/cropped-logo-cabecera-new.png\",\"width\":430,\"height\":61,\"caption\":\"Tour Travel And More\"},\"image\":{\"@id\":\"https:\/\/tourtravelandmore.com\/fr\/#\/schema\/logo\/image\/\"},\"sameAs\":[\"https:\/\/www.facebook.com\/tourtravelandmore\/\",\"https:\/\/x.com\/TourTravel_More\"]}]}<\/script>\n<!-- \/ Yoast SEO Premium plugin. -->","yoast_head_json":{"title":"Visite priv\u00e9e \u00e0 Xochimilco, Coyoac\u00e1n et mus\u00e9e Frida Kahlo | TTM","description":"Profitez de cette exp\u00e9rience unique avec notre visite priv\u00e9e \u00e0 Xochimilco, Coyoac\u00e1n et Frida Kahlo Museum avec une \u00e9quipe locale professionnelle.","robots":{"index":"index","follow":"follow","max-snippet":"max-snippet:-1","max-image-preview":"max-image-preview:large","max-video-preview":"max-video-preview:-1"},"canonical":"https:\/\/tourtravelandmore.com\/fr\/tours\/mexique-fr\/mexico-city-fr\/all-private-tours-and-activities-fr-3\/visite-privee-a-xochimilco-coyoacan-et-musee-frida-kahlo\/","og_locale":"fr_FR","og_type":"article","og_title":"Visite priv\u00e9e \u00e0 Xochimilco, Coyoac\u00e1n et mus\u00e9e Frida Kahlo","og_description":"Profitez de cette exp\u00e9rience unique avec notre visite priv\u00e9e \u00e0 Xochimilco, Coyoac\u00e1n et Frida Kahlo Museum avec une \u00e9quipe locale professionnelle.","og_url":"https:\/\/tourtravelandmore.com\/fr\/tours\/mexique-fr\/mexico-city-fr\/all-private-tours-and-activities-fr-3\/visite-privee-a-xochimilco-coyoacan-et-musee-frida-kahlo\/","og_site_name":"Tour Travel And More","article_publisher":"https:\/\/www.facebook.com\/tourtravelandmore\/","article_modified_time":"2022-12-06T17:54:16+00:00","og_image":[{"width":798,"height":449,"url":"https:\/\/tourtravelandmore.com\/wp-content\/uploads\/2020\/12\/xochi.jpg","type":"image\/jpeg"}],"twitter_card":"summary_large_image","twitter_site":"@TourTravel_More","twitter_misc":{"Dur\u00e9e de lecture estim\u00e9e":"3 minutes"},"schema":{"@context":"https:\/\/schema.org","@graph":[{"@type":"WebPage","@id":"https:\/\/tourtravelandmore.com\/fr\/tours\/mexique-fr\/mexico-city-fr\/all-private-tours-and-activities-fr-3\/visite-privee-a-xochimilco-coyoacan-et-musee-frida-kahlo\/","url":"https:\/\/tourtravelandmore.com\/fr\/tours\/mexique-fr\/mexico-city-fr\/all-private-tours-and-activities-fr-3\/visite-privee-a-xochimilco-coyoacan-et-musee-frida-kahlo\/","name":"Visite priv\u00e9e \u00e0 Xochimilco, Coyoac\u00e1n et mus\u00e9e Frida Kahlo | TTM","isPartOf":{"@id":"https:\/\/tourtravelandmore.com\/fr\/#website"},"primaryImageOfPage":{"@id":"https:\/\/tourtravelandmore.com\/fr\/tours\/mexique-fr\/mexico-city-fr\/all-private-tours-and-activities-fr-3\/visite-privee-a-xochimilco-coyoacan-et-musee-frida-kahlo\/#primaryimage"},"image":{"@id":"https:\/\/tourtravelandmore.com\/fr\/tours\/mexique-fr\/mexico-city-fr\/all-private-tours-and-activities-fr-3\/visite-privee-a-xochimilco-coyoacan-et-musee-frida-kahlo\/#primaryimage"},"thumbnailUrl":"https:\/\/tourtravelandmore.com\/wp-content\/uploads\/2020\/12\/xochi.jpg","datePublished":"2020-12-29T08:12:49+00:00","dateModified":"2022-12-06T17:54:16+00:00","description":"Profitez de cette exp\u00e9rience unique avec notre visite priv\u00e9e \u00e0 Xochimilco, Coyoac\u00e1n et Frida Kahlo Museum avec une \u00e9quipe locale professionnelle.","breadcrumb":{"@id":"https:\/\/tourtravelandmore.com\/fr\/tours\/mexique-fr\/mexico-city-fr\/all-private-tours-and-activities-fr-3\/visite-privee-a-xochimilco-coyoacan-et-musee-frida-kahlo\/#breadcrumb"},"inLanguage":"fr-FR","potentialAction":[{"@type":"ReadAction","target":["https:\/\/tourtravelandmore.com\/fr\/tours\/mexique-fr\/mexico-city-fr\/all-private-tours-and-activities-fr-3\/visite-privee-a-xochimilco-coyoacan-et-musee-frida-kahlo\/"]}]},{"@type":"ImageObject","inLanguage":"fr-FR","@id":"https:\/\/tourtravelandmore.com\/fr\/tours\/mexique-fr\/mexico-city-fr\/all-private-tours-and-activities-fr-3\/visite-privee-a-xochimilco-coyoacan-et-musee-frida-kahlo\/#primaryimage","url":"https:\/\/tourtravelandmore.com\/wp-content\/uploads\/2020\/12\/xochi.jpg","contentUrl":"https:\/\/tourtravelandmore.com\/wp-content\/uploads\/2020\/12\/xochi.jpg","width":798,"height":449},{"@type":"BreadcrumbList","@id":"https:\/\/tourtravelandmore.com\/fr\/tours\/mexique-fr\/mexico-city-fr\/all-private-tours-and-activities-fr-3\/visite-privee-a-xochimilco-coyoacan-et-musee-frida-kahlo\/#breadcrumb","itemListElement":[{"@type":"ListItem","position":1,"name":"Home","item":"https:\/\/tourtravelandmore.com\/fr\/"},{"@type":"ListItem","position":2,"name":"Tours","item":"https:\/\/tourtravelandmore.com\/fr\/tours\/"},{"@type":"ListItem","position":3,"name":"Visite priv\u00e9e \u00e0 Xochimilco, Coyoac\u00e1n et mus\u00e9e Frida Kahlo"}]},{"@type":"WebSite","@id":"https:\/\/tourtravelandmore.com\/fr\/#website","url":"https:\/\/tourtravelandmore.com\/fr\/","name":"Tour Travel And More","description":"Private sightseeing tours and luxury transfers in Spain","publisher":{"@id":"https:\/\/tourtravelandmore.com\/fr\/#organization"},"potentialAction":[{"@type":"SearchAction","target":{"@type":"EntryPoint","urlTemplate":"https:\/\/tourtravelandmore.com\/fr\/?s={search_term_string}"},"query-input":{"@type":"PropertyValueSpecification","valueRequired":true,"valueName":"search_term_string"}}],"inLanguage":"fr-FR"},{"@type":"Organization","@id":"https:\/\/tourtravelandmore.com\/fr\/#organization","name":"Tour Travel And More","url":"https:\/\/tourtravelandmore.com\/fr\/","logo":{"@type":"ImageObject","inLanguage":"fr-FR","@id":"https:\/\/tourtravelandmore.com\/fr\/#\/schema\/logo\/image\/","url":"https:\/\/tourtravelandmore.com\/wp-content\/uploads\/2022\/12\/cropped-logo-cabecera-new.png","contentUrl":"https:\/\/tourtravelandmore.com\/wp-content\/uploads\/2022\/12\/cropped-logo-cabecera-new.png","width":430,"height":61,"caption":"Tour Travel And More"},"image":{"@id":"https:\/\/tourtravelandmore.com\/fr\/#\/schema\/logo\/image\/"},"sameAs":["https:\/\/www.facebook.com\/tourtravelandmore\/","https:\/\/x.com\/TourTravel_More"]}]}},"_links":{"self":[{"href":"https:\/\/tourtravelandmore.com\/fr\/wp-json\/wp\/v2\/product\/104788","targetHints":{"allow":["GET"]}}],"collection":[{"href":"https:\/\/tourtravelandmore.com\/fr\/wp-json\/wp\/v2\/product"}],"about":[{"href":"https:\/\/tourtravelandmore.com\/fr\/wp-json\/wp\/v2\/types\/product"}],"replies":[{"embeddable":true,"href":"https:\/\/tourtravelandmore.com\/fr\/wp-json\/wp\/v2\/comments?post=104788"}],"wp:featuredmedia":[{"embeddable":true,"href":"https:\/\/tourtravelandmore.com\/fr\/wp-json\/wp\/v2\/media\/90549"}],"wp:attachment":[{"href":"https:\/\/tourtravelandmore.com\/fr\/wp-json\/wp\/v2\/media?parent=104788"}],"wp:term":[{"taxonomy":"product_brand","embeddable":true,"href":"https:\/\/tourtravelandmore.com\/fr\/wp-json\/wp\/v2\/product_brand?post=104788"},{"taxonomy":"product_cat","embeddable":true,"href":"https:\/\/tourtravelandmore.com\/fr\/wp-json\/wp\/v2\/product_cat?post=104788"},{"taxonomy":"product_tag","embeddable":true,"href":"https:\/\/tourtravelandmore.com\/fr\/wp-json\/wp\/v2\/product_tag?post=104788"}],"curies":[{"name":"wp","href":"https:\/\/api.w.org\/{rel}","templated":true}]}}