{"id":104782,"date":"2020-12-28T11:33:27","date_gmt":"2020-12-28T10:33:27","guid":{"rendered":"https:\/\/tourtravelandmore.com\/tours\/non%20class\u00e9\/visite-privee-a-taxco-et-cuernavaca\/"},"modified":"2023-09-05T17:12:33","modified_gmt":"2023-09-05T15:12:33","slug":"visite-privee-a-taxco-et-cuernavaca","status":"publish","type":"product","link":"https:\/\/tourtravelandmore.com\/fr\/tours\/mexique-fr\/mexico-city-fr\/all-private-tours-and-activities-fr-3\/visite-privee-a-taxco-et-cuernavaca\/","title":{"rendered":"Visite priv\u00e9e \u00e0 Taxco et Cuernavaca"},"content":{"rendered":"<h2>Description:<\/h2>\n<p>Si vous avez d\u00e9j\u00e0 tout vu \u00e0 <strong>Mexico<\/strong> et que vous en voulez encore plus, nous vous invitons \u00e0 cette <strong>visite priv\u00e9e \u00e0 Taxco et Cuernavaca.<\/strong> Soyez pr\u00eat pour une excursion d&#8217;une journ\u00e9e compl\u00e8te dans deux villes mexicaines c\u00e9l\u00e8bres pour son architecture coloniale espagnole. Vous serez accompagn\u00e9 d&#8217;un guide officiel et d&#8217;un chauffeur priv\u00e9.<\/p>\n<p>Cette visite priv\u00e9e a une dur\u00e9e totale de 13 heures entre le moment de la prise en charge et le moment du d\u00e9p\u00f4t. Comme vous le savez peut-\u00eatre, comme il s&#8217;agit d&#8217;une visite personnalis\u00e9e, nous pouvons organiser une prise en charge depuis un lieu de votre choix \u00e0 Mexico.<\/p>\n<p><strong>Taxco de Alarc\u00f3n<\/strong> est une municipalit\u00e9 de l&#8217;\u00c9tat de Guerrero, au sud-ouest de Mexico. Cette ville pittoresque est tr\u00e8s connue en raison de son architecture coloniale espagnole unique et de ses bijouteries en argent. Ici, le patrimoine azt\u00e8que et espagnol converge, faisant de cette belle ville une destination unique.<\/p>\n<p><strong>Cuernavaca<\/strong> est la capitale de l&#8217;\u00e9tat de Morelos. Cette ville coloniale abrite le palais d&#8217;Hern\u00e1n Cort\u00e9s, ancienne demeure du conqu\u00e9rant espagnol.<\/p>\n<p>Ne manquez pas l&#8217;occasion de visiter deux villes incroyables avec notre visite priv\u00e9e \u00e0 Taxco et Cuernavaca. Profitez du meilleur de votre s\u00e9jour au Mexique et explorez toutes les villes et villages possibles.<\/p>\n<h2>Sites d&#8217;int\u00e9r\u00eat et monuments<\/h2>\n<p>Cette visite priv\u00e9e commencera apr\u00e8s une prise en charge confortable \u00e0 votre h\u00f4tel ou lieu de votre choix \u00e0 Mexico.<\/p>\n<p>Votre premier arr\u00eat sera Cuernavaca ou &#8220;La ville du printemps \u00e9ternel&#8221;. Son nom de famille fait r\u00e9f\u00e9rence au climat chaud qu&#8217;il a g\u00e9n\u00e9ralement tout au long de l&#8217;ann\u00e9e.<\/p>\n<p>\u00c0 <strong>Cuernavaca<\/strong>, vous effectuerez une visite panoramique de la ville, o\u00f9 vous pourrez admirer des b\u00e2timents de style colonial et de belles places du centre historique. Vous pourrez \u00e9galement visiter <strong>la cath\u00e9drale de Cuernavaca, le palais Cort\u00e9s, le mus\u00e9e Cauhn\u00e1huac et bien plus encore.<\/strong><\/p>\n<p>Apr\u00e8s cela, vous continuerez vers la destination suivante. Taxco est une autre ville coloniale situ\u00e9e sur une colline. Il est tr\u00e8s c\u00e9l\u00e8bre en raison de ses rues pav\u00e9es sinueuses et de ses places confortables. Ici, vous pourrez visiter les lieux suivants:<\/p>\n<ul>\n<li><strong>\u00c9glise Santa Prisca: tr\u00e8s connue pour son style baroque.<\/strong><\/li>\n<li><strong>Bijouteries<\/strong><\/li>\n<li><strong>Mus\u00e9e d&#8217;anthropologie<\/strong><\/li>\n<li><strong>Le Christ au sommet: \u00e0 partir d&#8217;ici, vous pourrez admirer une belle vue panoramique sur Taxco<\/strong><\/li>\n<li><strong>Mus\u00e9e &#8220;Casa Humboldt&#8221;<\/strong><\/li>\n<li><strong>L&#8217;ex hacienda de San Juan Bautista: l&#8217;une des rares constructions qui ont le style m\u00e9di\u00e9val.<\/strong><\/li>\n<li><strong>et beaucoup plus!<\/strong><\/li>\n<\/ul>\n<p>Le long de la journ\u00e9e, vous ferez une halte pour d\u00e9jeuner dans un restaurant typique de la ville. Si vous pr\u00e9f\u00e9rez, nous pouvons faire une r\u00e9servation juste pour vous et votre groupe.<\/p>\n<p>\u00c0 la fin de la visite, votre chauffeur priv\u00e9 et votre guide officiel vous ram\u00e8neront \u00e0 votre h\u00f4tel \u00e0 Mexico.<\/p>\n<p><button style=\"width: auto; height: auto; background-image: url('data:image\/png;base64,iVBORw0KGgoAAAANSUhEUgAAADAAAAAwCAYAAABXAvmHAAABS2lUWHRYTUw6Y29tLmFkb2JlLnhtcAAAAAAAPD94cGFja2V0IGJlZ2luPSLvu78iIGlkPSJXNU0wTXBDZWhpSHpyZVN6TlRjemtjOWQiPz4KPHg6eG1wbWV0YSB4bWxuczp4PSJhZG9iZTpuczptZXRhLyIgeDp4bXB0az0iQWRvYmUgWE1QIENvcmUgNS42LWMxMzggNzkuMTU5ODI0LCAyMDE2LzA5LzE0LTAxOjA5OjAxICAgICAgICAiPgogPHJkZjpSREYgeG1sbnM6cmRmPSJodHRwOi8vd3d3LnczLm9yZy8xOTk5LzAyLzIyLXJkZi1zeW50YXgtbnMjIj4KICA8cmRmOkRlc2NyaXB0aW9uIHJkZjphYm91dD0iIi8+CiA8L3JkZjpSREY+CjwveDp4bXBtZXRhPgo8P3hwYWNrZXQgZW5kPSJyIj8+IEmuOgAAAx5JREFUaIHtmj1L81wYx39JI75AbYtgBTFTRdQGXV2cxMlPICjiakHE0cVJB5FO4uLgN1AnZ\/0EgoLQtd6tL6hJIwia9DzDg6Wxpcb7hMTe+INCz+t1\/TnJuU7OOYoQ4g8Qpz2xFSGEiNoLGVTAjtoJCWw1ag9k0eoTQgg2NzcplUp0dHRE5VNTHMdB0zTy+TydnZ21fI8Ay7K4vr4ml8uRSqVCd7IVQgjW19cpFAoYhlHLbxiBTCbD9PR06A76YXx8HNd1PXmed0BRFBzHwTTNUB3zy\/v7O7FYzJPX9i\/xr4Co0b6u0prj42Pu7u5a1unp6UHXdSYmJkgmk7ImPUgLWFlZoVQq+aqbSCSYn59ne3ubRCIhaxoI4BHSdd13Xcuy2N\/fxzCML0fNL9IjoChK7f\/p6Smjo6MNdWzb5vz8nI2NDUzTpFgsMjMzw+Xlpax5eQH1TE5OMjAw0LQsm80yNzdHNpvFtm2urq44PDxkaWlJymags9D9\/X3Lcl3X2dnZqaX39vakbYY+jS4uLtLV1QXAxcUFlUpFqr\/QBXR3d9Pf3w\/8v8J8fn6W6i90Aa7r8vT0BEAsFpOeTkMXcHJywsvLCwAjIyPSgS1QAb29vS3LHx4eyOVytfTy8rK0zUAFPD4+8vb25vm9vr5SLBY5ODjAMAzK5TIAQ0NDrK6uStsMNA7Mzs42rNfrn\/kP0uk0Z2dnaJq8+UAFfHb0M6qqsrCwwO7uLn19fYHYDFTA2tpa00isaRqDg4NMTU19a+3kh0AFbG1t1YJUWAT6EhcKhSC780Xbf5H9CoiaXwFRIy2gPng5jiPb3beRjgPDw8NYlgUQegyAAAQcHR3xccgTxNrmu0hbjMJpj32ZxkIITNOkWq16tlf8tlVVlWQy+e229UgLKJfLuK77VwI+PikjE6CqKmNjYzJdSPPvxQFVVT2HaD8JVVX5fKzdcEZWLpe5vb39cYd8ADc3Nw1nZB4B8XicdDpNPp+PJCi1wnEcUqkUmUzGk68IISp8uitRqVSoVqth+ueLJntIdtNZ6Kv9nZ9E21\/20IASbXzd5j\/MIQu2KoJrJwAAAABJRU5ErkJggg=='); background-size: 14px 14px; background-color: #000000; position: absolute; opacity: 1; z-index: 86753099; display: none; cursor: pointer; border: none; border-top-left-radius: 3px; border-top-right-radius: 3px; border-bottom-right-radius: 3px; border-bottom-left-radius: 3px; text-indent: 20px; padding: 0px 4px 0px 0px; text-align: center; font-style: normal; font-variant-caps: normal; font-weight: bold; font-stretch: normal; font-size: 11px; line-height: 20px; font-family: 'Helvetica Neue', Helvetica, sans-serif; color: #ffffff; text-transform: capitalize; -webkit-font-smoothing: antialiased; top: 1397px; left: 563px; background-position: 3px 50%; background-repeat: no-repeat no-repeat;\">plan it<\/button><\/p>\n","protected":false},"excerpt":{"rendered":"<p>Profitez au maximum de votre s\u00e9jour au Mexique et venez avec nous pour cette visite priv\u00e9e \u00e0 Taxco et Cuernavaca au d\u00e9part de Mexico. Vous voyagerez confortablement dans un v\u00e9hicule de luxe priv\u00e9 avec chauffeur et guide professionnel.<\/p>\n","protected":false},"featured_media":90520,"comment_status":"open","ping_status":"closed","template":"","meta":{"_acf_changed":false},"product_brand":[],"product_cat":[3727,3808,4227,4228],"product_tag":[],"class_list":{"0":"post-104782","1":"product","2":"type-product","3":"status-publish","4":"has-post-thumbnail","6":"product_cat-mexique-fr","7":"product_cat-mexico-city-fr","8":"product_cat-all-private-tours-and-activities-fr-3","9":"product_cat-private-sightseeing-tours-fr-13","11":"first","12":"instock","13":"shipping-taxable","14":"purchasable","15":"product-type-simple"},"acf":[],"yoast_head":"<!-- This site is optimized with the Yoast SEO Premium plugin v25.3.1 (Yoast SEO v25.3.1) - https:\/\/yoast.com\/wordpress\/plugins\/seo\/ -->\n<title>Visite priv\u00e9e \u00e0 Taxco et Cuernavaca au d\u00e9part de Mexico | TTM<\/title>\n<meta name=\"description\" content=\"Voyagez dans le temps avec notre visite priv\u00e9e \u00e0 Taxco et Cuernavaca et obtenez la chance de visiter deux villes incroyables avec une histoire incroyable.\" \/>\n<meta name=\"robots\" content=\"index, follow, max-snippet:-1, max-image-preview:large, max-video-preview:-1\" \/>\n<link rel=\"canonical\" href=\"https:\/\/tourtravelandmore.com\/fr\/tours\/mexique-fr\/mexico-city-fr\/all-private-tours-and-activities-fr-3\/visite-privee-a-taxco-et-cuernavaca\/\" \/>\n<meta property=\"og:locale\" content=\"fr_FR\" \/>\n<meta property=\"og:type\" content=\"article\" \/>\n<meta property=\"og:title\" content=\"Visite priv\u00e9e \u00e0 Taxco et Cuernavaca\" \/>\n<meta property=\"og:description\" content=\"Voyagez dans le temps avec notre visite priv\u00e9e \u00e0 Taxco et Cuernavaca et obtenez la chance de visiter deux villes incroyables avec une histoire incroyable.\" \/>\n<meta property=\"og:url\" content=\"https:\/\/tourtravelandmore.com\/fr\/tours\/mexique-fr\/mexico-city-fr\/all-private-tours-and-activities-fr-3\/visite-privee-a-taxco-et-cuernavaca\/\" \/>\n<meta property=\"og:site_name\" content=\"Tour Travel And More\" \/>\n<meta property=\"article:publisher\" content=\"https:\/\/www.facebook.com\/tourtravelandmore\/\" \/>\n<meta property=\"article:modified_time\" content=\"2023-09-05T15:12:33+00:00\" \/>\n<meta property=\"og:image\" content=\"https:\/\/tourtravelandmore.com\/wp-content\/uploads\/2020\/12\/cuernavaca-1-scaled.jpg\" \/>\n\t<meta property=\"og:image:width\" content=\"2560\" \/>\n\t<meta property=\"og:image:height\" content=\"1920\" \/>\n\t<meta property=\"og:image:type\" content=\"image\/jpeg\" \/>\n<meta name=\"twitter:card\" content=\"summary_large_image\" \/>\n<meta name=\"twitter:site\" content=\"@TourTravel_More\" \/>\n<meta name=\"twitter:label1\" content=\"Dur\u00e9e de lecture estim\u00e9e\" \/>\n\t<meta name=\"twitter:data1\" content=\"2 minutes\" \/>\n<script type=\"application\/ld+json\" class=\"yoast-schema-graph\">{\"@context\":\"https:\/\/schema.org\",\"@graph\":[{\"@type\":\"WebPage\",\"@id\":\"https:\/\/tourtravelandmore.com\/fr\/tours\/mexique-fr\/mexico-city-fr\/all-private-tours-and-activities-fr-3\/visite-privee-a-taxco-et-cuernavaca\/\",\"url\":\"https:\/\/tourtravelandmore.com\/fr\/tours\/mexique-fr\/mexico-city-fr\/all-private-tours-and-activities-fr-3\/visite-privee-a-taxco-et-cuernavaca\/\",\"name\":\"Visite priv\u00e9e \u00e0 Taxco et Cuernavaca au d\u00e9part de Mexico | TTM\",\"isPartOf\":{\"@id\":\"https:\/\/tourtravelandmore.com\/fr\/#website\"},\"primaryImageOfPage\":{\"@id\":\"https:\/\/tourtravelandmore.com\/fr\/tours\/mexique-fr\/mexico-city-fr\/all-private-tours-and-activities-fr-3\/visite-privee-a-taxco-et-cuernavaca\/#primaryimage\"},\"image\":{\"@id\":\"https:\/\/tourtravelandmore.com\/fr\/tours\/mexique-fr\/mexico-city-fr\/all-private-tours-and-activities-fr-3\/visite-privee-a-taxco-et-cuernavaca\/#primaryimage\"},\"thumbnailUrl\":\"https:\/\/tourtravelandmore.com\/wp-content\/uploads\/2020\/12\/cuernavaca-1-scaled.jpg\",\"datePublished\":\"2020-12-28T10:33:27+00:00\",\"dateModified\":\"2023-09-05T15:12:33+00:00\",\"description\":\"Voyagez dans le temps avec notre visite priv\u00e9e \u00e0 Taxco et Cuernavaca et obtenez la chance de visiter deux villes incroyables avec une histoire incroyable.\",\"breadcrumb\":{\"@id\":\"https:\/\/tourtravelandmore.com\/fr\/tours\/mexique-fr\/mexico-city-fr\/all-private-tours-and-activities-fr-3\/visite-privee-a-taxco-et-cuernavaca\/#breadcrumb\"},\"inLanguage\":\"fr-FR\",\"potentialAction\":[{\"@type\":\"ReadAction\",\"target\":[\"https:\/\/tourtravelandmore.com\/fr\/tours\/mexique-fr\/mexico-city-fr\/all-private-tours-and-activities-fr-3\/visite-privee-a-taxco-et-cuernavaca\/\"]}]},{\"@type\":\"ImageObject\",\"inLanguage\":\"fr-FR\",\"@id\":\"https:\/\/tourtravelandmore.com\/fr\/tours\/mexique-fr\/mexico-city-fr\/all-private-tours-and-activities-fr-3\/visite-privee-a-taxco-et-cuernavaca\/#primaryimage\",\"url\":\"https:\/\/tourtravelandmore.com\/wp-content\/uploads\/2020\/12\/cuernavaca-1-scaled.jpg\",\"contentUrl\":\"https:\/\/tourtravelandmore.com\/wp-content\/uploads\/2020\/12\/cuernavaca-1-scaled.jpg\",\"width\":2560,\"height\":1920},{\"@type\":\"BreadcrumbList\",\"@id\":\"https:\/\/tourtravelandmore.com\/fr\/tours\/mexique-fr\/mexico-city-fr\/all-private-tours-and-activities-fr-3\/visite-privee-a-taxco-et-cuernavaca\/#breadcrumb\",\"itemListElement\":[{\"@type\":\"ListItem\",\"position\":1,\"name\":\"Home\",\"item\":\"https:\/\/tourtravelandmore.com\/fr\/\"},{\"@type\":\"ListItem\",\"position\":2,\"name\":\"Tours\",\"item\":\"https:\/\/tourtravelandmore.com\/fr\/tours\/\"},{\"@type\":\"ListItem\",\"position\":3,\"name\":\"Visite priv\u00e9e \u00e0 Taxco et Cuernavaca\"}]},{\"@type\":\"WebSite\",\"@id\":\"https:\/\/tourtravelandmore.com\/fr\/#website\",\"url\":\"https:\/\/tourtravelandmore.com\/fr\/\",\"name\":\"Tour Travel And More\",\"description\":\"Private sightseeing tours and luxury transfers in Spain\",\"publisher\":{\"@id\":\"https:\/\/tourtravelandmore.com\/fr\/#organization\"},\"potentialAction\":[{\"@type\":\"SearchAction\",\"target\":{\"@type\":\"EntryPoint\",\"urlTemplate\":\"https:\/\/tourtravelandmore.com\/fr\/?s={search_term_string}\"},\"query-input\":{\"@type\":\"PropertyValueSpecification\",\"valueRequired\":true,\"valueName\":\"search_term_string\"}}],\"inLanguage\":\"fr-FR\"},{\"@type\":\"Organization\",\"@id\":\"https:\/\/tourtravelandmore.com\/fr\/#organization\",\"name\":\"Tour Travel And More\",\"url\":\"https:\/\/tourtravelandmore.com\/fr\/\",\"logo\":{\"@type\":\"ImageObject\",\"inLanguage\":\"fr-FR\",\"@id\":\"https:\/\/tourtravelandmore.com\/fr\/#\/schema\/logo\/image\/\",\"url\":\"https:\/\/tourtravelandmore.com\/wp-content\/uploads\/2022\/12\/cropped-logo-cabecera-new.png\",\"contentUrl\":\"https:\/\/tourtravelandmore.com\/wp-content\/uploads\/2022\/12\/cropped-logo-cabecera-new.png\",\"width\":430,\"height\":61,\"caption\":\"Tour Travel And More\"},\"image\":{\"@id\":\"https:\/\/tourtravelandmore.com\/fr\/#\/schema\/logo\/image\/\"},\"sameAs\":[\"https:\/\/www.facebook.com\/tourtravelandmore\/\",\"https:\/\/x.com\/TourTravel_More\"]}]}<\/script>\n<!-- \/ Yoast SEO Premium plugin. -->","yoast_head_json":{"title":"Visite priv\u00e9e \u00e0 Taxco et Cuernavaca au d\u00e9part de Mexico | TTM","description":"Voyagez dans le temps avec notre visite priv\u00e9e \u00e0 Taxco et Cuernavaca et obtenez la chance de visiter deux villes incroyables avec une histoire incroyable.","robots":{"index":"index","follow":"follow","max-snippet":"max-snippet:-1","max-image-preview":"max-image-preview:large","max-video-preview":"max-video-preview:-1"},"canonical":"https:\/\/tourtravelandmore.com\/fr\/tours\/mexique-fr\/mexico-city-fr\/all-private-tours-and-activities-fr-3\/visite-privee-a-taxco-et-cuernavaca\/","og_locale":"fr_FR","og_type":"article","og_title":"Visite priv\u00e9e \u00e0 Taxco et Cuernavaca","og_description":"Voyagez dans le temps avec notre visite priv\u00e9e \u00e0 Taxco et Cuernavaca et obtenez la chance de visiter deux villes incroyables avec une histoire incroyable.","og_url":"https:\/\/tourtravelandmore.com\/fr\/tours\/mexique-fr\/mexico-city-fr\/all-private-tours-and-activities-fr-3\/visite-privee-a-taxco-et-cuernavaca\/","og_site_name":"Tour Travel And More","article_publisher":"https:\/\/www.facebook.com\/tourtravelandmore\/","article_modified_time":"2023-09-05T15:12:33+00:00","og_image":[{"width":2560,"height":1920,"url":"https:\/\/tourtravelandmore.com\/wp-content\/uploads\/2020\/12\/cuernavaca-1-scaled.jpg","type":"image\/jpeg"}],"twitter_card":"summary_large_image","twitter_site":"@TourTravel_More","twitter_misc":{"Dur\u00e9e de lecture estim\u00e9e":"2 minutes"},"schema":{"@context":"https:\/\/schema.org","@graph":[{"@type":"WebPage","@id":"https:\/\/tourtravelandmore.com\/fr\/tours\/mexique-fr\/mexico-city-fr\/all-private-tours-and-activities-fr-3\/visite-privee-a-taxco-et-cuernavaca\/","url":"https:\/\/tourtravelandmore.com\/fr\/tours\/mexique-fr\/mexico-city-fr\/all-private-tours-and-activities-fr-3\/visite-privee-a-taxco-et-cuernavaca\/","name":"Visite priv\u00e9e \u00e0 Taxco et Cuernavaca au d\u00e9part de Mexico | TTM","isPartOf":{"@id":"https:\/\/tourtravelandmore.com\/fr\/#website"},"primaryImageOfPage":{"@id":"https:\/\/tourtravelandmore.com\/fr\/tours\/mexique-fr\/mexico-city-fr\/all-private-tours-and-activities-fr-3\/visite-privee-a-taxco-et-cuernavaca\/#primaryimage"},"image":{"@id":"https:\/\/tourtravelandmore.com\/fr\/tours\/mexique-fr\/mexico-city-fr\/all-private-tours-and-activities-fr-3\/visite-privee-a-taxco-et-cuernavaca\/#primaryimage"},"thumbnailUrl":"https:\/\/tourtravelandmore.com\/wp-content\/uploads\/2020\/12\/cuernavaca-1-scaled.jpg","datePublished":"2020-12-28T10:33:27+00:00","dateModified":"2023-09-05T15:12:33+00:00","description":"Voyagez dans le temps avec notre visite priv\u00e9e \u00e0 Taxco et Cuernavaca et obtenez la chance de visiter deux villes incroyables avec une histoire incroyable.","breadcrumb":{"@id":"https:\/\/tourtravelandmore.com\/fr\/tours\/mexique-fr\/mexico-city-fr\/all-private-tours-and-activities-fr-3\/visite-privee-a-taxco-et-cuernavaca\/#breadcrumb"},"inLanguage":"fr-FR","potentialAction":[{"@type":"ReadAction","target":["https:\/\/tourtravelandmore.com\/fr\/tours\/mexique-fr\/mexico-city-fr\/all-private-tours-and-activities-fr-3\/visite-privee-a-taxco-et-cuernavaca\/"]}]},{"@type":"ImageObject","inLanguage":"fr-FR","@id":"https:\/\/tourtravelandmore.com\/fr\/tours\/mexique-fr\/mexico-city-fr\/all-private-tours-and-activities-fr-3\/visite-privee-a-taxco-et-cuernavaca\/#primaryimage","url":"https:\/\/tourtravelandmore.com\/wp-content\/uploads\/2020\/12\/cuernavaca-1-scaled.jpg","contentUrl":"https:\/\/tourtravelandmore.com\/wp-content\/uploads\/2020\/12\/cuernavaca-1-scaled.jpg","width":2560,"height":1920},{"@type":"BreadcrumbList","@id":"https:\/\/tourtravelandmore.com\/fr\/tours\/mexique-fr\/mexico-city-fr\/all-private-tours-and-activities-fr-3\/visite-privee-a-taxco-et-cuernavaca\/#breadcrumb","itemListElement":[{"@type":"ListItem","position":1,"name":"Home","item":"https:\/\/tourtravelandmore.com\/fr\/"},{"@type":"ListItem","position":2,"name":"Tours","item":"https:\/\/tourtravelandmore.com\/fr\/tours\/"},{"@type":"ListItem","position":3,"name":"Visite priv\u00e9e \u00e0 Taxco et Cuernavaca"}]},{"@type":"WebSite","@id":"https:\/\/tourtravelandmore.com\/fr\/#website","url":"https:\/\/tourtravelandmore.com\/fr\/","name":"Tour Travel And More","description":"Private sightseeing tours and luxury transfers in Spain","publisher":{"@id":"https:\/\/tourtravelandmore.com\/fr\/#organization"},"potentialAction":[{"@type":"SearchAction","target":{"@type":"EntryPoint","urlTemplate":"https:\/\/tourtravelandmore.com\/fr\/?s={search_term_string}"},"query-input":{"@type":"PropertyValueSpecification","valueRequired":true,"valueName":"search_term_string"}}],"inLanguage":"fr-FR"},{"@type":"Organization","@id":"https:\/\/tourtravelandmore.com\/fr\/#organization","name":"Tour Travel And More","url":"https:\/\/tourtravelandmore.com\/fr\/","logo":{"@type":"ImageObject","inLanguage":"fr-FR","@id":"https:\/\/tourtravelandmore.com\/fr\/#\/schema\/logo\/image\/","url":"https:\/\/tourtravelandmore.com\/wp-content\/uploads\/2022\/12\/cropped-logo-cabecera-new.png","contentUrl":"https:\/\/tourtravelandmore.com\/wp-content\/uploads\/2022\/12\/cropped-logo-cabecera-new.png","width":430,"height":61,"caption":"Tour Travel And More"},"image":{"@id":"https:\/\/tourtravelandmore.com\/fr\/#\/schema\/logo\/image\/"},"sameAs":["https:\/\/www.facebook.com\/tourtravelandmore\/","https:\/\/x.com\/TourTravel_More"]}]}},"_links":{"self":[{"href":"https:\/\/tourtravelandmore.com\/fr\/wp-json\/wp\/v2\/product\/104782","targetHints":{"allow":["GET"]}}],"collection":[{"href":"https:\/\/tourtravelandmore.com\/fr\/wp-json\/wp\/v2\/product"}],"about":[{"href":"https:\/\/tourtravelandmore.com\/fr\/wp-json\/wp\/v2\/types\/product"}],"replies":[{"embeddable":true,"href":"https:\/\/tourtravelandmore.com\/fr\/wp-json\/wp\/v2\/comments?post=104782"}],"wp:featuredmedia":[{"embeddable":true,"href":"https:\/\/tourtravelandmore.com\/fr\/wp-json\/wp\/v2\/media\/90520"}],"wp:attachment":[{"href":"https:\/\/tourtravelandmore.com\/fr\/wp-json\/wp\/v2\/media?parent=104782"}],"wp:term":[{"taxonomy":"product_brand","embeddable":true,"href":"https:\/\/tourtravelandmore.com\/fr\/wp-json\/wp\/v2\/product_brand?post=104782"},{"taxonomy":"product_cat","embeddable":true,"href":"https:\/\/tourtravelandmore.com\/fr\/wp-json\/wp\/v2\/product_cat?post=104782"},{"taxonomy":"product_tag","embeddable":true,"href":"https:\/\/tourtravelandmore.com\/fr\/wp-json\/wp\/v2\/product_tag?post=104782"}],"curies":[{"name":"wp","href":"https:\/\/api.w.org\/{rel}","templated":true}]}}