{"id":104781,"date":"2020-12-28T10:02:35","date_gmt":"2020-12-28T09:02:35","guid":{"rendered":"https:\/\/tourtravelandmore.com\/tours\/non%20class\u00e9\/visite-privee-a-puebla-et-cholula\/"},"modified":"2022-12-07T20:00:13","modified_gmt":"2022-12-07T19:00:13","slug":"visite-privee-a-puebla-et-cholula","status":"publish","type":"product","link":"https:\/\/tourtravelandmore.com\/fr\/tours\/mexique-fr\/mexico-city-fr\/all-private-tours-and-activities-fr-3\/visite-privee-a-puebla-et-cholula\/","title":{"rendered":"Visite priv\u00e9e \u00e0 Puebla et Cholula"},"content":{"rendered":"<h2>Description:<\/h2>\n<p>Mexico est entour\u00e9e de villes tr\u00e8s int\u00e9ressantes avec une grande valeur historique. A cette occasion, nous vous invitons \u00e0 notre <strong>visite priv\u00e9e \u00e0 Puebla et Cholula.<\/strong> Courez la chance de visiter deux villes diff\u00e9rentes avec une \u00e9quipe de <strong>professionnels<\/strong> dans un <strong>v\u00e9hicule<\/strong> de <strong>luxe<\/strong> priv\u00e9. Vous serez accompagn\u00e9 d&#8217;un chauffeur priv\u00e9 et d&#8217;un guide officiel.<\/p>\n<p>Apr\u00e8s une prise en charge priv\u00e9e confortable \u00e0 l&#8217;endroit de <strong>votre choix \u00e0 Mexico<\/strong>, vous commencerez cette excursion d&#8217;une journ\u00e9e compl\u00e8te. Vous visiterez d&#8217;abord Cholula puis continuerez vers Puebla.<\/p>\n<p><strong>Cholula de Rivadavia,<\/strong> \u00e0 d&#8217;autres occasions, est \u00e9galement appel\u00e9e San Pedro Cholula, est une ville de l&#8217;\u00c9tat mexicain de <strong>Puebla<\/strong>. Elle est consid\u00e9r\u00e9e comme la plus ancienne ville vivante d&#8217;Am\u00e9rique. D&#8217;autre part, Puebla est une ville du centre-est du Mexique, au sud-est de Mexico. Puebla est tr\u00e8s c\u00e9l\u00e8bre en raison de son importante gastronomie et de son architecture coloniale.<\/p>\n<p>Profitez d&#8217;une journ\u00e9e de cong\u00e9 au d\u00e9part de Mexico et explorez deux villes merveilleuses avec notre visite priv\u00e9e \u00e0 Puebla et Cholula. Cette visite a une dur\u00e9e totale de 9 heures entre le moment de la prise en charge et le moment du d\u00e9p\u00f4t.<\/p>\n<h2>Sites d&#8217;int\u00e9r\u00eat et monuments<\/h2>\n<p>Votre premier contact avec<strong> Tour Travel &amp; More<\/strong> se fera \u00e0 votre h\u00f4tel ou lieu de votre choix \u00e0 Mexico. Comme il s&#8217;agit d&#8217;une exp\u00e9rience d&#8217;une journ\u00e9e compl\u00e8te, la visite devrait commencer t\u00f4t le matin.<\/p>\n<p>Pendant notre voyage jusqu&#8217;\u00e0 Cholula, nous emprunterons la route qui traverse les montagnes o\u00f9 vous pourrez admirer la vue imprenable sur les <strong>volcans Iztacc\u00edhuatl et Popocat\u00e9petl.<\/strong><\/p>\n<p>Une fois \u00e0 <strong>Cholula<\/strong>, vous pourrez visiter le <strong>site arch\u00e9ologique<\/strong>. Ici, vous serez \u00e9bloui par la <strong>Grande Pyramide de Cholula<\/strong> &#8220;<strong>Tlachihualt\u00e9petl<\/strong>&#8220;. Cette pyramide est la plus grande pyramide du monde et est cach\u00e9e sous une immense montagne. Au sommet de la pyramide, vous trouverez l&#8217;\u00e9glise de Notre-Dame des Rem\u00e8des.<\/p>\n<p>Apr\u00e8s cela, vous continuerez vers <strong>Puebla<\/strong>, \u00e9galement tr\u00e8s connue sous le nom de &#8220;Cit\u00e9 des Anges&#8221;. Ici, vous pourrez visiter le centre historique qui a \u00e9t\u00e9 consid\u00e9r\u00e9 comme patrimoine mondial par l&#8217;Unesco. Entre autres monuments et sites, vous pourrez admirer la <strong>cath\u00e9drale de Puebla, la place des armes<\/strong>,<strong> l&#8217;\u00e9glise de Santo Domingo, et bien plus encore!.<\/strong><\/p>\n<p>Comme nous l&#8217;avons d\u00e9j\u00e0 mentionn\u00e9, <strong>Puebla<\/strong> est tr\u00e8s c\u00e9l\u00e8bre en raison de sa gastronomie. Pour cette raison, c&#8217;est l&#8217;endroit id\u00e9al pour d\u00e9jeuner et d\u00e9guster le plat typique de la ville: Mole Poblano. Si nous avons encore du temps, nous pouvons \u00e9galement visiter les march\u00e9s locaux de produits alimentaires et d&#8217;\u00e9pices.<\/p>\n<p>Enfin, \u00e0 la fin de la visite, vous retournerez \u00e0 Mexico.<\/p>\n<p>Une autre excursion d&#8217;une journ\u00e9e incroyable au d\u00e9part de Mexico est notre visite priv\u00e9e \u00e0 Teotihuac\u00e1n et au sanctuaire de Guadalupe, jetez un coup d&#8217;\u0153il!.<\/p>\n<p><button style=\"width: auto; height: auto; background-image: url('data:image\/png;base64,iVBORw0KGgoAAAANSUhEUgAAADAAAAAwCAYAAABXAvmHAAABS2lUWHRYTUw6Y29tLmFkb2JlLnhtcAAAAAAAPD94cGFja2V0IGJlZ2luPSLvu78iIGlkPSJXNU0wTXBDZWhpSHpyZVN6TlRjemtjOWQiPz4KPHg6eG1wbWV0YSB4bWxuczp4PSJhZG9iZTpuczptZXRhLyIgeDp4bXB0az0iQWRvYmUgWE1QIENvcmUgNS42LWMxMzggNzkuMTU5ODI0LCAyMDE2LzA5LzE0LTAxOjA5OjAxICAgICAgICAiPgogPHJkZjpSREYgeG1sbnM6cmRmPSJodHRwOi8vd3d3LnczLm9yZy8xOTk5LzAyLzIyLXJkZi1zeW50YXgtbnMjIj4KICA8cmRmOkRlc2NyaXB0aW9uIHJkZjphYm91dD0iIi8+CiA8L3JkZjpSREY+CjwveDp4bXBtZXRhPgo8P3hwYWNrZXQgZW5kPSJyIj8+IEmuOgAAAx5JREFUaIHtmj1L81wYx39JI75AbYtgBTFTRdQGXV2cxMlPICjiakHE0cVJB5FO4uLgN1AnZ\/0EgoLQtd6tL6hJIwia9DzDg6Wxpcb7hMTe+INCz+t1\/TnJuU7OOYoQ4g8Qpz2xFSGEiNoLGVTAjtoJCWw1ag9k0eoTQgg2NzcplUp0dHRE5VNTHMdB0zTy+TydnZ21fI8Ay7K4vr4ml8uRSqVCd7IVQgjW19cpFAoYhlHLbxiBTCbD9PR06A76YXx8HNd1PXmed0BRFBzHwTTNUB3zy\/v7O7FYzJPX9i\/xr4Co0b6u0prj42Pu7u5a1unp6UHXdSYmJkgmk7ImPUgLWFlZoVQq+aqbSCSYn59ne3ubRCIhaxoI4BHSdd13Xcuy2N\/fxzCML0fNL9IjoChK7f\/p6Smjo6MNdWzb5vz8nI2NDUzTpFgsMjMzw+Xlpax5eQH1TE5OMjAw0LQsm80yNzdHNpvFtm2urq44PDxkaWlJymags9D9\/X3Lcl3X2dnZqaX39vakbYY+jS4uLtLV1QXAxcUFlUpFqr\/QBXR3d9Pf3w\/8v8J8fn6W6i90Aa7r8vT0BEAsFpOeTkMXcHJywsvLCwAjIyPSgS1QAb29vS3LHx4eyOVytfTy8rK0zUAFPD4+8vb25vm9vr5SLBY5ODjAMAzK5TIAQ0NDrK6uStsMNA7Mzs42rNfrn\/kP0uk0Z2dnaJq8+UAFfHb0M6qqsrCwwO7uLn19fYHYDFTA2tpa00isaRqDg4NMTU19a+3kh0AFbG1t1YJUWAT6EhcKhSC780Xbf5H9CoiaXwFRIy2gPng5jiPb3beRjgPDw8NYlgUQegyAAAQcHR3xccgTxNrmu0hbjMJpj32ZxkIITNOkWq16tlf8tlVVlWQy+e229UgLKJfLuK77VwI+PikjE6CqKmNjYzJdSPPvxQFVVT2HaD8JVVX5fKzdcEZWLpe5vb39cYd8ADc3Nw1nZB4B8XicdDpNPp+PJCi1wnEcUqkUmUzGk68IISp8uitRqVSoVqth+ueLJntIdtNZ6Kv9nZ9E21\/20IASbXzd5j\/MIQu2KoJrJwAAAABJRU5ErkJggg=='); background-size: 14px 14px; background-color: #000000; position: absolute; opacity: 1; z-index: 86753099; display: none; cursor: pointer; border: none; border-top-left-radius: 3px; border-top-right-radius: 3px; border-bottom-right-radius: 3px; border-bottom-left-radius: 3px; text-indent: 20px; padding: 0px 4px 0px 0px; text-align: center; font-style: normal; font-variant-caps: normal; font-weight: bold; font-stretch: normal; font-size: 11px; line-height: 20px; font-family: 'Helvetica Neue', Helvetica, sans-serif; color: #ffffff; text-transform: capitalize; -webkit-font-smoothing: antialiased; top: 1397px; left: 563px; background-position: 3px 50%; background-repeat: no-repeat no-repeat;\">plan it<\/button><\/p>\n","protected":false},"excerpt":{"rendered":"<p>Profitez de cette incroyable exp\u00e9rience d&#8217;une journ\u00e9e compl\u00e8te au d\u00e9part de Mexico et visitez deux villes incroyables avec notre visite priv\u00e9e \u00e0 Puebla et Cholula. Personnalisez votre propre exp\u00e9rience en nous contactant simplement.<\/p>\n","protected":false},"featured_media":90486,"comment_status":"open","ping_status":"closed","template":"","meta":{"_acf_changed":false},"product_brand":[],"product_cat":[3727,3808,4227,4228],"product_tag":[],"class_list":{"0":"post-104781","1":"product","2":"type-product","3":"status-publish","4":"has-post-thumbnail","6":"product_cat-mexique-fr","7":"product_cat-mexico-city-fr","8":"product_cat-all-private-tours-and-activities-fr-3","9":"product_cat-private-sightseeing-tours-fr-13","11":"first","12":"instock","13":"shipping-taxable","14":"purchasable","15":"product-type-simple"},"acf":[],"yoast_head":"<!-- This site is optimized with the Yoast SEO Premium plugin v25.3.1 (Yoast SEO v25.3.1) - https:\/\/yoast.com\/wordpress\/plugins\/seo\/ -->\n<title>Visite priv\u00e9e \u00e0 Puebla et Cholula dans un v\u00e9hicule de luxe priv\u00e9 | TTM<\/title>\n<meta name=\"description\" content=\"Saisissez l&#039;occasion de visiter deux villes incroyables avec notre visite priv\u00e9e \u00e0 Puebla et Cholula avec un guide local et un chauffeur priv\u00e9.\" \/>\n<meta name=\"robots\" content=\"index, follow, max-snippet:-1, max-image-preview:large, max-video-preview:-1\" \/>\n<link rel=\"canonical\" href=\"https:\/\/tourtravelandmore.com\/fr\/tours\/mexique-fr\/mexico-city-fr\/all-private-tours-and-activities-fr-3\/visite-privee-a-puebla-et-cholula\/\" \/>\n<meta property=\"og:locale\" content=\"fr_FR\" \/>\n<meta property=\"og:type\" content=\"article\" \/>\n<meta property=\"og:title\" content=\"Visite priv\u00e9e \u00e0 Puebla et Cholula\" \/>\n<meta property=\"og:description\" content=\"Saisissez l&#039;occasion de visiter deux villes incroyables avec notre visite priv\u00e9e \u00e0 Puebla et Cholula avec un guide local et un chauffeur priv\u00e9.\" \/>\n<meta property=\"og:url\" content=\"https:\/\/tourtravelandmore.com\/fr\/tours\/mexique-fr\/mexico-city-fr\/all-private-tours-and-activities-fr-3\/visite-privee-a-puebla-et-cholula\/\" \/>\n<meta property=\"og:site_name\" content=\"Tour Travel And More\" \/>\n<meta property=\"article:publisher\" content=\"https:\/\/www.facebook.com\/tourtravelandmore\/\" \/>\n<meta property=\"article:modified_time\" content=\"2022-12-07T19:00:13+00:00\" \/>\n<meta property=\"og:image\" content=\"https:\/\/tourtravelandmore.com\/wp-content\/uploads\/2020\/12\/cholula.jpg\" \/>\n\t<meta property=\"og:image:width\" content=\"1000\" \/>\n\t<meta property=\"og:image:height\" content=\"594\" \/>\n\t<meta property=\"og:image:type\" content=\"image\/jpeg\" \/>\n<meta name=\"twitter:card\" content=\"summary_large_image\" \/>\n<meta name=\"twitter:site\" content=\"@TourTravel_More\" \/>\n<meta name=\"twitter:label1\" content=\"Dur\u00e9e de lecture estim\u00e9e\" \/>\n\t<meta name=\"twitter:data1\" content=\"2 minutes\" \/>\n<script type=\"application\/ld+json\" class=\"yoast-schema-graph\">{\"@context\":\"https:\/\/schema.org\",\"@graph\":[{\"@type\":\"WebPage\",\"@id\":\"https:\/\/tourtravelandmore.com\/fr\/tours\/mexique-fr\/mexico-city-fr\/all-private-tours-and-activities-fr-3\/visite-privee-a-puebla-et-cholula\/\",\"url\":\"https:\/\/tourtravelandmore.com\/fr\/tours\/mexique-fr\/mexico-city-fr\/all-private-tours-and-activities-fr-3\/visite-privee-a-puebla-et-cholula\/\",\"name\":\"Visite priv\u00e9e \u00e0 Puebla et Cholula dans un v\u00e9hicule de luxe priv\u00e9 | TTM\",\"isPartOf\":{\"@id\":\"https:\/\/tourtravelandmore.com\/fr\/#website\"},\"primaryImageOfPage\":{\"@id\":\"https:\/\/tourtravelandmore.com\/fr\/tours\/mexique-fr\/mexico-city-fr\/all-private-tours-and-activities-fr-3\/visite-privee-a-puebla-et-cholula\/#primaryimage\"},\"image\":{\"@id\":\"https:\/\/tourtravelandmore.com\/fr\/tours\/mexique-fr\/mexico-city-fr\/all-private-tours-and-activities-fr-3\/visite-privee-a-puebla-et-cholula\/#primaryimage\"},\"thumbnailUrl\":\"https:\/\/tourtravelandmore.com\/wp-content\/uploads\/2020\/12\/cholula.jpg\",\"datePublished\":\"2020-12-28T09:02:35+00:00\",\"dateModified\":\"2022-12-07T19:00:13+00:00\",\"description\":\"Saisissez l'occasion de visiter deux villes incroyables avec notre visite priv\u00e9e \u00e0 Puebla et Cholula avec un guide local et un chauffeur priv\u00e9.\",\"breadcrumb\":{\"@id\":\"https:\/\/tourtravelandmore.com\/fr\/tours\/mexique-fr\/mexico-city-fr\/all-private-tours-and-activities-fr-3\/visite-privee-a-puebla-et-cholula\/#breadcrumb\"},\"inLanguage\":\"fr-FR\",\"potentialAction\":[{\"@type\":\"ReadAction\",\"target\":[\"https:\/\/tourtravelandmore.com\/fr\/tours\/mexique-fr\/mexico-city-fr\/all-private-tours-and-activities-fr-3\/visite-privee-a-puebla-et-cholula\/\"]}]},{\"@type\":\"ImageObject\",\"inLanguage\":\"fr-FR\",\"@id\":\"https:\/\/tourtravelandmore.com\/fr\/tours\/mexique-fr\/mexico-city-fr\/all-private-tours-and-activities-fr-3\/visite-privee-a-puebla-et-cholula\/#primaryimage\",\"url\":\"https:\/\/tourtravelandmore.com\/wp-content\/uploads\/2020\/12\/cholula.jpg\",\"contentUrl\":\"https:\/\/tourtravelandmore.com\/wp-content\/uploads\/2020\/12\/cholula.jpg\",\"width\":1000,\"height\":594},{\"@type\":\"BreadcrumbList\",\"@id\":\"https:\/\/tourtravelandmore.com\/fr\/tours\/mexique-fr\/mexico-city-fr\/all-private-tours-and-activities-fr-3\/visite-privee-a-puebla-et-cholula\/#breadcrumb\",\"itemListElement\":[{\"@type\":\"ListItem\",\"position\":1,\"name\":\"Home\",\"item\":\"https:\/\/tourtravelandmore.com\/fr\/\"},{\"@type\":\"ListItem\",\"position\":2,\"name\":\"Tours\",\"item\":\"https:\/\/tourtravelandmore.com\/fr\/tours\/\"},{\"@type\":\"ListItem\",\"position\":3,\"name\":\"Visite priv\u00e9e \u00e0 Puebla et Cholula\"}]},{\"@type\":\"WebSite\",\"@id\":\"https:\/\/tourtravelandmore.com\/fr\/#website\",\"url\":\"https:\/\/tourtravelandmore.com\/fr\/\",\"name\":\"Tour Travel And More\",\"description\":\"Private sightseeing tours and luxury transfers in Spain\",\"publisher\":{\"@id\":\"https:\/\/tourtravelandmore.com\/fr\/#organization\"},\"potentialAction\":[{\"@type\":\"SearchAction\",\"target\":{\"@type\":\"EntryPoint\",\"urlTemplate\":\"https:\/\/tourtravelandmore.com\/fr\/?s={search_term_string}\"},\"query-input\":{\"@type\":\"PropertyValueSpecification\",\"valueRequired\":true,\"valueName\":\"search_term_string\"}}],\"inLanguage\":\"fr-FR\"},{\"@type\":\"Organization\",\"@id\":\"https:\/\/tourtravelandmore.com\/fr\/#organization\",\"name\":\"Tour Travel And More\",\"url\":\"https:\/\/tourtravelandmore.com\/fr\/\",\"logo\":{\"@type\":\"ImageObject\",\"inLanguage\":\"fr-FR\",\"@id\":\"https:\/\/tourtravelandmore.com\/fr\/#\/schema\/logo\/image\/\",\"url\":\"https:\/\/tourtravelandmore.com\/wp-content\/uploads\/2022\/12\/cropped-logo-cabecera-new.png\",\"contentUrl\":\"https:\/\/tourtravelandmore.com\/wp-content\/uploads\/2022\/12\/cropped-logo-cabecera-new.png\",\"width\":430,\"height\":61,\"caption\":\"Tour Travel And More\"},\"image\":{\"@id\":\"https:\/\/tourtravelandmore.com\/fr\/#\/schema\/logo\/image\/\"},\"sameAs\":[\"https:\/\/www.facebook.com\/tourtravelandmore\/\",\"https:\/\/x.com\/TourTravel_More\"]}]}<\/script>\n<!-- \/ Yoast SEO Premium plugin. -->","yoast_head_json":{"title":"Visite priv\u00e9e \u00e0 Puebla et Cholula dans un v\u00e9hicule de luxe priv\u00e9 | TTM","description":"Saisissez l'occasion de visiter deux villes incroyables avec notre visite priv\u00e9e \u00e0 Puebla et Cholula avec un guide local et un chauffeur priv\u00e9.","robots":{"index":"index","follow":"follow","max-snippet":"max-snippet:-1","max-image-preview":"max-image-preview:large","max-video-preview":"max-video-preview:-1"},"canonical":"https:\/\/tourtravelandmore.com\/fr\/tours\/mexique-fr\/mexico-city-fr\/all-private-tours-and-activities-fr-3\/visite-privee-a-puebla-et-cholula\/","og_locale":"fr_FR","og_type":"article","og_title":"Visite priv\u00e9e \u00e0 Puebla et Cholula","og_description":"Saisissez l'occasion de visiter deux villes incroyables avec notre visite priv\u00e9e \u00e0 Puebla et Cholula avec un guide local et un chauffeur priv\u00e9.","og_url":"https:\/\/tourtravelandmore.com\/fr\/tours\/mexique-fr\/mexico-city-fr\/all-private-tours-and-activities-fr-3\/visite-privee-a-puebla-et-cholula\/","og_site_name":"Tour Travel And More","article_publisher":"https:\/\/www.facebook.com\/tourtravelandmore\/","article_modified_time":"2022-12-07T19:00:13+00:00","og_image":[{"width":1000,"height":594,"url":"https:\/\/tourtravelandmore.com\/wp-content\/uploads\/2020\/12\/cholula.jpg","type":"image\/jpeg"}],"twitter_card":"summary_large_image","twitter_site":"@TourTravel_More","twitter_misc":{"Dur\u00e9e de lecture estim\u00e9e":"2 minutes"},"schema":{"@context":"https:\/\/schema.org","@graph":[{"@type":"WebPage","@id":"https:\/\/tourtravelandmore.com\/fr\/tours\/mexique-fr\/mexico-city-fr\/all-private-tours-and-activities-fr-3\/visite-privee-a-puebla-et-cholula\/","url":"https:\/\/tourtravelandmore.com\/fr\/tours\/mexique-fr\/mexico-city-fr\/all-private-tours-and-activities-fr-3\/visite-privee-a-puebla-et-cholula\/","name":"Visite priv\u00e9e \u00e0 Puebla et Cholula dans un v\u00e9hicule de luxe priv\u00e9 | TTM","isPartOf":{"@id":"https:\/\/tourtravelandmore.com\/fr\/#website"},"primaryImageOfPage":{"@id":"https:\/\/tourtravelandmore.com\/fr\/tours\/mexique-fr\/mexico-city-fr\/all-private-tours-and-activities-fr-3\/visite-privee-a-puebla-et-cholula\/#primaryimage"},"image":{"@id":"https:\/\/tourtravelandmore.com\/fr\/tours\/mexique-fr\/mexico-city-fr\/all-private-tours-and-activities-fr-3\/visite-privee-a-puebla-et-cholula\/#primaryimage"},"thumbnailUrl":"https:\/\/tourtravelandmore.com\/wp-content\/uploads\/2020\/12\/cholula.jpg","datePublished":"2020-12-28T09:02:35+00:00","dateModified":"2022-12-07T19:00:13+00:00","description":"Saisissez l'occasion de visiter deux villes incroyables avec notre visite priv\u00e9e \u00e0 Puebla et Cholula avec un guide local et un chauffeur priv\u00e9.","breadcrumb":{"@id":"https:\/\/tourtravelandmore.com\/fr\/tours\/mexique-fr\/mexico-city-fr\/all-private-tours-and-activities-fr-3\/visite-privee-a-puebla-et-cholula\/#breadcrumb"},"inLanguage":"fr-FR","potentialAction":[{"@type":"ReadAction","target":["https:\/\/tourtravelandmore.com\/fr\/tours\/mexique-fr\/mexico-city-fr\/all-private-tours-and-activities-fr-3\/visite-privee-a-puebla-et-cholula\/"]}]},{"@type":"ImageObject","inLanguage":"fr-FR","@id":"https:\/\/tourtravelandmore.com\/fr\/tours\/mexique-fr\/mexico-city-fr\/all-private-tours-and-activities-fr-3\/visite-privee-a-puebla-et-cholula\/#primaryimage","url":"https:\/\/tourtravelandmore.com\/wp-content\/uploads\/2020\/12\/cholula.jpg","contentUrl":"https:\/\/tourtravelandmore.com\/wp-content\/uploads\/2020\/12\/cholula.jpg","width":1000,"height":594},{"@type":"BreadcrumbList","@id":"https:\/\/tourtravelandmore.com\/fr\/tours\/mexique-fr\/mexico-city-fr\/all-private-tours-and-activities-fr-3\/visite-privee-a-puebla-et-cholula\/#breadcrumb","itemListElement":[{"@type":"ListItem","position":1,"name":"Home","item":"https:\/\/tourtravelandmore.com\/fr\/"},{"@type":"ListItem","position":2,"name":"Tours","item":"https:\/\/tourtravelandmore.com\/fr\/tours\/"},{"@type":"ListItem","position":3,"name":"Visite priv\u00e9e \u00e0 Puebla et Cholula"}]},{"@type":"WebSite","@id":"https:\/\/tourtravelandmore.com\/fr\/#website","url":"https:\/\/tourtravelandmore.com\/fr\/","name":"Tour Travel And More","description":"Private sightseeing tours and luxury transfers in Spain","publisher":{"@id":"https:\/\/tourtravelandmore.com\/fr\/#organization"},"potentialAction":[{"@type":"SearchAction","target":{"@type":"EntryPoint","urlTemplate":"https:\/\/tourtravelandmore.com\/fr\/?s={search_term_string}"},"query-input":{"@type":"PropertyValueSpecification","valueRequired":true,"valueName":"search_term_string"}}],"inLanguage":"fr-FR"},{"@type":"Organization","@id":"https:\/\/tourtravelandmore.com\/fr\/#organization","name":"Tour Travel And More","url":"https:\/\/tourtravelandmore.com\/fr\/","logo":{"@type":"ImageObject","inLanguage":"fr-FR","@id":"https:\/\/tourtravelandmore.com\/fr\/#\/schema\/logo\/image\/","url":"https:\/\/tourtravelandmore.com\/wp-content\/uploads\/2022\/12\/cropped-logo-cabecera-new.png","contentUrl":"https:\/\/tourtravelandmore.com\/wp-content\/uploads\/2022\/12\/cropped-logo-cabecera-new.png","width":430,"height":61,"caption":"Tour Travel And More"},"image":{"@id":"https:\/\/tourtravelandmore.com\/fr\/#\/schema\/logo\/image\/"},"sameAs":["https:\/\/www.facebook.com\/tourtravelandmore\/","https:\/\/x.com\/TourTravel_More"]}]}},"_links":{"self":[{"href":"https:\/\/tourtravelandmore.com\/fr\/wp-json\/wp\/v2\/product\/104781","targetHints":{"allow":["GET"]}}],"collection":[{"href":"https:\/\/tourtravelandmore.com\/fr\/wp-json\/wp\/v2\/product"}],"about":[{"href":"https:\/\/tourtravelandmore.com\/fr\/wp-json\/wp\/v2\/types\/product"}],"replies":[{"embeddable":true,"href":"https:\/\/tourtravelandmore.com\/fr\/wp-json\/wp\/v2\/comments?post=104781"}],"wp:featuredmedia":[{"embeddable":true,"href":"https:\/\/tourtravelandmore.com\/fr\/wp-json\/wp\/v2\/media\/90486"}],"wp:attachment":[{"href":"https:\/\/tourtravelandmore.com\/fr\/wp-json\/wp\/v2\/media?parent=104781"}],"wp:term":[{"taxonomy":"product_brand","embeddable":true,"href":"https:\/\/tourtravelandmore.com\/fr\/wp-json\/wp\/v2\/product_brand?post=104781"},{"taxonomy":"product_cat","embeddable":true,"href":"https:\/\/tourtravelandmore.com\/fr\/wp-json\/wp\/v2\/product_cat?post=104781"},{"taxonomy":"product_tag","embeddable":true,"href":"https:\/\/tourtravelandmore.com\/fr\/wp-json\/wp\/v2\/product_tag?post=104781"}],"curies":[{"name":"wp","href":"https:\/\/api.w.org\/{rel}","templated":true}]}}