{"id":104758,"date":"2020-12-24T10:18:40","date_gmt":"2020-12-24T09:18:40","guid":{"rendered":"https:\/\/tourtravelandmore.com\/tours\/non%20class\u00e9\/visite-privee-a-pied-de-mexico-centre-historique\/"},"modified":"2023-01-18T12:23:12","modified_gmt":"2023-01-18T11:23:12","slug":"visite-privee-a-pied-de-mexico-centre-historique","status":"publish","type":"product","link":"https:\/\/tourtravelandmore.com\/fr\/tours\/mexique-fr\/mexico-city-fr\/all-private-tours-and-activities-fr-3\/visite-privee-a-pied-de-mexico-centre-historique\/","title":{"rendered":"Visite priv\u00e9e \u00e0 pied de Mexico &#8211; Centre historique"},"content":{"rendered":"<h2>Description:<\/h2>\n<p>Se perdre dans les rues du <strong>centre historique du Mexique<\/strong> est l&#8217;un des meilleurs moyens de conna\u00eetre la ville. Rejoignez-nous pour cette <strong>visite priv\u00e9e \u00e0 pied de Mexico<\/strong> et courez la chance de visiter le c\u0153ur de la ville avec un guide local. Pr\u00e9parez des chaussures confortables car au cours de cette visite \u00e0 pied, vous visiterez tous les coins du centre historique.<\/p>\n<p>La prise en charge se fera depuis votre h\u00f4tel ou lieu de votre choix dans le centre <strong>historique<\/strong> du <strong>Mexique<\/strong>. Au cas o\u00f9 vous en auriez besoin, nous pouvons organiser un transfert priv\u00e9 de votre h\u00f4tel ou de l&#8217;a\u00e9roport au centre.<\/p>\n<p>Le <strong>centre<\/strong> <strong>historique<\/strong> du <strong>Mexique<\/strong> abrite des monuments historiques de la p\u00e9riode azt\u00e8que. C&#8217;est une zone pleine de b\u00e2timents anciens et de mus\u00e9es embl\u00e9matiques. Le site principal est la place Z\u00f3calo. Mexico re\u00e7oit de nombreux touristes tout au long de l&#8217;ann\u00e9e, c&#8217;est l&#8217;une des villes les plus embl\u00e9matiques d&#8217;Am\u00e9rique.<\/p>\n<p>Que vous visitiez Mexico pour la premi\u00e8re fois ou non, nous vous invitons \u00e0 cette visite \u00e0 pied de Mexico. Il n&#8217;est jamais trop difficile de conna\u00eetre ou de rafra\u00eechir l&#8217;histoire et la culture de cet endroit incroyable.<\/p>\n<h2>Sites d&#8217;int\u00e9r\u00eat et monuments<\/h2>\n<p>Votre premier contact avec Tour Travel &amp; More se fera \u00e0 votre h\u00f4tel ou place centrale dans le centre historique. Cette visite guid\u00e9e de 4 heures peut commencer \u00e0 l&#8217;heure souhait\u00e9e.<\/p>\n<p>Vous serez accompagn\u00e9 par un guide local professionnel qui a une grande connaissance de la ville. Soyez pr\u00eat \u00e0 passer un bon moment pendant vos vacances tout en d\u00e9couvrant <strong>l&#8217;histoire<\/strong> du <strong>Mexique<\/strong>.<\/p>\n<p>Entre autres monuments et sites touristiques, vous pourrez admirer:<\/p>\n<ul>\n<li><strong>Palais des Beaux-Arts<\/strong><\/li>\n<li><strong>Place Zocalo<\/strong><\/li>\n<li><strong>Les ruines de l&#8217;ancienne ville azt\u00e8que<\/strong><\/li>\n<li><strong>Bureau de poste<\/strong><\/li>\n<li><strong>Cath\u00e9drale m\u00e9tropolitaine du Mexique<\/strong><\/li>\n<li><strong>Central Alameda<\/strong><\/li>\n<li><strong>Place Saint-Domingue<\/strong><\/li>\n<li><strong>Temple de l&#8217;Immacul\u00e9e Conception<\/strong><\/li>\n<li><strong>Temple de San Francisco<\/strong><\/li>\n<li><strong>Palais national<\/strong><\/li>\n<li><strong>et bien plus!<\/strong><\/li>\n<\/ul>\n<p>Nous pouvons inclure des billets d&#8217;entr\u00e9e \u00e0 tout mus\u00e9e ou monument que vous souhaitez visiter. Si vous recherchez une visite plus sp\u00e9cifique, nous pouvons vous proposer des visites guid\u00e9es \u00e0 l&#8217;int\u00e9rieur des mus\u00e9es. Il vous suffit de nous contacter et de nous dire ce que vous souhaitez visiter.<\/p>\n<p>Enfin, votre guide officiel priv\u00e9 vous d\u00e9posera dans un lieu central du centre historique.<\/p>\n<p>Si vous recherchez une exp\u00e9rience plus compl\u00e8te, jetez un \u0153il \u00e0 notre visite priv\u00e9e de la ville du Mexique.<\/p>\n<p><button style=\"width: auto; height: auto; background-image: url('data:image\/png;base64,iVBORw0KGgoAAAANSUhEUgAAADAAAAAwCAYAAABXAvmHAAABS2lUWHRYTUw6Y29tLmFkb2JlLnhtcAAAAAAAPD94cGFja2V0IGJlZ2luPSLvu78iIGlkPSJXNU0wTXBDZWhpSHpyZVN6TlRjemtjOWQiPz4KPHg6eG1wbWV0YSB4bWxuczp4PSJhZG9iZTpuczptZXRhLyIgeDp4bXB0az0iQWRvYmUgWE1QIENvcmUgNS42LWMxMzggNzkuMTU5ODI0LCAyMDE2LzA5LzE0LTAxOjA5OjAxICAgICAgICAiPgogPHJkZjpSREYgeG1sbnM6cmRmPSJodHRwOi8vd3d3LnczLm9yZy8xOTk5LzAyLzIyLXJkZi1zeW50YXgtbnMjIj4KICA8cmRmOkRlc2NyaXB0aW9uIHJkZjphYm91dD0iIi8+CiA8L3JkZjpSREY+CjwveDp4bXBtZXRhPgo8P3hwYWNrZXQgZW5kPSJyIj8+IEmuOgAAAx5JREFUaIHtmj1L81wYx39JI75AbYtgBTFTRdQGXV2cxMlPICjiakHE0cVJB5FO4uLgN1AnZ\/0EgoLQtd6tL6hJIwia9DzDg6Wxpcb7hMTe+INCz+t1\/TnJuU7OOYoQ4g8Qpz2xFSGEiNoLGVTAjtoJCWw1ag9k0eoTQgg2NzcplUp0dHRE5VNTHMdB0zTy+TydnZ21fI8Ay7K4vr4ml8uRSqVCd7IVQgjW19cpFAoYhlHLbxiBTCbD9PR06A76YXx8HNd1PXmed0BRFBzHwTTNUB3zy\/v7O7FYzJPX9i\/xr4Co0b6u0prj42Pu7u5a1unp6UHXdSYmJkgmk7ImPUgLWFlZoVQq+aqbSCSYn59ne3ubRCIhaxoI4BHSdd13Xcuy2N\/fxzCML0fNL9IjoChK7f\/p6Smjo6MNdWzb5vz8nI2NDUzTpFgsMjMzw+Xlpax5eQH1TE5OMjAw0LQsm80yNzdHNpvFtm2urq44PDxkaWlJymags9D9\/X3Lcl3X2dnZqaX39vakbYY+jS4uLtLV1QXAxcUFlUpFqr\/QBXR3d9Pf3w\/8v8J8fn6W6i90Aa7r8vT0BEAsFpOeTkMXcHJywsvLCwAjIyPSgS1QAb29vS3LHx4eyOVytfTy8rK0zUAFPD4+8vb25vm9vr5SLBY5ODjAMAzK5TIAQ0NDrK6uStsMNA7Mzs42rNfrn\/kP0uk0Z2dnaJq8+UAFfHb0M6qqsrCwwO7uLn19fYHYDFTA2tpa00isaRqDg4NMTU19a+3kh0AFbG1t1YJUWAT6EhcKhSC780Xbf5H9CoiaXwFRIy2gPng5jiPb3beRjgPDw8NYlgUQegyAAAQcHR3xccgTxNrmu0hbjMJpj32ZxkIITNOkWq16tlf8tlVVlWQy+e229UgLKJfLuK77VwI+PikjE6CqKmNjYzJdSPPvxQFVVT2HaD8JVVX5fKzdcEZWLpe5vb39cYd8ADc3Nw1nZB4B8XicdDpNPp+PJCi1wnEcUqkUmUzGk68IISp8uitRqVSoVqth+ueLJntIdtNZ6Kv9nZ9E21\/20IASbXzd5j\/MIQu2KoJrJwAAAABJRU5ErkJggg=='); background-size: 14px 14px; background-color: #000000; position: absolute; opacity: 1; z-index: 86753099; display: none; cursor: pointer; border: none; border-top-left-radius: 3px; border-top-right-radius: 3px; border-bottom-right-radius: 3px; border-bottom-left-radius: 3px; text-indent: 20px; padding: 0px 4px 0px 0px; text-align: center; font-style: normal; font-variant-caps: normal; font-weight: bold; font-stretch: normal; font-size: 11px; line-height: 20px; font-family: 'Helvetica Neue', Helvetica, sans-serif; color: #ffffff; text-transform: capitalize; -webkit-font-smoothing: antialiased; top: 1397px; left: 563px; background-position: 3px 50%; background-repeat: no-repeat no-repeat;\">plan it<\/button><\/p>\n","protected":false},"excerpt":{"rendered":"<p>Profitez de vos journ\u00e9es au <strong>Mexique<\/strong> et rejoignez-nous pour cette <strong>visite priv\u00e9e \u00e0 pied de Mexico<\/strong>. Votre guide sera disponible rien que pour vous pendant toute la dur\u00e9e de la visite.<\/p>\n","protected":false},"featured_media":90288,"comment_status":"open","ping_status":"closed","template":"","meta":{"_acf_changed":false},"product_brand":[],"product_cat":[3727,3808,4227,4228,4229],"product_tag":[],"class_list":{"0":"post-104758","1":"product","2":"type-product","3":"status-publish","4":"has-post-thumbnail","6":"product_cat-mexique-fr","7":"product_cat-mexico-city-fr","8":"product_cat-all-private-tours-and-activities-fr-3","9":"product_cat-private-sightseeing-tours-fr-13","10":"product_cat-private-walking-tours-fr-40","12":"first","13":"instock","14":"shipping-taxable","15":"purchasable","16":"product-type-simple"},"acf":[],"yoast_head":"<!-- This site is optimized with the Yoast SEO Premium plugin v25.3.1 (Yoast SEO v25.3.1) - https:\/\/yoast.com\/wordpress\/plugins\/seo\/ -->\n<title>Visite priv\u00e9e \u00e0 pied de Mexico avec un guide local | TTM<\/title>\n<meta name=\"description\" content=\"Nous vous invitons \u00e0 cette visite priv\u00e9e \u00e0 pied de Mexico avec un guide local qui vous montrera tous les secrets de cette ville incroyable.\" \/>\n<meta name=\"robots\" content=\"index, follow, max-snippet:-1, max-image-preview:large, max-video-preview:-1\" \/>\n<link rel=\"canonical\" href=\"https:\/\/tourtravelandmore.com\/fr\/tours\/mexique-fr\/mexico-city-fr\/all-private-tours-and-activities-fr-3\/visite-privee-a-pied-de-mexico-centre-historique\/\" \/>\n<meta property=\"og:locale\" content=\"fr_FR\" \/>\n<meta property=\"og:type\" content=\"article\" \/>\n<meta property=\"og:title\" content=\"Visite priv\u00e9e \u00e0 pied de Mexico - Centre historique\" \/>\n<meta property=\"og:description\" content=\"Nous vous invitons \u00e0 cette visite priv\u00e9e \u00e0 pied de Mexico avec un guide local qui vous montrera tous les secrets de cette ville incroyable.\" \/>\n<meta property=\"og:url\" content=\"https:\/\/tourtravelandmore.com\/fr\/tours\/mexique-fr\/mexico-city-fr\/all-private-tours-and-activities-fr-3\/visite-privee-a-pied-de-mexico-centre-historique\/\" \/>\n<meta property=\"og:site_name\" content=\"Tour Travel And More\" \/>\n<meta property=\"article:publisher\" content=\"https:\/\/www.facebook.com\/tourtravelandmore\/\" \/>\n<meta property=\"article:modified_time\" content=\"2023-01-18T11:23:12+00:00\" \/>\n<meta property=\"og:image\" content=\"https:\/\/tourtravelandmore.com\/wp-content\/uploads\/2020\/12\/mexico.jpg\" \/>\n\t<meta property=\"og:image:width\" content=\"640\" \/>\n\t<meta property=\"og:image:height\" content=\"586\" \/>\n\t<meta property=\"og:image:type\" content=\"image\/jpeg\" \/>\n<meta name=\"twitter:card\" content=\"summary_large_image\" \/>\n<meta name=\"twitter:site\" content=\"@TourTravel_More\" \/>\n<meta name=\"twitter:label1\" content=\"Dur\u00e9e de lecture estim\u00e9e\" \/>\n\t<meta name=\"twitter:data1\" content=\"2 minutes\" \/>\n<script type=\"application\/ld+json\" class=\"yoast-schema-graph\">{\"@context\":\"https:\/\/schema.org\",\"@graph\":[{\"@type\":\"WebPage\",\"@id\":\"https:\/\/tourtravelandmore.com\/fr\/tours\/mexique-fr\/mexico-city-fr\/all-private-tours-and-activities-fr-3\/visite-privee-a-pied-de-mexico-centre-historique\/\",\"url\":\"https:\/\/tourtravelandmore.com\/fr\/tours\/mexique-fr\/mexico-city-fr\/all-private-tours-and-activities-fr-3\/visite-privee-a-pied-de-mexico-centre-historique\/\",\"name\":\"Visite priv\u00e9e \u00e0 pied de Mexico avec un guide local | TTM\",\"isPartOf\":{\"@id\":\"https:\/\/tourtravelandmore.com\/fr\/#website\"},\"primaryImageOfPage\":{\"@id\":\"https:\/\/tourtravelandmore.com\/fr\/tours\/mexique-fr\/mexico-city-fr\/all-private-tours-and-activities-fr-3\/visite-privee-a-pied-de-mexico-centre-historique\/#primaryimage\"},\"image\":{\"@id\":\"https:\/\/tourtravelandmore.com\/fr\/tours\/mexique-fr\/mexico-city-fr\/all-private-tours-and-activities-fr-3\/visite-privee-a-pied-de-mexico-centre-historique\/#primaryimage\"},\"thumbnailUrl\":\"https:\/\/tourtravelandmore.com\/wp-content\/uploads\/2020\/12\/mexico.jpg\",\"datePublished\":\"2020-12-24T09:18:40+00:00\",\"dateModified\":\"2023-01-18T11:23:12+00:00\",\"description\":\"Nous vous invitons \u00e0 cette visite priv\u00e9e \u00e0 pied de Mexico avec un guide local qui vous montrera tous les secrets de cette ville incroyable.\",\"breadcrumb\":{\"@id\":\"https:\/\/tourtravelandmore.com\/fr\/tours\/mexique-fr\/mexico-city-fr\/all-private-tours-and-activities-fr-3\/visite-privee-a-pied-de-mexico-centre-historique\/#breadcrumb\"},\"inLanguage\":\"fr-FR\",\"potentialAction\":[{\"@type\":\"ReadAction\",\"target\":[\"https:\/\/tourtravelandmore.com\/fr\/tours\/mexique-fr\/mexico-city-fr\/all-private-tours-and-activities-fr-3\/visite-privee-a-pied-de-mexico-centre-historique\/\"]}]},{\"@type\":\"ImageObject\",\"inLanguage\":\"fr-FR\",\"@id\":\"https:\/\/tourtravelandmore.com\/fr\/tours\/mexique-fr\/mexico-city-fr\/all-private-tours-and-activities-fr-3\/visite-privee-a-pied-de-mexico-centre-historique\/#primaryimage\",\"url\":\"https:\/\/tourtravelandmore.com\/wp-content\/uploads\/2020\/12\/mexico.jpg\",\"contentUrl\":\"https:\/\/tourtravelandmore.com\/wp-content\/uploads\/2020\/12\/mexico.jpg\",\"width\":640,\"height\":586,\"caption\":\"Visite priv\u00e9e \u00e0 pied de Mexico\"},{\"@type\":\"BreadcrumbList\",\"@id\":\"https:\/\/tourtravelandmore.com\/fr\/tours\/mexique-fr\/mexico-city-fr\/all-private-tours-and-activities-fr-3\/visite-privee-a-pied-de-mexico-centre-historique\/#breadcrumb\",\"itemListElement\":[{\"@type\":\"ListItem\",\"position\":1,\"name\":\"Home\",\"item\":\"https:\/\/tourtravelandmore.com\/fr\/\"},{\"@type\":\"ListItem\",\"position\":2,\"name\":\"Tours\",\"item\":\"https:\/\/tourtravelandmore.com\/fr\/tours\/\"},{\"@type\":\"ListItem\",\"position\":3,\"name\":\"Visite priv\u00e9e \u00e0 pied de Mexico &#8211; Centre historique\"}]},{\"@type\":\"WebSite\",\"@id\":\"https:\/\/tourtravelandmore.com\/fr\/#website\",\"url\":\"https:\/\/tourtravelandmore.com\/fr\/\",\"name\":\"Tour Travel And More\",\"description\":\"Private sightseeing tours and luxury transfers in Spain\",\"publisher\":{\"@id\":\"https:\/\/tourtravelandmore.com\/fr\/#organization\"},\"potentialAction\":[{\"@type\":\"SearchAction\",\"target\":{\"@type\":\"EntryPoint\",\"urlTemplate\":\"https:\/\/tourtravelandmore.com\/fr\/?s={search_term_string}\"},\"query-input\":{\"@type\":\"PropertyValueSpecification\",\"valueRequired\":true,\"valueName\":\"search_term_string\"}}],\"inLanguage\":\"fr-FR\"},{\"@type\":\"Organization\",\"@id\":\"https:\/\/tourtravelandmore.com\/fr\/#organization\",\"name\":\"Tour Travel And More\",\"url\":\"https:\/\/tourtravelandmore.com\/fr\/\",\"logo\":{\"@type\":\"ImageObject\",\"inLanguage\":\"fr-FR\",\"@id\":\"https:\/\/tourtravelandmore.com\/fr\/#\/schema\/logo\/image\/\",\"url\":\"https:\/\/tourtravelandmore.com\/wp-content\/uploads\/2022\/12\/cropped-logo-cabecera-new.png\",\"contentUrl\":\"https:\/\/tourtravelandmore.com\/wp-content\/uploads\/2022\/12\/cropped-logo-cabecera-new.png\",\"width\":430,\"height\":61,\"caption\":\"Tour Travel And More\"},\"image\":{\"@id\":\"https:\/\/tourtravelandmore.com\/fr\/#\/schema\/logo\/image\/\"},\"sameAs\":[\"https:\/\/www.facebook.com\/tourtravelandmore\/\",\"https:\/\/x.com\/TourTravel_More\"]}]}<\/script>\n<!-- \/ Yoast SEO Premium plugin. -->","yoast_head_json":{"title":"Visite priv\u00e9e \u00e0 pied de Mexico avec un guide local | TTM","description":"Nous vous invitons \u00e0 cette visite priv\u00e9e \u00e0 pied de Mexico avec un guide local qui vous montrera tous les secrets de cette ville incroyable.","robots":{"index":"index","follow":"follow","max-snippet":"max-snippet:-1","max-image-preview":"max-image-preview:large","max-video-preview":"max-video-preview:-1"},"canonical":"https:\/\/tourtravelandmore.com\/fr\/tours\/mexique-fr\/mexico-city-fr\/all-private-tours-and-activities-fr-3\/visite-privee-a-pied-de-mexico-centre-historique\/","og_locale":"fr_FR","og_type":"article","og_title":"Visite priv\u00e9e \u00e0 pied de Mexico - Centre historique","og_description":"Nous vous invitons \u00e0 cette visite priv\u00e9e \u00e0 pied de Mexico avec un guide local qui vous montrera tous les secrets de cette ville incroyable.","og_url":"https:\/\/tourtravelandmore.com\/fr\/tours\/mexique-fr\/mexico-city-fr\/all-private-tours-and-activities-fr-3\/visite-privee-a-pied-de-mexico-centre-historique\/","og_site_name":"Tour Travel And More","article_publisher":"https:\/\/www.facebook.com\/tourtravelandmore\/","article_modified_time":"2023-01-18T11:23:12+00:00","og_image":[{"width":640,"height":586,"url":"https:\/\/tourtravelandmore.com\/wp-content\/uploads\/2020\/12\/mexico.jpg","type":"image\/jpeg"}],"twitter_card":"summary_large_image","twitter_site":"@TourTravel_More","twitter_misc":{"Dur\u00e9e de lecture estim\u00e9e":"2 minutes"},"schema":{"@context":"https:\/\/schema.org","@graph":[{"@type":"WebPage","@id":"https:\/\/tourtravelandmore.com\/fr\/tours\/mexique-fr\/mexico-city-fr\/all-private-tours-and-activities-fr-3\/visite-privee-a-pied-de-mexico-centre-historique\/","url":"https:\/\/tourtravelandmore.com\/fr\/tours\/mexique-fr\/mexico-city-fr\/all-private-tours-and-activities-fr-3\/visite-privee-a-pied-de-mexico-centre-historique\/","name":"Visite priv\u00e9e \u00e0 pied de Mexico avec un guide local | TTM","isPartOf":{"@id":"https:\/\/tourtravelandmore.com\/fr\/#website"},"primaryImageOfPage":{"@id":"https:\/\/tourtravelandmore.com\/fr\/tours\/mexique-fr\/mexico-city-fr\/all-private-tours-and-activities-fr-3\/visite-privee-a-pied-de-mexico-centre-historique\/#primaryimage"},"image":{"@id":"https:\/\/tourtravelandmore.com\/fr\/tours\/mexique-fr\/mexico-city-fr\/all-private-tours-and-activities-fr-3\/visite-privee-a-pied-de-mexico-centre-historique\/#primaryimage"},"thumbnailUrl":"https:\/\/tourtravelandmore.com\/wp-content\/uploads\/2020\/12\/mexico.jpg","datePublished":"2020-12-24T09:18:40+00:00","dateModified":"2023-01-18T11:23:12+00:00","description":"Nous vous invitons \u00e0 cette visite priv\u00e9e \u00e0 pied de Mexico avec un guide local qui vous montrera tous les secrets de cette ville incroyable.","breadcrumb":{"@id":"https:\/\/tourtravelandmore.com\/fr\/tours\/mexique-fr\/mexico-city-fr\/all-private-tours-and-activities-fr-3\/visite-privee-a-pied-de-mexico-centre-historique\/#breadcrumb"},"inLanguage":"fr-FR","potentialAction":[{"@type":"ReadAction","target":["https:\/\/tourtravelandmore.com\/fr\/tours\/mexique-fr\/mexico-city-fr\/all-private-tours-and-activities-fr-3\/visite-privee-a-pied-de-mexico-centre-historique\/"]}]},{"@type":"ImageObject","inLanguage":"fr-FR","@id":"https:\/\/tourtravelandmore.com\/fr\/tours\/mexique-fr\/mexico-city-fr\/all-private-tours-and-activities-fr-3\/visite-privee-a-pied-de-mexico-centre-historique\/#primaryimage","url":"https:\/\/tourtravelandmore.com\/wp-content\/uploads\/2020\/12\/mexico.jpg","contentUrl":"https:\/\/tourtravelandmore.com\/wp-content\/uploads\/2020\/12\/mexico.jpg","width":640,"height":586,"caption":"Visite priv\u00e9e \u00e0 pied de Mexico"},{"@type":"BreadcrumbList","@id":"https:\/\/tourtravelandmore.com\/fr\/tours\/mexique-fr\/mexico-city-fr\/all-private-tours-and-activities-fr-3\/visite-privee-a-pied-de-mexico-centre-historique\/#breadcrumb","itemListElement":[{"@type":"ListItem","position":1,"name":"Home","item":"https:\/\/tourtravelandmore.com\/fr\/"},{"@type":"ListItem","position":2,"name":"Tours","item":"https:\/\/tourtravelandmore.com\/fr\/tours\/"},{"@type":"ListItem","position":3,"name":"Visite priv\u00e9e \u00e0 pied de Mexico &#8211; Centre historique"}]},{"@type":"WebSite","@id":"https:\/\/tourtravelandmore.com\/fr\/#website","url":"https:\/\/tourtravelandmore.com\/fr\/","name":"Tour Travel And More","description":"Private sightseeing tours and luxury transfers in Spain","publisher":{"@id":"https:\/\/tourtravelandmore.com\/fr\/#organization"},"potentialAction":[{"@type":"SearchAction","target":{"@type":"EntryPoint","urlTemplate":"https:\/\/tourtravelandmore.com\/fr\/?s={search_term_string}"},"query-input":{"@type":"PropertyValueSpecification","valueRequired":true,"valueName":"search_term_string"}}],"inLanguage":"fr-FR"},{"@type":"Organization","@id":"https:\/\/tourtravelandmore.com\/fr\/#organization","name":"Tour Travel And More","url":"https:\/\/tourtravelandmore.com\/fr\/","logo":{"@type":"ImageObject","inLanguage":"fr-FR","@id":"https:\/\/tourtravelandmore.com\/fr\/#\/schema\/logo\/image\/","url":"https:\/\/tourtravelandmore.com\/wp-content\/uploads\/2022\/12\/cropped-logo-cabecera-new.png","contentUrl":"https:\/\/tourtravelandmore.com\/wp-content\/uploads\/2022\/12\/cropped-logo-cabecera-new.png","width":430,"height":61,"caption":"Tour Travel And More"},"image":{"@id":"https:\/\/tourtravelandmore.com\/fr\/#\/schema\/logo\/image\/"},"sameAs":["https:\/\/www.facebook.com\/tourtravelandmore\/","https:\/\/x.com\/TourTravel_More"]}]}},"_links":{"self":[{"href":"https:\/\/tourtravelandmore.com\/fr\/wp-json\/wp\/v2\/product\/104758","targetHints":{"allow":["GET"]}}],"collection":[{"href":"https:\/\/tourtravelandmore.com\/fr\/wp-json\/wp\/v2\/product"}],"about":[{"href":"https:\/\/tourtravelandmore.com\/fr\/wp-json\/wp\/v2\/types\/product"}],"replies":[{"embeddable":true,"href":"https:\/\/tourtravelandmore.com\/fr\/wp-json\/wp\/v2\/comments?post=104758"}],"wp:featuredmedia":[{"embeddable":true,"href":"https:\/\/tourtravelandmore.com\/fr\/wp-json\/wp\/v2\/media\/90288"}],"wp:attachment":[{"href":"https:\/\/tourtravelandmore.com\/fr\/wp-json\/wp\/v2\/media?parent=104758"}],"wp:term":[{"taxonomy":"product_brand","embeddable":true,"href":"https:\/\/tourtravelandmore.com\/fr\/wp-json\/wp\/v2\/product_brand?post=104758"},{"taxonomy":"product_cat","embeddable":true,"href":"https:\/\/tourtravelandmore.com\/fr\/wp-json\/wp\/v2\/product_cat?post=104758"},{"taxonomy":"product_tag","embeddable":true,"href":"https:\/\/tourtravelandmore.com\/fr\/wp-json\/wp\/v2\/product_tag?post=104758"}],"curies":[{"name":"wp","href":"https:\/\/api.w.org\/{rel}","templated":true}]}}