{"id":104752,"date":"2020-12-22T09:59:46","date_gmt":"2020-12-22T08:59:46","guid":{"rendered":"https:\/\/tourtravelandmore.com\/tours\/non%20class\u00e9\/visite-privee-de-mexico\/"},"modified":"2023-01-18T14:41:57","modified_gmt":"2023-01-18T13:41:57","slug":"visite-privee-de-mexico","status":"publish","type":"product","link":"https:\/\/tourtravelandmore.com\/fr\/tours\/mexique-fr\/mexico-city-fr\/all-private-tours-and-activities-fr-3\/visite-privee-de-mexico\/","title":{"rendered":"Visite priv\u00e9e de Mexico"},"content":{"rendered":"<h2>Description:<\/h2>\n<p>Avec notre visite priv\u00e9e de Mexico, nous vous donnons l&#8217;opportunit\u00e9 d&#8217;explorer en profondeur la capitale du Mexique. Vous aurez \u00e0 votre enti\u00e8re disposition un chauffeur priv\u00e9 et un guide officiel pour une visite guid\u00e9e de 4 heures. Le service aura lieu dans un v\u00e9hicule de luxe priv\u00e9 climatis\u00e9.<\/p>\n<p>Vous pouvez d\u00e9cider de l&#8217;heure de d\u00e9but de la visite et du lieu de prise en charge \u00e0 Mexico. Tour Travel &amp; More vous donne la possibilit\u00e9 de personnaliser votre propre exp\u00e9rience en nous contactant uniquement.<\/p>\n<p>Mexico est la ville la plus grande et la plus peupl\u00e9e du Mexique. C&#8217;est une ville d&#8217;une grande valeur culturelle et financi\u00e8re. Mexico est tr\u00e8s c\u00e9l\u00e8bre en raison de ses monuments importants et embl\u00e9matiques tels que le temple principal, le palais national et la cath\u00e9drale m\u00e9tropolitaine du Mexique.<\/p>\n<p>Avec cette visite priv\u00e9e de Mexico, vous serez immerg\u00e9 dans l&#8217;histoire et les coutumes de cet endroit incroyable. Le Mexique est un pays qui a beaucoup \u00e0 offrir, explorons-le ensemble!<\/p>\n<h2>Sites d&#8217;int\u00e9r\u00eat et monuments<\/h2>\n<p>Tout d&#8217;abord, votre chauffeur priv\u00e9 et votre guide officiel viendront vous chercher \u00e0 l&#8217;endroit de votre choix \u00e0 Mexico. Comme nous l&#8217;avons d\u00e9j\u00e0 mentionn\u00e9, vous d\u00e9ciderez de l&#8217;heure de d\u00e9but de l&#8217;exp\u00e9rience.<\/p>\n<p>Mexico est g\u00e9n\u00e9ralement une ville tr\u00e8s chaotique, mais \u00e9tant accompagn\u00e9 d&#8217;une \u00e9quipe professionnelle, vous n&#8217;aurez \u00e0 vous soucier de rien. Ils sauront tr\u00e8s bien quel chemin prendre pour arriver plus rapidement \u00e0 destination.<\/p>\n<p>Au cours de cette visite priv\u00e9e, vous pourrez visiter:<\/p>\n<ul>\n<li><strong>Mus\u00e9e national d&#8217;anthropologie<\/strong><\/li>\n<li><strong>Marche de la r\u00e9forme<\/strong><\/li>\n<li><strong>Ch\u00e2teau de Chapultepec<\/strong><\/li>\n<li><strong>Cath\u00e9drale m\u00e9tropolitaine du Mexique<\/strong><\/li>\n<li><strong>Place principale<\/strong><\/li>\n<li><strong>Place Zocalo<\/strong><\/li>\n<li><strong>Le temple principal<\/strong><\/li>\n<li><strong>Mus\u00e9e Frida Kahlo<\/strong><\/li>\n<li><strong>Ange de l&#8217;ind\u00e9pendance<\/strong><\/li>\n<li><strong>et bien plus!<\/strong><\/li>\n<\/ul>\n<p>Il s&#8217;agit d&#8217;une visite priv\u00e9e de 8 heures entre le moment de la prise en charge et le moment du d\u00e9p\u00f4t. Si vous pr\u00e9f\u00e9rez, nous pouvons inclure plus d&#8217;heures \u00e0 votre exp\u00e9rience ou m\u00eame en faire une excursion d&#8217;une journ\u00e9e compl\u00e8te. Si vous avez quelque chose en t\u00eate, il vous suffit de nous le faire savoir.<\/p>\n<p>Enfin, \u00e0 la fin de la visite, votre chauffeur et guide priv\u00e9 vous ram\u00e8nera \u00e0 votre h\u00f4tel.<\/p>\n<p>N&#8217;oubliez pas de consulter notre liste de produits priv\u00e9s \u00e0 Mexico et en provenance de Mexico ici!<\/p>\n<p><button style=\"width: auto; height: auto; background-image: url('data:image\/png;base64,iVBORw0KGgoAAAANSUhEUgAAADAAAAAwCAYAAABXAvmHAAABS2lUWHRYTUw6Y29tLmFkb2JlLnhtcAAAAAAAPD94cGFja2V0IGJlZ2luPSLvu78iIGlkPSJXNU0wTXBDZWhpSHpyZVN6TlRjemtjOWQiPz4KPHg6eG1wbWV0YSB4bWxuczp4PSJhZG9iZTpuczptZXRhLyIgeDp4bXB0az0iQWRvYmUgWE1QIENvcmUgNS42LWMxMzggNzkuMTU5ODI0LCAyMDE2LzA5LzE0LTAxOjA5OjAxICAgICAgICAiPgogPHJkZjpSREYgeG1sbnM6cmRmPSJodHRwOi8vd3d3LnczLm9yZy8xOTk5LzAyLzIyLXJkZi1zeW50YXgtbnMjIj4KICA8cmRmOkRlc2NyaXB0aW9uIHJkZjphYm91dD0iIi8+CiA8L3JkZjpSREY+CjwveDp4bXBtZXRhPgo8P3hwYWNrZXQgZW5kPSJyIj8+IEmuOgAAAx5JREFUaIHtmj1L81wYx39JI75AbYtgBTFTRdQGXV2cxMlPICjiakHE0cVJB5FO4uLgN1AnZ\/0EgoLQtd6tL6hJIwia9DzDg6Wxpcb7hMTe+INCz+t1\/TnJuU7OOYoQ4g8Qpz2xFSGEiNoLGVTAjtoJCWw1ag9k0eoTQgg2NzcplUp0dHRE5VNTHMdB0zTy+TydnZ21fI8Ay7K4vr4ml8uRSqVCd7IVQgjW19cpFAoYhlHLbxiBTCbD9PR06A76YXx8HNd1PXmed0BRFBzHwTTNUB3zy\/v7O7FYzJPX9i\/xr4Co0b6u0prj42Pu7u5a1unp6UHXdSYmJkgmk7ImPUgLWFlZoVQq+aqbSCSYn59ne3ubRCIhaxoI4BHSdd13Xcuy2N\/fxzCML0fNL9IjoChK7f\/p6Smjo6MNdWzb5vz8nI2NDUzTpFgsMjMzw+Xlpax5eQH1TE5OMjAw0LQsm80yNzdHNpvFtm2urq44PDxkaWlJymags9D9\/X3Lcl3X2dnZqaX39vakbYY+jS4uLtLV1QXAxcUFlUpFqr\/QBXR3d9Pf3w\/8v8J8fn6W6i90Aa7r8vT0BEAsFpOeTkMXcHJywsvLCwAjIyPSgS1QAb29vS3LHx4eyOVytfTy8rK0zUAFPD4+8vb25vm9vr5SLBY5ODjAMAzK5TIAQ0NDrK6uStsMNA7Mzs42rNfrn\/kP0uk0Z2dnaJq8+UAFfHb0M6qqsrCwwO7uLn19fYHYDFTA2tpa00isaRqDg4NMTU19a+3kh0AFbG1t1YJUWAT6EhcKhSC780Xbf5H9CoiaXwFRIy2gPng5jiPb3beRjgPDw8NYlgUQegyAAAQcHR3xccgTxNrmu0hbjMJpj32ZxkIITNOkWq16tlf8tlVVlWQy+e229UgLKJfLuK77VwI+PikjE6CqKmNjYzJdSPPvxQFVVT2HaD8JVVX5fKzdcEZWLpe5vb39cYd8ADc3Nw1nZB4B8XicdDpNPp+PJCi1wnEcUqkUmUzGk68IISp8uitRqVSoVqth+ueLJntIdtNZ6Kv9nZ9E21\/20IASbXzd5j\/MIQu2KoJrJwAAAABJRU5ErkJggg=='); background-size: 14px 14px; background-color: #000000; position: absolute; opacity: 1; z-index: 86753099; display: none; cursor: pointer; border: none; border-top-left-radius: 3px; border-top-right-radius: 3px; border-bottom-right-radius: 3px; border-bottom-left-radius: 3px; text-indent: 20px; padding: 0px 4px 0px 0px; text-align: center; font-style: normal; font-variant-caps: normal; font-weight: bold; font-stretch: normal; font-size: 11px; line-height: 20px; font-family: 'Helvetica Neue', Helvetica, sans-serif; color: #ffffff; text-transform: capitalize; -webkit-font-smoothing: antialiased; top: 1397px; left: 563px; background-position: 3px 50%; background-repeat: no-repeat no-repeat;\">plan it<\/button><\/p>\n","protected":false},"excerpt":{"rendered":"<p>Mexico est une si grande ville que vous ne savez probablement pas par o\u00f9 commencer, pour cette raison, nous vous invitons \u00e0 notre visite priv\u00e9e de Mexico, afin que vous puissiez admirer les points forts de cet endroit accompagn\u00e9 d&#8217;une \u00e9quipe locale.<\/p>\n","protected":false},"featured_media":90258,"comment_status":"open","ping_status":"closed","template":"","meta":{"_acf_changed":false},"product_brand":[],"product_cat":[3727,3808,4227,4228],"product_tag":[],"class_list":{"0":"post-104752","1":"product","2":"type-product","3":"status-publish","4":"has-post-thumbnail","6":"product_cat-mexique-fr","7":"product_cat-mexico-city-fr","8":"product_cat-all-private-tours-and-activities-fr-3","9":"product_cat-private-sightseeing-tours-fr-13","11":"first","12":"instock","13":"shipping-taxable","14":"purchasable","15":"product-type-simple"},"acf":[],"yoast_head":"<!-- This site is optimized with the Yoast SEO Premium plugin v25.3.1 (Yoast SEO v25.3.1) - https:\/\/yoast.com\/wordpress\/plugins\/seo\/ -->\n<title>Visite priv\u00e9e de Mexico avec guide officiel et chauffeur priv\u00e9<\/title>\n<meta name=\"description\" content=\"Admirez tous les monuments et lieux de cette ville incroyable avec notre visite priv\u00e9e de Mexico. Personnalisez votre propre exp\u00e9rience!\" \/>\n<meta name=\"robots\" content=\"index, follow, max-snippet:-1, max-image-preview:large, max-video-preview:-1\" \/>\n<link rel=\"canonical\" href=\"https:\/\/tourtravelandmore.com\/fr\/tours\/mexique-fr\/mexico-city-fr\/all-private-tours-and-activities-fr-3\/visite-privee-de-mexico\/\" \/>\n<meta property=\"og:locale\" content=\"fr_FR\" \/>\n<meta property=\"og:type\" content=\"article\" \/>\n<meta property=\"og:title\" content=\"Visite priv\u00e9e de Mexico\" \/>\n<meta property=\"og:description\" content=\"Admirez tous les monuments et lieux de cette ville incroyable avec notre visite priv\u00e9e de Mexico. Personnalisez votre propre exp\u00e9rience!\" \/>\n<meta property=\"og:url\" content=\"https:\/\/tourtravelandmore.com\/fr\/tours\/mexique-fr\/mexico-city-fr\/all-private-tours-and-activities-fr-3\/visite-privee-de-mexico\/\" \/>\n<meta property=\"og:site_name\" content=\"Tour Travel And More\" \/>\n<meta property=\"article:publisher\" content=\"https:\/\/www.facebook.com\/tourtravelandmore\/\" \/>\n<meta property=\"article:modified_time\" content=\"2023-01-18T13:41:57+00:00\" \/>\n<meta property=\"og:image\" content=\"https:\/\/tourtravelandmore.com\/wp-content\/uploads\/2020\/12\/mexico-df-5.jpg\" \/>\n\t<meta property=\"og:image:width\" content=\"1280\" \/>\n\t<meta property=\"og:image:height\" content=\"892\" \/>\n\t<meta property=\"og:image:type\" content=\"image\/jpeg\" \/>\n<meta name=\"twitter:card\" content=\"summary_large_image\" \/>\n<meta name=\"twitter:site\" content=\"@TourTravel_More\" \/>\n<meta name=\"twitter:label1\" content=\"Dur\u00e9e de lecture estim\u00e9e\" \/>\n\t<meta name=\"twitter:data1\" content=\"2 minutes\" \/>\n<script type=\"application\/ld+json\" class=\"yoast-schema-graph\">{\"@context\":\"https:\/\/schema.org\",\"@graph\":[{\"@type\":\"WebPage\",\"@id\":\"https:\/\/tourtravelandmore.com\/fr\/tours\/mexique-fr\/mexico-city-fr\/all-private-tours-and-activities-fr-3\/visite-privee-de-mexico\/\",\"url\":\"https:\/\/tourtravelandmore.com\/fr\/tours\/mexique-fr\/mexico-city-fr\/all-private-tours-and-activities-fr-3\/visite-privee-de-mexico\/\",\"name\":\"Visite priv\u00e9e de Mexico avec guide officiel et chauffeur priv\u00e9\",\"isPartOf\":{\"@id\":\"https:\/\/tourtravelandmore.com\/fr\/#website\"},\"primaryImageOfPage\":{\"@id\":\"https:\/\/tourtravelandmore.com\/fr\/tours\/mexique-fr\/mexico-city-fr\/all-private-tours-and-activities-fr-3\/visite-privee-de-mexico\/#primaryimage\"},\"image\":{\"@id\":\"https:\/\/tourtravelandmore.com\/fr\/tours\/mexique-fr\/mexico-city-fr\/all-private-tours-and-activities-fr-3\/visite-privee-de-mexico\/#primaryimage\"},\"thumbnailUrl\":\"https:\/\/tourtravelandmore.com\/wp-content\/uploads\/2020\/12\/mexico-df-5.jpg\",\"datePublished\":\"2020-12-22T08:59:46+00:00\",\"dateModified\":\"2023-01-18T13:41:57+00:00\",\"description\":\"Admirez tous les monuments et lieux de cette ville incroyable avec notre visite priv\u00e9e de Mexico. Personnalisez votre propre exp\u00e9rience!\",\"breadcrumb\":{\"@id\":\"https:\/\/tourtravelandmore.com\/fr\/tours\/mexique-fr\/mexico-city-fr\/all-private-tours-and-activities-fr-3\/visite-privee-de-mexico\/#breadcrumb\"},\"inLanguage\":\"fr-FR\",\"potentialAction\":[{\"@type\":\"ReadAction\",\"target\":[\"https:\/\/tourtravelandmore.com\/fr\/tours\/mexique-fr\/mexico-city-fr\/all-private-tours-and-activities-fr-3\/visite-privee-de-mexico\/\"]}]},{\"@type\":\"ImageObject\",\"inLanguage\":\"fr-FR\",\"@id\":\"https:\/\/tourtravelandmore.com\/fr\/tours\/mexique-fr\/mexico-city-fr\/all-private-tours-and-activities-fr-3\/visite-privee-de-mexico\/#primaryimage\",\"url\":\"https:\/\/tourtravelandmore.com\/wp-content\/uploads\/2020\/12\/mexico-df-5.jpg\",\"contentUrl\":\"https:\/\/tourtravelandmore.com\/wp-content\/uploads\/2020\/12\/mexico-df-5.jpg\",\"width\":1280,\"height\":892,\"caption\":\"Visite priv\u00e9e de Mexico\"},{\"@type\":\"BreadcrumbList\",\"@id\":\"https:\/\/tourtravelandmore.com\/fr\/tours\/mexique-fr\/mexico-city-fr\/all-private-tours-and-activities-fr-3\/visite-privee-de-mexico\/#breadcrumb\",\"itemListElement\":[{\"@type\":\"ListItem\",\"position\":1,\"name\":\"Home\",\"item\":\"https:\/\/tourtravelandmore.com\/fr\/\"},{\"@type\":\"ListItem\",\"position\":2,\"name\":\"Tours\",\"item\":\"https:\/\/tourtravelandmore.com\/fr\/tours\/\"},{\"@type\":\"ListItem\",\"position\":3,\"name\":\"Visite priv\u00e9e de Mexico\"}]},{\"@type\":\"WebSite\",\"@id\":\"https:\/\/tourtravelandmore.com\/fr\/#website\",\"url\":\"https:\/\/tourtravelandmore.com\/fr\/\",\"name\":\"Tour Travel And More\",\"description\":\"Private sightseeing tours and luxury transfers in Spain\",\"publisher\":{\"@id\":\"https:\/\/tourtravelandmore.com\/fr\/#organization\"},\"potentialAction\":[{\"@type\":\"SearchAction\",\"target\":{\"@type\":\"EntryPoint\",\"urlTemplate\":\"https:\/\/tourtravelandmore.com\/fr\/?s={search_term_string}\"},\"query-input\":{\"@type\":\"PropertyValueSpecification\",\"valueRequired\":true,\"valueName\":\"search_term_string\"}}],\"inLanguage\":\"fr-FR\"},{\"@type\":\"Organization\",\"@id\":\"https:\/\/tourtravelandmore.com\/fr\/#organization\",\"name\":\"Tour Travel And More\",\"url\":\"https:\/\/tourtravelandmore.com\/fr\/\",\"logo\":{\"@type\":\"ImageObject\",\"inLanguage\":\"fr-FR\",\"@id\":\"https:\/\/tourtravelandmore.com\/fr\/#\/schema\/logo\/image\/\",\"url\":\"https:\/\/tourtravelandmore.com\/wp-content\/uploads\/2022\/12\/cropped-logo-cabecera-new.png\",\"contentUrl\":\"https:\/\/tourtravelandmore.com\/wp-content\/uploads\/2022\/12\/cropped-logo-cabecera-new.png\",\"width\":430,\"height\":61,\"caption\":\"Tour Travel And More\"},\"image\":{\"@id\":\"https:\/\/tourtravelandmore.com\/fr\/#\/schema\/logo\/image\/\"},\"sameAs\":[\"https:\/\/www.facebook.com\/tourtravelandmore\/\",\"https:\/\/x.com\/TourTravel_More\"]}]}<\/script>\n<!-- \/ Yoast SEO Premium plugin. -->","yoast_head_json":{"title":"Visite priv\u00e9e de Mexico avec guide officiel et chauffeur priv\u00e9","description":"Admirez tous les monuments et lieux de cette ville incroyable avec notre visite priv\u00e9e de Mexico. Personnalisez votre propre exp\u00e9rience!","robots":{"index":"index","follow":"follow","max-snippet":"max-snippet:-1","max-image-preview":"max-image-preview:large","max-video-preview":"max-video-preview:-1"},"canonical":"https:\/\/tourtravelandmore.com\/fr\/tours\/mexique-fr\/mexico-city-fr\/all-private-tours-and-activities-fr-3\/visite-privee-de-mexico\/","og_locale":"fr_FR","og_type":"article","og_title":"Visite priv\u00e9e de Mexico","og_description":"Admirez tous les monuments et lieux de cette ville incroyable avec notre visite priv\u00e9e de Mexico. Personnalisez votre propre exp\u00e9rience!","og_url":"https:\/\/tourtravelandmore.com\/fr\/tours\/mexique-fr\/mexico-city-fr\/all-private-tours-and-activities-fr-3\/visite-privee-de-mexico\/","og_site_name":"Tour Travel And More","article_publisher":"https:\/\/www.facebook.com\/tourtravelandmore\/","article_modified_time":"2023-01-18T13:41:57+00:00","og_image":[{"width":1280,"height":892,"url":"https:\/\/tourtravelandmore.com\/wp-content\/uploads\/2020\/12\/mexico-df-5.jpg","type":"image\/jpeg"}],"twitter_card":"summary_large_image","twitter_site":"@TourTravel_More","twitter_misc":{"Dur\u00e9e de lecture estim\u00e9e":"2 minutes"},"schema":{"@context":"https:\/\/schema.org","@graph":[{"@type":"WebPage","@id":"https:\/\/tourtravelandmore.com\/fr\/tours\/mexique-fr\/mexico-city-fr\/all-private-tours-and-activities-fr-3\/visite-privee-de-mexico\/","url":"https:\/\/tourtravelandmore.com\/fr\/tours\/mexique-fr\/mexico-city-fr\/all-private-tours-and-activities-fr-3\/visite-privee-de-mexico\/","name":"Visite priv\u00e9e de Mexico avec guide officiel et chauffeur priv\u00e9","isPartOf":{"@id":"https:\/\/tourtravelandmore.com\/fr\/#website"},"primaryImageOfPage":{"@id":"https:\/\/tourtravelandmore.com\/fr\/tours\/mexique-fr\/mexico-city-fr\/all-private-tours-and-activities-fr-3\/visite-privee-de-mexico\/#primaryimage"},"image":{"@id":"https:\/\/tourtravelandmore.com\/fr\/tours\/mexique-fr\/mexico-city-fr\/all-private-tours-and-activities-fr-3\/visite-privee-de-mexico\/#primaryimage"},"thumbnailUrl":"https:\/\/tourtravelandmore.com\/wp-content\/uploads\/2020\/12\/mexico-df-5.jpg","datePublished":"2020-12-22T08:59:46+00:00","dateModified":"2023-01-18T13:41:57+00:00","description":"Admirez tous les monuments et lieux de cette ville incroyable avec notre visite priv\u00e9e de Mexico. Personnalisez votre propre exp\u00e9rience!","breadcrumb":{"@id":"https:\/\/tourtravelandmore.com\/fr\/tours\/mexique-fr\/mexico-city-fr\/all-private-tours-and-activities-fr-3\/visite-privee-de-mexico\/#breadcrumb"},"inLanguage":"fr-FR","potentialAction":[{"@type":"ReadAction","target":["https:\/\/tourtravelandmore.com\/fr\/tours\/mexique-fr\/mexico-city-fr\/all-private-tours-and-activities-fr-3\/visite-privee-de-mexico\/"]}]},{"@type":"ImageObject","inLanguage":"fr-FR","@id":"https:\/\/tourtravelandmore.com\/fr\/tours\/mexique-fr\/mexico-city-fr\/all-private-tours-and-activities-fr-3\/visite-privee-de-mexico\/#primaryimage","url":"https:\/\/tourtravelandmore.com\/wp-content\/uploads\/2020\/12\/mexico-df-5.jpg","contentUrl":"https:\/\/tourtravelandmore.com\/wp-content\/uploads\/2020\/12\/mexico-df-5.jpg","width":1280,"height":892,"caption":"Visite priv\u00e9e de Mexico"},{"@type":"BreadcrumbList","@id":"https:\/\/tourtravelandmore.com\/fr\/tours\/mexique-fr\/mexico-city-fr\/all-private-tours-and-activities-fr-3\/visite-privee-de-mexico\/#breadcrumb","itemListElement":[{"@type":"ListItem","position":1,"name":"Home","item":"https:\/\/tourtravelandmore.com\/fr\/"},{"@type":"ListItem","position":2,"name":"Tours","item":"https:\/\/tourtravelandmore.com\/fr\/tours\/"},{"@type":"ListItem","position":3,"name":"Visite priv\u00e9e de Mexico"}]},{"@type":"WebSite","@id":"https:\/\/tourtravelandmore.com\/fr\/#website","url":"https:\/\/tourtravelandmore.com\/fr\/","name":"Tour Travel And More","description":"Private sightseeing tours and luxury transfers in Spain","publisher":{"@id":"https:\/\/tourtravelandmore.com\/fr\/#organization"},"potentialAction":[{"@type":"SearchAction","target":{"@type":"EntryPoint","urlTemplate":"https:\/\/tourtravelandmore.com\/fr\/?s={search_term_string}"},"query-input":{"@type":"PropertyValueSpecification","valueRequired":true,"valueName":"search_term_string"}}],"inLanguage":"fr-FR"},{"@type":"Organization","@id":"https:\/\/tourtravelandmore.com\/fr\/#organization","name":"Tour Travel And More","url":"https:\/\/tourtravelandmore.com\/fr\/","logo":{"@type":"ImageObject","inLanguage":"fr-FR","@id":"https:\/\/tourtravelandmore.com\/fr\/#\/schema\/logo\/image\/","url":"https:\/\/tourtravelandmore.com\/wp-content\/uploads\/2022\/12\/cropped-logo-cabecera-new.png","contentUrl":"https:\/\/tourtravelandmore.com\/wp-content\/uploads\/2022\/12\/cropped-logo-cabecera-new.png","width":430,"height":61,"caption":"Tour Travel And More"},"image":{"@id":"https:\/\/tourtravelandmore.com\/fr\/#\/schema\/logo\/image\/"},"sameAs":["https:\/\/www.facebook.com\/tourtravelandmore\/","https:\/\/x.com\/TourTravel_More"]}]}},"_links":{"self":[{"href":"https:\/\/tourtravelandmore.com\/fr\/wp-json\/wp\/v2\/product\/104752","targetHints":{"allow":["GET"]}}],"collection":[{"href":"https:\/\/tourtravelandmore.com\/fr\/wp-json\/wp\/v2\/product"}],"about":[{"href":"https:\/\/tourtravelandmore.com\/fr\/wp-json\/wp\/v2\/types\/product"}],"replies":[{"embeddable":true,"href":"https:\/\/tourtravelandmore.com\/fr\/wp-json\/wp\/v2\/comments?post=104752"}],"wp:featuredmedia":[{"embeddable":true,"href":"https:\/\/tourtravelandmore.com\/fr\/wp-json\/wp\/v2\/media\/90258"}],"wp:attachment":[{"href":"https:\/\/tourtravelandmore.com\/fr\/wp-json\/wp\/v2\/media?parent=104752"}],"wp:term":[{"taxonomy":"product_brand","embeddable":true,"href":"https:\/\/tourtravelandmore.com\/fr\/wp-json\/wp\/v2\/product_brand?post=104752"},{"taxonomy":"product_cat","embeddable":true,"href":"https:\/\/tourtravelandmore.com\/fr\/wp-json\/wp\/v2\/product_cat?post=104752"},{"taxonomy":"product_tag","embeddable":true,"href":"https:\/\/tourtravelandmore.com\/fr\/wp-json\/wp\/v2\/product_tag?post=104752"}],"curies":[{"name":"wp","href":"https:\/\/api.w.org\/{rel}","templated":true}]}}