{"id":104739,"date":"2020-12-24T13:49:57","date_gmt":"2020-12-24T12:49:57","guid":{"rendered":"https:\/\/tourtravelandmore.com\/tours\/non%20class\u00e9\/excursion-privee-dune-journee-a-sedona\/"},"modified":"2021-03-22T20:32:53","modified_gmt":"2021-03-22T19:32:53","slug":"excursion-privee-dune-journee-a-sedona","status":"publish","type":"product","link":"https:\/\/tourtravelandmore.com\/fr\/tours\/etats-unis-fr\/phoenix-fr\/excursion-privee-dune-journee-a-sedona\/","title":{"rendered":"Excursion priv\u00e9e d&#8217;une journ\u00e9e \u00e0 Sedona"},"content":{"rendered":"<h2>Description:<\/h2>\n<p>Admirez le paysage de roches rouges de Sedona lors d&#8217;une excursion d&#8217;une journ\u00e9e sur mesure. Tirez le meilleur parti de votre s\u00e9jour en Arizona et profitez de notre visite priv\u00e9e de Sedona au d\u00e9part de Phoenix.<\/p>\n<p>Tout d&#8217;abord, votre chauffeur et guide priv\u00e9 viendra vous chercher \u00e0 l&#8217;endroit souhait\u00e9 \u00e0 Phoenix. Apr\u00e8s cela, vous commencerez votre route de 2 heures vers le paysage captivant de Sedona.<\/p>\n<p>Explorez ce site merveilleux, connu sous le nom de Red Rock Country, o\u00f9 pr\u00e8s de deux millions d&#8217;acres de terres foresti\u00e8res sont \u00e0 vous pour partir \u00e0 l&#8217;aventure et jouer. Profitez des nombreuses exp\u00e9riences culinaires, relaxantes et en plein air qu&#8217;offre Sedona.<\/p>\n<p>Contactez l&#8217;un de nos experts en voyages pour une exp\u00e9rience plus personnalis\u00e9e. Nos experts sont \u00e0 votre enti\u00e8re disposition. Si vous \u00eates int\u00e9ress\u00e9 par d&#8217;autres excursions au d\u00e9part de Phoenix, vous pouvez consulter notre liste de visites priv\u00e9es.<\/p>\n<h2>Sites d&#8217;int\u00e9r\u00eat et points de rep\u00e8re<\/h2>\n<p>Une fois que vous quittez Phoenix, vous commencerez \u00e0 conduire vers le nord en direction de Sedona, en traversant le toujours impressionnant d\u00e9sert de Sonora. Vous verrez le cactus g\u00e9ant Saguaro partout dans le d\u00e9sert et, bien s\u00fbr, vous arr\u00eaterez pour des photos. Une fois arriv\u00e9 \u00e0 Sedona, vous serez accueilli par l&#8217;incroyable Bell Rock, alors que les splendides roches rouges surgissent de nulle part.<\/p>\n<p>Au cours de votre visite priv\u00e9e de Sedona au d\u00e9part de Phoenix, vous pourrez visiter et visiter les nombreuses attractions naturelles et culturelles de Sedona, qui comprennent, entre autres, Bell Rock, le village des arts et m\u00e9tiers de Tlaquepaque et la chapelle de la Sainte Croix.<\/p>\n<p>Sedona est consid\u00e9r\u00e9e comme le lieu id\u00e9al pour l&#8217;enrichissement spirituel et personnel du corps et de l&#8217;\u00e2me. Bien que Sedona n&#8217;ait qu&#8217;une population de 10 000 habitants, cet endroit merveilleux attire chaque ann\u00e9e plus de 3 millions de visiteurs. Profitez de la beaut\u00e9 sereine de son paysage, de ses nombreuses activit\u00e9s de plein air et de ses points de vue \u00e9poustouflants. Si vous souhaitez faire l&#8217;une des nombreuses options de plein air, comme un tour en jeep, du kayak et du v\u00e9lo, que Sedona propose, n&#8217;h\u00e9sitez pas \u00e0 nous contacter, nous pouvons l&#8217;organiser!<\/p>\n<p>Vous aurez bien s\u00fbr du temps libre pour go\u00fbter \u00e0 certaines des options de restauration incroyables propos\u00e9es par Tlaquepaque. Sur le chemin du retour \u00e0 Phoenix, nous traverserons la r\u00e9gion viticole de Verde Valley, o\u00f9 vous pourrez visiter des vignobles locaux! Si vous pr\u00e9f\u00e9rez visiter les villes du vieil ouest au lieu d&#8217;une cave, nous pouvons faire des arr\u00eats \u00e0 J\u00e9r\u00f4me avant d&#8217;arriver \u00e0 Phoenix.<\/p>\n","protected":false},"excerpt":{"rendered":"<p>D\u00e9couvrez Sedona, consid\u00e9r\u00e9e comme l&#8217;endroit id\u00e9al pour l&#8217;enrichissement spirituel et personnel du corps et de l&#8217;\u00e2me, lors d&#8217;une excursion d&#8217;une journ\u00e9e au d\u00e9part de Phoenix avec un guide local<\/p>\n","protected":false},"featured_media":90388,"comment_status":"open","ping_status":"closed","template":"","meta":{"_acf_changed":false},"product_brand":[],"product_cat":[3547,3790],"product_tag":[],"class_list":{"0":"post-104739","1":"product","2":"type-product","3":"status-publish","4":"has-post-thumbnail","6":"product_cat-etats-unis-fr","7":"product_cat-phoenix-fr","9":"first","10":"instock","11":"shipping-taxable","12":"purchasable","13":"product-type-simple"},"acf":[],"yoast_head":"<!-- This site is optimized with the Yoast SEO Premium plugin v25.3.1 (Yoast SEO v25.3.1) - https:\/\/yoast.com\/wordpress\/plugins\/seo\/ -->\n<title>Visite priv\u00e9e de Sedona au d\u00e9part de Phoenix avec un guide local<\/title>\n<meta name=\"description\" content=\"Profitez de cette visite priv\u00e9e de Sedona au d\u00e9part de Phoenix confortablement dans votre v\u00e9hicule priv\u00e9 avec chauffeur \/ guide. Admirez l&#039;humble beaut\u00e9 des roches rouges\" \/>\n<meta name=\"robots\" content=\"index, follow, max-snippet:-1, max-image-preview:large, max-video-preview:-1\" \/>\n<link rel=\"canonical\" href=\"https:\/\/tourtravelandmore.com\/fr\/tours\/etats-unis-fr\/phoenix-fr\/excursion-privee-dune-journee-a-sedona\/\" \/>\n<meta property=\"og:locale\" content=\"fr_FR\" \/>\n<meta property=\"og:type\" content=\"article\" \/>\n<meta property=\"og:title\" content=\"Excursion priv\u00e9e d&#039;une journ\u00e9e \u00e0 Sedona\" \/>\n<meta property=\"og:description\" content=\"Profitez de cette visite priv\u00e9e de Sedona au d\u00e9part de Phoenix confortablement dans votre v\u00e9hicule priv\u00e9 avec chauffeur \/ guide. Admirez l&#039;humble beaut\u00e9 des roches rouges\" \/>\n<meta property=\"og:url\" content=\"https:\/\/tourtravelandmore.com\/fr\/tours\/etats-unis-fr\/phoenix-fr\/excursion-privee-dune-journee-a-sedona\/\" \/>\n<meta property=\"og:site_name\" content=\"Tour Travel And More\" \/>\n<meta property=\"article:publisher\" content=\"https:\/\/www.facebook.com\/tourtravelandmore\/\" \/>\n<meta property=\"article:modified_time\" content=\"2021-03-22T19:32:53+00:00\" \/>\n<meta property=\"og:image\" content=\"https:\/\/tourtravelandmore.com\/wp-content\/uploads\/2020\/12\/Sedona-4.jpeg\" \/>\n\t<meta property=\"og:image:width\" content=\"1053\" \/>\n\t<meta property=\"og:image:height\" content=\"700\" \/>\n\t<meta property=\"og:image:type\" content=\"image\/jpeg\" \/>\n<meta name=\"twitter:card\" content=\"summary_large_image\" \/>\n<meta name=\"twitter:site\" content=\"@TourTravel_More\" \/>\n<meta name=\"twitter:label1\" content=\"Dur\u00e9e de lecture estim\u00e9e\" \/>\n\t<meta name=\"twitter:data1\" content=\"2 minutes\" \/>\n<script type=\"application\/ld+json\" class=\"yoast-schema-graph\">{\"@context\":\"https:\/\/schema.org\",\"@graph\":[{\"@type\":\"WebPage\",\"@id\":\"https:\/\/tourtravelandmore.com\/fr\/tours\/etats-unis-fr\/phoenix-fr\/excursion-privee-dune-journee-a-sedona\/\",\"url\":\"https:\/\/tourtravelandmore.com\/fr\/tours\/etats-unis-fr\/phoenix-fr\/excursion-privee-dune-journee-a-sedona\/\",\"name\":\"Visite priv\u00e9e de Sedona au d\u00e9part de Phoenix avec un guide local\",\"isPartOf\":{\"@id\":\"https:\/\/tourtravelandmore.com\/fr\/#website\"},\"primaryImageOfPage\":{\"@id\":\"https:\/\/tourtravelandmore.com\/fr\/tours\/etats-unis-fr\/phoenix-fr\/excursion-privee-dune-journee-a-sedona\/#primaryimage\"},\"image\":{\"@id\":\"https:\/\/tourtravelandmore.com\/fr\/tours\/etats-unis-fr\/phoenix-fr\/excursion-privee-dune-journee-a-sedona\/#primaryimage\"},\"thumbnailUrl\":\"https:\/\/tourtravelandmore.com\/wp-content\/uploads\/2020\/12\/Sedona-4.jpeg\",\"datePublished\":\"2020-12-24T12:49:57+00:00\",\"dateModified\":\"2021-03-22T19:32:53+00:00\",\"description\":\"Profitez de cette visite priv\u00e9e de Sedona au d\u00e9part de Phoenix confortablement dans votre v\u00e9hicule priv\u00e9 avec chauffeur \/ guide. Admirez l'humble beaut\u00e9 des roches rouges\",\"breadcrumb\":{\"@id\":\"https:\/\/tourtravelandmore.com\/fr\/tours\/etats-unis-fr\/phoenix-fr\/excursion-privee-dune-journee-a-sedona\/#breadcrumb\"},\"inLanguage\":\"fr-FR\",\"potentialAction\":[{\"@type\":\"ReadAction\",\"target\":[\"https:\/\/tourtravelandmore.com\/fr\/tours\/etats-unis-fr\/phoenix-fr\/excursion-privee-dune-journee-a-sedona\/\"]}]},{\"@type\":\"ImageObject\",\"inLanguage\":\"fr-FR\",\"@id\":\"https:\/\/tourtravelandmore.com\/fr\/tours\/etats-unis-fr\/phoenix-fr\/excursion-privee-dune-journee-a-sedona\/#primaryimage\",\"url\":\"https:\/\/tourtravelandmore.com\/wp-content\/uploads\/2020\/12\/Sedona-4.jpeg\",\"contentUrl\":\"https:\/\/tourtravelandmore.com\/wp-content\/uploads\/2020\/12\/Sedona-4.jpeg\",\"width\":1053,\"height\":700,\"caption\":\"Sedona 3\"},{\"@type\":\"BreadcrumbList\",\"@id\":\"https:\/\/tourtravelandmore.com\/fr\/tours\/etats-unis-fr\/phoenix-fr\/excursion-privee-dune-journee-a-sedona\/#breadcrumb\",\"itemListElement\":[{\"@type\":\"ListItem\",\"position\":1,\"name\":\"Home\",\"item\":\"https:\/\/tourtravelandmore.com\/fr\/\"},{\"@type\":\"ListItem\",\"position\":2,\"name\":\"Tours\",\"item\":\"https:\/\/tourtravelandmore.com\/fr\/tours\/\"},{\"@type\":\"ListItem\",\"position\":3,\"name\":\"Excursion priv\u00e9e d&rsquo;une journ\u00e9e \u00e0 Sedona\"}]},{\"@type\":\"WebSite\",\"@id\":\"https:\/\/tourtravelandmore.com\/fr\/#website\",\"url\":\"https:\/\/tourtravelandmore.com\/fr\/\",\"name\":\"Tour Travel And More\",\"description\":\"Private sightseeing tours and luxury transfers in Spain\",\"publisher\":{\"@id\":\"https:\/\/tourtravelandmore.com\/fr\/#organization\"},\"potentialAction\":[{\"@type\":\"SearchAction\",\"target\":{\"@type\":\"EntryPoint\",\"urlTemplate\":\"https:\/\/tourtravelandmore.com\/fr\/?s={search_term_string}\"},\"query-input\":{\"@type\":\"PropertyValueSpecification\",\"valueRequired\":true,\"valueName\":\"search_term_string\"}}],\"inLanguage\":\"fr-FR\"},{\"@type\":\"Organization\",\"@id\":\"https:\/\/tourtravelandmore.com\/fr\/#organization\",\"name\":\"Tour Travel And More\",\"url\":\"https:\/\/tourtravelandmore.com\/fr\/\",\"logo\":{\"@type\":\"ImageObject\",\"inLanguage\":\"fr-FR\",\"@id\":\"https:\/\/tourtravelandmore.com\/fr\/#\/schema\/logo\/image\/\",\"url\":\"https:\/\/tourtravelandmore.com\/wp-content\/uploads\/2022\/12\/cropped-logo-cabecera-new.png\",\"contentUrl\":\"https:\/\/tourtravelandmore.com\/wp-content\/uploads\/2022\/12\/cropped-logo-cabecera-new.png\",\"width\":430,\"height\":61,\"caption\":\"Tour Travel And More\"},\"image\":{\"@id\":\"https:\/\/tourtravelandmore.com\/fr\/#\/schema\/logo\/image\/\"},\"sameAs\":[\"https:\/\/www.facebook.com\/tourtravelandmore\/\",\"https:\/\/x.com\/TourTravel_More\"]}]}<\/script>\n<!-- \/ Yoast SEO Premium plugin. -->","yoast_head_json":{"title":"Visite priv\u00e9e de Sedona au d\u00e9part de Phoenix avec un guide local","description":"Profitez de cette visite priv\u00e9e de Sedona au d\u00e9part de Phoenix confortablement dans votre v\u00e9hicule priv\u00e9 avec chauffeur \/ guide. Admirez l'humble beaut\u00e9 des roches rouges","robots":{"index":"index","follow":"follow","max-snippet":"max-snippet:-1","max-image-preview":"max-image-preview:large","max-video-preview":"max-video-preview:-1"},"canonical":"https:\/\/tourtravelandmore.com\/fr\/tours\/etats-unis-fr\/phoenix-fr\/excursion-privee-dune-journee-a-sedona\/","og_locale":"fr_FR","og_type":"article","og_title":"Excursion priv\u00e9e d'une journ\u00e9e \u00e0 Sedona","og_description":"Profitez de cette visite priv\u00e9e de Sedona au d\u00e9part de Phoenix confortablement dans votre v\u00e9hicule priv\u00e9 avec chauffeur \/ guide. Admirez l'humble beaut\u00e9 des roches rouges","og_url":"https:\/\/tourtravelandmore.com\/fr\/tours\/etats-unis-fr\/phoenix-fr\/excursion-privee-dune-journee-a-sedona\/","og_site_name":"Tour Travel And More","article_publisher":"https:\/\/www.facebook.com\/tourtravelandmore\/","article_modified_time":"2021-03-22T19:32:53+00:00","og_image":[{"width":1053,"height":700,"url":"https:\/\/tourtravelandmore.com\/wp-content\/uploads\/2020\/12\/Sedona-4.jpeg","type":"image\/jpeg"}],"twitter_card":"summary_large_image","twitter_site":"@TourTravel_More","twitter_misc":{"Dur\u00e9e de lecture estim\u00e9e":"2 minutes"},"schema":{"@context":"https:\/\/schema.org","@graph":[{"@type":"WebPage","@id":"https:\/\/tourtravelandmore.com\/fr\/tours\/etats-unis-fr\/phoenix-fr\/excursion-privee-dune-journee-a-sedona\/","url":"https:\/\/tourtravelandmore.com\/fr\/tours\/etats-unis-fr\/phoenix-fr\/excursion-privee-dune-journee-a-sedona\/","name":"Visite priv\u00e9e de Sedona au d\u00e9part de Phoenix avec un guide local","isPartOf":{"@id":"https:\/\/tourtravelandmore.com\/fr\/#website"},"primaryImageOfPage":{"@id":"https:\/\/tourtravelandmore.com\/fr\/tours\/etats-unis-fr\/phoenix-fr\/excursion-privee-dune-journee-a-sedona\/#primaryimage"},"image":{"@id":"https:\/\/tourtravelandmore.com\/fr\/tours\/etats-unis-fr\/phoenix-fr\/excursion-privee-dune-journee-a-sedona\/#primaryimage"},"thumbnailUrl":"https:\/\/tourtravelandmore.com\/wp-content\/uploads\/2020\/12\/Sedona-4.jpeg","datePublished":"2020-12-24T12:49:57+00:00","dateModified":"2021-03-22T19:32:53+00:00","description":"Profitez de cette visite priv\u00e9e de Sedona au d\u00e9part de Phoenix confortablement dans votre v\u00e9hicule priv\u00e9 avec chauffeur \/ guide. Admirez l'humble beaut\u00e9 des roches rouges","breadcrumb":{"@id":"https:\/\/tourtravelandmore.com\/fr\/tours\/etats-unis-fr\/phoenix-fr\/excursion-privee-dune-journee-a-sedona\/#breadcrumb"},"inLanguage":"fr-FR","potentialAction":[{"@type":"ReadAction","target":["https:\/\/tourtravelandmore.com\/fr\/tours\/etats-unis-fr\/phoenix-fr\/excursion-privee-dune-journee-a-sedona\/"]}]},{"@type":"ImageObject","inLanguage":"fr-FR","@id":"https:\/\/tourtravelandmore.com\/fr\/tours\/etats-unis-fr\/phoenix-fr\/excursion-privee-dune-journee-a-sedona\/#primaryimage","url":"https:\/\/tourtravelandmore.com\/wp-content\/uploads\/2020\/12\/Sedona-4.jpeg","contentUrl":"https:\/\/tourtravelandmore.com\/wp-content\/uploads\/2020\/12\/Sedona-4.jpeg","width":1053,"height":700,"caption":"Sedona 3"},{"@type":"BreadcrumbList","@id":"https:\/\/tourtravelandmore.com\/fr\/tours\/etats-unis-fr\/phoenix-fr\/excursion-privee-dune-journee-a-sedona\/#breadcrumb","itemListElement":[{"@type":"ListItem","position":1,"name":"Home","item":"https:\/\/tourtravelandmore.com\/fr\/"},{"@type":"ListItem","position":2,"name":"Tours","item":"https:\/\/tourtravelandmore.com\/fr\/tours\/"},{"@type":"ListItem","position":3,"name":"Excursion priv\u00e9e d&rsquo;une journ\u00e9e \u00e0 Sedona"}]},{"@type":"WebSite","@id":"https:\/\/tourtravelandmore.com\/fr\/#website","url":"https:\/\/tourtravelandmore.com\/fr\/","name":"Tour Travel And More","description":"Private sightseeing tours and luxury transfers in Spain","publisher":{"@id":"https:\/\/tourtravelandmore.com\/fr\/#organization"},"potentialAction":[{"@type":"SearchAction","target":{"@type":"EntryPoint","urlTemplate":"https:\/\/tourtravelandmore.com\/fr\/?s={search_term_string}"},"query-input":{"@type":"PropertyValueSpecification","valueRequired":true,"valueName":"search_term_string"}}],"inLanguage":"fr-FR"},{"@type":"Organization","@id":"https:\/\/tourtravelandmore.com\/fr\/#organization","name":"Tour Travel And More","url":"https:\/\/tourtravelandmore.com\/fr\/","logo":{"@type":"ImageObject","inLanguage":"fr-FR","@id":"https:\/\/tourtravelandmore.com\/fr\/#\/schema\/logo\/image\/","url":"https:\/\/tourtravelandmore.com\/wp-content\/uploads\/2022\/12\/cropped-logo-cabecera-new.png","contentUrl":"https:\/\/tourtravelandmore.com\/wp-content\/uploads\/2022\/12\/cropped-logo-cabecera-new.png","width":430,"height":61,"caption":"Tour Travel And More"},"image":{"@id":"https:\/\/tourtravelandmore.com\/fr\/#\/schema\/logo\/image\/"},"sameAs":["https:\/\/www.facebook.com\/tourtravelandmore\/","https:\/\/x.com\/TourTravel_More"]}]}},"_links":{"self":[{"href":"https:\/\/tourtravelandmore.com\/fr\/wp-json\/wp\/v2\/product\/104739","targetHints":{"allow":["GET"]}}],"collection":[{"href":"https:\/\/tourtravelandmore.com\/fr\/wp-json\/wp\/v2\/product"}],"about":[{"href":"https:\/\/tourtravelandmore.com\/fr\/wp-json\/wp\/v2\/types\/product"}],"replies":[{"embeddable":true,"href":"https:\/\/tourtravelandmore.com\/fr\/wp-json\/wp\/v2\/comments?post=104739"}],"wp:featuredmedia":[{"embeddable":true,"href":"https:\/\/tourtravelandmore.com\/fr\/wp-json\/wp\/v2\/media\/90388"}],"wp:attachment":[{"href":"https:\/\/tourtravelandmore.com\/fr\/wp-json\/wp\/v2\/media?parent=104739"}],"wp:term":[{"taxonomy":"product_brand","embeddable":true,"href":"https:\/\/tourtravelandmore.com\/fr\/wp-json\/wp\/v2\/product_brand?post=104739"},{"taxonomy":"product_cat","embeddable":true,"href":"https:\/\/tourtravelandmore.com\/fr\/wp-json\/wp\/v2\/product_cat?post=104739"},{"taxonomy":"product_tag","embeddable":true,"href":"https:\/\/tourtravelandmore.com\/fr\/wp-json\/wp\/v2\/product_tag?post=104739"}],"curies":[{"name":"wp","href":"https:\/\/api.w.org\/{rel}","templated":true}]}}