{"id":104732,"date":"2020-12-24T10:34:07","date_gmt":"2020-12-24T09:34:07","guid":{"rendered":"https:\/\/tourtravelandmore.com\/tours\/non%20class\u00e9\/visite-privee-du-vieil-ouest\/"},"modified":"2021-03-22T20:31:43","modified_gmt":"2021-03-22T19:31:43","slug":"visite-privee-du-vieil-ouest","status":"publish","type":"product","link":"https:\/\/tourtravelandmore.com\/fr\/tours\/etats-unis-fr\/phoenix-fr\/visite-privee-du-vieil-ouest\/","title":{"rendered":"Visite priv\u00e9e du vieil ouest"},"content":{"rendered":"<h2>Description:<\/h2>\n<p>Partout dans l&#8217;\u00c9tat, le vieil ouest vit en Arizona. Rempli d&#8217;h\u00f4tels historiques, de boutiques et de restaurants, le vieil ouest est tr\u00e8s vivant! Tirez le meilleur parti de votre s\u00e9jour \u00e0 Phoenix et profitez de notre visite priv\u00e9e du vieil ouest au d\u00e9part de Phoenix.<\/p>\n<p>Il existe deux options pour l&#8217;itin\u00e9raire de ce circuit, soit visiter le sud ou le centre de l&#8217;Arizona. Il est \u00e9galement possible de les visiter tous en une journ\u00e9e, mais cela comprendrait une dur\u00e9e et un trajet plus longs. Tout d&#8217;abord, votre chauffeur et guide priv\u00e9 viendra vous chercher \u00e0 l&#8217;endroit souhait\u00e9 \u00e0 Phoenix. Apr\u00e8s cela, vous commencerez votre route vers la r\u00e9gion de votre choix en Arizona.<\/p>\n<p>Explorez le vieil ouest comme un local aux c\u00f4t\u00e9s de l&#8217;un de nos experts locaux. Toutes nos visites sont des visites priv\u00e9es et c&#8217;est une exp\u00e9rience de luxe qui cr\u00e9era des souvenirs \u00e0 vie. Contactez l&#8217;un de nos experts en voyages pour une exp\u00e9rience plus personnalis\u00e9e.<\/p>\n<h2>Sites d&#8217;int\u00e9r\u00eat et points de rep\u00e8re<\/h2>\n<p>Peut-\u00eatre \u00eates-vous li\u00e9 \u00e0 Arthur Morgan et \u00e0 ses promenades dans le Far West?<\/p>\n<p>Au cours de notre visite priv\u00e9e du vieil ouest au d\u00e9part de Phoenix, vous d\u00e9couvrirez et explorerez ces sites historiques. Votre guide, un expert local, illuminera avec les histoires et les l\u00e9gendes du vieil ouest. Comme dit, nous nous souvenons que la tourn\u00e9e \u00e9tait concentr\u00e9e dans la partie sud ou centrale de l&#8217;Arizona. Ou vous pouvez soit faire les deux c\u00f4t\u00e9s en 2 jours.<\/p>\n<p>Dans le sud de l&#8217;Arizona, vous pouvez trouver Tombstone, Bisbee et Douglas.<\/p>\n<p>Si vous \u00eates fan des films occidentaux, vous connaissez d\u00e9j\u00e0 d\u00e9finitivement Tombstone! Apr\u00e8s avoir fait ses d\u00e9buts en tant que concession mini\u00e8re d&#8217;argent \u00e0 la fin des ann\u00e9es 1870, la colonie s&#8217;agrandit, devenant l&#8217;une des principales villes du Far West. Tombstone a offert des divertissements indispensables aux mineurs apr\u00e8s un long passage sous terre. D\u00e9couvrez cette ville merveilleuse et d\u00e9couvrez l&#8217;histoire de Tombstone.<\/p>\n<p>Bisbee \u00e9tait \u00e9galement une ville mini\u00e8re. Profitez de cette merveilleuse ville \u00e0 l&#8217;architecture color\u00e9e et aux personnages tout aussi color\u00e9s. R\u00e9cemment \u00e9lue \u00abMeilleure petite ville historique d&#8217;Am\u00e9rique\u00bb par les lecteurs de USA Today et \u00abMeilleurs endroits o\u00f9 aller de Frommer en 2018\u00bb, Bisbee est un lieu unique o\u00f9 le pass\u00e9 se heurte au pr\u00e9sent dans un kal\u00e9idoscope de passion, d&#8217;art, de couleur et de gentillesse.<\/p>\n<p>Nomm\u00e9e d&#8217;apr\u00e8s le pionnier minier James Douglas, la ville de Douglas a \u00e9t\u00e9 colonis\u00e9e en tant que site de fusion pour les mines de cuivre voisines de Bisbee. Mais l&#8217;histoire locale remonte encore plus loin. Dans les ann\u00e9es 1700, les Espagnols ont \u00e9tabli le presidio San Bernardino \u00e0 proximit\u00e9<\/p>\n<h3>Dans le centre de l&#8217;Arizona, vous pouvez trouver Wickenburg, Jerome et Prescott.<\/h3>\n<p>Situ\u00e9e \u00e0 50 minutes au nord-ouest de Phoenix sur la rivi\u00e8re Hassayampa, Wickenburg se targue d&#8217;\u00eatre la ville la plus occidentale de l&#8217;Arizona. Explorez le quartier historique du centre-ville et promenez-vous devant les b\u00e2timents historiques, en vous rendant dans les galeries d&#8217;art et les boutiques de d\u00e9coration occidentale.<\/p>\n<p>Jerome a \u00e9t\u00e9 fond\u00e9 en 1876 et nomm\u00e9 U.S. Centennial City en 1976. Elle abritait autrefois la mine la plus riche du monde appartenant \u00e0 un seul homme. La ville enti\u00e8re a \u00e9t\u00e9 d\u00e9clar\u00e9e monument historique national en 1967.<\/p>\n<p>Situ\u00e9 dans les pins Ponderosa de la for\u00eat nationale de Prescott, Prescott abrite un centre-ville classique regorgeant de maisons victoriennes. D\u00e9couvrez le majestueux palais de justice en granit et profitez de la merveilleuse gastronomie locale!<\/p>\n","protected":false},"excerpt":{"rendered":"<p>Partout dans l&#8217;\u00c9tat, le vieil ouest vit en Arizona. Rempli d&#8217;h\u00f4tels historiques, de boutiques et de restaurants, le vieil ouest est tr\u00e8s vivant! D\u00e9couvrez et explorez l&#8217;Arizona avec un expert local.<\/p>\n","protected":false},"featured_media":90323,"comment_status":"open","ping_status":"closed","template":"","meta":{"_acf_changed":false},"product_brand":[],"product_cat":[3547,3790],"product_tag":[],"class_list":{"0":"post-104732","1":"product","2":"type-product","3":"status-publish","4":"has-post-thumbnail","6":"product_cat-etats-unis-fr","7":"product_cat-phoenix-fr","9":"first","10":"instock","11":"shipping-taxable","12":"purchasable","13":"product-type-simple"},"acf":[],"yoast_head":"<!-- This site is optimized with the Yoast SEO Premium plugin v25.3.1 (Yoast SEO v25.3.1) - https:\/\/yoast.com\/wordpress\/plugins\/seo\/ -->\n<title>Visite priv\u00e9e du vieil ouest au d\u00e9part de Phoenix - Guide touristique local agr\u00e9\u00e9<\/title>\n<meta name=\"description\" content=\"Profitez de cette visite priv\u00e9e du vieil ouest au d\u00e9part de Phoenix confortablement dans votre v\u00e9hicule priv\u00e9 avec chauffeur \/ guide. D\u00e9couvrez le vieil ouest avec un local\" \/>\n<meta name=\"robots\" content=\"index, follow, max-snippet:-1, max-image-preview:large, max-video-preview:-1\" \/>\n<link rel=\"canonical\" href=\"https:\/\/tourtravelandmore.com\/fr\/tours\/etats-unis-fr\/phoenix-fr\/visite-privee-du-vieil-ouest\/\" \/>\n<meta property=\"og:locale\" content=\"fr_FR\" \/>\n<meta property=\"og:type\" content=\"article\" \/>\n<meta property=\"og:title\" content=\"Visite priv\u00e9e du vieil ouest\" \/>\n<meta property=\"og:description\" content=\"Profitez de cette visite priv\u00e9e du vieil ouest au d\u00e9part de Phoenix confortablement dans votre v\u00e9hicule priv\u00e9 avec chauffeur \/ guide. D\u00e9couvrez le vieil ouest avec un local\" \/>\n<meta property=\"og:url\" content=\"https:\/\/tourtravelandmore.com\/fr\/tours\/etats-unis-fr\/phoenix-fr\/visite-privee-du-vieil-ouest\/\" \/>\n<meta property=\"og:site_name\" content=\"Tour Travel And More\" \/>\n<meta property=\"article:publisher\" content=\"https:\/\/www.facebook.com\/tourtravelandmore\/\" \/>\n<meta property=\"article:modified_time\" content=\"2021-03-22T19:31:43+00:00\" \/>\n<meta property=\"og:image\" content=\"https:\/\/tourtravelandmore.com\/wp-content\/uploads\/2020\/12\/old-tomstone.jpeg\" \/>\n\t<meta property=\"og:image:width\" content=\"1114\" \/>\n\t<meta property=\"og:image:height\" content=\"685\" \/>\n\t<meta property=\"og:image:type\" content=\"image\/jpeg\" \/>\n<meta name=\"twitter:card\" content=\"summary_large_image\" \/>\n<meta name=\"twitter:site\" content=\"@TourTravel_More\" \/>\n<meta name=\"twitter:label1\" content=\"Dur\u00e9e de lecture estim\u00e9e\" \/>\n\t<meta name=\"twitter:data1\" content=\"3 minutes\" \/>\n<script type=\"application\/ld+json\" class=\"yoast-schema-graph\">{\"@context\":\"https:\/\/schema.org\",\"@graph\":[{\"@type\":\"WebPage\",\"@id\":\"https:\/\/tourtravelandmore.com\/fr\/tours\/etats-unis-fr\/phoenix-fr\/visite-privee-du-vieil-ouest\/\",\"url\":\"https:\/\/tourtravelandmore.com\/fr\/tours\/etats-unis-fr\/phoenix-fr\/visite-privee-du-vieil-ouest\/\",\"name\":\"Visite priv\u00e9e du vieil ouest au d\u00e9part de Phoenix - Guide touristique local agr\u00e9\u00e9\",\"isPartOf\":{\"@id\":\"https:\/\/tourtravelandmore.com\/fr\/#website\"},\"primaryImageOfPage\":{\"@id\":\"https:\/\/tourtravelandmore.com\/fr\/tours\/etats-unis-fr\/phoenix-fr\/visite-privee-du-vieil-ouest\/#primaryimage\"},\"image\":{\"@id\":\"https:\/\/tourtravelandmore.com\/fr\/tours\/etats-unis-fr\/phoenix-fr\/visite-privee-du-vieil-ouest\/#primaryimage\"},\"thumbnailUrl\":\"https:\/\/tourtravelandmore.com\/wp-content\/uploads\/2020\/12\/old-tomstone.jpeg\",\"datePublished\":\"2020-12-24T09:34:07+00:00\",\"dateModified\":\"2021-03-22T19:31:43+00:00\",\"description\":\"Profitez de cette visite priv\u00e9e du vieil ouest au d\u00e9part de Phoenix confortablement dans votre v\u00e9hicule priv\u00e9 avec chauffeur \/ guide. D\u00e9couvrez le vieil ouest avec un local\",\"breadcrumb\":{\"@id\":\"https:\/\/tourtravelandmore.com\/fr\/tours\/etats-unis-fr\/phoenix-fr\/visite-privee-du-vieil-ouest\/#breadcrumb\"},\"inLanguage\":\"fr-FR\",\"potentialAction\":[{\"@type\":\"ReadAction\",\"target\":[\"https:\/\/tourtravelandmore.com\/fr\/tours\/etats-unis-fr\/phoenix-fr\/visite-privee-du-vieil-ouest\/\"]}]},{\"@type\":\"ImageObject\",\"inLanguage\":\"fr-FR\",\"@id\":\"https:\/\/tourtravelandmore.com\/fr\/tours\/etats-unis-fr\/phoenix-fr\/visite-privee-du-vieil-ouest\/#primaryimage\",\"url\":\"https:\/\/tourtravelandmore.com\/wp-content\/uploads\/2020\/12\/old-tomstone.jpeg\",\"contentUrl\":\"https:\/\/tourtravelandmore.com\/wp-content\/uploads\/2020\/12\/old-tomstone.jpeg\",\"width\":1114,\"height\":685,\"caption\":\"Old Tombstone\"},{\"@type\":\"BreadcrumbList\",\"@id\":\"https:\/\/tourtravelandmore.com\/fr\/tours\/etats-unis-fr\/phoenix-fr\/visite-privee-du-vieil-ouest\/#breadcrumb\",\"itemListElement\":[{\"@type\":\"ListItem\",\"position\":1,\"name\":\"Home\",\"item\":\"https:\/\/tourtravelandmore.com\/fr\/\"},{\"@type\":\"ListItem\",\"position\":2,\"name\":\"Tours\",\"item\":\"https:\/\/tourtravelandmore.com\/fr\/tours\/\"},{\"@type\":\"ListItem\",\"position\":3,\"name\":\"Visite priv\u00e9e du vieil ouest\"}]},{\"@type\":\"WebSite\",\"@id\":\"https:\/\/tourtravelandmore.com\/fr\/#website\",\"url\":\"https:\/\/tourtravelandmore.com\/fr\/\",\"name\":\"Tour Travel And More\",\"description\":\"Private sightseeing tours and luxury transfers in Spain\",\"publisher\":{\"@id\":\"https:\/\/tourtravelandmore.com\/fr\/#organization\"},\"potentialAction\":[{\"@type\":\"SearchAction\",\"target\":{\"@type\":\"EntryPoint\",\"urlTemplate\":\"https:\/\/tourtravelandmore.com\/fr\/?s={search_term_string}\"},\"query-input\":{\"@type\":\"PropertyValueSpecification\",\"valueRequired\":true,\"valueName\":\"search_term_string\"}}],\"inLanguage\":\"fr-FR\"},{\"@type\":\"Organization\",\"@id\":\"https:\/\/tourtravelandmore.com\/fr\/#organization\",\"name\":\"Tour Travel And More\",\"url\":\"https:\/\/tourtravelandmore.com\/fr\/\",\"logo\":{\"@type\":\"ImageObject\",\"inLanguage\":\"fr-FR\",\"@id\":\"https:\/\/tourtravelandmore.com\/fr\/#\/schema\/logo\/image\/\",\"url\":\"https:\/\/tourtravelandmore.com\/wp-content\/uploads\/2022\/12\/cropped-logo-cabecera-new.png\",\"contentUrl\":\"https:\/\/tourtravelandmore.com\/wp-content\/uploads\/2022\/12\/cropped-logo-cabecera-new.png\",\"width\":430,\"height\":61,\"caption\":\"Tour Travel And More\"},\"image\":{\"@id\":\"https:\/\/tourtravelandmore.com\/fr\/#\/schema\/logo\/image\/\"},\"sameAs\":[\"https:\/\/www.facebook.com\/tourtravelandmore\/\",\"https:\/\/x.com\/TourTravel_More\"]}]}<\/script>\n<!-- \/ Yoast SEO Premium plugin. -->","yoast_head_json":{"title":"Visite priv\u00e9e du vieil ouest au d\u00e9part de Phoenix - Guide touristique local agr\u00e9\u00e9","description":"Profitez de cette visite priv\u00e9e du vieil ouest au d\u00e9part de Phoenix confortablement dans votre v\u00e9hicule priv\u00e9 avec chauffeur \/ guide. D\u00e9couvrez le vieil ouest avec un local","robots":{"index":"index","follow":"follow","max-snippet":"max-snippet:-1","max-image-preview":"max-image-preview:large","max-video-preview":"max-video-preview:-1"},"canonical":"https:\/\/tourtravelandmore.com\/fr\/tours\/etats-unis-fr\/phoenix-fr\/visite-privee-du-vieil-ouest\/","og_locale":"fr_FR","og_type":"article","og_title":"Visite priv\u00e9e du vieil ouest","og_description":"Profitez de cette visite priv\u00e9e du vieil ouest au d\u00e9part de Phoenix confortablement dans votre v\u00e9hicule priv\u00e9 avec chauffeur \/ guide. D\u00e9couvrez le vieil ouest avec un local","og_url":"https:\/\/tourtravelandmore.com\/fr\/tours\/etats-unis-fr\/phoenix-fr\/visite-privee-du-vieil-ouest\/","og_site_name":"Tour Travel And More","article_publisher":"https:\/\/www.facebook.com\/tourtravelandmore\/","article_modified_time":"2021-03-22T19:31:43+00:00","og_image":[{"width":1114,"height":685,"url":"https:\/\/tourtravelandmore.com\/wp-content\/uploads\/2020\/12\/old-tomstone.jpeg","type":"image\/jpeg"}],"twitter_card":"summary_large_image","twitter_site":"@TourTravel_More","twitter_misc":{"Dur\u00e9e de lecture estim\u00e9e":"3 minutes"},"schema":{"@context":"https:\/\/schema.org","@graph":[{"@type":"WebPage","@id":"https:\/\/tourtravelandmore.com\/fr\/tours\/etats-unis-fr\/phoenix-fr\/visite-privee-du-vieil-ouest\/","url":"https:\/\/tourtravelandmore.com\/fr\/tours\/etats-unis-fr\/phoenix-fr\/visite-privee-du-vieil-ouest\/","name":"Visite priv\u00e9e du vieil ouest au d\u00e9part de Phoenix - Guide touristique local agr\u00e9\u00e9","isPartOf":{"@id":"https:\/\/tourtravelandmore.com\/fr\/#website"},"primaryImageOfPage":{"@id":"https:\/\/tourtravelandmore.com\/fr\/tours\/etats-unis-fr\/phoenix-fr\/visite-privee-du-vieil-ouest\/#primaryimage"},"image":{"@id":"https:\/\/tourtravelandmore.com\/fr\/tours\/etats-unis-fr\/phoenix-fr\/visite-privee-du-vieil-ouest\/#primaryimage"},"thumbnailUrl":"https:\/\/tourtravelandmore.com\/wp-content\/uploads\/2020\/12\/old-tomstone.jpeg","datePublished":"2020-12-24T09:34:07+00:00","dateModified":"2021-03-22T19:31:43+00:00","description":"Profitez de cette visite priv\u00e9e du vieil ouest au d\u00e9part de Phoenix confortablement dans votre v\u00e9hicule priv\u00e9 avec chauffeur \/ guide. D\u00e9couvrez le vieil ouest avec un local","breadcrumb":{"@id":"https:\/\/tourtravelandmore.com\/fr\/tours\/etats-unis-fr\/phoenix-fr\/visite-privee-du-vieil-ouest\/#breadcrumb"},"inLanguage":"fr-FR","potentialAction":[{"@type":"ReadAction","target":["https:\/\/tourtravelandmore.com\/fr\/tours\/etats-unis-fr\/phoenix-fr\/visite-privee-du-vieil-ouest\/"]}]},{"@type":"ImageObject","inLanguage":"fr-FR","@id":"https:\/\/tourtravelandmore.com\/fr\/tours\/etats-unis-fr\/phoenix-fr\/visite-privee-du-vieil-ouest\/#primaryimage","url":"https:\/\/tourtravelandmore.com\/wp-content\/uploads\/2020\/12\/old-tomstone.jpeg","contentUrl":"https:\/\/tourtravelandmore.com\/wp-content\/uploads\/2020\/12\/old-tomstone.jpeg","width":1114,"height":685,"caption":"Old Tombstone"},{"@type":"BreadcrumbList","@id":"https:\/\/tourtravelandmore.com\/fr\/tours\/etats-unis-fr\/phoenix-fr\/visite-privee-du-vieil-ouest\/#breadcrumb","itemListElement":[{"@type":"ListItem","position":1,"name":"Home","item":"https:\/\/tourtravelandmore.com\/fr\/"},{"@type":"ListItem","position":2,"name":"Tours","item":"https:\/\/tourtravelandmore.com\/fr\/tours\/"},{"@type":"ListItem","position":3,"name":"Visite priv\u00e9e du vieil ouest"}]},{"@type":"WebSite","@id":"https:\/\/tourtravelandmore.com\/fr\/#website","url":"https:\/\/tourtravelandmore.com\/fr\/","name":"Tour Travel And More","description":"Private sightseeing tours and luxury transfers in Spain","publisher":{"@id":"https:\/\/tourtravelandmore.com\/fr\/#organization"},"potentialAction":[{"@type":"SearchAction","target":{"@type":"EntryPoint","urlTemplate":"https:\/\/tourtravelandmore.com\/fr\/?s={search_term_string}"},"query-input":{"@type":"PropertyValueSpecification","valueRequired":true,"valueName":"search_term_string"}}],"inLanguage":"fr-FR"},{"@type":"Organization","@id":"https:\/\/tourtravelandmore.com\/fr\/#organization","name":"Tour Travel And More","url":"https:\/\/tourtravelandmore.com\/fr\/","logo":{"@type":"ImageObject","inLanguage":"fr-FR","@id":"https:\/\/tourtravelandmore.com\/fr\/#\/schema\/logo\/image\/","url":"https:\/\/tourtravelandmore.com\/wp-content\/uploads\/2022\/12\/cropped-logo-cabecera-new.png","contentUrl":"https:\/\/tourtravelandmore.com\/wp-content\/uploads\/2022\/12\/cropped-logo-cabecera-new.png","width":430,"height":61,"caption":"Tour Travel And More"},"image":{"@id":"https:\/\/tourtravelandmore.com\/fr\/#\/schema\/logo\/image\/"},"sameAs":["https:\/\/www.facebook.com\/tourtravelandmore\/","https:\/\/x.com\/TourTravel_More"]}]}},"_links":{"self":[{"href":"https:\/\/tourtravelandmore.com\/fr\/wp-json\/wp\/v2\/product\/104732","targetHints":{"allow":["GET"]}}],"collection":[{"href":"https:\/\/tourtravelandmore.com\/fr\/wp-json\/wp\/v2\/product"}],"about":[{"href":"https:\/\/tourtravelandmore.com\/fr\/wp-json\/wp\/v2\/types\/product"}],"replies":[{"embeddable":true,"href":"https:\/\/tourtravelandmore.com\/fr\/wp-json\/wp\/v2\/comments?post=104732"}],"wp:featuredmedia":[{"embeddable":true,"href":"https:\/\/tourtravelandmore.com\/fr\/wp-json\/wp\/v2\/media\/90323"}],"wp:attachment":[{"href":"https:\/\/tourtravelandmore.com\/fr\/wp-json\/wp\/v2\/media?parent=104732"}],"wp:term":[{"taxonomy":"product_brand","embeddable":true,"href":"https:\/\/tourtravelandmore.com\/fr\/wp-json\/wp\/v2\/product_brand?post=104732"},{"taxonomy":"product_cat","embeddable":true,"href":"https:\/\/tourtravelandmore.com\/fr\/wp-json\/wp\/v2\/product_cat?post=104732"},{"taxonomy":"product_tag","embeddable":true,"href":"https:\/\/tourtravelandmore.com\/fr\/wp-json\/wp\/v2\/product_tag?post=104732"}],"curies":[{"name":"wp","href":"https:\/\/api.w.org\/{rel}","templated":true}]}}