{"id":104725,"date":"2020-12-23T17:34:54","date_gmt":"2020-12-23T16:34:54","guid":{"rendered":"https:\/\/tourtravelandmore.com\/tours\/non%20class\u00e9\/tour-prive-en-montgolfiere\/"},"modified":"2021-03-22T20:30:38","modified_gmt":"2021-03-22T19:30:38","slug":"tour-prive-en-montgolfiere","status":"publish","type":"product","link":"https:\/\/tourtravelandmore.com\/fr\/tours\/etats-unis-fr\/phoenix-fr\/tour-prive-en-montgolfiere\/","title":{"rendered":"Tour priv\u00e9 en montgolfi\u00e8re"},"content":{"rendered":"<h2>Description:<\/h2>\n<p>Phoenix est l&#8217;endroit id\u00e9al pour monter en montgolfi\u00e8re. Profitez des levers et couchers de soleil \u00e9poustouflants avec notre tour priv\u00e9 en montgolfi\u00e8re au d\u00e9part de Phoenix.<\/p>\n<p>Tout d&#8217;abord, votre chauffeur et guide priv\u00e9 viendra vous chercher \u00e0 l&#8217;endroit souhait\u00e9 \u00e0 Phoenix. Apr\u00e8s cela, vous vous dirigerez vers le d\u00e9sert de Sonora. Vous pouvez choisir entre une aventure au lever ou au coucher du soleil.<\/p>\n<p>Phoenix a des conditions de vol id\u00e9ales, avec plus de 300 jours de soleil par an. Admirez les \u00e9tonnantes cha\u00eenes de montagnes et rep\u00e9rez les animaux qui vivent dans cette r\u00e9gion (coyotes, burros et plus).<\/p>\n<p>Notre tour priv\u00e9 en montgolfi\u00e8re au d\u00e9part de Phoenix est absolument adaptable \u00e0 vos d\u00e9sirs personnels. Contactez-nous pour une proposition sur mesure.<\/p>\n<h2>Sites d&#8217;int\u00e9r\u00eat et points de rep\u00e8re<\/h2>\n<p>Pendant votre vol, vous serez \u00e0 une hauteur de 2000 \u00e0 5000 pieds. De l\u00e0, vous pourrez appr\u00e9cier le magnifique d\u00e9sert de Sonora et son paysage impressionnant. Vous aurez une vue imprenable sur plusieurs endroits tels que le centre-ville de Phoenix, Camelback Mountain, Lake Pleasant et State Farm Stadium (domicile des Arizona Cardinals).<\/p>\n<p>Votre pilote vous donnera des d\u00e9tails sur la ville, le d\u00e9sert et l&#8217;ensemble du paysage, vous rep\u00e9rant la faune et la flore qui habitent le d\u00e9sert. La dur\u00e9e du vol est d&#8217;environ 1 heure et l&#8217;activit\u00e9 se termine par un toast au champagne. Votre chauffeur priv\u00e9 viendra vous chercher \u00e0 l&#8217;endroit souhait\u00e9 \u00e0 Phoenix 2 heures avant le lever du soleil. Le point de d\u00e9part de votre vol d\u00e9pend des conditions m\u00e9t\u00e9orologiques de chaque jour.<\/p>\n<p>Tirez le meilleur parti de votre s\u00e9jour en Arizona et profitez de notre exp\u00e9rience de vol en montgolfi\u00e8re priv\u00e9e sur mesure au d\u00e9part de Phoenix. Si vous souhaitez faire d&#8217;autres activit\u00e9s avec nous \u00e0 Phoenix, veuillez consulter notre liste de visites priv\u00e9es. Nos experts locaux sont \u00e0 votre enti\u00e8re disposition pour vous aider \u00e0 d\u00e9couvrir et explorer l&#8217;Arizona \u00e0 votre rythme.<\/p>\n","protected":false},"excerpt":{"rendered":"<p>Profitez de notre tour priv\u00e9 en montgolfi\u00e8re au d\u00e9part de Phoenix et appr\u00e9ciez le d\u00e9sert exceptionnel de Sonora de 2000 \u00e0 5000 pieds de haut.<\/p>\n","protected":false},"featured_media":90245,"comment_status":"open","ping_status":"closed","template":"","meta":{"_acf_changed":false},"product_brand":[],"product_cat":[3547,3790],"product_tag":[],"class_list":{"0":"post-104725","1":"product","2":"type-product","3":"status-publish","4":"has-post-thumbnail","6":"product_cat-etats-unis-fr","7":"product_cat-phoenix-fr","9":"first","10":"instock","11":"shipping-taxable","12":"purchasable","13":"product-type-simple"},"acf":[],"yoast_head":"<!-- This site is optimized with the Yoast SEO Premium plugin v25.3.1 (Yoast SEO v25.3.1) - https:\/\/yoast.com\/wordpress\/plugins\/seo\/ -->\n<title>Promenade en montgolfi\u00e8re priv\u00e9e au d\u00e9part de Phoenix - Exp\u00e9rience sur mesure<\/title>\n<meta name=\"description\" content=\"Profitez de notre tour priv\u00e9 en montgolfi\u00e8re au d\u00e9part de Phoenix et appr\u00e9ciez le d\u00e9sert exceptionnel de Sonora de 2000 \u00e0 5000 pieds de haut.\" \/>\n<meta name=\"robots\" content=\"index, follow, max-snippet:-1, max-image-preview:large, max-video-preview:-1\" \/>\n<link rel=\"canonical\" href=\"https:\/\/tourtravelandmore.com\/fr\/tours\/etats-unis-fr\/phoenix-fr\/tour-prive-en-montgolfiere\/\" \/>\n<meta property=\"og:locale\" content=\"fr_FR\" \/>\n<meta property=\"og:type\" content=\"article\" \/>\n<meta property=\"og:title\" content=\"Tour priv\u00e9 en montgolfi\u00e8re\" \/>\n<meta property=\"og:description\" content=\"Profitez de notre tour priv\u00e9 en montgolfi\u00e8re au d\u00e9part de Phoenix et appr\u00e9ciez le d\u00e9sert exceptionnel de Sonora de 2000 \u00e0 5000 pieds de haut.\" \/>\n<meta property=\"og:url\" content=\"https:\/\/tourtravelandmore.com\/fr\/tours\/etats-unis-fr\/phoenix-fr\/tour-prive-en-montgolfiere\/\" \/>\n<meta property=\"og:site_name\" content=\"Tour Travel And More\" \/>\n<meta property=\"article:publisher\" content=\"https:\/\/www.facebook.com\/tourtravelandmore\/\" \/>\n<meta property=\"article:modified_time\" content=\"2021-03-22T19:30:38+00:00\" \/>\n<meta property=\"og:image\" content=\"https:\/\/tourtravelandmore.com\/wp-content\/uploads\/2020\/12\/phoenix-ballooon.jpeg\" \/>\n\t<meta property=\"og:image:width\" content=\"1350\" \/>\n\t<meta property=\"og:image:height\" content=\"900\" \/>\n\t<meta property=\"og:image:type\" content=\"image\/jpeg\" \/>\n<meta name=\"twitter:card\" content=\"summary_large_image\" \/>\n<meta name=\"twitter:site\" content=\"@TourTravel_More\" \/>\n<meta name=\"twitter:label1\" content=\"Dur\u00e9e de lecture estim\u00e9e\" \/>\n\t<meta name=\"twitter:data1\" content=\"2 minutes\" \/>\n<script type=\"application\/ld+json\" class=\"yoast-schema-graph\">{\"@context\":\"https:\/\/schema.org\",\"@graph\":[{\"@type\":\"WebPage\",\"@id\":\"https:\/\/tourtravelandmore.com\/fr\/tours\/etats-unis-fr\/phoenix-fr\/tour-prive-en-montgolfiere\/\",\"url\":\"https:\/\/tourtravelandmore.com\/fr\/tours\/etats-unis-fr\/phoenix-fr\/tour-prive-en-montgolfiere\/\",\"name\":\"Promenade en montgolfi\u00e8re priv\u00e9e au d\u00e9part de Phoenix - Exp\u00e9rience sur mesure\",\"isPartOf\":{\"@id\":\"https:\/\/tourtravelandmore.com\/fr\/#website\"},\"primaryImageOfPage\":{\"@id\":\"https:\/\/tourtravelandmore.com\/fr\/tours\/etats-unis-fr\/phoenix-fr\/tour-prive-en-montgolfiere\/#primaryimage\"},\"image\":{\"@id\":\"https:\/\/tourtravelandmore.com\/fr\/tours\/etats-unis-fr\/phoenix-fr\/tour-prive-en-montgolfiere\/#primaryimage\"},\"thumbnailUrl\":\"https:\/\/tourtravelandmore.com\/wp-content\/uploads\/2020\/12\/phoenix-ballooon.jpeg\",\"datePublished\":\"2020-12-23T16:34:54+00:00\",\"dateModified\":\"2021-03-22T19:30:38+00:00\",\"description\":\"Profitez de notre tour priv\u00e9 en montgolfi\u00e8re au d\u00e9part de Phoenix et appr\u00e9ciez le d\u00e9sert exceptionnel de Sonora de 2000 \u00e0 5000 pieds de haut.\",\"breadcrumb\":{\"@id\":\"https:\/\/tourtravelandmore.com\/fr\/tours\/etats-unis-fr\/phoenix-fr\/tour-prive-en-montgolfiere\/#breadcrumb\"},\"inLanguage\":\"fr-FR\",\"potentialAction\":[{\"@type\":\"ReadAction\",\"target\":[\"https:\/\/tourtravelandmore.com\/fr\/tours\/etats-unis-fr\/phoenix-fr\/tour-prive-en-montgolfiere\/\"]}]},{\"@type\":\"ImageObject\",\"inLanguage\":\"fr-FR\",\"@id\":\"https:\/\/tourtravelandmore.com\/fr\/tours\/etats-unis-fr\/phoenix-fr\/tour-prive-en-montgolfiere\/#primaryimage\",\"url\":\"https:\/\/tourtravelandmore.com\/wp-content\/uploads\/2020\/12\/phoenix-ballooon.jpeg\",\"contentUrl\":\"https:\/\/tourtravelandmore.com\/wp-content\/uploads\/2020\/12\/phoenix-ballooon.jpeg\",\"width\":1350,\"height\":900,\"caption\":\"Phoenix balloon 2\"},{\"@type\":\"BreadcrumbList\",\"@id\":\"https:\/\/tourtravelandmore.com\/fr\/tours\/etats-unis-fr\/phoenix-fr\/tour-prive-en-montgolfiere\/#breadcrumb\",\"itemListElement\":[{\"@type\":\"ListItem\",\"position\":1,\"name\":\"Home\",\"item\":\"https:\/\/tourtravelandmore.com\/fr\/\"},{\"@type\":\"ListItem\",\"position\":2,\"name\":\"Tours\",\"item\":\"https:\/\/tourtravelandmore.com\/fr\/tours\/\"},{\"@type\":\"ListItem\",\"position\":3,\"name\":\"Tour priv\u00e9 en montgolfi\u00e8re\"}]},{\"@type\":\"WebSite\",\"@id\":\"https:\/\/tourtravelandmore.com\/fr\/#website\",\"url\":\"https:\/\/tourtravelandmore.com\/fr\/\",\"name\":\"Tour Travel And More\",\"description\":\"Private sightseeing tours and luxury transfers in Spain\",\"publisher\":{\"@id\":\"https:\/\/tourtravelandmore.com\/fr\/#organization\"},\"potentialAction\":[{\"@type\":\"SearchAction\",\"target\":{\"@type\":\"EntryPoint\",\"urlTemplate\":\"https:\/\/tourtravelandmore.com\/fr\/?s={search_term_string}\"},\"query-input\":{\"@type\":\"PropertyValueSpecification\",\"valueRequired\":true,\"valueName\":\"search_term_string\"}}],\"inLanguage\":\"fr-FR\"},{\"@type\":\"Organization\",\"@id\":\"https:\/\/tourtravelandmore.com\/fr\/#organization\",\"name\":\"Tour Travel And More\",\"url\":\"https:\/\/tourtravelandmore.com\/fr\/\",\"logo\":{\"@type\":\"ImageObject\",\"inLanguage\":\"fr-FR\",\"@id\":\"https:\/\/tourtravelandmore.com\/fr\/#\/schema\/logo\/image\/\",\"url\":\"https:\/\/tourtravelandmore.com\/wp-content\/uploads\/2022\/12\/cropped-logo-cabecera-new.png\",\"contentUrl\":\"https:\/\/tourtravelandmore.com\/wp-content\/uploads\/2022\/12\/cropped-logo-cabecera-new.png\",\"width\":430,\"height\":61,\"caption\":\"Tour Travel And More\"},\"image\":{\"@id\":\"https:\/\/tourtravelandmore.com\/fr\/#\/schema\/logo\/image\/\"},\"sameAs\":[\"https:\/\/www.facebook.com\/tourtravelandmore\/\",\"https:\/\/x.com\/TourTravel_More\"]}]}<\/script>\n<!-- \/ Yoast SEO Premium plugin. -->","yoast_head_json":{"title":"Promenade en montgolfi\u00e8re priv\u00e9e au d\u00e9part de Phoenix - Exp\u00e9rience sur mesure","description":"Profitez de notre tour priv\u00e9 en montgolfi\u00e8re au d\u00e9part de Phoenix et appr\u00e9ciez le d\u00e9sert exceptionnel de Sonora de 2000 \u00e0 5000 pieds de haut.","robots":{"index":"index","follow":"follow","max-snippet":"max-snippet:-1","max-image-preview":"max-image-preview:large","max-video-preview":"max-video-preview:-1"},"canonical":"https:\/\/tourtravelandmore.com\/fr\/tours\/etats-unis-fr\/phoenix-fr\/tour-prive-en-montgolfiere\/","og_locale":"fr_FR","og_type":"article","og_title":"Tour priv\u00e9 en montgolfi\u00e8re","og_description":"Profitez de notre tour priv\u00e9 en montgolfi\u00e8re au d\u00e9part de Phoenix et appr\u00e9ciez le d\u00e9sert exceptionnel de Sonora de 2000 \u00e0 5000 pieds de haut.","og_url":"https:\/\/tourtravelandmore.com\/fr\/tours\/etats-unis-fr\/phoenix-fr\/tour-prive-en-montgolfiere\/","og_site_name":"Tour Travel And More","article_publisher":"https:\/\/www.facebook.com\/tourtravelandmore\/","article_modified_time":"2021-03-22T19:30:38+00:00","og_image":[{"width":1350,"height":900,"url":"https:\/\/tourtravelandmore.com\/wp-content\/uploads\/2020\/12\/phoenix-ballooon.jpeg","type":"image\/jpeg"}],"twitter_card":"summary_large_image","twitter_site":"@TourTravel_More","twitter_misc":{"Dur\u00e9e de lecture estim\u00e9e":"2 minutes"},"schema":{"@context":"https:\/\/schema.org","@graph":[{"@type":"WebPage","@id":"https:\/\/tourtravelandmore.com\/fr\/tours\/etats-unis-fr\/phoenix-fr\/tour-prive-en-montgolfiere\/","url":"https:\/\/tourtravelandmore.com\/fr\/tours\/etats-unis-fr\/phoenix-fr\/tour-prive-en-montgolfiere\/","name":"Promenade en montgolfi\u00e8re priv\u00e9e au d\u00e9part de Phoenix - Exp\u00e9rience sur mesure","isPartOf":{"@id":"https:\/\/tourtravelandmore.com\/fr\/#website"},"primaryImageOfPage":{"@id":"https:\/\/tourtravelandmore.com\/fr\/tours\/etats-unis-fr\/phoenix-fr\/tour-prive-en-montgolfiere\/#primaryimage"},"image":{"@id":"https:\/\/tourtravelandmore.com\/fr\/tours\/etats-unis-fr\/phoenix-fr\/tour-prive-en-montgolfiere\/#primaryimage"},"thumbnailUrl":"https:\/\/tourtravelandmore.com\/wp-content\/uploads\/2020\/12\/phoenix-ballooon.jpeg","datePublished":"2020-12-23T16:34:54+00:00","dateModified":"2021-03-22T19:30:38+00:00","description":"Profitez de notre tour priv\u00e9 en montgolfi\u00e8re au d\u00e9part de Phoenix et appr\u00e9ciez le d\u00e9sert exceptionnel de Sonora de 2000 \u00e0 5000 pieds de haut.","breadcrumb":{"@id":"https:\/\/tourtravelandmore.com\/fr\/tours\/etats-unis-fr\/phoenix-fr\/tour-prive-en-montgolfiere\/#breadcrumb"},"inLanguage":"fr-FR","potentialAction":[{"@type":"ReadAction","target":["https:\/\/tourtravelandmore.com\/fr\/tours\/etats-unis-fr\/phoenix-fr\/tour-prive-en-montgolfiere\/"]}]},{"@type":"ImageObject","inLanguage":"fr-FR","@id":"https:\/\/tourtravelandmore.com\/fr\/tours\/etats-unis-fr\/phoenix-fr\/tour-prive-en-montgolfiere\/#primaryimage","url":"https:\/\/tourtravelandmore.com\/wp-content\/uploads\/2020\/12\/phoenix-ballooon.jpeg","contentUrl":"https:\/\/tourtravelandmore.com\/wp-content\/uploads\/2020\/12\/phoenix-ballooon.jpeg","width":1350,"height":900,"caption":"Phoenix balloon 2"},{"@type":"BreadcrumbList","@id":"https:\/\/tourtravelandmore.com\/fr\/tours\/etats-unis-fr\/phoenix-fr\/tour-prive-en-montgolfiere\/#breadcrumb","itemListElement":[{"@type":"ListItem","position":1,"name":"Home","item":"https:\/\/tourtravelandmore.com\/fr\/"},{"@type":"ListItem","position":2,"name":"Tours","item":"https:\/\/tourtravelandmore.com\/fr\/tours\/"},{"@type":"ListItem","position":3,"name":"Tour priv\u00e9 en montgolfi\u00e8re"}]},{"@type":"WebSite","@id":"https:\/\/tourtravelandmore.com\/fr\/#website","url":"https:\/\/tourtravelandmore.com\/fr\/","name":"Tour Travel And More","description":"Private sightseeing tours and luxury transfers in Spain","publisher":{"@id":"https:\/\/tourtravelandmore.com\/fr\/#organization"},"potentialAction":[{"@type":"SearchAction","target":{"@type":"EntryPoint","urlTemplate":"https:\/\/tourtravelandmore.com\/fr\/?s={search_term_string}"},"query-input":{"@type":"PropertyValueSpecification","valueRequired":true,"valueName":"search_term_string"}}],"inLanguage":"fr-FR"},{"@type":"Organization","@id":"https:\/\/tourtravelandmore.com\/fr\/#organization","name":"Tour Travel And More","url":"https:\/\/tourtravelandmore.com\/fr\/","logo":{"@type":"ImageObject","inLanguage":"fr-FR","@id":"https:\/\/tourtravelandmore.com\/fr\/#\/schema\/logo\/image\/","url":"https:\/\/tourtravelandmore.com\/wp-content\/uploads\/2022\/12\/cropped-logo-cabecera-new.png","contentUrl":"https:\/\/tourtravelandmore.com\/wp-content\/uploads\/2022\/12\/cropped-logo-cabecera-new.png","width":430,"height":61,"caption":"Tour Travel And More"},"image":{"@id":"https:\/\/tourtravelandmore.com\/fr\/#\/schema\/logo\/image\/"},"sameAs":["https:\/\/www.facebook.com\/tourtravelandmore\/","https:\/\/x.com\/TourTravel_More"]}]}},"_links":{"self":[{"href":"https:\/\/tourtravelandmore.com\/fr\/wp-json\/wp\/v2\/product\/104725","targetHints":{"allow":["GET"]}}],"collection":[{"href":"https:\/\/tourtravelandmore.com\/fr\/wp-json\/wp\/v2\/product"}],"about":[{"href":"https:\/\/tourtravelandmore.com\/fr\/wp-json\/wp\/v2\/types\/product"}],"replies":[{"embeddable":true,"href":"https:\/\/tourtravelandmore.com\/fr\/wp-json\/wp\/v2\/comments?post=104725"}],"wp:featuredmedia":[{"embeddable":true,"href":"https:\/\/tourtravelandmore.com\/fr\/wp-json\/wp\/v2\/media\/90245"}],"wp:attachment":[{"href":"https:\/\/tourtravelandmore.com\/fr\/wp-json\/wp\/v2\/media?parent=104725"}],"wp:term":[{"taxonomy":"product_brand","embeddable":true,"href":"https:\/\/tourtravelandmore.com\/fr\/wp-json\/wp\/v2\/product_brand?post=104725"},{"taxonomy":"product_cat","embeddable":true,"href":"https:\/\/tourtravelandmore.com\/fr\/wp-json\/wp\/v2\/product_cat?post=104725"},{"taxonomy":"product_tag","embeddable":true,"href":"https:\/\/tourtravelandmore.com\/fr\/wp-json\/wp\/v2\/product_tag?post=104725"}],"curies":[{"name":"wp","href":"https:\/\/api.w.org\/{rel}","templated":true}]}}