{"id":104717,"date":"2020-12-21T09:52:15","date_gmt":"2020-12-21T08:52:15","guid":{"rendered":"https:\/\/tourtravelandmore.com\/tours\/non%20class\u00e9\/visite-privee-du-grand-canyon-au-depart-de-phoenix\/"},"modified":"2021-03-22T20:29:33","modified_gmt":"2021-03-22T19:29:33","slug":"visite-privee-du-grand-canyon-au-depart-de-phoenix","status":"publish","type":"product","link":"https:\/\/tourtravelandmore.com\/fr\/tours\/etats-unis-fr\/phoenix-fr\/visite-privee-du-grand-canyon-au-depart-de-phoenix\/","title":{"rendered":"Visite priv\u00e9e du Grand Canyon au d\u00e9part de Phoenix"},"content":{"rendered":"<h2>Description:<\/h2>\n<p>Une exp\u00e9rience incontournable \u00e0 Phoenix est de visiter le merveilleux Grand Canyon. Tirez le meilleur parti de votre s\u00e9jour \u00e0 Phoenix et profitez de notre visite priv\u00e9e du Grand Canyon au d\u00e9part de Phoenix.<\/p>\n<p>Tout d&#8217;abord, votre chauffeur et guide priv\u00e9 viendra vous chercher \u00e0 l&#8217;endroit souhait\u00e9 \u00e0 Phoenix. Apr\u00e8s cela, vous commencerez votre route vers la rive sud du Grand Canyon. Le trajet dure environ 3 heures et 30 minutes.<\/p>\n<p>D\u00e9couvrez les meilleures parties du c\u00e9l\u00e8bre Grand Canyon et profitez m\u00eame d&#8217;un arr\u00eat sur la r\u00e9servation Navajo. Toutes nos visites sont des visites priv\u00e9es et c&#8217;est une exp\u00e9rience de luxe qui cr\u00e9era des souvenirs \u00e0 vie.<\/p>\n<p>Contactez l&#8217;un de nos experts en voyages pour une exp\u00e9rience plus personnalis\u00e9e. Nos experts sont \u00e0 votre enti\u00e8re disposition.<\/p>\n<h2>Sites d&#8217;int\u00e9r\u00eat et points de rep\u00e8re<\/h2>\n<p>Le Grand Canyon en Arizona est un site connu dans le monde entier. L&#8217;une des sept merveilles naturelles du monde, le parc national offre des vues spectaculaires sur les parois du canyon qui ont \u00e9t\u00e9 sculpt\u00e9es dans la terre au cours des mill\u00e9naires par le puissant fleuve Colorado<\/p>\n<p>Apr\u00e8s une prise en charge confortable, nous nous dirigerons vers le Grand Canyon. Nous traverserons le d\u00e9sert de Sonora jusqu&#8217;au plateau du Colorado, o\u00f9 vous verrez les magnifiques pins Ponderosa. Sur le chemin du Grand Canyon, vous profiterez de quelques arr\u00eats pour vous \u00e9tirer et profiter du paysage. Certains d&#8217;entre eux pourraient \u00eatre la belle vall\u00e9e de Verde et la c\u00e9l\u00e8bre Route 66.<\/p>\n<p>Votre prochain arr\u00eat sera la r\u00e9servation Navajo. Ici, vous aurez du temps libre pour d\u00e9jeuner et profiter de la vue sur la petite gorge de la rivi\u00e8re Colorado. Apr\u00e8s cela, vous arriverez enfin au magnifique Grand Canyon. Votre guide vous conduira \u00e0 travers la rive sud, avec des arr\u00eats \u00e0 plusieurs points de vue, avec des opportunit\u00e9s de photos inoubliables, notamment la tour de guet de Desert View et le village du Grand Canyon.<\/p>\n<p>Vous passerez environ 3 heures et 30 minutes dans le parc. Vous pouvez voir la faune dans le parc. Le parc national du Grand Canyon regorge de nombreux types de mammif\u00e8res, de reptiles, d&#8217;amphibiens et d&#8217;oiseaux<\/p>\n<p>Une fois votre visite du parc national termin\u00e9e, vous commencerez votre trajet de retour \u00e0 Phoenix.<\/p>\n<p>Si vous recherchez une exp\u00e9rience extr\u00eame, nous avons \u00e9galement la possibilit\u00e9 de visiter le Grand Canyon en h\u00e9licopt\u00e8re priv\u00e9. Contactez-nous directement pour plus d&#8217;informations et des visites personnalis\u00e9es. N&#8217;oubliez pas que notre visite priv\u00e9e du Grand Canyon au d\u00e9part de Phoenix est enti\u00e8rement adaptable \u00e0 vos d\u00e9sirs personnels.<\/p>\n","protected":false},"excerpt":{"rendered":"<p>D\u00e9couvrez le Grand Canyon, l\u2019une des sept merveilles naturelles du monde. Profitez de vues spectaculaires sur les parois du canyon qui ont \u00e9t\u00e9 sculpt\u00e9es dans la terre au cours des mill\u00e9naires par le puissant fleuve Colorado.<\/p>\n","protected":false},"featured_media":90214,"comment_status":"open","ping_status":"closed","template":"","meta":{"_acf_changed":false},"product_brand":[],"product_cat":[3547,3790],"product_tag":[],"class_list":{"0":"post-104717","1":"product","2":"type-product","3":"status-publish","4":"has-post-thumbnail","6":"product_cat-etats-unis-fr","7":"product_cat-phoenix-fr","9":"first","10":"instock","11":"shipping-taxable","12":"purchasable","13":"product-type-simple"},"acf":[],"yoast_head":"<!-- This site is optimized with the Yoast SEO Premium plugin v25.3.1 (Yoast SEO v25.3.1) - https:\/\/yoast.com\/wordpress\/plugins\/seo\/ -->\n<title>Visite priv\u00e9e du Grand Canyon au d\u00e9part de Phoenix avec un guide local<\/title>\n<meta name=\"description\" content=\"Profitez de cette visite priv\u00e9e du Grand Canyon au d\u00e9part de Phoenix confortablement dans votre v\u00e9hicule priv\u00e9 avec chauffeur \/ guide. Admirez ce magnifique parc national\" \/>\n<meta name=\"robots\" content=\"index, follow, max-snippet:-1, max-image-preview:large, max-video-preview:-1\" \/>\n<link rel=\"canonical\" href=\"https:\/\/tourtravelandmore.com\/fr\/tours\/etats-unis-fr\/phoenix-fr\/visite-privee-du-grand-canyon-au-depart-de-phoenix\/\" \/>\n<meta property=\"og:locale\" content=\"fr_FR\" \/>\n<meta property=\"og:type\" content=\"article\" \/>\n<meta property=\"og:title\" content=\"Visite priv\u00e9e du Grand Canyon au d\u00e9part de Phoenix\" \/>\n<meta property=\"og:description\" content=\"Profitez de cette visite priv\u00e9e du Grand Canyon au d\u00e9part de Phoenix confortablement dans votre v\u00e9hicule priv\u00e9 avec chauffeur \/ guide. Admirez ce magnifique parc national\" \/>\n<meta property=\"og:url\" content=\"https:\/\/tourtravelandmore.com\/fr\/tours\/etats-unis-fr\/phoenix-fr\/visite-privee-du-grand-canyon-au-depart-de-phoenix\/\" \/>\n<meta property=\"og:site_name\" content=\"Tour Travel And More\" \/>\n<meta property=\"article:publisher\" content=\"https:\/\/www.facebook.com\/tourtravelandmore\/\" \/>\n<meta property=\"article:modified_time\" content=\"2021-03-22T19:29:33+00:00\" \/>\n<meta property=\"og:image\" content=\"https:\/\/tourtravelandmore.com\/wp-content\/uploads\/2020\/12\/Grand-canyon.jpeg\" \/>\n\t<meta property=\"og:image:width\" content=\"1351\" \/>\n\t<meta property=\"og:image:height\" content=\"901\" \/>\n\t<meta property=\"og:image:type\" content=\"image\/jpeg\" \/>\n<meta name=\"twitter:card\" content=\"summary_large_image\" \/>\n<meta name=\"twitter:site\" content=\"@TourTravel_More\" \/>\n<meta name=\"twitter:label1\" content=\"Dur\u00e9e de lecture estim\u00e9e\" \/>\n\t<meta name=\"twitter:data1\" content=\"2 minutes\" \/>\n<script type=\"application\/ld+json\" class=\"yoast-schema-graph\">{\"@context\":\"https:\/\/schema.org\",\"@graph\":[{\"@type\":\"WebPage\",\"@id\":\"https:\/\/tourtravelandmore.com\/fr\/tours\/etats-unis-fr\/phoenix-fr\/visite-privee-du-grand-canyon-au-depart-de-phoenix\/\",\"url\":\"https:\/\/tourtravelandmore.com\/fr\/tours\/etats-unis-fr\/phoenix-fr\/visite-privee-du-grand-canyon-au-depart-de-phoenix\/\",\"name\":\"Visite priv\u00e9e du Grand Canyon au d\u00e9part de Phoenix avec un guide local\",\"isPartOf\":{\"@id\":\"https:\/\/tourtravelandmore.com\/fr\/#website\"},\"primaryImageOfPage\":{\"@id\":\"https:\/\/tourtravelandmore.com\/fr\/tours\/etats-unis-fr\/phoenix-fr\/visite-privee-du-grand-canyon-au-depart-de-phoenix\/#primaryimage\"},\"image\":{\"@id\":\"https:\/\/tourtravelandmore.com\/fr\/tours\/etats-unis-fr\/phoenix-fr\/visite-privee-du-grand-canyon-au-depart-de-phoenix\/#primaryimage\"},\"thumbnailUrl\":\"https:\/\/tourtravelandmore.com\/wp-content\/uploads\/2020\/12\/Grand-canyon.jpeg\",\"datePublished\":\"2020-12-21T08:52:15+00:00\",\"dateModified\":\"2021-03-22T19:29:33+00:00\",\"description\":\"Profitez de cette visite priv\u00e9e du Grand Canyon au d\u00e9part de Phoenix confortablement dans votre v\u00e9hicule priv\u00e9 avec chauffeur \/ guide. Admirez ce magnifique parc national\",\"breadcrumb\":{\"@id\":\"https:\/\/tourtravelandmore.com\/fr\/tours\/etats-unis-fr\/phoenix-fr\/visite-privee-du-grand-canyon-au-depart-de-phoenix\/#breadcrumb\"},\"inLanguage\":\"fr-FR\",\"potentialAction\":[{\"@type\":\"ReadAction\",\"target\":[\"https:\/\/tourtravelandmore.com\/fr\/tours\/etats-unis-fr\/phoenix-fr\/visite-privee-du-grand-canyon-au-depart-de-phoenix\/\"]}]},{\"@type\":\"ImageObject\",\"inLanguage\":\"fr-FR\",\"@id\":\"https:\/\/tourtravelandmore.com\/fr\/tours\/etats-unis-fr\/phoenix-fr\/visite-privee-du-grand-canyon-au-depart-de-phoenix\/#primaryimage\",\"url\":\"https:\/\/tourtravelandmore.com\/wp-content\/uploads\/2020\/12\/Grand-canyon.jpeg\",\"contentUrl\":\"https:\/\/tourtravelandmore.com\/wp-content\/uploads\/2020\/12\/Grand-canyon.jpeg\",\"width\":1351,\"height\":901,\"caption\":\"Grand canyon\"},{\"@type\":\"BreadcrumbList\",\"@id\":\"https:\/\/tourtravelandmore.com\/fr\/tours\/etats-unis-fr\/phoenix-fr\/visite-privee-du-grand-canyon-au-depart-de-phoenix\/#breadcrumb\",\"itemListElement\":[{\"@type\":\"ListItem\",\"position\":1,\"name\":\"Home\",\"item\":\"https:\/\/tourtravelandmore.com\/fr\/\"},{\"@type\":\"ListItem\",\"position\":2,\"name\":\"Tours\",\"item\":\"https:\/\/tourtravelandmore.com\/fr\/tours\/\"},{\"@type\":\"ListItem\",\"position\":3,\"name\":\"Visite priv\u00e9e du Grand Canyon au d\u00e9part de Phoenix\"}]},{\"@type\":\"WebSite\",\"@id\":\"https:\/\/tourtravelandmore.com\/fr\/#website\",\"url\":\"https:\/\/tourtravelandmore.com\/fr\/\",\"name\":\"Tour Travel And More\",\"description\":\"Private sightseeing tours and luxury transfers in Spain\",\"publisher\":{\"@id\":\"https:\/\/tourtravelandmore.com\/fr\/#organization\"},\"potentialAction\":[{\"@type\":\"SearchAction\",\"target\":{\"@type\":\"EntryPoint\",\"urlTemplate\":\"https:\/\/tourtravelandmore.com\/fr\/?s={search_term_string}\"},\"query-input\":{\"@type\":\"PropertyValueSpecification\",\"valueRequired\":true,\"valueName\":\"search_term_string\"}}],\"inLanguage\":\"fr-FR\"},{\"@type\":\"Organization\",\"@id\":\"https:\/\/tourtravelandmore.com\/fr\/#organization\",\"name\":\"Tour Travel And More\",\"url\":\"https:\/\/tourtravelandmore.com\/fr\/\",\"logo\":{\"@type\":\"ImageObject\",\"inLanguage\":\"fr-FR\",\"@id\":\"https:\/\/tourtravelandmore.com\/fr\/#\/schema\/logo\/image\/\",\"url\":\"https:\/\/tourtravelandmore.com\/wp-content\/uploads\/2022\/12\/cropped-logo-cabecera-new.png\",\"contentUrl\":\"https:\/\/tourtravelandmore.com\/wp-content\/uploads\/2022\/12\/cropped-logo-cabecera-new.png\",\"width\":430,\"height\":61,\"caption\":\"Tour Travel And More\"},\"image\":{\"@id\":\"https:\/\/tourtravelandmore.com\/fr\/#\/schema\/logo\/image\/\"},\"sameAs\":[\"https:\/\/www.facebook.com\/tourtravelandmore\/\",\"https:\/\/x.com\/TourTravel_More\"]}]}<\/script>\n<!-- \/ Yoast SEO Premium plugin. -->","yoast_head_json":{"title":"Visite priv\u00e9e du Grand Canyon au d\u00e9part de Phoenix avec un guide local","description":"Profitez de cette visite priv\u00e9e du Grand Canyon au d\u00e9part de Phoenix confortablement dans votre v\u00e9hicule priv\u00e9 avec chauffeur \/ guide. Admirez ce magnifique parc national","robots":{"index":"index","follow":"follow","max-snippet":"max-snippet:-1","max-image-preview":"max-image-preview:large","max-video-preview":"max-video-preview:-1"},"canonical":"https:\/\/tourtravelandmore.com\/fr\/tours\/etats-unis-fr\/phoenix-fr\/visite-privee-du-grand-canyon-au-depart-de-phoenix\/","og_locale":"fr_FR","og_type":"article","og_title":"Visite priv\u00e9e du Grand Canyon au d\u00e9part de Phoenix","og_description":"Profitez de cette visite priv\u00e9e du Grand Canyon au d\u00e9part de Phoenix confortablement dans votre v\u00e9hicule priv\u00e9 avec chauffeur \/ guide. Admirez ce magnifique parc national","og_url":"https:\/\/tourtravelandmore.com\/fr\/tours\/etats-unis-fr\/phoenix-fr\/visite-privee-du-grand-canyon-au-depart-de-phoenix\/","og_site_name":"Tour Travel And More","article_publisher":"https:\/\/www.facebook.com\/tourtravelandmore\/","article_modified_time":"2021-03-22T19:29:33+00:00","og_image":[{"width":1351,"height":901,"url":"https:\/\/tourtravelandmore.com\/wp-content\/uploads\/2020\/12\/Grand-canyon.jpeg","type":"image\/jpeg"}],"twitter_card":"summary_large_image","twitter_site":"@TourTravel_More","twitter_misc":{"Dur\u00e9e de lecture estim\u00e9e":"2 minutes"},"schema":{"@context":"https:\/\/schema.org","@graph":[{"@type":"WebPage","@id":"https:\/\/tourtravelandmore.com\/fr\/tours\/etats-unis-fr\/phoenix-fr\/visite-privee-du-grand-canyon-au-depart-de-phoenix\/","url":"https:\/\/tourtravelandmore.com\/fr\/tours\/etats-unis-fr\/phoenix-fr\/visite-privee-du-grand-canyon-au-depart-de-phoenix\/","name":"Visite priv\u00e9e du Grand Canyon au d\u00e9part de Phoenix avec un guide local","isPartOf":{"@id":"https:\/\/tourtravelandmore.com\/fr\/#website"},"primaryImageOfPage":{"@id":"https:\/\/tourtravelandmore.com\/fr\/tours\/etats-unis-fr\/phoenix-fr\/visite-privee-du-grand-canyon-au-depart-de-phoenix\/#primaryimage"},"image":{"@id":"https:\/\/tourtravelandmore.com\/fr\/tours\/etats-unis-fr\/phoenix-fr\/visite-privee-du-grand-canyon-au-depart-de-phoenix\/#primaryimage"},"thumbnailUrl":"https:\/\/tourtravelandmore.com\/wp-content\/uploads\/2020\/12\/Grand-canyon.jpeg","datePublished":"2020-12-21T08:52:15+00:00","dateModified":"2021-03-22T19:29:33+00:00","description":"Profitez de cette visite priv\u00e9e du Grand Canyon au d\u00e9part de Phoenix confortablement dans votre v\u00e9hicule priv\u00e9 avec chauffeur \/ guide. Admirez ce magnifique parc national","breadcrumb":{"@id":"https:\/\/tourtravelandmore.com\/fr\/tours\/etats-unis-fr\/phoenix-fr\/visite-privee-du-grand-canyon-au-depart-de-phoenix\/#breadcrumb"},"inLanguage":"fr-FR","potentialAction":[{"@type":"ReadAction","target":["https:\/\/tourtravelandmore.com\/fr\/tours\/etats-unis-fr\/phoenix-fr\/visite-privee-du-grand-canyon-au-depart-de-phoenix\/"]}]},{"@type":"ImageObject","inLanguage":"fr-FR","@id":"https:\/\/tourtravelandmore.com\/fr\/tours\/etats-unis-fr\/phoenix-fr\/visite-privee-du-grand-canyon-au-depart-de-phoenix\/#primaryimage","url":"https:\/\/tourtravelandmore.com\/wp-content\/uploads\/2020\/12\/Grand-canyon.jpeg","contentUrl":"https:\/\/tourtravelandmore.com\/wp-content\/uploads\/2020\/12\/Grand-canyon.jpeg","width":1351,"height":901,"caption":"Grand canyon"},{"@type":"BreadcrumbList","@id":"https:\/\/tourtravelandmore.com\/fr\/tours\/etats-unis-fr\/phoenix-fr\/visite-privee-du-grand-canyon-au-depart-de-phoenix\/#breadcrumb","itemListElement":[{"@type":"ListItem","position":1,"name":"Home","item":"https:\/\/tourtravelandmore.com\/fr\/"},{"@type":"ListItem","position":2,"name":"Tours","item":"https:\/\/tourtravelandmore.com\/fr\/tours\/"},{"@type":"ListItem","position":3,"name":"Visite priv\u00e9e du Grand Canyon au d\u00e9part de Phoenix"}]},{"@type":"WebSite","@id":"https:\/\/tourtravelandmore.com\/fr\/#website","url":"https:\/\/tourtravelandmore.com\/fr\/","name":"Tour Travel And More","description":"Private sightseeing tours and luxury transfers in Spain","publisher":{"@id":"https:\/\/tourtravelandmore.com\/fr\/#organization"},"potentialAction":[{"@type":"SearchAction","target":{"@type":"EntryPoint","urlTemplate":"https:\/\/tourtravelandmore.com\/fr\/?s={search_term_string}"},"query-input":{"@type":"PropertyValueSpecification","valueRequired":true,"valueName":"search_term_string"}}],"inLanguage":"fr-FR"},{"@type":"Organization","@id":"https:\/\/tourtravelandmore.com\/fr\/#organization","name":"Tour Travel And More","url":"https:\/\/tourtravelandmore.com\/fr\/","logo":{"@type":"ImageObject","inLanguage":"fr-FR","@id":"https:\/\/tourtravelandmore.com\/fr\/#\/schema\/logo\/image\/","url":"https:\/\/tourtravelandmore.com\/wp-content\/uploads\/2022\/12\/cropped-logo-cabecera-new.png","contentUrl":"https:\/\/tourtravelandmore.com\/wp-content\/uploads\/2022\/12\/cropped-logo-cabecera-new.png","width":430,"height":61,"caption":"Tour Travel And More"},"image":{"@id":"https:\/\/tourtravelandmore.com\/fr\/#\/schema\/logo\/image\/"},"sameAs":["https:\/\/www.facebook.com\/tourtravelandmore\/","https:\/\/x.com\/TourTravel_More"]}]}},"_links":{"self":[{"href":"https:\/\/tourtravelandmore.com\/fr\/wp-json\/wp\/v2\/product\/104717","targetHints":{"allow":["GET"]}}],"collection":[{"href":"https:\/\/tourtravelandmore.com\/fr\/wp-json\/wp\/v2\/product"}],"about":[{"href":"https:\/\/tourtravelandmore.com\/fr\/wp-json\/wp\/v2\/types\/product"}],"replies":[{"embeddable":true,"href":"https:\/\/tourtravelandmore.com\/fr\/wp-json\/wp\/v2\/comments?post=104717"}],"wp:featuredmedia":[{"embeddable":true,"href":"https:\/\/tourtravelandmore.com\/fr\/wp-json\/wp\/v2\/media\/90214"}],"wp:attachment":[{"href":"https:\/\/tourtravelandmore.com\/fr\/wp-json\/wp\/v2\/media?parent=104717"}],"wp:term":[{"taxonomy":"product_brand","embeddable":true,"href":"https:\/\/tourtravelandmore.com\/fr\/wp-json\/wp\/v2\/product_brand?post=104717"},{"taxonomy":"product_cat","embeddable":true,"href":"https:\/\/tourtravelandmore.com\/fr\/wp-json\/wp\/v2\/product_cat?post=104717"},{"taxonomy":"product_tag","embeddable":true,"href":"https:\/\/tourtravelandmore.com\/fr\/wp-json\/wp\/v2\/product_tag?post=104717"}],"curies":[{"name":"wp","href":"https:\/\/api.w.org\/{rel}","templated":true}]}}