{"id":104702,"date":"2019-11-19T13:10:58","date_gmt":"2019-11-19T12:10:58","guid":{"rendered":"https:\/\/tourtravelandmore.com\/tours\/non%20class\u00e9\/visite-privee-du-sognefjord\/"},"modified":"2021-03-22T20:22:40","modified_gmt":"2021-03-22T19:22:40","slug":"visite-privee-du-sognefjord","status":"publish","type":"product","link":"https:\/\/tourtravelandmore.com\/fr\/tours\/norvege-fr\/oslo-fr\/visite-privee-du-sognefjord\/","title":{"rendered":"Visite priv\u00e9e du Sognefjord"},"content":{"rendered":"<h2>Description:<\/h2>\n<p>Profitez de cette visite priv\u00e9e du fjord de Sogn au d\u00e9part d&#8217;Oslo aux c\u00f4t\u00e9s de votre guide officiel priv\u00e9 et d\u00e9couvrez cette magnifique r\u00e9gion lors de votre visite priv\u00e9e du Sognefjord au d\u00e9part de la capitale de la Norv\u00e8ge.<\/p>\n<p>Nous nous rencontrerons en un point central \u00e0 Oslo. Cela peut \u00eatre votre h\u00f4tel ou votre lieu de choix, o\u00f9, aux c\u00f4t\u00e9s de votre guide priv\u00e9, vous prendrez un train pour votre premi\u00e8re destination \u00e0 Geilojordet.<\/p>\n<p>Apr\u00e8s cela, nous prendrons un autre train pour rejoindre Flamsbana Museet. \u00c0 Flam, nous pouvons prendre un chemin de fer du fjord au sommet des montagnes.<\/p>\n<p>Une fois arriv\u00e9s \u00e0 Sognefjord, votre guide officiel vous montrera le meilleur du village int\u00e9rieur de Skjolden, comme l&#8217;\u00e9glise d&#8217;Urnes Stave, Breheimen ou le parc national de Jotunheimen.<\/p>\n<p>Vous pouvez personnaliser chaque visite en nous contactant simplement. Voici un exemple de certains des sites les plus importants du Sognefjord, mais votre visite priv\u00e9e du Sognefjord peut \u00eatre enti\u00e8rement personnalis\u00e9e pour r\u00e9pondre exactement \u00e0 vos besoins. Nos experts en voyages chez Tour Travel &amp; More sont \u00e0 votre enti\u00e8re disposition.<\/p>\n<h2>Sites d&#8217;int\u00e9r\u00eat et monuments<\/h2>\n<p>Lors de votre visite priv\u00e9e, vous d\u00e9couvrirez certains des endroits les plus reconnus de la ville. Vous serez t\u00e9moin de sa beaut\u00e9 architecturale unique. Profitez du meilleur de l&#8217;emplacement avec notre guide priv\u00e9. C&#8217;est une merveilleuse exp\u00e9rience pour vous!<\/p>\n<p>Parmi les sites que vous pouvez visiter \u00e0 travers cette visite priv\u00e9e, nous vous proposons:<\/p>\n<ul>\n<li>Geilojordet<\/li>\n<li>Museet Flaamsbana<\/li>\n<li>Sognejford<\/li>\n<li>\u00c9glise d&#8217;Urnes Stave<\/li>\n<li>Fl\u00e5m<\/li>\n<li>Chemin de fer Fl\u00e5msbana<\/li>\n<li>Myrdal<\/li>\n<li>Et bien d&#8217;autres endroits dans cette visite priv\u00e9e \u00e0 Sognejford<\/li>\n<\/ul>\n<p>Jetez un \u0153il \u00e0 nos visites priv\u00e9es \u00e0 Oslo.<\/p>\n","protected":false},"excerpt":{"rendered":"<p>Aventurez-vous dans cette excursion priv\u00e9e enti\u00e8rement personnalis\u00e9e \u00e0 travers le Sognefjord depuis Oslo, o\u00f9 vous pourrez admirer la beaut\u00e9 rurale de ses vall\u00e9es et de ses fjords. En cours de route, votre guide officiel priv\u00e9 vous conduira \u00e0 la d\u00e9couverte de la beaut\u00e9 offerte par les fjords norv\u00e9giens et de ses impressionnantes vues rurales, telles que le Geilojordet, le mus\u00e9e Flaamsbana, Sognejford et bien d&#8217;autres sites.<\/p>\n<p>&nbsp;<\/p>\n","protected":false},"featured_media":96775,"comment_status":"open","ping_status":"closed","template":"","meta":{"_acf_changed":false},"product_brand":[],"product_cat":[3725,3822],"product_tag":[4220,4221,4043,4219],"class_list":{"0":"post-104702","1":"product","2":"type-product","3":"status-publish","4":"has-post-thumbnail","6":"product_cat-norvege-fr","7":"product_cat-oslo-fr","8":"product_tag-city-tour-fr","9":"product_tag-excursion-fr","10":"product_tag-private-fr","11":"product_tag-private-tour-fr","13":"first","14":"instock","15":"shipping-taxable","16":"purchasable","17":"product-type-simple"},"acf":[],"yoast_head":"<!-- This site is optimized with the Yoast SEO Premium plugin v25.3.1 (Yoast SEO v25.3.1) - https:\/\/yoast.com\/wordpress\/plugins\/seo\/ -->\n<title>Visite priv\u00e9e du Sognefjord depuis Oslo - Visite priv\u00e9e du Sognefjord<\/title>\n<meta name=\"description\" content=\"Explorez et profitez du fjord de Sognefjordd au d\u00e9part d&#039;Oslo avec cette visite priv\u00e9e du Sognefjord avec un guide local et apprenez \u00e0 en conna\u00eetre le meilleur.\" \/>\n<meta name=\"robots\" content=\"index, follow, max-snippet:-1, max-image-preview:large, max-video-preview:-1\" \/>\n<link rel=\"canonical\" href=\"https:\/\/tourtravelandmore.com\/fr\/tours\/norvege-fr\/oslo-fr\/visite-privee-du-sognefjord\/\" \/>\n<meta property=\"og:locale\" content=\"fr_FR\" \/>\n<meta property=\"og:type\" content=\"article\" \/>\n<meta property=\"og:title\" content=\"Visite priv\u00e9e du Sognefjord\" \/>\n<meta property=\"og:description\" content=\"Explorez et profitez du fjord de Sognefjordd au d\u00e9part d&#039;Oslo avec cette visite priv\u00e9e du Sognefjord avec un guide local et apprenez \u00e0 en conna\u00eetre le meilleur.\" \/>\n<meta property=\"og:url\" content=\"https:\/\/tourtravelandmore.com\/fr\/tours\/norvege-fr\/oslo-fr\/visite-privee-du-sognefjord\/\" \/>\n<meta property=\"og:site_name\" content=\"Tour Travel And More\" \/>\n<meta property=\"article:publisher\" content=\"https:\/\/www.facebook.com\/tourtravelandmore\/\" \/>\n<meta property=\"article:modified_time\" content=\"2021-03-22T19:22:40+00:00\" \/>\n<meta property=\"og:image\" content=\"https:\/\/tourtravelandmore.com\/wp-content\/uploads\/2019\/11\/Urnes_Stave_Church_from_north.jpg\" \/>\n\t<meta property=\"og:image:width\" content=\"800\" \/>\n\t<meta property=\"og:image:height\" content=\"532\" \/>\n\t<meta property=\"og:image:type\" content=\"image\/jpeg\" \/>\n<meta name=\"twitter:card\" content=\"summary_large_image\" \/>\n<meta name=\"twitter:site\" content=\"@TourTravel_More\" \/>\n<meta name=\"twitter:label1\" content=\"Dur\u00e9e de lecture estim\u00e9e\" \/>\n\t<meta name=\"twitter:data1\" content=\"1 minute\" \/>\n<script type=\"application\/ld+json\" class=\"yoast-schema-graph\">{\"@context\":\"https:\/\/schema.org\",\"@graph\":[{\"@type\":\"WebPage\",\"@id\":\"https:\/\/tourtravelandmore.com\/fr\/tours\/norvege-fr\/oslo-fr\/visite-privee-du-sognefjord\/\",\"url\":\"https:\/\/tourtravelandmore.com\/fr\/tours\/norvege-fr\/oslo-fr\/visite-privee-du-sognefjord\/\",\"name\":\"Visite priv\u00e9e du Sognefjord depuis Oslo - Visite priv\u00e9e du Sognefjord\",\"isPartOf\":{\"@id\":\"https:\/\/tourtravelandmore.com\/fr\/#website\"},\"primaryImageOfPage\":{\"@id\":\"https:\/\/tourtravelandmore.com\/fr\/tours\/norvege-fr\/oslo-fr\/visite-privee-du-sognefjord\/#primaryimage\"},\"image\":{\"@id\":\"https:\/\/tourtravelandmore.com\/fr\/tours\/norvege-fr\/oslo-fr\/visite-privee-du-sognefjord\/#primaryimage\"},\"thumbnailUrl\":\"https:\/\/tourtravelandmore.com\/wp-content\/uploads\/2019\/11\/Urnes_Stave_Church_from_north.jpg\",\"datePublished\":\"2019-11-19T12:10:58+00:00\",\"dateModified\":\"2021-03-22T19:22:40+00:00\",\"description\":\"Explorez et profitez du fjord de Sognefjordd au d\u00e9part d'Oslo avec cette visite priv\u00e9e du Sognefjord avec un guide local et apprenez \u00e0 en conna\u00eetre le meilleur.\",\"breadcrumb\":{\"@id\":\"https:\/\/tourtravelandmore.com\/fr\/tours\/norvege-fr\/oslo-fr\/visite-privee-du-sognefjord\/#breadcrumb\"},\"inLanguage\":\"fr-FR\",\"potentialAction\":[{\"@type\":\"ReadAction\",\"target\":[\"https:\/\/tourtravelandmore.com\/fr\/tours\/norvege-fr\/oslo-fr\/visite-privee-du-sognefjord\/\"]}]},{\"@type\":\"ImageObject\",\"inLanguage\":\"fr-FR\",\"@id\":\"https:\/\/tourtravelandmore.com\/fr\/tours\/norvege-fr\/oslo-fr\/visite-privee-du-sognefjord\/#primaryimage\",\"url\":\"https:\/\/tourtravelandmore.com\/wp-content\/uploads\/2019\/11\/Urnes_Stave_Church_from_north.jpg\",\"contentUrl\":\"https:\/\/tourtravelandmore.com\/wp-content\/uploads\/2019\/11\/Urnes_Stave_Church_from_north.jpg\",\"width\":800,\"height\":532},{\"@type\":\"BreadcrumbList\",\"@id\":\"https:\/\/tourtravelandmore.com\/fr\/tours\/norvege-fr\/oslo-fr\/visite-privee-du-sognefjord\/#breadcrumb\",\"itemListElement\":[{\"@type\":\"ListItem\",\"position\":1,\"name\":\"Home\",\"item\":\"https:\/\/tourtravelandmore.com\/fr\/\"},{\"@type\":\"ListItem\",\"position\":2,\"name\":\"Tours\",\"item\":\"https:\/\/tourtravelandmore.com\/fr\/tours\/\"},{\"@type\":\"ListItem\",\"position\":3,\"name\":\"Visite priv\u00e9e du Sognefjord\"}]},{\"@type\":\"WebSite\",\"@id\":\"https:\/\/tourtravelandmore.com\/fr\/#website\",\"url\":\"https:\/\/tourtravelandmore.com\/fr\/\",\"name\":\"Tour Travel And More\",\"description\":\"Private sightseeing tours and luxury transfers in Spain\",\"publisher\":{\"@id\":\"https:\/\/tourtravelandmore.com\/fr\/#organization\"},\"potentialAction\":[{\"@type\":\"SearchAction\",\"target\":{\"@type\":\"EntryPoint\",\"urlTemplate\":\"https:\/\/tourtravelandmore.com\/fr\/?s={search_term_string}\"},\"query-input\":{\"@type\":\"PropertyValueSpecification\",\"valueRequired\":true,\"valueName\":\"search_term_string\"}}],\"inLanguage\":\"fr-FR\"},{\"@type\":\"Organization\",\"@id\":\"https:\/\/tourtravelandmore.com\/fr\/#organization\",\"name\":\"Tour Travel And More\",\"url\":\"https:\/\/tourtravelandmore.com\/fr\/\",\"logo\":{\"@type\":\"ImageObject\",\"inLanguage\":\"fr-FR\",\"@id\":\"https:\/\/tourtravelandmore.com\/fr\/#\/schema\/logo\/image\/\",\"url\":\"https:\/\/tourtravelandmore.com\/wp-content\/uploads\/2022\/12\/cropped-logo-cabecera-new.png\",\"contentUrl\":\"https:\/\/tourtravelandmore.com\/wp-content\/uploads\/2022\/12\/cropped-logo-cabecera-new.png\",\"width\":430,\"height\":61,\"caption\":\"Tour Travel And More\"},\"image\":{\"@id\":\"https:\/\/tourtravelandmore.com\/fr\/#\/schema\/logo\/image\/\"},\"sameAs\":[\"https:\/\/www.facebook.com\/tourtravelandmore\/\",\"https:\/\/x.com\/TourTravel_More\"]}]}<\/script>\n<!-- \/ Yoast SEO Premium plugin. -->","yoast_head_json":{"title":"Visite priv\u00e9e du Sognefjord depuis Oslo - Visite priv\u00e9e du Sognefjord","description":"Explorez et profitez du fjord de Sognefjordd au d\u00e9part d'Oslo avec cette visite priv\u00e9e du Sognefjord avec un guide local et apprenez \u00e0 en conna\u00eetre le meilleur.","robots":{"index":"index","follow":"follow","max-snippet":"max-snippet:-1","max-image-preview":"max-image-preview:large","max-video-preview":"max-video-preview:-1"},"canonical":"https:\/\/tourtravelandmore.com\/fr\/tours\/norvege-fr\/oslo-fr\/visite-privee-du-sognefjord\/","og_locale":"fr_FR","og_type":"article","og_title":"Visite priv\u00e9e du Sognefjord","og_description":"Explorez et profitez du fjord de Sognefjordd au d\u00e9part d'Oslo avec cette visite priv\u00e9e du Sognefjord avec un guide local et apprenez \u00e0 en conna\u00eetre le meilleur.","og_url":"https:\/\/tourtravelandmore.com\/fr\/tours\/norvege-fr\/oslo-fr\/visite-privee-du-sognefjord\/","og_site_name":"Tour Travel And More","article_publisher":"https:\/\/www.facebook.com\/tourtravelandmore\/","article_modified_time":"2021-03-22T19:22:40+00:00","og_image":[{"width":800,"height":532,"url":"https:\/\/tourtravelandmore.com\/wp-content\/uploads\/2019\/11\/Urnes_Stave_Church_from_north.jpg","type":"image\/jpeg"}],"twitter_card":"summary_large_image","twitter_site":"@TourTravel_More","twitter_misc":{"Dur\u00e9e de lecture estim\u00e9e":"1 minute"},"schema":{"@context":"https:\/\/schema.org","@graph":[{"@type":"WebPage","@id":"https:\/\/tourtravelandmore.com\/fr\/tours\/norvege-fr\/oslo-fr\/visite-privee-du-sognefjord\/","url":"https:\/\/tourtravelandmore.com\/fr\/tours\/norvege-fr\/oslo-fr\/visite-privee-du-sognefjord\/","name":"Visite priv\u00e9e du Sognefjord depuis Oslo - Visite priv\u00e9e du Sognefjord","isPartOf":{"@id":"https:\/\/tourtravelandmore.com\/fr\/#website"},"primaryImageOfPage":{"@id":"https:\/\/tourtravelandmore.com\/fr\/tours\/norvege-fr\/oslo-fr\/visite-privee-du-sognefjord\/#primaryimage"},"image":{"@id":"https:\/\/tourtravelandmore.com\/fr\/tours\/norvege-fr\/oslo-fr\/visite-privee-du-sognefjord\/#primaryimage"},"thumbnailUrl":"https:\/\/tourtravelandmore.com\/wp-content\/uploads\/2019\/11\/Urnes_Stave_Church_from_north.jpg","datePublished":"2019-11-19T12:10:58+00:00","dateModified":"2021-03-22T19:22:40+00:00","description":"Explorez et profitez du fjord de Sognefjordd au d\u00e9part d'Oslo avec cette visite priv\u00e9e du Sognefjord avec un guide local et apprenez \u00e0 en conna\u00eetre le meilleur.","breadcrumb":{"@id":"https:\/\/tourtravelandmore.com\/fr\/tours\/norvege-fr\/oslo-fr\/visite-privee-du-sognefjord\/#breadcrumb"},"inLanguage":"fr-FR","potentialAction":[{"@type":"ReadAction","target":["https:\/\/tourtravelandmore.com\/fr\/tours\/norvege-fr\/oslo-fr\/visite-privee-du-sognefjord\/"]}]},{"@type":"ImageObject","inLanguage":"fr-FR","@id":"https:\/\/tourtravelandmore.com\/fr\/tours\/norvege-fr\/oslo-fr\/visite-privee-du-sognefjord\/#primaryimage","url":"https:\/\/tourtravelandmore.com\/wp-content\/uploads\/2019\/11\/Urnes_Stave_Church_from_north.jpg","contentUrl":"https:\/\/tourtravelandmore.com\/wp-content\/uploads\/2019\/11\/Urnes_Stave_Church_from_north.jpg","width":800,"height":532},{"@type":"BreadcrumbList","@id":"https:\/\/tourtravelandmore.com\/fr\/tours\/norvege-fr\/oslo-fr\/visite-privee-du-sognefjord\/#breadcrumb","itemListElement":[{"@type":"ListItem","position":1,"name":"Home","item":"https:\/\/tourtravelandmore.com\/fr\/"},{"@type":"ListItem","position":2,"name":"Tours","item":"https:\/\/tourtravelandmore.com\/fr\/tours\/"},{"@type":"ListItem","position":3,"name":"Visite priv\u00e9e du Sognefjord"}]},{"@type":"WebSite","@id":"https:\/\/tourtravelandmore.com\/fr\/#website","url":"https:\/\/tourtravelandmore.com\/fr\/","name":"Tour Travel And More","description":"Private sightseeing tours and luxury transfers in Spain","publisher":{"@id":"https:\/\/tourtravelandmore.com\/fr\/#organization"},"potentialAction":[{"@type":"SearchAction","target":{"@type":"EntryPoint","urlTemplate":"https:\/\/tourtravelandmore.com\/fr\/?s={search_term_string}"},"query-input":{"@type":"PropertyValueSpecification","valueRequired":true,"valueName":"search_term_string"}}],"inLanguage":"fr-FR"},{"@type":"Organization","@id":"https:\/\/tourtravelandmore.com\/fr\/#organization","name":"Tour Travel And More","url":"https:\/\/tourtravelandmore.com\/fr\/","logo":{"@type":"ImageObject","inLanguage":"fr-FR","@id":"https:\/\/tourtravelandmore.com\/fr\/#\/schema\/logo\/image\/","url":"https:\/\/tourtravelandmore.com\/wp-content\/uploads\/2022\/12\/cropped-logo-cabecera-new.png","contentUrl":"https:\/\/tourtravelandmore.com\/wp-content\/uploads\/2022\/12\/cropped-logo-cabecera-new.png","width":430,"height":61,"caption":"Tour Travel And More"},"image":{"@id":"https:\/\/tourtravelandmore.com\/fr\/#\/schema\/logo\/image\/"},"sameAs":["https:\/\/www.facebook.com\/tourtravelandmore\/","https:\/\/x.com\/TourTravel_More"]}]}},"_links":{"self":[{"href":"https:\/\/tourtravelandmore.com\/fr\/wp-json\/wp\/v2\/product\/104702","targetHints":{"allow":["GET"]}}],"collection":[{"href":"https:\/\/tourtravelandmore.com\/fr\/wp-json\/wp\/v2\/product"}],"about":[{"href":"https:\/\/tourtravelandmore.com\/fr\/wp-json\/wp\/v2\/types\/product"}],"replies":[{"embeddable":true,"href":"https:\/\/tourtravelandmore.com\/fr\/wp-json\/wp\/v2\/comments?post=104702"}],"wp:featuredmedia":[{"embeddable":true,"href":"https:\/\/tourtravelandmore.com\/fr\/wp-json\/wp\/v2\/media\/96775"}],"wp:attachment":[{"href":"https:\/\/tourtravelandmore.com\/fr\/wp-json\/wp\/v2\/media?parent=104702"}],"wp:term":[{"taxonomy":"product_brand","embeddable":true,"href":"https:\/\/tourtravelandmore.com\/fr\/wp-json\/wp\/v2\/product_brand?post=104702"},{"taxonomy":"product_cat","embeddable":true,"href":"https:\/\/tourtravelandmore.com\/fr\/wp-json\/wp\/v2\/product_cat?post=104702"},{"taxonomy":"product_tag","embeddable":true,"href":"https:\/\/tourtravelandmore.com\/fr\/wp-json\/wp\/v2\/product_tag?post=104702"}],"curies":[{"name":"wp","href":"https:\/\/api.w.org\/{rel}","templated":true}]}}