{"id":104696,"date":"2019-11-19T13:10:57","date_gmt":"2019-11-19T12:10:57","guid":{"rendered":"https:\/\/tourtravelandmore.com\/tours\/non%20class\u00e9\/visite-privee-de-bergen\/"},"modified":"2021-03-22T20:21:37","modified_gmt":"2021-03-22T19:21:37","slug":"visite-privee-de-bergen","status":"publish","type":"product","link":"https:\/\/tourtravelandmore.com\/fr\/tours\/norvege-fr\/oslo-fr\/visite-privee-de-bergen\/","title":{"rendered":"Visite priv\u00e9e de Bergen"},"content":{"rendered":"<h2>Description:<\/h2>\n<p>Profitez de cette visite priv\u00e9e de Bergen \u00e0 Bergen au d\u00e9part d&#8217;Oslo aux c\u00f4t\u00e9s de votre guide officiel priv\u00e9 et d\u00e9couvrez le meilleur de ce que Bergen a \u00e0 offrir lors de cette visite priv\u00e9e.<\/p>\n<p>Nous nous rencontrerons dans un point central \u00e0 Oslo ou dans le lieu de votre choix. Ici, votre chauffeur priv\u00e9 viendra vous chercher et vous conduira \u00e0 votre premi\u00e8re destination \u00e0 Bergen. Faites-nous savoir o\u00f9 vous serez situ\u00e9 et nous organiserons une exp\u00e9rience parfaite et confortable.<\/p>\n<p>Une fois \u00e0 Bergen, vous rencontrerez votre guide officiel qui vous montrera le meilleur de la ville. Cela comprendra ses sites et ses principales attractions telles que le Bryggen et ses fa\u00e7ades en bois, la salle Haakon, la tour Rosenkrantz.<\/p>\n<p>Nous vous offrons la possibilit\u00e9 de choisir entre les options de Myrdal, Voss ou Gudvangen et de les explorer aux c\u00f4t\u00e9s de votre guide officiel priv\u00e9.<\/p>\n<p>Il s&#8217;agit d&#8217;une excellente visite priv\u00e9e au d\u00e9part d&#8217;Oslo pour une exp\u00e9rience unique. Le trajet d&#8217;Oslo \u00e0 Bergen dure environ 6 heures, vous avez donc deux options pour cette visite priv\u00e9e:<\/p>\n<p>1- Transfert priv\u00e9 en v\u00e9hicule de luxe \u00e0 Bergen, faites le tour avec le guide local, passez la nuit \u00e0 Bergen. Retour le lendemain de Bergen dans un v\u00e9hicule de luxe priv\u00e9 avec chauffeur.<\/p>\n<p>2- Transfert priv\u00e9 en v\u00e9hicule de luxe \u00e0 Bergen, visite guid\u00e9e avec le guide local et retour \u00e0 Oslo en train de nuit.<\/p>\n<h2>Sites d&#8217;int\u00e9r\u00eat et monuments<\/h2>\n<p>Au cours de votre visite, vous d\u00e9couvrirez certains des endroits les plus reconnus de la ville. Vous serez t\u00e9moin de sa beaut\u00e9 architecturale unique. Nous sommes l\u00e0 pour rendre votre propre exp\u00e9rience unique. Votre guide priv\u00e9 vous emm\u00e8nera \u00e0 tous les sites et lieux importants de Bergen. C&#8217;est pourquoi cette visite priv\u00e9e est parfaite pour vous!<\/p>\n<p>En plus de notre guide priv\u00e9 officiel, voici quelques exemples de ce que vous pouvez voir. Parmi les sites que vous pouvez visiter \u00e0 travers cette visite priv\u00e9e, nous vous proposons:<\/p>\n<ul>\n<li>Bryggen et ses fa\u00e7ades en bois<\/li>\n<li>Salle de Haakon<\/li>\n<li>Tour de Rosenkrantz<\/li>\n<li>Forteresse de Bergenhus<\/li>\n<li>Ville de Fl\u00e5m<\/li>\n<li>Myrdal<\/li>\n<li>Voss<\/li>\n<li>Gudvangen<\/li>\n<li>et bien d&#8217;autres endroits!<\/li>\n<\/ul>\n<p>Cette visite est une exp\u00e9rience totalement priv\u00e9e pour vous. Nos experts en voyages sont l\u00e0 pour rendre votre exp\u00e9rience unique.<\/p>\n<p>Nous proposons de nombreuses autres visites priv\u00e9es \u00e0 Oslo.<\/p>\n","protected":false},"excerpt":{"rendered":"<p>Rejoignez-nous pour cette visite priv\u00e9e de Bergen au d\u00e9part d&#8217;Oslo et de ses rues et structures m\u00e9di\u00e9vales, o\u00f9 vous pourrez admirer la beaut\u00e9 rurale de ses paysages et monuments naturels. Tout au long de la visite, votre guide officiel priv\u00e9 vous emm\u00e8nera observer et appr\u00e9cier la beaut\u00e9 que Bergen a \u00e0 offrir.<\/p>\n","protected":false},"featured_media":96765,"comment_status":"open","ping_status":"closed","template":"","meta":{"_acf_changed":false},"product_brand":[],"product_cat":[3725,3822],"product_tag":[4220,4221,4043,4219],"class_list":{"0":"post-104696","1":"product","2":"type-product","3":"status-publish","4":"has-post-thumbnail","6":"product_cat-norvege-fr","7":"product_cat-oslo-fr","8":"product_tag-city-tour-fr","9":"product_tag-excursion-fr","10":"product_tag-private-fr","11":"product_tag-private-tour-fr","13":"first","14":"instock","15":"shipping-taxable","16":"purchasable","17":"product-type-simple"},"acf":[],"yoast_head":"<!-- This site is optimized with the Yoast SEO Premium plugin v25.3.1 (Yoast SEO v25.3.1) - https:\/\/yoast.com\/wordpress\/plugins\/seo\/ -->\n<title>Visite priv\u00e9e de Bergen depuis la ville d&#039;Oslo avec chauffeur priv\u00e9<\/title>\n<meta name=\"description\" content=\"Explorez et profitez de la ville de Bergen avec cette visite priv\u00e9e de Bergen avec un guide local et d\u00e9couvrez le meilleur de la ville de Bergen.\" \/>\n<meta name=\"robots\" content=\"index, follow, max-snippet:-1, max-image-preview:large, max-video-preview:-1\" \/>\n<link rel=\"canonical\" href=\"https:\/\/tourtravelandmore.com\/fr\/tours\/norvege-fr\/oslo-fr\/visite-privee-de-bergen\/\" \/>\n<meta property=\"og:locale\" content=\"fr_FR\" \/>\n<meta property=\"og:type\" content=\"article\" \/>\n<meta property=\"og:title\" content=\"Visite priv\u00e9e de Bergen\" \/>\n<meta property=\"og:description\" content=\"Explorez et profitez de la ville de Bergen avec cette visite priv\u00e9e de Bergen avec un guide local et d\u00e9couvrez le meilleur de la ville de Bergen.\" \/>\n<meta property=\"og:url\" content=\"https:\/\/tourtravelandmore.com\/fr\/tours\/norvege-fr\/oslo-fr\/visite-privee-de-bergen\/\" \/>\n<meta property=\"og:site_name\" content=\"Tour Travel And More\" \/>\n<meta property=\"article:publisher\" content=\"https:\/\/www.facebook.com\/tourtravelandmore\/\" \/>\n<meta property=\"article:modified_time\" content=\"2021-03-22T19:21:37+00:00\" \/>\n<meta property=\"og:image\" content=\"https:\/\/tourtravelandmore.com\/wp-content\/uploads\/2019\/11\/Bryggen-Bergen-Noruega6.jpg\" \/>\n\t<meta property=\"og:image:width\" content=\"1023\" \/>\n\t<meta property=\"og:image:height\" content=\"682\" \/>\n\t<meta property=\"og:image:type\" content=\"image\/jpeg\" \/>\n<meta name=\"twitter:card\" content=\"summary_large_image\" \/>\n<meta name=\"twitter:site\" content=\"@TourTravel_More\" \/>\n<meta name=\"twitter:label1\" content=\"Dur\u00e9e de lecture estim\u00e9e\" \/>\n\t<meta name=\"twitter:data1\" content=\"2 minutes\" \/>\n<script type=\"application\/ld+json\" class=\"yoast-schema-graph\">{\"@context\":\"https:\/\/schema.org\",\"@graph\":[{\"@type\":\"WebPage\",\"@id\":\"https:\/\/tourtravelandmore.com\/fr\/tours\/norvege-fr\/oslo-fr\/visite-privee-de-bergen\/\",\"url\":\"https:\/\/tourtravelandmore.com\/fr\/tours\/norvege-fr\/oslo-fr\/visite-privee-de-bergen\/\",\"name\":\"Visite priv\u00e9e de Bergen depuis la ville d'Oslo avec chauffeur priv\u00e9\",\"isPartOf\":{\"@id\":\"https:\/\/tourtravelandmore.com\/fr\/#website\"},\"primaryImageOfPage\":{\"@id\":\"https:\/\/tourtravelandmore.com\/fr\/tours\/norvege-fr\/oslo-fr\/visite-privee-de-bergen\/#primaryimage\"},\"image\":{\"@id\":\"https:\/\/tourtravelandmore.com\/fr\/tours\/norvege-fr\/oslo-fr\/visite-privee-de-bergen\/#primaryimage\"},\"thumbnailUrl\":\"https:\/\/tourtravelandmore.com\/wp-content\/uploads\/2019\/11\/Bryggen-Bergen-Noruega6.jpg\",\"datePublished\":\"2019-11-19T12:10:57+00:00\",\"dateModified\":\"2021-03-22T19:21:37+00:00\",\"description\":\"Explorez et profitez de la ville de Bergen avec cette visite priv\u00e9e de Bergen avec un guide local et d\u00e9couvrez le meilleur de la ville de Bergen.\",\"breadcrumb\":{\"@id\":\"https:\/\/tourtravelandmore.com\/fr\/tours\/norvege-fr\/oslo-fr\/visite-privee-de-bergen\/#breadcrumb\"},\"inLanguage\":\"fr-FR\",\"potentialAction\":[{\"@type\":\"ReadAction\",\"target\":[\"https:\/\/tourtravelandmore.com\/fr\/tours\/norvege-fr\/oslo-fr\/visite-privee-de-bergen\/\"]}]},{\"@type\":\"ImageObject\",\"inLanguage\":\"fr-FR\",\"@id\":\"https:\/\/tourtravelandmore.com\/fr\/tours\/norvege-fr\/oslo-fr\/visite-privee-de-bergen\/#primaryimage\",\"url\":\"https:\/\/tourtravelandmore.com\/wp-content\/uploads\/2019\/11\/Bryggen-Bergen-Noruega6.jpg\",\"contentUrl\":\"https:\/\/tourtravelandmore.com\/wp-content\/uploads\/2019\/11\/Bryggen-Bergen-Noruega6.jpg\",\"width\":1023,\"height\":682},{\"@type\":\"BreadcrumbList\",\"@id\":\"https:\/\/tourtravelandmore.com\/fr\/tours\/norvege-fr\/oslo-fr\/visite-privee-de-bergen\/#breadcrumb\",\"itemListElement\":[{\"@type\":\"ListItem\",\"position\":1,\"name\":\"Home\",\"item\":\"https:\/\/tourtravelandmore.com\/fr\/\"},{\"@type\":\"ListItem\",\"position\":2,\"name\":\"Tours\",\"item\":\"https:\/\/tourtravelandmore.com\/fr\/tours\/\"},{\"@type\":\"ListItem\",\"position\":3,\"name\":\"Visite priv\u00e9e de Bergen\"}]},{\"@type\":\"WebSite\",\"@id\":\"https:\/\/tourtravelandmore.com\/fr\/#website\",\"url\":\"https:\/\/tourtravelandmore.com\/fr\/\",\"name\":\"Tour Travel And More\",\"description\":\"Private sightseeing tours and luxury transfers in Spain\",\"publisher\":{\"@id\":\"https:\/\/tourtravelandmore.com\/fr\/#organization\"},\"potentialAction\":[{\"@type\":\"SearchAction\",\"target\":{\"@type\":\"EntryPoint\",\"urlTemplate\":\"https:\/\/tourtravelandmore.com\/fr\/?s={search_term_string}\"},\"query-input\":{\"@type\":\"PropertyValueSpecification\",\"valueRequired\":true,\"valueName\":\"search_term_string\"}}],\"inLanguage\":\"fr-FR\"},{\"@type\":\"Organization\",\"@id\":\"https:\/\/tourtravelandmore.com\/fr\/#organization\",\"name\":\"Tour Travel And More\",\"url\":\"https:\/\/tourtravelandmore.com\/fr\/\",\"logo\":{\"@type\":\"ImageObject\",\"inLanguage\":\"fr-FR\",\"@id\":\"https:\/\/tourtravelandmore.com\/fr\/#\/schema\/logo\/image\/\",\"url\":\"https:\/\/tourtravelandmore.com\/wp-content\/uploads\/2022\/12\/cropped-logo-cabecera-new.png\",\"contentUrl\":\"https:\/\/tourtravelandmore.com\/wp-content\/uploads\/2022\/12\/cropped-logo-cabecera-new.png\",\"width\":430,\"height\":61,\"caption\":\"Tour Travel And More\"},\"image\":{\"@id\":\"https:\/\/tourtravelandmore.com\/fr\/#\/schema\/logo\/image\/\"},\"sameAs\":[\"https:\/\/www.facebook.com\/tourtravelandmore\/\",\"https:\/\/x.com\/TourTravel_More\"]}]}<\/script>\n<!-- \/ Yoast SEO Premium plugin. -->","yoast_head_json":{"title":"Visite priv\u00e9e de Bergen depuis la ville d'Oslo avec chauffeur priv\u00e9","description":"Explorez et profitez de la ville de Bergen avec cette visite priv\u00e9e de Bergen avec un guide local et d\u00e9couvrez le meilleur de la ville de Bergen.","robots":{"index":"index","follow":"follow","max-snippet":"max-snippet:-1","max-image-preview":"max-image-preview:large","max-video-preview":"max-video-preview:-1"},"canonical":"https:\/\/tourtravelandmore.com\/fr\/tours\/norvege-fr\/oslo-fr\/visite-privee-de-bergen\/","og_locale":"fr_FR","og_type":"article","og_title":"Visite priv\u00e9e de Bergen","og_description":"Explorez et profitez de la ville de Bergen avec cette visite priv\u00e9e de Bergen avec un guide local et d\u00e9couvrez le meilleur de la ville de Bergen.","og_url":"https:\/\/tourtravelandmore.com\/fr\/tours\/norvege-fr\/oslo-fr\/visite-privee-de-bergen\/","og_site_name":"Tour Travel And More","article_publisher":"https:\/\/www.facebook.com\/tourtravelandmore\/","article_modified_time":"2021-03-22T19:21:37+00:00","og_image":[{"width":1023,"height":682,"url":"https:\/\/tourtravelandmore.com\/wp-content\/uploads\/2019\/11\/Bryggen-Bergen-Noruega6.jpg","type":"image\/jpeg"}],"twitter_card":"summary_large_image","twitter_site":"@TourTravel_More","twitter_misc":{"Dur\u00e9e de lecture estim\u00e9e":"2 minutes"},"schema":{"@context":"https:\/\/schema.org","@graph":[{"@type":"WebPage","@id":"https:\/\/tourtravelandmore.com\/fr\/tours\/norvege-fr\/oslo-fr\/visite-privee-de-bergen\/","url":"https:\/\/tourtravelandmore.com\/fr\/tours\/norvege-fr\/oslo-fr\/visite-privee-de-bergen\/","name":"Visite priv\u00e9e de Bergen depuis la ville d'Oslo avec chauffeur priv\u00e9","isPartOf":{"@id":"https:\/\/tourtravelandmore.com\/fr\/#website"},"primaryImageOfPage":{"@id":"https:\/\/tourtravelandmore.com\/fr\/tours\/norvege-fr\/oslo-fr\/visite-privee-de-bergen\/#primaryimage"},"image":{"@id":"https:\/\/tourtravelandmore.com\/fr\/tours\/norvege-fr\/oslo-fr\/visite-privee-de-bergen\/#primaryimage"},"thumbnailUrl":"https:\/\/tourtravelandmore.com\/wp-content\/uploads\/2019\/11\/Bryggen-Bergen-Noruega6.jpg","datePublished":"2019-11-19T12:10:57+00:00","dateModified":"2021-03-22T19:21:37+00:00","description":"Explorez et profitez de la ville de Bergen avec cette visite priv\u00e9e de Bergen avec un guide local et d\u00e9couvrez le meilleur de la ville de Bergen.","breadcrumb":{"@id":"https:\/\/tourtravelandmore.com\/fr\/tours\/norvege-fr\/oslo-fr\/visite-privee-de-bergen\/#breadcrumb"},"inLanguage":"fr-FR","potentialAction":[{"@type":"ReadAction","target":["https:\/\/tourtravelandmore.com\/fr\/tours\/norvege-fr\/oslo-fr\/visite-privee-de-bergen\/"]}]},{"@type":"ImageObject","inLanguage":"fr-FR","@id":"https:\/\/tourtravelandmore.com\/fr\/tours\/norvege-fr\/oslo-fr\/visite-privee-de-bergen\/#primaryimage","url":"https:\/\/tourtravelandmore.com\/wp-content\/uploads\/2019\/11\/Bryggen-Bergen-Noruega6.jpg","contentUrl":"https:\/\/tourtravelandmore.com\/wp-content\/uploads\/2019\/11\/Bryggen-Bergen-Noruega6.jpg","width":1023,"height":682},{"@type":"BreadcrumbList","@id":"https:\/\/tourtravelandmore.com\/fr\/tours\/norvege-fr\/oslo-fr\/visite-privee-de-bergen\/#breadcrumb","itemListElement":[{"@type":"ListItem","position":1,"name":"Home","item":"https:\/\/tourtravelandmore.com\/fr\/"},{"@type":"ListItem","position":2,"name":"Tours","item":"https:\/\/tourtravelandmore.com\/fr\/tours\/"},{"@type":"ListItem","position":3,"name":"Visite priv\u00e9e de Bergen"}]},{"@type":"WebSite","@id":"https:\/\/tourtravelandmore.com\/fr\/#website","url":"https:\/\/tourtravelandmore.com\/fr\/","name":"Tour Travel And More","description":"Private sightseeing tours and luxury transfers in Spain","publisher":{"@id":"https:\/\/tourtravelandmore.com\/fr\/#organization"},"potentialAction":[{"@type":"SearchAction","target":{"@type":"EntryPoint","urlTemplate":"https:\/\/tourtravelandmore.com\/fr\/?s={search_term_string}"},"query-input":{"@type":"PropertyValueSpecification","valueRequired":true,"valueName":"search_term_string"}}],"inLanguage":"fr-FR"},{"@type":"Organization","@id":"https:\/\/tourtravelandmore.com\/fr\/#organization","name":"Tour Travel And More","url":"https:\/\/tourtravelandmore.com\/fr\/","logo":{"@type":"ImageObject","inLanguage":"fr-FR","@id":"https:\/\/tourtravelandmore.com\/fr\/#\/schema\/logo\/image\/","url":"https:\/\/tourtravelandmore.com\/wp-content\/uploads\/2022\/12\/cropped-logo-cabecera-new.png","contentUrl":"https:\/\/tourtravelandmore.com\/wp-content\/uploads\/2022\/12\/cropped-logo-cabecera-new.png","width":430,"height":61,"caption":"Tour Travel And More"},"image":{"@id":"https:\/\/tourtravelandmore.com\/fr\/#\/schema\/logo\/image\/"},"sameAs":["https:\/\/www.facebook.com\/tourtravelandmore\/","https:\/\/x.com\/TourTravel_More"]}]}},"_links":{"self":[{"href":"https:\/\/tourtravelandmore.com\/fr\/wp-json\/wp\/v2\/product\/104696","targetHints":{"allow":["GET"]}}],"collection":[{"href":"https:\/\/tourtravelandmore.com\/fr\/wp-json\/wp\/v2\/product"}],"about":[{"href":"https:\/\/tourtravelandmore.com\/fr\/wp-json\/wp\/v2\/types\/product"}],"replies":[{"embeddable":true,"href":"https:\/\/tourtravelandmore.com\/fr\/wp-json\/wp\/v2\/comments?post=104696"}],"wp:featuredmedia":[{"embeddable":true,"href":"https:\/\/tourtravelandmore.com\/fr\/wp-json\/wp\/v2\/media\/96765"}],"wp:attachment":[{"href":"https:\/\/tourtravelandmore.com\/fr\/wp-json\/wp\/v2\/media?parent=104696"}],"wp:term":[{"taxonomy":"product_brand","embeddable":true,"href":"https:\/\/tourtravelandmore.com\/fr\/wp-json\/wp\/v2\/product_brand?post=104696"},{"taxonomy":"product_cat","embeddable":true,"href":"https:\/\/tourtravelandmore.com\/fr\/wp-json\/wp\/v2\/product_cat?post=104696"},{"taxonomy":"product_tag","embeddable":true,"href":"https:\/\/tourtravelandmore.com\/fr\/wp-json\/wp\/v2\/product_tag?post=104696"}],"curies":[{"name":"wp","href":"https:\/\/api.w.org\/{rel}","templated":true}]}}