{"id":104688,"date":"2019-10-10T13:10:04","date_gmt":"2019-10-10T11:10:04","guid":{"rendered":"https:\/\/tourtravelandmore.com\/tours\/non%20class\u00e9\/visite-privee-doslo\/"},"modified":"2024-08-09T16:09:25","modified_gmt":"2024-08-09T14:09:25","slug":"visite-privee-doslo","status":"publish","type":"product","link":"https:\/\/tourtravelandmore.com\/fr\/tours\/norvege-fr\/oslo-fr\/visite-privee-doslo\/","title":{"rendered":"Visite priv\u00e9e d&#8217;Oslo"},"content":{"rendered":"<h2>Description:<\/h2>\n<p>Profitez de cette visite priv\u00e9e d&#8217;Oslo dans la ville d&#8217;Oslo. Profitez-en aux c\u00f4t\u00e9s de votre guide officiel priv\u00e9 et de votre v\u00e9hicule priv\u00e9 et d\u00e9couvrez le meilleur de ce qu&#8217;Oslo a \u00e0 offrir lors de cette visite priv\u00e9e. Cette visite se concentrera sur le c\u00f4t\u00e9 central d&#8217;Oslo, le sentrum.<\/p>\n<p>Nous nous rencontrerons en un point central \u00e0 Oslo, tr\u00e8s certainement le Stortorvet. Notre premier arr\u00eat sera l\u2019\u00e9glise d\u2019Oslo, anciennement connue sous le nom d\u2019\u00c9glise de Notre Sauveur. Nous commencerons notre visite \u00e0 partir de l\u00e0 et nous nous rendrons \u00e0 la salle de concert en salle d&#8217;Oslo, situ\u00e9e dans le quartier Vika du centre-ville, c&#8217;est aussi la maison de l&#8217;orchestre philharmonique d&#8217;Oslo. Nous continuerons vers le GlasMagasinet, le plus ancien grand magasin d\u2019Oslo qui perp\u00e9tue \u00e0 nos jours la tradition de vendre du vieux cristal norv\u00e9gien et d\u2019autres objets artisanaux.<\/p>\n<p>Parmi les nombreux lieux c\u00e9l\u00e8bres que nous visiterons, nous d\u00e9couvrirons le Palais Royal ou Slottet \u00e0 Oslo. Le palais a \u00e9t\u00e9 construit dans la premi\u00e8re moiti\u00e9 du XIXe si\u00e8cle en tant que r\u00e9sidence norv\u00e9gienne du roi Charles III de Norv\u00e8ge, n\u00e9 en France, qui r\u00e9gnait en tant que roi de Norv\u00e8ge et de Su\u00e8de. Le palais est la r\u00e9sidence officielle du monarque norv\u00e9gien actuel tandis que le prince h\u00e9ritier r\u00e9side \u00e0 Skaugum \u00e0 Asker \u00e0 l&#8217;ouest d&#8217;Oslo.<\/p>\n<p>Il existe de nombreux autres endroits o\u00f9 votre guide priv\u00e9 peut vous aider \u00e0 explorer, m\u00eame les endroits les plus embl\u00e9matiques et impressionnants d&#8217;Oslo, o\u00f9 vous pouvez prendre les meilleures photos quand et o\u00f9 vous le souhaitez lors de votre visite priv\u00e9e. Les sites et le point de rencontre de cette visite sont enti\u00e8rement personnalisables. Veuillez nous contacter pour organiser la visite en fonction de vos besoins personnels.<\/p>\n<h2>Sites d&#8217;int\u00e9r\u00eat et monuments<\/h2>\n<p>Au cours de votre visite priv\u00e9e d&#8217;Oslo, vous d\u00e9couvrirez certains des endroits les plus reconnus de la ville. Vous serez t\u00e9moin de sa beaut\u00e9 architecturale unique. Parmi les sites que nous couvrirons depuis le Sentrum, vous visiterez:<\/p>\n<ul>\n<li>Cath\u00e9drale d&#8217;Oslo<\/li>\n<li>Salle de concert int\u00e9rieure d&#8217;Oslo<\/li>\n<li>GlasMagasinet<\/li>\n<li>Stortovet<\/li>\n<li>Heimen husflid<\/li>\n<li>Universit\u00e9 d&#8217;Oslo<\/li>\n<li>Stortinget<\/li>\n<li>Caf\u00e9 de th\u00e9\u00e2tre<\/li>\n<li>Th\u00e9\u00e2tre national<\/li>\n<li>Palais Royal<\/li>\n<li>Et bien d&#8217;autres endroits dans cette visite priv\u00e9e de la ville d&#8217;Oslo.<\/li>\n<\/ul>\n<p>Cette visite est enti\u00e8rement personnalisable. Veuillez nous contacter pour rendre votre exp\u00e9rience unique et vous aider \u00e0 organiser votre visite priv\u00e9e.<\/p>\n<p>Jetez un \u0153il \u00e0 nos autres visites priv\u00e9es \u00e0 Oslo ici!<\/p>\n","protected":false},"excerpt":{"rendered":"<p>Profitez de cette occasion pour conna\u00eetre et profiter d&#8217;Oslo lors de cette visite priv\u00e9e avec votre guide officiel priv\u00e9. Profitez des sites et des quartiers les plus embl\u00e9matiques d&#8217;Oslo tels que le Theatercaf\u00e9en, la place centrale Stortovet, la cath\u00e9drale d&#8217;Oslo, la salle de concert couverte d&#8217;Oslo et bien d&#8217;autres.<\/p>\n","protected":false},"featured_media":176040,"comment_status":"open","ping_status":"closed","template":"","meta":{"_acf_changed":false},"product_brand":[],"product_cat":[3725,3822],"product_tag":[],"class_list":{"0":"post-104688","1":"product","2":"type-product","3":"status-publish","4":"has-post-thumbnail","6":"product_cat-norvege-fr","7":"product_cat-oslo-fr","9":"first","10":"instock","11":"shipping-taxable","12":"purchasable","13":"product-type-simple"},"acf":[],"yoast_head":"<!-- This site is optimized with the Yoast SEO Premium plugin v25.3.1 (Yoast SEO v25.3.1) - https:\/\/yoast.com\/wordpress\/plugins\/seo\/ -->\n<title>Visite priv\u00e9e de la ville d&#039;Oslo avec guide priv\u00e9 - Visite priv\u00e9e d&#039;Oslo<\/title>\n<meta name=\"description\" content=\"Profitez de cette visite priv\u00e9e d&#039;Oslo enti\u00e8rement personnalis\u00e9e et profitez de leurs monuments et sites les plus importants aux c\u00f4t\u00e9s d&#039;un guide priv\u00e9.\" \/>\n<meta name=\"robots\" content=\"index, follow, max-snippet:-1, max-image-preview:large, max-video-preview:-1\" \/>\n<link rel=\"canonical\" href=\"https:\/\/tourtravelandmore.com\/fr\/tours\/norvege-fr\/oslo-fr\/visite-privee-doslo\/\" \/>\n<meta property=\"og:locale\" content=\"fr_FR\" \/>\n<meta property=\"og:type\" content=\"article\" \/>\n<meta property=\"og:title\" content=\"Visite priv\u00e9e d&#039;Oslo\" \/>\n<meta property=\"og:description\" content=\"Profitez de cette visite priv\u00e9e d&#039;Oslo enti\u00e8rement personnalis\u00e9e et profitez de leurs monuments et sites les plus importants aux c\u00f4t\u00e9s d&#039;un guide priv\u00e9.\" \/>\n<meta property=\"og:url\" content=\"https:\/\/tourtravelandmore.com\/fr\/tours\/norvege-fr\/oslo-fr\/visite-privee-doslo\/\" \/>\n<meta property=\"og:site_name\" content=\"Tour Travel And More\" \/>\n<meta property=\"article:publisher\" content=\"https:\/\/www.facebook.com\/tourtravelandmore\/\" \/>\n<meta property=\"article:modified_time\" content=\"2024-08-09T14:09:25+00:00\" \/>\n<meta property=\"og:image\" content=\"https:\/\/tourtravelandmore.com\/wp-content\/uploads\/2019\/10\/pexels-naren-yogarajah-2550806-4150060.jpg\" \/>\n\t<meta property=\"og:image:width\" content=\"1920\" \/>\n\t<meta property=\"og:image:height\" content=\"1280\" \/>\n\t<meta property=\"og:image:type\" content=\"image\/jpeg\" \/>\n<meta name=\"twitter:card\" content=\"summary_large_image\" \/>\n<meta name=\"twitter:site\" content=\"@TourTravel_More\" \/>\n<meta name=\"twitter:label1\" content=\"Dur\u00e9e de lecture estim\u00e9e\" \/>\n\t<meta name=\"twitter:data1\" content=\"2 minutes\" \/>\n<script type=\"application\/ld+json\" class=\"yoast-schema-graph\">{\"@context\":\"https:\/\/schema.org\",\"@graph\":[{\"@type\":\"WebPage\",\"@id\":\"https:\/\/tourtravelandmore.com\/fr\/tours\/norvege-fr\/oslo-fr\/visite-privee-doslo\/\",\"url\":\"https:\/\/tourtravelandmore.com\/fr\/tours\/norvege-fr\/oslo-fr\/visite-privee-doslo\/\",\"name\":\"Visite priv\u00e9e de la ville d'Oslo avec guide priv\u00e9 - Visite priv\u00e9e d'Oslo\",\"isPartOf\":{\"@id\":\"https:\/\/tourtravelandmore.com\/fr\/#website\"},\"primaryImageOfPage\":{\"@id\":\"https:\/\/tourtravelandmore.com\/fr\/tours\/norvege-fr\/oslo-fr\/visite-privee-doslo\/#primaryimage\"},\"image\":{\"@id\":\"https:\/\/tourtravelandmore.com\/fr\/tours\/norvege-fr\/oslo-fr\/visite-privee-doslo\/#primaryimage\"},\"thumbnailUrl\":\"https:\/\/tourtravelandmore.com\/wp-content\/uploads\/2019\/10\/pexels-naren-yogarajah-2550806-4150060.jpg\",\"datePublished\":\"2019-10-10T11:10:04+00:00\",\"dateModified\":\"2024-08-09T14:09:25+00:00\",\"description\":\"Profitez de cette visite priv\u00e9e d'Oslo enti\u00e8rement personnalis\u00e9e et profitez de leurs monuments et sites les plus importants aux c\u00f4t\u00e9s d'un guide priv\u00e9.\",\"breadcrumb\":{\"@id\":\"https:\/\/tourtravelandmore.com\/fr\/tours\/norvege-fr\/oslo-fr\/visite-privee-doslo\/#breadcrumb\"},\"inLanguage\":\"fr-FR\",\"potentialAction\":[{\"@type\":\"ReadAction\",\"target\":[\"https:\/\/tourtravelandmore.com\/fr\/tours\/norvege-fr\/oslo-fr\/visite-privee-doslo\/\"]}]},{\"@type\":\"ImageObject\",\"inLanguage\":\"fr-FR\",\"@id\":\"https:\/\/tourtravelandmore.com\/fr\/tours\/norvege-fr\/oslo-fr\/visite-privee-doslo\/#primaryimage\",\"url\":\"https:\/\/tourtravelandmore.com\/wp-content\/uploads\/2019\/10\/pexels-naren-yogarajah-2550806-4150060.jpg\",\"contentUrl\":\"https:\/\/tourtravelandmore.com\/wp-content\/uploads\/2019\/10\/pexels-naren-yogarajah-2550806-4150060.jpg\",\"width\":1920,\"height\":1280},{\"@type\":\"BreadcrumbList\",\"@id\":\"https:\/\/tourtravelandmore.com\/fr\/tours\/norvege-fr\/oslo-fr\/visite-privee-doslo\/#breadcrumb\",\"itemListElement\":[{\"@type\":\"ListItem\",\"position\":1,\"name\":\"Home\",\"item\":\"https:\/\/tourtravelandmore.com\/fr\/\"},{\"@type\":\"ListItem\",\"position\":2,\"name\":\"Tours\",\"item\":\"https:\/\/tourtravelandmore.com\/fr\/tours\/\"},{\"@type\":\"ListItem\",\"position\":3,\"name\":\"Visite priv\u00e9e d&#8217;Oslo\"}]},{\"@type\":\"WebSite\",\"@id\":\"https:\/\/tourtravelandmore.com\/fr\/#website\",\"url\":\"https:\/\/tourtravelandmore.com\/fr\/\",\"name\":\"Tour Travel And More\",\"description\":\"Private sightseeing tours and luxury transfers in Spain\",\"publisher\":{\"@id\":\"https:\/\/tourtravelandmore.com\/fr\/#organization\"},\"potentialAction\":[{\"@type\":\"SearchAction\",\"target\":{\"@type\":\"EntryPoint\",\"urlTemplate\":\"https:\/\/tourtravelandmore.com\/fr\/?s={search_term_string}\"},\"query-input\":{\"@type\":\"PropertyValueSpecification\",\"valueRequired\":true,\"valueName\":\"search_term_string\"}}],\"inLanguage\":\"fr-FR\"},{\"@type\":\"Organization\",\"@id\":\"https:\/\/tourtravelandmore.com\/fr\/#organization\",\"name\":\"Tour Travel And More\",\"url\":\"https:\/\/tourtravelandmore.com\/fr\/\",\"logo\":{\"@type\":\"ImageObject\",\"inLanguage\":\"fr-FR\",\"@id\":\"https:\/\/tourtravelandmore.com\/fr\/#\/schema\/logo\/image\/\",\"url\":\"https:\/\/tourtravelandmore.com\/wp-content\/uploads\/2022\/12\/cropped-logo-cabecera-new.png\",\"contentUrl\":\"https:\/\/tourtravelandmore.com\/wp-content\/uploads\/2022\/12\/cropped-logo-cabecera-new.png\",\"width\":430,\"height\":61,\"caption\":\"Tour Travel And More\"},\"image\":{\"@id\":\"https:\/\/tourtravelandmore.com\/fr\/#\/schema\/logo\/image\/\"},\"sameAs\":[\"https:\/\/www.facebook.com\/tourtravelandmore\/\",\"https:\/\/x.com\/TourTravel_More\"]}]}<\/script>\n<!-- \/ Yoast SEO Premium plugin. -->","yoast_head_json":{"title":"Visite priv\u00e9e de la ville d'Oslo avec guide priv\u00e9 - Visite priv\u00e9e d'Oslo","description":"Profitez de cette visite priv\u00e9e d'Oslo enti\u00e8rement personnalis\u00e9e et profitez de leurs monuments et sites les plus importants aux c\u00f4t\u00e9s d'un guide priv\u00e9.","robots":{"index":"index","follow":"follow","max-snippet":"max-snippet:-1","max-image-preview":"max-image-preview:large","max-video-preview":"max-video-preview:-1"},"canonical":"https:\/\/tourtravelandmore.com\/fr\/tours\/norvege-fr\/oslo-fr\/visite-privee-doslo\/","og_locale":"fr_FR","og_type":"article","og_title":"Visite priv\u00e9e d'Oslo","og_description":"Profitez de cette visite priv\u00e9e d'Oslo enti\u00e8rement personnalis\u00e9e et profitez de leurs monuments et sites les plus importants aux c\u00f4t\u00e9s d'un guide priv\u00e9.","og_url":"https:\/\/tourtravelandmore.com\/fr\/tours\/norvege-fr\/oslo-fr\/visite-privee-doslo\/","og_site_name":"Tour Travel And More","article_publisher":"https:\/\/www.facebook.com\/tourtravelandmore\/","article_modified_time":"2024-08-09T14:09:25+00:00","og_image":[{"width":1920,"height":1280,"url":"https:\/\/tourtravelandmore.com\/wp-content\/uploads\/2019\/10\/pexels-naren-yogarajah-2550806-4150060.jpg","type":"image\/jpeg"}],"twitter_card":"summary_large_image","twitter_site":"@TourTravel_More","twitter_misc":{"Dur\u00e9e de lecture estim\u00e9e":"2 minutes"},"schema":{"@context":"https:\/\/schema.org","@graph":[{"@type":"WebPage","@id":"https:\/\/tourtravelandmore.com\/fr\/tours\/norvege-fr\/oslo-fr\/visite-privee-doslo\/","url":"https:\/\/tourtravelandmore.com\/fr\/tours\/norvege-fr\/oslo-fr\/visite-privee-doslo\/","name":"Visite priv\u00e9e de la ville d'Oslo avec guide priv\u00e9 - Visite priv\u00e9e d'Oslo","isPartOf":{"@id":"https:\/\/tourtravelandmore.com\/fr\/#website"},"primaryImageOfPage":{"@id":"https:\/\/tourtravelandmore.com\/fr\/tours\/norvege-fr\/oslo-fr\/visite-privee-doslo\/#primaryimage"},"image":{"@id":"https:\/\/tourtravelandmore.com\/fr\/tours\/norvege-fr\/oslo-fr\/visite-privee-doslo\/#primaryimage"},"thumbnailUrl":"https:\/\/tourtravelandmore.com\/wp-content\/uploads\/2019\/10\/pexels-naren-yogarajah-2550806-4150060.jpg","datePublished":"2019-10-10T11:10:04+00:00","dateModified":"2024-08-09T14:09:25+00:00","description":"Profitez de cette visite priv\u00e9e d'Oslo enti\u00e8rement personnalis\u00e9e et profitez de leurs monuments et sites les plus importants aux c\u00f4t\u00e9s d'un guide priv\u00e9.","breadcrumb":{"@id":"https:\/\/tourtravelandmore.com\/fr\/tours\/norvege-fr\/oslo-fr\/visite-privee-doslo\/#breadcrumb"},"inLanguage":"fr-FR","potentialAction":[{"@type":"ReadAction","target":["https:\/\/tourtravelandmore.com\/fr\/tours\/norvege-fr\/oslo-fr\/visite-privee-doslo\/"]}]},{"@type":"ImageObject","inLanguage":"fr-FR","@id":"https:\/\/tourtravelandmore.com\/fr\/tours\/norvege-fr\/oslo-fr\/visite-privee-doslo\/#primaryimage","url":"https:\/\/tourtravelandmore.com\/wp-content\/uploads\/2019\/10\/pexels-naren-yogarajah-2550806-4150060.jpg","contentUrl":"https:\/\/tourtravelandmore.com\/wp-content\/uploads\/2019\/10\/pexels-naren-yogarajah-2550806-4150060.jpg","width":1920,"height":1280},{"@type":"BreadcrumbList","@id":"https:\/\/tourtravelandmore.com\/fr\/tours\/norvege-fr\/oslo-fr\/visite-privee-doslo\/#breadcrumb","itemListElement":[{"@type":"ListItem","position":1,"name":"Home","item":"https:\/\/tourtravelandmore.com\/fr\/"},{"@type":"ListItem","position":2,"name":"Tours","item":"https:\/\/tourtravelandmore.com\/fr\/tours\/"},{"@type":"ListItem","position":3,"name":"Visite priv\u00e9e d&#8217;Oslo"}]},{"@type":"WebSite","@id":"https:\/\/tourtravelandmore.com\/fr\/#website","url":"https:\/\/tourtravelandmore.com\/fr\/","name":"Tour Travel And More","description":"Private sightseeing tours and luxury transfers in Spain","publisher":{"@id":"https:\/\/tourtravelandmore.com\/fr\/#organization"},"potentialAction":[{"@type":"SearchAction","target":{"@type":"EntryPoint","urlTemplate":"https:\/\/tourtravelandmore.com\/fr\/?s={search_term_string}"},"query-input":{"@type":"PropertyValueSpecification","valueRequired":true,"valueName":"search_term_string"}}],"inLanguage":"fr-FR"},{"@type":"Organization","@id":"https:\/\/tourtravelandmore.com\/fr\/#organization","name":"Tour Travel And More","url":"https:\/\/tourtravelandmore.com\/fr\/","logo":{"@type":"ImageObject","inLanguage":"fr-FR","@id":"https:\/\/tourtravelandmore.com\/fr\/#\/schema\/logo\/image\/","url":"https:\/\/tourtravelandmore.com\/wp-content\/uploads\/2022\/12\/cropped-logo-cabecera-new.png","contentUrl":"https:\/\/tourtravelandmore.com\/wp-content\/uploads\/2022\/12\/cropped-logo-cabecera-new.png","width":430,"height":61,"caption":"Tour Travel And More"},"image":{"@id":"https:\/\/tourtravelandmore.com\/fr\/#\/schema\/logo\/image\/"},"sameAs":["https:\/\/www.facebook.com\/tourtravelandmore\/","https:\/\/x.com\/TourTravel_More"]}]}},"_links":{"self":[{"href":"https:\/\/tourtravelandmore.com\/fr\/wp-json\/wp\/v2\/product\/104688","targetHints":{"allow":["GET"]}}],"collection":[{"href":"https:\/\/tourtravelandmore.com\/fr\/wp-json\/wp\/v2\/product"}],"about":[{"href":"https:\/\/tourtravelandmore.com\/fr\/wp-json\/wp\/v2\/types\/product"}],"replies":[{"embeddable":true,"href":"https:\/\/tourtravelandmore.com\/fr\/wp-json\/wp\/v2\/comments?post=104688"}],"wp:featuredmedia":[{"embeddable":true,"href":"https:\/\/tourtravelandmore.com\/fr\/wp-json\/wp\/v2\/media\/176040"}],"wp:attachment":[{"href":"https:\/\/tourtravelandmore.com\/fr\/wp-json\/wp\/v2\/media?parent=104688"}],"wp:term":[{"taxonomy":"product_brand","embeddable":true,"href":"https:\/\/tourtravelandmore.com\/fr\/wp-json\/wp\/v2\/product_brand?post=104688"},{"taxonomy":"product_cat","embeddable":true,"href":"https:\/\/tourtravelandmore.com\/fr\/wp-json\/wp\/v2\/product_cat?post=104688"},{"taxonomy":"product_tag","embeddable":true,"href":"https:\/\/tourtravelandmore.com\/fr\/wp-json\/wp\/v2\/product_tag?post=104688"}],"curies":[{"name":"wp","href":"https:\/\/api.w.org\/{rel}","templated":true}]}}