{"id":104682,"date":"2019-10-10T13:10:00","date_gmt":"2019-10-10T11:10:00","guid":{"rendered":"https:\/\/tourtravelandmore.com\/tours\/non%20class\u00e9\/visite-privee-a-pied-doslo\/"},"modified":"2021-03-22T20:17:45","modified_gmt":"2021-03-22T19:17:45","slug":"visite-privee-a-pied-doslo","status":"publish","type":"product","link":"https:\/\/tourtravelandmore.com\/fr\/tours\/norvege-fr\/oslo-fr\/visite-privee-a-pied-doslo\/","title":{"rendered":"Visite priv\u00e9e \u00e0 pied d&#8217;Oslo"},"content":{"rendered":"<h2>Description:<\/h2>\n<p>Profitez de cette visite priv\u00e9e \u00e0 pied d&#8217;Oslo dans la ville d&#8217;Oslo. Ce sera avec votre guide officiel priv\u00e9 et d\u00e9couvrirez le meilleur de ce qu&#8217;Oslo a \u00e0 offrir lors de cette visite priv\u00e9e. Cette visite se concentrera sur le centre d&#8217;Oslo, plus sp\u00e9cifiquement Gr\u00fcnerl\u00f8kka et St. Hanshaugen. Pour conna\u00eetre le meilleur d&#8217;une ville, une visite priv\u00e9e est l&#8217;exp\u00e9rience parfaite.<\/p>\n<p>Nous nous rencontrerons en un point central \u00e0 Oslo. Au cours de cette visite, nous visiterons les monuments et sites les plus c\u00e9l\u00e8bres de la ville. Nous marcherons d&#8217;ici jusqu&#8217;\u00e0 l&#8217;un des endroits les plus populaires et les plus calmes, le parc St. Hanshaugen, situ\u00e9 sur la colline pr\u00e8s d&#8217;Ullev\u00e5lsveien et de Collettsgate.<\/p>\n<p>Tout au long de cette visite \u00e0 pied, nous couvrirons certains des mus\u00e9es les plus c\u00e9l\u00e8bres d&#8217;Oslo, notamment le mus\u00e9e Botanisk Hage og, le mus\u00e9e d&#8217;histoire naturelle et le mus\u00e9e Zoologisk. Notre dernier arr\u00eat sera le Frognerparken, anciennement propri\u00e9t\u00e9 du Frogner Manor, aujourd&#8217;hui il est ouvert au grand public et abrite le c\u00e9l\u00e8bre parc Vigeland.<\/p>\n<p>Il existe de nombreux autres endroits o\u00f9 votre guide priv\u00e9 peut vous aider \u00e0 explorer, m\u00eame les endroits les plus embl\u00e9matiques et les plus impressionnants d&#8217;Oslo. Ici, vous pouvez prendre les meilleures photos quand et o\u00f9 vous le souhaitez lors de votre visite priv\u00e9e. Les sites et le point de rencontre de cette visite sont enti\u00e8rement personnalisables. Veuillez nous contacter pour organiser la visite en fonction de vos besoins personnels.<\/p>\n<h2>Sites d&#8217;int\u00e9r\u00eat et monuments<\/h2>\n<p>Au cours de votre visite priv\u00e9e \u00e0 pied d&#8217;Oslo, vous d\u00e9couvrirez certains des endroits les plus reconnus de la ville.<\/p>\n<p>Vous serez t\u00e9moin de sa beaut\u00e9 architecturale unique. Parmi les sites que vous pouvez visiter \u00e0 travers cette visite priv\u00e9e, nous vous proposons:<\/p>\n<ul>\n<li>Parc St. Hanshaugen<\/li>\n<li>Synagogue Bergstien<\/li>\n<li>Ancienne \u00e9glise d&#8217;Aker<\/li>\n<li>Maison en bois<\/li>\n<li>\u00c9glise de Paulus<\/li>\n<li>Bar Boca<\/li>\n<li>Gr\u00fcnerl\u00f8kka<\/li>\n<li>Mus\u00e9e Botanisk Hage og<\/li>\n<li>Le mus\u00e9e d&#8217;histoire naturelle<\/li>\n<li>Mus\u00e9e Zoologisk<\/li>\n<li>Frognerparken<\/li>\n<li>Et bien d&#8217;autres endroits dans cette visite priv\u00e9e \u00e0 pied d&#8217;Oslo<\/li>\n<\/ul>\n<p>Cette visite priv\u00e9e se terminera dans le centre-ville.<\/p>\n<p>Jetez un \u0153il \u00e0 toutes nos exp\u00e9riences priv\u00e9es pour vous \u00e0 Oslo!<\/p>\n","protected":false},"excerpt":{"rendered":"<p>Oslo est une ville incroyable qui vaut la peine d&#8217;\u00eatre visit\u00e9e, et la meilleure fa\u00e7on de le faire est avec notre visite priv\u00e9e \u00e0 pied dans les rues d&#8217;Oslo avec un guide officiel priv\u00e9. Vous pouvez admirer les beaux b\u00e2timents et monuments. Vous visiterez des endroits tels que l&#8217;\u00e9glise de Pablo, Boca Bar, Frogneparken et bien d&#8217;autres endroits.<\/p>\n","protected":false},"featured_media":96469,"comment_status":"open","ping_status":"closed","template":"","meta":{"_acf_changed":false},"product_brand":[],"product_cat":[3725,3822],"product_tag":[],"class_list":{"0":"post-104682","1":"product","2":"type-product","3":"status-publish","4":"has-post-thumbnail","6":"product_cat-norvege-fr","7":"product_cat-oslo-fr","9":"first","10":"instock","11":"shipping-taxable","12":"purchasable","13":"product-type-simple"},"acf":[],"yoast_head":"<!-- This site is optimized with the Yoast SEO Premium plugin v25.3.1 (Yoast SEO v25.3.1) - https:\/\/yoast.com\/wordpress\/plugins\/seo\/ -->\n<title>Visite priv\u00e9e \u00e0 pied d&#039;Oslo - VISITE PRIV\u00c9E D&#039;OSLO<\/title>\n<meta name=\"description\" content=\"Explorez et profitez de la ville d&#039;Oslo avec cette visite priv\u00e9e \u00e0 pied d&#039;Oslo avec un guide local et d\u00e9couvrez certains de ses endroits les plus reconnus.\" \/>\n<meta name=\"robots\" content=\"index, follow, max-snippet:-1, max-image-preview:large, max-video-preview:-1\" \/>\n<link rel=\"canonical\" href=\"https:\/\/tourtravelandmore.com\/fr\/tours\/norvege-fr\/oslo-fr\/visite-privee-a-pied-doslo\/\" \/>\n<meta property=\"og:locale\" content=\"fr_FR\" \/>\n<meta property=\"og:type\" content=\"article\" \/>\n<meta property=\"og:title\" content=\"Visite priv\u00e9e \u00e0 pied d&#039;Oslo\" \/>\n<meta property=\"og:description\" content=\"Explorez et profitez de la ville d&#039;Oslo avec cette visite priv\u00e9e \u00e0 pied d&#039;Oslo avec un guide local et d\u00e9couvrez certains de ses endroits les plus reconnus.\" \/>\n<meta property=\"og:url\" content=\"https:\/\/tourtravelandmore.com\/fr\/tours\/norvege-fr\/oslo-fr\/visite-privee-a-pied-doslo\/\" \/>\n<meta property=\"og:site_name\" content=\"Tour Travel And More\" \/>\n<meta property=\"article:publisher\" content=\"https:\/\/www.facebook.com\/tourtravelandmore\/\" \/>\n<meta property=\"article:modified_time\" content=\"2021-03-22T19:17:45+00:00\" \/>\n<meta property=\"og:image\" content=\"https:\/\/tourtravelandmore.com\/wp-content\/uploads\/2019\/10\/oslo.jpg\" \/>\n\t<meta property=\"og:image:width\" content=\"960\" \/>\n\t<meta property=\"og:image:height\" content=\"640\" \/>\n\t<meta property=\"og:image:type\" content=\"image\/jpeg\" \/>\n<meta name=\"twitter:card\" content=\"summary_large_image\" \/>\n<meta name=\"twitter:site\" content=\"@TourTravel_More\" \/>\n<meta name=\"twitter:label1\" content=\"Dur\u00e9e de lecture estim\u00e9e\" \/>\n\t<meta name=\"twitter:data1\" content=\"2 minutes\" \/>\n<script type=\"application\/ld+json\" class=\"yoast-schema-graph\">{\"@context\":\"https:\/\/schema.org\",\"@graph\":[{\"@type\":\"WebPage\",\"@id\":\"https:\/\/tourtravelandmore.com\/fr\/tours\/norvege-fr\/oslo-fr\/visite-privee-a-pied-doslo\/\",\"url\":\"https:\/\/tourtravelandmore.com\/fr\/tours\/norvege-fr\/oslo-fr\/visite-privee-a-pied-doslo\/\",\"name\":\"Visite priv\u00e9e \u00e0 pied d'Oslo - VISITE PRIV\u00c9E D'OSLO\",\"isPartOf\":{\"@id\":\"https:\/\/tourtravelandmore.com\/fr\/#website\"},\"primaryImageOfPage\":{\"@id\":\"https:\/\/tourtravelandmore.com\/fr\/tours\/norvege-fr\/oslo-fr\/visite-privee-a-pied-doslo\/#primaryimage\"},\"image\":{\"@id\":\"https:\/\/tourtravelandmore.com\/fr\/tours\/norvege-fr\/oslo-fr\/visite-privee-a-pied-doslo\/#primaryimage\"},\"thumbnailUrl\":\"https:\/\/tourtravelandmore.com\/wp-content\/uploads\/2019\/10\/oslo.jpg\",\"datePublished\":\"2019-10-10T11:10:00+00:00\",\"dateModified\":\"2021-03-22T19:17:45+00:00\",\"description\":\"Explorez et profitez de la ville d'Oslo avec cette visite priv\u00e9e \u00e0 pied d'Oslo avec un guide local et d\u00e9couvrez certains de ses endroits les plus reconnus.\",\"breadcrumb\":{\"@id\":\"https:\/\/tourtravelandmore.com\/fr\/tours\/norvege-fr\/oslo-fr\/visite-privee-a-pied-doslo\/#breadcrumb\"},\"inLanguage\":\"fr-FR\",\"potentialAction\":[{\"@type\":\"ReadAction\",\"target\":[\"https:\/\/tourtravelandmore.com\/fr\/tours\/norvege-fr\/oslo-fr\/visite-privee-a-pied-doslo\/\"]}]},{\"@type\":\"ImageObject\",\"inLanguage\":\"fr-FR\",\"@id\":\"https:\/\/tourtravelandmore.com\/fr\/tours\/norvege-fr\/oslo-fr\/visite-privee-a-pied-doslo\/#primaryimage\",\"url\":\"https:\/\/tourtravelandmore.com\/wp-content\/uploads\/2019\/10\/oslo.jpg\",\"contentUrl\":\"https:\/\/tourtravelandmore.com\/wp-content\/uploads\/2019\/10\/oslo.jpg\",\"width\":960,\"height\":640},{\"@type\":\"BreadcrumbList\",\"@id\":\"https:\/\/tourtravelandmore.com\/fr\/tours\/norvege-fr\/oslo-fr\/visite-privee-a-pied-doslo\/#breadcrumb\",\"itemListElement\":[{\"@type\":\"ListItem\",\"position\":1,\"name\":\"Home\",\"item\":\"https:\/\/tourtravelandmore.com\/fr\/\"},{\"@type\":\"ListItem\",\"position\":2,\"name\":\"Tours\",\"item\":\"https:\/\/tourtravelandmore.com\/fr\/tours\/\"},{\"@type\":\"ListItem\",\"position\":3,\"name\":\"Visite priv\u00e9e \u00e0 pied d&#8217;Oslo\"}]},{\"@type\":\"WebSite\",\"@id\":\"https:\/\/tourtravelandmore.com\/fr\/#website\",\"url\":\"https:\/\/tourtravelandmore.com\/fr\/\",\"name\":\"Tour Travel And More\",\"description\":\"Private sightseeing tours and luxury transfers in Spain\",\"publisher\":{\"@id\":\"https:\/\/tourtravelandmore.com\/fr\/#organization\"},\"potentialAction\":[{\"@type\":\"SearchAction\",\"target\":{\"@type\":\"EntryPoint\",\"urlTemplate\":\"https:\/\/tourtravelandmore.com\/fr\/?s={search_term_string}\"},\"query-input\":{\"@type\":\"PropertyValueSpecification\",\"valueRequired\":true,\"valueName\":\"search_term_string\"}}],\"inLanguage\":\"fr-FR\"},{\"@type\":\"Organization\",\"@id\":\"https:\/\/tourtravelandmore.com\/fr\/#organization\",\"name\":\"Tour Travel And More\",\"url\":\"https:\/\/tourtravelandmore.com\/fr\/\",\"logo\":{\"@type\":\"ImageObject\",\"inLanguage\":\"fr-FR\",\"@id\":\"https:\/\/tourtravelandmore.com\/fr\/#\/schema\/logo\/image\/\",\"url\":\"https:\/\/tourtravelandmore.com\/wp-content\/uploads\/2022\/12\/cropped-logo-cabecera-new.png\",\"contentUrl\":\"https:\/\/tourtravelandmore.com\/wp-content\/uploads\/2022\/12\/cropped-logo-cabecera-new.png\",\"width\":430,\"height\":61,\"caption\":\"Tour Travel And More\"},\"image\":{\"@id\":\"https:\/\/tourtravelandmore.com\/fr\/#\/schema\/logo\/image\/\"},\"sameAs\":[\"https:\/\/www.facebook.com\/tourtravelandmore\/\",\"https:\/\/x.com\/TourTravel_More\"]}]}<\/script>\n<!-- \/ Yoast SEO Premium plugin. -->","yoast_head_json":{"title":"Visite priv\u00e9e \u00e0 pied d'Oslo - VISITE PRIV\u00c9E D'OSLO","description":"Explorez et profitez de la ville d'Oslo avec cette visite priv\u00e9e \u00e0 pied d'Oslo avec un guide local et d\u00e9couvrez certains de ses endroits les plus reconnus.","robots":{"index":"index","follow":"follow","max-snippet":"max-snippet:-1","max-image-preview":"max-image-preview:large","max-video-preview":"max-video-preview:-1"},"canonical":"https:\/\/tourtravelandmore.com\/fr\/tours\/norvege-fr\/oslo-fr\/visite-privee-a-pied-doslo\/","og_locale":"fr_FR","og_type":"article","og_title":"Visite priv\u00e9e \u00e0 pied d'Oslo","og_description":"Explorez et profitez de la ville d'Oslo avec cette visite priv\u00e9e \u00e0 pied d'Oslo avec un guide local et d\u00e9couvrez certains de ses endroits les plus reconnus.","og_url":"https:\/\/tourtravelandmore.com\/fr\/tours\/norvege-fr\/oslo-fr\/visite-privee-a-pied-doslo\/","og_site_name":"Tour Travel And More","article_publisher":"https:\/\/www.facebook.com\/tourtravelandmore\/","article_modified_time":"2021-03-22T19:17:45+00:00","og_image":[{"width":960,"height":640,"url":"https:\/\/tourtravelandmore.com\/wp-content\/uploads\/2019\/10\/oslo.jpg","type":"image\/jpeg"}],"twitter_card":"summary_large_image","twitter_site":"@TourTravel_More","twitter_misc":{"Dur\u00e9e de lecture estim\u00e9e":"2 minutes"},"schema":{"@context":"https:\/\/schema.org","@graph":[{"@type":"WebPage","@id":"https:\/\/tourtravelandmore.com\/fr\/tours\/norvege-fr\/oslo-fr\/visite-privee-a-pied-doslo\/","url":"https:\/\/tourtravelandmore.com\/fr\/tours\/norvege-fr\/oslo-fr\/visite-privee-a-pied-doslo\/","name":"Visite priv\u00e9e \u00e0 pied d'Oslo - VISITE PRIV\u00c9E D'OSLO","isPartOf":{"@id":"https:\/\/tourtravelandmore.com\/fr\/#website"},"primaryImageOfPage":{"@id":"https:\/\/tourtravelandmore.com\/fr\/tours\/norvege-fr\/oslo-fr\/visite-privee-a-pied-doslo\/#primaryimage"},"image":{"@id":"https:\/\/tourtravelandmore.com\/fr\/tours\/norvege-fr\/oslo-fr\/visite-privee-a-pied-doslo\/#primaryimage"},"thumbnailUrl":"https:\/\/tourtravelandmore.com\/wp-content\/uploads\/2019\/10\/oslo.jpg","datePublished":"2019-10-10T11:10:00+00:00","dateModified":"2021-03-22T19:17:45+00:00","description":"Explorez et profitez de la ville d'Oslo avec cette visite priv\u00e9e \u00e0 pied d'Oslo avec un guide local et d\u00e9couvrez certains de ses endroits les plus reconnus.","breadcrumb":{"@id":"https:\/\/tourtravelandmore.com\/fr\/tours\/norvege-fr\/oslo-fr\/visite-privee-a-pied-doslo\/#breadcrumb"},"inLanguage":"fr-FR","potentialAction":[{"@type":"ReadAction","target":["https:\/\/tourtravelandmore.com\/fr\/tours\/norvege-fr\/oslo-fr\/visite-privee-a-pied-doslo\/"]}]},{"@type":"ImageObject","inLanguage":"fr-FR","@id":"https:\/\/tourtravelandmore.com\/fr\/tours\/norvege-fr\/oslo-fr\/visite-privee-a-pied-doslo\/#primaryimage","url":"https:\/\/tourtravelandmore.com\/wp-content\/uploads\/2019\/10\/oslo.jpg","contentUrl":"https:\/\/tourtravelandmore.com\/wp-content\/uploads\/2019\/10\/oslo.jpg","width":960,"height":640},{"@type":"BreadcrumbList","@id":"https:\/\/tourtravelandmore.com\/fr\/tours\/norvege-fr\/oslo-fr\/visite-privee-a-pied-doslo\/#breadcrumb","itemListElement":[{"@type":"ListItem","position":1,"name":"Home","item":"https:\/\/tourtravelandmore.com\/fr\/"},{"@type":"ListItem","position":2,"name":"Tours","item":"https:\/\/tourtravelandmore.com\/fr\/tours\/"},{"@type":"ListItem","position":3,"name":"Visite priv\u00e9e \u00e0 pied d&#8217;Oslo"}]},{"@type":"WebSite","@id":"https:\/\/tourtravelandmore.com\/fr\/#website","url":"https:\/\/tourtravelandmore.com\/fr\/","name":"Tour Travel And More","description":"Private sightseeing tours and luxury transfers in Spain","publisher":{"@id":"https:\/\/tourtravelandmore.com\/fr\/#organization"},"potentialAction":[{"@type":"SearchAction","target":{"@type":"EntryPoint","urlTemplate":"https:\/\/tourtravelandmore.com\/fr\/?s={search_term_string}"},"query-input":{"@type":"PropertyValueSpecification","valueRequired":true,"valueName":"search_term_string"}}],"inLanguage":"fr-FR"},{"@type":"Organization","@id":"https:\/\/tourtravelandmore.com\/fr\/#organization","name":"Tour Travel And More","url":"https:\/\/tourtravelandmore.com\/fr\/","logo":{"@type":"ImageObject","inLanguage":"fr-FR","@id":"https:\/\/tourtravelandmore.com\/fr\/#\/schema\/logo\/image\/","url":"https:\/\/tourtravelandmore.com\/wp-content\/uploads\/2022\/12\/cropped-logo-cabecera-new.png","contentUrl":"https:\/\/tourtravelandmore.com\/wp-content\/uploads\/2022\/12\/cropped-logo-cabecera-new.png","width":430,"height":61,"caption":"Tour Travel And More"},"image":{"@id":"https:\/\/tourtravelandmore.com\/fr\/#\/schema\/logo\/image\/"},"sameAs":["https:\/\/www.facebook.com\/tourtravelandmore\/","https:\/\/x.com\/TourTravel_More"]}]}},"_links":{"self":[{"href":"https:\/\/tourtravelandmore.com\/fr\/wp-json\/wp\/v2\/product\/104682","targetHints":{"allow":["GET"]}}],"collection":[{"href":"https:\/\/tourtravelandmore.com\/fr\/wp-json\/wp\/v2\/product"}],"about":[{"href":"https:\/\/tourtravelandmore.com\/fr\/wp-json\/wp\/v2\/types\/product"}],"replies":[{"embeddable":true,"href":"https:\/\/tourtravelandmore.com\/fr\/wp-json\/wp\/v2\/comments?post=104682"}],"wp:featuredmedia":[{"embeddable":true,"href":"https:\/\/tourtravelandmore.com\/fr\/wp-json\/wp\/v2\/media\/96469"}],"wp:attachment":[{"href":"https:\/\/tourtravelandmore.com\/fr\/wp-json\/wp\/v2\/media?parent=104682"}],"wp:term":[{"taxonomy":"product_brand","embeddable":true,"href":"https:\/\/tourtravelandmore.com\/fr\/wp-json\/wp\/v2\/product_brand?post=104682"},{"taxonomy":"product_cat","embeddable":true,"href":"https:\/\/tourtravelandmore.com\/fr\/wp-json\/wp\/v2\/product_cat?post=104682"},{"taxonomy":"product_tag","embeddable":true,"href":"https:\/\/tourtravelandmore.com\/fr\/wp-json\/wp\/v2\/product_tag?post=104682"}],"curies":[{"name":"wp","href":"https:\/\/api.w.org\/{rel}","templated":true}]}}