{"id":104676,"date":"2019-10-10T13:09:58","date_gmt":"2019-10-10T11:09:58","guid":{"rendered":"https:\/\/tourtravelandmore.com\/tours\/non%20class\u00e9\/transfert-prive-a-oslo\/"},"modified":"2021-03-22T20:16:42","modified_gmt":"2021-03-22T19:16:42","slug":"transfert-prive-a-oslo","status":"publish","type":"product","link":"https:\/\/tourtravelandmore.com\/fr\/tours\/norvege-fr\/oslo-fr\/transfert-prive-a-oslo\/","title":{"rendered":"Transfert priv\u00e9 \u00e0 Oslo"},"content":{"rendered":"<h2>Description:<\/h2>\n<p>Avec notre transfert priv\u00e9 d&#8217;Oslo \u00e0 Oslo. Avec Tour Travel &amp; More, nous organisons pour vous le moyen le plus rapide et le plus simple d&#8217;arriver \u00e0 votre destination \u00e0 Oslo.<\/p>\n<p>Faites venir votre v\u00e9hicule de luxe priv\u00e9 et notre chauffeur. Nous vous aiderons \u00e0 organiser un transfert sans tracas. Vous n&#8217;avez pas besoin d&#8217;attendre de longues files d&#8217;attente \u00e0 l&#8217;a\u00e9roport ou \u00e0 la gare. Ce transfert priv\u00e9 \u00e0 Oslo est le meilleur moyen de commencer vos vacances.<\/p>\n<p>Veuillez noter que nous proposons \u00e9galement des transferts priv\u00e9s vers n&#8217;importe quel endroit. Cela peut inclure un transfert hors de la ville, un transfert au restaurant ou tout type de transfert priv\u00e9!<\/p>\n<p>Contactez nos experts en voyages pour un si\u00e8ge b\u00e9b\u00e9 suppl\u00e9mentaire si n\u00e9cessaire. Un seul bagage peut tenir confortablement dans nos circuits priv\u00e9s. Si vous avez plus de bagages, nous pouvons \u00e9galement organiser cela pour vous. Nos experts en voyages sont l\u00e0 pour organiser une exp\u00e9rience parfaite pour vous.<\/p>\n<p>Enfin, demandez \u00e0 notre chauffeur priv\u00e9 de vous emmener \u00e0 votre emplacement priv\u00e9 \u00e0 Oslo.<\/p>\n<h2>Sites d&#8217;int\u00e9r\u00eat et monuments<\/h2>\n<p>Oslo est la capitale et la ville la plus peupl\u00e9e de Norv\u00e8ge ainsi que son centre \u00e9conomique et gouvernemental. La ville est \u00e9galement une plaque tournante du commerce norv\u00e9gien, de la banque, de l&#8217;industrie et de la navigation. C&#8217;est un centre important pour les industries maritimes et le commerce maritime en Europe. La ville abrite de nombreuses entreprises du secteur maritime, dont certaines comptent parmi les plus grandes compagnies maritimes, courtiers et courtiers d&#8217;assurance maritime au monde. Oslo est une ville pilote du programme des cit\u00e9s interculturelles du Conseil de l&#8217;Europe et de la Commission europ\u00e9enne. L&#8217;annuaire le plus vendu du guide de voyage &#8220;Best in Travel&#8221; a s\u00e9lectionn\u00e9 Oslo comme l&#8217;une des dix meilleures villes au monde \u00e0 visiter en 2018.<\/p>\n<p>D\u00e9couvrez nos visites et activit\u00e9s priv\u00e9es \u00e0 Oslo.<\/p>\n","protected":false},"excerpt":{"rendered":"<p>Profitez de cette occasion pour profiter de ce moyen confortable pour vous rendre \u00e0 votre destination finale \u00e0 Oslo. Vous disposerez de votre propre v\u00e9hicule de luxe priv\u00e9 avec chauffeur pour vous conduire rapidement et confortablement \u00e0 l&#8217;emplacement de votre choix. La prise en charge peut se faire \u00e0 l&#8217;h\u00f4tel, \u00e0 l&#8217;a\u00e9roport, \u00e0 la gare ou au lieu de votre choix.<\/p>\n","protected":false},"featured_media":95809,"comment_status":"open","ping_status":"closed","template":"","meta":{"_acf_changed":false},"product_brand":[],"product_cat":[3725,3822],"product_tag":[4043,4042],"class_list":{"0":"post-104676","1":"product","2":"type-product","3":"status-publish","4":"has-post-thumbnail","6":"product_cat-norvege-fr","7":"product_cat-oslo-fr","8":"product_tag-private-fr","9":"product_tag-transfer-fr","11":"first","12":"instock","13":"shipping-taxable","14":"purchasable","15":"product-type-simple"},"acf":[],"yoast_head":"<!-- This site is optimized with the Yoast SEO Premium plugin v25.3.1 (Yoast SEO v25.3.1) - https:\/\/yoast.com\/wordpress\/plugins\/seo\/ -->\n<title>Transfert priv\u00e9 a\u00e9roport \/ port d&#039;Oslo - Transfert priv\u00e9 d&#039;Oslo<\/title>\n<meta name=\"description\" content=\"Arrivez \u00e0 votre destination finale \u00e0 Oslo avec notre transfert priv\u00e9 \u00e0 Oslo. V\u00e9hicule priv\u00e9 avec chauffeur pour vous rendre confortablement \u00e0 votre emplacement.\" \/>\n<meta name=\"robots\" content=\"index, follow, max-snippet:-1, max-image-preview:large, max-video-preview:-1\" \/>\n<link rel=\"canonical\" href=\"https:\/\/tourtravelandmore.com\/fr\/tours\/norvege-fr\/oslo-fr\/transfert-prive-a-oslo\/\" \/>\n<meta property=\"og:locale\" content=\"fr_FR\" \/>\n<meta property=\"og:type\" content=\"article\" \/>\n<meta property=\"og:title\" content=\"Transfert priv\u00e9 \u00e0 Oslo\" \/>\n<meta property=\"og:description\" content=\"Arrivez \u00e0 votre destination finale \u00e0 Oslo avec notre transfert priv\u00e9 \u00e0 Oslo. V\u00e9hicule priv\u00e9 avec chauffeur pour vous rendre confortablement \u00e0 votre emplacement.\" \/>\n<meta property=\"og:url\" content=\"https:\/\/tourtravelandmore.com\/fr\/tours\/norvege-fr\/oslo-fr\/transfert-prive-a-oslo\/\" \/>\n<meta property=\"og:site_name\" content=\"Tour Travel And More\" \/>\n<meta property=\"article:publisher\" content=\"https:\/\/www.facebook.com\/tourtravelandmore\/\" \/>\n<meta property=\"article:modified_time\" content=\"2021-03-22T19:16:42+00:00\" \/>\n<meta property=\"og:image\" content=\"https:\/\/tourtravelandmore.com\/wp-content\/uploads\/2016\/11\/TrasladoAlicante-1.png\" \/>\n\t<meta property=\"og:image:width\" content=\"640\" \/>\n\t<meta property=\"og:image:height\" content=\"425\" \/>\n\t<meta property=\"og:image:type\" content=\"image\/png\" \/>\n<meta name=\"twitter:card\" content=\"summary_large_image\" \/>\n<meta name=\"twitter:site\" content=\"@TourTravel_More\" \/>\n<meta name=\"twitter:label1\" content=\"Dur\u00e9e de lecture estim\u00e9e\" \/>\n\t<meta name=\"twitter:data1\" content=\"2 minutes\" \/>\n<script type=\"application\/ld+json\" class=\"yoast-schema-graph\">{\"@context\":\"https:\/\/schema.org\",\"@graph\":[{\"@type\":\"WebPage\",\"@id\":\"https:\/\/tourtravelandmore.com\/fr\/tours\/norvege-fr\/oslo-fr\/transfert-prive-a-oslo\/\",\"url\":\"https:\/\/tourtravelandmore.com\/fr\/tours\/norvege-fr\/oslo-fr\/transfert-prive-a-oslo\/\",\"name\":\"Transfert priv\u00e9 a\u00e9roport \/ port d'Oslo - Transfert priv\u00e9 d'Oslo\",\"isPartOf\":{\"@id\":\"https:\/\/tourtravelandmore.com\/fr\/#website\"},\"primaryImageOfPage\":{\"@id\":\"https:\/\/tourtravelandmore.com\/fr\/tours\/norvege-fr\/oslo-fr\/transfert-prive-a-oslo\/#primaryimage\"},\"image\":{\"@id\":\"https:\/\/tourtravelandmore.com\/fr\/tours\/norvege-fr\/oslo-fr\/transfert-prive-a-oslo\/#primaryimage\"},\"thumbnailUrl\":\"https:\/\/tourtravelandmore.com\/wp-content\/uploads\/2016\/11\/TrasladoAlicante-1.png\",\"datePublished\":\"2019-10-10T11:09:58+00:00\",\"dateModified\":\"2021-03-22T19:16:42+00:00\",\"description\":\"Arrivez \u00e0 votre destination finale \u00e0 Oslo avec notre transfert priv\u00e9 \u00e0 Oslo. V\u00e9hicule priv\u00e9 avec chauffeur pour vous rendre confortablement \u00e0 votre emplacement.\",\"breadcrumb\":{\"@id\":\"https:\/\/tourtravelandmore.com\/fr\/tours\/norvege-fr\/oslo-fr\/transfert-prive-a-oslo\/#breadcrumb\"},\"inLanguage\":\"fr-FR\",\"potentialAction\":[{\"@type\":\"ReadAction\",\"target\":[\"https:\/\/tourtravelandmore.com\/fr\/tours\/norvege-fr\/oslo-fr\/transfert-prive-a-oslo\/\"]}]},{\"@type\":\"ImageObject\",\"inLanguage\":\"fr-FR\",\"@id\":\"https:\/\/tourtravelandmore.com\/fr\/tours\/norvege-fr\/oslo-fr\/transfert-prive-a-oslo\/#primaryimage\",\"url\":\"https:\/\/tourtravelandmore.com\/wp-content\/uploads\/2016\/11\/TrasladoAlicante-1.png\",\"contentUrl\":\"https:\/\/tourtravelandmore.com\/wp-content\/uploads\/2016\/11\/TrasladoAlicante-1.png\",\"width\":640,\"height\":425},{\"@type\":\"BreadcrumbList\",\"@id\":\"https:\/\/tourtravelandmore.com\/fr\/tours\/norvege-fr\/oslo-fr\/transfert-prive-a-oslo\/#breadcrumb\",\"itemListElement\":[{\"@type\":\"ListItem\",\"position\":1,\"name\":\"Home\",\"item\":\"https:\/\/tourtravelandmore.com\/fr\/\"},{\"@type\":\"ListItem\",\"position\":2,\"name\":\"Tours\",\"item\":\"https:\/\/tourtravelandmore.com\/fr\/tours\/\"},{\"@type\":\"ListItem\",\"position\":3,\"name\":\"Transfert priv\u00e9 \u00e0 Oslo\"}]},{\"@type\":\"WebSite\",\"@id\":\"https:\/\/tourtravelandmore.com\/fr\/#website\",\"url\":\"https:\/\/tourtravelandmore.com\/fr\/\",\"name\":\"Tour Travel And More\",\"description\":\"Private sightseeing tours and luxury transfers in Spain\",\"publisher\":{\"@id\":\"https:\/\/tourtravelandmore.com\/fr\/#organization\"},\"potentialAction\":[{\"@type\":\"SearchAction\",\"target\":{\"@type\":\"EntryPoint\",\"urlTemplate\":\"https:\/\/tourtravelandmore.com\/fr\/?s={search_term_string}\"},\"query-input\":{\"@type\":\"PropertyValueSpecification\",\"valueRequired\":true,\"valueName\":\"search_term_string\"}}],\"inLanguage\":\"fr-FR\"},{\"@type\":\"Organization\",\"@id\":\"https:\/\/tourtravelandmore.com\/fr\/#organization\",\"name\":\"Tour Travel And More\",\"url\":\"https:\/\/tourtravelandmore.com\/fr\/\",\"logo\":{\"@type\":\"ImageObject\",\"inLanguage\":\"fr-FR\",\"@id\":\"https:\/\/tourtravelandmore.com\/fr\/#\/schema\/logo\/image\/\",\"url\":\"https:\/\/tourtravelandmore.com\/wp-content\/uploads\/2022\/12\/cropped-logo-cabecera-new.png\",\"contentUrl\":\"https:\/\/tourtravelandmore.com\/wp-content\/uploads\/2022\/12\/cropped-logo-cabecera-new.png\",\"width\":430,\"height\":61,\"caption\":\"Tour Travel And More\"},\"image\":{\"@id\":\"https:\/\/tourtravelandmore.com\/fr\/#\/schema\/logo\/image\/\"},\"sameAs\":[\"https:\/\/www.facebook.com\/tourtravelandmore\/\",\"https:\/\/x.com\/TourTravel_More\"]}]}<\/script>\n<!-- \/ Yoast SEO Premium plugin. -->","yoast_head_json":{"title":"Transfert priv\u00e9 a\u00e9roport \/ port d'Oslo - Transfert priv\u00e9 d'Oslo","description":"Arrivez \u00e0 votre destination finale \u00e0 Oslo avec notre transfert priv\u00e9 \u00e0 Oslo. V\u00e9hicule priv\u00e9 avec chauffeur pour vous rendre confortablement \u00e0 votre emplacement.","robots":{"index":"index","follow":"follow","max-snippet":"max-snippet:-1","max-image-preview":"max-image-preview:large","max-video-preview":"max-video-preview:-1"},"canonical":"https:\/\/tourtravelandmore.com\/fr\/tours\/norvege-fr\/oslo-fr\/transfert-prive-a-oslo\/","og_locale":"fr_FR","og_type":"article","og_title":"Transfert priv\u00e9 \u00e0 Oslo","og_description":"Arrivez \u00e0 votre destination finale \u00e0 Oslo avec notre transfert priv\u00e9 \u00e0 Oslo. V\u00e9hicule priv\u00e9 avec chauffeur pour vous rendre confortablement \u00e0 votre emplacement.","og_url":"https:\/\/tourtravelandmore.com\/fr\/tours\/norvege-fr\/oslo-fr\/transfert-prive-a-oslo\/","og_site_name":"Tour Travel And More","article_publisher":"https:\/\/www.facebook.com\/tourtravelandmore\/","article_modified_time":"2021-03-22T19:16:42+00:00","og_image":[{"width":640,"height":425,"url":"https:\/\/tourtravelandmore.com\/wp-content\/uploads\/2016\/11\/TrasladoAlicante-1.png","type":"image\/png"}],"twitter_card":"summary_large_image","twitter_site":"@TourTravel_More","twitter_misc":{"Dur\u00e9e de lecture estim\u00e9e":"2 minutes"},"schema":{"@context":"https:\/\/schema.org","@graph":[{"@type":"WebPage","@id":"https:\/\/tourtravelandmore.com\/fr\/tours\/norvege-fr\/oslo-fr\/transfert-prive-a-oslo\/","url":"https:\/\/tourtravelandmore.com\/fr\/tours\/norvege-fr\/oslo-fr\/transfert-prive-a-oslo\/","name":"Transfert priv\u00e9 a\u00e9roport \/ port d'Oslo - Transfert priv\u00e9 d'Oslo","isPartOf":{"@id":"https:\/\/tourtravelandmore.com\/fr\/#website"},"primaryImageOfPage":{"@id":"https:\/\/tourtravelandmore.com\/fr\/tours\/norvege-fr\/oslo-fr\/transfert-prive-a-oslo\/#primaryimage"},"image":{"@id":"https:\/\/tourtravelandmore.com\/fr\/tours\/norvege-fr\/oslo-fr\/transfert-prive-a-oslo\/#primaryimage"},"thumbnailUrl":"https:\/\/tourtravelandmore.com\/wp-content\/uploads\/2016\/11\/TrasladoAlicante-1.png","datePublished":"2019-10-10T11:09:58+00:00","dateModified":"2021-03-22T19:16:42+00:00","description":"Arrivez \u00e0 votre destination finale \u00e0 Oslo avec notre transfert priv\u00e9 \u00e0 Oslo. V\u00e9hicule priv\u00e9 avec chauffeur pour vous rendre confortablement \u00e0 votre emplacement.","breadcrumb":{"@id":"https:\/\/tourtravelandmore.com\/fr\/tours\/norvege-fr\/oslo-fr\/transfert-prive-a-oslo\/#breadcrumb"},"inLanguage":"fr-FR","potentialAction":[{"@type":"ReadAction","target":["https:\/\/tourtravelandmore.com\/fr\/tours\/norvege-fr\/oslo-fr\/transfert-prive-a-oslo\/"]}]},{"@type":"ImageObject","inLanguage":"fr-FR","@id":"https:\/\/tourtravelandmore.com\/fr\/tours\/norvege-fr\/oslo-fr\/transfert-prive-a-oslo\/#primaryimage","url":"https:\/\/tourtravelandmore.com\/wp-content\/uploads\/2016\/11\/TrasladoAlicante-1.png","contentUrl":"https:\/\/tourtravelandmore.com\/wp-content\/uploads\/2016\/11\/TrasladoAlicante-1.png","width":640,"height":425},{"@type":"BreadcrumbList","@id":"https:\/\/tourtravelandmore.com\/fr\/tours\/norvege-fr\/oslo-fr\/transfert-prive-a-oslo\/#breadcrumb","itemListElement":[{"@type":"ListItem","position":1,"name":"Home","item":"https:\/\/tourtravelandmore.com\/fr\/"},{"@type":"ListItem","position":2,"name":"Tours","item":"https:\/\/tourtravelandmore.com\/fr\/tours\/"},{"@type":"ListItem","position":3,"name":"Transfert priv\u00e9 \u00e0 Oslo"}]},{"@type":"WebSite","@id":"https:\/\/tourtravelandmore.com\/fr\/#website","url":"https:\/\/tourtravelandmore.com\/fr\/","name":"Tour Travel And More","description":"Private sightseeing tours and luxury transfers in Spain","publisher":{"@id":"https:\/\/tourtravelandmore.com\/fr\/#organization"},"potentialAction":[{"@type":"SearchAction","target":{"@type":"EntryPoint","urlTemplate":"https:\/\/tourtravelandmore.com\/fr\/?s={search_term_string}"},"query-input":{"@type":"PropertyValueSpecification","valueRequired":true,"valueName":"search_term_string"}}],"inLanguage":"fr-FR"},{"@type":"Organization","@id":"https:\/\/tourtravelandmore.com\/fr\/#organization","name":"Tour Travel And More","url":"https:\/\/tourtravelandmore.com\/fr\/","logo":{"@type":"ImageObject","inLanguage":"fr-FR","@id":"https:\/\/tourtravelandmore.com\/fr\/#\/schema\/logo\/image\/","url":"https:\/\/tourtravelandmore.com\/wp-content\/uploads\/2022\/12\/cropped-logo-cabecera-new.png","contentUrl":"https:\/\/tourtravelandmore.com\/wp-content\/uploads\/2022\/12\/cropped-logo-cabecera-new.png","width":430,"height":61,"caption":"Tour Travel And More"},"image":{"@id":"https:\/\/tourtravelandmore.com\/fr\/#\/schema\/logo\/image\/"},"sameAs":["https:\/\/www.facebook.com\/tourtravelandmore\/","https:\/\/x.com\/TourTravel_More"]}]}},"_links":{"self":[{"href":"https:\/\/tourtravelandmore.com\/fr\/wp-json\/wp\/v2\/product\/104676","targetHints":{"allow":["GET"]}}],"collection":[{"href":"https:\/\/tourtravelandmore.com\/fr\/wp-json\/wp\/v2\/product"}],"about":[{"href":"https:\/\/tourtravelandmore.com\/fr\/wp-json\/wp\/v2\/types\/product"}],"replies":[{"embeddable":true,"href":"https:\/\/tourtravelandmore.com\/fr\/wp-json\/wp\/v2\/comments?post=104676"}],"wp:featuredmedia":[{"embeddable":true,"href":"https:\/\/tourtravelandmore.com\/fr\/wp-json\/wp\/v2\/media\/95809"}],"wp:attachment":[{"href":"https:\/\/tourtravelandmore.com\/fr\/wp-json\/wp\/v2\/media?parent=104676"}],"wp:term":[{"taxonomy":"product_brand","embeddable":true,"href":"https:\/\/tourtravelandmore.com\/fr\/wp-json\/wp\/v2\/product_brand?post=104676"},{"taxonomy":"product_cat","embeddable":true,"href":"https:\/\/tourtravelandmore.com\/fr\/wp-json\/wp\/v2\/product_cat?post=104676"},{"taxonomy":"product_tag","embeddable":true,"href":"https:\/\/tourtravelandmore.com\/fr\/wp-json\/wp\/v2\/product_tag?post=104676"}],"curies":[{"name":"wp","href":"https:\/\/api.w.org\/{rel}","templated":true}]}}