{"id":104662,"date":"2016-11-10T11:31:37","date_gmt":"2016-11-10T10:31:37","guid":{"rendered":"https:\/\/tourtravelandmore.com\/tours\/non%20class\u00e9\/visiter-le-shopping-a-miami\/"},"modified":"2021-03-22T11:37:11","modified_gmt":"2021-03-22T10:37:11","slug":"visiter-le-shopping-a-miami","status":"publish","type":"product","link":"https:\/\/tourtravelandmore.com\/fr\/tours\/etats-unis-fr\/miami-fr\/visiter-le-shopping-a-miami\/","title":{"rendered":"Visiter le shopping \u00e0 Miami"},"content":{"rendered":"<h2>Description:<\/h2>\n<p>Quand on pense \u00e0 Miami, on pense d&#8217;abord aux plages de sable et bien s\u00fbr au shopping. Ce tour de shopping priv\u00e9 \u00e0 Miami est une exp\u00e9rience formidable pour obtenir les meilleures offres et de merveilleux magasins de la ville.<\/p>\n<p>Pour ce Shopping Tour Miami, nous avons de nombreuses options diff\u00e9rentes. Nous organiserons une prise en charge priv\u00e9e avec l&#8217;un de nos v\u00e9hicules priv\u00e9s. Notre chauffeur-guide vous attendra pour vous chercher et vous emmener dans cette exp\u00e9rience de magasinage priv\u00e9e.<\/p>\n<p>Cette proposition est pour 4 heures. Nous pouvons organiser 6 heures ou m\u00eame une exp\u00e9rience plus longue.<\/p>\n<p>Un exemple des meilleurs centres commerciaux peut \u00eatre Sawgrass Mills Mall, Dolphin Mall, Adventure Mall et encore plus d&#8217;options disponibles.<\/p>\n<p>Faites-nous savoir ce qui vous int\u00e9resse le plus et nous organiserons votre exp\u00e9rience d&#8217;achat.<\/p>\n<h2>Sites d&#8217;int\u00e9r\u00eat et monuments<\/h2>\n<p>Voici deux exemples de ce que nous pouvons vous offrir lors de ce tour de shopping priv\u00e9 \u00e0 Miami.<\/p>\n<p>Transferts priv\u00e9s aller-retour. Avec cette option, nous vous emmenons dans l&#8217;un des centres commerciaux \u00e0 l&#8217;heure souhait\u00e9e et viendrons vous chercher dans l&#8217;apr\u00e8s-midi<br \/>\nChauffeur priv\u00e9 \u00e0 votre disposition. Avec cette option, vous pouvez visiter un ou plusieurs centres commerciaux, \u00e0 d\u00e9sirer au moment de la r\u00e9servation<\/p>\n<p>Voici quelques exemples des meilleurs endroits pour faire du shopping \u00e0 Miami:<\/p>\n<ul>\n<li>Centre-ville de Brickell<\/li>\n<li>Les boutiques de Miami Midtown<\/li>\n<li>Les boutiques de Mary Brickell Village<\/li>\n<li>Quartier du design de Miami<\/li>\n<li>Cinqui\u00e8me et Alton<\/li>\n<li>Centre commercial Sawgrass Mills<\/li>\n<li>Centre commercial Dolphin<\/li>\n<li>Centre commercial aventure<\/li>\n<li>March\u00e9 de Bayside<\/li>\n<li>Boutiques \u00e0 Merrick Park<\/li>\n<li>Mille miracle<\/li>\n<li>Endroit du coucher du soleil<\/li>\n<\/ul>\n<p>Une fois votre visite termin\u00e9e, votre chauffeur-guide priv\u00e9 vous ram\u00e8nera \u00e0 votre h\u00f4tel ou au port de croisi\u00e8re de Miami.<\/p>\n<p>Voici une liste de nos autres visites priv\u00e9es. Nous pouvons personnaliser tout ce que vous souhaitez.<\/p>\n","protected":false},"excerpt":{"rendered":"<p>Profitez d&#8217;une visite priv\u00e9e des boutiques des meilleurs centres commerciaux de Miami. Sawgrass Mills Mall, Dolphin Mall, Adventure Mall. Prise en charge \u00e0 l&#8217;h\u00f4tel, au port de croisi\u00e8re ou au site souhait\u00e9 \u00e0 Miami.<\/p>\n","protected":false},"featured_media":94057,"comment_status":"open","ping_status":"closed","template":"","meta":{"_acf_changed":false},"product_brand":[],"product_cat":[3547,3793],"product_tag":[],"class_list":{"0":"post-104662","1":"product","2":"type-product","3":"status-publish","4":"has-post-thumbnail","6":"product_cat-etats-unis-fr","7":"product_cat-miami-fr","9":"first","10":"instock","11":"shipping-taxable","12":"purchasable","13":"product-type-simple"},"acf":[],"yoast_head":"<!-- This site is optimized with the Yoast SEO Premium plugin v25.3.1 (Yoast SEO v25.3.1) - https:\/\/yoast.com\/wordpress\/plugins\/seo\/ -->\n<title>Shopping Tour Miami - Chauffeur-guide priv\u00e9 pour une exp\u00e9rience unique<\/title>\n<meta name=\"description\" content=\"Visite de shopping \u00e0 Miami. Visite shopping des meilleurs centres commerciaux de Miami. Sawgrass Mills Mall, Dolphin Mall, Adventure Mall, excursion \u00e0 terre ou exp\u00e9rience de magasinage.\" \/>\n<meta name=\"robots\" content=\"index, follow, max-snippet:-1, max-image-preview:large, max-video-preview:-1\" \/>\n<link rel=\"canonical\" href=\"https:\/\/tourtravelandmore.com\/fr\/tours\/etats-unis-fr\/miami-fr\/visiter-le-shopping-a-miami\/\" \/>\n<meta property=\"og:locale\" content=\"fr_FR\" \/>\n<meta property=\"og:type\" content=\"article\" \/>\n<meta property=\"og:title\" content=\"Visiter le shopping \u00e0 Miami\" \/>\n<meta property=\"og:description\" content=\"Visite de shopping \u00e0 Miami. Visite shopping des meilleurs centres commerciaux de Miami. Sawgrass Mills Mall, Dolphin Mall, Adventure Mall, excursion \u00e0 terre ou exp\u00e9rience de magasinage.\" \/>\n<meta property=\"og:url\" content=\"https:\/\/tourtravelandmore.com\/fr\/tours\/etats-unis-fr\/miami-fr\/visiter-le-shopping-a-miami\/\" \/>\n<meta property=\"og:site_name\" content=\"Tour Travel And More\" \/>\n<meta property=\"article:publisher\" content=\"https:\/\/www.facebook.com\/tourtravelandmore\/\" \/>\n<meta property=\"article:modified_time\" content=\"2021-03-22T10:37:11+00:00\" \/>\n<meta property=\"og:image\" content=\"https:\/\/tourtravelandmore.com\/wp-content\/uploads\/2016\/11\/Dolphin-Mall_54_990x660_201404181635.jpg\" \/>\n\t<meta property=\"og:image:width\" content=\"990\" \/>\n\t<meta property=\"og:image:height\" content=\"660\" \/>\n\t<meta property=\"og:image:type\" content=\"image\/jpeg\" \/>\n<meta name=\"twitter:card\" content=\"summary_large_image\" \/>\n<meta name=\"twitter:site\" content=\"@TourTravel_More\" \/>\n<meta name=\"twitter:label1\" content=\"Dur\u00e9e de lecture estim\u00e9e\" \/>\n\t<meta name=\"twitter:data1\" content=\"2 minutes\" \/>\n<script type=\"application\/ld+json\" class=\"yoast-schema-graph\">{\"@context\":\"https:\/\/schema.org\",\"@graph\":[{\"@type\":\"WebPage\",\"@id\":\"https:\/\/tourtravelandmore.com\/fr\/tours\/etats-unis-fr\/miami-fr\/visiter-le-shopping-a-miami\/\",\"url\":\"https:\/\/tourtravelandmore.com\/fr\/tours\/etats-unis-fr\/miami-fr\/visiter-le-shopping-a-miami\/\",\"name\":\"Shopping Tour Miami - Chauffeur-guide priv\u00e9 pour une exp\u00e9rience unique\",\"isPartOf\":{\"@id\":\"https:\/\/tourtravelandmore.com\/fr\/#website\"},\"primaryImageOfPage\":{\"@id\":\"https:\/\/tourtravelandmore.com\/fr\/tours\/etats-unis-fr\/miami-fr\/visiter-le-shopping-a-miami\/#primaryimage\"},\"image\":{\"@id\":\"https:\/\/tourtravelandmore.com\/fr\/tours\/etats-unis-fr\/miami-fr\/visiter-le-shopping-a-miami\/#primaryimage\"},\"thumbnailUrl\":\"https:\/\/tourtravelandmore.com\/wp-content\/uploads\/2016\/11\/Dolphin-Mall_54_990x660_201404181635.jpg\",\"datePublished\":\"2016-11-10T10:31:37+00:00\",\"dateModified\":\"2021-03-22T10:37:11+00:00\",\"description\":\"Visite de shopping \u00e0 Miami. Visite shopping des meilleurs centres commerciaux de Miami. Sawgrass Mills Mall, Dolphin Mall, Adventure Mall, excursion \u00e0 terre ou exp\u00e9rience de magasinage.\",\"breadcrumb\":{\"@id\":\"https:\/\/tourtravelandmore.com\/fr\/tours\/etats-unis-fr\/miami-fr\/visiter-le-shopping-a-miami\/#breadcrumb\"},\"inLanguage\":\"fr-FR\",\"potentialAction\":[{\"@type\":\"ReadAction\",\"target\":[\"https:\/\/tourtravelandmore.com\/fr\/tours\/etats-unis-fr\/miami-fr\/visiter-le-shopping-a-miami\/\"]}]},{\"@type\":\"ImageObject\",\"inLanguage\":\"fr-FR\",\"@id\":\"https:\/\/tourtravelandmore.com\/fr\/tours\/etats-unis-fr\/miami-fr\/visiter-le-shopping-a-miami\/#primaryimage\",\"url\":\"https:\/\/tourtravelandmore.com\/wp-content\/uploads\/2016\/11\/Dolphin-Mall_54_990x660_201404181635.jpg\",\"contentUrl\":\"https:\/\/tourtravelandmore.com\/wp-content\/uploads\/2016\/11\/Dolphin-Mall_54_990x660_201404181635.jpg\",\"width\":990,\"height\":660},{\"@type\":\"BreadcrumbList\",\"@id\":\"https:\/\/tourtravelandmore.com\/fr\/tours\/etats-unis-fr\/miami-fr\/visiter-le-shopping-a-miami\/#breadcrumb\",\"itemListElement\":[{\"@type\":\"ListItem\",\"position\":1,\"name\":\"Home\",\"item\":\"https:\/\/tourtravelandmore.com\/fr\/\"},{\"@type\":\"ListItem\",\"position\":2,\"name\":\"Tours\",\"item\":\"https:\/\/tourtravelandmore.com\/fr\/tours\/\"},{\"@type\":\"ListItem\",\"position\":3,\"name\":\"Visiter le shopping \u00e0 Miami\"}]},{\"@type\":\"WebSite\",\"@id\":\"https:\/\/tourtravelandmore.com\/fr\/#website\",\"url\":\"https:\/\/tourtravelandmore.com\/fr\/\",\"name\":\"Tour Travel And More\",\"description\":\"Private sightseeing tours and luxury transfers in Spain\",\"publisher\":{\"@id\":\"https:\/\/tourtravelandmore.com\/fr\/#organization\"},\"potentialAction\":[{\"@type\":\"SearchAction\",\"target\":{\"@type\":\"EntryPoint\",\"urlTemplate\":\"https:\/\/tourtravelandmore.com\/fr\/?s={search_term_string}\"},\"query-input\":{\"@type\":\"PropertyValueSpecification\",\"valueRequired\":true,\"valueName\":\"search_term_string\"}}],\"inLanguage\":\"fr-FR\"},{\"@type\":\"Organization\",\"@id\":\"https:\/\/tourtravelandmore.com\/fr\/#organization\",\"name\":\"Tour Travel And More\",\"url\":\"https:\/\/tourtravelandmore.com\/fr\/\",\"logo\":{\"@type\":\"ImageObject\",\"inLanguage\":\"fr-FR\",\"@id\":\"https:\/\/tourtravelandmore.com\/fr\/#\/schema\/logo\/image\/\",\"url\":\"https:\/\/tourtravelandmore.com\/wp-content\/uploads\/2022\/12\/cropped-logo-cabecera-new.png\",\"contentUrl\":\"https:\/\/tourtravelandmore.com\/wp-content\/uploads\/2022\/12\/cropped-logo-cabecera-new.png\",\"width\":430,\"height\":61,\"caption\":\"Tour Travel And More\"},\"image\":{\"@id\":\"https:\/\/tourtravelandmore.com\/fr\/#\/schema\/logo\/image\/\"},\"sameAs\":[\"https:\/\/www.facebook.com\/tourtravelandmore\/\",\"https:\/\/x.com\/TourTravel_More\"]}]}<\/script>\n<!-- \/ Yoast SEO Premium plugin. -->","yoast_head_json":{"title":"Shopping Tour Miami - Chauffeur-guide priv\u00e9 pour une exp\u00e9rience unique","description":"Visite de shopping \u00e0 Miami. Visite shopping des meilleurs centres commerciaux de Miami. Sawgrass Mills Mall, Dolphin Mall, Adventure Mall, excursion \u00e0 terre ou exp\u00e9rience de magasinage.","robots":{"index":"index","follow":"follow","max-snippet":"max-snippet:-1","max-image-preview":"max-image-preview:large","max-video-preview":"max-video-preview:-1"},"canonical":"https:\/\/tourtravelandmore.com\/fr\/tours\/etats-unis-fr\/miami-fr\/visiter-le-shopping-a-miami\/","og_locale":"fr_FR","og_type":"article","og_title":"Visiter le shopping \u00e0 Miami","og_description":"Visite de shopping \u00e0 Miami. Visite shopping des meilleurs centres commerciaux de Miami. Sawgrass Mills Mall, Dolphin Mall, Adventure Mall, excursion \u00e0 terre ou exp\u00e9rience de magasinage.","og_url":"https:\/\/tourtravelandmore.com\/fr\/tours\/etats-unis-fr\/miami-fr\/visiter-le-shopping-a-miami\/","og_site_name":"Tour Travel And More","article_publisher":"https:\/\/www.facebook.com\/tourtravelandmore\/","article_modified_time":"2021-03-22T10:37:11+00:00","og_image":[{"width":990,"height":660,"url":"https:\/\/tourtravelandmore.com\/wp-content\/uploads\/2016\/11\/Dolphin-Mall_54_990x660_201404181635.jpg","type":"image\/jpeg"}],"twitter_card":"summary_large_image","twitter_site":"@TourTravel_More","twitter_misc":{"Dur\u00e9e de lecture estim\u00e9e":"2 minutes"},"schema":{"@context":"https:\/\/schema.org","@graph":[{"@type":"WebPage","@id":"https:\/\/tourtravelandmore.com\/fr\/tours\/etats-unis-fr\/miami-fr\/visiter-le-shopping-a-miami\/","url":"https:\/\/tourtravelandmore.com\/fr\/tours\/etats-unis-fr\/miami-fr\/visiter-le-shopping-a-miami\/","name":"Shopping Tour Miami - Chauffeur-guide priv\u00e9 pour une exp\u00e9rience unique","isPartOf":{"@id":"https:\/\/tourtravelandmore.com\/fr\/#website"},"primaryImageOfPage":{"@id":"https:\/\/tourtravelandmore.com\/fr\/tours\/etats-unis-fr\/miami-fr\/visiter-le-shopping-a-miami\/#primaryimage"},"image":{"@id":"https:\/\/tourtravelandmore.com\/fr\/tours\/etats-unis-fr\/miami-fr\/visiter-le-shopping-a-miami\/#primaryimage"},"thumbnailUrl":"https:\/\/tourtravelandmore.com\/wp-content\/uploads\/2016\/11\/Dolphin-Mall_54_990x660_201404181635.jpg","datePublished":"2016-11-10T10:31:37+00:00","dateModified":"2021-03-22T10:37:11+00:00","description":"Visite de shopping \u00e0 Miami. Visite shopping des meilleurs centres commerciaux de Miami. Sawgrass Mills Mall, Dolphin Mall, Adventure Mall, excursion \u00e0 terre ou exp\u00e9rience de magasinage.","breadcrumb":{"@id":"https:\/\/tourtravelandmore.com\/fr\/tours\/etats-unis-fr\/miami-fr\/visiter-le-shopping-a-miami\/#breadcrumb"},"inLanguage":"fr-FR","potentialAction":[{"@type":"ReadAction","target":["https:\/\/tourtravelandmore.com\/fr\/tours\/etats-unis-fr\/miami-fr\/visiter-le-shopping-a-miami\/"]}]},{"@type":"ImageObject","inLanguage":"fr-FR","@id":"https:\/\/tourtravelandmore.com\/fr\/tours\/etats-unis-fr\/miami-fr\/visiter-le-shopping-a-miami\/#primaryimage","url":"https:\/\/tourtravelandmore.com\/wp-content\/uploads\/2016\/11\/Dolphin-Mall_54_990x660_201404181635.jpg","contentUrl":"https:\/\/tourtravelandmore.com\/wp-content\/uploads\/2016\/11\/Dolphin-Mall_54_990x660_201404181635.jpg","width":990,"height":660},{"@type":"BreadcrumbList","@id":"https:\/\/tourtravelandmore.com\/fr\/tours\/etats-unis-fr\/miami-fr\/visiter-le-shopping-a-miami\/#breadcrumb","itemListElement":[{"@type":"ListItem","position":1,"name":"Home","item":"https:\/\/tourtravelandmore.com\/fr\/"},{"@type":"ListItem","position":2,"name":"Tours","item":"https:\/\/tourtravelandmore.com\/fr\/tours\/"},{"@type":"ListItem","position":3,"name":"Visiter le shopping \u00e0 Miami"}]},{"@type":"WebSite","@id":"https:\/\/tourtravelandmore.com\/fr\/#website","url":"https:\/\/tourtravelandmore.com\/fr\/","name":"Tour Travel And More","description":"Private sightseeing tours and luxury transfers in Spain","publisher":{"@id":"https:\/\/tourtravelandmore.com\/fr\/#organization"},"potentialAction":[{"@type":"SearchAction","target":{"@type":"EntryPoint","urlTemplate":"https:\/\/tourtravelandmore.com\/fr\/?s={search_term_string}"},"query-input":{"@type":"PropertyValueSpecification","valueRequired":true,"valueName":"search_term_string"}}],"inLanguage":"fr-FR"},{"@type":"Organization","@id":"https:\/\/tourtravelandmore.com\/fr\/#organization","name":"Tour Travel And More","url":"https:\/\/tourtravelandmore.com\/fr\/","logo":{"@type":"ImageObject","inLanguage":"fr-FR","@id":"https:\/\/tourtravelandmore.com\/fr\/#\/schema\/logo\/image\/","url":"https:\/\/tourtravelandmore.com\/wp-content\/uploads\/2022\/12\/cropped-logo-cabecera-new.png","contentUrl":"https:\/\/tourtravelandmore.com\/wp-content\/uploads\/2022\/12\/cropped-logo-cabecera-new.png","width":430,"height":61,"caption":"Tour Travel And More"},"image":{"@id":"https:\/\/tourtravelandmore.com\/fr\/#\/schema\/logo\/image\/"},"sameAs":["https:\/\/www.facebook.com\/tourtravelandmore\/","https:\/\/x.com\/TourTravel_More"]}]}},"_links":{"self":[{"href":"https:\/\/tourtravelandmore.com\/fr\/wp-json\/wp\/v2\/product\/104662","targetHints":{"allow":["GET"]}}],"collection":[{"href":"https:\/\/tourtravelandmore.com\/fr\/wp-json\/wp\/v2\/product"}],"about":[{"href":"https:\/\/tourtravelandmore.com\/fr\/wp-json\/wp\/v2\/types\/product"}],"replies":[{"embeddable":true,"href":"https:\/\/tourtravelandmore.com\/fr\/wp-json\/wp\/v2\/comments?post=104662"}],"wp:featuredmedia":[{"embeddable":true,"href":"https:\/\/tourtravelandmore.com\/fr\/wp-json\/wp\/v2\/media\/94057"}],"wp:attachment":[{"href":"https:\/\/tourtravelandmore.com\/fr\/wp-json\/wp\/v2\/media?parent=104662"}],"wp:term":[{"taxonomy":"product_brand","embeddable":true,"href":"https:\/\/tourtravelandmore.com\/fr\/wp-json\/wp\/v2\/product_brand?post=104662"},{"taxonomy":"product_cat","embeddable":true,"href":"https:\/\/tourtravelandmore.com\/fr\/wp-json\/wp\/v2\/product_cat?post=104662"},{"taxonomy":"product_tag","embeddable":true,"href":"https:\/\/tourtravelandmore.com\/fr\/wp-json\/wp\/v2\/product_tag?post=104662"}],"curies":[{"name":"wp","href":"https:\/\/api.w.org\/{rel}","templated":true}]}}