{"id":104657,"date":"2016-11-10T11:20:27","date_gmt":"2016-11-10T10:20:27","guid":{"rendered":"https:\/\/tourtravelandmore.com\/tours\/non%20class\u00e9\/visite-privee-de-key-west-au-depart-de-miami\/"},"modified":"2021-03-22T11:35:59","modified_gmt":"2021-03-22T10:35:59","slug":"visite-privee-de-key-west-au-depart-de-miami","status":"publish","type":"product","link":"https:\/\/tourtravelandmore.com\/fr\/tours\/etats-unis-fr\/miami-fr\/visite-privee-de-key-west-au-depart-de-miami\/","title":{"rendered":"Visite priv\u00e9e de Key West au d\u00e9part de Miami"},"content":{"rendered":"<h2>Description:<\/h2>\n<p>Faites notre visite priv\u00e9e de Key West au d\u00e9part de Miami. C&#8217;est une excellente journ\u00e9e compl\u00e8te pour d\u00e9couvrir les Keys de Floride.<\/p>\n<p>Key West est la partie la plus \u00e9loign\u00e9e de Miami et se trouve \u00e0 seulement 90 miles de la c\u00f4te cubaine. Il est connu pour ses plages uniques et ses incroyables r\u00e9cifs coralliens. Il regorge de trombes d&#8217;eau, de vie nocturne anim\u00e9e, de sites historiques et d&#8217;une grande architecture.<\/p>\n<p>Nous organiserons une prise en charge confortable depuis votre h\u00f4tel \u00e0 Miami et commencerons notre route vers Key West. Notre prise en charge priv\u00e9e peut \u00eatre de n&#8217;importe quel endroit \u00e0 Miami. Nous pouvons \u00e9galement organiser une prise en charge priv\u00e9e depuis le port de croisi\u00e8re, l&#8217;a\u00e9roport ou n&#8217;importe quel endroit de votre choix.<\/p>\n<p>Notre visite peut \u00eatre personnalis\u00e9e et s&#8217;adapter \u00e0 vos d\u00e9sirs exacts pour cette exp\u00e9rience d&#8217;une journ\u00e9e compl\u00e8te et la visite priv\u00e9e de Key West au d\u00e9part de Miami.<\/p>\n<h2>Sites d&#8217;int\u00e9r\u00eat et monuments<\/h2>\n<p>Nous nous dirigerons vers Key West et vous profiterez des meilleurs sites qu&#8217;il comprend.<\/p>\n<p>Avoir une vue sur:<\/p>\n<ul>\n<li>Rue Duval<\/li>\n<li>Petite maison blanche<\/li>\n<li>Ernest Hemingway<\/li>\n<li>Point le plus au sud<\/li>\n<li>Maison et mus\u00e9e Hemingway<\/li>\n<li>Mus\u00e9e du phare<\/li>\n<li>Place Mallory<\/li>\n<li>Point le plus au sud du continent am\u00e9ricain<\/li>\n<li>Fort Zachary Taylor<\/li>\n<li>Smathers Beach<\/li>\n<li>Phare de Key West<\/li>\n<li>Douane<\/li>\n<li>beaucoup plus<\/li>\n<\/ul>\n<p>Pour cette excursion priv\u00e9e d&#8217;une journ\u00e9e, nous pouvons ajouter des exp\u00e9riences suppl\u00e9mentaires pour vous. Nous pouvons organiser une plong\u00e9e priv\u00e9e sur la plage, ou nous pouvons m\u00eame ajouter un bateau priv\u00e9 pour une exp\u00e9rience sp\u00e9ciale.<\/p>\n<p>Vous pouvez \u00e9galement profiter du kayak ou de tout autre sport ou activit\u00e9 nautique que vous souhaitez.<\/p>\n<p>C&#8217;est la meilleure visite priv\u00e9e de Key West au d\u00e9part de Miami.<\/p>\n<p>Jetez un \u0153il \u00e0 nos autres visites priv\u00e9es \u00e0 Miami ici! Nous pouvons organiser une visite priv\u00e9e \u00e0 Islamorada et Key West si vous ne voulez pas aller aussi loin que Key West.<\/p>\n","protected":false},"excerpt":{"rendered":"<p>Profitez d&#8217;une exp\u00e9rience personnalis\u00e9e de Miami et visitez le magnifique Key West de la Floride. Prise en charge \u00e0 votre h\u00f4tel ou au port de croisi\u00e8re de Miami. Visite enti\u00e8rement priv\u00e9e en v\u00e9hicule semi-luxe avec chauffeur \/ guide professionnel.<\/p>\n","protected":false},"featured_media":94052,"comment_status":"open","ping_status":"closed","template":"","meta":{"_acf_changed":false},"product_brand":[],"product_cat":[3547,3793],"product_tag":[],"class_list":{"0":"post-104657","1":"product","2":"type-product","3":"status-publish","4":"has-post-thumbnail","6":"product_cat-etats-unis-fr","7":"product_cat-miami-fr","9":"first","10":"instock","11":"shipping-taxable","12":"purchasable","13":"product-type-simple"},"acf":[],"yoast_head":"<!-- This site is optimized with the Yoast SEO Premium plugin v25.3.1 (Yoast SEO v25.3.1) - https:\/\/yoast.com\/wordpress\/plugins\/seo\/ -->\n<title>Visite priv\u00e9e de Key West au d\u00e9part de Miami - chauffeur-guide priv\u00e9 pour votre visite<\/title>\n<meta name=\"description\" content=\"Visite priv\u00e9e de Key West au d\u00e9part de Miami. Prise en charge \u00e0 votre h\u00f4tel ou au port de croisi\u00e8re. Visite priv\u00e9e. V\u00e9hicule priv\u00e9 semi-luxe avec chauffeur.\" \/>\n<meta name=\"robots\" content=\"index, follow, max-snippet:-1, max-image-preview:large, max-video-preview:-1\" \/>\n<link rel=\"canonical\" href=\"https:\/\/tourtravelandmore.com\/fr\/tours\/etats-unis-fr\/miami-fr\/visite-privee-de-key-west-au-depart-de-miami\/\" \/>\n<meta property=\"og:locale\" content=\"fr_FR\" \/>\n<meta property=\"og:type\" content=\"article\" \/>\n<meta property=\"og:title\" content=\"Visite priv\u00e9e de Key West au d\u00e9part de Miami\" \/>\n<meta property=\"og:description\" content=\"Visite priv\u00e9e de Key West au d\u00e9part de Miami. Prise en charge \u00e0 votre h\u00f4tel ou au port de croisi\u00e8re. Visite priv\u00e9e. V\u00e9hicule priv\u00e9 semi-luxe avec chauffeur.\" \/>\n<meta property=\"og:url\" content=\"https:\/\/tourtravelandmore.com\/fr\/tours\/etats-unis-fr\/miami-fr\/visite-privee-de-key-west-au-depart-de-miami\/\" \/>\n<meta property=\"og:site_name\" content=\"Tour Travel And More\" \/>\n<meta property=\"article:publisher\" content=\"https:\/\/www.facebook.com\/tourtravelandmore\/\" \/>\n<meta property=\"article:modified_time\" content=\"2021-03-22T10:35:59+00:00\" \/>\n<meta property=\"og:image\" content=\"https:\/\/tourtravelandmore.com\/wp-content\/uploads\/2016\/11\/Fotos3-1.jpg\" \/>\n\t<meta property=\"og:image:width\" content=\"960\" \/>\n\t<meta property=\"og:image:height\" content=\"640\" \/>\n\t<meta property=\"og:image:type\" content=\"image\/jpeg\" \/>\n<meta name=\"twitter:card\" content=\"summary_large_image\" \/>\n<meta name=\"twitter:site\" content=\"@TourTravel_More\" \/>\n<meta name=\"twitter:label1\" content=\"Dur\u00e9e de lecture estim\u00e9e\" \/>\n\t<meta name=\"twitter:data1\" content=\"2 minutes\" \/>\n<script type=\"application\/ld+json\" class=\"yoast-schema-graph\">{\"@context\":\"https:\/\/schema.org\",\"@graph\":[{\"@type\":\"WebPage\",\"@id\":\"https:\/\/tourtravelandmore.com\/fr\/tours\/etats-unis-fr\/miami-fr\/visite-privee-de-key-west-au-depart-de-miami\/\",\"url\":\"https:\/\/tourtravelandmore.com\/fr\/tours\/etats-unis-fr\/miami-fr\/visite-privee-de-key-west-au-depart-de-miami\/\",\"name\":\"Visite priv\u00e9e de Key West au d\u00e9part de Miami - chauffeur-guide priv\u00e9 pour votre visite\",\"isPartOf\":{\"@id\":\"https:\/\/tourtravelandmore.com\/fr\/#website\"},\"primaryImageOfPage\":{\"@id\":\"https:\/\/tourtravelandmore.com\/fr\/tours\/etats-unis-fr\/miami-fr\/visite-privee-de-key-west-au-depart-de-miami\/#primaryimage\"},\"image\":{\"@id\":\"https:\/\/tourtravelandmore.com\/fr\/tours\/etats-unis-fr\/miami-fr\/visite-privee-de-key-west-au-depart-de-miami\/#primaryimage\"},\"thumbnailUrl\":\"https:\/\/tourtravelandmore.com\/wp-content\/uploads\/2016\/11\/Fotos3-1.jpg\",\"datePublished\":\"2016-11-10T10:20:27+00:00\",\"dateModified\":\"2021-03-22T10:35:59+00:00\",\"description\":\"Visite priv\u00e9e de Key West au d\u00e9part de Miami. Prise en charge \u00e0 votre h\u00f4tel ou au port de croisi\u00e8re. Visite priv\u00e9e. V\u00e9hicule priv\u00e9 semi-luxe avec chauffeur.\",\"breadcrumb\":{\"@id\":\"https:\/\/tourtravelandmore.com\/fr\/tours\/etats-unis-fr\/miami-fr\/visite-privee-de-key-west-au-depart-de-miami\/#breadcrumb\"},\"inLanguage\":\"fr-FR\",\"potentialAction\":[{\"@type\":\"ReadAction\",\"target\":[\"https:\/\/tourtravelandmore.com\/fr\/tours\/etats-unis-fr\/miami-fr\/visite-privee-de-key-west-au-depart-de-miami\/\"]}]},{\"@type\":\"ImageObject\",\"inLanguage\":\"fr-FR\",\"@id\":\"https:\/\/tourtravelandmore.com\/fr\/tours\/etats-unis-fr\/miami-fr\/visite-privee-de-key-west-au-depart-de-miami\/#primaryimage\",\"url\":\"https:\/\/tourtravelandmore.com\/wp-content\/uploads\/2016\/11\/Fotos3-1.jpg\",\"contentUrl\":\"https:\/\/tourtravelandmore.com\/wp-content\/uploads\/2016\/11\/Fotos3-1.jpg\",\"width\":960,\"height\":640},{\"@type\":\"BreadcrumbList\",\"@id\":\"https:\/\/tourtravelandmore.com\/fr\/tours\/etats-unis-fr\/miami-fr\/visite-privee-de-key-west-au-depart-de-miami\/#breadcrumb\",\"itemListElement\":[{\"@type\":\"ListItem\",\"position\":1,\"name\":\"Home\",\"item\":\"https:\/\/tourtravelandmore.com\/fr\/\"},{\"@type\":\"ListItem\",\"position\":2,\"name\":\"Tours\",\"item\":\"https:\/\/tourtravelandmore.com\/fr\/tours\/\"},{\"@type\":\"ListItem\",\"position\":3,\"name\":\"Visite priv\u00e9e de Key West au d\u00e9part de Miami\"}]},{\"@type\":\"WebSite\",\"@id\":\"https:\/\/tourtravelandmore.com\/fr\/#website\",\"url\":\"https:\/\/tourtravelandmore.com\/fr\/\",\"name\":\"Tour Travel And More\",\"description\":\"Private sightseeing tours and luxury transfers in Spain\",\"publisher\":{\"@id\":\"https:\/\/tourtravelandmore.com\/fr\/#organization\"},\"potentialAction\":[{\"@type\":\"SearchAction\",\"target\":{\"@type\":\"EntryPoint\",\"urlTemplate\":\"https:\/\/tourtravelandmore.com\/fr\/?s={search_term_string}\"},\"query-input\":{\"@type\":\"PropertyValueSpecification\",\"valueRequired\":true,\"valueName\":\"search_term_string\"}}],\"inLanguage\":\"fr-FR\"},{\"@type\":\"Organization\",\"@id\":\"https:\/\/tourtravelandmore.com\/fr\/#organization\",\"name\":\"Tour Travel And More\",\"url\":\"https:\/\/tourtravelandmore.com\/fr\/\",\"logo\":{\"@type\":\"ImageObject\",\"inLanguage\":\"fr-FR\",\"@id\":\"https:\/\/tourtravelandmore.com\/fr\/#\/schema\/logo\/image\/\",\"url\":\"https:\/\/tourtravelandmore.com\/wp-content\/uploads\/2022\/12\/cropped-logo-cabecera-new.png\",\"contentUrl\":\"https:\/\/tourtravelandmore.com\/wp-content\/uploads\/2022\/12\/cropped-logo-cabecera-new.png\",\"width\":430,\"height\":61,\"caption\":\"Tour Travel And More\"},\"image\":{\"@id\":\"https:\/\/tourtravelandmore.com\/fr\/#\/schema\/logo\/image\/\"},\"sameAs\":[\"https:\/\/www.facebook.com\/tourtravelandmore\/\",\"https:\/\/x.com\/TourTravel_More\"]}]}<\/script>\n<!-- \/ Yoast SEO Premium plugin. -->","yoast_head_json":{"title":"Visite priv\u00e9e de Key West au d\u00e9part de Miami - chauffeur-guide priv\u00e9 pour votre visite","description":"Visite priv\u00e9e de Key West au d\u00e9part de Miami. Prise en charge \u00e0 votre h\u00f4tel ou au port de croisi\u00e8re. Visite priv\u00e9e. V\u00e9hicule priv\u00e9 semi-luxe avec chauffeur.","robots":{"index":"index","follow":"follow","max-snippet":"max-snippet:-1","max-image-preview":"max-image-preview:large","max-video-preview":"max-video-preview:-1"},"canonical":"https:\/\/tourtravelandmore.com\/fr\/tours\/etats-unis-fr\/miami-fr\/visite-privee-de-key-west-au-depart-de-miami\/","og_locale":"fr_FR","og_type":"article","og_title":"Visite priv\u00e9e de Key West au d\u00e9part de Miami","og_description":"Visite priv\u00e9e de Key West au d\u00e9part de Miami. Prise en charge \u00e0 votre h\u00f4tel ou au port de croisi\u00e8re. Visite priv\u00e9e. V\u00e9hicule priv\u00e9 semi-luxe avec chauffeur.","og_url":"https:\/\/tourtravelandmore.com\/fr\/tours\/etats-unis-fr\/miami-fr\/visite-privee-de-key-west-au-depart-de-miami\/","og_site_name":"Tour Travel And More","article_publisher":"https:\/\/www.facebook.com\/tourtravelandmore\/","article_modified_time":"2021-03-22T10:35:59+00:00","og_image":[{"width":960,"height":640,"url":"https:\/\/tourtravelandmore.com\/wp-content\/uploads\/2016\/11\/Fotos3-1.jpg","type":"image\/jpeg"}],"twitter_card":"summary_large_image","twitter_site":"@TourTravel_More","twitter_misc":{"Dur\u00e9e de lecture estim\u00e9e":"2 minutes"},"schema":{"@context":"https:\/\/schema.org","@graph":[{"@type":"WebPage","@id":"https:\/\/tourtravelandmore.com\/fr\/tours\/etats-unis-fr\/miami-fr\/visite-privee-de-key-west-au-depart-de-miami\/","url":"https:\/\/tourtravelandmore.com\/fr\/tours\/etats-unis-fr\/miami-fr\/visite-privee-de-key-west-au-depart-de-miami\/","name":"Visite priv\u00e9e de Key West au d\u00e9part de Miami - chauffeur-guide priv\u00e9 pour votre visite","isPartOf":{"@id":"https:\/\/tourtravelandmore.com\/fr\/#website"},"primaryImageOfPage":{"@id":"https:\/\/tourtravelandmore.com\/fr\/tours\/etats-unis-fr\/miami-fr\/visite-privee-de-key-west-au-depart-de-miami\/#primaryimage"},"image":{"@id":"https:\/\/tourtravelandmore.com\/fr\/tours\/etats-unis-fr\/miami-fr\/visite-privee-de-key-west-au-depart-de-miami\/#primaryimage"},"thumbnailUrl":"https:\/\/tourtravelandmore.com\/wp-content\/uploads\/2016\/11\/Fotos3-1.jpg","datePublished":"2016-11-10T10:20:27+00:00","dateModified":"2021-03-22T10:35:59+00:00","description":"Visite priv\u00e9e de Key West au d\u00e9part de Miami. Prise en charge \u00e0 votre h\u00f4tel ou au port de croisi\u00e8re. Visite priv\u00e9e. V\u00e9hicule priv\u00e9 semi-luxe avec chauffeur.","breadcrumb":{"@id":"https:\/\/tourtravelandmore.com\/fr\/tours\/etats-unis-fr\/miami-fr\/visite-privee-de-key-west-au-depart-de-miami\/#breadcrumb"},"inLanguage":"fr-FR","potentialAction":[{"@type":"ReadAction","target":["https:\/\/tourtravelandmore.com\/fr\/tours\/etats-unis-fr\/miami-fr\/visite-privee-de-key-west-au-depart-de-miami\/"]}]},{"@type":"ImageObject","inLanguage":"fr-FR","@id":"https:\/\/tourtravelandmore.com\/fr\/tours\/etats-unis-fr\/miami-fr\/visite-privee-de-key-west-au-depart-de-miami\/#primaryimage","url":"https:\/\/tourtravelandmore.com\/wp-content\/uploads\/2016\/11\/Fotos3-1.jpg","contentUrl":"https:\/\/tourtravelandmore.com\/wp-content\/uploads\/2016\/11\/Fotos3-1.jpg","width":960,"height":640},{"@type":"BreadcrumbList","@id":"https:\/\/tourtravelandmore.com\/fr\/tours\/etats-unis-fr\/miami-fr\/visite-privee-de-key-west-au-depart-de-miami\/#breadcrumb","itemListElement":[{"@type":"ListItem","position":1,"name":"Home","item":"https:\/\/tourtravelandmore.com\/fr\/"},{"@type":"ListItem","position":2,"name":"Tours","item":"https:\/\/tourtravelandmore.com\/fr\/tours\/"},{"@type":"ListItem","position":3,"name":"Visite priv\u00e9e de Key West au d\u00e9part de Miami"}]},{"@type":"WebSite","@id":"https:\/\/tourtravelandmore.com\/fr\/#website","url":"https:\/\/tourtravelandmore.com\/fr\/","name":"Tour Travel And More","description":"Private sightseeing tours and luxury transfers in Spain","publisher":{"@id":"https:\/\/tourtravelandmore.com\/fr\/#organization"},"potentialAction":[{"@type":"SearchAction","target":{"@type":"EntryPoint","urlTemplate":"https:\/\/tourtravelandmore.com\/fr\/?s={search_term_string}"},"query-input":{"@type":"PropertyValueSpecification","valueRequired":true,"valueName":"search_term_string"}}],"inLanguage":"fr-FR"},{"@type":"Organization","@id":"https:\/\/tourtravelandmore.com\/fr\/#organization","name":"Tour Travel And More","url":"https:\/\/tourtravelandmore.com\/fr\/","logo":{"@type":"ImageObject","inLanguage":"fr-FR","@id":"https:\/\/tourtravelandmore.com\/fr\/#\/schema\/logo\/image\/","url":"https:\/\/tourtravelandmore.com\/wp-content\/uploads\/2022\/12\/cropped-logo-cabecera-new.png","contentUrl":"https:\/\/tourtravelandmore.com\/wp-content\/uploads\/2022\/12\/cropped-logo-cabecera-new.png","width":430,"height":61,"caption":"Tour Travel And More"},"image":{"@id":"https:\/\/tourtravelandmore.com\/fr\/#\/schema\/logo\/image\/"},"sameAs":["https:\/\/www.facebook.com\/tourtravelandmore\/","https:\/\/x.com\/TourTravel_More"]}]}},"_links":{"self":[{"href":"https:\/\/tourtravelandmore.com\/fr\/wp-json\/wp\/v2\/product\/104657","targetHints":{"allow":["GET"]}}],"collection":[{"href":"https:\/\/tourtravelandmore.com\/fr\/wp-json\/wp\/v2\/product"}],"about":[{"href":"https:\/\/tourtravelandmore.com\/fr\/wp-json\/wp\/v2\/types\/product"}],"replies":[{"embeddable":true,"href":"https:\/\/tourtravelandmore.com\/fr\/wp-json\/wp\/v2\/comments?post=104657"}],"wp:featuredmedia":[{"embeddable":true,"href":"https:\/\/tourtravelandmore.com\/fr\/wp-json\/wp\/v2\/media\/94052"}],"wp:attachment":[{"href":"https:\/\/tourtravelandmore.com\/fr\/wp-json\/wp\/v2\/media?parent=104657"}],"wp:term":[{"taxonomy":"product_brand","embeddable":true,"href":"https:\/\/tourtravelandmore.com\/fr\/wp-json\/wp\/v2\/product_brand?post=104657"},{"taxonomy":"product_cat","embeddable":true,"href":"https:\/\/tourtravelandmore.com\/fr\/wp-json\/wp\/v2\/product_cat?post=104657"},{"taxonomy":"product_tag","embeddable":true,"href":"https:\/\/tourtravelandmore.com\/fr\/wp-json\/wp\/v2\/product_tag?post=104657"}],"curies":[{"name":"wp","href":"https:\/\/api.w.org\/{rel}","templated":true}]}}