{"id":104656,"date":"2016-11-10T11:12:38","date_gmt":"2016-11-10T10:12:38","guid":{"rendered":"https:\/\/tourtravelandmore.com\/tours\/non%20class\u00e9\/visite-privee-de-key-largo-et-isla-morada\/"},"modified":"2021-03-22T11:34:43","modified_gmt":"2021-03-22T10:34:43","slug":"visite-privee-de-key-largo-et-isla-morada","status":"publish","type":"product","link":"https:\/\/tourtravelandmore.com\/fr\/tours\/etats-unis-fr\/miami-fr\/visite-privee-de-key-largo-et-isla-morada\/","title":{"rendered":"Visite priv\u00e9e de Key Largo et Isla Morada"},"content":{"rendered":"<h2>Description:<\/h2>\n<p>Participez \u00e0 notre visite priv\u00e9e de Key Largo et Isla Morada pour une exp\u00e9rience formidable et d\u00e9couvrir une partie des cl\u00e9s.<\/p>\n<p>Notre chauffeur-guide priv\u00e9 vous attendra pour une prise en charge confortable depuis votre h\u00f4tel de Miami Dade. Si vous vous trouvez en dehors de Miami Dade, veuillez nous en informer. Apr\u00e8s une prise en charge confortable, nous commencerons cette visite priv\u00e9e de Key Largo et Isla Morada.<\/p>\n<p>Nous roulerons pendant environ 2 heures avant d&#8217;atteindre notre premier arr\u00eat \u00e0 Islamorada. Nous passerons un agr\u00e9able moment \u00e0 Islamorada avant de nous diriger vers Key Largo.<\/p>\n<p>Profitez du meilleur d&#8217;une partie des Keys de Floride et vivez une exp\u00e9rience formidable et ramenez des souvenirs \u00e0 la maison.<\/p>\n<p>Apr\u00e8s la visite, nous vous d\u00e9poserons enfin \u00e0 votre h\u00f4tel \u00e0 Miami Dade.<\/p>\n<h2>Sites et monuments les plus importants de cette visite priv\u00e9e<\/h2>\n<p>Tout d&#8217;abord, profitez de la belle Islamorada. Islamorada est connue pour ses r\u00e9cifs coralliens. Vous trouverez ici 6 des Florida Keys.<\/p>\n<p>\u00c9tant connu pour ses r\u00e9cifs coralliens, nous pouvons inclure une activit\u00e9 de plong\u00e9e avec tuba en option. Cette activit\u00e9 de plong\u00e9e avec tuba peut \u00eatre proche du rivage ou nous pouvons m\u00eame organiser un bateau priv\u00e9 pour vous emmener \u00e0 une activit\u00e9 de plong\u00e9e avec tuba. Faites-nous savoir ce que vous pr\u00e9f\u00e9rez et nous l&#8217;organiserons en cons\u00e9quence.<\/p>\n<p>Nous organiserons \u00e9galement un arr\u00eat \u00e0 Anne&#8217;s Beach. Il est situ\u00e9 \u00e0 Lower Matecumbe Key.<\/p>\n<p>Nous pouvons organiser un bref d\u00e9jeuner \u00e0 Islamorada ou \u00e0 Key Largo.<\/p>\n<p>Deuxi\u00e8mement, nous vous emm\u00e8nerons \u00e0 Key Largo. Profitez du meilleur de Key Largo. Key Largo est un bel endroit sur les Keys de Floride. Key Largo est la premi\u00e8re \u00eele des Keys de Floride. C&#8217;est le plus proche de Miami. C&#8217;est le premier \u00e0 \u00eatre atteint depuis l&#8217;Overseas Highway.<\/p>\n<p>Il y a m\u00eame eu des sc\u00e8nes de films \u00e0 Key Largo. Le c\u00e9l\u00e8bre film de 1948 de Key Largo avec Humphrey Bogart s&#8217;est d\u00e9roul\u00e9 ici.<\/p>\n<p>Key Largo est connu pour le premier parc sous-marin aux \u00c9tats-Unis. Il s&#8217;agit du c\u00e9l\u00e8bre parc d&#8217;\u00c9tat John Pennekamp Coral Reef. Il y a plus de 70 milles carr\u00e9s nautiques et il est situ\u00e9 \u00e0 c\u00f4t\u00e9 de l&#8217;oc\u00e9an Atlantique. Un endroit remarquable \u00e0 visiter.<\/p>\n<p>Enfin, nous vous reconduirons \u00e0 votre h\u00f4tel ou lieu de votre choix \u00e0 Miami.<\/p>\n<p>D\u00e9couvrez nos autres visites priv\u00e9es de Miami en cliquant ici.<\/p>\n","protected":false},"excerpt":{"rendered":"<p>Profitez d&#8217;une visite priv\u00e9e de Key Largo et d&#8217;Islamorada \u00e0 c\u00f4t\u00e9 de votre chauffeur-guide de Miami. Exp\u00e9rience d&#8217;une journ\u00e9e compl\u00e8te dans votre v\u00e9hicule priv\u00e9. Prise en charge depuis n&#8217;importe quel endroit de Miami, y compris les h\u00f4tels et le port de croisi\u00e8re.<\/p>\n","protected":false},"featured_media":94048,"comment_status":"open","ping_status":"closed","template":"","meta":{"_acf_changed":false},"product_brand":[],"product_cat":[3547,3793],"product_tag":[],"class_list":{"0":"post-104656","1":"product","2":"type-product","3":"status-publish","4":"has-post-thumbnail","6":"product_cat-etats-unis-fr","7":"product_cat-miami-fr","9":"first","10":"instock","11":"shipping-taxable","12":"purchasable","13":"product-type-simple"},"acf":[],"yoast_head":"<!-- This site is optimized with the Yoast SEO Premium plugin v25.3.1 (Yoast SEO v25.3.1) - https:\/\/yoast.com\/wordpress\/plugins\/seo\/ -->\n<title>Visite priv\u00e9e de Key Largo et Isla Morada - chauffeur-guide priv\u00e9<\/title>\n<meta name=\"description\" content=\"Visite priv\u00e9e de Key Largo et Islamorada. Visite priv\u00e9e en v\u00e9hicule avec chauffeur-guide. Prise en charge depuis n&#039;importe quel endroit \u00e0 Miami. Excursion \u00e0 terre, visite priv\u00e9e ...\" \/>\n<meta name=\"robots\" content=\"index, follow, max-snippet:-1, max-image-preview:large, max-video-preview:-1\" \/>\n<link rel=\"canonical\" href=\"https:\/\/tourtravelandmore.com\/fr\/tours\/etats-unis-fr\/miami-fr\/visite-privee-de-key-largo-et-isla-morada\/\" \/>\n<meta property=\"og:locale\" content=\"fr_FR\" \/>\n<meta property=\"og:type\" content=\"article\" \/>\n<meta property=\"og:title\" content=\"Visite priv\u00e9e de Key Largo et Isla Morada\" \/>\n<meta property=\"og:description\" content=\"Visite priv\u00e9e de Key Largo et Islamorada. Visite priv\u00e9e en v\u00e9hicule avec chauffeur-guide. Prise en charge depuis n&#039;importe quel endroit \u00e0 Miami. Excursion \u00e0 terre, visite priv\u00e9e ...\" \/>\n<meta property=\"og:url\" content=\"https:\/\/tourtravelandmore.com\/fr\/tours\/etats-unis-fr\/miami-fr\/visite-privee-de-key-largo-et-isla-morada\/\" \/>\n<meta property=\"og:site_name\" content=\"Tour Travel And More\" \/>\n<meta property=\"article:publisher\" content=\"https:\/\/www.facebook.com\/tourtravelandmore\/\" \/>\n<meta property=\"article:modified_time\" content=\"2021-03-22T10:34:43+00:00\" \/>\n<meta property=\"og:image\" content=\"https:\/\/tourtravelandmore.com\/wp-content\/uploads\/2016\/11\/Photo3.jpg\" \/>\n\t<meta property=\"og:image:width\" content=\"1920\" \/>\n\t<meta property=\"og:image:height\" content=\"1440\" \/>\n\t<meta property=\"og:image:type\" content=\"image\/jpeg\" \/>\n<meta name=\"twitter:card\" content=\"summary_large_image\" \/>\n<meta name=\"twitter:site\" content=\"@TourTravel_More\" \/>\n<meta name=\"twitter:label1\" content=\"Dur\u00e9e de lecture estim\u00e9e\" \/>\n\t<meta name=\"twitter:data1\" content=\"2 minutes\" \/>\n<script type=\"application\/ld+json\" class=\"yoast-schema-graph\">{\"@context\":\"https:\/\/schema.org\",\"@graph\":[{\"@type\":\"WebPage\",\"@id\":\"https:\/\/tourtravelandmore.com\/fr\/tours\/etats-unis-fr\/miami-fr\/visite-privee-de-key-largo-et-isla-morada\/\",\"url\":\"https:\/\/tourtravelandmore.com\/fr\/tours\/etats-unis-fr\/miami-fr\/visite-privee-de-key-largo-et-isla-morada\/\",\"name\":\"Visite priv\u00e9e de Key Largo et Isla Morada - chauffeur-guide priv\u00e9\",\"isPartOf\":{\"@id\":\"https:\/\/tourtravelandmore.com\/fr\/#website\"},\"primaryImageOfPage\":{\"@id\":\"https:\/\/tourtravelandmore.com\/fr\/tours\/etats-unis-fr\/miami-fr\/visite-privee-de-key-largo-et-isla-morada\/#primaryimage\"},\"image\":{\"@id\":\"https:\/\/tourtravelandmore.com\/fr\/tours\/etats-unis-fr\/miami-fr\/visite-privee-de-key-largo-et-isla-morada\/#primaryimage\"},\"thumbnailUrl\":\"https:\/\/tourtravelandmore.com\/wp-content\/uploads\/2016\/11\/Photo3.jpg\",\"datePublished\":\"2016-11-10T10:12:38+00:00\",\"dateModified\":\"2021-03-22T10:34:43+00:00\",\"description\":\"Visite priv\u00e9e de Key Largo et Islamorada. Visite priv\u00e9e en v\u00e9hicule avec chauffeur-guide. Prise en charge depuis n'importe quel endroit \u00e0 Miami. Excursion \u00e0 terre, visite priv\u00e9e ...\",\"breadcrumb\":{\"@id\":\"https:\/\/tourtravelandmore.com\/fr\/tours\/etats-unis-fr\/miami-fr\/visite-privee-de-key-largo-et-isla-morada\/#breadcrumb\"},\"inLanguage\":\"fr-FR\",\"potentialAction\":[{\"@type\":\"ReadAction\",\"target\":[\"https:\/\/tourtravelandmore.com\/fr\/tours\/etats-unis-fr\/miami-fr\/visite-privee-de-key-largo-et-isla-morada\/\"]}]},{\"@type\":\"ImageObject\",\"inLanguage\":\"fr-FR\",\"@id\":\"https:\/\/tourtravelandmore.com\/fr\/tours\/etats-unis-fr\/miami-fr\/visite-privee-de-key-largo-et-isla-morada\/#primaryimage\",\"url\":\"https:\/\/tourtravelandmore.com\/wp-content\/uploads\/2016\/11\/Photo3.jpg\",\"contentUrl\":\"https:\/\/tourtravelandmore.com\/wp-content\/uploads\/2016\/11\/Photo3.jpg\",\"width\":1920,\"height\":1440},{\"@type\":\"BreadcrumbList\",\"@id\":\"https:\/\/tourtravelandmore.com\/fr\/tours\/etats-unis-fr\/miami-fr\/visite-privee-de-key-largo-et-isla-morada\/#breadcrumb\",\"itemListElement\":[{\"@type\":\"ListItem\",\"position\":1,\"name\":\"Home\",\"item\":\"https:\/\/tourtravelandmore.com\/fr\/\"},{\"@type\":\"ListItem\",\"position\":2,\"name\":\"Tours\",\"item\":\"https:\/\/tourtravelandmore.com\/fr\/tours\/\"},{\"@type\":\"ListItem\",\"position\":3,\"name\":\"Visite priv\u00e9e de Key Largo et Isla Morada\"}]},{\"@type\":\"WebSite\",\"@id\":\"https:\/\/tourtravelandmore.com\/fr\/#website\",\"url\":\"https:\/\/tourtravelandmore.com\/fr\/\",\"name\":\"Tour Travel And More\",\"description\":\"Private sightseeing tours and luxury transfers in Spain\",\"publisher\":{\"@id\":\"https:\/\/tourtravelandmore.com\/fr\/#organization\"},\"potentialAction\":[{\"@type\":\"SearchAction\",\"target\":{\"@type\":\"EntryPoint\",\"urlTemplate\":\"https:\/\/tourtravelandmore.com\/fr\/?s={search_term_string}\"},\"query-input\":{\"@type\":\"PropertyValueSpecification\",\"valueRequired\":true,\"valueName\":\"search_term_string\"}}],\"inLanguage\":\"fr-FR\"},{\"@type\":\"Organization\",\"@id\":\"https:\/\/tourtravelandmore.com\/fr\/#organization\",\"name\":\"Tour Travel And More\",\"url\":\"https:\/\/tourtravelandmore.com\/fr\/\",\"logo\":{\"@type\":\"ImageObject\",\"inLanguage\":\"fr-FR\",\"@id\":\"https:\/\/tourtravelandmore.com\/fr\/#\/schema\/logo\/image\/\",\"url\":\"https:\/\/tourtravelandmore.com\/wp-content\/uploads\/2022\/12\/cropped-logo-cabecera-new.png\",\"contentUrl\":\"https:\/\/tourtravelandmore.com\/wp-content\/uploads\/2022\/12\/cropped-logo-cabecera-new.png\",\"width\":430,\"height\":61,\"caption\":\"Tour Travel And More\"},\"image\":{\"@id\":\"https:\/\/tourtravelandmore.com\/fr\/#\/schema\/logo\/image\/\"},\"sameAs\":[\"https:\/\/www.facebook.com\/tourtravelandmore\/\",\"https:\/\/x.com\/TourTravel_More\"]}]}<\/script>\n<!-- \/ Yoast SEO Premium plugin. -->","yoast_head_json":{"title":"Visite priv\u00e9e de Key Largo et Isla Morada - chauffeur-guide priv\u00e9","description":"Visite priv\u00e9e de Key Largo et Islamorada. Visite priv\u00e9e en v\u00e9hicule avec chauffeur-guide. Prise en charge depuis n'importe quel endroit \u00e0 Miami. Excursion \u00e0 terre, visite priv\u00e9e ...","robots":{"index":"index","follow":"follow","max-snippet":"max-snippet:-1","max-image-preview":"max-image-preview:large","max-video-preview":"max-video-preview:-1"},"canonical":"https:\/\/tourtravelandmore.com\/fr\/tours\/etats-unis-fr\/miami-fr\/visite-privee-de-key-largo-et-isla-morada\/","og_locale":"fr_FR","og_type":"article","og_title":"Visite priv\u00e9e de Key Largo et Isla Morada","og_description":"Visite priv\u00e9e de Key Largo et Islamorada. Visite priv\u00e9e en v\u00e9hicule avec chauffeur-guide. Prise en charge depuis n'importe quel endroit \u00e0 Miami. Excursion \u00e0 terre, visite priv\u00e9e ...","og_url":"https:\/\/tourtravelandmore.com\/fr\/tours\/etats-unis-fr\/miami-fr\/visite-privee-de-key-largo-et-isla-morada\/","og_site_name":"Tour Travel And More","article_publisher":"https:\/\/www.facebook.com\/tourtravelandmore\/","article_modified_time":"2021-03-22T10:34:43+00:00","og_image":[{"width":1920,"height":1440,"url":"https:\/\/tourtravelandmore.com\/wp-content\/uploads\/2016\/11\/Photo3.jpg","type":"image\/jpeg"}],"twitter_card":"summary_large_image","twitter_site":"@TourTravel_More","twitter_misc":{"Dur\u00e9e de lecture estim\u00e9e":"2 minutes"},"schema":{"@context":"https:\/\/schema.org","@graph":[{"@type":"WebPage","@id":"https:\/\/tourtravelandmore.com\/fr\/tours\/etats-unis-fr\/miami-fr\/visite-privee-de-key-largo-et-isla-morada\/","url":"https:\/\/tourtravelandmore.com\/fr\/tours\/etats-unis-fr\/miami-fr\/visite-privee-de-key-largo-et-isla-morada\/","name":"Visite priv\u00e9e de Key Largo et Isla Morada - chauffeur-guide priv\u00e9","isPartOf":{"@id":"https:\/\/tourtravelandmore.com\/fr\/#website"},"primaryImageOfPage":{"@id":"https:\/\/tourtravelandmore.com\/fr\/tours\/etats-unis-fr\/miami-fr\/visite-privee-de-key-largo-et-isla-morada\/#primaryimage"},"image":{"@id":"https:\/\/tourtravelandmore.com\/fr\/tours\/etats-unis-fr\/miami-fr\/visite-privee-de-key-largo-et-isla-morada\/#primaryimage"},"thumbnailUrl":"https:\/\/tourtravelandmore.com\/wp-content\/uploads\/2016\/11\/Photo3.jpg","datePublished":"2016-11-10T10:12:38+00:00","dateModified":"2021-03-22T10:34:43+00:00","description":"Visite priv\u00e9e de Key Largo et Islamorada. Visite priv\u00e9e en v\u00e9hicule avec chauffeur-guide. Prise en charge depuis n'importe quel endroit \u00e0 Miami. Excursion \u00e0 terre, visite priv\u00e9e ...","breadcrumb":{"@id":"https:\/\/tourtravelandmore.com\/fr\/tours\/etats-unis-fr\/miami-fr\/visite-privee-de-key-largo-et-isla-morada\/#breadcrumb"},"inLanguage":"fr-FR","potentialAction":[{"@type":"ReadAction","target":["https:\/\/tourtravelandmore.com\/fr\/tours\/etats-unis-fr\/miami-fr\/visite-privee-de-key-largo-et-isla-morada\/"]}]},{"@type":"ImageObject","inLanguage":"fr-FR","@id":"https:\/\/tourtravelandmore.com\/fr\/tours\/etats-unis-fr\/miami-fr\/visite-privee-de-key-largo-et-isla-morada\/#primaryimage","url":"https:\/\/tourtravelandmore.com\/wp-content\/uploads\/2016\/11\/Photo3.jpg","contentUrl":"https:\/\/tourtravelandmore.com\/wp-content\/uploads\/2016\/11\/Photo3.jpg","width":1920,"height":1440},{"@type":"BreadcrumbList","@id":"https:\/\/tourtravelandmore.com\/fr\/tours\/etats-unis-fr\/miami-fr\/visite-privee-de-key-largo-et-isla-morada\/#breadcrumb","itemListElement":[{"@type":"ListItem","position":1,"name":"Home","item":"https:\/\/tourtravelandmore.com\/fr\/"},{"@type":"ListItem","position":2,"name":"Tours","item":"https:\/\/tourtravelandmore.com\/fr\/tours\/"},{"@type":"ListItem","position":3,"name":"Visite priv\u00e9e de Key Largo et Isla Morada"}]},{"@type":"WebSite","@id":"https:\/\/tourtravelandmore.com\/fr\/#website","url":"https:\/\/tourtravelandmore.com\/fr\/","name":"Tour Travel And More","description":"Private sightseeing tours and luxury transfers in Spain","publisher":{"@id":"https:\/\/tourtravelandmore.com\/fr\/#organization"},"potentialAction":[{"@type":"SearchAction","target":{"@type":"EntryPoint","urlTemplate":"https:\/\/tourtravelandmore.com\/fr\/?s={search_term_string}"},"query-input":{"@type":"PropertyValueSpecification","valueRequired":true,"valueName":"search_term_string"}}],"inLanguage":"fr-FR"},{"@type":"Organization","@id":"https:\/\/tourtravelandmore.com\/fr\/#organization","name":"Tour Travel And More","url":"https:\/\/tourtravelandmore.com\/fr\/","logo":{"@type":"ImageObject","inLanguage":"fr-FR","@id":"https:\/\/tourtravelandmore.com\/fr\/#\/schema\/logo\/image\/","url":"https:\/\/tourtravelandmore.com\/wp-content\/uploads\/2022\/12\/cropped-logo-cabecera-new.png","contentUrl":"https:\/\/tourtravelandmore.com\/wp-content\/uploads\/2022\/12\/cropped-logo-cabecera-new.png","width":430,"height":61,"caption":"Tour Travel And More"},"image":{"@id":"https:\/\/tourtravelandmore.com\/fr\/#\/schema\/logo\/image\/"},"sameAs":["https:\/\/www.facebook.com\/tourtravelandmore\/","https:\/\/x.com\/TourTravel_More"]}]}},"_links":{"self":[{"href":"https:\/\/tourtravelandmore.com\/fr\/wp-json\/wp\/v2\/product\/104656","targetHints":{"allow":["GET"]}}],"collection":[{"href":"https:\/\/tourtravelandmore.com\/fr\/wp-json\/wp\/v2\/product"}],"about":[{"href":"https:\/\/tourtravelandmore.com\/fr\/wp-json\/wp\/v2\/types\/product"}],"replies":[{"embeddable":true,"href":"https:\/\/tourtravelandmore.com\/fr\/wp-json\/wp\/v2\/comments?post=104656"}],"wp:featuredmedia":[{"embeddable":true,"href":"https:\/\/tourtravelandmore.com\/fr\/wp-json\/wp\/v2\/media\/94048"}],"wp:attachment":[{"href":"https:\/\/tourtravelandmore.com\/fr\/wp-json\/wp\/v2\/media?parent=104656"}],"wp:term":[{"taxonomy":"product_brand","embeddable":true,"href":"https:\/\/tourtravelandmore.com\/fr\/wp-json\/wp\/v2\/product_brand?post=104656"},{"taxonomy":"product_cat","embeddable":true,"href":"https:\/\/tourtravelandmore.com\/fr\/wp-json\/wp\/v2\/product_cat?post=104656"},{"taxonomy":"product_tag","embeddable":true,"href":"https:\/\/tourtravelandmore.com\/fr\/wp-json\/wp\/v2\/product_tag?post=104656"}],"curies":[{"name":"wp","href":"https:\/\/api.w.org\/{rel}","templated":true}]}}