{"id":104648,"date":"2016-11-10T11:01:56","date_gmt":"2016-11-10T10:01:56","guid":{"rendered":"https:\/\/tourtravelandmore.com\/tours\/non%20class\u00e9\/visite-privee-du-centre-spatial-kennedy-au-depart-de-miami\/"},"modified":"2023-12-04T14:46:16","modified_gmt":"2023-12-04T13:46:16","slug":"visite-privee-du-centre-spatial-kennedy-au-depart-de-miami","status":"publish","type":"product","link":"https:\/\/tourtravelandmore.com\/fr\/tours\/etats-unis-fr\/miami-fr\/visite-privee-du-centre-spatial-kennedy-au-depart-de-miami\/","title":{"rendered":"Visite priv\u00e9e du centre spatial Kennedy au d\u00e9part de Miami"},"content":{"rendered":"<h2>Description:<\/h2>\n<p>Profitez de cette occasion unique de profiter de notre visite priv\u00e9e du centre spatial Kennedy au d\u00e9part de Miami. Cette exp\u00e9rience priv\u00e9e d&#8217;une journ\u00e9e compl\u00e8te vous donnera une excellente id\u00e9e d&#8217;un emplacement unique de la NASA.<\/p>\n<p>Tout d&#8217;abord, notre chauffeur-guide priv\u00e9 viendra vous chercher et vous emm\u00e8nera lors de cette visite priv\u00e9e du centre spatial Kennedy au d\u00e9part de Miami. Apr\u00e8s une prise en charge confortable, nous commencerons \u00e0 nous diriger vers le centre spatial Kennedy.<\/p>\n<p>Deuxi\u00e8mement, nous arriverons au Kennedy Space Center. L\u00e0, vous pourrez profiter de votre visite du centre spatial.<\/p>\n<p>Vous profiterez d&#8217;une visite de groupe s\u00fbre et s\u00e9curis\u00e9e au Kennedy Space Center.<\/p>\n<p>Enfin, nous vous ram\u00e8nerons \u00e0 votre h\u00f4tel \u00e0 Miami. Nous vous ram\u00e8nerons \u00e0 l&#8217;emplacement de votre choix \u00e0 Miami.<\/p>\n<h2>Sites d&#8217;int\u00e9r\u00eat et monuments<\/h2>\n<p>Tout d&#8217;abord, apr\u00e8s une prise en charge confortable, nous nous dirigerons vers le Kennedy Space Center.<\/p>\n<p>Cette visite d&#8217;une journ\u00e9e compl\u00e8te emm\u00e8ne le visiteur dans l&#8217;\u00e9tonnant complexe du Centre spatial et comprend l&#8217;entr\u00e9e au Centre et au Temple de la renomm\u00e9e.<\/p>\n<p>Le centre des visiteurs du centre spatial Kennedy de la NASA \u00e0 Cap Canaveral est un endroit id\u00e9al.<\/p>\n<p>Il a \u00e9t\u00e9 fond\u00e9 en 1967 et re\u00e7oit plus de 1,5 million de visiteurs chaque ann\u00e9e. Fait int\u00e9ressant, l&#8217;installation est compl\u00e8tement ind\u00e9pendante financi\u00e8rement depuis 1995.<\/p>\n<p>Le complexe abrite \u00e9galement le centre Apollo \/ Saturn V.<\/p>\n<p>De plus, voici quelques exemples de ce que nous allons profiter pendant la visite:<\/p>\n<ul>\n<li>Heroes and Legends avec les \u00c9tats-Unis Temple de la renomm\u00e9e des astronautes<\/li>\n<li>Jardin de fus\u00e9e<\/li>\n<li>Nature et technologie<\/li>\n<li>Navette spatiale Atlantis avec exp\u00e9rience de lancement de navette<\/li>\n<li>NASA maintenant<\/li>\n<li>Voyage sur Mars: les explorateurs recherch\u00e9s<\/li>\n<li>Th\u00e9\u00e2tre de l&#8217;univers<\/li>\n<li>Th\u00e9\u00e2tre IMAX<\/li>\n<li>D\u00f4me de jeu pour enfants<\/li>\n<li>Apparitions de personnages<\/li>\n<li>Possibilit\u00e9s de photos suppl\u00e9mentaires situ\u00e9es dans le pavillon Atlantis Ouest.<\/li>\n<\/ul>\n<p>Une fois votre visite termin\u00e9e, enfin, votre chauffeur-guide priv\u00e9 vous ram\u00e8nera \u00e0 votre h\u00f4tel ou au port de croisi\u00e8re de Miami.<\/p>\n<p>Jetez un \u0153il \u00e0 nos visites priv\u00e9es \u00e0 Miami ici!<\/p>\n","protected":false},"excerpt":{"rendered":"<p>Profitez d&#8217;une exp\u00e9rience personnalis\u00e9e d&#8217;une journ\u00e9e compl\u00e8te au d\u00e9part de Miami et explorez le centre spatial Kennedy de la NASA \u00e0 Cap Canaveral. Prise en charge depuis n&#8217;importe quel endroit de Miami, y compris le port de croisi\u00e8re.<\/p>\n","protected":false},"featured_media":171431,"comment_status":"open","ping_status":"closed","template":"","meta":{"_acf_changed":false},"product_brand":[],"product_cat":[4580,4581,4582,3547,3793],"product_tag":[],"class_list":{"0":"post-104648","1":"product","2":"type-product","3":"status-publish","4":"has-post-thumbnail","6":"product_cat-all-private-tours-activities-fr-24","7":"product_cat-private-day-trips-fr-14","8":"product_cat-private-sightseeing-tours-fr-27","9":"product_cat-etats-unis-fr","10":"product_cat-miami-fr","12":"first","13":"instock","14":"shipping-taxable","15":"purchasable","16":"product-type-simple"},"acf":[],"yoast_head":"<!-- This site is optimized with the Yoast SEO Premium plugin v25.3.1 (Yoast SEO v25.3.1) - https:\/\/yoast.com\/wordpress\/plugins\/seo\/ -->\n<title>Visite priv\u00e9e du centre spatial Kennedy au d\u00e9part de Miami - Billet d&#039;entr\u00e9e inclus<\/title>\n<meta name=\"description\" content=\"Visite priv\u00e9e du centre spatial Kennedy au d\u00e9part de Miami. V\u00e9hicule priv\u00e9 avec chauffeur-guide. Centre spatial Kennedy de la NASA \u00e0 Cap Canaveral en Floride.\" \/>\n<meta name=\"robots\" content=\"index, follow, max-snippet:-1, max-image-preview:large, max-video-preview:-1\" \/>\n<link rel=\"canonical\" href=\"https:\/\/tourtravelandmore.com\/fr\/tours\/etats-unis-fr\/miami-fr\/visite-privee-du-centre-spatial-kennedy-au-depart-de-miami\/\" \/>\n<meta property=\"og:locale\" content=\"fr_FR\" \/>\n<meta property=\"og:type\" content=\"article\" \/>\n<meta property=\"og:title\" content=\"Visite priv\u00e9e du centre spatial Kennedy au d\u00e9part de Miami\" \/>\n<meta property=\"og:description\" content=\"Visite priv\u00e9e du centre spatial Kennedy au d\u00e9part de Miami. V\u00e9hicule priv\u00e9 avec chauffeur-guide. Centre spatial Kennedy de la NASA \u00e0 Cap Canaveral en Floride.\" \/>\n<meta property=\"og:url\" content=\"https:\/\/tourtravelandmore.com\/fr\/tours\/etats-unis-fr\/miami-fr\/visite-privee-du-centre-spatial-kennedy-au-depart-de-miami\/\" \/>\n<meta property=\"og:site_name\" content=\"Tour Travel And More\" \/>\n<meta property=\"article:publisher\" content=\"https:\/\/www.facebook.com\/tourtravelandmore\/\" \/>\n<meta property=\"article:modified_time\" content=\"2023-12-04T13:46:16+00:00\" \/>\n<meta property=\"og:image\" content=\"https:\/\/tourtravelandmore.com\/wp-content\/uploads\/2016\/11\/VAB_and_SLS.jpg\" \/>\n\t<meta property=\"og:image:width\" content=\"1200\" \/>\n\t<meta property=\"og:image:height\" content=\"800\" \/>\n\t<meta property=\"og:image:type\" content=\"image\/jpeg\" \/>\n<meta name=\"twitter:card\" content=\"summary_large_image\" \/>\n<meta name=\"twitter:site\" content=\"@TourTravel_More\" \/>\n<meta name=\"twitter:label1\" content=\"Dur\u00e9e de lecture estim\u00e9e\" \/>\n\t<meta name=\"twitter:data1\" content=\"2 minutes\" \/>\n<script type=\"application\/ld+json\" class=\"yoast-schema-graph\">{\"@context\":\"https:\/\/schema.org\",\"@graph\":[{\"@type\":\"WebPage\",\"@id\":\"https:\/\/tourtravelandmore.com\/fr\/tours\/etats-unis-fr\/miami-fr\/visite-privee-du-centre-spatial-kennedy-au-depart-de-miami\/\",\"url\":\"https:\/\/tourtravelandmore.com\/fr\/tours\/etats-unis-fr\/miami-fr\/visite-privee-du-centre-spatial-kennedy-au-depart-de-miami\/\",\"name\":\"Visite priv\u00e9e du centre spatial Kennedy au d\u00e9part de Miami - Billet d'entr\u00e9e inclus\",\"isPartOf\":{\"@id\":\"https:\/\/tourtravelandmore.com\/fr\/#website\"},\"primaryImageOfPage\":{\"@id\":\"https:\/\/tourtravelandmore.com\/fr\/tours\/etats-unis-fr\/miami-fr\/visite-privee-du-centre-spatial-kennedy-au-depart-de-miami\/#primaryimage\"},\"image\":{\"@id\":\"https:\/\/tourtravelandmore.com\/fr\/tours\/etats-unis-fr\/miami-fr\/visite-privee-du-centre-spatial-kennedy-au-depart-de-miami\/#primaryimage\"},\"thumbnailUrl\":\"https:\/\/tourtravelandmore.com\/wp-content\/uploads\/2016\/11\/VAB_and_SLS.jpg\",\"datePublished\":\"2016-11-10T10:01:56+00:00\",\"dateModified\":\"2023-12-04T13:46:16+00:00\",\"description\":\"Visite priv\u00e9e du centre spatial Kennedy au d\u00e9part de Miami. V\u00e9hicule priv\u00e9 avec chauffeur-guide. Centre spatial Kennedy de la NASA \u00e0 Cap Canaveral en Floride.\",\"breadcrumb\":{\"@id\":\"https:\/\/tourtravelandmore.com\/fr\/tours\/etats-unis-fr\/miami-fr\/visite-privee-du-centre-spatial-kennedy-au-depart-de-miami\/#breadcrumb\"},\"inLanguage\":\"fr-FR\",\"potentialAction\":[{\"@type\":\"ReadAction\",\"target\":[\"https:\/\/tourtravelandmore.com\/fr\/tours\/etats-unis-fr\/miami-fr\/visite-privee-du-centre-spatial-kennedy-au-depart-de-miami\/\"]}]},{\"@type\":\"ImageObject\",\"inLanguage\":\"fr-FR\",\"@id\":\"https:\/\/tourtravelandmore.com\/fr\/tours\/etats-unis-fr\/miami-fr\/visite-privee-du-centre-spatial-kennedy-au-depart-de-miami\/#primaryimage\",\"url\":\"https:\/\/tourtravelandmore.com\/wp-content\/uploads\/2016\/11\/VAB_and_SLS.jpg\",\"contentUrl\":\"https:\/\/tourtravelandmore.com\/wp-content\/uploads\/2016\/11\/VAB_and_SLS.jpg\",\"width\":1200,\"height\":800,\"caption\":\"NASA\u2019s Moon rocket is on the move at the agency\u2019s Kennedy Space Center in Florida, rolling out of the Vehicle Assembly Building for a 4.2-mile journey to Launch Complex 39B on March 17, 2022. Carried atop the crawler-transporter 2, the Space Launch System (SLS) rocket and Orion spacecraft are venturing to the pad for a wet dress rehearsal ahead of the uncrewed Artemis I launch. The first in an increasingly complex set of missions, Artemis I will test SLS and Orion as an integrated system prior to crewed flights to the Moon. Through Artemis, NASA will land the first woman and the first person of color on the lunar surface, paving the way for a long-term lunar presence and serving as a steppingstone on the way to Mars.\"},{\"@type\":\"BreadcrumbList\",\"@id\":\"https:\/\/tourtravelandmore.com\/fr\/tours\/etats-unis-fr\/miami-fr\/visite-privee-du-centre-spatial-kennedy-au-depart-de-miami\/#breadcrumb\",\"itemListElement\":[{\"@type\":\"ListItem\",\"position\":1,\"name\":\"Home\",\"item\":\"https:\/\/tourtravelandmore.com\/fr\/\"},{\"@type\":\"ListItem\",\"position\":2,\"name\":\"Tours\",\"item\":\"https:\/\/tourtravelandmore.com\/fr\/tours\/\"},{\"@type\":\"ListItem\",\"position\":3,\"name\":\"Visite priv\u00e9e du centre spatial Kennedy au d\u00e9part de Miami\"}]},{\"@type\":\"WebSite\",\"@id\":\"https:\/\/tourtravelandmore.com\/fr\/#website\",\"url\":\"https:\/\/tourtravelandmore.com\/fr\/\",\"name\":\"Tour Travel And More\",\"description\":\"Private sightseeing tours and luxury transfers in Spain\",\"publisher\":{\"@id\":\"https:\/\/tourtravelandmore.com\/fr\/#organization\"},\"potentialAction\":[{\"@type\":\"SearchAction\",\"target\":{\"@type\":\"EntryPoint\",\"urlTemplate\":\"https:\/\/tourtravelandmore.com\/fr\/?s={search_term_string}\"},\"query-input\":{\"@type\":\"PropertyValueSpecification\",\"valueRequired\":true,\"valueName\":\"search_term_string\"}}],\"inLanguage\":\"fr-FR\"},{\"@type\":\"Organization\",\"@id\":\"https:\/\/tourtravelandmore.com\/fr\/#organization\",\"name\":\"Tour Travel And More\",\"url\":\"https:\/\/tourtravelandmore.com\/fr\/\",\"logo\":{\"@type\":\"ImageObject\",\"inLanguage\":\"fr-FR\",\"@id\":\"https:\/\/tourtravelandmore.com\/fr\/#\/schema\/logo\/image\/\",\"url\":\"https:\/\/tourtravelandmore.com\/wp-content\/uploads\/2022\/12\/cropped-logo-cabecera-new.png\",\"contentUrl\":\"https:\/\/tourtravelandmore.com\/wp-content\/uploads\/2022\/12\/cropped-logo-cabecera-new.png\",\"width\":430,\"height\":61,\"caption\":\"Tour Travel And More\"},\"image\":{\"@id\":\"https:\/\/tourtravelandmore.com\/fr\/#\/schema\/logo\/image\/\"},\"sameAs\":[\"https:\/\/www.facebook.com\/tourtravelandmore\/\",\"https:\/\/x.com\/TourTravel_More\"]}]}<\/script>\n<!-- \/ Yoast SEO Premium plugin. -->","yoast_head_json":{"title":"Visite priv\u00e9e du centre spatial Kennedy au d\u00e9part de Miami - Billet d'entr\u00e9e inclus","description":"Visite priv\u00e9e du centre spatial Kennedy au d\u00e9part de Miami. V\u00e9hicule priv\u00e9 avec chauffeur-guide. Centre spatial Kennedy de la NASA \u00e0 Cap Canaveral en Floride.","robots":{"index":"index","follow":"follow","max-snippet":"max-snippet:-1","max-image-preview":"max-image-preview:large","max-video-preview":"max-video-preview:-1"},"canonical":"https:\/\/tourtravelandmore.com\/fr\/tours\/etats-unis-fr\/miami-fr\/visite-privee-du-centre-spatial-kennedy-au-depart-de-miami\/","og_locale":"fr_FR","og_type":"article","og_title":"Visite priv\u00e9e du centre spatial Kennedy au d\u00e9part de Miami","og_description":"Visite priv\u00e9e du centre spatial Kennedy au d\u00e9part de Miami. V\u00e9hicule priv\u00e9 avec chauffeur-guide. Centre spatial Kennedy de la NASA \u00e0 Cap Canaveral en Floride.","og_url":"https:\/\/tourtravelandmore.com\/fr\/tours\/etats-unis-fr\/miami-fr\/visite-privee-du-centre-spatial-kennedy-au-depart-de-miami\/","og_site_name":"Tour Travel And More","article_publisher":"https:\/\/www.facebook.com\/tourtravelandmore\/","article_modified_time":"2023-12-04T13:46:16+00:00","og_image":[{"width":1200,"height":800,"url":"https:\/\/tourtravelandmore.com\/wp-content\/uploads\/2016\/11\/VAB_and_SLS.jpg","type":"image\/jpeg"}],"twitter_card":"summary_large_image","twitter_site":"@TourTravel_More","twitter_misc":{"Dur\u00e9e de lecture estim\u00e9e":"2 minutes"},"schema":{"@context":"https:\/\/schema.org","@graph":[{"@type":"WebPage","@id":"https:\/\/tourtravelandmore.com\/fr\/tours\/etats-unis-fr\/miami-fr\/visite-privee-du-centre-spatial-kennedy-au-depart-de-miami\/","url":"https:\/\/tourtravelandmore.com\/fr\/tours\/etats-unis-fr\/miami-fr\/visite-privee-du-centre-spatial-kennedy-au-depart-de-miami\/","name":"Visite priv\u00e9e du centre spatial Kennedy au d\u00e9part de Miami - Billet d'entr\u00e9e inclus","isPartOf":{"@id":"https:\/\/tourtravelandmore.com\/fr\/#website"},"primaryImageOfPage":{"@id":"https:\/\/tourtravelandmore.com\/fr\/tours\/etats-unis-fr\/miami-fr\/visite-privee-du-centre-spatial-kennedy-au-depart-de-miami\/#primaryimage"},"image":{"@id":"https:\/\/tourtravelandmore.com\/fr\/tours\/etats-unis-fr\/miami-fr\/visite-privee-du-centre-spatial-kennedy-au-depart-de-miami\/#primaryimage"},"thumbnailUrl":"https:\/\/tourtravelandmore.com\/wp-content\/uploads\/2016\/11\/VAB_and_SLS.jpg","datePublished":"2016-11-10T10:01:56+00:00","dateModified":"2023-12-04T13:46:16+00:00","description":"Visite priv\u00e9e du centre spatial Kennedy au d\u00e9part de Miami. V\u00e9hicule priv\u00e9 avec chauffeur-guide. Centre spatial Kennedy de la NASA \u00e0 Cap Canaveral en Floride.","breadcrumb":{"@id":"https:\/\/tourtravelandmore.com\/fr\/tours\/etats-unis-fr\/miami-fr\/visite-privee-du-centre-spatial-kennedy-au-depart-de-miami\/#breadcrumb"},"inLanguage":"fr-FR","potentialAction":[{"@type":"ReadAction","target":["https:\/\/tourtravelandmore.com\/fr\/tours\/etats-unis-fr\/miami-fr\/visite-privee-du-centre-spatial-kennedy-au-depart-de-miami\/"]}]},{"@type":"ImageObject","inLanguage":"fr-FR","@id":"https:\/\/tourtravelandmore.com\/fr\/tours\/etats-unis-fr\/miami-fr\/visite-privee-du-centre-spatial-kennedy-au-depart-de-miami\/#primaryimage","url":"https:\/\/tourtravelandmore.com\/wp-content\/uploads\/2016\/11\/VAB_and_SLS.jpg","contentUrl":"https:\/\/tourtravelandmore.com\/wp-content\/uploads\/2016\/11\/VAB_and_SLS.jpg","width":1200,"height":800,"caption":"NASA\u2019s Moon rocket is on the move at the agency\u2019s Kennedy Space Center in Florida, rolling out of the Vehicle Assembly Building for a 4.2-mile journey to Launch Complex 39B on March 17, 2022. Carried atop the crawler-transporter 2, the Space Launch System (SLS) rocket and Orion spacecraft are venturing to the pad for a wet dress rehearsal ahead of the uncrewed Artemis I launch. The first in an increasingly complex set of missions, Artemis I will test SLS and Orion as an integrated system prior to crewed flights to the Moon. Through Artemis, NASA will land the first woman and the first person of color on the lunar surface, paving the way for a long-term lunar presence and serving as a steppingstone on the way to Mars."},{"@type":"BreadcrumbList","@id":"https:\/\/tourtravelandmore.com\/fr\/tours\/etats-unis-fr\/miami-fr\/visite-privee-du-centre-spatial-kennedy-au-depart-de-miami\/#breadcrumb","itemListElement":[{"@type":"ListItem","position":1,"name":"Home","item":"https:\/\/tourtravelandmore.com\/fr\/"},{"@type":"ListItem","position":2,"name":"Tours","item":"https:\/\/tourtravelandmore.com\/fr\/tours\/"},{"@type":"ListItem","position":3,"name":"Visite priv\u00e9e du centre spatial Kennedy au d\u00e9part de Miami"}]},{"@type":"WebSite","@id":"https:\/\/tourtravelandmore.com\/fr\/#website","url":"https:\/\/tourtravelandmore.com\/fr\/","name":"Tour Travel And More","description":"Private sightseeing tours and luxury transfers in Spain","publisher":{"@id":"https:\/\/tourtravelandmore.com\/fr\/#organization"},"potentialAction":[{"@type":"SearchAction","target":{"@type":"EntryPoint","urlTemplate":"https:\/\/tourtravelandmore.com\/fr\/?s={search_term_string}"},"query-input":{"@type":"PropertyValueSpecification","valueRequired":true,"valueName":"search_term_string"}}],"inLanguage":"fr-FR"},{"@type":"Organization","@id":"https:\/\/tourtravelandmore.com\/fr\/#organization","name":"Tour Travel And More","url":"https:\/\/tourtravelandmore.com\/fr\/","logo":{"@type":"ImageObject","inLanguage":"fr-FR","@id":"https:\/\/tourtravelandmore.com\/fr\/#\/schema\/logo\/image\/","url":"https:\/\/tourtravelandmore.com\/wp-content\/uploads\/2022\/12\/cropped-logo-cabecera-new.png","contentUrl":"https:\/\/tourtravelandmore.com\/wp-content\/uploads\/2022\/12\/cropped-logo-cabecera-new.png","width":430,"height":61,"caption":"Tour Travel And More"},"image":{"@id":"https:\/\/tourtravelandmore.com\/fr\/#\/schema\/logo\/image\/"},"sameAs":["https:\/\/www.facebook.com\/tourtravelandmore\/","https:\/\/x.com\/TourTravel_More"]}]}},"_links":{"self":[{"href":"https:\/\/tourtravelandmore.com\/fr\/wp-json\/wp\/v2\/product\/104648","targetHints":{"allow":["GET"]}}],"collection":[{"href":"https:\/\/tourtravelandmore.com\/fr\/wp-json\/wp\/v2\/product"}],"about":[{"href":"https:\/\/tourtravelandmore.com\/fr\/wp-json\/wp\/v2\/types\/product"}],"replies":[{"embeddable":true,"href":"https:\/\/tourtravelandmore.com\/fr\/wp-json\/wp\/v2\/comments?post=104648"}],"wp:featuredmedia":[{"embeddable":true,"href":"https:\/\/tourtravelandmore.com\/fr\/wp-json\/wp\/v2\/media\/171431"}],"wp:attachment":[{"href":"https:\/\/tourtravelandmore.com\/fr\/wp-json\/wp\/v2\/media?parent=104648"}],"wp:term":[{"taxonomy":"product_brand","embeddable":true,"href":"https:\/\/tourtravelandmore.com\/fr\/wp-json\/wp\/v2\/product_brand?post=104648"},{"taxonomy":"product_cat","embeddable":true,"href":"https:\/\/tourtravelandmore.com\/fr\/wp-json\/wp\/v2\/product_cat?post=104648"},{"taxonomy":"product_tag","embeddable":true,"href":"https:\/\/tourtravelandmore.com\/fr\/wp-json\/wp\/v2\/product_tag?post=104648"}],"curies":[{"name":"wp","href":"https:\/\/api.w.org\/{rel}","templated":true}]}}