{"id":104643,"date":"2016-11-10T10:53:03","date_gmt":"2016-11-10T09:53:03","guid":{"rendered":"https:\/\/tourtravelandmore.com\/tours\/non%20class\u00e9\/visite-privee-de-miami-journee-complete\/"},"modified":"2021-03-22T11:27:50","modified_gmt":"2021-03-22T10:27:50","slug":"visite-privee-de-miami-journee-complete","status":"publish","type":"product","link":"https:\/\/tourtravelandmore.com\/fr\/tours\/etats-unis-fr\/miami-fr\/visite-privee-de-miami-journee-complete\/","title":{"rendered":"Visite priv\u00e9e de Miami &#8211; journ\u00e9e compl\u00e8te"},"content":{"rendered":"<h2>Description:<\/h2>\n<p>Profitez de cette exp\u00e9rience d&#8217;une journ\u00e9e \u00e0 Miami et d\u00e9couvrez le meilleur de la ville. Notre visite priv\u00e9e \u00e0 Miami vous permettra de vous adonner \u00e0 tout ce que Miami a \u00e0 offrir.<\/p>\n<p>Pour cette visite priv\u00e9e, nous organiserons une prise en charge confortable depuis votre h\u00f4tel ou votre villa \u00e0 Miami. Si vous \u00eates situ\u00e9 dans un autre endroit comme Sunny Isles ou tout autre endroit adjacent \u00e0 Miami Dade, faites-le nous savoir et nous organiserons la prise en charge correspondante. Il pourrait y avoir des frais suppl\u00e9mentaires pour ce ramassage.<\/p>\n<p>Apr\u00e8s une prise en charge confortable, nous commencerons cette visite priv\u00e9e. Vous pourrez profiter du meilleur de Miami avec nos visites priv\u00e9es!<\/p>\n<h2>Sites d&#8217;int\u00e9r\u00eat et monuments<\/h2>\n<p>Miami est connue pour tant de choses qu&#8217;il est difficile de savoir par o\u00f9 commencer. Pour cette exp\u00e9rience d&#8217;une journ\u00e9e compl\u00e8te lors de cette visite priv\u00e9e de Miami, laissez-nous vous emmener vers autant de sites importants que possible dans la ville de Miami.<\/p>\n<p>Ayez une vue sur certains des endroits les plus importants de Miami;<\/p>\n<ul>\n<li>Parc Crandon<\/li>\n<li>Plage sud<\/li>\n<li>Passez par Ocean Drive pour un excellent arr\u00eat photo<\/li>\n<li>Quartier Art D\u00e9co et Graffiti<\/li>\n<li>Key Biscayne<\/li>\n<li>Ocean Drive<\/li>\n<li>Petite Havane<\/li>\n<li>Rue huit<\/li>\n<li>Coconut Grove<\/li>\n<li>Pignons de corail<\/li>\n<li>Beaucoup plus!<\/li>\n<\/ul>\n<p>Pour cette option d&#8217;une journ\u00e9e compl\u00e8te, nous pouvons organiser une croisi\u00e8re en yacht priv\u00e9 pendant 1 \u00e0 2 heures. Il peut \u00e9galement s&#8217;agir d&#8217;une croisi\u00e8re de groupe plus grande le long de la baie de Biscayne et d&#8217;une vue unique sur Miami. Faites-nous savoir si vous souhaitez l&#8217;ajouter \u00e0 votre proposition.<\/p>\n<p>Une autre option pour cette visite priv\u00e9e de Miami est d&#8217;ajouter un arr\u00eat au parc national des Everglades. Cela peut \u00e9galement \u00eatre fait lors d&#8217;une visite s\u00e9par\u00e9e si vous pr\u00e9f\u00e9rez.<\/p>\n<p>Une fois la visite termin\u00e9e, nous vous d\u00e9poserons \u00e0 votre h\u00f4tel ou villa \u00e0 Miami.<\/p>\n<p>Si vous n&#8217;avez pas 8 heures ou une journ\u00e9e enti\u00e8re, consultez notre visite guid\u00e9e priv\u00e9e de 4 heures de Miami ici!<\/p>\n","protected":false},"excerpt":{"rendered":"<p>Apprenez \u00e0 conna\u00eetre les sites les plus embl\u00e9matiques de Miami aux c\u00f4t\u00e9s d&#8217;un expert local. Profitez d&#8217;une visite priv\u00e9e de la ville avec un chauffeur-guide professionnel. Prise en charge \u00e0 l&#8217;h\u00f4tel \/ au port de croisi\u00e8re. Exp\u00e9rience personnalis\u00e9e unique.<\/p>\n","protected":false},"featured_media":94024,"comment_status":"open","ping_status":"closed","template":"","meta":{"_acf_changed":false},"product_brand":[],"product_cat":[3547,3793],"product_tag":[],"class_list":{"0":"post-104643","1":"product","2":"type-product","3":"status-publish","4":"has-post-thumbnail","6":"product_cat-etats-unis-fr","7":"product_cat-miami-fr","9":"first","10":"instock","11":"shipping-taxable","12":"purchasable","13":"product-type-simple"},"acf":[],"yoast_head":"<!-- This site is optimized with the Yoast SEO Premium plugin v25.3.1 (Yoast SEO v25.3.1) - https:\/\/yoast.com\/wordpress\/plugins\/seo\/ -->\n<title>Visite priv\u00e9e de Miami - Exp\u00e9rience d&#039;une journ\u00e9e compl\u00e8te - Chauffeur-guide priv\u00e9<\/title>\n<meta name=\"description\" content=\"Visite priv\u00e9e de Miami. Apprenez \u00e0 conna\u00eetre les sites les plus embl\u00e9matiques de Miami. Visite priv\u00e9e de la ville avec chauffeur-guide. Prise en charge \u00e0 l&#039;h\u00f4tel. Exp\u00e9rience personnalisable unique.\" \/>\n<meta name=\"robots\" content=\"index, follow, max-snippet:-1, max-image-preview:large, max-video-preview:-1\" \/>\n<link rel=\"canonical\" href=\"https:\/\/tourtravelandmore.com\/fr\/tours\/etats-unis-fr\/miami-fr\/visite-privee-de-miami-journee-complete\/\" \/>\n<meta property=\"og:locale\" content=\"fr_FR\" \/>\n<meta property=\"og:type\" content=\"article\" \/>\n<meta property=\"og:title\" content=\"Visite priv\u00e9e de Miami - journ\u00e9e compl\u00e8te\" \/>\n<meta property=\"og:description\" content=\"Visite priv\u00e9e de Miami. Apprenez \u00e0 conna\u00eetre les sites les plus embl\u00e9matiques de Miami. Visite priv\u00e9e de la ville avec chauffeur-guide. Prise en charge \u00e0 l&#039;h\u00f4tel. Exp\u00e9rience personnalisable unique.\" \/>\n<meta property=\"og:url\" content=\"https:\/\/tourtravelandmore.com\/fr\/tours\/etats-unis-fr\/miami-fr\/visite-privee-de-miami-journee-complete\/\" \/>\n<meta property=\"og:site_name\" content=\"Tour Travel And More\" \/>\n<meta property=\"article:publisher\" content=\"https:\/\/www.facebook.com\/tourtravelandmore\/\" \/>\n<meta property=\"article:modified_time\" content=\"2021-03-22T10:27:50+00:00\" \/>\n<meta property=\"og:image\" content=\"https:\/\/tourtravelandmore.com\/wp-content\/uploads\/2016\/11\/Foto-2.jpg\" \/>\n\t<meta property=\"og:image:width\" content=\"1000\" \/>\n\t<meta property=\"og:image:height\" content=\"749\" \/>\n\t<meta property=\"og:image:type\" content=\"image\/jpeg\" \/>\n<meta name=\"twitter:card\" content=\"summary_large_image\" \/>\n<meta name=\"twitter:site\" content=\"@TourTravel_More\" \/>\n<meta name=\"twitter:label1\" content=\"Dur\u00e9e de lecture estim\u00e9e\" \/>\n\t<meta name=\"twitter:data1\" content=\"2 minutes\" \/>\n<script type=\"application\/ld+json\" class=\"yoast-schema-graph\">{\"@context\":\"https:\/\/schema.org\",\"@graph\":[{\"@type\":\"WebPage\",\"@id\":\"https:\/\/tourtravelandmore.com\/fr\/tours\/etats-unis-fr\/miami-fr\/visite-privee-de-miami-journee-complete\/\",\"url\":\"https:\/\/tourtravelandmore.com\/fr\/tours\/etats-unis-fr\/miami-fr\/visite-privee-de-miami-journee-complete\/\",\"name\":\"Visite priv\u00e9e de Miami - Exp\u00e9rience d'une journ\u00e9e compl\u00e8te - Chauffeur-guide priv\u00e9\",\"isPartOf\":{\"@id\":\"https:\/\/tourtravelandmore.com\/fr\/#website\"},\"primaryImageOfPage\":{\"@id\":\"https:\/\/tourtravelandmore.com\/fr\/tours\/etats-unis-fr\/miami-fr\/visite-privee-de-miami-journee-complete\/#primaryimage\"},\"image\":{\"@id\":\"https:\/\/tourtravelandmore.com\/fr\/tours\/etats-unis-fr\/miami-fr\/visite-privee-de-miami-journee-complete\/#primaryimage\"},\"thumbnailUrl\":\"https:\/\/tourtravelandmore.com\/wp-content\/uploads\/2016\/11\/Foto-2.jpg\",\"datePublished\":\"2016-11-10T09:53:03+00:00\",\"dateModified\":\"2021-03-22T10:27:50+00:00\",\"description\":\"Visite priv\u00e9e de Miami. Apprenez \u00e0 conna\u00eetre les sites les plus embl\u00e9matiques de Miami. Visite priv\u00e9e de la ville avec chauffeur-guide. Prise en charge \u00e0 l'h\u00f4tel. Exp\u00e9rience personnalisable unique.\",\"breadcrumb\":{\"@id\":\"https:\/\/tourtravelandmore.com\/fr\/tours\/etats-unis-fr\/miami-fr\/visite-privee-de-miami-journee-complete\/#breadcrumb\"},\"inLanguage\":\"fr-FR\",\"potentialAction\":[{\"@type\":\"ReadAction\",\"target\":[\"https:\/\/tourtravelandmore.com\/fr\/tours\/etats-unis-fr\/miami-fr\/visite-privee-de-miami-journee-complete\/\"]}]},{\"@type\":\"ImageObject\",\"inLanguage\":\"fr-FR\",\"@id\":\"https:\/\/tourtravelandmore.com\/fr\/tours\/etats-unis-fr\/miami-fr\/visite-privee-de-miami-journee-complete\/#primaryimage\",\"url\":\"https:\/\/tourtravelandmore.com\/wp-content\/uploads\/2016\/11\/Foto-2.jpg\",\"contentUrl\":\"https:\/\/tourtravelandmore.com\/wp-content\/uploads\/2016\/11\/Foto-2.jpg\",\"width\":1000,\"height\":749},{\"@type\":\"BreadcrumbList\",\"@id\":\"https:\/\/tourtravelandmore.com\/fr\/tours\/etats-unis-fr\/miami-fr\/visite-privee-de-miami-journee-complete\/#breadcrumb\",\"itemListElement\":[{\"@type\":\"ListItem\",\"position\":1,\"name\":\"Home\",\"item\":\"https:\/\/tourtravelandmore.com\/fr\/\"},{\"@type\":\"ListItem\",\"position\":2,\"name\":\"Tours\",\"item\":\"https:\/\/tourtravelandmore.com\/fr\/tours\/\"},{\"@type\":\"ListItem\",\"position\":3,\"name\":\"Visite priv\u00e9e de Miami &#8211; journ\u00e9e compl\u00e8te\"}]},{\"@type\":\"WebSite\",\"@id\":\"https:\/\/tourtravelandmore.com\/fr\/#website\",\"url\":\"https:\/\/tourtravelandmore.com\/fr\/\",\"name\":\"Tour Travel And More\",\"description\":\"Private sightseeing tours and luxury transfers in Spain\",\"publisher\":{\"@id\":\"https:\/\/tourtravelandmore.com\/fr\/#organization\"},\"potentialAction\":[{\"@type\":\"SearchAction\",\"target\":{\"@type\":\"EntryPoint\",\"urlTemplate\":\"https:\/\/tourtravelandmore.com\/fr\/?s={search_term_string}\"},\"query-input\":{\"@type\":\"PropertyValueSpecification\",\"valueRequired\":true,\"valueName\":\"search_term_string\"}}],\"inLanguage\":\"fr-FR\"},{\"@type\":\"Organization\",\"@id\":\"https:\/\/tourtravelandmore.com\/fr\/#organization\",\"name\":\"Tour Travel And More\",\"url\":\"https:\/\/tourtravelandmore.com\/fr\/\",\"logo\":{\"@type\":\"ImageObject\",\"inLanguage\":\"fr-FR\",\"@id\":\"https:\/\/tourtravelandmore.com\/fr\/#\/schema\/logo\/image\/\",\"url\":\"https:\/\/tourtravelandmore.com\/wp-content\/uploads\/2022\/12\/cropped-logo-cabecera-new.png\",\"contentUrl\":\"https:\/\/tourtravelandmore.com\/wp-content\/uploads\/2022\/12\/cropped-logo-cabecera-new.png\",\"width\":430,\"height\":61,\"caption\":\"Tour Travel And More\"},\"image\":{\"@id\":\"https:\/\/tourtravelandmore.com\/fr\/#\/schema\/logo\/image\/\"},\"sameAs\":[\"https:\/\/www.facebook.com\/tourtravelandmore\/\",\"https:\/\/x.com\/TourTravel_More\"]}]}<\/script>\n<!-- \/ Yoast SEO Premium plugin. -->","yoast_head_json":{"title":"Visite priv\u00e9e de Miami - Exp\u00e9rience d'une journ\u00e9e compl\u00e8te - Chauffeur-guide priv\u00e9","description":"Visite priv\u00e9e de Miami. Apprenez \u00e0 conna\u00eetre les sites les plus embl\u00e9matiques de Miami. Visite priv\u00e9e de la ville avec chauffeur-guide. Prise en charge \u00e0 l'h\u00f4tel. Exp\u00e9rience personnalisable unique.","robots":{"index":"index","follow":"follow","max-snippet":"max-snippet:-1","max-image-preview":"max-image-preview:large","max-video-preview":"max-video-preview:-1"},"canonical":"https:\/\/tourtravelandmore.com\/fr\/tours\/etats-unis-fr\/miami-fr\/visite-privee-de-miami-journee-complete\/","og_locale":"fr_FR","og_type":"article","og_title":"Visite priv\u00e9e de Miami - journ\u00e9e compl\u00e8te","og_description":"Visite priv\u00e9e de Miami. Apprenez \u00e0 conna\u00eetre les sites les plus embl\u00e9matiques de Miami. Visite priv\u00e9e de la ville avec chauffeur-guide. Prise en charge \u00e0 l'h\u00f4tel. Exp\u00e9rience personnalisable unique.","og_url":"https:\/\/tourtravelandmore.com\/fr\/tours\/etats-unis-fr\/miami-fr\/visite-privee-de-miami-journee-complete\/","og_site_name":"Tour Travel And More","article_publisher":"https:\/\/www.facebook.com\/tourtravelandmore\/","article_modified_time":"2021-03-22T10:27:50+00:00","og_image":[{"width":1000,"height":749,"url":"https:\/\/tourtravelandmore.com\/wp-content\/uploads\/2016\/11\/Foto-2.jpg","type":"image\/jpeg"}],"twitter_card":"summary_large_image","twitter_site":"@TourTravel_More","twitter_misc":{"Dur\u00e9e de lecture estim\u00e9e":"2 minutes"},"schema":{"@context":"https:\/\/schema.org","@graph":[{"@type":"WebPage","@id":"https:\/\/tourtravelandmore.com\/fr\/tours\/etats-unis-fr\/miami-fr\/visite-privee-de-miami-journee-complete\/","url":"https:\/\/tourtravelandmore.com\/fr\/tours\/etats-unis-fr\/miami-fr\/visite-privee-de-miami-journee-complete\/","name":"Visite priv\u00e9e de Miami - Exp\u00e9rience d'une journ\u00e9e compl\u00e8te - Chauffeur-guide priv\u00e9","isPartOf":{"@id":"https:\/\/tourtravelandmore.com\/fr\/#website"},"primaryImageOfPage":{"@id":"https:\/\/tourtravelandmore.com\/fr\/tours\/etats-unis-fr\/miami-fr\/visite-privee-de-miami-journee-complete\/#primaryimage"},"image":{"@id":"https:\/\/tourtravelandmore.com\/fr\/tours\/etats-unis-fr\/miami-fr\/visite-privee-de-miami-journee-complete\/#primaryimage"},"thumbnailUrl":"https:\/\/tourtravelandmore.com\/wp-content\/uploads\/2016\/11\/Foto-2.jpg","datePublished":"2016-11-10T09:53:03+00:00","dateModified":"2021-03-22T10:27:50+00:00","description":"Visite priv\u00e9e de Miami. Apprenez \u00e0 conna\u00eetre les sites les plus embl\u00e9matiques de Miami. Visite priv\u00e9e de la ville avec chauffeur-guide. Prise en charge \u00e0 l'h\u00f4tel. Exp\u00e9rience personnalisable unique.","breadcrumb":{"@id":"https:\/\/tourtravelandmore.com\/fr\/tours\/etats-unis-fr\/miami-fr\/visite-privee-de-miami-journee-complete\/#breadcrumb"},"inLanguage":"fr-FR","potentialAction":[{"@type":"ReadAction","target":["https:\/\/tourtravelandmore.com\/fr\/tours\/etats-unis-fr\/miami-fr\/visite-privee-de-miami-journee-complete\/"]}]},{"@type":"ImageObject","inLanguage":"fr-FR","@id":"https:\/\/tourtravelandmore.com\/fr\/tours\/etats-unis-fr\/miami-fr\/visite-privee-de-miami-journee-complete\/#primaryimage","url":"https:\/\/tourtravelandmore.com\/wp-content\/uploads\/2016\/11\/Foto-2.jpg","contentUrl":"https:\/\/tourtravelandmore.com\/wp-content\/uploads\/2016\/11\/Foto-2.jpg","width":1000,"height":749},{"@type":"BreadcrumbList","@id":"https:\/\/tourtravelandmore.com\/fr\/tours\/etats-unis-fr\/miami-fr\/visite-privee-de-miami-journee-complete\/#breadcrumb","itemListElement":[{"@type":"ListItem","position":1,"name":"Home","item":"https:\/\/tourtravelandmore.com\/fr\/"},{"@type":"ListItem","position":2,"name":"Tours","item":"https:\/\/tourtravelandmore.com\/fr\/tours\/"},{"@type":"ListItem","position":3,"name":"Visite priv\u00e9e de Miami &#8211; journ\u00e9e compl\u00e8te"}]},{"@type":"WebSite","@id":"https:\/\/tourtravelandmore.com\/fr\/#website","url":"https:\/\/tourtravelandmore.com\/fr\/","name":"Tour Travel And More","description":"Private sightseeing tours and luxury transfers in Spain","publisher":{"@id":"https:\/\/tourtravelandmore.com\/fr\/#organization"},"potentialAction":[{"@type":"SearchAction","target":{"@type":"EntryPoint","urlTemplate":"https:\/\/tourtravelandmore.com\/fr\/?s={search_term_string}"},"query-input":{"@type":"PropertyValueSpecification","valueRequired":true,"valueName":"search_term_string"}}],"inLanguage":"fr-FR"},{"@type":"Organization","@id":"https:\/\/tourtravelandmore.com\/fr\/#organization","name":"Tour Travel And More","url":"https:\/\/tourtravelandmore.com\/fr\/","logo":{"@type":"ImageObject","inLanguage":"fr-FR","@id":"https:\/\/tourtravelandmore.com\/fr\/#\/schema\/logo\/image\/","url":"https:\/\/tourtravelandmore.com\/wp-content\/uploads\/2022\/12\/cropped-logo-cabecera-new.png","contentUrl":"https:\/\/tourtravelandmore.com\/wp-content\/uploads\/2022\/12\/cropped-logo-cabecera-new.png","width":430,"height":61,"caption":"Tour Travel And More"},"image":{"@id":"https:\/\/tourtravelandmore.com\/fr\/#\/schema\/logo\/image\/"},"sameAs":["https:\/\/www.facebook.com\/tourtravelandmore\/","https:\/\/x.com\/TourTravel_More"]}]}},"_links":{"self":[{"href":"https:\/\/tourtravelandmore.com\/fr\/wp-json\/wp\/v2\/product\/104643","targetHints":{"allow":["GET"]}}],"collection":[{"href":"https:\/\/tourtravelandmore.com\/fr\/wp-json\/wp\/v2\/product"}],"about":[{"href":"https:\/\/tourtravelandmore.com\/fr\/wp-json\/wp\/v2\/types\/product"}],"replies":[{"embeddable":true,"href":"https:\/\/tourtravelandmore.com\/fr\/wp-json\/wp\/v2\/comments?post=104643"}],"wp:featuredmedia":[{"embeddable":true,"href":"https:\/\/tourtravelandmore.com\/fr\/wp-json\/wp\/v2\/media\/94024"}],"wp:attachment":[{"href":"https:\/\/tourtravelandmore.com\/fr\/wp-json\/wp\/v2\/media?parent=104643"}],"wp:term":[{"taxonomy":"product_brand","embeddable":true,"href":"https:\/\/tourtravelandmore.com\/fr\/wp-json\/wp\/v2\/product_brand?post=104643"},{"taxonomy":"product_cat","embeddable":true,"href":"https:\/\/tourtravelandmore.com\/fr\/wp-json\/wp\/v2\/product_cat?post=104643"},{"taxonomy":"product_tag","embeddable":true,"href":"https:\/\/tourtravelandmore.com\/fr\/wp-json\/wp\/v2\/product_tag?post=104643"}],"curies":[{"name":"wp","href":"https:\/\/api.w.org\/{rel}","templated":true}]}}