{"id":104638,"date":"2016-11-10T10:43:52","date_gmt":"2016-11-10T09:43:52","guid":{"rendered":"https:\/\/tourtravelandmore.com\/tours\/non class\u00e9\/excursion-privee-en-hydroglisseur-dans-les-everglades\/"},"modified":"2016-11-10T10:43:52","modified_gmt":"2016-11-10T09:43:52","slug":"excursion-privee-en-hydroglisseur-dans-les-everglades","status":"publish","type":"product","link":"https:\/\/tourtravelandmore.com\/fr\/tours\/etats-unis-fr\/miami-fr\/excursion-privee-en-hydroglisseur-dans-les-everglades\/","title":{"rendered":"Excursion priv\u00e9e en hydroglisseur dans les Everglades"},"content":{"rendered":"<h2><strong>Description <\/strong><\/h2>\n<p>Take one of our private tours to get to know the unique National Park of the Everglades. Take our Private Everglades Airboat Tour and enjoy this unique location.<\/p>\n<p>We can arrange this private tour with a 4 hour duration.<\/p>\n<p>For this private tour, we will arrange a private pick up from Miami Dade. If you aren&#8217;t in Miami dade, no problem! Let us know where you will be and we will arrange it for you.<\/p>\n<p>We have to say that the Everglades is an amazing ecosystem. Miami is not Miami without thinking of the Everglades. Let us take you on this unique experience and get to know this natural habitat. This includes the forests, mangroves, wildlife and so much more. During this tour you will have the chance to explore the turtles, alligators, manatees and more.<\/p>\n<p>Take a look at what the everglades have to offer with our Private Everglades Airboat Tour.<\/p>\n<h4>Points of Interest &amp; Landmarks<\/h4>\n<p>After picking you up from your hotel in Miami dade, our private driver-guide will take you towards the Everglades. Enjoy the best locations and parts of the Everglades National park.<\/p>\n<p>Once you are at the Everglades National park we have the option of including a private airboat ride or a group airboat ride.<\/p>\n<p>The everglades is more than 1.5 million acres of wetland.<\/p>\n<p>Once you get to the Everglades, enjoy a visit and a private airboat ride. The private airboat will just be of your group. If you don&#8217;t want a private tour, we can give you the price of a semi-private or small group airboat ride. The private vehicle with driver-guide will always be private and just for you.<\/p>\n<p><a href=\"https:\/\/tourtravelandmore.com\/fr\/city\/etats-unis-fr\/miami-en\/\" target=\"_blank\" rel=\"noopener noreferrer\">Have a look at our other private Miami tours here!\u00a0<\/a><\/p>\n","protected":false},"excerpt":{"rendered":"<p>This can be private airboat or small group airboat. Your driver\/guide will pick you up from your hotel or cruise port. Semi-luxury private vehicle with chauffeur. Enjoy the best of Everglades!<\/p>\n","protected":false},"featured_media":94035,"comment_status":"open","ping_status":"closed","template":"","meta":{"_acf_changed":false},"product_brand":[],"product_cat":[3547,3793],"product_tag":[],"class_list":{"0":"post-104638","1":"product","2":"type-product","3":"status-publish","4":"has-post-thumbnail","6":"product_cat-etats-unis-fr","7":"product_cat-miami-fr","9":"first","10":"instock","11":"shipping-taxable","12":"purchasable","13":"product-type-simple"},"acf":[],"yoast_head":"<!-- This site is optimized with the Yoast SEO Premium plugin v25.3.1 (Yoast SEO v25.3.1) - https:\/\/yoast.com\/wordpress\/plugins\/seo\/ -->\n<title>Excursion priv\u00e9e en hydroglisseur dans les Everglades - chauffeur-guide priv\u00e9 pour votre exp\u00e9rience<\/title>\n<meta name=\"description\" content=\"Excursion priv\u00e9e en hydroglisseur dans les Everglades. Vous pouvez \u00eatre pris en charge \u00e0 l&#039;h\u00f4tel ou au port de croisi\u00e8re. V\u00e9hicule priv\u00e9 semi-luxe avec chauffeur. Profitez du meilleur des Everglades\" \/>\n<meta name=\"robots\" content=\"index, follow, max-snippet:-1, max-image-preview:large, max-video-preview:-1\" \/>\n<link rel=\"canonical\" href=\"https:\/\/tourtravelandmore.com\/fr\/tours\/etats-unis-fr\/miami-fr\/excursion-privee-en-hydroglisseur-dans-les-everglades\/\" \/>\n<meta property=\"og:locale\" content=\"fr_FR\" \/>\n<meta property=\"og:type\" content=\"article\" \/>\n<meta property=\"og:title\" content=\"Excursion priv\u00e9e en hydroglisseur dans les Everglades\" \/>\n<meta property=\"og:description\" content=\"Excursion priv\u00e9e en hydroglisseur dans les Everglades. Vous pouvez \u00eatre pris en charge \u00e0 l&#039;h\u00f4tel ou au port de croisi\u00e8re. V\u00e9hicule priv\u00e9 semi-luxe avec chauffeur. Profitez du meilleur des Everglades\" \/>\n<meta property=\"og:url\" content=\"https:\/\/tourtravelandmore.com\/fr\/tours\/etats-unis-fr\/miami-fr\/excursion-privee-en-hydroglisseur-dans-les-everglades\/\" \/>\n<meta property=\"og:site_name\" content=\"Tour Travel And More\" \/>\n<meta property=\"article:publisher\" content=\"https:\/\/www.facebook.com\/tourtravelandmore\/\" \/>\n<meta property=\"og:image\" content=\"https:\/\/tourtravelandmore.com\/wp-content\/uploads\/2016\/11\/Fotos3.jpg\" \/>\n\t<meta property=\"og:image:width\" content=\"1024\" \/>\n\t<meta property=\"og:image:height\" content=\"683\" \/>\n\t<meta property=\"og:image:type\" content=\"image\/jpeg\" \/>\n<meta name=\"twitter:card\" content=\"summary_large_image\" \/>\n<meta name=\"twitter:site\" content=\"@TourTravel_More\" \/>\n<meta name=\"twitter:label1\" content=\"Dur\u00e9e de lecture estim\u00e9e\" \/>\n\t<meta name=\"twitter:data1\" content=\"1 minute\" \/>\n<script type=\"application\/ld+json\" class=\"yoast-schema-graph\">{\"@context\":\"https:\/\/schema.org\",\"@graph\":[{\"@type\":\"WebPage\",\"@id\":\"https:\/\/tourtravelandmore.com\/fr\/tours\/etats-unis-fr\/miami-fr\/excursion-privee-en-hydroglisseur-dans-les-everglades\/\",\"url\":\"https:\/\/tourtravelandmore.com\/fr\/tours\/etats-unis-fr\/miami-fr\/excursion-privee-en-hydroglisseur-dans-les-everglades\/\",\"name\":\"Excursion priv\u00e9e en hydroglisseur dans les Everglades - chauffeur-guide priv\u00e9 pour votre exp\u00e9rience\",\"isPartOf\":{\"@id\":\"https:\/\/tourtravelandmore.com\/fr\/#website\"},\"primaryImageOfPage\":{\"@id\":\"https:\/\/tourtravelandmore.com\/fr\/tours\/etats-unis-fr\/miami-fr\/excursion-privee-en-hydroglisseur-dans-les-everglades\/#primaryimage\"},\"image\":{\"@id\":\"https:\/\/tourtravelandmore.com\/fr\/tours\/etats-unis-fr\/miami-fr\/excursion-privee-en-hydroglisseur-dans-les-everglades\/#primaryimage\"},\"thumbnailUrl\":\"https:\/\/tourtravelandmore.com\/wp-content\/uploads\/2016\/11\/Fotos3.jpg\",\"datePublished\":\"2016-11-10T09:43:52+00:00\",\"description\":\"Excursion priv\u00e9e en hydroglisseur dans les Everglades. Vous pouvez \u00eatre pris en charge \u00e0 l'h\u00f4tel ou au port de croisi\u00e8re. V\u00e9hicule priv\u00e9 semi-luxe avec chauffeur. Profitez du meilleur des Everglades\",\"breadcrumb\":{\"@id\":\"https:\/\/tourtravelandmore.com\/fr\/tours\/etats-unis-fr\/miami-fr\/excursion-privee-en-hydroglisseur-dans-les-everglades\/#breadcrumb\"},\"inLanguage\":\"fr-FR\",\"potentialAction\":[{\"@type\":\"ReadAction\",\"target\":[\"https:\/\/tourtravelandmore.com\/fr\/tours\/etats-unis-fr\/miami-fr\/excursion-privee-en-hydroglisseur-dans-les-everglades\/\"]}]},{\"@type\":\"ImageObject\",\"inLanguage\":\"fr-FR\",\"@id\":\"https:\/\/tourtravelandmore.com\/fr\/tours\/etats-unis-fr\/miami-fr\/excursion-privee-en-hydroglisseur-dans-les-everglades\/#primaryimage\",\"url\":\"https:\/\/tourtravelandmore.com\/wp-content\/uploads\/2016\/11\/Fotos3.jpg\",\"contentUrl\":\"https:\/\/tourtravelandmore.com\/wp-content\/uploads\/2016\/11\/Fotos3.jpg\",\"width\":1024,\"height\":683},{\"@type\":\"BreadcrumbList\",\"@id\":\"https:\/\/tourtravelandmore.com\/fr\/tours\/etats-unis-fr\/miami-fr\/excursion-privee-en-hydroglisseur-dans-les-everglades\/#breadcrumb\",\"itemListElement\":[{\"@type\":\"ListItem\",\"position\":1,\"name\":\"Home\",\"item\":\"https:\/\/tourtravelandmore.com\/fr\/\"},{\"@type\":\"ListItem\",\"position\":2,\"name\":\"Tours\",\"item\":\"https:\/\/tourtravelandmore.com\/fr\/tours\/\"},{\"@type\":\"ListItem\",\"position\":3,\"name\":\"Excursion priv\u00e9e en hydroglisseur dans les Everglades\"}]},{\"@type\":\"WebSite\",\"@id\":\"https:\/\/tourtravelandmore.com\/fr\/#website\",\"url\":\"https:\/\/tourtravelandmore.com\/fr\/\",\"name\":\"Tour Travel And More\",\"description\":\"Private sightseeing tours and luxury transfers in Spain\",\"publisher\":{\"@id\":\"https:\/\/tourtravelandmore.com\/fr\/#organization\"},\"potentialAction\":[{\"@type\":\"SearchAction\",\"target\":{\"@type\":\"EntryPoint\",\"urlTemplate\":\"https:\/\/tourtravelandmore.com\/fr\/?s={search_term_string}\"},\"query-input\":{\"@type\":\"PropertyValueSpecification\",\"valueRequired\":true,\"valueName\":\"search_term_string\"}}],\"inLanguage\":\"fr-FR\"},{\"@type\":\"Organization\",\"@id\":\"https:\/\/tourtravelandmore.com\/fr\/#organization\",\"name\":\"Tour Travel And More\",\"url\":\"https:\/\/tourtravelandmore.com\/fr\/\",\"logo\":{\"@type\":\"ImageObject\",\"inLanguage\":\"fr-FR\",\"@id\":\"https:\/\/tourtravelandmore.com\/fr\/#\/schema\/logo\/image\/\",\"url\":\"https:\/\/tourtravelandmore.com\/wp-content\/uploads\/2022\/12\/cropped-logo-cabecera-new.png\",\"contentUrl\":\"https:\/\/tourtravelandmore.com\/wp-content\/uploads\/2022\/12\/cropped-logo-cabecera-new.png\",\"width\":430,\"height\":61,\"caption\":\"Tour Travel And More\"},\"image\":{\"@id\":\"https:\/\/tourtravelandmore.com\/fr\/#\/schema\/logo\/image\/\"},\"sameAs\":[\"https:\/\/www.facebook.com\/tourtravelandmore\/\",\"https:\/\/x.com\/TourTravel_More\"]}]}<\/script>\n<!-- \/ Yoast SEO Premium plugin. -->","yoast_head_json":{"title":"Excursion priv\u00e9e en hydroglisseur dans les Everglades - chauffeur-guide priv\u00e9 pour votre exp\u00e9rience","description":"Excursion priv\u00e9e en hydroglisseur dans les Everglades. Vous pouvez \u00eatre pris en charge \u00e0 l'h\u00f4tel ou au port de croisi\u00e8re. V\u00e9hicule priv\u00e9 semi-luxe avec chauffeur. Profitez du meilleur des Everglades","robots":{"index":"index","follow":"follow","max-snippet":"max-snippet:-1","max-image-preview":"max-image-preview:large","max-video-preview":"max-video-preview:-1"},"canonical":"https:\/\/tourtravelandmore.com\/fr\/tours\/etats-unis-fr\/miami-fr\/excursion-privee-en-hydroglisseur-dans-les-everglades\/","og_locale":"fr_FR","og_type":"article","og_title":"Excursion priv\u00e9e en hydroglisseur dans les Everglades","og_description":"Excursion priv\u00e9e en hydroglisseur dans les Everglades. Vous pouvez \u00eatre pris en charge \u00e0 l'h\u00f4tel ou au port de croisi\u00e8re. V\u00e9hicule priv\u00e9 semi-luxe avec chauffeur. Profitez du meilleur des Everglades","og_url":"https:\/\/tourtravelandmore.com\/fr\/tours\/etats-unis-fr\/miami-fr\/excursion-privee-en-hydroglisseur-dans-les-everglades\/","og_site_name":"Tour Travel And More","article_publisher":"https:\/\/www.facebook.com\/tourtravelandmore\/","og_image":[{"width":1024,"height":683,"url":"https:\/\/tourtravelandmore.com\/wp-content\/uploads\/2016\/11\/Fotos3.jpg","type":"image\/jpeg"}],"twitter_card":"summary_large_image","twitter_site":"@TourTravel_More","twitter_misc":{"Dur\u00e9e de lecture estim\u00e9e":"1 minute"},"schema":{"@context":"https:\/\/schema.org","@graph":[{"@type":"WebPage","@id":"https:\/\/tourtravelandmore.com\/fr\/tours\/etats-unis-fr\/miami-fr\/excursion-privee-en-hydroglisseur-dans-les-everglades\/","url":"https:\/\/tourtravelandmore.com\/fr\/tours\/etats-unis-fr\/miami-fr\/excursion-privee-en-hydroglisseur-dans-les-everglades\/","name":"Excursion priv\u00e9e en hydroglisseur dans les Everglades - chauffeur-guide priv\u00e9 pour votre exp\u00e9rience","isPartOf":{"@id":"https:\/\/tourtravelandmore.com\/fr\/#website"},"primaryImageOfPage":{"@id":"https:\/\/tourtravelandmore.com\/fr\/tours\/etats-unis-fr\/miami-fr\/excursion-privee-en-hydroglisseur-dans-les-everglades\/#primaryimage"},"image":{"@id":"https:\/\/tourtravelandmore.com\/fr\/tours\/etats-unis-fr\/miami-fr\/excursion-privee-en-hydroglisseur-dans-les-everglades\/#primaryimage"},"thumbnailUrl":"https:\/\/tourtravelandmore.com\/wp-content\/uploads\/2016\/11\/Fotos3.jpg","datePublished":"2016-11-10T09:43:52+00:00","description":"Excursion priv\u00e9e en hydroglisseur dans les Everglades. Vous pouvez \u00eatre pris en charge \u00e0 l'h\u00f4tel ou au port de croisi\u00e8re. V\u00e9hicule priv\u00e9 semi-luxe avec chauffeur. Profitez du meilleur des Everglades","breadcrumb":{"@id":"https:\/\/tourtravelandmore.com\/fr\/tours\/etats-unis-fr\/miami-fr\/excursion-privee-en-hydroglisseur-dans-les-everglades\/#breadcrumb"},"inLanguage":"fr-FR","potentialAction":[{"@type":"ReadAction","target":["https:\/\/tourtravelandmore.com\/fr\/tours\/etats-unis-fr\/miami-fr\/excursion-privee-en-hydroglisseur-dans-les-everglades\/"]}]},{"@type":"ImageObject","inLanguage":"fr-FR","@id":"https:\/\/tourtravelandmore.com\/fr\/tours\/etats-unis-fr\/miami-fr\/excursion-privee-en-hydroglisseur-dans-les-everglades\/#primaryimage","url":"https:\/\/tourtravelandmore.com\/wp-content\/uploads\/2016\/11\/Fotos3.jpg","contentUrl":"https:\/\/tourtravelandmore.com\/wp-content\/uploads\/2016\/11\/Fotos3.jpg","width":1024,"height":683},{"@type":"BreadcrumbList","@id":"https:\/\/tourtravelandmore.com\/fr\/tours\/etats-unis-fr\/miami-fr\/excursion-privee-en-hydroglisseur-dans-les-everglades\/#breadcrumb","itemListElement":[{"@type":"ListItem","position":1,"name":"Home","item":"https:\/\/tourtravelandmore.com\/fr\/"},{"@type":"ListItem","position":2,"name":"Tours","item":"https:\/\/tourtravelandmore.com\/fr\/tours\/"},{"@type":"ListItem","position":3,"name":"Excursion priv\u00e9e en hydroglisseur dans les Everglades"}]},{"@type":"WebSite","@id":"https:\/\/tourtravelandmore.com\/fr\/#website","url":"https:\/\/tourtravelandmore.com\/fr\/","name":"Tour Travel And More","description":"Private sightseeing tours and luxury transfers in Spain","publisher":{"@id":"https:\/\/tourtravelandmore.com\/fr\/#organization"},"potentialAction":[{"@type":"SearchAction","target":{"@type":"EntryPoint","urlTemplate":"https:\/\/tourtravelandmore.com\/fr\/?s={search_term_string}"},"query-input":{"@type":"PropertyValueSpecification","valueRequired":true,"valueName":"search_term_string"}}],"inLanguage":"fr-FR"},{"@type":"Organization","@id":"https:\/\/tourtravelandmore.com\/fr\/#organization","name":"Tour Travel And More","url":"https:\/\/tourtravelandmore.com\/fr\/","logo":{"@type":"ImageObject","inLanguage":"fr-FR","@id":"https:\/\/tourtravelandmore.com\/fr\/#\/schema\/logo\/image\/","url":"https:\/\/tourtravelandmore.com\/wp-content\/uploads\/2022\/12\/cropped-logo-cabecera-new.png","contentUrl":"https:\/\/tourtravelandmore.com\/wp-content\/uploads\/2022\/12\/cropped-logo-cabecera-new.png","width":430,"height":61,"caption":"Tour Travel And More"},"image":{"@id":"https:\/\/tourtravelandmore.com\/fr\/#\/schema\/logo\/image\/"},"sameAs":["https:\/\/www.facebook.com\/tourtravelandmore\/","https:\/\/x.com\/TourTravel_More"]}]}},"_links":{"self":[{"href":"https:\/\/tourtravelandmore.com\/fr\/wp-json\/wp\/v2\/product\/104638","targetHints":{"allow":["GET"]}}],"collection":[{"href":"https:\/\/tourtravelandmore.com\/fr\/wp-json\/wp\/v2\/product"}],"about":[{"href":"https:\/\/tourtravelandmore.com\/fr\/wp-json\/wp\/v2\/types\/product"}],"replies":[{"embeddable":true,"href":"https:\/\/tourtravelandmore.com\/fr\/wp-json\/wp\/v2\/comments?post=104638"}],"wp:featuredmedia":[{"embeddable":true,"href":"https:\/\/tourtravelandmore.com\/fr\/wp-json\/wp\/v2\/media\/94035"}],"wp:attachment":[{"href":"https:\/\/tourtravelandmore.com\/fr\/wp-json\/wp\/v2\/media?parent=104638"}],"wp:term":[{"taxonomy":"product_brand","embeddable":true,"href":"https:\/\/tourtravelandmore.com\/fr\/wp-json\/wp\/v2\/product_brand?post=104638"},{"taxonomy":"product_cat","embeddable":true,"href":"https:\/\/tourtravelandmore.com\/fr\/wp-json\/wp\/v2\/product_cat?post=104638"},{"taxonomy":"product_tag","embeddable":true,"href":"https:\/\/tourtravelandmore.com\/fr\/wp-json\/wp\/v2\/product_tag?post=104638"}],"curies":[{"name":"wp","href":"https:\/\/api.w.org\/{rel}","templated":true}]}}