{"id":104633,"date":"2016-11-10T10:30:42","date_gmt":"2016-11-10T09:30:42","guid":{"rendered":"https:\/\/tourtravelandmore.com\/tours\/non%20class\u00e9\/visite-privee-de-miami\/"},"modified":"2021-03-22T11:23:18","modified_gmt":"2021-03-22T10:23:18","slug":"visite-privee-de-miami","status":"publish","type":"product","link":"https:\/\/tourtravelandmore.com\/fr\/tours\/etats-unis-fr\/miami-fr\/visite-privee-de-miami\/","title":{"rendered":"Visite priv\u00e9e de Miami"},"content":{"rendered":"<h2>Description:<\/h2>\n<p>Faites cette visite priv\u00e9e de Miami et d\u00e9couvrez les meilleurs quartiers de la ville de Miami.<\/p>\n<p>Que pouvons-nous dire \u00e0 propos de Miami. Il n&#8217;y a pas grand chose \u00e0 dire pour pr\u00e9senter cette ville unique connue dans le monde entier pour tout ce qu&#8217;elle a \u00e0 offrir. Miami regorge de glamour, de plages, de luxe et d&#8217;un temps incroyable. Miami vous \u00e9blouira et vous donnera envie de revenir.<\/p>\n<p>Il y a des endroits incroyables \u00e0 visiter depuis Maimi; du sud de la Floride et des Keys, \u00e0 la baie de Biscayne, aux Everglades, \u00e0 Fort Lauderdale, au centre spatial Kennedy et bien plus encore!<\/p>\n<p>Nous organiserons une prise en charge priv\u00e9e depuis votre h\u00f4tel \u00e0 Miami Dade. Si vous n&#8217;\u00eates pas \u00e0 Miami Dade, indiquez-nous o\u00f9 vous serez et nous pouvons \u00e9galement organiser une prise en charge mais avec un suppl\u00e9ment.<\/p>\n<p>Apr\u00e8s que nous venons vous chercher, nous commencerons cette visite priv\u00e9e de Miami. Nous pouvons personnaliser ce circuit pour vous, il vous suffit de contacter nos experts en voyages.<\/p>\n<h2>Sites d&#8217;int\u00e9r\u00eat et monuments<\/h2>\n<p>Cette visite priv\u00e9e de Miami comprendra la visite des sites les plus importants de la ville de Miami.<\/p>\n<p>Ces sites comprendront certains des \u00e9l\u00e9ments suivants;<\/p>\n<ul>\n<li>Miami Beach &#8211; admirez les magnifiques plages de sable de Miami<\/li>\n<li>Quartier Art D\u00e9co &#8211; profitez de beaux b\u00e2timents peints en pastel et des enseignes au n\u00e9on &#8230;<\/li>\n<li>Bayside Marketplace &#8211; c&#8217;est sur le front de mer de Miami. Apprenez \u00e0 conna\u00eetre d&#8217;excellents magasins touristiques, caf\u00e9s, restaurants et bien plus encore<\/li>\n<li>Jetez un coup d&#8217;\u0153il au mus\u00e9e et aux jardins de Vizcaya &#8211; l&#8217;un des plus grands tr\u00e9sors de Miami.<\/li>\n<li>Little Havana &#8211; Miami n&#8217;est pas Miami sans passer \u00e0 Little Havana. Apprenez \u00e0 conna\u00eetre la culture cubaine \u00e0 Little Havana.<\/li>\n<li>Admirez la tour de la libert\u00e9<\/li>\n<li>Parc Bayfront<\/li>\n<li>Ocean Drive &#8211; naviguez dans l&#8217;un des endroits les plus embl\u00e9matiques de Miami. Le front de mer de Miami Beach<\/li>\n<li>Plage sud<\/li>\n<\/ul>\n<p>En option, vous pouvez choisir d&#8217;inclure \u00e9galement \u00e0 cette exp\u00e9rience d&#8217;une demi-journ\u00e9e une croisi\u00e8re touristique. Il s&#8217;agit d&#8217;une croisi\u00e8re de 60 minutes en profitant de la baie de Biscayne et de Miami. Nous avons une croisi\u00e8re de groupe et aussi une croisi\u00e8re priv\u00e9e en yacht de 2 heures.<\/p>\n<p>Cette visite priv\u00e9e de 4 heures vous donnera une bonne id\u00e9e de d\u00e9couvrir Miami. Pour une exp\u00e9rience plus personnalis\u00e9e et plus profonde, nous pouvons organiser la visite priv\u00e9e de 8 heures. D\u00e9couvrez notre exp\u00e9rience d&#8217;une journ\u00e9e compl\u00e8te.<\/p>\n<p>Nous pouvons \u00e9galement organiser des exp\u00e9riences priv\u00e9es pour visiter Jungle Island par exemple. Il s&#8217;agit d&#8217;une attraction tr\u00e8s populaire situ\u00e9e \u00e0 Miami. C&#8217;est sur l&#8217;\u00eele Watson. Nous pouvons l&#8217;inclure dans l&#8217;option journ\u00e9e compl\u00e8te pour tirer le meilleur parti de votre exp\u00e9rience!<\/p>\n","protected":false},"excerpt":{"rendered":"<p>D\u00e9couvrez et explorez la ville de Miami aux c\u00f4t\u00e9s d&#8217;un expert local. Profitez d&#8217;une visite priv\u00e9e dans votre v\u00e9hicule avec un chauffeur-guide professionnel. Prise en charge incluse depuis n&#8217;importe quel endroit de Miami ou du port de croisi\u00e8re.<\/p>\n","protected":false},"featured_media":94022,"comment_status":"open","ping_status":"closed","template":"","meta":{"_acf_changed":false},"product_brand":[],"product_cat":[3547,3793],"product_tag":[],"class_list":{"0":"post-104633","1":"product","2":"type-product","3":"status-publish","4":"has-post-thumbnail","6":"product_cat-etats-unis-fr","7":"product_cat-miami-fr","9":"first","10":"instock","11":"shipping-taxable","12":"purchasable","13":"product-type-simple"},"acf":[],"yoast_head":"<!-- This site is optimized with the Yoast SEO Premium plugin v25.3.1 (Yoast SEO v25.3.1) - https:\/\/yoast.com\/wordpress\/plugins\/seo\/ -->\n<title>Visite priv\u00e9e de Miami - Visite guid\u00e9e priv\u00e9e de 4 heures de Miami<\/title>\n<meta name=\"description\" content=\"Visite priv\u00e9e de Miami enti\u00e8rement personnalis\u00e9e. Floride. Profitez de ses monuments et sites les plus importants. V\u00e9hicule priv\u00e9 avec chauffeur-guide. Ramassage inclus\" \/>\n<meta name=\"robots\" content=\"index, follow, max-snippet:-1, max-image-preview:large, max-video-preview:-1\" \/>\n<link rel=\"canonical\" href=\"https:\/\/tourtravelandmore.com\/fr\/tours\/etats-unis-fr\/miami-fr\/visite-privee-de-miami\/\" \/>\n<meta property=\"og:locale\" content=\"fr_FR\" \/>\n<meta property=\"og:type\" content=\"article\" \/>\n<meta property=\"og:title\" content=\"Visite priv\u00e9e de Miami\" \/>\n<meta property=\"og:description\" content=\"Visite priv\u00e9e de Miami enti\u00e8rement personnalis\u00e9e. Floride. Profitez de ses monuments et sites les plus importants. V\u00e9hicule priv\u00e9 avec chauffeur-guide. Ramassage inclus\" \/>\n<meta property=\"og:url\" content=\"https:\/\/tourtravelandmore.com\/fr\/tours\/etats-unis-fr\/miami-fr\/visite-privee-de-miami\/\" \/>\n<meta property=\"og:site_name\" content=\"Tour Travel And More\" \/>\n<meta property=\"article:publisher\" content=\"https:\/\/www.facebook.com\/tourtravelandmore\/\" \/>\n<meta property=\"article:modified_time\" content=\"2021-03-22T10:23:18+00:00\" \/>\n<meta property=\"og:image\" content=\"https:\/\/tourtravelandmore.com\/wp-content\/uploads\/2016\/11\/Foto-4.jpg\" \/>\n\t<meta property=\"og:image:width\" content=\"1000\" \/>\n\t<meta property=\"og:image:height\" content=\"576\" \/>\n\t<meta property=\"og:image:type\" content=\"image\/jpeg\" \/>\n<meta name=\"twitter:card\" content=\"summary_large_image\" \/>\n<meta name=\"twitter:site\" content=\"@TourTravel_More\" \/>\n<meta name=\"twitter:label1\" content=\"Dur\u00e9e de lecture estim\u00e9e\" \/>\n\t<meta name=\"twitter:data1\" content=\"2 minutes\" \/>\n<script type=\"application\/ld+json\" class=\"yoast-schema-graph\">{\"@context\":\"https:\/\/schema.org\",\"@graph\":[{\"@type\":\"WebPage\",\"@id\":\"https:\/\/tourtravelandmore.com\/fr\/tours\/etats-unis-fr\/miami-fr\/visite-privee-de-miami\/\",\"url\":\"https:\/\/tourtravelandmore.com\/fr\/tours\/etats-unis-fr\/miami-fr\/visite-privee-de-miami\/\",\"name\":\"Visite priv\u00e9e de Miami - Visite guid\u00e9e priv\u00e9e de 4 heures de Miami\",\"isPartOf\":{\"@id\":\"https:\/\/tourtravelandmore.com\/fr\/#website\"},\"primaryImageOfPage\":{\"@id\":\"https:\/\/tourtravelandmore.com\/fr\/tours\/etats-unis-fr\/miami-fr\/visite-privee-de-miami\/#primaryimage\"},\"image\":{\"@id\":\"https:\/\/tourtravelandmore.com\/fr\/tours\/etats-unis-fr\/miami-fr\/visite-privee-de-miami\/#primaryimage\"},\"thumbnailUrl\":\"https:\/\/tourtravelandmore.com\/wp-content\/uploads\/2016\/11\/Foto-4.jpg\",\"datePublished\":\"2016-11-10T09:30:42+00:00\",\"dateModified\":\"2021-03-22T10:23:18+00:00\",\"description\":\"Visite priv\u00e9e de Miami enti\u00e8rement personnalis\u00e9e. Floride. Profitez de ses monuments et sites les plus importants. V\u00e9hicule priv\u00e9 avec chauffeur-guide. Ramassage inclus\",\"breadcrumb\":{\"@id\":\"https:\/\/tourtravelandmore.com\/fr\/tours\/etats-unis-fr\/miami-fr\/visite-privee-de-miami\/#breadcrumb\"},\"inLanguage\":\"fr-FR\",\"potentialAction\":[{\"@type\":\"ReadAction\",\"target\":[\"https:\/\/tourtravelandmore.com\/fr\/tours\/etats-unis-fr\/miami-fr\/visite-privee-de-miami\/\"]}]},{\"@type\":\"ImageObject\",\"inLanguage\":\"fr-FR\",\"@id\":\"https:\/\/tourtravelandmore.com\/fr\/tours\/etats-unis-fr\/miami-fr\/visite-privee-de-miami\/#primaryimage\",\"url\":\"https:\/\/tourtravelandmore.com\/wp-content\/uploads\/2016\/11\/Foto-4.jpg\",\"contentUrl\":\"https:\/\/tourtravelandmore.com\/wp-content\/uploads\/2016\/11\/Foto-4.jpg\",\"width\":1000,\"height\":576},{\"@type\":\"BreadcrumbList\",\"@id\":\"https:\/\/tourtravelandmore.com\/fr\/tours\/etats-unis-fr\/miami-fr\/visite-privee-de-miami\/#breadcrumb\",\"itemListElement\":[{\"@type\":\"ListItem\",\"position\":1,\"name\":\"Home\",\"item\":\"https:\/\/tourtravelandmore.com\/fr\/\"},{\"@type\":\"ListItem\",\"position\":2,\"name\":\"Tours\",\"item\":\"https:\/\/tourtravelandmore.com\/fr\/tours\/\"},{\"@type\":\"ListItem\",\"position\":3,\"name\":\"Visite priv\u00e9e de Miami\"}]},{\"@type\":\"WebSite\",\"@id\":\"https:\/\/tourtravelandmore.com\/fr\/#website\",\"url\":\"https:\/\/tourtravelandmore.com\/fr\/\",\"name\":\"Tour Travel And More\",\"description\":\"Private sightseeing tours and luxury transfers in Spain\",\"publisher\":{\"@id\":\"https:\/\/tourtravelandmore.com\/fr\/#organization\"},\"potentialAction\":[{\"@type\":\"SearchAction\",\"target\":{\"@type\":\"EntryPoint\",\"urlTemplate\":\"https:\/\/tourtravelandmore.com\/fr\/?s={search_term_string}\"},\"query-input\":{\"@type\":\"PropertyValueSpecification\",\"valueRequired\":true,\"valueName\":\"search_term_string\"}}],\"inLanguage\":\"fr-FR\"},{\"@type\":\"Organization\",\"@id\":\"https:\/\/tourtravelandmore.com\/fr\/#organization\",\"name\":\"Tour Travel And More\",\"url\":\"https:\/\/tourtravelandmore.com\/fr\/\",\"logo\":{\"@type\":\"ImageObject\",\"inLanguage\":\"fr-FR\",\"@id\":\"https:\/\/tourtravelandmore.com\/fr\/#\/schema\/logo\/image\/\",\"url\":\"https:\/\/tourtravelandmore.com\/wp-content\/uploads\/2022\/12\/cropped-logo-cabecera-new.png\",\"contentUrl\":\"https:\/\/tourtravelandmore.com\/wp-content\/uploads\/2022\/12\/cropped-logo-cabecera-new.png\",\"width\":430,\"height\":61,\"caption\":\"Tour Travel And More\"},\"image\":{\"@id\":\"https:\/\/tourtravelandmore.com\/fr\/#\/schema\/logo\/image\/\"},\"sameAs\":[\"https:\/\/www.facebook.com\/tourtravelandmore\/\",\"https:\/\/x.com\/TourTravel_More\"]}]}<\/script>\n<!-- \/ Yoast SEO Premium plugin. -->","yoast_head_json":{"title":"Visite priv\u00e9e de Miami - Visite guid\u00e9e priv\u00e9e de 4 heures de Miami","description":"Visite priv\u00e9e de Miami enti\u00e8rement personnalis\u00e9e. Floride. Profitez de ses monuments et sites les plus importants. V\u00e9hicule priv\u00e9 avec chauffeur-guide. Ramassage inclus","robots":{"index":"index","follow":"follow","max-snippet":"max-snippet:-1","max-image-preview":"max-image-preview:large","max-video-preview":"max-video-preview:-1"},"canonical":"https:\/\/tourtravelandmore.com\/fr\/tours\/etats-unis-fr\/miami-fr\/visite-privee-de-miami\/","og_locale":"fr_FR","og_type":"article","og_title":"Visite priv\u00e9e de Miami","og_description":"Visite priv\u00e9e de Miami enti\u00e8rement personnalis\u00e9e. Floride. Profitez de ses monuments et sites les plus importants. V\u00e9hicule priv\u00e9 avec chauffeur-guide. Ramassage inclus","og_url":"https:\/\/tourtravelandmore.com\/fr\/tours\/etats-unis-fr\/miami-fr\/visite-privee-de-miami\/","og_site_name":"Tour Travel And More","article_publisher":"https:\/\/www.facebook.com\/tourtravelandmore\/","article_modified_time":"2021-03-22T10:23:18+00:00","og_image":[{"width":1000,"height":576,"url":"https:\/\/tourtravelandmore.com\/wp-content\/uploads\/2016\/11\/Foto-4.jpg","type":"image\/jpeg"}],"twitter_card":"summary_large_image","twitter_site":"@TourTravel_More","twitter_misc":{"Dur\u00e9e de lecture estim\u00e9e":"2 minutes"},"schema":{"@context":"https:\/\/schema.org","@graph":[{"@type":"WebPage","@id":"https:\/\/tourtravelandmore.com\/fr\/tours\/etats-unis-fr\/miami-fr\/visite-privee-de-miami\/","url":"https:\/\/tourtravelandmore.com\/fr\/tours\/etats-unis-fr\/miami-fr\/visite-privee-de-miami\/","name":"Visite priv\u00e9e de Miami - Visite guid\u00e9e priv\u00e9e de 4 heures de Miami","isPartOf":{"@id":"https:\/\/tourtravelandmore.com\/fr\/#website"},"primaryImageOfPage":{"@id":"https:\/\/tourtravelandmore.com\/fr\/tours\/etats-unis-fr\/miami-fr\/visite-privee-de-miami\/#primaryimage"},"image":{"@id":"https:\/\/tourtravelandmore.com\/fr\/tours\/etats-unis-fr\/miami-fr\/visite-privee-de-miami\/#primaryimage"},"thumbnailUrl":"https:\/\/tourtravelandmore.com\/wp-content\/uploads\/2016\/11\/Foto-4.jpg","datePublished":"2016-11-10T09:30:42+00:00","dateModified":"2021-03-22T10:23:18+00:00","description":"Visite priv\u00e9e de Miami enti\u00e8rement personnalis\u00e9e. Floride. Profitez de ses monuments et sites les plus importants. V\u00e9hicule priv\u00e9 avec chauffeur-guide. Ramassage inclus","breadcrumb":{"@id":"https:\/\/tourtravelandmore.com\/fr\/tours\/etats-unis-fr\/miami-fr\/visite-privee-de-miami\/#breadcrumb"},"inLanguage":"fr-FR","potentialAction":[{"@type":"ReadAction","target":["https:\/\/tourtravelandmore.com\/fr\/tours\/etats-unis-fr\/miami-fr\/visite-privee-de-miami\/"]}]},{"@type":"ImageObject","inLanguage":"fr-FR","@id":"https:\/\/tourtravelandmore.com\/fr\/tours\/etats-unis-fr\/miami-fr\/visite-privee-de-miami\/#primaryimage","url":"https:\/\/tourtravelandmore.com\/wp-content\/uploads\/2016\/11\/Foto-4.jpg","contentUrl":"https:\/\/tourtravelandmore.com\/wp-content\/uploads\/2016\/11\/Foto-4.jpg","width":1000,"height":576},{"@type":"BreadcrumbList","@id":"https:\/\/tourtravelandmore.com\/fr\/tours\/etats-unis-fr\/miami-fr\/visite-privee-de-miami\/#breadcrumb","itemListElement":[{"@type":"ListItem","position":1,"name":"Home","item":"https:\/\/tourtravelandmore.com\/fr\/"},{"@type":"ListItem","position":2,"name":"Tours","item":"https:\/\/tourtravelandmore.com\/fr\/tours\/"},{"@type":"ListItem","position":3,"name":"Visite priv\u00e9e de Miami"}]},{"@type":"WebSite","@id":"https:\/\/tourtravelandmore.com\/fr\/#website","url":"https:\/\/tourtravelandmore.com\/fr\/","name":"Tour Travel And More","description":"Private sightseeing tours and luxury transfers in Spain","publisher":{"@id":"https:\/\/tourtravelandmore.com\/fr\/#organization"},"potentialAction":[{"@type":"SearchAction","target":{"@type":"EntryPoint","urlTemplate":"https:\/\/tourtravelandmore.com\/fr\/?s={search_term_string}"},"query-input":{"@type":"PropertyValueSpecification","valueRequired":true,"valueName":"search_term_string"}}],"inLanguage":"fr-FR"},{"@type":"Organization","@id":"https:\/\/tourtravelandmore.com\/fr\/#organization","name":"Tour Travel And More","url":"https:\/\/tourtravelandmore.com\/fr\/","logo":{"@type":"ImageObject","inLanguage":"fr-FR","@id":"https:\/\/tourtravelandmore.com\/fr\/#\/schema\/logo\/image\/","url":"https:\/\/tourtravelandmore.com\/wp-content\/uploads\/2022\/12\/cropped-logo-cabecera-new.png","contentUrl":"https:\/\/tourtravelandmore.com\/wp-content\/uploads\/2022\/12\/cropped-logo-cabecera-new.png","width":430,"height":61,"caption":"Tour Travel And More"},"image":{"@id":"https:\/\/tourtravelandmore.com\/fr\/#\/schema\/logo\/image\/"},"sameAs":["https:\/\/www.facebook.com\/tourtravelandmore\/","https:\/\/x.com\/TourTravel_More"]}]}},"_links":{"self":[{"href":"https:\/\/tourtravelandmore.com\/fr\/wp-json\/wp\/v2\/product\/104633","targetHints":{"allow":["GET"]}}],"collection":[{"href":"https:\/\/tourtravelandmore.com\/fr\/wp-json\/wp\/v2\/product"}],"about":[{"href":"https:\/\/tourtravelandmore.com\/fr\/wp-json\/wp\/v2\/types\/product"}],"replies":[{"embeddable":true,"href":"https:\/\/tourtravelandmore.com\/fr\/wp-json\/wp\/v2\/comments?post=104633"}],"wp:featuredmedia":[{"embeddable":true,"href":"https:\/\/tourtravelandmore.com\/fr\/wp-json\/wp\/v2\/media\/94022"}],"wp:attachment":[{"href":"https:\/\/tourtravelandmore.com\/fr\/wp-json\/wp\/v2\/media?parent=104633"}],"wp:term":[{"taxonomy":"product_brand","embeddable":true,"href":"https:\/\/tourtravelandmore.com\/fr\/wp-json\/wp\/v2\/product_brand?post=104633"},{"taxonomy":"product_cat","embeddable":true,"href":"https:\/\/tourtravelandmore.com\/fr\/wp-json\/wp\/v2\/product_cat?post=104633"},{"taxonomy":"product_tag","embeddable":true,"href":"https:\/\/tourtravelandmore.com\/fr\/wp-json\/wp\/v2\/product_tag?post=104633"}],"curies":[{"name":"wp","href":"https:\/\/api.w.org\/{rel}","templated":true}]}}