{"id":104627,"date":"2020-08-04T10:55:11","date_gmt":"2020-08-04T08:55:11","guid":{"rendered":"https:\/\/tourtravelandmore.com\/tours\/non%20class\u00e9\/chartes-de-peche-privees-a-miami\/"},"modified":"2021-03-22T11:16:37","modified_gmt":"2021-03-22T10:16:37","slug":"chartes-de-peche-privees-a-miami","status":"publish","type":"product","link":"https:\/\/tourtravelandmore.com\/fr\/tours\/etats-unis-fr\/miami-fr\/chartes-de-peche-privees-a-miami\/","title":{"rendered":"Chartes de p\u00eache priv\u00e9es \u00e0 Miami"},"content":{"rendered":"<h2>Description:<\/h2>\n<p>C&#8217;est une excellente activit\u00e9 de jour \u00e0 pratiquer avec votre famille et vos amis. Ceci est l&#8217;une de nos chartes de p\u00eache priv\u00e9es \u00e0 Miami. Nous vous donnerons la possibilit\u00e9 de p\u00eacher le long de la c\u00f4te de Miami pour une exp\u00e9rience guid\u00e9e de 4 heures.<\/p>\n<p>Il y a une prise en charge \u00e0 l&#8217;h\u00f4tel en option dans son exp\u00e9rience. Nous pouvons organiser une prise en charge dans l&#8217;un de nos v\u00e9hicules priv\u00e9s. Faites-nous savoir o\u00f9 vous vous trouvez et nous organiserons votre prise en charge et vous d\u00e9poserons \u00e0 la marina.<\/p>\n<p>Ce sera une exp\u00e9rience formidable pour profiter d&#8217;une exp\u00e9rience de p\u00eache \u00e0 Miami. C&#8217;est vraiment agr\u00e9able de sortir de l&#8217;agitation de Miami et de profiter de quelques heures de p\u00eache. Nous pouvons organiser une exp\u00e9rience guid\u00e9e de 4 heures ou en organiser une plus longue \u00e0 8 heures et faire une option d&#8217;une journ\u00e9e compl\u00e8te.<\/p>\n<p>Pour l&#8217;option de 4 heures, nous pouvons organiser la prise en charge \u00e0 8h ou \u00e0 13h. Pour l&#8217;exp\u00e9rience de p\u00eache, ce sont les meilleures heures pour commencer.<\/p>\n<h2>Sites d&#8217;int\u00e9r\u00eat et monuments<\/h2>\n<p>Pour cet exemple des Miami Private Fishing Charters, nous avons un 51 &#8216;Hatteras. Notre bateau est amarr\u00e9 dans une marina de Miami et nous pouvons vous y d\u00e9poser ou vous pouvez nous y rencontrer en vous y rendant par vos propres moyens.<\/p>\n<p>L&#8217;\u00e9quipement de p\u00eache et les app\u00e2ts sont inclus dans cette proposition pour vous.<\/p>\n<p>C&#8217;est une exp\u00e9rience formidable pour toute la famille ou si vous partez avec un groupe d&#8217;amis. Laissez-nous vous emmener dans cette exp\u00e9rience formidable et amusante et sortez des itin\u00e9raires typiques de Miami.<\/p>\n<p>Jetez un \u0153il \u00e0 nos autres circuits priv\u00e9s \u00e0 Miami.<\/p>\n<p>Nous avons \u00e9galement d&#8217;autres exp\u00e9riences de yacht priv\u00e9. D\u00e9couvrez-les ici!<\/p>\n","protected":false},"excerpt":{"rendered":"<p>Profitez d&#8217;une excursion priv\u00e9e d&#8217;une demi-journ\u00e9e ou d&#8217;une journ\u00e9e compl\u00e8te au d\u00e9part de Miami en bateau priv\u00e9. Explorez l&#8217;oc\u00e9an lors d&#8217;une exp\u00e9rience de p\u00eache priv\u00e9e avec notre \u00e9quipage.<\/p>\n","protected":false},"featured_media":82012,"comment_status":"open","ping_status":"closed","template":"","meta":{"_acf_changed":false},"product_brand":[],"product_cat":[4580,4581,3547,3793],"product_tag":[],"class_list":{"0":"post-104627","1":"product","2":"type-product","3":"status-publish","4":"has-post-thumbnail","6":"product_cat-all-private-tours-activities-fr-24","7":"product_cat-private-day-trips-fr-14","8":"product_cat-etats-unis-fr","9":"product_cat-miami-fr","11":"first","12":"instock","13":"shipping-taxable","14":"purchasable","15":"product-type-simple"},"acf":[],"yoast_head":"<!-- This site is optimized with the Yoast SEO Premium plugin v25.3.1 (Yoast SEO v25.3.1) - https:\/\/yoast.com\/wordpress\/plugins\/seo\/ -->\n<title>Miami Private Fishing Charters - Exp\u00e9rience de bateau priv\u00e9 \u00e0 Miami<\/title>\n<meta name=\"description\" content=\"Chartes de p\u00eache priv\u00e9es \u00e0 Miami. Profitez d&#039;une demi-journ\u00e9e ou d&#039;une journ\u00e9e priv\u00e9e \u00e0 Miami et d&#039;une croisi\u00e8re priv\u00e9e. Exp\u00e9rience de p\u00eache \u00e0 Miami pour une exp\u00e9rience unique.\" \/>\n<meta name=\"robots\" content=\"index, follow, max-snippet:-1, max-image-preview:large, max-video-preview:-1\" \/>\n<link rel=\"canonical\" href=\"https:\/\/tourtravelandmore.com\/fr\/tours\/etats-unis-fr\/miami-fr\/chartes-de-peche-privees-a-miami\/\" \/>\n<meta property=\"og:locale\" content=\"fr_FR\" \/>\n<meta property=\"og:type\" content=\"article\" \/>\n<meta property=\"og:title\" content=\"Chartes de p\u00eache priv\u00e9es \u00e0 Miami\" \/>\n<meta property=\"og:description\" content=\"Chartes de p\u00eache priv\u00e9es \u00e0 Miami. Profitez d&#039;une demi-journ\u00e9e ou d&#039;une journ\u00e9e priv\u00e9e \u00e0 Miami et d&#039;une croisi\u00e8re priv\u00e9e. Exp\u00e9rience de p\u00eache \u00e0 Miami pour une exp\u00e9rience unique.\" \/>\n<meta property=\"og:url\" content=\"https:\/\/tourtravelandmore.com\/fr\/tours\/etats-unis-fr\/miami-fr\/chartes-de-peche-privees-a-miami\/\" \/>\n<meta property=\"og:site_name\" content=\"Tour Travel And More\" \/>\n<meta property=\"article:publisher\" content=\"https:\/\/www.facebook.com\/tourtravelandmore\/\" \/>\n<meta property=\"article:modified_time\" content=\"2021-03-22T10:16:37+00:00\" \/>\n<meta property=\"og:image\" content=\"https:\/\/tourtravelandmore.com\/wp-content\/uploads\/2020\/08\/51-hatteras.jpg\" \/>\n\t<meta property=\"og:image:width\" content=\"750\" \/>\n\t<meta property=\"og:image:height\" content=\"402\" \/>\n\t<meta property=\"og:image:type\" content=\"image\/jpeg\" \/>\n<meta name=\"twitter:card\" content=\"summary_large_image\" \/>\n<meta name=\"twitter:site\" content=\"@TourTravel_More\" \/>\n<meta name=\"twitter:label1\" content=\"Dur\u00e9e de lecture estim\u00e9e\" \/>\n\t<meta name=\"twitter:data1\" content=\"2 minutes\" \/>\n<script type=\"application\/ld+json\" class=\"yoast-schema-graph\">{\"@context\":\"https:\/\/schema.org\",\"@graph\":[{\"@type\":\"WebPage\",\"@id\":\"https:\/\/tourtravelandmore.com\/fr\/tours\/etats-unis-fr\/miami-fr\/chartes-de-peche-privees-a-miami\/\",\"url\":\"https:\/\/tourtravelandmore.com\/fr\/tours\/etats-unis-fr\/miami-fr\/chartes-de-peche-privees-a-miami\/\",\"name\":\"Miami Private Fishing Charters - Exp\u00e9rience de bateau priv\u00e9 \u00e0 Miami\",\"isPartOf\":{\"@id\":\"https:\/\/tourtravelandmore.com\/fr\/#website\"},\"primaryImageOfPage\":{\"@id\":\"https:\/\/tourtravelandmore.com\/fr\/tours\/etats-unis-fr\/miami-fr\/chartes-de-peche-privees-a-miami\/#primaryimage\"},\"image\":{\"@id\":\"https:\/\/tourtravelandmore.com\/fr\/tours\/etats-unis-fr\/miami-fr\/chartes-de-peche-privees-a-miami\/#primaryimage\"},\"thumbnailUrl\":\"https:\/\/tourtravelandmore.com\/wp-content\/uploads\/2020\/08\/51-hatteras.jpg\",\"datePublished\":\"2020-08-04T08:55:11+00:00\",\"dateModified\":\"2021-03-22T10:16:37+00:00\",\"description\":\"Chartes de p\u00eache priv\u00e9es \u00e0 Miami. Profitez d'une demi-journ\u00e9e ou d'une journ\u00e9e priv\u00e9e \u00e0 Miami et d'une croisi\u00e8re priv\u00e9e. Exp\u00e9rience de p\u00eache \u00e0 Miami pour une exp\u00e9rience unique.\",\"breadcrumb\":{\"@id\":\"https:\/\/tourtravelandmore.com\/fr\/tours\/etats-unis-fr\/miami-fr\/chartes-de-peche-privees-a-miami\/#breadcrumb\"},\"inLanguage\":\"fr-FR\",\"potentialAction\":[{\"@type\":\"ReadAction\",\"target\":[\"https:\/\/tourtravelandmore.com\/fr\/tours\/etats-unis-fr\/miami-fr\/chartes-de-peche-privees-a-miami\/\"]}]},{\"@type\":\"ImageObject\",\"inLanguage\":\"fr-FR\",\"@id\":\"https:\/\/tourtravelandmore.com\/fr\/tours\/etats-unis-fr\/miami-fr\/chartes-de-peche-privees-a-miami\/#primaryimage\",\"url\":\"https:\/\/tourtravelandmore.com\/wp-content\/uploads\/2020\/08\/51-hatteras.jpg\",\"contentUrl\":\"https:\/\/tourtravelandmore.com\/wp-content\/uploads\/2020\/08\/51-hatteras.jpg\",\"width\":750,\"height\":402},{\"@type\":\"BreadcrumbList\",\"@id\":\"https:\/\/tourtravelandmore.com\/fr\/tours\/etats-unis-fr\/miami-fr\/chartes-de-peche-privees-a-miami\/#breadcrumb\",\"itemListElement\":[{\"@type\":\"ListItem\",\"position\":1,\"name\":\"Home\",\"item\":\"https:\/\/tourtravelandmore.com\/fr\/\"},{\"@type\":\"ListItem\",\"position\":2,\"name\":\"Tours\",\"item\":\"https:\/\/tourtravelandmore.com\/fr\/tours\/\"},{\"@type\":\"ListItem\",\"position\":3,\"name\":\"Chartes de p\u00eache priv\u00e9es \u00e0 Miami\"}]},{\"@type\":\"WebSite\",\"@id\":\"https:\/\/tourtravelandmore.com\/fr\/#website\",\"url\":\"https:\/\/tourtravelandmore.com\/fr\/\",\"name\":\"Tour Travel And More\",\"description\":\"Private sightseeing tours and luxury transfers in Spain\",\"publisher\":{\"@id\":\"https:\/\/tourtravelandmore.com\/fr\/#organization\"},\"potentialAction\":[{\"@type\":\"SearchAction\",\"target\":{\"@type\":\"EntryPoint\",\"urlTemplate\":\"https:\/\/tourtravelandmore.com\/fr\/?s={search_term_string}\"},\"query-input\":{\"@type\":\"PropertyValueSpecification\",\"valueRequired\":true,\"valueName\":\"search_term_string\"}}],\"inLanguage\":\"fr-FR\"},{\"@type\":\"Organization\",\"@id\":\"https:\/\/tourtravelandmore.com\/fr\/#organization\",\"name\":\"Tour Travel And More\",\"url\":\"https:\/\/tourtravelandmore.com\/fr\/\",\"logo\":{\"@type\":\"ImageObject\",\"inLanguage\":\"fr-FR\",\"@id\":\"https:\/\/tourtravelandmore.com\/fr\/#\/schema\/logo\/image\/\",\"url\":\"https:\/\/tourtravelandmore.com\/wp-content\/uploads\/2022\/12\/cropped-logo-cabecera-new.png\",\"contentUrl\":\"https:\/\/tourtravelandmore.com\/wp-content\/uploads\/2022\/12\/cropped-logo-cabecera-new.png\",\"width\":430,\"height\":61,\"caption\":\"Tour Travel And More\"},\"image\":{\"@id\":\"https:\/\/tourtravelandmore.com\/fr\/#\/schema\/logo\/image\/\"},\"sameAs\":[\"https:\/\/www.facebook.com\/tourtravelandmore\/\",\"https:\/\/x.com\/TourTravel_More\"]}]}<\/script>\n<!-- \/ Yoast SEO Premium plugin. -->","yoast_head_json":{"title":"Miami Private Fishing Charters - Exp\u00e9rience de bateau priv\u00e9 \u00e0 Miami","description":"Chartes de p\u00eache priv\u00e9es \u00e0 Miami. Profitez d'une demi-journ\u00e9e ou d'une journ\u00e9e priv\u00e9e \u00e0 Miami et d'une croisi\u00e8re priv\u00e9e. Exp\u00e9rience de p\u00eache \u00e0 Miami pour une exp\u00e9rience unique.","robots":{"index":"index","follow":"follow","max-snippet":"max-snippet:-1","max-image-preview":"max-image-preview:large","max-video-preview":"max-video-preview:-1"},"canonical":"https:\/\/tourtravelandmore.com\/fr\/tours\/etats-unis-fr\/miami-fr\/chartes-de-peche-privees-a-miami\/","og_locale":"fr_FR","og_type":"article","og_title":"Chartes de p\u00eache priv\u00e9es \u00e0 Miami","og_description":"Chartes de p\u00eache priv\u00e9es \u00e0 Miami. Profitez d'une demi-journ\u00e9e ou d'une journ\u00e9e priv\u00e9e \u00e0 Miami et d'une croisi\u00e8re priv\u00e9e. Exp\u00e9rience de p\u00eache \u00e0 Miami pour une exp\u00e9rience unique.","og_url":"https:\/\/tourtravelandmore.com\/fr\/tours\/etats-unis-fr\/miami-fr\/chartes-de-peche-privees-a-miami\/","og_site_name":"Tour Travel And More","article_publisher":"https:\/\/www.facebook.com\/tourtravelandmore\/","article_modified_time":"2021-03-22T10:16:37+00:00","og_image":[{"width":750,"height":402,"url":"https:\/\/tourtravelandmore.com\/wp-content\/uploads\/2020\/08\/51-hatteras.jpg","type":"image\/jpeg"}],"twitter_card":"summary_large_image","twitter_site":"@TourTravel_More","twitter_misc":{"Dur\u00e9e de lecture estim\u00e9e":"2 minutes"},"schema":{"@context":"https:\/\/schema.org","@graph":[{"@type":"WebPage","@id":"https:\/\/tourtravelandmore.com\/fr\/tours\/etats-unis-fr\/miami-fr\/chartes-de-peche-privees-a-miami\/","url":"https:\/\/tourtravelandmore.com\/fr\/tours\/etats-unis-fr\/miami-fr\/chartes-de-peche-privees-a-miami\/","name":"Miami Private Fishing Charters - Exp\u00e9rience de bateau priv\u00e9 \u00e0 Miami","isPartOf":{"@id":"https:\/\/tourtravelandmore.com\/fr\/#website"},"primaryImageOfPage":{"@id":"https:\/\/tourtravelandmore.com\/fr\/tours\/etats-unis-fr\/miami-fr\/chartes-de-peche-privees-a-miami\/#primaryimage"},"image":{"@id":"https:\/\/tourtravelandmore.com\/fr\/tours\/etats-unis-fr\/miami-fr\/chartes-de-peche-privees-a-miami\/#primaryimage"},"thumbnailUrl":"https:\/\/tourtravelandmore.com\/wp-content\/uploads\/2020\/08\/51-hatteras.jpg","datePublished":"2020-08-04T08:55:11+00:00","dateModified":"2021-03-22T10:16:37+00:00","description":"Chartes de p\u00eache priv\u00e9es \u00e0 Miami. Profitez d'une demi-journ\u00e9e ou d'une journ\u00e9e priv\u00e9e \u00e0 Miami et d'une croisi\u00e8re priv\u00e9e. Exp\u00e9rience de p\u00eache \u00e0 Miami pour une exp\u00e9rience unique.","breadcrumb":{"@id":"https:\/\/tourtravelandmore.com\/fr\/tours\/etats-unis-fr\/miami-fr\/chartes-de-peche-privees-a-miami\/#breadcrumb"},"inLanguage":"fr-FR","potentialAction":[{"@type":"ReadAction","target":["https:\/\/tourtravelandmore.com\/fr\/tours\/etats-unis-fr\/miami-fr\/chartes-de-peche-privees-a-miami\/"]}]},{"@type":"ImageObject","inLanguage":"fr-FR","@id":"https:\/\/tourtravelandmore.com\/fr\/tours\/etats-unis-fr\/miami-fr\/chartes-de-peche-privees-a-miami\/#primaryimage","url":"https:\/\/tourtravelandmore.com\/wp-content\/uploads\/2020\/08\/51-hatteras.jpg","contentUrl":"https:\/\/tourtravelandmore.com\/wp-content\/uploads\/2020\/08\/51-hatteras.jpg","width":750,"height":402},{"@type":"BreadcrumbList","@id":"https:\/\/tourtravelandmore.com\/fr\/tours\/etats-unis-fr\/miami-fr\/chartes-de-peche-privees-a-miami\/#breadcrumb","itemListElement":[{"@type":"ListItem","position":1,"name":"Home","item":"https:\/\/tourtravelandmore.com\/fr\/"},{"@type":"ListItem","position":2,"name":"Tours","item":"https:\/\/tourtravelandmore.com\/fr\/tours\/"},{"@type":"ListItem","position":3,"name":"Chartes de p\u00eache priv\u00e9es \u00e0 Miami"}]},{"@type":"WebSite","@id":"https:\/\/tourtravelandmore.com\/fr\/#website","url":"https:\/\/tourtravelandmore.com\/fr\/","name":"Tour Travel And More","description":"Private sightseeing tours and luxury transfers in Spain","publisher":{"@id":"https:\/\/tourtravelandmore.com\/fr\/#organization"},"potentialAction":[{"@type":"SearchAction","target":{"@type":"EntryPoint","urlTemplate":"https:\/\/tourtravelandmore.com\/fr\/?s={search_term_string}"},"query-input":{"@type":"PropertyValueSpecification","valueRequired":true,"valueName":"search_term_string"}}],"inLanguage":"fr-FR"},{"@type":"Organization","@id":"https:\/\/tourtravelandmore.com\/fr\/#organization","name":"Tour Travel And More","url":"https:\/\/tourtravelandmore.com\/fr\/","logo":{"@type":"ImageObject","inLanguage":"fr-FR","@id":"https:\/\/tourtravelandmore.com\/fr\/#\/schema\/logo\/image\/","url":"https:\/\/tourtravelandmore.com\/wp-content\/uploads\/2022\/12\/cropped-logo-cabecera-new.png","contentUrl":"https:\/\/tourtravelandmore.com\/wp-content\/uploads\/2022\/12\/cropped-logo-cabecera-new.png","width":430,"height":61,"caption":"Tour Travel And More"},"image":{"@id":"https:\/\/tourtravelandmore.com\/fr\/#\/schema\/logo\/image\/"},"sameAs":["https:\/\/www.facebook.com\/tourtravelandmore\/","https:\/\/x.com\/TourTravel_More"]}]}},"_links":{"self":[{"href":"https:\/\/tourtravelandmore.com\/fr\/wp-json\/wp\/v2\/product\/104627","targetHints":{"allow":["GET"]}}],"collection":[{"href":"https:\/\/tourtravelandmore.com\/fr\/wp-json\/wp\/v2\/product"}],"about":[{"href":"https:\/\/tourtravelandmore.com\/fr\/wp-json\/wp\/v2\/types\/product"}],"replies":[{"embeddable":true,"href":"https:\/\/tourtravelandmore.com\/fr\/wp-json\/wp\/v2\/comments?post=104627"}],"wp:featuredmedia":[{"embeddable":true,"href":"https:\/\/tourtravelandmore.com\/fr\/wp-json\/wp\/v2\/media\/82012"}],"wp:attachment":[{"href":"https:\/\/tourtravelandmore.com\/fr\/wp-json\/wp\/v2\/media?parent=104627"}],"wp:term":[{"taxonomy":"product_brand","embeddable":true,"href":"https:\/\/tourtravelandmore.com\/fr\/wp-json\/wp\/v2\/product_brand?post=104627"},{"taxonomy":"product_cat","embeddable":true,"href":"https:\/\/tourtravelandmore.com\/fr\/wp-json\/wp\/v2\/product_cat?post=104627"},{"taxonomy":"product_tag","embeddable":true,"href":"https:\/\/tourtravelandmore.com\/fr\/wp-json\/wp\/v2\/product_tag?post=104627"}],"curies":[{"name":"wp","href":"https:\/\/api.w.org\/{rel}","templated":true}]}}