{"id":104622,"date":"2020-08-04T10:39:00","date_gmt":"2020-08-04T08:39:00","guid":{"rendered":"https:\/\/tourtravelandmore.com\/tours\/non%20class\u00e9\/location-de-yacht-prive-a-miami\/"},"modified":"2021-03-22T11:15:32","modified_gmt":"2021-03-22T10:15:32","slug":"location-de-yacht-prive-a-miami","status":"publish","type":"product","link":"https:\/\/tourtravelandmore.com\/fr\/tours\/etats-unis-fr\/miami-fr\/location-de-yacht-prive-a-miami\/","title":{"rendered":"Location de yacht priv\u00e9 \u00e0 Miami"},"content":{"rendered":"<h2>Description:<\/h2>\n<p>Une fois \u00e0 Miami, profitez de cette occasion pour passer du temps sur un yacht priv\u00e9 avec son \u00e9quipage correspondant. Profitez d&#8217;un yacht priv\u00e9 \u00e0 Miami et d&#8217;une exp\u00e9rience formidable et unique.<\/p>\n<p>Nous proposons uniquement des charters de yachts priv\u00e9s, alors contactez-nous pour organiser la meilleure exp\u00e9rience pour vous.<\/p>\n<p>Contactez-nous si vous souhaitez \u00e9galement un transfert priv\u00e9 depuis votre h\u00f4tel ou lieu de votre choix. Faites-nous savoir o\u00f9 vous s\u00e9journez \u00e0 Miami et nous organiserons un transfert priv\u00e9 pour que vous arriviez rapidement et en toute s\u00e9curit\u00e9 \u00e0 la marina.<\/p>\n<p>Tous nos yachts sont sp\u00e9ciaux et cela d\u00e9pendra du nombre de personnes que vous \u00eates, nous vous ferons parvenir notre meilleure proposition. Tous les yachts sont spacieux, vous aurez \u00e9galement une part et un bain de soleil pour profiter du soleil et des vues panoramiques.<\/p>\n<p>Nous pouvons organiser de belles vues sur les toits de Miami, profiter de barres de sable uniques dans la baie de Biscayne et m\u00eame des sports nautiques. Faites-nous savoir si vous souhaitez un jetski pour organiser la proposition correspondante.<\/p>\n<p>Il est \u00e9galement possible de profiter d&#8217;une \u00eele exclusive et priv\u00e9e. Cela n\u00e9cessitera une exp\u00e9rience d&#8217;une journ\u00e9e compl\u00e8te.<\/p>\n<h2>Sites d&#8217;int\u00e9r\u00eat et monuments<\/h2>\n<p>Pour nos chartes de yacht priv\u00e9 \u00e0 Miami, nous avons de nombreuses options diff\u00e9rentes.<\/p>\n<p>Nous pouvons organiser une activit\u00e9 de 4 heures, 6 heures d&#8217;activit\u00e9 ou 8 heures d&#8217;activit\u00e9. Nous avons la possibilit\u00e9 d&#8217;organiser une charte \u00e0 terme o\u00f9 vous pourrez passer la nuit.<\/p>\n<p>Pour ces activit\u00e9s, nous pouvons organiser la plong\u00e9e avec tuba, la p\u00eache, passer une journ\u00e9e aux Bahamas, aller \u00e0 Key Biscayne, Elliott Key.<\/p>\n<p>Profitez de cette visite priv\u00e9e en yacht avec notre propre \u00e9quipage. Cet \u00e9quipage comprendra dans tous les cas un capitaine et pour le reste de l&#8217;\u00e9quipage cela d\u00e9pendra de la taille du yacht que nous prenons. Nous pouvons inclure l&#8217;h\u00f4tesse de l&#8217;air et l&#8217;\u00e9quipage.<\/p>\n<p>Nous pouvons \u00e9galement ajouter une restauration priv\u00e9e pour vous lors de cette exp\u00e9rience.<\/p>\n<p>Pour les jouets aquatiques, nous pouvons inclure des jet-skis, des planches \u00e0 pagaie, de la plong\u00e9e en apn\u00e9e, des \u00eeles flottantes et plus encore!<\/p>\n<p>D\u00e9couvrez toutes nos autres visites priv\u00e9es.<\/p>\n<p>Nous pouvons organiser une visite priv\u00e9e \u00e0 Islamorada et profiter d&#8217;un yacht priv\u00e9 pour la plong\u00e9e avec tuba \u00e0 Islamorada.<\/p>\n","protected":false},"excerpt":{"rendered":"<p>Profitez d&#8217;une exp\u00e9rience de luxe priv\u00e9e d&#8217;une demi-journ\u00e9e ou d&#8217;une journ\u00e9e compl\u00e8te \u00e0 Miami. Naviguez \u00e0 Miami dans un yacht priv\u00e9 \u00e0 votre rythme. La croisi\u00e8re en yacht est incluse et nous proposons un transport priv\u00e9 optionnel vers la marina depuis n&#8217;importe quel endroit de Miami.<\/p>\n","protected":false},"featured_media":82001,"comment_status":"open","ping_status":"closed","template":"","meta":{"_acf_changed":false},"product_brand":[],"product_cat":[3547,3793],"product_tag":[],"class_list":{"0":"post-104622","1":"product","2":"type-product","3":"status-publish","4":"has-post-thumbnail","6":"product_cat-etats-unis-fr","7":"product_cat-miami-fr","9":"first","10":"instock","11":"shipping-taxable","12":"purchasable","13":"product-type-simple"},"acf":[],"yoast_head":"<!-- This site is optimized with the Yoast SEO Premium plugin v25.3.1 (Yoast SEO v25.3.1) - https:\/\/yoast.com\/wordpress\/plugins\/seo\/ -->\n<title>Private Yacht Charters Miami - Croisi\u00e8re priv\u00e9e en yacht \u00e0 Miami<\/title>\n<meta name=\"description\" content=\"Location de yacht priv\u00e9 \u00e0 Miami. Profitez d&#039;une demi-journ\u00e9e ou d&#039;une journ\u00e9e priv\u00e9e \u00e0 Miami et d&#039;une croisi\u00e8re priv\u00e9e. \u00c9quipage inclus et transport priv\u00e9 en option vers la marina\" \/>\n<meta name=\"robots\" content=\"index, follow, max-snippet:-1, max-image-preview:large, max-video-preview:-1\" \/>\n<link rel=\"canonical\" href=\"https:\/\/tourtravelandmore.com\/fr\/tours\/etats-unis-fr\/miami-fr\/location-de-yacht-prive-a-miami\/\" \/>\n<meta property=\"og:locale\" content=\"fr_FR\" \/>\n<meta property=\"og:type\" content=\"article\" \/>\n<meta property=\"og:title\" content=\"Location de yacht priv\u00e9 \u00e0 Miami\" \/>\n<meta property=\"og:description\" content=\"Location de yacht priv\u00e9 \u00e0 Miami. Profitez d&#039;une demi-journ\u00e9e ou d&#039;une journ\u00e9e priv\u00e9e \u00e0 Miami et d&#039;une croisi\u00e8re priv\u00e9e. \u00c9quipage inclus et transport priv\u00e9 en option vers la marina\" \/>\n<meta property=\"og:url\" content=\"https:\/\/tourtravelandmore.com\/fr\/tours\/etats-unis-fr\/miami-fr\/location-de-yacht-prive-a-miami\/\" \/>\n<meta property=\"og:site_name\" content=\"Tour Travel And More\" \/>\n<meta property=\"article:publisher\" content=\"https:\/\/www.facebook.com\/tourtravelandmore\/\" \/>\n<meta property=\"article:modified_time\" content=\"2021-03-22T10:15:32+00:00\" \/>\n<meta property=\"og:image\" content=\"https:\/\/tourtravelandmore.com\/wp-content\/uploads\/2020\/08\/37-option.jpg\" \/>\n\t<meta property=\"og:image:width\" content=\"1300\" \/>\n\t<meta property=\"og:image:height\" content=\"625\" \/>\n\t<meta property=\"og:image:type\" content=\"image\/jpeg\" \/>\n<meta name=\"twitter:card\" content=\"summary_large_image\" \/>\n<meta name=\"twitter:site\" content=\"@TourTravel_More\" \/>\n<meta name=\"twitter:label1\" content=\"Dur\u00e9e de lecture estim\u00e9e\" \/>\n\t<meta name=\"twitter:data1\" content=\"2 minutes\" \/>\n<script type=\"application\/ld+json\" class=\"yoast-schema-graph\">{\"@context\":\"https:\/\/schema.org\",\"@graph\":[{\"@type\":\"WebPage\",\"@id\":\"https:\/\/tourtravelandmore.com\/fr\/tours\/etats-unis-fr\/miami-fr\/location-de-yacht-prive-a-miami\/\",\"url\":\"https:\/\/tourtravelandmore.com\/fr\/tours\/etats-unis-fr\/miami-fr\/location-de-yacht-prive-a-miami\/\",\"name\":\"Private Yacht Charters Miami - Croisi\u00e8re priv\u00e9e en yacht \u00e0 Miami\",\"isPartOf\":{\"@id\":\"https:\/\/tourtravelandmore.com\/fr\/#website\"},\"primaryImageOfPage\":{\"@id\":\"https:\/\/tourtravelandmore.com\/fr\/tours\/etats-unis-fr\/miami-fr\/location-de-yacht-prive-a-miami\/#primaryimage\"},\"image\":{\"@id\":\"https:\/\/tourtravelandmore.com\/fr\/tours\/etats-unis-fr\/miami-fr\/location-de-yacht-prive-a-miami\/#primaryimage\"},\"thumbnailUrl\":\"https:\/\/tourtravelandmore.com\/wp-content\/uploads\/2020\/08\/37-option.jpg\",\"datePublished\":\"2020-08-04T08:39:00+00:00\",\"dateModified\":\"2021-03-22T10:15:32+00:00\",\"description\":\"Location de yacht priv\u00e9 \u00e0 Miami. Profitez d'une demi-journ\u00e9e ou d'une journ\u00e9e priv\u00e9e \u00e0 Miami et d'une croisi\u00e8re priv\u00e9e. \u00c9quipage inclus et transport priv\u00e9 en option vers la marina\",\"breadcrumb\":{\"@id\":\"https:\/\/tourtravelandmore.com\/fr\/tours\/etats-unis-fr\/miami-fr\/location-de-yacht-prive-a-miami\/#breadcrumb\"},\"inLanguage\":\"fr-FR\",\"potentialAction\":[{\"@type\":\"ReadAction\",\"target\":[\"https:\/\/tourtravelandmore.com\/fr\/tours\/etats-unis-fr\/miami-fr\/location-de-yacht-prive-a-miami\/\"]}]},{\"@type\":\"ImageObject\",\"inLanguage\":\"fr-FR\",\"@id\":\"https:\/\/tourtravelandmore.com\/fr\/tours\/etats-unis-fr\/miami-fr\/location-de-yacht-prive-a-miami\/#primaryimage\",\"url\":\"https:\/\/tourtravelandmore.com\/wp-content\/uploads\/2020\/08\/37-option.jpg\",\"contentUrl\":\"https:\/\/tourtravelandmore.com\/wp-content\/uploads\/2020\/08\/37-option.jpg\",\"width\":1300,\"height\":625},{\"@type\":\"BreadcrumbList\",\"@id\":\"https:\/\/tourtravelandmore.com\/fr\/tours\/etats-unis-fr\/miami-fr\/location-de-yacht-prive-a-miami\/#breadcrumb\",\"itemListElement\":[{\"@type\":\"ListItem\",\"position\":1,\"name\":\"Home\",\"item\":\"https:\/\/tourtravelandmore.com\/fr\/\"},{\"@type\":\"ListItem\",\"position\":2,\"name\":\"Tours\",\"item\":\"https:\/\/tourtravelandmore.com\/fr\/tours\/\"},{\"@type\":\"ListItem\",\"position\":3,\"name\":\"Location de yacht priv\u00e9 \u00e0 Miami\"}]},{\"@type\":\"WebSite\",\"@id\":\"https:\/\/tourtravelandmore.com\/fr\/#website\",\"url\":\"https:\/\/tourtravelandmore.com\/fr\/\",\"name\":\"Tour Travel And More\",\"description\":\"Private sightseeing tours and luxury transfers in Spain\",\"publisher\":{\"@id\":\"https:\/\/tourtravelandmore.com\/fr\/#organization\"},\"potentialAction\":[{\"@type\":\"SearchAction\",\"target\":{\"@type\":\"EntryPoint\",\"urlTemplate\":\"https:\/\/tourtravelandmore.com\/fr\/?s={search_term_string}\"},\"query-input\":{\"@type\":\"PropertyValueSpecification\",\"valueRequired\":true,\"valueName\":\"search_term_string\"}}],\"inLanguage\":\"fr-FR\"},{\"@type\":\"Organization\",\"@id\":\"https:\/\/tourtravelandmore.com\/fr\/#organization\",\"name\":\"Tour Travel And More\",\"url\":\"https:\/\/tourtravelandmore.com\/fr\/\",\"logo\":{\"@type\":\"ImageObject\",\"inLanguage\":\"fr-FR\",\"@id\":\"https:\/\/tourtravelandmore.com\/fr\/#\/schema\/logo\/image\/\",\"url\":\"https:\/\/tourtravelandmore.com\/wp-content\/uploads\/2022\/12\/cropped-logo-cabecera-new.png\",\"contentUrl\":\"https:\/\/tourtravelandmore.com\/wp-content\/uploads\/2022\/12\/cropped-logo-cabecera-new.png\",\"width\":430,\"height\":61,\"caption\":\"Tour Travel And More\"},\"image\":{\"@id\":\"https:\/\/tourtravelandmore.com\/fr\/#\/schema\/logo\/image\/\"},\"sameAs\":[\"https:\/\/www.facebook.com\/tourtravelandmore\/\",\"https:\/\/x.com\/TourTravel_More\"]}]}<\/script>\n<!-- \/ Yoast SEO Premium plugin. -->","yoast_head_json":{"title":"Private Yacht Charters Miami - Croisi\u00e8re priv\u00e9e en yacht \u00e0 Miami","description":"Location de yacht priv\u00e9 \u00e0 Miami. Profitez d'une demi-journ\u00e9e ou d'une journ\u00e9e priv\u00e9e \u00e0 Miami et d'une croisi\u00e8re priv\u00e9e. \u00c9quipage inclus et transport priv\u00e9 en option vers la marina","robots":{"index":"index","follow":"follow","max-snippet":"max-snippet:-1","max-image-preview":"max-image-preview:large","max-video-preview":"max-video-preview:-1"},"canonical":"https:\/\/tourtravelandmore.com\/fr\/tours\/etats-unis-fr\/miami-fr\/location-de-yacht-prive-a-miami\/","og_locale":"fr_FR","og_type":"article","og_title":"Location de yacht priv\u00e9 \u00e0 Miami","og_description":"Location de yacht priv\u00e9 \u00e0 Miami. Profitez d'une demi-journ\u00e9e ou d'une journ\u00e9e priv\u00e9e \u00e0 Miami et d'une croisi\u00e8re priv\u00e9e. \u00c9quipage inclus et transport priv\u00e9 en option vers la marina","og_url":"https:\/\/tourtravelandmore.com\/fr\/tours\/etats-unis-fr\/miami-fr\/location-de-yacht-prive-a-miami\/","og_site_name":"Tour Travel And More","article_publisher":"https:\/\/www.facebook.com\/tourtravelandmore\/","article_modified_time":"2021-03-22T10:15:32+00:00","og_image":[{"width":1300,"height":625,"url":"https:\/\/tourtravelandmore.com\/wp-content\/uploads\/2020\/08\/37-option.jpg","type":"image\/jpeg"}],"twitter_card":"summary_large_image","twitter_site":"@TourTravel_More","twitter_misc":{"Dur\u00e9e de lecture estim\u00e9e":"2 minutes"},"schema":{"@context":"https:\/\/schema.org","@graph":[{"@type":"WebPage","@id":"https:\/\/tourtravelandmore.com\/fr\/tours\/etats-unis-fr\/miami-fr\/location-de-yacht-prive-a-miami\/","url":"https:\/\/tourtravelandmore.com\/fr\/tours\/etats-unis-fr\/miami-fr\/location-de-yacht-prive-a-miami\/","name":"Private Yacht Charters Miami - Croisi\u00e8re priv\u00e9e en yacht \u00e0 Miami","isPartOf":{"@id":"https:\/\/tourtravelandmore.com\/fr\/#website"},"primaryImageOfPage":{"@id":"https:\/\/tourtravelandmore.com\/fr\/tours\/etats-unis-fr\/miami-fr\/location-de-yacht-prive-a-miami\/#primaryimage"},"image":{"@id":"https:\/\/tourtravelandmore.com\/fr\/tours\/etats-unis-fr\/miami-fr\/location-de-yacht-prive-a-miami\/#primaryimage"},"thumbnailUrl":"https:\/\/tourtravelandmore.com\/wp-content\/uploads\/2020\/08\/37-option.jpg","datePublished":"2020-08-04T08:39:00+00:00","dateModified":"2021-03-22T10:15:32+00:00","description":"Location de yacht priv\u00e9 \u00e0 Miami. Profitez d'une demi-journ\u00e9e ou d'une journ\u00e9e priv\u00e9e \u00e0 Miami et d'une croisi\u00e8re priv\u00e9e. \u00c9quipage inclus et transport priv\u00e9 en option vers la marina","breadcrumb":{"@id":"https:\/\/tourtravelandmore.com\/fr\/tours\/etats-unis-fr\/miami-fr\/location-de-yacht-prive-a-miami\/#breadcrumb"},"inLanguage":"fr-FR","potentialAction":[{"@type":"ReadAction","target":["https:\/\/tourtravelandmore.com\/fr\/tours\/etats-unis-fr\/miami-fr\/location-de-yacht-prive-a-miami\/"]}]},{"@type":"ImageObject","inLanguage":"fr-FR","@id":"https:\/\/tourtravelandmore.com\/fr\/tours\/etats-unis-fr\/miami-fr\/location-de-yacht-prive-a-miami\/#primaryimage","url":"https:\/\/tourtravelandmore.com\/wp-content\/uploads\/2020\/08\/37-option.jpg","contentUrl":"https:\/\/tourtravelandmore.com\/wp-content\/uploads\/2020\/08\/37-option.jpg","width":1300,"height":625},{"@type":"BreadcrumbList","@id":"https:\/\/tourtravelandmore.com\/fr\/tours\/etats-unis-fr\/miami-fr\/location-de-yacht-prive-a-miami\/#breadcrumb","itemListElement":[{"@type":"ListItem","position":1,"name":"Home","item":"https:\/\/tourtravelandmore.com\/fr\/"},{"@type":"ListItem","position":2,"name":"Tours","item":"https:\/\/tourtravelandmore.com\/fr\/tours\/"},{"@type":"ListItem","position":3,"name":"Location de yacht priv\u00e9 \u00e0 Miami"}]},{"@type":"WebSite","@id":"https:\/\/tourtravelandmore.com\/fr\/#website","url":"https:\/\/tourtravelandmore.com\/fr\/","name":"Tour Travel And More","description":"Private sightseeing tours and luxury transfers in Spain","publisher":{"@id":"https:\/\/tourtravelandmore.com\/fr\/#organization"},"potentialAction":[{"@type":"SearchAction","target":{"@type":"EntryPoint","urlTemplate":"https:\/\/tourtravelandmore.com\/fr\/?s={search_term_string}"},"query-input":{"@type":"PropertyValueSpecification","valueRequired":true,"valueName":"search_term_string"}}],"inLanguage":"fr-FR"},{"@type":"Organization","@id":"https:\/\/tourtravelandmore.com\/fr\/#organization","name":"Tour Travel And More","url":"https:\/\/tourtravelandmore.com\/fr\/","logo":{"@type":"ImageObject","inLanguage":"fr-FR","@id":"https:\/\/tourtravelandmore.com\/fr\/#\/schema\/logo\/image\/","url":"https:\/\/tourtravelandmore.com\/wp-content\/uploads\/2022\/12\/cropped-logo-cabecera-new.png","contentUrl":"https:\/\/tourtravelandmore.com\/wp-content\/uploads\/2022\/12\/cropped-logo-cabecera-new.png","width":430,"height":61,"caption":"Tour Travel And More"},"image":{"@id":"https:\/\/tourtravelandmore.com\/fr\/#\/schema\/logo\/image\/"},"sameAs":["https:\/\/www.facebook.com\/tourtravelandmore\/","https:\/\/x.com\/TourTravel_More"]}]}},"_links":{"self":[{"href":"https:\/\/tourtravelandmore.com\/fr\/wp-json\/wp\/v2\/product\/104622","targetHints":{"allow":["GET"]}}],"collection":[{"href":"https:\/\/tourtravelandmore.com\/fr\/wp-json\/wp\/v2\/product"}],"about":[{"href":"https:\/\/tourtravelandmore.com\/fr\/wp-json\/wp\/v2\/types\/product"}],"replies":[{"embeddable":true,"href":"https:\/\/tourtravelandmore.com\/fr\/wp-json\/wp\/v2\/comments?post=104622"}],"wp:featuredmedia":[{"embeddable":true,"href":"https:\/\/tourtravelandmore.com\/fr\/wp-json\/wp\/v2\/media\/82001"}],"wp:attachment":[{"href":"https:\/\/tourtravelandmore.com\/fr\/wp-json\/wp\/v2\/media?parent=104622"}],"wp:term":[{"taxonomy":"product_brand","embeddable":true,"href":"https:\/\/tourtravelandmore.com\/fr\/wp-json\/wp\/v2\/product_brand?post=104622"},{"taxonomy":"product_cat","embeddable":true,"href":"https:\/\/tourtravelandmore.com\/fr\/wp-json\/wp\/v2\/product_cat?post=104622"},{"taxonomy":"product_tag","embeddable":true,"href":"https:\/\/tourtravelandmore.com\/fr\/wp-json\/wp\/v2\/product_tag?post=104622"}],"curies":[{"name":"wp","href":"https:\/\/api.w.org\/{rel}","templated":true}]}}